{"id":5494,"date":"2026-02-03T19:39:51","date_gmt":"2026-02-03T17:39:51","guid":{"rendered":"https:\/\/jucarii-lemn-online.ro\/?post_type=product&#038;p=5494"},"modified":"2026-02-03T19:43:56","modified_gmt":"2026-02-03T17:43:56","slug":"figurine-din-lemn-natur-tip-sah-cal-5-cm","status":"publish","type":"product","link":"https:\/\/jucarii-lemn-online.ro\/hu\/produs\/figurine-din-lemn-natur-tip-sah-cal-5-cm\/","title":{"rendered":"Figurine din lemn natur tip \u0219ah &#8211; cal (5 cm)"},"content":{"rendered":"<div class=\"std\">\n<p>Set de figurine din lemn natur, potrivite pentru multiple tehnici de decorare \u0219i personalizare.<\/p>\n<p>Con\u021bine 4 buc\u0103\u021bi, cu\u00a0 \u00een\u0103l\u021bime aprox. de 5 cm.<\/p>\n<\/div>\n","protected":false},"excerpt":{"rendered":"<div class=\"std\">\n<div class=\"std\">\n<p>Set de figurine din lemn natur, potrivite pentru multiple tehnici de decorare \u0219i personalizare.<\/p>\n<p>Con\u021bine 4 buc\u0103\u021bi, cu\u00a0 \u00een\u0103l\u021bime aprox. de 5 cm.<\/p>\n<\/div>\n<\/div>\n","protected":false},"featured_media":5495,"template":"","meta":[],"product_brand":[],"product_cat":[259],"product_tag":[],"class_list":{"0":"post-5494","1":"product","2":"type-product","3":"status-publish","4":"has-post-thumbnail","6":"product_cat-casute","8":"first","9":"instock","10":"shipping-taxable","11":"purchasable","12":"product-type-simple"},"yoast_head":"<!-- This site is optimized with the Yoast SEO plugin v24.5 - https:\/\/yoast.com\/wordpress\/plugins\/seo\/ -->\n<title>Figurine din lemn natur tip \u0219ah - cal (5 cm) - Juc\u0103rii din lemn fabricate \u00een Rom\u00e2nia!<\/title>\n<meta name=\"description\" content=\"Set de figurine din lemn natur, potrivite pentru multiple tehnici de decorare \u0219i personalizare.Con\u021bine 4 buc\u0103\u021bi, cu\u00a0 \u00een\u0103l\u021bime aprox. de 5 cm.\" \/>\n<meta name=\"robots\" content=\"index, follow, max-snippet:-1, max-image-preview:large, max-video-preview:-1\" \/>\n<link rel=\"canonical\" href=\"https:\/\/jucarii-lemn-online.ro\/produs\/figurine-din-lemn-natur-tip-sah-cal-5-cm\/\" \/>\n<meta property=\"og:locale\" content=\"hu_HU\" \/>\n<meta property=\"og:type\" content=\"article\" \/>\n<meta property=\"og:title\" content=\"Figurine din lemn natur tip \u0219ah - cal (5 cm) - Juc\u0103rii din lemn fabricate \u00een Rom\u00e2nia!\" \/>\n<meta property=\"og:description\" content=\"Set de figurine din lemn natur, potrivite pentru multiple tehnici de decorare \u0219i personalizare.Con\u021bine 4 buc\u0103\u021bi, cu\u00a0 \u00een\u0103l\u021bime aprox. de 5 cm.\" \/>\n<meta property=\"og:url\" content=\"https:\/\/jucarii-lemn-online.ro\/produs\/figurine-din-lemn-natur-tip-sah-cal-5-cm\/\" \/>\n<meta property=\"og:site_name\" content=\"Juc\u0103rii din lemn fabricate \u00een Rom\u00e2nia!\" \/>\n<meta property=\"article:modified_time\" content=\"2026-02-03T17:43:56+00:00\" \/>\n<meta property=\"og:image\" content=\"https:\/\/jucarii-lemn-online.ro\/wp-content\/uploads\/2026\/02\/file_0000000026e071f4b566dd3e11f74569.png\" \/>\n\t<meta property=\"og:image:width\" content=\"1536\" \/>\n\t<meta property=\"og:image:height\" content=\"1024\" \/>\n\t<meta property=\"og:image:type\" content=\"image\/png\" \/>\n<meta name=\"twitter:card\" content=\"summary_large_image\" \/>\n<meta name=\"twitter:label1\" content=\"Becs\u00fclt olvas\u00e1si id\u0151\" \/>\n\t<meta name=\"twitter:data1\" content=\"1 perc\" \/>\n<script type=\"application\/ld+json\" class=\"yoast-schema-graph\">{\"@context\":\"https:\/\/schema.org\",\"@graph\":[{\"@type\":\"WebPage\",\"@id\":\"https:\/\/jucarii-lemn-online.ro\/produs\/figurine-din-lemn-natur-tip-sah-cal-5-cm\/\",\"url\":\"https:\/\/jucarii-lemn-online.ro\/produs\/figurine-din-lemn-natur-tip-sah-cal-5-cm\/\",\"name\":\"Figurine din lemn natur tip \u0219ah - cal (5 cm) - Juc\u0103rii din lemn fabricate \u00een Rom\u00e2nia!\",\"isPartOf\":{\"@id\":\"https:\/\/jucarii-lemn-online.ro\/#website\"},\"primaryImageOfPage\":{\"@id\":\"https:\/\/jucarii-lemn-online.ro\/produs\/figurine-din-lemn-natur-tip-sah-cal-5-cm\/#primaryimage\"},\"image\":{\"@id\":\"https:\/\/jucarii-lemn-online.ro\/produs\/figurine-din-lemn-natur-tip-sah-cal-5-cm\/#primaryimage\"},\"thumbnailUrl\":\"https:\/\/jucarii-lemn-online.ro\/wp-content\/uploads\/2026\/02\/file_0000000026e071f4b566dd3e11f74569.png\",\"datePublished\":\"2026-02-03T17:39:51+00:00\",\"dateModified\":\"2026-02-03T17:43:56+00:00\",\"description\":\"Set de figurine din lemn natur, potrivite pentru multiple tehnici de decorare \u0219i personalizare.Con\u021bine 4 buc\u0103\u021bi, cu\u00a0 \u00een\u0103l\u021bime aprox. de 5 cm.\",\"breadcrumb\":{\"@id\":\"https:\/\/jucarii-lemn-online.ro\/produs\/figurine-din-lemn-natur-tip-sah-cal-5-cm\/#breadcrumb\"},\"inLanguage\":\"hu\",\"potentialAction\":[{\"@type\":\"ReadAction\",\"target\":[\"https:\/\/jucarii-lemn-online.ro\/produs\/figurine-din-lemn-natur-tip-sah-cal-5-cm\/\"]}]},{\"@type\":\"ImageObject\",\"inLanguage\":\"hu\",\"@id\":\"https:\/\/jucarii-lemn-online.ro\/produs\/figurine-din-lemn-natur-tip-sah-cal-5-cm\/#primaryimage\",\"url\":\"https:\/\/jucarii-lemn-online.ro\/wp-content\/uploads\/2026\/02\/file_0000000026e071f4b566dd3e11f74569.png\",\"contentUrl\":\"https:\/\/jucarii-lemn-online.ro\/wp-content\/uploads\/2026\/02\/file_0000000026e071f4b566dd3e11f74569.png\",\"width\":1536,\"height\":1024},{\"@type\":\"BreadcrumbList\",\"@id\":\"https:\/\/jucarii-lemn-online.ro\/produs\/figurine-din-lemn-natur-tip-sah-cal-5-cm\/#breadcrumb\",\"itemListElement\":[{\"@type\":\"ListItem\",\"position\":1,\"name\":\"Prima pagin\u0103\",\"item\":\"https:\/\/jucarii-lemn-online.ro\/hu\/\"},{\"@type\":\"ListItem\",\"position\":2,\"name\":\"Shop\",\"item\":\"https:\/\/jucarii-lemn-online.ro\/hu\/shop-2\/\"},{\"@type\":\"ListItem\",\"position\":3,\"name\":\"Figurine din lemn natur tip \u0219ah &#8211; cal (5 cm)\"}]},{\"@type\":\"WebSite\",\"@id\":\"https:\/\/jucarii-lemn-online.ro\/#website\",\"url\":\"https:\/\/jucarii-lemn-online.ro\/\",\"name\":\"Juc\u0103rii din lemn fabricate \u00een Rom\u00e2nia!\",\"description\":\"Juc\u0103rii din lemn fabricate \u00een Rom\u00e2nia!\",\"potentialAction\":[{\"@type\":\"SearchAction\",\"target\":{\"@type\":\"EntryPoint\",\"urlTemplate\":\"https:\/\/jucarii-lemn-online.ro\/?s={search_term_string}\"},\"query-input\":{\"@type\":\"PropertyValueSpecification\",\"valueRequired\":true,\"valueName\":\"search_term_string\"}}],\"inLanguage\":\"hu\"}]}<\/script>\n<!-- \/ Yoast SEO plugin. -->","yoast_head_json":{"title":"Figurine din lemn natur tip \u0219ah - cal (5 cm) - Juc\u0103rii din lemn fabricate \u00een Rom\u00e2nia!","description":"Set de figurine din lemn natur, potrivite pentru multiple tehnici de decorare \u0219i personalizare.Con\u021bine 4 buc\u0103\u021bi, cu\u00a0 \u00een\u0103l\u021bime aprox. de 5 cm.","robots":{"index":"index","follow":"follow","max-snippet":"max-snippet:-1","max-image-preview":"max-image-preview:large","max-video-preview":"max-video-preview:-1"},"canonical":"https:\/\/jucarii-lemn-online.ro\/produs\/figurine-din-lemn-natur-tip-sah-cal-5-cm\/","og_locale":"hu_HU","og_type":"article","og_title":"Figurine din lemn natur tip \u0219ah - cal (5 cm) - Juc\u0103rii din lemn fabricate \u00een Rom\u00e2nia!","og_description":"Set de figurine din lemn natur, potrivite pentru multiple tehnici de decorare \u0219i personalizare.Con\u021bine 4 buc\u0103\u021bi, cu\u00a0 \u00een\u0103l\u021bime aprox. de 5 cm.","og_url":"https:\/\/jucarii-lemn-online.ro\/produs\/figurine-din-lemn-natur-tip-sah-cal-5-cm\/","og_site_name":"Juc\u0103rii din lemn fabricate \u00een Rom\u00e2nia!","article_modified_time":"2026-02-03T17:43:56+00:00","og_image":[{"width":1536,"height":1024,"url":"https:\/\/jucarii-lemn-online.ro\/wp-content\/uploads\/2026\/02\/file_0000000026e071f4b566dd3e11f74569.png","type":"image\/png"}],"twitter_card":"summary_large_image","twitter_misc":{"Becs\u00fclt olvas\u00e1si id\u0151":"1 perc"},"schema":{"@context":"https:\/\/schema.org","@graph":[{"@type":"WebPage","@id":"https:\/\/jucarii-lemn-online.ro\/produs\/figurine-din-lemn-natur-tip-sah-cal-5-cm\/","url":"https:\/\/jucarii-lemn-online.ro\/produs\/figurine-din-lemn-natur-tip-sah-cal-5-cm\/","name":"Figurine din lemn natur tip \u0219ah - cal (5 cm) - Juc\u0103rii din lemn fabricate \u00een Rom\u00e2nia!","isPartOf":{"@id":"https:\/\/jucarii-lemn-online.ro\/#website"},"primaryImageOfPage":{"@id":"https:\/\/jucarii-lemn-online.ro\/produs\/figurine-din-lemn-natur-tip-sah-cal-5-cm\/#primaryimage"},"image":{"@id":"https:\/\/jucarii-lemn-online.ro\/produs\/figurine-din-lemn-natur-tip-sah-cal-5-cm\/#primaryimage"},"thumbnailUrl":"https:\/\/jucarii-lemn-online.ro\/wp-content\/uploads\/2026\/02\/file_0000000026e071f4b566dd3e11f74569.png","datePublished":"2026-02-03T17:39:51+00:00","dateModified":"2026-02-03T17:43:56+00:00","description":"Set de figurine din lemn natur, potrivite pentru multiple tehnici de decorare \u0219i personalizare.Con\u021bine 4 buc\u0103\u021bi, cu\u00a0 \u00een\u0103l\u021bime aprox. de 5 cm.","breadcrumb":{"@id":"https:\/\/jucarii-lemn-online.ro\/produs\/figurine-din-lemn-natur-tip-sah-cal-5-cm\/#breadcrumb"},"inLanguage":"hu","potentialAction":[{"@type":"ReadAction","target":["https:\/\/jucarii-lemn-online.ro\/produs\/figurine-din-lemn-natur-tip-sah-cal-5-cm\/"]}]},{"@type":"ImageObject","inLanguage":"hu","@id":"https:\/\/jucarii-lemn-online.ro\/produs\/figurine-din-lemn-natur-tip-sah-cal-5-cm\/#primaryimage","url":"https:\/\/jucarii-lemn-online.ro\/wp-content\/uploads\/2026\/02\/file_0000000026e071f4b566dd3e11f74569.png","contentUrl":"https:\/\/jucarii-lemn-online.ro\/wp-content\/uploads\/2026\/02\/file_0000000026e071f4b566dd3e11f74569.png","width":1536,"height":1024},{"@type":"BreadcrumbList","@id":"https:\/\/jucarii-lemn-online.ro\/produs\/figurine-din-lemn-natur-tip-sah-cal-5-cm\/#breadcrumb","itemListElement":[{"@type":"ListItem","position":1,"name":"Prima pagin\u0103","item":"https:\/\/jucarii-lemn-online.ro\/hu\/"},{"@type":"ListItem","position":2,"name":"Shop","item":"https:\/\/jucarii-lemn-online.ro\/hu\/shop-2\/"},{"@type":"ListItem","position":3,"name":"Figurine din lemn natur tip \u0219ah &#8211; cal (5 cm)"}]},{"@type":"WebSite","@id":"https:\/\/jucarii-lemn-online.ro\/#website","url":"https:\/\/jucarii-lemn-online.ro\/","name":"Juc\u0103rii din lemn fabricate \u00een Rom\u00e2nia!","description":"Juc\u0103rii din lemn fabricate \u00een Rom\u00e2nia!","potentialAction":[{"@type":"SearchAction","target":{"@type":"EntryPoint","urlTemplate":"https:\/\/jucarii-lemn-online.ro\/?s={search_term_string}"},"query-input":{"@type":"PropertyValueSpecification","valueRequired":true,"valueName":"search_term_string"}}],"inLanguage":"hu"}]}},"_links":{"self":[{"href":"https:\/\/jucarii-lemn-online.ro\/hu\/wp-json\/wp\/v2\/product\/5494","targetHints":{"allow":["GET"]}}],"collection":[{"href":"https:\/\/jucarii-lemn-online.ro\/hu\/wp-json\/wp\/v2\/product"}],"about":[{"href":"https:\/\/jucarii-lemn-online.ro\/hu\/wp-json\/wp\/v2\/types\/product"}],"wp:featuredmedia":[{"embeddable":true,"href":"https:\/\/jucarii-lemn-online.ro\/hu\/wp-json\/wp\/v2\/media\/5495"}],"wp:attachment":[{"href":"https:\/\/jucarii-lemn-online.ro\/hu\/wp-json\/wp\/v2\/media?parent=5494"}],"wp:term":[{"taxonomy":"product_brand","embeddable":true,"href":"https:\/\/jucarii-lemn-online.ro\/hu\/wp-json\/wp\/v2\/product_brand?post=5494"},{"taxonomy":"product_cat","embeddable":true,"href":"https:\/\/jucarii-lemn-online.ro\/hu\/wp-json\/wp\/v2\/product_cat?post=5494"},{"taxonomy":"product_tag","embeddable":true,"href":"https:\/\/jucarii-lemn-online.ro\/hu\/wp-json\/wp\/v2\/product_tag?post=5494"}],"curies":[{"name":"wp","href":"https:\/\/api.w.org\/{rel}","templated":true}]}}