{"id":5164,"date":"2025-10-20T13:43:19","date_gmt":"2025-10-20T11:43:19","guid":{"rendered":"https:\/\/jucarii-lemn-online.ro\/?post_type=product&#038;p=5164"},"modified":"2026-03-06T10:57:15","modified_gmt":"2026-03-06T08:57:15","slug":"yoyo","status":"publish","type":"product","link":"https:\/\/jucarii-lemn-online.ro\/hu\/produs\/yoyo\/","title":{"rendered":"Yoyo"},"content":{"rendered":"<p data-start=\"335\" data-end=\"363\"><strong data-start=\"335\" data-end=\"363\">Yo-yo din lemn de stejar<\/strong><\/p>\n<p data-start=\"365\" data-end=\"543\">Un joc clasic, mereu actual! Realizat din lemn de stejar, acest yo-yo ajut\u0103 copiii (\u0219i adul\u021bii!) s\u0103-\u0219i dezvolte concentrarea \u0219i mi\u0219c\u0103rile fine.<br data-start=\"508\" data-end=\"511\" \/>\ud83d\udccf Dimensiune: aprox. 5 \u00d7 3 cm<\/p>\n","protected":false},"excerpt":{"rendered":"<p data-start=\"639\" data-end=\"830\">Creat cu grij\u0103 din lemn de stejar solid, acest yo-yo combin\u0103 tradi\u021bia cu simplitatea natural\u0103. Jocul perfect pentru dezvoltarea concentr\u0103rii \u0219i a coordon\u0103rii fine.<br data-start=\"802\" data-end=\"805\" \/>\ud83d\udcd0 Dimensiune: 5 \u00d7 3 cm<\/p>\n","protected":false},"featured_media":5178,"template":"","meta":[],"product_brand":[],"product_cat":[266],"product_tag":[272,270,271,269],"class_list":{"0":"post-5164","1":"product","2":"type-product","3":"status-publish","4":"has-post-thumbnail","6":"product_cat-knb-toys","7":"product_tag-distractie","8":"product_tag-indemanare","9":"product_tag-micari-fine","10":"product_tag-yoyo","12":"first","13":"instock","14":"shipping-taxable","15":"purchasable","16":"product-type-simple"},"yoast_head":"<!-- This site is optimized with the Yoast SEO plugin v24.5 - https:\/\/yoast.com\/wordpress\/plugins\/seo\/ -->\n<title>Yoyo - Juc\u0103rii din lemn fabricate \u00een Rom\u00e2nia!<\/title>\n<meta name=\"description\" content=\"Yo-yo din lemn \u2013 Clasicul care nu se demodeaz\u0103!Fabricat din stejar, ideal pentru distrac\u021bie \u0219i dezvoltare.\" \/>\n<meta name=\"robots\" content=\"index, follow, max-snippet:-1, max-image-preview:large, max-video-preview:-1\" \/>\n<link rel=\"canonical\" href=\"https:\/\/jucarii-lemn-online.ro\/produs\/yoyo\/\" \/>\n<meta property=\"og:locale\" content=\"hu_HU\" \/>\n<meta property=\"og:type\" content=\"article\" \/>\n<meta property=\"og:title\" content=\"Yoyo - Juc\u0103rii din lemn fabricate \u00een Rom\u00e2nia!\" \/>\n<meta property=\"og:description\" content=\"Yo-yo din lemn \u2013 Clasicul care nu se demodeaz\u0103!Fabricat din stejar, ideal pentru distrac\u021bie \u0219i dezvoltare.\" \/>\n<meta property=\"og:url\" content=\"https:\/\/jucarii-lemn-online.ro\/produs\/yoyo\/\" \/>\n<meta property=\"og:site_name\" content=\"Juc\u0103rii din lemn fabricate \u00een Rom\u00e2nia!\" \/>\n<meta property=\"article:modified_time\" content=\"2026-03-06T08:57:15+00:00\" \/>\n<meta property=\"og:image\" content=\"https:\/\/jucarii-lemn-online.ro\/wp-content\/uploads\/2025\/10\/WhatsApp-Image-2025-10-19-at-15.32.50.jpeg\" \/>\n\t<meta property=\"og:image:width\" content=\"2048\" \/>\n\t<meta property=\"og:image:height\" content=\"1362\" \/>\n\t<meta property=\"og:image:type\" content=\"image\/jpeg\" \/>\n<meta name=\"twitter:card\" content=\"summary_large_image\" \/>\n<meta name=\"twitter:label1\" content=\"Becs\u00fclt olvas\u00e1si id\u0151\" \/>\n\t<meta name=\"twitter:data1\" content=\"1 perc\" \/>\n<script type=\"application\/ld+json\" class=\"yoast-schema-graph\">{\"@context\":\"https:\/\/schema.org\",\"@graph\":[{\"@type\":\"WebPage\",\"@id\":\"https:\/\/jucarii-lemn-online.ro\/produs\/yoyo\/\",\"url\":\"https:\/\/jucarii-lemn-online.ro\/produs\/yoyo\/\",\"name\":\"Yoyo - Juc\u0103rii din lemn fabricate \u00een Rom\u00e2nia!\",\"isPartOf\":{\"@id\":\"https:\/\/jucarii-lemn-online.ro\/#website\"},\"primaryImageOfPage\":{\"@id\":\"https:\/\/jucarii-lemn-online.ro\/produs\/yoyo\/#primaryimage\"},\"image\":{\"@id\":\"https:\/\/jucarii-lemn-online.ro\/produs\/yoyo\/#primaryimage\"},\"thumbnailUrl\":\"https:\/\/jucarii-lemn-online.ro\/wp-content\/uploads\/2025\/10\/WhatsApp-Image-2025-10-19-at-15.32.50.jpeg\",\"datePublished\":\"2025-10-20T11:43:19+00:00\",\"dateModified\":\"2026-03-06T08:57:15+00:00\",\"description\":\"Yo-yo din lemn \u2013 Clasicul care nu se demodeaz\u0103!Fabricat din stejar, ideal pentru distrac\u021bie \u0219i dezvoltare.\",\"breadcrumb\":{\"@id\":\"https:\/\/jucarii-lemn-online.ro\/produs\/yoyo\/#breadcrumb\"},\"inLanguage\":\"hu\",\"potentialAction\":[{\"@type\":\"ReadAction\",\"target\":[\"https:\/\/jucarii-lemn-online.ro\/produs\/yoyo\/\"]}]},{\"@type\":\"ImageObject\",\"inLanguage\":\"hu\",\"@id\":\"https:\/\/jucarii-lemn-online.ro\/produs\/yoyo\/#primaryimage\",\"url\":\"https:\/\/jucarii-lemn-online.ro\/wp-content\/uploads\/2025\/10\/WhatsApp-Image-2025-10-19-at-15.32.50.jpeg\",\"contentUrl\":\"https:\/\/jucarii-lemn-online.ro\/wp-content\/uploads\/2025\/10\/WhatsApp-Image-2025-10-19-at-15.32.50.jpeg\",\"width\":2048,\"height\":1362},{\"@type\":\"BreadcrumbList\",\"@id\":\"https:\/\/jucarii-lemn-online.ro\/produs\/yoyo\/#breadcrumb\",\"itemListElement\":[{\"@type\":\"ListItem\",\"position\":1,\"name\":\"Prima pagin\u0103\",\"item\":\"https:\/\/jucarii-lemn-online.ro\/hu\/\"},{\"@type\":\"ListItem\",\"position\":2,\"name\":\"Shop\",\"item\":\"https:\/\/jucarii-lemn-online.ro\/hu\/shop-2\/\"},{\"@type\":\"ListItem\",\"position\":3,\"name\":\"Yoyo\"}]},{\"@type\":\"WebSite\",\"@id\":\"https:\/\/jucarii-lemn-online.ro\/#website\",\"url\":\"https:\/\/jucarii-lemn-online.ro\/\",\"name\":\"Juc\u0103rii din lemn fabricate \u00een Rom\u00e2nia!\",\"description\":\"Juc\u0103rii din lemn fabricate \u00een Rom\u00e2nia!\",\"potentialAction\":[{\"@type\":\"SearchAction\",\"target\":{\"@type\":\"EntryPoint\",\"urlTemplate\":\"https:\/\/jucarii-lemn-online.ro\/?s={search_term_string}\"},\"query-input\":{\"@type\":\"PropertyValueSpecification\",\"valueRequired\":true,\"valueName\":\"search_term_string\"}}],\"inLanguage\":\"hu\"}]}<\/script>\n<!-- \/ Yoast SEO plugin. -->","yoast_head_json":{"title":"Yoyo - Juc\u0103rii din lemn fabricate \u00een Rom\u00e2nia!","description":"Yo-yo din lemn \u2013 Clasicul care nu se demodeaz\u0103!Fabricat din stejar, ideal pentru distrac\u021bie \u0219i dezvoltare.","robots":{"index":"index","follow":"follow","max-snippet":"max-snippet:-1","max-image-preview":"max-image-preview:large","max-video-preview":"max-video-preview:-1"},"canonical":"https:\/\/jucarii-lemn-online.ro\/produs\/yoyo\/","og_locale":"hu_HU","og_type":"article","og_title":"Yoyo - Juc\u0103rii din lemn fabricate \u00een Rom\u00e2nia!","og_description":"Yo-yo din lemn \u2013 Clasicul care nu se demodeaz\u0103!Fabricat din stejar, ideal pentru distrac\u021bie \u0219i dezvoltare.","og_url":"https:\/\/jucarii-lemn-online.ro\/produs\/yoyo\/","og_site_name":"Juc\u0103rii din lemn fabricate \u00een Rom\u00e2nia!","article_modified_time":"2026-03-06T08:57:15+00:00","og_image":[{"width":2048,"height":1362,"url":"https:\/\/jucarii-lemn-online.ro\/wp-content\/uploads\/2025\/10\/WhatsApp-Image-2025-10-19-at-15.32.50.jpeg","type":"image\/jpeg"}],"twitter_card":"summary_large_image","twitter_misc":{"Becs\u00fclt olvas\u00e1si id\u0151":"1 perc"},"schema":{"@context":"https:\/\/schema.org","@graph":[{"@type":"WebPage","@id":"https:\/\/jucarii-lemn-online.ro\/produs\/yoyo\/","url":"https:\/\/jucarii-lemn-online.ro\/produs\/yoyo\/","name":"Yoyo - Juc\u0103rii din lemn fabricate \u00een Rom\u00e2nia!","isPartOf":{"@id":"https:\/\/jucarii-lemn-online.ro\/#website"},"primaryImageOfPage":{"@id":"https:\/\/jucarii-lemn-online.ro\/produs\/yoyo\/#primaryimage"},"image":{"@id":"https:\/\/jucarii-lemn-online.ro\/produs\/yoyo\/#primaryimage"},"thumbnailUrl":"https:\/\/jucarii-lemn-online.ro\/wp-content\/uploads\/2025\/10\/WhatsApp-Image-2025-10-19-at-15.32.50.jpeg","datePublished":"2025-10-20T11:43:19+00:00","dateModified":"2026-03-06T08:57:15+00:00","description":"Yo-yo din lemn \u2013 Clasicul care nu se demodeaz\u0103!Fabricat din stejar, ideal pentru distrac\u021bie \u0219i dezvoltare.","breadcrumb":{"@id":"https:\/\/jucarii-lemn-online.ro\/produs\/yoyo\/#breadcrumb"},"inLanguage":"hu","potentialAction":[{"@type":"ReadAction","target":["https:\/\/jucarii-lemn-online.ro\/produs\/yoyo\/"]}]},{"@type":"ImageObject","inLanguage":"hu","@id":"https:\/\/jucarii-lemn-online.ro\/produs\/yoyo\/#primaryimage","url":"https:\/\/jucarii-lemn-online.ro\/wp-content\/uploads\/2025\/10\/WhatsApp-Image-2025-10-19-at-15.32.50.jpeg","contentUrl":"https:\/\/jucarii-lemn-online.ro\/wp-content\/uploads\/2025\/10\/WhatsApp-Image-2025-10-19-at-15.32.50.jpeg","width":2048,"height":1362},{"@type":"BreadcrumbList","@id":"https:\/\/jucarii-lemn-online.ro\/produs\/yoyo\/#breadcrumb","itemListElement":[{"@type":"ListItem","position":1,"name":"Prima pagin\u0103","item":"https:\/\/jucarii-lemn-online.ro\/hu\/"},{"@type":"ListItem","position":2,"name":"Shop","item":"https:\/\/jucarii-lemn-online.ro\/hu\/shop-2\/"},{"@type":"ListItem","position":3,"name":"Yoyo"}]},{"@type":"WebSite","@id":"https:\/\/jucarii-lemn-online.ro\/#website","url":"https:\/\/jucarii-lemn-online.ro\/","name":"Juc\u0103rii din lemn fabricate \u00een Rom\u00e2nia!","description":"Juc\u0103rii din lemn fabricate \u00een Rom\u00e2nia!","potentialAction":[{"@type":"SearchAction","target":{"@type":"EntryPoint","urlTemplate":"https:\/\/jucarii-lemn-online.ro\/?s={search_term_string}"},"query-input":{"@type":"PropertyValueSpecification","valueRequired":true,"valueName":"search_term_string"}}],"inLanguage":"hu"}]}},"_links":{"self":[{"href":"https:\/\/jucarii-lemn-online.ro\/hu\/wp-json\/wp\/v2\/product\/5164","targetHints":{"allow":["GET"]}}],"collection":[{"href":"https:\/\/jucarii-lemn-online.ro\/hu\/wp-json\/wp\/v2\/product"}],"about":[{"href":"https:\/\/jucarii-lemn-online.ro\/hu\/wp-json\/wp\/v2\/types\/product"}],"wp:featuredmedia":[{"embeddable":true,"href":"https:\/\/jucarii-lemn-online.ro\/hu\/wp-json\/wp\/v2\/media\/5178"}],"wp:attachment":[{"href":"https:\/\/jucarii-lemn-online.ro\/hu\/wp-json\/wp\/v2\/media?parent=5164"}],"wp:term":[{"taxonomy":"product_brand","embeddable":true,"href":"https:\/\/jucarii-lemn-online.ro\/hu\/wp-json\/wp\/v2\/product_brand?post=5164"},{"taxonomy":"product_cat","embeddable":true,"href":"https:\/\/jucarii-lemn-online.ro\/hu\/wp-json\/wp\/v2\/product_cat?post=5164"},{"taxonomy":"product_tag","embeddable":true,"href":"https:\/\/jucarii-lemn-online.ro\/hu\/wp-json\/wp\/v2\/product_tag?post=5164"}],"curies":[{"name":"wp","href":"https:\/\/api.w.org\/{rel}","templated":true}]}}