{"id":5146,"date":"2025-10-08T20:18:58","date_gmt":"2025-10-08T18:18:58","guid":{"rendered":"https:\/\/jucarii-lemn-online.ro\/?post_type=product&#038;p=5146"},"modified":"2026-04-14T20:20:17","modified_gmt":"2026-04-14T18:20:17","slug":"pompier-figurina-decorativa-din-lemn","status":"publish","type":"product","link":"https:\/\/jucarii-lemn-online.ro\/hu\/produs\/pompier-figurina-decorativa-din-lemn\/","title":{"rendered":"Pompier &#8211; figurin\u0103 decorativ\u0103 din lemn"},"content":{"rendered":"<div class=\"std\">\n<p data-start=\"475\" data-end=\"760\">Dintr-o bucat\u0103 de lemn \u0219i o idee frumoas\u0103 s-a n\u0103scut aceast\u0103 figurin\u0103 \u2013 lucrat\u0103 manual, unic\u0103 \u0219i plin\u0103 de caracter. Face parte dintr-o serie de colec\u021bie care celebreaz\u0103 me\u0219te\u0219ugul tradi\u021bional \u0219i valoarea lucrului f\u0103cut cu suflet. Un suvenir care p\u0103streaz\u0103 o poveste \u00een fiecare detaliu.<\/p>\n<p data-start=\"475\" data-end=\"760\">Contraindicat copiilor sub 3 ani, con\u021bine piese mici deta\u0219abile, care pot fi \u00eenghi\u021bite.<\/p>\n<p>Made in RO!<\/p>\n<\/div>\n","protected":false},"excerpt":{"rendered":"<div class=\"std\">\n<p>Parte dintr-o serie de colec\u021bie, aceast\u0103 figurin\u0103 din lemn este creat\u0103 manual, cu pasiune \u0219i precizie. Fiecare detaliu reflect\u0103 m\u0103iestria me\u0219terului \u0219i caracterul unic al lemnului. Un suvenir elegant, perfect pentru cei care apreciaz\u0103 obiectele artizanale cu personalitate.<\/p>\n<\/div>\n","protected":false},"featured_media":5150,"template":"","meta":[],"product_brand":[],"product_cat":[206],"product_tag":[163,209,133],"class_list":{"0":"post-5146","1":"product","2":"type-product","3":"status-publish","4":"has-post-thumbnail","6":"product_cat-pista-ba","7":"product_tag-figurina","8":"product_tag-maci","9":"product_tag-ursulet","11":"first","12":"instock","13":"sale","14":"shipping-taxable","15":"purchasable","16":"product-type-simple"},"yoast_head":"<!-- This site is optimized with the Yoast SEO plugin v24.5 - https:\/\/yoast.com\/wordpress\/plugins\/seo\/ -->\n<title>Pompier - figurin\u0103 decorativ\u0103 din lemn - Juc\u0103rii din lemn fabricate \u00een Rom\u00e2nia!<\/title>\n<meta name=\"description\" content=\"Parte dintr-o serie de colec\u021bie, aceast\u0103 figurin\u0103 din lemn este creat\u0103 manual, cu pasiune \u0219i precizie. Fiecare detaliu reflect\u0103 m\u0103iestria me\u0219terului \u0219i caracterul unic al lemnului. Un suvenir elegant, perfect pentru cei care apreciaz\u0103 obiectele artizanale cu personalitate.\" \/>\n<meta name=\"robots\" content=\"index, follow, max-snippet:-1, max-image-preview:large, max-video-preview:-1\" \/>\n<link rel=\"canonical\" href=\"https:\/\/jucarii-lemn-online.ro\/produs\/pompier-figurina-decorativa-din-lemn\/\" \/>\n<meta property=\"og:locale\" content=\"hu_HU\" \/>\n<meta property=\"og:type\" content=\"article\" \/>\n<meta property=\"og:title\" content=\"Pompier - figurin\u0103 decorativ\u0103 din lemn - Juc\u0103rii din lemn fabricate \u00een Rom\u00e2nia!\" \/>\n<meta property=\"og:description\" content=\"Parte dintr-o serie de colec\u021bie, aceast\u0103 figurin\u0103 din lemn este creat\u0103 manual, cu pasiune \u0219i precizie. Fiecare detaliu reflect\u0103 m\u0103iestria me\u0219terului \u0219i caracterul unic al lemnului. Un suvenir elegant, perfect pentru cei care apreciaz\u0103 obiectele artizanale cu personalitate.\" \/>\n<meta property=\"og:url\" content=\"https:\/\/jucarii-lemn-online.ro\/produs\/pompier-figurina-decorativa-din-lemn\/\" \/>\n<meta property=\"og:site_name\" content=\"Juc\u0103rii din lemn fabricate \u00een Rom\u00e2nia!\" \/>\n<meta property=\"article:modified_time\" content=\"2026-04-14T18:20:17+00:00\" \/>\n<meta property=\"og:image\" content=\"https:\/\/jucarii-lemn-online.ro\/wp-content\/uploads\/2025\/10\/FB_IMG_1759987809126.jpg\" \/>\n\t<meta property=\"og:image:width\" content=\"960\" \/>\n\t<meta property=\"og:image:height\" content=\"960\" \/>\n\t<meta property=\"og:image:type\" content=\"image\/jpeg\" \/>\n<meta name=\"twitter:card\" content=\"summary_large_image\" \/>\n<meta name=\"twitter:label1\" content=\"Becs\u00fclt olvas\u00e1si id\u0151\" \/>\n\t<meta name=\"twitter:data1\" content=\"1 perc\" \/>\n<script type=\"application\/ld+json\" class=\"yoast-schema-graph\">{\"@context\":\"https:\/\/schema.org\",\"@graph\":[{\"@type\":\"WebPage\",\"@id\":\"https:\/\/jucarii-lemn-online.ro\/produs\/pompier-figurina-decorativa-din-lemn\/\",\"url\":\"https:\/\/jucarii-lemn-online.ro\/produs\/pompier-figurina-decorativa-din-lemn\/\",\"name\":\"Pompier - figurin\u0103 decorativ\u0103 din lemn - Juc\u0103rii din lemn fabricate \u00een Rom\u00e2nia!\",\"isPartOf\":{\"@id\":\"https:\/\/jucarii-lemn-online.ro\/#website\"},\"primaryImageOfPage\":{\"@id\":\"https:\/\/jucarii-lemn-online.ro\/produs\/pompier-figurina-decorativa-din-lemn\/#primaryimage\"},\"image\":{\"@id\":\"https:\/\/jucarii-lemn-online.ro\/produs\/pompier-figurina-decorativa-din-lemn\/#primaryimage\"},\"thumbnailUrl\":\"https:\/\/jucarii-lemn-online.ro\/wp-content\/uploads\/2025\/10\/FB_IMG_1759987809126.jpg\",\"datePublished\":\"2025-10-08T18:18:58+00:00\",\"dateModified\":\"2026-04-14T18:20:17+00:00\",\"description\":\"Parte dintr-o serie de colec\u021bie, aceast\u0103 figurin\u0103 din lemn este creat\u0103 manual, cu pasiune \u0219i precizie. Fiecare detaliu reflect\u0103 m\u0103iestria me\u0219terului \u0219i caracterul unic al lemnului. Un suvenir elegant, perfect pentru cei care apreciaz\u0103 obiectele artizanale cu personalitate.\",\"breadcrumb\":{\"@id\":\"https:\/\/jucarii-lemn-online.ro\/produs\/pompier-figurina-decorativa-din-lemn\/#breadcrumb\"},\"inLanguage\":\"hu\",\"potentialAction\":[{\"@type\":\"ReadAction\",\"target\":[\"https:\/\/jucarii-lemn-online.ro\/produs\/pompier-figurina-decorativa-din-lemn\/\"]}]},{\"@type\":\"ImageObject\",\"inLanguage\":\"hu\",\"@id\":\"https:\/\/jucarii-lemn-online.ro\/produs\/pompier-figurina-decorativa-din-lemn\/#primaryimage\",\"url\":\"https:\/\/jucarii-lemn-online.ro\/wp-content\/uploads\/2025\/10\/FB_IMG_1759987809126.jpg\",\"contentUrl\":\"https:\/\/jucarii-lemn-online.ro\/wp-content\/uploads\/2025\/10\/FB_IMG_1759987809126.jpg\",\"width\":960,\"height\":960},{\"@type\":\"BreadcrumbList\",\"@id\":\"https:\/\/jucarii-lemn-online.ro\/produs\/pompier-figurina-decorativa-din-lemn\/#breadcrumb\",\"itemListElement\":[{\"@type\":\"ListItem\",\"position\":1,\"name\":\"Prima pagin\u0103\",\"item\":\"https:\/\/jucarii-lemn-online.ro\/hu\/\"},{\"@type\":\"ListItem\",\"position\":2,\"name\":\"Shop\",\"item\":\"https:\/\/jucarii-lemn-online.ro\/hu\/shop-2\/\"},{\"@type\":\"ListItem\",\"position\":3,\"name\":\"Pompier &#8211; figurin\u0103 decorativ\u0103 din lemn\"}]},{\"@type\":\"WebSite\",\"@id\":\"https:\/\/jucarii-lemn-online.ro\/#website\",\"url\":\"https:\/\/jucarii-lemn-online.ro\/\",\"name\":\"Juc\u0103rii din lemn fabricate \u00een Rom\u00e2nia!\",\"description\":\"Juc\u0103rii din lemn fabricate \u00een Rom\u00e2nia!\",\"potentialAction\":[{\"@type\":\"SearchAction\",\"target\":{\"@type\":\"EntryPoint\",\"urlTemplate\":\"https:\/\/jucarii-lemn-online.ro\/?s={search_term_string}\"},\"query-input\":{\"@type\":\"PropertyValueSpecification\",\"valueRequired\":true,\"valueName\":\"search_term_string\"}}],\"inLanguage\":\"hu\"}]}<\/script>\n<!-- \/ Yoast SEO plugin. -->","yoast_head_json":{"title":"Pompier - figurin\u0103 decorativ\u0103 din lemn - Juc\u0103rii din lemn fabricate \u00een Rom\u00e2nia!","description":"Parte dintr-o serie de colec\u021bie, aceast\u0103 figurin\u0103 din lemn este creat\u0103 manual, cu pasiune \u0219i precizie. Fiecare detaliu reflect\u0103 m\u0103iestria me\u0219terului \u0219i caracterul unic al lemnului. Un suvenir elegant, perfect pentru cei care apreciaz\u0103 obiectele artizanale cu personalitate.","robots":{"index":"index","follow":"follow","max-snippet":"max-snippet:-1","max-image-preview":"max-image-preview:large","max-video-preview":"max-video-preview:-1"},"canonical":"https:\/\/jucarii-lemn-online.ro\/produs\/pompier-figurina-decorativa-din-lemn\/","og_locale":"hu_HU","og_type":"article","og_title":"Pompier - figurin\u0103 decorativ\u0103 din lemn - Juc\u0103rii din lemn fabricate \u00een Rom\u00e2nia!","og_description":"Parte dintr-o serie de colec\u021bie, aceast\u0103 figurin\u0103 din lemn este creat\u0103 manual, cu pasiune \u0219i precizie. Fiecare detaliu reflect\u0103 m\u0103iestria me\u0219terului \u0219i caracterul unic al lemnului. Un suvenir elegant, perfect pentru cei care apreciaz\u0103 obiectele artizanale cu personalitate.","og_url":"https:\/\/jucarii-lemn-online.ro\/produs\/pompier-figurina-decorativa-din-lemn\/","og_site_name":"Juc\u0103rii din lemn fabricate \u00een Rom\u00e2nia!","article_modified_time":"2026-04-14T18:20:17+00:00","og_image":[{"width":960,"height":960,"url":"https:\/\/jucarii-lemn-online.ro\/wp-content\/uploads\/2025\/10\/FB_IMG_1759987809126.jpg","type":"image\/jpeg"}],"twitter_card":"summary_large_image","twitter_misc":{"Becs\u00fclt olvas\u00e1si id\u0151":"1 perc"},"schema":{"@context":"https:\/\/schema.org","@graph":[{"@type":"WebPage","@id":"https:\/\/jucarii-lemn-online.ro\/produs\/pompier-figurina-decorativa-din-lemn\/","url":"https:\/\/jucarii-lemn-online.ro\/produs\/pompier-figurina-decorativa-din-lemn\/","name":"Pompier - figurin\u0103 decorativ\u0103 din lemn - Juc\u0103rii din lemn fabricate \u00een Rom\u00e2nia!","isPartOf":{"@id":"https:\/\/jucarii-lemn-online.ro\/#website"},"primaryImageOfPage":{"@id":"https:\/\/jucarii-lemn-online.ro\/produs\/pompier-figurina-decorativa-din-lemn\/#primaryimage"},"image":{"@id":"https:\/\/jucarii-lemn-online.ro\/produs\/pompier-figurina-decorativa-din-lemn\/#primaryimage"},"thumbnailUrl":"https:\/\/jucarii-lemn-online.ro\/wp-content\/uploads\/2025\/10\/FB_IMG_1759987809126.jpg","datePublished":"2025-10-08T18:18:58+00:00","dateModified":"2026-04-14T18:20:17+00:00","description":"Parte dintr-o serie de colec\u021bie, aceast\u0103 figurin\u0103 din lemn este creat\u0103 manual, cu pasiune \u0219i precizie. Fiecare detaliu reflect\u0103 m\u0103iestria me\u0219terului \u0219i caracterul unic al lemnului. Un suvenir elegant, perfect pentru cei care apreciaz\u0103 obiectele artizanale cu personalitate.","breadcrumb":{"@id":"https:\/\/jucarii-lemn-online.ro\/produs\/pompier-figurina-decorativa-din-lemn\/#breadcrumb"},"inLanguage":"hu","potentialAction":[{"@type":"ReadAction","target":["https:\/\/jucarii-lemn-online.ro\/produs\/pompier-figurina-decorativa-din-lemn\/"]}]},{"@type":"ImageObject","inLanguage":"hu","@id":"https:\/\/jucarii-lemn-online.ro\/produs\/pompier-figurina-decorativa-din-lemn\/#primaryimage","url":"https:\/\/jucarii-lemn-online.ro\/wp-content\/uploads\/2025\/10\/FB_IMG_1759987809126.jpg","contentUrl":"https:\/\/jucarii-lemn-online.ro\/wp-content\/uploads\/2025\/10\/FB_IMG_1759987809126.jpg","width":960,"height":960},{"@type":"BreadcrumbList","@id":"https:\/\/jucarii-lemn-online.ro\/produs\/pompier-figurina-decorativa-din-lemn\/#breadcrumb","itemListElement":[{"@type":"ListItem","position":1,"name":"Prima pagin\u0103","item":"https:\/\/jucarii-lemn-online.ro\/hu\/"},{"@type":"ListItem","position":2,"name":"Shop","item":"https:\/\/jucarii-lemn-online.ro\/hu\/shop-2\/"},{"@type":"ListItem","position":3,"name":"Pompier &#8211; figurin\u0103 decorativ\u0103 din lemn"}]},{"@type":"WebSite","@id":"https:\/\/jucarii-lemn-online.ro\/#website","url":"https:\/\/jucarii-lemn-online.ro\/","name":"Juc\u0103rii din lemn fabricate \u00een Rom\u00e2nia!","description":"Juc\u0103rii din lemn fabricate \u00een Rom\u00e2nia!","potentialAction":[{"@type":"SearchAction","target":{"@type":"EntryPoint","urlTemplate":"https:\/\/jucarii-lemn-online.ro\/?s={search_term_string}"},"query-input":{"@type":"PropertyValueSpecification","valueRequired":true,"valueName":"search_term_string"}}],"inLanguage":"hu"}]}},"_links":{"self":[{"href":"https:\/\/jucarii-lemn-online.ro\/hu\/wp-json\/wp\/v2\/product\/5146","targetHints":{"allow":["GET"]}}],"collection":[{"href":"https:\/\/jucarii-lemn-online.ro\/hu\/wp-json\/wp\/v2\/product"}],"about":[{"href":"https:\/\/jucarii-lemn-online.ro\/hu\/wp-json\/wp\/v2\/types\/product"}],"wp:featuredmedia":[{"embeddable":true,"href":"https:\/\/jucarii-lemn-online.ro\/hu\/wp-json\/wp\/v2\/media\/5150"}],"wp:attachment":[{"href":"https:\/\/jucarii-lemn-online.ro\/hu\/wp-json\/wp\/v2\/media?parent=5146"}],"wp:term":[{"taxonomy":"product_brand","embeddable":true,"href":"https:\/\/jucarii-lemn-online.ro\/hu\/wp-json\/wp\/v2\/product_brand?post=5146"},{"taxonomy":"product_cat","embeddable":true,"href":"https:\/\/jucarii-lemn-online.ro\/hu\/wp-json\/wp\/v2\/product_cat?post=5146"},{"taxonomy":"product_tag","embeddable":true,"href":"https:\/\/jucarii-lemn-online.ro\/hu\/wp-json\/wp\/v2\/product_tag?post=5146"}],"curies":[{"name":"wp","href":"https:\/\/api.w.org\/{rel}","templated":true}]}}