{"id":5047,"date":"2025-09-02T20:54:54","date_gmt":"2025-09-02T18:54:54","guid":{"rendered":"https:\/\/jucarii-lemn-online.ro\/?post_type=product&#038;p=5047"},"modified":"2026-01-16T11:08:23","modified_gmt":"2026-01-16T09:08:23","slug":"zana-capsunica","status":"publish","type":"product","link":"https:\/\/jucarii-lemn-online.ro\/hu\/produs\/zana-capsunica\/","title":{"rendered":"Z\u00e2na c\u0103p\u0219unic\u0103"},"content":{"rendered":"<p>Adaug\u0103 magie \u00een joaca zilnic\u0103 sau \u00een colec\u021bia ta cu aceast\u0103 figurin\u0103 din lemn, <strong data-start=\"266\" data-end=\"320\">pictat\u0103 manual cu mare grij\u0103 \u0219i aten\u021bie la detalii<\/strong>. Confec\u021bionat\u0103 din lemn natural, netratat chimic, aceast\u0103 juc\u0103rie este <strong data-start=\"392\" data-end=\"415\">sigur\u0103 pentru copii<\/strong>, dar \u0219i o pies\u0103 decorativ\u0103 deosebit\u0103 pentru orice iubitor de obiecte artizanale.<\/p>\n<p>\u00cen\u0103l\u021bime: 8 cm<\/p>\n<p>&nbsp;<\/p>\n","protected":false},"excerpt":{"rendered":"<p>Adaug\u0103 magie \u00een joaca zilnic\u0103 sau \u00een colec\u021bia ta cu aceast\u0103 figurin\u0103 din lemn, <strong data-start=\"266\" data-end=\"320\">pictat\u0103 manual cu mare grij\u0103 \u0219i aten\u021bie la detalii<\/strong>. Confec\u021bionat\u0103 din lemn natural, netratat chimic, aceast\u0103 juc\u0103rie este <strong data-start=\"392\" data-end=\"415\">sigur\u0103 pentru copii<\/strong>, dar \u0219i o pies\u0103 decorativ\u0103 deosebit\u0103 pentru orice iubitor de obiecte artizanale.<\/p>\n<p>\u00cen\u0103l\u021bime: 8 cm<\/p>\n<p>&nbsp;<\/p>\n","protected":false},"featured_media":5377,"template":"","meta":[],"product_brand":[],"product_cat":[259],"product_tag":[],"class_list":{"0":"post-5047","1":"product","2":"type-product","3":"status-publish","4":"has-post-thumbnail","6":"product_cat-casute","8":"first","9":"instock","10":"shipping-taxable","11":"purchasable","12":"product-type-simple"},"yoast_head":"<!-- This site is optimized with the Yoast SEO plugin v24.5 - https:\/\/yoast.com\/wordpress\/plugins\/seo\/ -->\n<title>Z\u00e2na c\u0103p\u0219unic\u0103 - Juc\u0103rii din lemn fabricate \u00een Rom\u00e2nia!<\/title>\n<meta name=\"description\" content=\"Adaug\u0103 magie \u00een joaca zilnic\u0103 sau \u00een colec\u021bia ta cu aceast\u0103 figurin\u0103 din lemn, pictat\u0103 manual cu mare grij\u0103 \u0219i aten\u021bie la detalii. Confec\u021bionat\u0103 din lemn natural, netratat chimic, aceast\u0103 juc\u0103rie este sigur\u0103 pentru copii, dar \u0219i o pies\u0103 decorativ\u0103 deosebit\u0103 pentru orice iubitor de obiecte artizanale.\u00cen\u0103l\u021bime: 8 cm\" \/>\n<meta name=\"robots\" content=\"index, follow, max-snippet:-1, max-image-preview:large, max-video-preview:-1\" \/>\n<link rel=\"canonical\" href=\"https:\/\/jucarii-lemn-online.ro\/produs\/zana-capsunica\/\" \/>\n<meta property=\"og:locale\" content=\"hu_HU\" \/>\n<meta property=\"og:type\" content=\"article\" \/>\n<meta property=\"og:title\" content=\"Z\u00e2na c\u0103p\u0219unic\u0103 - Juc\u0103rii din lemn fabricate \u00een Rom\u00e2nia!\" \/>\n<meta property=\"og:description\" content=\"Adaug\u0103 magie \u00een joaca zilnic\u0103 sau \u00een colec\u021bia ta cu aceast\u0103 figurin\u0103 din lemn, pictat\u0103 manual cu mare grij\u0103 \u0219i aten\u021bie la detalii. Confec\u021bionat\u0103 din lemn natural, netratat chimic, aceast\u0103 juc\u0103rie este sigur\u0103 pentru copii, dar \u0219i o pies\u0103 decorativ\u0103 deosebit\u0103 pentru orice iubitor de obiecte artizanale.\u00cen\u0103l\u021bime: 8 cm\" \/>\n<meta property=\"og:url\" content=\"https:\/\/jucarii-lemn-online.ro\/produs\/zana-capsunica\/\" \/>\n<meta property=\"og:site_name\" content=\"Juc\u0103rii din lemn fabricate \u00een Rom\u00e2nia!\" \/>\n<meta property=\"article:modified_time\" content=\"2026-01-16T09:08:23+00:00\" \/>\n<meta property=\"og:image\" content=\"https:\/\/jucarii-lemn-online.ro\/wp-content\/uploads\/2026\/01\/IMG_20260116_103110.png\" \/>\n\t<meta property=\"og:image:width\" content=\"1024\" \/>\n\t<meta property=\"og:image:height\" content=\"1024\" \/>\n\t<meta property=\"og:image:type\" content=\"image\/png\" \/>\n<meta name=\"twitter:card\" content=\"summary_large_image\" \/>\n<meta name=\"twitter:label1\" content=\"Becs\u00fclt olvas\u00e1si id\u0151\" \/>\n\t<meta name=\"twitter:data1\" content=\"1 perc\" \/>\n<script type=\"application\/ld+json\" class=\"yoast-schema-graph\">{\"@context\":\"https:\/\/schema.org\",\"@graph\":[{\"@type\":\"WebPage\",\"@id\":\"https:\/\/jucarii-lemn-online.ro\/produs\/zana-capsunica\/\",\"url\":\"https:\/\/jucarii-lemn-online.ro\/produs\/zana-capsunica\/\",\"name\":\"Z\u00e2na c\u0103p\u0219unic\u0103 - Juc\u0103rii din lemn fabricate \u00een Rom\u00e2nia!\",\"isPartOf\":{\"@id\":\"https:\/\/jucarii-lemn-online.ro\/#website\"},\"primaryImageOfPage\":{\"@id\":\"https:\/\/jucarii-lemn-online.ro\/produs\/zana-capsunica\/#primaryimage\"},\"image\":{\"@id\":\"https:\/\/jucarii-lemn-online.ro\/produs\/zana-capsunica\/#primaryimage\"},\"thumbnailUrl\":\"https:\/\/jucarii-lemn-online.ro\/wp-content\/uploads\/2026\/01\/IMG_20260116_103110.png\",\"datePublished\":\"2025-09-02T18:54:54+00:00\",\"dateModified\":\"2026-01-16T09:08:23+00:00\",\"description\":\"Adaug\u0103 magie \u00een joaca zilnic\u0103 sau \u00een colec\u021bia ta cu aceast\u0103 figurin\u0103 din lemn, pictat\u0103 manual cu mare grij\u0103 \u0219i aten\u021bie la detalii. Confec\u021bionat\u0103 din lemn natural, netratat chimic, aceast\u0103 juc\u0103rie este sigur\u0103 pentru copii, dar \u0219i o pies\u0103 decorativ\u0103 deosebit\u0103 pentru orice iubitor de obiecte artizanale.\u00cen\u0103l\u021bime: 8 cm\",\"breadcrumb\":{\"@id\":\"https:\/\/jucarii-lemn-online.ro\/produs\/zana-capsunica\/#breadcrumb\"},\"inLanguage\":\"hu\",\"potentialAction\":[{\"@type\":\"ReadAction\",\"target\":[\"https:\/\/jucarii-lemn-online.ro\/produs\/zana-capsunica\/\"]}]},{\"@type\":\"ImageObject\",\"inLanguage\":\"hu\",\"@id\":\"https:\/\/jucarii-lemn-online.ro\/produs\/zana-capsunica\/#primaryimage\",\"url\":\"https:\/\/jucarii-lemn-online.ro\/wp-content\/uploads\/2026\/01\/IMG_20260116_103110.png\",\"contentUrl\":\"https:\/\/jucarii-lemn-online.ro\/wp-content\/uploads\/2026\/01\/IMG_20260116_103110.png\",\"width\":1024,\"height\":1024},{\"@type\":\"BreadcrumbList\",\"@id\":\"https:\/\/jucarii-lemn-online.ro\/produs\/zana-capsunica\/#breadcrumb\",\"itemListElement\":[{\"@type\":\"ListItem\",\"position\":1,\"name\":\"Prima pagin\u0103\",\"item\":\"https:\/\/jucarii-lemn-online.ro\/hu\/\"},{\"@type\":\"ListItem\",\"position\":2,\"name\":\"Shop\",\"item\":\"https:\/\/jucarii-lemn-online.ro\/hu\/shop-2\/\"},{\"@type\":\"ListItem\",\"position\":3,\"name\":\"Z\u00e2na c\u0103p\u0219unic\u0103\"}]},{\"@type\":\"WebSite\",\"@id\":\"https:\/\/jucarii-lemn-online.ro\/#website\",\"url\":\"https:\/\/jucarii-lemn-online.ro\/\",\"name\":\"Juc\u0103rii din lemn fabricate \u00een Rom\u00e2nia!\",\"description\":\"Juc\u0103rii din lemn fabricate \u00een Rom\u00e2nia!\",\"potentialAction\":[{\"@type\":\"SearchAction\",\"target\":{\"@type\":\"EntryPoint\",\"urlTemplate\":\"https:\/\/jucarii-lemn-online.ro\/?s={search_term_string}\"},\"query-input\":{\"@type\":\"PropertyValueSpecification\",\"valueRequired\":true,\"valueName\":\"search_term_string\"}}],\"inLanguage\":\"hu\"}]}<\/script>\n<!-- \/ Yoast SEO plugin. -->","yoast_head_json":{"title":"Z\u00e2na c\u0103p\u0219unic\u0103 - Juc\u0103rii din lemn fabricate \u00een Rom\u00e2nia!","description":"Adaug\u0103 magie \u00een joaca zilnic\u0103 sau \u00een colec\u021bia ta cu aceast\u0103 figurin\u0103 din lemn, pictat\u0103 manual cu mare grij\u0103 \u0219i aten\u021bie la detalii. Confec\u021bionat\u0103 din lemn natural, netratat chimic, aceast\u0103 juc\u0103rie este sigur\u0103 pentru copii, dar \u0219i o pies\u0103 decorativ\u0103 deosebit\u0103 pentru orice iubitor de obiecte artizanale.\u00cen\u0103l\u021bime: 8 cm","robots":{"index":"index","follow":"follow","max-snippet":"max-snippet:-1","max-image-preview":"max-image-preview:large","max-video-preview":"max-video-preview:-1"},"canonical":"https:\/\/jucarii-lemn-online.ro\/produs\/zana-capsunica\/","og_locale":"hu_HU","og_type":"article","og_title":"Z\u00e2na c\u0103p\u0219unic\u0103 - Juc\u0103rii din lemn fabricate \u00een Rom\u00e2nia!","og_description":"Adaug\u0103 magie \u00een joaca zilnic\u0103 sau \u00een colec\u021bia ta cu aceast\u0103 figurin\u0103 din lemn, pictat\u0103 manual cu mare grij\u0103 \u0219i aten\u021bie la detalii. Confec\u021bionat\u0103 din lemn natural, netratat chimic, aceast\u0103 juc\u0103rie este sigur\u0103 pentru copii, dar \u0219i o pies\u0103 decorativ\u0103 deosebit\u0103 pentru orice iubitor de obiecte artizanale.\u00cen\u0103l\u021bime: 8 cm","og_url":"https:\/\/jucarii-lemn-online.ro\/produs\/zana-capsunica\/","og_site_name":"Juc\u0103rii din lemn fabricate \u00een Rom\u00e2nia!","article_modified_time":"2026-01-16T09:08:23+00:00","og_image":[{"width":1024,"height":1024,"url":"https:\/\/jucarii-lemn-online.ro\/wp-content\/uploads\/2026\/01\/IMG_20260116_103110.png","type":"image\/png"}],"twitter_card":"summary_large_image","twitter_misc":{"Becs\u00fclt olvas\u00e1si id\u0151":"1 perc"},"schema":{"@context":"https:\/\/schema.org","@graph":[{"@type":"WebPage","@id":"https:\/\/jucarii-lemn-online.ro\/produs\/zana-capsunica\/","url":"https:\/\/jucarii-lemn-online.ro\/produs\/zana-capsunica\/","name":"Z\u00e2na c\u0103p\u0219unic\u0103 - Juc\u0103rii din lemn fabricate \u00een Rom\u00e2nia!","isPartOf":{"@id":"https:\/\/jucarii-lemn-online.ro\/#website"},"primaryImageOfPage":{"@id":"https:\/\/jucarii-lemn-online.ro\/produs\/zana-capsunica\/#primaryimage"},"image":{"@id":"https:\/\/jucarii-lemn-online.ro\/produs\/zana-capsunica\/#primaryimage"},"thumbnailUrl":"https:\/\/jucarii-lemn-online.ro\/wp-content\/uploads\/2026\/01\/IMG_20260116_103110.png","datePublished":"2025-09-02T18:54:54+00:00","dateModified":"2026-01-16T09:08:23+00:00","description":"Adaug\u0103 magie \u00een joaca zilnic\u0103 sau \u00een colec\u021bia ta cu aceast\u0103 figurin\u0103 din lemn, pictat\u0103 manual cu mare grij\u0103 \u0219i aten\u021bie la detalii. Confec\u021bionat\u0103 din lemn natural, netratat chimic, aceast\u0103 juc\u0103rie este sigur\u0103 pentru copii, dar \u0219i o pies\u0103 decorativ\u0103 deosebit\u0103 pentru orice iubitor de obiecte artizanale.\u00cen\u0103l\u021bime: 8 cm","breadcrumb":{"@id":"https:\/\/jucarii-lemn-online.ro\/produs\/zana-capsunica\/#breadcrumb"},"inLanguage":"hu","potentialAction":[{"@type":"ReadAction","target":["https:\/\/jucarii-lemn-online.ro\/produs\/zana-capsunica\/"]}]},{"@type":"ImageObject","inLanguage":"hu","@id":"https:\/\/jucarii-lemn-online.ro\/produs\/zana-capsunica\/#primaryimage","url":"https:\/\/jucarii-lemn-online.ro\/wp-content\/uploads\/2026\/01\/IMG_20260116_103110.png","contentUrl":"https:\/\/jucarii-lemn-online.ro\/wp-content\/uploads\/2026\/01\/IMG_20260116_103110.png","width":1024,"height":1024},{"@type":"BreadcrumbList","@id":"https:\/\/jucarii-lemn-online.ro\/produs\/zana-capsunica\/#breadcrumb","itemListElement":[{"@type":"ListItem","position":1,"name":"Prima pagin\u0103","item":"https:\/\/jucarii-lemn-online.ro\/hu\/"},{"@type":"ListItem","position":2,"name":"Shop","item":"https:\/\/jucarii-lemn-online.ro\/hu\/shop-2\/"},{"@type":"ListItem","position":3,"name":"Z\u00e2na c\u0103p\u0219unic\u0103"}]},{"@type":"WebSite","@id":"https:\/\/jucarii-lemn-online.ro\/#website","url":"https:\/\/jucarii-lemn-online.ro\/","name":"Juc\u0103rii din lemn fabricate \u00een Rom\u00e2nia!","description":"Juc\u0103rii din lemn fabricate \u00een Rom\u00e2nia!","potentialAction":[{"@type":"SearchAction","target":{"@type":"EntryPoint","urlTemplate":"https:\/\/jucarii-lemn-online.ro\/?s={search_term_string}"},"query-input":{"@type":"PropertyValueSpecification","valueRequired":true,"valueName":"search_term_string"}}],"inLanguage":"hu"}]}},"_links":{"self":[{"href":"https:\/\/jucarii-lemn-online.ro\/hu\/wp-json\/wp\/v2\/product\/5047","targetHints":{"allow":["GET"]}}],"collection":[{"href":"https:\/\/jucarii-lemn-online.ro\/hu\/wp-json\/wp\/v2\/product"}],"about":[{"href":"https:\/\/jucarii-lemn-online.ro\/hu\/wp-json\/wp\/v2\/types\/product"}],"wp:featuredmedia":[{"embeddable":true,"href":"https:\/\/jucarii-lemn-online.ro\/hu\/wp-json\/wp\/v2\/media\/5377"}],"wp:attachment":[{"href":"https:\/\/jucarii-lemn-online.ro\/hu\/wp-json\/wp\/v2\/media?parent=5047"}],"wp:term":[{"taxonomy":"product_brand","embeddable":true,"href":"https:\/\/jucarii-lemn-online.ro\/hu\/wp-json\/wp\/v2\/product_brand?post=5047"},{"taxonomy":"product_cat","embeddable":true,"href":"https:\/\/jucarii-lemn-online.ro\/hu\/wp-json\/wp\/v2\/product_cat?post=5047"},{"taxonomy":"product_tag","embeddable":true,"href":"https:\/\/jucarii-lemn-online.ro\/hu\/wp-json\/wp\/v2\/product_tag?post=5047"}],"curies":[{"name":"wp","href":"https:\/\/api.w.org\/{rel}","templated":true}]}}