{"id":4953,"date":"2025-05-18T17:13:55","date_gmt":"2025-05-18T15:13:55","guid":{"rendered":"https:\/\/jucarii-lemn-online.ro\/?post_type=product&#038;p=4953"},"modified":"2026-01-09T15:01:04","modified_gmt":"2026-01-09T13:01:04","slug":"joc-de-memorie-masini","status":"publish","type":"product","link":"https:\/\/jucarii-lemn-online.ro\/hu\/produs\/joc-de-memorie-masini\/","title":{"rendered":"Joc de memorie &#8211; masini"},"content":{"rendered":"<p>Un joc clasic indragit de fiecare copil!<\/p>\n<p>Poti sa te bucuri de aceasta si acasa dar datorita ambalajului compact si in timpul calatoriei, picnicuri sau zile ploioase.<\/p>\n<p>Placile sunt naturale, slefuite, imaginile sunt realizate prin gravura laser si nu sunt finisate cu produse acrilice sau toxice.<\/p>\n<p>Contine 10 placi (5 perechi de imagini) avand tematica masini.<\/p>\n<p>Fiecare card este un patrat de aproximativ 6 cm.<\/p>\n<p>Datorita dimensiunior mici, acest joc nu este potrivit pentru copii cu varsta sub 3 ani sau numai cu prezenta unui adult.<\/p>\n","protected":false},"excerpt":{"rendered":"<p>Un joc clasic indragit de fiecare copil!<\/p>\n<p>Poti sa te bucuri de aceasta si acasa dar datorita ambalajului compact si in timpul calatoriei, picnicuri sau zile ploioase.<\/p>\n<p>Placile sunt naturale, slefuite, imaginile sunt realizate prin gravura laser si nu sunt finisate cu produse acrilice sau toxice.<\/p>\n<p>Contine 10 placi (5 perechi de imagini) avand tematica masini.<\/p>\n<p>FIecare carte este un patrat de aproximativ 6 cm.<\/p>\n<p>Datorita dimensiunior mici, acest joc nu este potrivit pentru copii cu varsta sub 3 ani sau numai cu prezenta unui adult.<\/p>\n","protected":false},"featured_media":5347,"template":"","meta":[],"product_brand":[],"product_cat":[253],"product_tag":[],"class_list":{"0":"post-4953","1":"product","2":"type-product","3":"status-publish","4":"has-post-thumbnail","6":"product_cat-minus-50","8":"first","9":"instock","10":"sale","11":"shipping-taxable","12":"purchasable","13":"product-type-simple"},"yoast_head":"<!-- This site is optimized with the Yoast SEO plugin v24.5 - https:\/\/yoast.com\/wordpress\/plugins\/seo\/ -->\n<title>Joc de memorie - masini - Juc\u0103rii din lemn fabricate \u00een Rom\u00e2nia!<\/title>\n<meta name=\"description\" content=\"Un joc clasic indragit de fiecare copil!Poti sa te bucuri de aceasta si acasa dar datorita ambalajului compact si in timpul calatoriei, picnicuri sau zile ploioase.Placile sunt naturale, slefuite, imaginile sunt realizate prin gravura laser si nu sunt finisate cu produse acrilice sau toxice.Contine 10 placi (5 perechi de imagini) avand tematica masini.FIecare carte este un patrat de aproximativ 6 cm.Datorita dimensiunior mici, acest joc nu este potrivit pentru copii cu varsta sub 3 ani sau numai cu prezenta unui adult.\" \/>\n<meta name=\"robots\" content=\"index, follow, max-snippet:-1, max-image-preview:large, max-video-preview:-1\" \/>\n<link rel=\"canonical\" href=\"https:\/\/jucarii-lemn-online.ro\/produs\/joc-de-memorie-masini\/\" \/>\n<meta property=\"og:locale\" content=\"hu_HU\" \/>\n<meta property=\"og:type\" content=\"article\" \/>\n<meta property=\"og:title\" content=\"Joc de memorie - masini - Juc\u0103rii din lemn fabricate \u00een Rom\u00e2nia!\" \/>\n<meta property=\"og:description\" content=\"Un joc clasic indragit de fiecare copil!Poti sa te bucuri de aceasta si acasa dar datorita ambalajului compact si in timpul calatoriei, picnicuri sau zile ploioase.Placile sunt naturale, slefuite, imaginile sunt realizate prin gravura laser si nu sunt finisate cu produse acrilice sau toxice.Contine 10 placi (5 perechi de imagini) avand tematica masini.FIecare carte este un patrat de aproximativ 6 cm.Datorita dimensiunior mici, acest joc nu este potrivit pentru copii cu varsta sub 3 ani sau numai cu prezenta unui adult.\" \/>\n<meta property=\"og:url\" content=\"https:\/\/jucarii-lemn-online.ro\/produs\/joc-de-memorie-masini\/\" \/>\n<meta property=\"og:site_name\" content=\"Juc\u0103rii din lemn fabricate \u00een Rom\u00e2nia!\" \/>\n<meta property=\"article:modified_time\" content=\"2026-01-09T13:01:04+00:00\" \/>\n<meta property=\"og:image\" content=\"https:\/\/jucarii-lemn-online.ro\/wp-content\/uploads\/2026\/01\/ChatGPT-Image-2026.-jan.-9.-14_28_35.png\" \/>\n\t<meta property=\"og:image:width\" content=\"1024\" \/>\n\t<meta property=\"og:image:height\" content=\"1024\" \/>\n\t<meta property=\"og:image:type\" content=\"image\/png\" \/>\n<meta name=\"twitter:card\" content=\"summary_large_image\" \/>\n<meta name=\"twitter:label1\" content=\"Becs\u00fclt olvas\u00e1si id\u0151\" \/>\n\t<meta name=\"twitter:data1\" content=\"1 perc\" \/>\n<script type=\"application\/ld+json\" class=\"yoast-schema-graph\">{\"@context\":\"https:\/\/schema.org\",\"@graph\":[{\"@type\":\"WebPage\",\"@id\":\"https:\/\/jucarii-lemn-online.ro\/produs\/joc-de-memorie-masini\/\",\"url\":\"https:\/\/jucarii-lemn-online.ro\/produs\/joc-de-memorie-masini\/\",\"name\":\"Joc de memorie - masini - Juc\u0103rii din lemn fabricate \u00een Rom\u00e2nia!\",\"isPartOf\":{\"@id\":\"https:\/\/jucarii-lemn-online.ro\/#website\"},\"primaryImageOfPage\":{\"@id\":\"https:\/\/jucarii-lemn-online.ro\/produs\/joc-de-memorie-masini\/#primaryimage\"},\"image\":{\"@id\":\"https:\/\/jucarii-lemn-online.ro\/produs\/joc-de-memorie-masini\/#primaryimage\"},\"thumbnailUrl\":\"https:\/\/jucarii-lemn-online.ro\/wp-content\/uploads\/2026\/01\/ChatGPT-Image-2026.-jan.-9.-14_28_35.png\",\"datePublished\":\"2025-05-18T15:13:55+00:00\",\"dateModified\":\"2026-01-09T13:01:04+00:00\",\"description\":\"Un joc clasic indragit de fiecare copil!Poti sa te bucuri de aceasta si acasa dar datorita ambalajului compact si in timpul calatoriei, picnicuri sau zile ploioase.Placile sunt naturale, slefuite, imaginile sunt realizate prin gravura laser si nu sunt finisate cu produse acrilice sau toxice.Contine 10 placi (5 perechi de imagini) avand tematica masini.FIecare carte este un patrat de aproximativ 6 cm.Datorita dimensiunior mici, acest joc nu este potrivit pentru copii cu varsta sub 3 ani sau numai cu prezenta unui adult.\",\"breadcrumb\":{\"@id\":\"https:\/\/jucarii-lemn-online.ro\/produs\/joc-de-memorie-masini\/#breadcrumb\"},\"inLanguage\":\"hu\",\"potentialAction\":[{\"@type\":\"ReadAction\",\"target\":[\"https:\/\/jucarii-lemn-online.ro\/produs\/joc-de-memorie-masini\/\"]}]},{\"@type\":\"ImageObject\",\"inLanguage\":\"hu\",\"@id\":\"https:\/\/jucarii-lemn-online.ro\/produs\/joc-de-memorie-masini\/#primaryimage\",\"url\":\"https:\/\/jucarii-lemn-online.ro\/wp-content\/uploads\/2026\/01\/ChatGPT-Image-2026.-jan.-9.-14_28_35.png\",\"contentUrl\":\"https:\/\/jucarii-lemn-online.ro\/wp-content\/uploads\/2026\/01\/ChatGPT-Image-2026.-jan.-9.-14_28_35.png\",\"width\":1024,\"height\":1024},{\"@type\":\"BreadcrumbList\",\"@id\":\"https:\/\/jucarii-lemn-online.ro\/produs\/joc-de-memorie-masini\/#breadcrumb\",\"itemListElement\":[{\"@type\":\"ListItem\",\"position\":1,\"name\":\"Prima pagin\u0103\",\"item\":\"https:\/\/jucarii-lemn-online.ro\/hu\/\"},{\"@type\":\"ListItem\",\"position\":2,\"name\":\"Shop\",\"item\":\"https:\/\/jucarii-lemn-online.ro\/hu\/shop-2\/\"},{\"@type\":\"ListItem\",\"position\":3,\"name\":\"Joc de memorie &#8211; masini\"}]},{\"@type\":\"WebSite\",\"@id\":\"https:\/\/jucarii-lemn-online.ro\/#website\",\"url\":\"https:\/\/jucarii-lemn-online.ro\/\",\"name\":\"Juc\u0103rii din lemn fabricate \u00een Rom\u00e2nia!\",\"description\":\"Juc\u0103rii din lemn fabricate \u00een Rom\u00e2nia!\",\"potentialAction\":[{\"@type\":\"SearchAction\",\"target\":{\"@type\":\"EntryPoint\",\"urlTemplate\":\"https:\/\/jucarii-lemn-online.ro\/?s={search_term_string}\"},\"query-input\":{\"@type\":\"PropertyValueSpecification\",\"valueRequired\":true,\"valueName\":\"search_term_string\"}}],\"inLanguage\":\"hu\"}]}<\/script>\n<!-- \/ Yoast SEO plugin. -->","yoast_head_json":{"title":"Joc de memorie - masini - Juc\u0103rii din lemn fabricate \u00een Rom\u00e2nia!","description":"Un joc clasic indragit de fiecare copil!Poti sa te bucuri de aceasta si acasa dar datorita ambalajului compact si in timpul calatoriei, picnicuri sau zile ploioase.Placile sunt naturale, slefuite, imaginile sunt realizate prin gravura laser si nu sunt finisate cu produse acrilice sau toxice.Contine 10 placi (5 perechi de imagini) avand tematica masini.FIecare carte este un patrat de aproximativ 6 cm.Datorita dimensiunior mici, acest joc nu este potrivit pentru copii cu varsta sub 3 ani sau numai cu prezenta unui adult.","robots":{"index":"index","follow":"follow","max-snippet":"max-snippet:-1","max-image-preview":"max-image-preview:large","max-video-preview":"max-video-preview:-1"},"canonical":"https:\/\/jucarii-lemn-online.ro\/produs\/joc-de-memorie-masini\/","og_locale":"hu_HU","og_type":"article","og_title":"Joc de memorie - masini - Juc\u0103rii din lemn fabricate \u00een Rom\u00e2nia!","og_description":"Un joc clasic indragit de fiecare copil!Poti sa te bucuri de aceasta si acasa dar datorita ambalajului compact si in timpul calatoriei, picnicuri sau zile ploioase.Placile sunt naturale, slefuite, imaginile sunt realizate prin gravura laser si nu sunt finisate cu produse acrilice sau toxice.Contine 10 placi (5 perechi de imagini) avand tematica masini.FIecare carte este un patrat de aproximativ 6 cm.Datorita dimensiunior mici, acest joc nu este potrivit pentru copii cu varsta sub 3 ani sau numai cu prezenta unui adult.","og_url":"https:\/\/jucarii-lemn-online.ro\/produs\/joc-de-memorie-masini\/","og_site_name":"Juc\u0103rii din lemn fabricate \u00een Rom\u00e2nia!","article_modified_time":"2026-01-09T13:01:04+00:00","og_image":[{"width":1024,"height":1024,"url":"https:\/\/jucarii-lemn-online.ro\/wp-content\/uploads\/2026\/01\/ChatGPT-Image-2026.-jan.-9.-14_28_35.png","type":"image\/png"}],"twitter_card":"summary_large_image","twitter_misc":{"Becs\u00fclt olvas\u00e1si id\u0151":"1 perc"},"schema":{"@context":"https:\/\/schema.org","@graph":[{"@type":"WebPage","@id":"https:\/\/jucarii-lemn-online.ro\/produs\/joc-de-memorie-masini\/","url":"https:\/\/jucarii-lemn-online.ro\/produs\/joc-de-memorie-masini\/","name":"Joc de memorie - masini - Juc\u0103rii din lemn fabricate \u00een Rom\u00e2nia!","isPartOf":{"@id":"https:\/\/jucarii-lemn-online.ro\/#website"},"primaryImageOfPage":{"@id":"https:\/\/jucarii-lemn-online.ro\/produs\/joc-de-memorie-masini\/#primaryimage"},"image":{"@id":"https:\/\/jucarii-lemn-online.ro\/produs\/joc-de-memorie-masini\/#primaryimage"},"thumbnailUrl":"https:\/\/jucarii-lemn-online.ro\/wp-content\/uploads\/2026\/01\/ChatGPT-Image-2026.-jan.-9.-14_28_35.png","datePublished":"2025-05-18T15:13:55+00:00","dateModified":"2026-01-09T13:01:04+00:00","description":"Un joc clasic indragit de fiecare copil!Poti sa te bucuri de aceasta si acasa dar datorita ambalajului compact si in timpul calatoriei, picnicuri sau zile ploioase.Placile sunt naturale, slefuite, imaginile sunt realizate prin gravura laser si nu sunt finisate cu produse acrilice sau toxice.Contine 10 placi (5 perechi de imagini) avand tematica masini.FIecare carte este un patrat de aproximativ 6 cm.Datorita dimensiunior mici, acest joc nu este potrivit pentru copii cu varsta sub 3 ani sau numai cu prezenta unui adult.","breadcrumb":{"@id":"https:\/\/jucarii-lemn-online.ro\/produs\/joc-de-memorie-masini\/#breadcrumb"},"inLanguage":"hu","potentialAction":[{"@type":"ReadAction","target":["https:\/\/jucarii-lemn-online.ro\/produs\/joc-de-memorie-masini\/"]}]},{"@type":"ImageObject","inLanguage":"hu","@id":"https:\/\/jucarii-lemn-online.ro\/produs\/joc-de-memorie-masini\/#primaryimage","url":"https:\/\/jucarii-lemn-online.ro\/wp-content\/uploads\/2026\/01\/ChatGPT-Image-2026.-jan.-9.-14_28_35.png","contentUrl":"https:\/\/jucarii-lemn-online.ro\/wp-content\/uploads\/2026\/01\/ChatGPT-Image-2026.-jan.-9.-14_28_35.png","width":1024,"height":1024},{"@type":"BreadcrumbList","@id":"https:\/\/jucarii-lemn-online.ro\/produs\/joc-de-memorie-masini\/#breadcrumb","itemListElement":[{"@type":"ListItem","position":1,"name":"Prima pagin\u0103","item":"https:\/\/jucarii-lemn-online.ro\/hu\/"},{"@type":"ListItem","position":2,"name":"Shop","item":"https:\/\/jucarii-lemn-online.ro\/hu\/shop-2\/"},{"@type":"ListItem","position":3,"name":"Joc de memorie &#8211; masini"}]},{"@type":"WebSite","@id":"https:\/\/jucarii-lemn-online.ro\/#website","url":"https:\/\/jucarii-lemn-online.ro\/","name":"Juc\u0103rii din lemn fabricate \u00een Rom\u00e2nia!","description":"Juc\u0103rii din lemn fabricate \u00een Rom\u00e2nia!","potentialAction":[{"@type":"SearchAction","target":{"@type":"EntryPoint","urlTemplate":"https:\/\/jucarii-lemn-online.ro\/?s={search_term_string}"},"query-input":{"@type":"PropertyValueSpecification","valueRequired":true,"valueName":"search_term_string"}}],"inLanguage":"hu"}]}},"_links":{"self":[{"href":"https:\/\/jucarii-lemn-online.ro\/hu\/wp-json\/wp\/v2\/product\/4953","targetHints":{"allow":["GET"]}}],"collection":[{"href":"https:\/\/jucarii-lemn-online.ro\/hu\/wp-json\/wp\/v2\/product"}],"about":[{"href":"https:\/\/jucarii-lemn-online.ro\/hu\/wp-json\/wp\/v2\/types\/product"}],"wp:featuredmedia":[{"embeddable":true,"href":"https:\/\/jucarii-lemn-online.ro\/hu\/wp-json\/wp\/v2\/media\/5347"}],"wp:attachment":[{"href":"https:\/\/jucarii-lemn-online.ro\/hu\/wp-json\/wp\/v2\/media?parent=4953"}],"wp:term":[{"taxonomy":"product_brand","embeddable":true,"href":"https:\/\/jucarii-lemn-online.ro\/hu\/wp-json\/wp\/v2\/product_brand?post=4953"},{"taxonomy":"product_cat","embeddable":true,"href":"https:\/\/jucarii-lemn-online.ro\/hu\/wp-json\/wp\/v2\/product_cat?post=4953"},{"taxonomy":"product_tag","embeddable":true,"href":"https:\/\/jucarii-lemn-online.ro\/hu\/wp-json\/wp\/v2\/product_tag?post=4953"}],"curies":[{"name":"wp","href":"https:\/\/api.w.org\/{rel}","templated":true}]}}