{"id":4890,"date":"2025-03-12T15:03:29","date_gmt":"2025-03-12T13:03:29","guid":{"rendered":"https:\/\/jucarii-lemn-online.ro\/?post_type=product&#038;p=4890"},"modified":"2025-06-30T20:25:41","modified_gmt":"2025-06-30T18:25:41","slug":"roata-starea-vremii","status":"publish","type":"product","link":"https:\/\/jucarii-lemn-online.ro\/hu\/produs\/roata-starea-vremii\/","title":{"rendered":"Roata &#8222;Starea vremii&#8221;"},"content":{"rendered":"<div class=\"flex flex-1 grow basis-auto flex-col overflow-hidden @container\/thread\">\n<div class=\"relative h-full\">\n<div class=\"flex h-full flex-col overflow-y-auto [scrollbar-gutter:stable]\">\n<div class=\"mt-1.5 flex flex-col text-sm md:pb-9\">\n<article class=\"w-full text-token-text-primary focus-visible:outline-2 focus-visible:outline-offset-[-4px]\" dir=\"auto\" data-testid=\"conversation-turn-3\" data-scroll-anchor=\"false\">\n<div class=\"text-base my-auto mx-auto py-[18px] px-6\">\n<div class=\"mx-auto flex flex-1 text-base gap-4 md:gap-5 lg:gap-6 md:max-w-3xl\">\n<div class=\"group\/conversation-turn relative flex w-full min-w-0 flex-col agent-turn @xs\/thread:px-0 @sm\/thread:px-1.5 @md\/thread:px-4\">\n<div class=\"flex-col gap-1 md:gap-3\">\n<div class=\"flex max-w-full flex-col flex-grow\">\n<div class=\"min-h-8 text-message relative flex w-full flex-col items-end gap-2 whitespace-normal break-words text-start [.text-message+&amp;]:mt-5\" dir=\"auto\" data-message-author-role=\"assistant\" data-message-id=\"2935bc3e-f37b-4c40-b01f-5d9e29e4d67d\" data-message-model-slug=\"gpt-4o\">\n<div class=\"flex w-full flex-col gap-1 empty:hidden first:pt-[3px]\">\n<div class=\"markdown prose w-full break-words dark:prose-invert light\">\n<article class=\"w-full text-token-text-primary focus-visible:outline-2 focus-visible:outline-offset-[-4px]\" dir=\"auto\" data-testid=\"conversation-turn-3\" data-scroll-anchor=\"false\">\n<div class=\"text-base my-auto mx-auto py-[18px] px-6\">\n<div class=\"mx-auto flex flex-1 text-base gap-4 md:gap-5 lg:gap-6 md:max-w-3xl\">\n<div class=\"group\/conversation-turn relative flex w-full min-w-0 flex-col agent-turn @xs\/thread:px-0 @sm\/thread:px-1.5 @md\/thread:px-4\">\n<div class=\"flex-col gap-1 md:gap-3\">\n<div class=\"flex max-w-full flex-col flex-grow\">\n<div class=\"min-h-8 text-message relative flex w-full flex-col items-end gap-2 whitespace-normal break-words text-start [.text-message+&amp;]:mt-5\" dir=\"auto\" data-message-author-role=\"assistant\" data-message-id=\"2935bc3e-f37b-4c40-b01f-5d9e29e4d67d\" data-message-model-slug=\"gpt-4o\">\n<div class=\"flex w-full flex-col gap-1 empty:hidden first:pt-[3px]\">\n<div class=\"markdown prose w-full break-words dark:prose-invert light\">\n<p data-start=\"482\" data-end=\"851\">Un minunat joc educa\u021bional Montessori, conceput pentru a ajuta copiii s\u0103 \u00eenve\u021be despre diferitele condi\u021bii meteorologice. Aceast\u0103 roat\u0103 meteo din lemn este un element perfect pentru sala ta de clas\u0103 de educa\u021bie la domiciliu \u0219i un instrument excelent pentru curriculumul pre\u0219colar \u0219i primar. Roata meteo este indispensabil\u0103 \u00een orice clas\u0103 de \u0219tiin\u021be pentru pre\u0219colari.<\/p>\n<p data-start=\"853\" data-end=\"1134\">Sta\u021bia meteo educativ\u0103, inspirat\u0103 de juc\u0103riile Montessori, este realizat\u0103 din lemn, fiind astfel sustenabil\u0103, ecologic\u0103 \u0219i sigur\u0103 pentru copiii de toate v\u00e2rstele. Copiii \u00eenva\u021b\u0103 cel mai bine prin joac\u0103 \u2013 iar aceast\u0103 roat\u0103 meteo din lemn face ca procesul s\u0103 fie distractiv \u0219i u\u0219or.<\/p>\n<p data-start=\"1136\" data-end=\"1345\" data-is-last-node=\"\" data-is-only-node=\"\">Acest tabel educa\u021bional despre vreme poate fi folosit individual sau \u00eempreun\u0103 cu prietenii \u0219i familia. Profesorii, bonele \u0219i \u00eengrijitorii ar trebui s\u0103 aib\u0103 \u00eentotdeauna unul la \u00eendem\u00e2n\u0103 pe tot parcursul anului.<\/p>\n<p data-start=\"1136\" data-end=\"1345\" data-is-last-node=\"\" data-is-only-node=\"\">Diametru roata: 22 cm<\/p>\n<p data-start=\"1136\" data-end=\"1345\" data-is-last-node=\"\" data-is-only-node=\"\">Latime baza: 12 X 4.5 cm<\/p>\n<\/div>\n<\/div>\n<\/div>\n<\/div>\n<div class=\"mb-2 flex gap-3 -ml-2\" tabindex=\"0\">\n<div class=\"flex items-center justify-start rounded-xl p-1 z-10 -mt-1 bg-token-main-surface-primary md:absolute\">\n<div class=\"flex items-center\"><\/div>\n<\/div>\n<\/div>\n<\/div>\n<\/div>\n<\/div>\n<\/div>\n<\/article>\n<\/div>\n<\/div>\n<\/div>\n<\/div>\n<\/div>\n<\/div>\n<\/div>\n<\/div>\n<\/article>\n<\/div>\n<\/div>\n<\/div>\n<\/div>\n","protected":false},"excerpt":{"rendered":"<p>Un minunat joc educa\u021bional Montessori, conceput pentru a ajuta copiii s\u0103 \u00eenve\u021be despre diferitele condi\u021bii meteorologice. Aceast\u0103 roat\u0103 meteo din lemn este un element perfect pentru sala ta de clas\u0103 de educa\u021bie la domiciliu \u0219i un instrument excelent pentru curriculumul pre\u0219colar \u0219i primar. Roata meteo este indispensabil\u0103 \u00een orice clas\u0103 de \u0219tiin\u021be pentru pre\u0219colari. Sta\u021bia [&hellip;]<\/p>\n","protected":false},"featured_media":4891,"template":"","meta":[],"product_brand":[],"product_cat":[92],"product_tag":[257],"class_list":{"0":"post-4890","1":"product","2":"type-product","3":"status-publish","4":"has-post-thumbnail","6":"product_cat-ingenioplay","7":"product_tag-starea-vremii","9":"first","10":"instock","11":"shipping-taxable","12":"purchasable","13":"product-type-simple"},"yoast_head":"<!-- This site is optimized with the Yoast SEO plugin v24.5 - https:\/\/yoast.com\/wordpress\/plugins\/seo\/ -->\n<title>Roata &quot;Starea vremii&quot; - Juc\u0103rii din lemn fabricate \u00een Rom\u00e2nia!<\/title>\n<meta name=\"robots\" content=\"index, follow, max-snippet:-1, max-image-preview:large, max-video-preview:-1\" \/>\n<link rel=\"canonical\" href=\"https:\/\/jucarii-lemn-online.ro\/produs\/roata-starea-vremii\/\" \/>\n<meta property=\"og:locale\" content=\"hu_HU\" \/>\n<meta property=\"og:type\" content=\"article\" \/>\n<meta property=\"og:title\" content=\"Roata &quot;Starea vremii&quot; - Juc\u0103rii din lemn fabricate \u00een Rom\u00e2nia!\" \/>\n<meta property=\"og:description\" content=\"Un minunat joc educa\u021bional Montessori, conceput pentru a ajuta copiii s\u0103 \u00eenve\u021be despre diferitele condi\u021bii meteorologice. Aceast\u0103 roat\u0103 meteo din lemn este un element perfect pentru sala ta de clas\u0103 de educa\u021bie la domiciliu \u0219i un instrument excelent pentru curriculumul pre\u0219colar \u0219i primar. Roata meteo este indispensabil\u0103 \u00een orice clas\u0103 de \u0219tiin\u021be pentru pre\u0219colari. Sta\u021bia [&hellip;]\" \/>\n<meta property=\"og:url\" content=\"https:\/\/jucarii-lemn-online.ro\/produs\/roata-starea-vremii\/\" \/>\n<meta property=\"og:site_name\" content=\"Juc\u0103rii din lemn fabricate \u00een Rom\u00e2nia!\" \/>\n<meta property=\"article:modified_time\" content=\"2025-06-30T18:25:41+00:00\" \/>\n<meta property=\"og:image\" content=\"https:\/\/jucarii-lemn-online.ro\/wp-content\/uploads\/2025\/03\/Polish_20250311_155031214-1024x768.png\" \/>\n\t<meta property=\"og:image:width\" content=\"1024\" \/>\n\t<meta property=\"og:image:height\" content=\"768\" \/>\n\t<meta property=\"og:image:type\" content=\"image\/png\" \/>\n<meta name=\"twitter:card\" content=\"summary_large_image\" \/>\n<meta name=\"twitter:label1\" content=\"Becs\u00fclt olvas\u00e1si id\u0151\" \/>\n\t<meta name=\"twitter:data1\" content=\"1 perc\" \/>\n<script type=\"application\/ld+json\" class=\"yoast-schema-graph\">{\"@context\":\"https:\/\/schema.org\",\"@graph\":[{\"@type\":\"WebPage\",\"@id\":\"https:\/\/jucarii-lemn-online.ro\/produs\/roata-starea-vremii\/\",\"url\":\"https:\/\/jucarii-lemn-online.ro\/produs\/roata-starea-vremii\/\",\"name\":\"Roata \\\"Starea vremii\\\" - Juc\u0103rii din lemn fabricate \u00een Rom\u00e2nia!\",\"isPartOf\":{\"@id\":\"https:\/\/jucarii-lemn-online.ro\/#website\"},\"primaryImageOfPage\":{\"@id\":\"https:\/\/jucarii-lemn-online.ro\/produs\/roata-starea-vremii\/#primaryimage\"},\"image\":{\"@id\":\"https:\/\/jucarii-lemn-online.ro\/produs\/roata-starea-vremii\/#primaryimage\"},\"thumbnailUrl\":\"https:\/\/jucarii-lemn-online.ro\/wp-content\/uploads\/2025\/03\/Polish_20250311_155031214.png\",\"datePublished\":\"2025-03-12T13:03:29+00:00\",\"dateModified\":\"2025-06-30T18:25:41+00:00\",\"breadcrumb\":{\"@id\":\"https:\/\/jucarii-lemn-online.ro\/produs\/roata-starea-vremii\/#breadcrumb\"},\"inLanguage\":\"hu\",\"potentialAction\":[{\"@type\":\"ReadAction\",\"target\":[\"https:\/\/jucarii-lemn-online.ro\/produs\/roata-starea-vremii\/\"]}]},{\"@type\":\"ImageObject\",\"inLanguage\":\"hu\",\"@id\":\"https:\/\/jucarii-lemn-online.ro\/produs\/roata-starea-vremii\/#primaryimage\",\"url\":\"https:\/\/jucarii-lemn-online.ro\/wp-content\/uploads\/2025\/03\/Polish_20250311_155031214.png\",\"contentUrl\":\"https:\/\/jucarii-lemn-online.ro\/wp-content\/uploads\/2025\/03\/Polish_20250311_155031214.png\",\"width\":3829,\"height\":2870},{\"@type\":\"BreadcrumbList\",\"@id\":\"https:\/\/jucarii-lemn-online.ro\/produs\/roata-starea-vremii\/#breadcrumb\",\"itemListElement\":[{\"@type\":\"ListItem\",\"position\":1,\"name\":\"Prima pagin\u0103\",\"item\":\"https:\/\/jucarii-lemn-online.ro\/hu\/\"},{\"@type\":\"ListItem\",\"position\":2,\"name\":\"Shop\",\"item\":\"https:\/\/jucarii-lemn-online.ro\/hu\/shop-2\/\"},{\"@type\":\"ListItem\",\"position\":3,\"name\":\"Roata &#8222;Starea vremii&#8221;\"}]},{\"@type\":\"WebSite\",\"@id\":\"https:\/\/jucarii-lemn-online.ro\/#website\",\"url\":\"https:\/\/jucarii-lemn-online.ro\/\",\"name\":\"Juc\u0103rii din lemn fabricate \u00een Rom\u00e2nia!\",\"description\":\"Juc\u0103rii din lemn fabricate \u00een Rom\u00e2nia!\",\"potentialAction\":[{\"@type\":\"SearchAction\",\"target\":{\"@type\":\"EntryPoint\",\"urlTemplate\":\"https:\/\/jucarii-lemn-online.ro\/?s={search_term_string}\"},\"query-input\":{\"@type\":\"PropertyValueSpecification\",\"valueRequired\":true,\"valueName\":\"search_term_string\"}}],\"inLanguage\":\"hu\"}]}<\/script>\n<!-- \/ Yoast SEO plugin. -->","yoast_head_json":{"title":"Roata \"Starea vremii\" - Juc\u0103rii din lemn fabricate \u00een Rom\u00e2nia!","robots":{"index":"index","follow":"follow","max-snippet":"max-snippet:-1","max-image-preview":"max-image-preview:large","max-video-preview":"max-video-preview:-1"},"canonical":"https:\/\/jucarii-lemn-online.ro\/produs\/roata-starea-vremii\/","og_locale":"hu_HU","og_type":"article","og_title":"Roata \"Starea vremii\" - Juc\u0103rii din lemn fabricate \u00een Rom\u00e2nia!","og_description":"Un minunat joc educa\u021bional Montessori, conceput pentru a ajuta copiii s\u0103 \u00eenve\u021be despre diferitele condi\u021bii meteorologice. Aceast\u0103 roat\u0103 meteo din lemn este un element perfect pentru sala ta de clas\u0103 de educa\u021bie la domiciliu \u0219i un instrument excelent pentru curriculumul pre\u0219colar \u0219i primar. Roata meteo este indispensabil\u0103 \u00een orice clas\u0103 de \u0219tiin\u021be pentru pre\u0219colari. Sta\u021bia [&hellip;]","og_url":"https:\/\/jucarii-lemn-online.ro\/produs\/roata-starea-vremii\/","og_site_name":"Juc\u0103rii din lemn fabricate \u00een Rom\u00e2nia!","article_modified_time":"2025-06-30T18:25:41+00:00","og_image":[{"width":1024,"height":768,"url":"https:\/\/jucarii-lemn-online.ro\/wp-content\/uploads\/2025\/03\/Polish_20250311_155031214-1024x768.png","type":"image\/png"}],"twitter_card":"summary_large_image","twitter_misc":{"Becs\u00fclt olvas\u00e1si id\u0151":"1 perc"},"schema":{"@context":"https:\/\/schema.org","@graph":[{"@type":"WebPage","@id":"https:\/\/jucarii-lemn-online.ro\/produs\/roata-starea-vremii\/","url":"https:\/\/jucarii-lemn-online.ro\/produs\/roata-starea-vremii\/","name":"Roata \"Starea vremii\" - Juc\u0103rii din lemn fabricate \u00een Rom\u00e2nia!","isPartOf":{"@id":"https:\/\/jucarii-lemn-online.ro\/#website"},"primaryImageOfPage":{"@id":"https:\/\/jucarii-lemn-online.ro\/produs\/roata-starea-vremii\/#primaryimage"},"image":{"@id":"https:\/\/jucarii-lemn-online.ro\/produs\/roata-starea-vremii\/#primaryimage"},"thumbnailUrl":"https:\/\/jucarii-lemn-online.ro\/wp-content\/uploads\/2025\/03\/Polish_20250311_155031214.png","datePublished":"2025-03-12T13:03:29+00:00","dateModified":"2025-06-30T18:25:41+00:00","breadcrumb":{"@id":"https:\/\/jucarii-lemn-online.ro\/produs\/roata-starea-vremii\/#breadcrumb"},"inLanguage":"hu","potentialAction":[{"@type":"ReadAction","target":["https:\/\/jucarii-lemn-online.ro\/produs\/roata-starea-vremii\/"]}]},{"@type":"ImageObject","inLanguage":"hu","@id":"https:\/\/jucarii-lemn-online.ro\/produs\/roata-starea-vremii\/#primaryimage","url":"https:\/\/jucarii-lemn-online.ro\/wp-content\/uploads\/2025\/03\/Polish_20250311_155031214.png","contentUrl":"https:\/\/jucarii-lemn-online.ro\/wp-content\/uploads\/2025\/03\/Polish_20250311_155031214.png","width":3829,"height":2870},{"@type":"BreadcrumbList","@id":"https:\/\/jucarii-lemn-online.ro\/produs\/roata-starea-vremii\/#breadcrumb","itemListElement":[{"@type":"ListItem","position":1,"name":"Prima pagin\u0103","item":"https:\/\/jucarii-lemn-online.ro\/hu\/"},{"@type":"ListItem","position":2,"name":"Shop","item":"https:\/\/jucarii-lemn-online.ro\/hu\/shop-2\/"},{"@type":"ListItem","position":3,"name":"Roata &#8222;Starea vremii&#8221;"}]},{"@type":"WebSite","@id":"https:\/\/jucarii-lemn-online.ro\/#website","url":"https:\/\/jucarii-lemn-online.ro\/","name":"Juc\u0103rii din lemn fabricate \u00een Rom\u00e2nia!","description":"Juc\u0103rii din lemn fabricate \u00een Rom\u00e2nia!","potentialAction":[{"@type":"SearchAction","target":{"@type":"EntryPoint","urlTemplate":"https:\/\/jucarii-lemn-online.ro\/?s={search_term_string}"},"query-input":{"@type":"PropertyValueSpecification","valueRequired":true,"valueName":"search_term_string"}}],"inLanguage":"hu"}]}},"_links":{"self":[{"href":"https:\/\/jucarii-lemn-online.ro\/hu\/wp-json\/wp\/v2\/product\/4890","targetHints":{"allow":["GET"]}}],"collection":[{"href":"https:\/\/jucarii-lemn-online.ro\/hu\/wp-json\/wp\/v2\/product"}],"about":[{"href":"https:\/\/jucarii-lemn-online.ro\/hu\/wp-json\/wp\/v2\/types\/product"}],"wp:featuredmedia":[{"embeddable":true,"href":"https:\/\/jucarii-lemn-online.ro\/hu\/wp-json\/wp\/v2\/media\/4891"}],"wp:attachment":[{"href":"https:\/\/jucarii-lemn-online.ro\/hu\/wp-json\/wp\/v2\/media?parent=4890"}],"wp:term":[{"taxonomy":"product_brand","embeddable":true,"href":"https:\/\/jucarii-lemn-online.ro\/hu\/wp-json\/wp\/v2\/product_brand?post=4890"},{"taxonomy":"product_cat","embeddable":true,"href":"https:\/\/jucarii-lemn-online.ro\/hu\/wp-json\/wp\/v2\/product_cat?post=4890"},{"taxonomy":"product_tag","embeddable":true,"href":"https:\/\/jucarii-lemn-online.ro\/hu\/wp-json\/wp\/v2\/product_tag?post=4890"}],"curies":[{"name":"wp","href":"https:\/\/api.w.org\/{rel}","templated":true}]}}