{"id":4786,"date":"2025-01-03T12:33:07","date_gmt":"2025-01-03T10:33:07","guid":{"rendered":"https:\/\/jucarii-lemn-online.ro\/?post_type=product&#038;p=4786"},"modified":"2026-03-02T08:16:59","modified_gmt":"2026-03-02T06:16:59","slug":"elefant-pui-lemnivor","status":"publish","type":"product","link":"https:\/\/jucarii-lemn-online.ro\/hu\/produs\/elefant-pui-lemnivor\/","title":{"rendered":"Elefant pui Lemnivor"},"content":{"rendered":"<ul>\n<li>Pui de elefant Waldorf realizat manual din lemn de esenta tare.<\/li>\n<\/ul>\n<p>Este tratat doar cu ulei mineral &#8211;\u00a0 culoarea este naturala, nu este baituit, vopsit sau lacuit.<\/p>\n<p>Deoarece este realizat din esente diferite de lemn, culoarea jucariilor poate fi diferita de cea vizibila in fotografii. Imaginile afisate sunt doar cu titlu de prezentare.<\/p>\n<p>Lungimea jucariei: 8 cm<\/p>\n","protected":false},"excerpt":{"rendered":"<p>Pui de elefant Waldorf realizat manual din lemn de esenta tare.<\/p>\n<p>Este tratat doar cu ulei mineral &#8211;\u00a0 culoarea este naturala, nu este baituit, vopsit sau lacuit.<\/p>\n<p>Deoarece este realizat din esente diferite de lemn, culoarea jucariilor poate fi diferita de cea vizibila in fotografii. Imaginile afisate sunt doar cu titlu de prezentare.<\/p>\n<p>Lungimea jucariei: 8 cm<\/p>\n","protected":false},"featured_media":4791,"template":"","meta":[],"product_brand":[],"product_cat":[253,89],"product_tag":[116,250],"class_list":{"0":"post-4786","1":"product","2":"type-product","3":"status-publish","4":"has-post-thumbnail","6":"product_cat-minus-50","7":"product_cat-lemnivor","8":"product_tag-elefant","9":"product_tag-lemnivor","11":"first","12":"instock","13":"sale","14":"shipping-taxable","15":"purchasable","16":"product-type-simple"},"yoast_head":"<!-- This site is optimized with the Yoast SEO plugin v24.5 - https:\/\/yoast.com\/wordpress\/plugins\/seo\/ -->\n<title>Elefant pui Lemnivor - Juc\u0103rii din lemn fabricate \u00een Rom\u00e2nia!<\/title>\n<meta name=\"description\" content=\"Pui de elefant Waldorf realizat manual din lemn de esenta tare.Este tratat doar cu ulei mineral -\u00a0 culoarea este naturala, nu este baituit, vopsit sau lacuit.Deoarece este realizat din esente diferite de lemn, culoarea jucariilor poate fi diferita de cea vizibila in fotografii. Imaginile afisate sunt doar cu titlu de prezentare.Lungimea jucariei: 8 cm\" \/>\n<meta name=\"robots\" content=\"index, follow, max-snippet:-1, max-image-preview:large, max-video-preview:-1\" \/>\n<link rel=\"canonical\" href=\"https:\/\/jucarii-lemn-online.ro\/produs\/elefant-pui-lemnivor\/\" \/>\n<meta property=\"og:locale\" content=\"hu_HU\" \/>\n<meta property=\"og:type\" content=\"article\" \/>\n<meta property=\"og:title\" content=\"Elefant pui Lemnivor - Juc\u0103rii din lemn fabricate \u00een Rom\u00e2nia!\" \/>\n<meta property=\"og:description\" content=\"Pui de elefant Waldorf realizat manual din lemn de esenta tare.Este tratat doar cu ulei mineral -\u00a0 culoarea este naturala, nu este baituit, vopsit sau lacuit.Deoarece este realizat din esente diferite de lemn, culoarea jucariilor poate fi diferita de cea vizibila in fotografii. Imaginile afisate sunt doar cu titlu de prezentare.Lungimea jucariei: 8 cm\" \/>\n<meta property=\"og:url\" content=\"https:\/\/jucarii-lemn-online.ro\/produs\/elefant-pui-lemnivor\/\" \/>\n<meta property=\"og:site_name\" content=\"Juc\u0103rii din lemn fabricate \u00een Rom\u00e2nia!\" \/>\n<meta property=\"article:modified_time\" content=\"2026-03-02T06:16:59+00:00\" \/>\n<meta property=\"og:image\" content=\"https:\/\/jucarii-lemn-online.ro\/wp-content\/uploads\/2025\/01\/Polish_20250115_115049493-1024x683.png\" \/>\n\t<meta property=\"og:image:width\" content=\"1024\" \/>\n\t<meta property=\"og:image:height\" content=\"683\" \/>\n\t<meta property=\"og:image:type\" content=\"image\/png\" \/>\n<meta name=\"twitter:card\" content=\"summary_large_image\" \/>\n<meta name=\"twitter:label1\" content=\"Becs\u00fclt olvas\u00e1si id\u0151\" \/>\n\t<meta name=\"twitter:data1\" content=\"1 perc\" \/>\n<script type=\"application\/ld+json\" class=\"yoast-schema-graph\">{\"@context\":\"https:\/\/schema.org\",\"@graph\":[{\"@type\":\"WebPage\",\"@id\":\"https:\/\/jucarii-lemn-online.ro\/produs\/elefant-pui-lemnivor\/\",\"url\":\"https:\/\/jucarii-lemn-online.ro\/produs\/elefant-pui-lemnivor\/\",\"name\":\"Elefant pui Lemnivor - Juc\u0103rii din lemn fabricate \u00een Rom\u00e2nia!\",\"isPartOf\":{\"@id\":\"https:\/\/jucarii-lemn-online.ro\/#website\"},\"primaryImageOfPage\":{\"@id\":\"https:\/\/jucarii-lemn-online.ro\/produs\/elefant-pui-lemnivor\/#primaryimage\"},\"image\":{\"@id\":\"https:\/\/jucarii-lemn-online.ro\/produs\/elefant-pui-lemnivor\/#primaryimage\"},\"thumbnailUrl\":\"https:\/\/jucarii-lemn-online.ro\/wp-content\/uploads\/2025\/01\/Polish_20250115_115049493.png\",\"datePublished\":\"2025-01-03T10:33:07+00:00\",\"dateModified\":\"2026-03-02T06:16:59+00:00\",\"description\":\"Pui de elefant Waldorf realizat manual din lemn de esenta tare.Este tratat doar cu ulei mineral -\u00a0 culoarea este naturala, nu este baituit, vopsit sau lacuit.Deoarece este realizat din esente diferite de lemn, culoarea jucariilor poate fi diferita de cea vizibila in fotografii. Imaginile afisate sunt doar cu titlu de prezentare.Lungimea jucariei: 8 cm\",\"breadcrumb\":{\"@id\":\"https:\/\/jucarii-lemn-online.ro\/produs\/elefant-pui-lemnivor\/#breadcrumb\"},\"inLanguage\":\"hu\",\"potentialAction\":[{\"@type\":\"ReadAction\",\"target\":[\"https:\/\/jucarii-lemn-online.ro\/produs\/elefant-pui-lemnivor\/\"]}]},{\"@type\":\"ImageObject\",\"inLanguage\":\"hu\",\"@id\":\"https:\/\/jucarii-lemn-online.ro\/produs\/elefant-pui-lemnivor\/#primaryimage\",\"url\":\"https:\/\/jucarii-lemn-online.ro\/wp-content\/uploads\/2025\/01\/Polish_20250115_115049493.png\",\"contentUrl\":\"https:\/\/jucarii-lemn-online.ro\/wp-content\/uploads\/2025\/01\/Polish_20250115_115049493.png\",\"width\":4096,\"height\":2731},{\"@type\":\"BreadcrumbList\",\"@id\":\"https:\/\/jucarii-lemn-online.ro\/produs\/elefant-pui-lemnivor\/#breadcrumb\",\"itemListElement\":[{\"@type\":\"ListItem\",\"position\":1,\"name\":\"Prima pagin\u0103\",\"item\":\"https:\/\/jucarii-lemn-online.ro\/hu\/\"},{\"@type\":\"ListItem\",\"position\":2,\"name\":\"Shop\",\"item\":\"https:\/\/jucarii-lemn-online.ro\/hu\/shop-2\/\"},{\"@type\":\"ListItem\",\"position\":3,\"name\":\"Elefant pui Lemnivor\"}]},{\"@type\":\"WebSite\",\"@id\":\"https:\/\/jucarii-lemn-online.ro\/#website\",\"url\":\"https:\/\/jucarii-lemn-online.ro\/\",\"name\":\"Juc\u0103rii din lemn fabricate \u00een Rom\u00e2nia!\",\"description\":\"Juc\u0103rii din lemn fabricate \u00een Rom\u00e2nia!\",\"potentialAction\":[{\"@type\":\"SearchAction\",\"target\":{\"@type\":\"EntryPoint\",\"urlTemplate\":\"https:\/\/jucarii-lemn-online.ro\/?s={search_term_string}\"},\"query-input\":{\"@type\":\"PropertyValueSpecification\",\"valueRequired\":true,\"valueName\":\"search_term_string\"}}],\"inLanguage\":\"hu\"}]}<\/script>\n<!-- \/ Yoast SEO plugin. -->","yoast_head_json":{"title":"Elefant pui Lemnivor - Juc\u0103rii din lemn fabricate \u00een Rom\u00e2nia!","description":"Pui de elefant Waldorf realizat manual din lemn de esenta tare.Este tratat doar cu ulei mineral -\u00a0 culoarea este naturala, nu este baituit, vopsit sau lacuit.Deoarece este realizat din esente diferite de lemn, culoarea jucariilor poate fi diferita de cea vizibila in fotografii. Imaginile afisate sunt doar cu titlu de prezentare.Lungimea jucariei: 8 cm","robots":{"index":"index","follow":"follow","max-snippet":"max-snippet:-1","max-image-preview":"max-image-preview:large","max-video-preview":"max-video-preview:-1"},"canonical":"https:\/\/jucarii-lemn-online.ro\/produs\/elefant-pui-lemnivor\/","og_locale":"hu_HU","og_type":"article","og_title":"Elefant pui Lemnivor - Juc\u0103rii din lemn fabricate \u00een Rom\u00e2nia!","og_description":"Pui de elefant Waldorf realizat manual din lemn de esenta tare.Este tratat doar cu ulei mineral -\u00a0 culoarea este naturala, nu este baituit, vopsit sau lacuit.Deoarece este realizat din esente diferite de lemn, culoarea jucariilor poate fi diferita de cea vizibila in fotografii. Imaginile afisate sunt doar cu titlu de prezentare.Lungimea jucariei: 8 cm","og_url":"https:\/\/jucarii-lemn-online.ro\/produs\/elefant-pui-lemnivor\/","og_site_name":"Juc\u0103rii din lemn fabricate \u00een Rom\u00e2nia!","article_modified_time":"2026-03-02T06:16:59+00:00","og_image":[{"width":1024,"height":683,"url":"https:\/\/jucarii-lemn-online.ro\/wp-content\/uploads\/2025\/01\/Polish_20250115_115049493-1024x683.png","type":"image\/png"}],"twitter_card":"summary_large_image","twitter_misc":{"Becs\u00fclt olvas\u00e1si id\u0151":"1 perc"},"schema":{"@context":"https:\/\/schema.org","@graph":[{"@type":"WebPage","@id":"https:\/\/jucarii-lemn-online.ro\/produs\/elefant-pui-lemnivor\/","url":"https:\/\/jucarii-lemn-online.ro\/produs\/elefant-pui-lemnivor\/","name":"Elefant pui Lemnivor - Juc\u0103rii din lemn fabricate \u00een Rom\u00e2nia!","isPartOf":{"@id":"https:\/\/jucarii-lemn-online.ro\/#website"},"primaryImageOfPage":{"@id":"https:\/\/jucarii-lemn-online.ro\/produs\/elefant-pui-lemnivor\/#primaryimage"},"image":{"@id":"https:\/\/jucarii-lemn-online.ro\/produs\/elefant-pui-lemnivor\/#primaryimage"},"thumbnailUrl":"https:\/\/jucarii-lemn-online.ro\/wp-content\/uploads\/2025\/01\/Polish_20250115_115049493.png","datePublished":"2025-01-03T10:33:07+00:00","dateModified":"2026-03-02T06:16:59+00:00","description":"Pui de elefant Waldorf realizat manual din lemn de esenta tare.Este tratat doar cu ulei mineral -\u00a0 culoarea este naturala, nu este baituit, vopsit sau lacuit.Deoarece este realizat din esente diferite de lemn, culoarea jucariilor poate fi diferita de cea vizibila in fotografii. Imaginile afisate sunt doar cu titlu de prezentare.Lungimea jucariei: 8 cm","breadcrumb":{"@id":"https:\/\/jucarii-lemn-online.ro\/produs\/elefant-pui-lemnivor\/#breadcrumb"},"inLanguage":"hu","potentialAction":[{"@type":"ReadAction","target":["https:\/\/jucarii-lemn-online.ro\/produs\/elefant-pui-lemnivor\/"]}]},{"@type":"ImageObject","inLanguage":"hu","@id":"https:\/\/jucarii-lemn-online.ro\/produs\/elefant-pui-lemnivor\/#primaryimage","url":"https:\/\/jucarii-lemn-online.ro\/wp-content\/uploads\/2025\/01\/Polish_20250115_115049493.png","contentUrl":"https:\/\/jucarii-lemn-online.ro\/wp-content\/uploads\/2025\/01\/Polish_20250115_115049493.png","width":4096,"height":2731},{"@type":"BreadcrumbList","@id":"https:\/\/jucarii-lemn-online.ro\/produs\/elefant-pui-lemnivor\/#breadcrumb","itemListElement":[{"@type":"ListItem","position":1,"name":"Prima pagin\u0103","item":"https:\/\/jucarii-lemn-online.ro\/hu\/"},{"@type":"ListItem","position":2,"name":"Shop","item":"https:\/\/jucarii-lemn-online.ro\/hu\/shop-2\/"},{"@type":"ListItem","position":3,"name":"Elefant pui Lemnivor"}]},{"@type":"WebSite","@id":"https:\/\/jucarii-lemn-online.ro\/#website","url":"https:\/\/jucarii-lemn-online.ro\/","name":"Juc\u0103rii din lemn fabricate \u00een Rom\u00e2nia!","description":"Juc\u0103rii din lemn fabricate \u00een Rom\u00e2nia!","potentialAction":[{"@type":"SearchAction","target":{"@type":"EntryPoint","urlTemplate":"https:\/\/jucarii-lemn-online.ro\/?s={search_term_string}"},"query-input":{"@type":"PropertyValueSpecification","valueRequired":true,"valueName":"search_term_string"}}],"inLanguage":"hu"}]}},"_links":{"self":[{"href":"https:\/\/jucarii-lemn-online.ro\/hu\/wp-json\/wp\/v2\/product\/4786","targetHints":{"allow":["GET"]}}],"collection":[{"href":"https:\/\/jucarii-lemn-online.ro\/hu\/wp-json\/wp\/v2\/product"}],"about":[{"href":"https:\/\/jucarii-lemn-online.ro\/hu\/wp-json\/wp\/v2\/types\/product"}],"wp:featuredmedia":[{"embeddable":true,"href":"https:\/\/jucarii-lemn-online.ro\/hu\/wp-json\/wp\/v2\/media\/4791"}],"wp:attachment":[{"href":"https:\/\/jucarii-lemn-online.ro\/hu\/wp-json\/wp\/v2\/media?parent=4786"}],"wp:term":[{"taxonomy":"product_brand","embeddable":true,"href":"https:\/\/jucarii-lemn-online.ro\/hu\/wp-json\/wp\/v2\/product_brand?post=4786"},{"taxonomy":"product_cat","embeddable":true,"href":"https:\/\/jucarii-lemn-online.ro\/hu\/wp-json\/wp\/v2\/product_cat?post=4786"},{"taxonomy":"product_tag","embeddable":true,"href":"https:\/\/jucarii-lemn-online.ro\/hu\/wp-json\/wp\/v2\/product_tag?post=4786"}],"curies":[{"name":"wp","href":"https:\/\/api.w.org\/{rel}","templated":true}]}}