{"id":4723,"date":"2024-10-28T16:39:11","date_gmt":"2024-10-28T14:39:11","guid":{"rendered":"https:\/\/jucarii-lemn-online.ro\/?post_type=product&#038;p=4723"},"modified":"2026-01-16T13:17:05","modified_gmt":"2026-01-16T11:17:05","slug":"set-5-dinozauri-din-lemn-kuc","status":"publish","type":"product","link":"https:\/\/jucarii-lemn-online.ro\/hu\/produs\/set-5-dinozauri-din-lemn-kuc\/","title":{"rendered":"Set 5 dinozauri diferite &#8211; figurine lemn Kuck\u00f3m"},"content":{"rendered":"<ul>\n<li>Figurinele \u201eKuck\u00f3m\u201d sunt lucrate manual din materiale naturale \u0219i biodegradabile, prietenoase cu mediul \u0219i sigure pentru cei mici. Culorile lor sunt ob\u021binute cu vopsea cretat\u0103 Annie Sloan, non-toxic\u0103, \u0219i finisate cu cear\u0103 natural\u0103 de albine. Acestea sunt adesea folosite \u00een activit\u0103\u021bile educa\u021bionale de tip Montessori sau Waldorf.<\/li>\n<\/ul>\n<p>Setul con\u021bine urm\u0103toarele modele:<\/p>\n<p>-brachiosaurus<\/p>\n<p>-tyrannosaurus rex<\/p>\n<p>-stegosaurus mare<\/p>\n<p>-triceratops<\/p>\n<p>-stegosaurus mic<\/p>\n<p>&nbsp;<\/p>\n","protected":false},"excerpt":{"rendered":"<p>\u201eKuck\u00f3m\u201d aduce \u00een colec\u021bia ta figurine realizate manual, confec\u021bionate exclusiv din materiale naturale, biodegradabile \u0219i sigure pentru copii. Pentru colorare se utilizeaz\u0103 vopsea cu cret\u0103 Annie Sloan, non-toxic\u0103, \u00een combina\u021bie cu cear\u0103 de albine natural\u0103.<\/p>\n","protected":false},"featured_media":4725,"template":"","meta":[],"product_brand":[],"product_cat":[87],"product_tag":[167,161,249,162,165],"class_list":{"0":"post-4723","1":"product","2":"type-product","3":"status-publish","4":"has-post-thumbnail","6":"product_cat-kuckom","7":"product_tag-brachiosaurus","8":"product_tag-dinozaur","9":"product_tag-stego","10":"product_tag-triceratops","11":"product_tag-tyrannosaurus-rex","13":"first","14":"instock","15":"sale","16":"shipping-taxable","17":"purchasable","18":"product-type-simple"},"yoast_head":"<!-- This site is optimized with the Yoast SEO plugin v24.5 - https:\/\/yoast.com\/wordpress\/plugins\/seo\/ -->\n<title>Set 5 dinozauri diferite - figurine lemn Kuck\u00f3m - Juc\u0103rii din lemn fabricate \u00een Rom\u00e2nia!<\/title>\n<meta name=\"description\" content=\"Contine urmatoarele modele:-brachiosaurus-tyrannosaurus rex-stegosaurus mare-triceratops-stegosaurus mic\" \/>\n<meta name=\"robots\" content=\"index, follow, max-snippet:-1, max-image-preview:large, max-video-preview:-1\" \/>\n<link rel=\"canonical\" href=\"https:\/\/jucarii-lemn-online.ro\/produs\/set-5-dinozauri-din-lemn-kuc\/\" \/>\n<meta property=\"og:locale\" content=\"hu_HU\" \/>\n<meta property=\"og:type\" content=\"article\" \/>\n<meta property=\"og:title\" content=\"Set 5 dinozauri diferite - figurine lemn Kuck\u00f3m - Juc\u0103rii din lemn fabricate \u00een Rom\u00e2nia!\" \/>\n<meta property=\"og:description\" content=\"Contine urmatoarele modele:-brachiosaurus-tyrannosaurus rex-stegosaurus mare-triceratops-stegosaurus mic\" \/>\n<meta property=\"og:url\" content=\"https:\/\/jucarii-lemn-online.ro\/produs\/set-5-dinozauri-din-lemn-kuc\/\" \/>\n<meta property=\"og:site_name\" content=\"Juc\u0103rii din lemn fabricate \u00een Rom\u00e2nia!\" \/>\n<meta property=\"article:modified_time\" content=\"2026-01-16T11:17:05+00:00\" \/>\n<meta property=\"og:image\" content=\"https:\/\/jucarii-lemn-online.ro\/wp-content\/uploads\/2024\/10\/IMG_20230311_075830_721-scaled.jpg\" \/>\n\t<meta property=\"og:image:width\" content=\"2560\" \/>\n\t<meta property=\"og:image:height\" content=\"2560\" \/>\n\t<meta property=\"og:image:type\" content=\"image\/jpeg\" \/>\n<meta name=\"twitter:card\" content=\"summary_large_image\" \/>\n<meta name=\"twitter:label1\" content=\"Becs\u00fclt olvas\u00e1si id\u0151\" \/>\n\t<meta name=\"twitter:data1\" content=\"1 perc\" \/>\n<script type=\"application\/ld+json\" class=\"yoast-schema-graph\">{\"@context\":\"https:\/\/schema.org\",\"@graph\":[{\"@type\":\"WebPage\",\"@id\":\"https:\/\/jucarii-lemn-online.ro\/produs\/set-5-dinozauri-din-lemn-kuc\/\",\"url\":\"https:\/\/jucarii-lemn-online.ro\/produs\/set-5-dinozauri-din-lemn-kuc\/\",\"name\":\"Set 5 dinozauri diferite - figurine lemn Kuck\u00f3m - Juc\u0103rii din lemn fabricate \u00een Rom\u00e2nia!\",\"isPartOf\":{\"@id\":\"https:\/\/jucarii-lemn-online.ro\/#website\"},\"primaryImageOfPage\":{\"@id\":\"https:\/\/jucarii-lemn-online.ro\/produs\/set-5-dinozauri-din-lemn-kuc\/#primaryimage\"},\"image\":{\"@id\":\"https:\/\/jucarii-lemn-online.ro\/produs\/set-5-dinozauri-din-lemn-kuc\/#primaryimage\"},\"thumbnailUrl\":\"https:\/\/jucarii-lemn-online.ro\/wp-content\/uploads\/2024\/10\/IMG_20230311_075830_721-scaled.jpg\",\"datePublished\":\"2024-10-28T14:39:11+00:00\",\"dateModified\":\"2026-01-16T11:17:05+00:00\",\"description\":\"Contine urmatoarele modele:-brachiosaurus-tyrannosaurus rex-stegosaurus mare-triceratops-stegosaurus mic\",\"breadcrumb\":{\"@id\":\"https:\/\/jucarii-lemn-online.ro\/produs\/set-5-dinozauri-din-lemn-kuc\/#breadcrumb\"},\"inLanguage\":\"hu\",\"potentialAction\":[{\"@type\":\"ReadAction\",\"target\":[\"https:\/\/jucarii-lemn-online.ro\/produs\/set-5-dinozauri-din-lemn-kuc\/\"]}]},{\"@type\":\"ImageObject\",\"inLanguage\":\"hu\",\"@id\":\"https:\/\/jucarii-lemn-online.ro\/produs\/set-5-dinozauri-din-lemn-kuc\/#primaryimage\",\"url\":\"https:\/\/jucarii-lemn-online.ro\/wp-content\/uploads\/2024\/10\/IMG_20230311_075830_721-scaled.jpg\",\"contentUrl\":\"https:\/\/jucarii-lemn-online.ro\/wp-content\/uploads\/2024\/10\/IMG_20230311_075830_721-scaled.jpg\",\"width\":2560,\"height\":2560},{\"@type\":\"BreadcrumbList\",\"@id\":\"https:\/\/jucarii-lemn-online.ro\/produs\/set-5-dinozauri-din-lemn-kuc\/#breadcrumb\",\"itemListElement\":[{\"@type\":\"ListItem\",\"position\":1,\"name\":\"Prima pagin\u0103\",\"item\":\"https:\/\/jucarii-lemn-online.ro\/hu\/\"},{\"@type\":\"ListItem\",\"position\":2,\"name\":\"Shop\",\"item\":\"https:\/\/jucarii-lemn-online.ro\/hu\/shop-2\/\"},{\"@type\":\"ListItem\",\"position\":3,\"name\":\"Set 5 dinozauri diferite &#8211; figurine lemn Kuck\u00f3m\"}]},{\"@type\":\"WebSite\",\"@id\":\"https:\/\/jucarii-lemn-online.ro\/#website\",\"url\":\"https:\/\/jucarii-lemn-online.ro\/\",\"name\":\"Juc\u0103rii din lemn fabricate \u00een Rom\u00e2nia!\",\"description\":\"Juc\u0103rii din lemn fabricate \u00een Rom\u00e2nia!\",\"potentialAction\":[{\"@type\":\"SearchAction\",\"target\":{\"@type\":\"EntryPoint\",\"urlTemplate\":\"https:\/\/jucarii-lemn-online.ro\/?s={search_term_string}\"},\"query-input\":{\"@type\":\"PropertyValueSpecification\",\"valueRequired\":true,\"valueName\":\"search_term_string\"}}],\"inLanguage\":\"hu\"}]}<\/script>\n<!-- \/ Yoast SEO plugin. -->","yoast_head_json":{"title":"Set 5 dinozauri diferite - figurine lemn Kuck\u00f3m - Juc\u0103rii din lemn fabricate \u00een Rom\u00e2nia!","description":"Contine urmatoarele modele:-brachiosaurus-tyrannosaurus rex-stegosaurus mare-triceratops-stegosaurus mic","robots":{"index":"index","follow":"follow","max-snippet":"max-snippet:-1","max-image-preview":"max-image-preview:large","max-video-preview":"max-video-preview:-1"},"canonical":"https:\/\/jucarii-lemn-online.ro\/produs\/set-5-dinozauri-din-lemn-kuc\/","og_locale":"hu_HU","og_type":"article","og_title":"Set 5 dinozauri diferite - figurine lemn Kuck\u00f3m - Juc\u0103rii din lemn fabricate \u00een Rom\u00e2nia!","og_description":"Contine urmatoarele modele:-brachiosaurus-tyrannosaurus rex-stegosaurus mare-triceratops-stegosaurus mic","og_url":"https:\/\/jucarii-lemn-online.ro\/produs\/set-5-dinozauri-din-lemn-kuc\/","og_site_name":"Juc\u0103rii din lemn fabricate \u00een Rom\u00e2nia!","article_modified_time":"2026-01-16T11:17:05+00:00","og_image":[{"width":2560,"height":2560,"url":"https:\/\/jucarii-lemn-online.ro\/wp-content\/uploads\/2024\/10\/IMG_20230311_075830_721-scaled.jpg","type":"image\/jpeg"}],"twitter_card":"summary_large_image","twitter_misc":{"Becs\u00fclt olvas\u00e1si id\u0151":"1 perc"},"schema":{"@context":"https:\/\/schema.org","@graph":[{"@type":"WebPage","@id":"https:\/\/jucarii-lemn-online.ro\/produs\/set-5-dinozauri-din-lemn-kuc\/","url":"https:\/\/jucarii-lemn-online.ro\/produs\/set-5-dinozauri-din-lemn-kuc\/","name":"Set 5 dinozauri diferite - figurine lemn Kuck\u00f3m - Juc\u0103rii din lemn fabricate \u00een Rom\u00e2nia!","isPartOf":{"@id":"https:\/\/jucarii-lemn-online.ro\/#website"},"primaryImageOfPage":{"@id":"https:\/\/jucarii-lemn-online.ro\/produs\/set-5-dinozauri-din-lemn-kuc\/#primaryimage"},"image":{"@id":"https:\/\/jucarii-lemn-online.ro\/produs\/set-5-dinozauri-din-lemn-kuc\/#primaryimage"},"thumbnailUrl":"https:\/\/jucarii-lemn-online.ro\/wp-content\/uploads\/2024\/10\/IMG_20230311_075830_721-scaled.jpg","datePublished":"2024-10-28T14:39:11+00:00","dateModified":"2026-01-16T11:17:05+00:00","description":"Contine urmatoarele modele:-brachiosaurus-tyrannosaurus rex-stegosaurus mare-triceratops-stegosaurus mic","breadcrumb":{"@id":"https:\/\/jucarii-lemn-online.ro\/produs\/set-5-dinozauri-din-lemn-kuc\/#breadcrumb"},"inLanguage":"hu","potentialAction":[{"@type":"ReadAction","target":["https:\/\/jucarii-lemn-online.ro\/produs\/set-5-dinozauri-din-lemn-kuc\/"]}]},{"@type":"ImageObject","inLanguage":"hu","@id":"https:\/\/jucarii-lemn-online.ro\/produs\/set-5-dinozauri-din-lemn-kuc\/#primaryimage","url":"https:\/\/jucarii-lemn-online.ro\/wp-content\/uploads\/2024\/10\/IMG_20230311_075830_721-scaled.jpg","contentUrl":"https:\/\/jucarii-lemn-online.ro\/wp-content\/uploads\/2024\/10\/IMG_20230311_075830_721-scaled.jpg","width":2560,"height":2560},{"@type":"BreadcrumbList","@id":"https:\/\/jucarii-lemn-online.ro\/produs\/set-5-dinozauri-din-lemn-kuc\/#breadcrumb","itemListElement":[{"@type":"ListItem","position":1,"name":"Prima pagin\u0103","item":"https:\/\/jucarii-lemn-online.ro\/hu\/"},{"@type":"ListItem","position":2,"name":"Shop","item":"https:\/\/jucarii-lemn-online.ro\/hu\/shop-2\/"},{"@type":"ListItem","position":3,"name":"Set 5 dinozauri diferite &#8211; figurine lemn Kuck\u00f3m"}]},{"@type":"WebSite","@id":"https:\/\/jucarii-lemn-online.ro\/#website","url":"https:\/\/jucarii-lemn-online.ro\/","name":"Juc\u0103rii din lemn fabricate \u00een Rom\u00e2nia!","description":"Juc\u0103rii din lemn fabricate \u00een Rom\u00e2nia!","potentialAction":[{"@type":"SearchAction","target":{"@type":"EntryPoint","urlTemplate":"https:\/\/jucarii-lemn-online.ro\/?s={search_term_string}"},"query-input":{"@type":"PropertyValueSpecification","valueRequired":true,"valueName":"search_term_string"}}],"inLanguage":"hu"}]}},"_links":{"self":[{"href":"https:\/\/jucarii-lemn-online.ro\/hu\/wp-json\/wp\/v2\/product\/4723","targetHints":{"allow":["GET"]}}],"collection":[{"href":"https:\/\/jucarii-lemn-online.ro\/hu\/wp-json\/wp\/v2\/product"}],"about":[{"href":"https:\/\/jucarii-lemn-online.ro\/hu\/wp-json\/wp\/v2\/types\/product"}],"wp:featuredmedia":[{"embeddable":true,"href":"https:\/\/jucarii-lemn-online.ro\/hu\/wp-json\/wp\/v2\/media\/4725"}],"wp:attachment":[{"href":"https:\/\/jucarii-lemn-online.ro\/hu\/wp-json\/wp\/v2\/media?parent=4723"}],"wp:term":[{"taxonomy":"product_brand","embeddable":true,"href":"https:\/\/jucarii-lemn-online.ro\/hu\/wp-json\/wp\/v2\/product_brand?post=4723"},{"taxonomy":"product_cat","embeddable":true,"href":"https:\/\/jucarii-lemn-online.ro\/hu\/wp-json\/wp\/v2\/product_cat?post=4723"},{"taxonomy":"product_tag","embeddable":true,"href":"https:\/\/jucarii-lemn-online.ro\/hu\/wp-json\/wp\/v2\/product_tag?post=4723"}],"curies":[{"name":"wp","href":"https:\/\/api.w.org\/{rel}","templated":true}]}}