{"id":4627,"date":"2024-04-11T15:45:04","date_gmt":"2024-04-11T13:45:04","guid":{"rendered":"https:\/\/jucarii-lemn-online.ro\/?post_type=product&#038;p=4627"},"modified":"2025-09-11T11:35:03","modified_gmt":"2025-09-11T09:35:03","slug":"joc-de-societate-2-in-1-table-si-sah-3-x-3-cm-maro","status":"publish","type":"product","link":"https:\/\/jucarii-lemn-online.ro\/hu\/produs\/joc-de-societate-2-in-1-table-si-sah-3-x-3-cm-maro\/","title":{"rendered":"Joc de societate 2 \u00een 1 : table \u0219i \u0219ah 26 x 26 cm, maro"},"content":{"rendered":"<p data-start=\"99\" data-end=\"355\">Descoper\u0103 un set 2 \u00een 1 cu jocuri de societate clasice: \u0219ah pe partea exterioar\u0103 \u0219i table \u00een interior. Cutia elegant\u0103 este l\u0103cuit\u0103 complet, at\u00e2t la exterior, c\u00e2t \u0219i la interior, \u0219i decorat\u0103 manual cu linii \u0219i motive tradi\u021bionale gravate.<\/p>\n<p data-start=\"357\" data-end=\"378\">Con\u021binutul setului:<\/p>\n<ul data-start=\"379\" data-end=\"490\">\n<li data-start=\"379\" data-end=\"430\">\n<p data-start=\"381\" data-end=\"430\">32 de piese de \u0219ah l\u0103cuite (16 albe \u0219i 16 maro)<\/p>\n<\/li>\n<li data-start=\"431\" data-end=\"466\">\n<p data-start=\"433\" data-end=\"466\">30 puluri pentru jocul de table<\/p>\n<\/li>\n<li data-start=\"467\" data-end=\"490\">\n<p data-start=\"469\" data-end=\"490\">o pereche de zaruri<\/p>\n<\/li>\n<\/ul>\n","protected":false},"excerpt":{"rendered":"<p data-start=\"99\" data-end=\"355\">Descoper\u0103 un set 2 \u00een 1 cu jocuri de societate clasice: \u0219ah pe partea exterioar\u0103 \u0219i table \u00een interior. Cutia elegant\u0103 este l\u0103cuit\u0103 complet, at\u00e2t la exterior, c\u00e2t \u0219i la interior, \u0219i decorat\u0103 manual cu linii \u0219i motive tradi\u021bionale gravate.<\/p>\n<p data-start=\"357\" data-end=\"378\">Con\u021binutul setului:<\/p>\n<ul data-start=\"379\" data-end=\"490\">\n<li data-start=\"379\" data-end=\"430\">\n<p data-start=\"381\" data-end=\"430\">32 de piese de \u0219ah l\u0103cuite (16 albe \u0219i 16 maro)<\/p>\n<\/li>\n<li data-start=\"431\" data-end=\"466\">\n<p data-start=\"433\" data-end=\"466\">30 puluri pentru jocul de table<\/p>\n<\/li>\n<li data-start=\"467\" data-end=\"490\">\n<p data-start=\"469\" data-end=\"490\">o pereche de zaruri<\/p>\n<\/li>\n<\/ul>\n","protected":false},"featured_media":4710,"template":"","meta":[],"product_brand":[],"product_cat":[88],"product_tag":[184,244,245],"class_list":{"0":"post-4627","1":"product","2":"type-product","3":"status-publish","4":"has-post-thumbnail","6":"product_cat-jocsah","7":"product_tag-joc-societate","8":"product_tag-sah","9":"product_tag-table","11":"first","12":"instock","13":"shipping-taxable","14":"purchasable","15":"product-type-simple"},"yoast_head":"<!-- This site is optimized with the Yoast SEO plugin v24.5 - https:\/\/yoast.com\/wordpress\/plugins\/seo\/ -->\n<title>Joc de societate 2 \u00een 1 : table \u0219i \u0219ah 26 x 26 cm, maro - Juc\u0103rii din lemn fabricate \u00een Rom\u00e2nia!<\/title>\n<meta name=\"description\" content=\"Doua jocuri de societate intr-un singur set: sah pe partea exterioara si table in interior.Cutia este lacuita atat in interior cat si in exterior, gravata manual cu linii si decoratiuni traditionale.Partea de sah contine:-32 piese, figurine de sah (16 albe si 16 maro) lacuite-30 puluri pentru jocul de table-o pereche de zaruri\" \/>\n<meta name=\"robots\" content=\"index, follow, max-snippet:-1, max-image-preview:large, max-video-preview:-1\" \/>\n<link rel=\"canonical\" href=\"https:\/\/jucarii-lemn-online.ro\/produs\/joc-de-societate-2-in-1-table-si-sah-3-x-3-cm-maro\/\" \/>\n<meta property=\"og:locale\" content=\"hu_HU\" \/>\n<meta property=\"og:type\" content=\"article\" \/>\n<meta property=\"og:title\" content=\"Joc de societate 2 \u00een 1 : table \u0219i \u0219ah 26 x 26 cm, maro - Juc\u0103rii din lemn fabricate \u00een Rom\u00e2nia!\" \/>\n<meta property=\"og:description\" content=\"Doua jocuri de societate intr-un singur set: sah pe partea exterioara si table in interior.Cutia este lacuita atat in interior cat si in exterior, gravata manual cu linii si decoratiuni traditionale.Partea de sah contine:-32 piese, figurine de sah (16 albe si 16 maro) lacuite-30 puluri pentru jocul de table-o pereche de zaruri\" \/>\n<meta property=\"og:url\" content=\"https:\/\/jucarii-lemn-online.ro\/produs\/joc-de-societate-2-in-1-table-si-sah-3-x-3-cm-maro\/\" \/>\n<meta property=\"og:site_name\" content=\"Juc\u0103rii din lemn fabricate \u00een Rom\u00e2nia!\" \/>\n<meta property=\"article:modified_time\" content=\"2025-09-11T09:35:03+00:00\" \/>\n<meta property=\"og:image\" content=\"https:\/\/jucarii-lemn-online.ro\/wp-content\/uploads\/2024\/04\/IMG_20241008_231146-1024x768.png\" \/>\n\t<meta property=\"og:image:width\" content=\"1024\" \/>\n\t<meta property=\"og:image:height\" content=\"768\" \/>\n\t<meta property=\"og:image:type\" content=\"image\/png\" \/>\n<meta name=\"twitter:card\" content=\"summary_large_image\" \/>\n<meta name=\"twitter:label1\" content=\"Becs\u00fclt olvas\u00e1si id\u0151\" \/>\n\t<meta name=\"twitter:data1\" content=\"1 perc\" \/>\n<script type=\"application\/ld+json\" class=\"yoast-schema-graph\">{\"@context\":\"https:\/\/schema.org\",\"@graph\":[{\"@type\":\"WebPage\",\"@id\":\"https:\/\/jucarii-lemn-online.ro\/produs\/joc-de-societate-2-in-1-table-si-sah-3-x-3-cm-maro\/\",\"url\":\"https:\/\/jucarii-lemn-online.ro\/produs\/joc-de-societate-2-in-1-table-si-sah-3-x-3-cm-maro\/\",\"name\":\"Joc de societate 2 \u00een 1 : table \u0219i \u0219ah 26 x 26 cm, maro - Juc\u0103rii din lemn fabricate \u00een Rom\u00e2nia!\",\"isPartOf\":{\"@id\":\"https:\/\/jucarii-lemn-online.ro\/#website\"},\"primaryImageOfPage\":{\"@id\":\"https:\/\/jucarii-lemn-online.ro\/produs\/joc-de-societate-2-in-1-table-si-sah-3-x-3-cm-maro\/#primaryimage\"},\"image\":{\"@id\":\"https:\/\/jucarii-lemn-online.ro\/produs\/joc-de-societate-2-in-1-table-si-sah-3-x-3-cm-maro\/#primaryimage\"},\"thumbnailUrl\":\"https:\/\/jucarii-lemn-online.ro\/wp-content\/uploads\/2024\/04\/IMG_20241008_231146.png\",\"datePublished\":\"2024-04-11T13:45:04+00:00\",\"dateModified\":\"2025-09-11T09:35:03+00:00\",\"description\":\"Doua jocuri de societate intr-un singur set: sah pe partea exterioara si table in interior.Cutia este lacuita atat in interior cat si in exterior, gravata manual cu linii si decoratiuni traditionale.Partea de sah contine:-32 piese, figurine de sah (16 albe si 16 maro) lacuite-30 puluri pentru jocul de table-o pereche de zaruri\",\"breadcrumb\":{\"@id\":\"https:\/\/jucarii-lemn-online.ro\/produs\/joc-de-societate-2-in-1-table-si-sah-3-x-3-cm-maro\/#breadcrumb\"},\"inLanguage\":\"hu\",\"potentialAction\":[{\"@type\":\"ReadAction\",\"target\":[\"https:\/\/jucarii-lemn-online.ro\/produs\/joc-de-societate-2-in-1-table-si-sah-3-x-3-cm-maro\/\"]}]},{\"@type\":\"ImageObject\",\"inLanguage\":\"hu\",\"@id\":\"https:\/\/jucarii-lemn-online.ro\/produs\/joc-de-societate-2-in-1-table-si-sah-3-x-3-cm-maro\/#primaryimage\",\"url\":\"https:\/\/jucarii-lemn-online.ro\/wp-content\/uploads\/2024\/04\/IMG_20241008_231146.png\",\"contentUrl\":\"https:\/\/jucarii-lemn-online.ro\/wp-content\/uploads\/2024\/04\/IMG_20241008_231146.png\",\"width\":4000,\"height\":3000},{\"@type\":\"BreadcrumbList\",\"@id\":\"https:\/\/jucarii-lemn-online.ro\/produs\/joc-de-societate-2-in-1-table-si-sah-3-x-3-cm-maro\/#breadcrumb\",\"itemListElement\":[{\"@type\":\"ListItem\",\"position\":1,\"name\":\"Prima pagin\u0103\",\"item\":\"https:\/\/jucarii-lemn-online.ro\/hu\/\"},{\"@type\":\"ListItem\",\"position\":2,\"name\":\"Shop\",\"item\":\"https:\/\/jucarii-lemn-online.ro\/hu\/shop-2\/\"},{\"@type\":\"ListItem\",\"position\":3,\"name\":\"Joc de societate 2 \u00een 1 : table \u0219i \u0219ah 26 x 26 cm, maro\"}]},{\"@type\":\"WebSite\",\"@id\":\"https:\/\/jucarii-lemn-online.ro\/#website\",\"url\":\"https:\/\/jucarii-lemn-online.ro\/\",\"name\":\"Juc\u0103rii din lemn fabricate \u00een Rom\u00e2nia!\",\"description\":\"Juc\u0103rii din lemn fabricate \u00een Rom\u00e2nia!\",\"potentialAction\":[{\"@type\":\"SearchAction\",\"target\":{\"@type\":\"EntryPoint\",\"urlTemplate\":\"https:\/\/jucarii-lemn-online.ro\/?s={search_term_string}\"},\"query-input\":{\"@type\":\"PropertyValueSpecification\",\"valueRequired\":true,\"valueName\":\"search_term_string\"}}],\"inLanguage\":\"hu\"}]}<\/script>\n<!-- \/ Yoast SEO plugin. -->","yoast_head_json":{"title":"Joc de societate 2 \u00een 1 : table \u0219i \u0219ah 26 x 26 cm, maro - Juc\u0103rii din lemn fabricate \u00een Rom\u00e2nia!","description":"Doua jocuri de societate intr-un singur set: sah pe partea exterioara si table in interior.Cutia este lacuita atat in interior cat si in exterior, gravata manual cu linii si decoratiuni traditionale.Partea de sah contine:-32 piese, figurine de sah (16 albe si 16 maro) lacuite-30 puluri pentru jocul de table-o pereche de zaruri","robots":{"index":"index","follow":"follow","max-snippet":"max-snippet:-1","max-image-preview":"max-image-preview:large","max-video-preview":"max-video-preview:-1"},"canonical":"https:\/\/jucarii-lemn-online.ro\/produs\/joc-de-societate-2-in-1-table-si-sah-3-x-3-cm-maro\/","og_locale":"hu_HU","og_type":"article","og_title":"Joc de societate 2 \u00een 1 : table \u0219i \u0219ah 26 x 26 cm, maro - Juc\u0103rii din lemn fabricate \u00een Rom\u00e2nia!","og_description":"Doua jocuri de societate intr-un singur set: sah pe partea exterioara si table in interior.Cutia este lacuita atat in interior cat si in exterior, gravata manual cu linii si decoratiuni traditionale.Partea de sah contine:-32 piese, figurine de sah (16 albe si 16 maro) lacuite-30 puluri pentru jocul de table-o pereche de zaruri","og_url":"https:\/\/jucarii-lemn-online.ro\/produs\/joc-de-societate-2-in-1-table-si-sah-3-x-3-cm-maro\/","og_site_name":"Juc\u0103rii din lemn fabricate \u00een Rom\u00e2nia!","article_modified_time":"2025-09-11T09:35:03+00:00","og_image":[{"width":1024,"height":768,"url":"https:\/\/jucarii-lemn-online.ro\/wp-content\/uploads\/2024\/04\/IMG_20241008_231146-1024x768.png","type":"image\/png"}],"twitter_card":"summary_large_image","twitter_misc":{"Becs\u00fclt olvas\u00e1si id\u0151":"1 perc"},"schema":{"@context":"https:\/\/schema.org","@graph":[{"@type":"WebPage","@id":"https:\/\/jucarii-lemn-online.ro\/produs\/joc-de-societate-2-in-1-table-si-sah-3-x-3-cm-maro\/","url":"https:\/\/jucarii-lemn-online.ro\/produs\/joc-de-societate-2-in-1-table-si-sah-3-x-3-cm-maro\/","name":"Joc de societate 2 \u00een 1 : table \u0219i \u0219ah 26 x 26 cm, maro - Juc\u0103rii din lemn fabricate \u00een Rom\u00e2nia!","isPartOf":{"@id":"https:\/\/jucarii-lemn-online.ro\/#website"},"primaryImageOfPage":{"@id":"https:\/\/jucarii-lemn-online.ro\/produs\/joc-de-societate-2-in-1-table-si-sah-3-x-3-cm-maro\/#primaryimage"},"image":{"@id":"https:\/\/jucarii-lemn-online.ro\/produs\/joc-de-societate-2-in-1-table-si-sah-3-x-3-cm-maro\/#primaryimage"},"thumbnailUrl":"https:\/\/jucarii-lemn-online.ro\/wp-content\/uploads\/2024\/04\/IMG_20241008_231146.png","datePublished":"2024-04-11T13:45:04+00:00","dateModified":"2025-09-11T09:35:03+00:00","description":"Doua jocuri de societate intr-un singur set: sah pe partea exterioara si table in interior.Cutia este lacuita atat in interior cat si in exterior, gravata manual cu linii si decoratiuni traditionale.Partea de sah contine:-32 piese, figurine de sah (16 albe si 16 maro) lacuite-30 puluri pentru jocul de table-o pereche de zaruri","breadcrumb":{"@id":"https:\/\/jucarii-lemn-online.ro\/produs\/joc-de-societate-2-in-1-table-si-sah-3-x-3-cm-maro\/#breadcrumb"},"inLanguage":"hu","potentialAction":[{"@type":"ReadAction","target":["https:\/\/jucarii-lemn-online.ro\/produs\/joc-de-societate-2-in-1-table-si-sah-3-x-3-cm-maro\/"]}]},{"@type":"ImageObject","inLanguage":"hu","@id":"https:\/\/jucarii-lemn-online.ro\/produs\/joc-de-societate-2-in-1-table-si-sah-3-x-3-cm-maro\/#primaryimage","url":"https:\/\/jucarii-lemn-online.ro\/wp-content\/uploads\/2024\/04\/IMG_20241008_231146.png","contentUrl":"https:\/\/jucarii-lemn-online.ro\/wp-content\/uploads\/2024\/04\/IMG_20241008_231146.png","width":4000,"height":3000},{"@type":"BreadcrumbList","@id":"https:\/\/jucarii-lemn-online.ro\/produs\/joc-de-societate-2-in-1-table-si-sah-3-x-3-cm-maro\/#breadcrumb","itemListElement":[{"@type":"ListItem","position":1,"name":"Prima pagin\u0103","item":"https:\/\/jucarii-lemn-online.ro\/hu\/"},{"@type":"ListItem","position":2,"name":"Shop","item":"https:\/\/jucarii-lemn-online.ro\/hu\/shop-2\/"},{"@type":"ListItem","position":3,"name":"Joc de societate 2 \u00een 1 : table \u0219i \u0219ah 26 x 26 cm, maro"}]},{"@type":"WebSite","@id":"https:\/\/jucarii-lemn-online.ro\/#website","url":"https:\/\/jucarii-lemn-online.ro\/","name":"Juc\u0103rii din lemn fabricate \u00een Rom\u00e2nia!","description":"Juc\u0103rii din lemn fabricate \u00een Rom\u00e2nia!","potentialAction":[{"@type":"SearchAction","target":{"@type":"EntryPoint","urlTemplate":"https:\/\/jucarii-lemn-online.ro\/?s={search_term_string}"},"query-input":{"@type":"PropertyValueSpecification","valueRequired":true,"valueName":"search_term_string"}}],"inLanguage":"hu"}]}},"_links":{"self":[{"href":"https:\/\/jucarii-lemn-online.ro\/hu\/wp-json\/wp\/v2\/product\/4627","targetHints":{"allow":["GET"]}}],"collection":[{"href":"https:\/\/jucarii-lemn-online.ro\/hu\/wp-json\/wp\/v2\/product"}],"about":[{"href":"https:\/\/jucarii-lemn-online.ro\/hu\/wp-json\/wp\/v2\/types\/product"}],"wp:featuredmedia":[{"embeddable":true,"href":"https:\/\/jucarii-lemn-online.ro\/hu\/wp-json\/wp\/v2\/media\/4710"}],"wp:attachment":[{"href":"https:\/\/jucarii-lemn-online.ro\/hu\/wp-json\/wp\/v2\/media?parent=4627"}],"wp:term":[{"taxonomy":"product_brand","embeddable":true,"href":"https:\/\/jucarii-lemn-online.ro\/hu\/wp-json\/wp\/v2\/product_brand?post=4627"},{"taxonomy":"product_cat","embeddable":true,"href":"https:\/\/jucarii-lemn-online.ro\/hu\/wp-json\/wp\/v2\/product_cat?post=4627"},{"taxonomy":"product_tag","embeddable":true,"href":"https:\/\/jucarii-lemn-online.ro\/hu\/wp-json\/wp\/v2\/product_tag?post=4627"}],"curies":[{"name":"wp","href":"https:\/\/api.w.org\/{rel}","templated":true}]}}