{"id":4619,"date":"2024-04-11T11:45:22","date_gmt":"2024-04-11T09:45:22","guid":{"rendered":"https:\/\/jucarii-lemn-online.ro\/?post_type=product&#038;p=4619"},"modified":"2025-02-22T12:01:17","modified_gmt":"2025-02-22T10:01:17","slug":"decoratiune-de-masa-iepuras-rosu","status":"publish","type":"product","link":"https:\/\/jucarii-lemn-online.ro\/hu\/produs\/decoratiune-de-masa-iepuras-rosu\/","title":{"rendered":"Set 4 decoratiune de masa, iepuras"},"content":{"rendered":"<p>Un set de 4 decoratiuni simpatice , forma de iepuras, gravate si vopsite.<\/p>\n<p>Marime 10 x 5 x 0.8 cm<\/p>\n","protected":false},"excerpt":{"rendered":"<p>Un set de decoratiuni simpatice , forma de iepuras, gravate si vopsite.<\/p>\n<p>Marime 10 x 5 x 0.8 cm<\/p>\n","protected":false},"featured_media":4835,"template":"","meta":[],"product_brand":[],"product_cat":[15],"product_tag":[255,243,193,239],"class_list":{"0":"post-4619","1":"product","2":"type-product","3":"status-publish","4":"has-post-thumbnail","6":"product_cat-fara-categorie","7":"product_tag-255","8":"product_tag-decoratiune","9":"product_tag-iepuras","10":"product_tag-paste","12":"first","13":"instock","14":"shipping-taxable","15":"purchasable","16":"product-type-simple"},"yoast_head":"<!-- This site is optimized with the Yoast SEO plugin v24.5 - https:\/\/yoast.com\/wordpress\/plugins\/seo\/ -->\n<title>Set 4 decoratiune de masa, iepuras - Juc\u0103rii din lemn fabricate \u00een Rom\u00e2nia!<\/title>\n<meta name=\"description\" content=\"Un set de decoratiuni simpatice , forma de iepuras, gravate si vopsite.Marime 10 x 5 x 0.8 cm\" \/>\n<meta name=\"robots\" content=\"index, follow, max-snippet:-1, max-image-preview:large, max-video-preview:-1\" \/>\n<link rel=\"canonical\" href=\"https:\/\/jucarii-lemn-online.ro\/produs\/decoratiune-de-masa-iepuras-rosu\/\" \/>\n<meta property=\"og:locale\" content=\"hu_HU\" \/>\n<meta property=\"og:type\" content=\"article\" \/>\n<meta property=\"og:title\" content=\"Set 4 decoratiune de masa, iepuras - Juc\u0103rii din lemn fabricate \u00een Rom\u00e2nia!\" \/>\n<meta property=\"og:description\" content=\"Un set de decoratiuni simpatice , forma de iepuras, gravate si vopsite.Marime 10 x 5 x 0.8 cm\" \/>\n<meta property=\"og:url\" content=\"https:\/\/jucarii-lemn-online.ro\/produs\/decoratiune-de-masa-iepuras-rosu\/\" \/>\n<meta property=\"og:site_name\" content=\"Juc\u0103rii din lemn fabricate \u00een Rom\u00e2nia!\" \/>\n<meta property=\"article:modified_time\" content=\"2025-02-22T10:01:17+00:00\" \/>\n<meta property=\"og:image\" content=\"https:\/\/jucarii-lemn-online.ro\/wp-content\/uploads\/2025\/02\/IMG_20250222_112054-scaled.jpg\" \/>\n\t<meta property=\"og:image:width\" content=\"2560\" \/>\n\t<meta property=\"og:image:height\" content=\"1790\" \/>\n\t<meta property=\"og:image:type\" content=\"image\/jpeg\" \/>\n<meta name=\"twitter:card\" content=\"summary_large_image\" \/>\n<meta name=\"twitter:label1\" content=\"Becs\u00fclt olvas\u00e1si id\u0151\" \/>\n\t<meta name=\"twitter:data1\" content=\"1 perc\" \/>\n<script type=\"application\/ld+json\" class=\"yoast-schema-graph\">{\"@context\":\"https:\/\/schema.org\",\"@graph\":[{\"@type\":\"WebPage\",\"@id\":\"https:\/\/jucarii-lemn-online.ro\/produs\/decoratiune-de-masa-iepuras-rosu\/\",\"url\":\"https:\/\/jucarii-lemn-online.ro\/produs\/decoratiune-de-masa-iepuras-rosu\/\",\"name\":\"Set 4 decoratiune de masa, iepuras - Juc\u0103rii din lemn fabricate \u00een Rom\u00e2nia!\",\"isPartOf\":{\"@id\":\"https:\/\/jucarii-lemn-online.ro\/#website\"},\"primaryImageOfPage\":{\"@id\":\"https:\/\/jucarii-lemn-online.ro\/produs\/decoratiune-de-masa-iepuras-rosu\/#primaryimage\"},\"image\":{\"@id\":\"https:\/\/jucarii-lemn-online.ro\/produs\/decoratiune-de-masa-iepuras-rosu\/#primaryimage\"},\"thumbnailUrl\":\"https:\/\/jucarii-lemn-online.ro\/wp-content\/uploads\/2025\/02\/IMG_20250222_112054-scaled.jpg\",\"datePublished\":\"2024-04-11T09:45:22+00:00\",\"dateModified\":\"2025-02-22T10:01:17+00:00\",\"description\":\"Un set de decoratiuni simpatice , forma de iepuras, gravate si vopsite.Marime 10 x 5 x 0.8 cm\",\"breadcrumb\":{\"@id\":\"https:\/\/jucarii-lemn-online.ro\/produs\/decoratiune-de-masa-iepuras-rosu\/#breadcrumb\"},\"inLanguage\":\"hu\",\"potentialAction\":[{\"@type\":\"ReadAction\",\"target\":[\"https:\/\/jucarii-lemn-online.ro\/produs\/decoratiune-de-masa-iepuras-rosu\/\"]}]},{\"@type\":\"ImageObject\",\"inLanguage\":\"hu\",\"@id\":\"https:\/\/jucarii-lemn-online.ro\/produs\/decoratiune-de-masa-iepuras-rosu\/#primaryimage\",\"url\":\"https:\/\/jucarii-lemn-online.ro\/wp-content\/uploads\/2025\/02\/IMG_20250222_112054-scaled.jpg\",\"contentUrl\":\"https:\/\/jucarii-lemn-online.ro\/wp-content\/uploads\/2025\/02\/IMG_20250222_112054-scaled.jpg\",\"width\":2560,\"height\":1790,\"caption\":\"Oplus_131072\"},{\"@type\":\"BreadcrumbList\",\"@id\":\"https:\/\/jucarii-lemn-online.ro\/produs\/decoratiune-de-masa-iepuras-rosu\/#breadcrumb\",\"itemListElement\":[{\"@type\":\"ListItem\",\"position\":1,\"name\":\"Prima pagin\u0103\",\"item\":\"https:\/\/jucarii-lemn-online.ro\/hu\/\"},{\"@type\":\"ListItem\",\"position\":2,\"name\":\"Shop\",\"item\":\"https:\/\/jucarii-lemn-online.ro\/hu\/shop-2\/\"},{\"@type\":\"ListItem\",\"position\":3,\"name\":\"Set 4 decoratiune de masa, iepuras\"}]},{\"@type\":\"WebSite\",\"@id\":\"https:\/\/jucarii-lemn-online.ro\/#website\",\"url\":\"https:\/\/jucarii-lemn-online.ro\/\",\"name\":\"Juc\u0103rii din lemn fabricate \u00een Rom\u00e2nia!\",\"description\":\"Juc\u0103rii din lemn fabricate \u00een Rom\u00e2nia!\",\"potentialAction\":[{\"@type\":\"SearchAction\",\"target\":{\"@type\":\"EntryPoint\",\"urlTemplate\":\"https:\/\/jucarii-lemn-online.ro\/?s={search_term_string}\"},\"query-input\":{\"@type\":\"PropertyValueSpecification\",\"valueRequired\":true,\"valueName\":\"search_term_string\"}}],\"inLanguage\":\"hu\"}]}<\/script>\n<!-- \/ Yoast SEO plugin. -->","yoast_head_json":{"title":"Set 4 decoratiune de masa, iepuras - Juc\u0103rii din lemn fabricate \u00een Rom\u00e2nia!","description":"Un set de decoratiuni simpatice , forma de iepuras, gravate si vopsite.Marime 10 x 5 x 0.8 cm","robots":{"index":"index","follow":"follow","max-snippet":"max-snippet:-1","max-image-preview":"max-image-preview:large","max-video-preview":"max-video-preview:-1"},"canonical":"https:\/\/jucarii-lemn-online.ro\/produs\/decoratiune-de-masa-iepuras-rosu\/","og_locale":"hu_HU","og_type":"article","og_title":"Set 4 decoratiune de masa, iepuras - Juc\u0103rii din lemn fabricate \u00een Rom\u00e2nia!","og_description":"Un set de decoratiuni simpatice , forma de iepuras, gravate si vopsite.Marime 10 x 5 x 0.8 cm","og_url":"https:\/\/jucarii-lemn-online.ro\/produs\/decoratiune-de-masa-iepuras-rosu\/","og_site_name":"Juc\u0103rii din lemn fabricate \u00een Rom\u00e2nia!","article_modified_time":"2025-02-22T10:01:17+00:00","og_image":[{"width":2560,"height":1790,"url":"https:\/\/jucarii-lemn-online.ro\/wp-content\/uploads\/2025\/02\/IMG_20250222_112054-scaled.jpg","type":"image\/jpeg"}],"twitter_card":"summary_large_image","twitter_misc":{"Becs\u00fclt olvas\u00e1si id\u0151":"1 perc"},"schema":{"@context":"https:\/\/schema.org","@graph":[{"@type":"WebPage","@id":"https:\/\/jucarii-lemn-online.ro\/produs\/decoratiune-de-masa-iepuras-rosu\/","url":"https:\/\/jucarii-lemn-online.ro\/produs\/decoratiune-de-masa-iepuras-rosu\/","name":"Set 4 decoratiune de masa, iepuras - Juc\u0103rii din lemn fabricate \u00een Rom\u00e2nia!","isPartOf":{"@id":"https:\/\/jucarii-lemn-online.ro\/#website"},"primaryImageOfPage":{"@id":"https:\/\/jucarii-lemn-online.ro\/produs\/decoratiune-de-masa-iepuras-rosu\/#primaryimage"},"image":{"@id":"https:\/\/jucarii-lemn-online.ro\/produs\/decoratiune-de-masa-iepuras-rosu\/#primaryimage"},"thumbnailUrl":"https:\/\/jucarii-lemn-online.ro\/wp-content\/uploads\/2025\/02\/IMG_20250222_112054-scaled.jpg","datePublished":"2024-04-11T09:45:22+00:00","dateModified":"2025-02-22T10:01:17+00:00","description":"Un set de decoratiuni simpatice , forma de iepuras, gravate si vopsite.Marime 10 x 5 x 0.8 cm","breadcrumb":{"@id":"https:\/\/jucarii-lemn-online.ro\/produs\/decoratiune-de-masa-iepuras-rosu\/#breadcrumb"},"inLanguage":"hu","potentialAction":[{"@type":"ReadAction","target":["https:\/\/jucarii-lemn-online.ro\/produs\/decoratiune-de-masa-iepuras-rosu\/"]}]},{"@type":"ImageObject","inLanguage":"hu","@id":"https:\/\/jucarii-lemn-online.ro\/produs\/decoratiune-de-masa-iepuras-rosu\/#primaryimage","url":"https:\/\/jucarii-lemn-online.ro\/wp-content\/uploads\/2025\/02\/IMG_20250222_112054-scaled.jpg","contentUrl":"https:\/\/jucarii-lemn-online.ro\/wp-content\/uploads\/2025\/02\/IMG_20250222_112054-scaled.jpg","width":2560,"height":1790,"caption":"Oplus_131072"},{"@type":"BreadcrumbList","@id":"https:\/\/jucarii-lemn-online.ro\/produs\/decoratiune-de-masa-iepuras-rosu\/#breadcrumb","itemListElement":[{"@type":"ListItem","position":1,"name":"Prima pagin\u0103","item":"https:\/\/jucarii-lemn-online.ro\/hu\/"},{"@type":"ListItem","position":2,"name":"Shop","item":"https:\/\/jucarii-lemn-online.ro\/hu\/shop-2\/"},{"@type":"ListItem","position":3,"name":"Set 4 decoratiune de masa, iepuras"}]},{"@type":"WebSite","@id":"https:\/\/jucarii-lemn-online.ro\/#website","url":"https:\/\/jucarii-lemn-online.ro\/","name":"Juc\u0103rii din lemn fabricate \u00een Rom\u00e2nia!","description":"Juc\u0103rii din lemn fabricate \u00een Rom\u00e2nia!","potentialAction":[{"@type":"SearchAction","target":{"@type":"EntryPoint","urlTemplate":"https:\/\/jucarii-lemn-online.ro\/?s={search_term_string}"},"query-input":{"@type":"PropertyValueSpecification","valueRequired":true,"valueName":"search_term_string"}}],"inLanguage":"hu"}]}},"_links":{"self":[{"href":"https:\/\/jucarii-lemn-online.ro\/hu\/wp-json\/wp\/v2\/product\/4619","targetHints":{"allow":["GET"]}}],"collection":[{"href":"https:\/\/jucarii-lemn-online.ro\/hu\/wp-json\/wp\/v2\/product"}],"about":[{"href":"https:\/\/jucarii-lemn-online.ro\/hu\/wp-json\/wp\/v2\/types\/product"}],"wp:featuredmedia":[{"embeddable":true,"href":"https:\/\/jucarii-lemn-online.ro\/hu\/wp-json\/wp\/v2\/media\/4835"}],"wp:attachment":[{"href":"https:\/\/jucarii-lemn-online.ro\/hu\/wp-json\/wp\/v2\/media?parent=4619"}],"wp:term":[{"taxonomy":"product_brand","embeddable":true,"href":"https:\/\/jucarii-lemn-online.ro\/hu\/wp-json\/wp\/v2\/product_brand?post=4619"},{"taxonomy":"product_cat","embeddable":true,"href":"https:\/\/jucarii-lemn-online.ro\/hu\/wp-json\/wp\/v2\/product_cat?post=4619"},{"taxonomy":"product_tag","embeddable":true,"href":"https:\/\/jucarii-lemn-online.ro\/hu\/wp-json\/wp\/v2\/product_tag?post=4619"}],"curies":[{"name":"wp","href":"https:\/\/api.w.org\/{rel}","templated":true}]}}