{"id":4545,"date":"2024-02-11T15:48:04","date_gmt":"2024-02-11T13:48:04","guid":{"rendered":"https:\/\/jucarii-lemn-online.ro\/?post_type=product&#038;p=4545"},"modified":"2025-10-02T18:36:52","modified_gmt":"2025-10-02T16:36:52","slug":"baza-lemn-pentru-cusut-inima","status":"publish","type":"product","link":"https:\/\/jucarii-lemn-online.ro\/hu\/produs\/baza-lemn-pentru-cusut-inima\/","title":{"rendered":"Baza placaj pentru cusut &#8211; inim\u0103"},"content":{"rendered":"<p>Las\u0103-\u021bi imagina\u021bia liber\u0103 cu aceast\u0103 baz\u0103 perforat\u0103 din placaj!<br data-start=\"630\" data-end=\"633\" \/>Blank-ul este oferit \u00een stare natural\u0103, f\u0103r\u0103 lac \u0219i f\u0103r\u0103 alte componente, pentru ca tu s\u0103 \u00eel personalizezi dup\u0103 plac.<\/p>\n<p>Dimensiuni: 10 x 9 cm<\/p>\n<p>Grosime 3 mm.<\/p>\n","protected":false},"excerpt":{"rendered":"<p>Las\u0103-\u021bi imagina\u021bia liber\u0103 cu aceast\u0103 baz\u0103 perforat\u0103 din placaj!<br data-start=\"630\" data-end=\"633\" \/>Blank-ul este oferit \u00een stare natural\u0103, f\u0103r\u0103 lac \u0219i f\u0103r\u0103 alte componente, pentru ca tu s\u0103 \u00eel personalizezi dup\u0103 plac.<\/p>\n<p>Dimensiuni: 10 x 9 cm<\/p>\n<p>Grosime 3 mm.<\/p>\n","protected":false},"featured_media":4568,"template":"","meta":[],"product_brand":[],"product_cat":[117],"product_tag":[234,238],"class_list":{"0":"post-4545","1":"product","2":"type-product","3":"status-publish","4":"has-post-thumbnail","6":"product_cat-jucarii-woodentoys","7":"product_tag-baza-cusut","8":"product_tag-inima","10":"first","11":"instock","12":"shipping-taxable","13":"purchasable","14":"product-type-simple"},"yoast_head":"<!-- This site is optimized with the Yoast SEO plugin v24.5 - https:\/\/yoast.com\/wordpress\/plugins\/seo\/ -->\n<title>Baza placaj pentru cusut - inim\u0103 - Juc\u0103rii din lemn fabricate \u00een Rom\u00e2nia!<\/title>\n<meta name=\"description\" content=\"Baza perforat pentru cusut din placaj .Poate fi transformat in diferite bijuterii, magnet de frigider sau breloc.Blank-ul vine simplu, fara alte componente, nelacuit.Dimensiuni: 10 x 9 cmPretul afisat este pe bucata.Grosime 3 mm.\" \/>\n<meta name=\"robots\" content=\"index, follow, max-snippet:-1, max-image-preview:large, max-video-preview:-1\" \/>\n<link rel=\"canonical\" href=\"https:\/\/jucarii-lemn-online.ro\/produs\/baza-lemn-pentru-cusut-inima\/\" \/>\n<meta property=\"og:locale\" content=\"hu_HU\" \/>\n<meta property=\"og:type\" content=\"article\" \/>\n<meta property=\"og:title\" content=\"Baza placaj pentru cusut - inim\u0103 - Juc\u0103rii din lemn fabricate \u00een Rom\u00e2nia!\" \/>\n<meta property=\"og:description\" content=\"Baza perforat pentru cusut din placaj .Poate fi transformat in diferite bijuterii, magnet de frigider sau breloc.Blank-ul vine simplu, fara alte componente, nelacuit.Dimensiuni: 10 x 9 cmPretul afisat este pe bucata.Grosime 3 mm.\" \/>\n<meta property=\"og:url\" content=\"https:\/\/jucarii-lemn-online.ro\/produs\/baza-lemn-pentru-cusut-inima\/\" \/>\n<meta property=\"og:site_name\" content=\"Juc\u0103rii din lemn fabricate \u00een Rom\u00e2nia!\" \/>\n<meta property=\"article:modified_time\" content=\"2025-10-02T16:36:52+00:00\" \/>\n<meta property=\"og:image\" content=\"https:\/\/jucarii-lemn-online.ro\/wp-content\/uploads\/2024\/02\/Polish_20240211_185111777.png\" \/>\n\t<meta property=\"og:image:width\" content=\"1080\" \/>\n\t<meta property=\"og:image:height\" content=\"719\" \/>\n\t<meta property=\"og:image:type\" content=\"image\/png\" \/>\n<meta name=\"twitter:card\" content=\"summary_large_image\" \/>\n<meta name=\"twitter:label1\" content=\"Becs\u00fclt olvas\u00e1si id\u0151\" \/>\n\t<meta name=\"twitter:data1\" content=\"1 perc\" \/>\n<script type=\"application\/ld+json\" class=\"yoast-schema-graph\">{\"@context\":\"https:\/\/schema.org\",\"@graph\":[{\"@type\":\"WebPage\",\"@id\":\"https:\/\/jucarii-lemn-online.ro\/produs\/baza-lemn-pentru-cusut-inima\/\",\"url\":\"https:\/\/jucarii-lemn-online.ro\/produs\/baza-lemn-pentru-cusut-inima\/\",\"name\":\"Baza placaj pentru cusut - inim\u0103 - Juc\u0103rii din lemn fabricate \u00een Rom\u00e2nia!\",\"isPartOf\":{\"@id\":\"https:\/\/jucarii-lemn-online.ro\/#website\"},\"primaryImageOfPage\":{\"@id\":\"https:\/\/jucarii-lemn-online.ro\/produs\/baza-lemn-pentru-cusut-inima\/#primaryimage\"},\"image\":{\"@id\":\"https:\/\/jucarii-lemn-online.ro\/produs\/baza-lemn-pentru-cusut-inima\/#primaryimage\"},\"thumbnailUrl\":\"https:\/\/jucarii-lemn-online.ro\/wp-content\/uploads\/2024\/02\/Polish_20240211_185111777.png\",\"datePublished\":\"2024-02-11T13:48:04+00:00\",\"dateModified\":\"2025-10-02T16:36:52+00:00\",\"description\":\"Baza perforat pentru cusut din placaj .Poate fi transformat in diferite bijuterii, magnet de frigider sau breloc.Blank-ul vine simplu, fara alte componente, nelacuit.Dimensiuni: 10 x 9 cmPretul afisat este pe bucata.Grosime 3 mm.\",\"breadcrumb\":{\"@id\":\"https:\/\/jucarii-lemn-online.ro\/produs\/baza-lemn-pentru-cusut-inima\/#breadcrumb\"},\"inLanguage\":\"hu\",\"potentialAction\":[{\"@type\":\"ReadAction\",\"target\":[\"https:\/\/jucarii-lemn-online.ro\/produs\/baza-lemn-pentru-cusut-inima\/\"]}]},{\"@type\":\"ImageObject\",\"inLanguage\":\"hu\",\"@id\":\"https:\/\/jucarii-lemn-online.ro\/produs\/baza-lemn-pentru-cusut-inima\/#primaryimage\",\"url\":\"https:\/\/jucarii-lemn-online.ro\/wp-content\/uploads\/2024\/02\/Polish_20240211_185111777.png\",\"contentUrl\":\"https:\/\/jucarii-lemn-online.ro\/wp-content\/uploads\/2024\/02\/Polish_20240211_185111777.png\",\"width\":1080,\"height\":719},{\"@type\":\"BreadcrumbList\",\"@id\":\"https:\/\/jucarii-lemn-online.ro\/produs\/baza-lemn-pentru-cusut-inima\/#breadcrumb\",\"itemListElement\":[{\"@type\":\"ListItem\",\"position\":1,\"name\":\"Prima pagin\u0103\",\"item\":\"https:\/\/jucarii-lemn-online.ro\/hu\/\"},{\"@type\":\"ListItem\",\"position\":2,\"name\":\"Shop\",\"item\":\"https:\/\/jucarii-lemn-online.ro\/hu\/shop-2\/\"},{\"@type\":\"ListItem\",\"position\":3,\"name\":\"Baza placaj pentru cusut &#8211; inim\u0103\"}]},{\"@type\":\"WebSite\",\"@id\":\"https:\/\/jucarii-lemn-online.ro\/#website\",\"url\":\"https:\/\/jucarii-lemn-online.ro\/\",\"name\":\"Juc\u0103rii din lemn fabricate \u00een Rom\u00e2nia!\",\"description\":\"Juc\u0103rii din lemn fabricate \u00een Rom\u00e2nia!\",\"potentialAction\":[{\"@type\":\"SearchAction\",\"target\":{\"@type\":\"EntryPoint\",\"urlTemplate\":\"https:\/\/jucarii-lemn-online.ro\/?s={search_term_string}\"},\"query-input\":{\"@type\":\"PropertyValueSpecification\",\"valueRequired\":true,\"valueName\":\"search_term_string\"}}],\"inLanguage\":\"hu\"}]}<\/script>\n<!-- \/ Yoast SEO plugin. -->","yoast_head_json":{"title":"Baza placaj pentru cusut - inim\u0103 - Juc\u0103rii din lemn fabricate \u00een Rom\u00e2nia!","description":"Baza perforat pentru cusut din placaj .Poate fi transformat in diferite bijuterii, magnet de frigider sau breloc.Blank-ul vine simplu, fara alte componente, nelacuit.Dimensiuni: 10 x 9 cmPretul afisat este pe bucata.Grosime 3 mm.","robots":{"index":"index","follow":"follow","max-snippet":"max-snippet:-1","max-image-preview":"max-image-preview:large","max-video-preview":"max-video-preview:-1"},"canonical":"https:\/\/jucarii-lemn-online.ro\/produs\/baza-lemn-pentru-cusut-inima\/","og_locale":"hu_HU","og_type":"article","og_title":"Baza placaj pentru cusut - inim\u0103 - Juc\u0103rii din lemn fabricate \u00een Rom\u00e2nia!","og_description":"Baza perforat pentru cusut din placaj .Poate fi transformat in diferite bijuterii, magnet de frigider sau breloc.Blank-ul vine simplu, fara alte componente, nelacuit.Dimensiuni: 10 x 9 cmPretul afisat este pe bucata.Grosime 3 mm.","og_url":"https:\/\/jucarii-lemn-online.ro\/produs\/baza-lemn-pentru-cusut-inima\/","og_site_name":"Juc\u0103rii din lemn fabricate \u00een Rom\u00e2nia!","article_modified_time":"2025-10-02T16:36:52+00:00","og_image":[{"width":1080,"height":719,"url":"https:\/\/jucarii-lemn-online.ro\/wp-content\/uploads\/2024\/02\/Polish_20240211_185111777.png","type":"image\/png"}],"twitter_card":"summary_large_image","twitter_misc":{"Becs\u00fclt olvas\u00e1si id\u0151":"1 perc"},"schema":{"@context":"https:\/\/schema.org","@graph":[{"@type":"WebPage","@id":"https:\/\/jucarii-lemn-online.ro\/produs\/baza-lemn-pentru-cusut-inima\/","url":"https:\/\/jucarii-lemn-online.ro\/produs\/baza-lemn-pentru-cusut-inima\/","name":"Baza placaj pentru cusut - inim\u0103 - Juc\u0103rii din lemn fabricate \u00een Rom\u00e2nia!","isPartOf":{"@id":"https:\/\/jucarii-lemn-online.ro\/#website"},"primaryImageOfPage":{"@id":"https:\/\/jucarii-lemn-online.ro\/produs\/baza-lemn-pentru-cusut-inima\/#primaryimage"},"image":{"@id":"https:\/\/jucarii-lemn-online.ro\/produs\/baza-lemn-pentru-cusut-inima\/#primaryimage"},"thumbnailUrl":"https:\/\/jucarii-lemn-online.ro\/wp-content\/uploads\/2024\/02\/Polish_20240211_185111777.png","datePublished":"2024-02-11T13:48:04+00:00","dateModified":"2025-10-02T16:36:52+00:00","description":"Baza perforat pentru cusut din placaj .Poate fi transformat in diferite bijuterii, magnet de frigider sau breloc.Blank-ul vine simplu, fara alte componente, nelacuit.Dimensiuni: 10 x 9 cmPretul afisat este pe bucata.Grosime 3 mm.","breadcrumb":{"@id":"https:\/\/jucarii-lemn-online.ro\/produs\/baza-lemn-pentru-cusut-inima\/#breadcrumb"},"inLanguage":"hu","potentialAction":[{"@type":"ReadAction","target":["https:\/\/jucarii-lemn-online.ro\/produs\/baza-lemn-pentru-cusut-inima\/"]}]},{"@type":"ImageObject","inLanguage":"hu","@id":"https:\/\/jucarii-lemn-online.ro\/produs\/baza-lemn-pentru-cusut-inima\/#primaryimage","url":"https:\/\/jucarii-lemn-online.ro\/wp-content\/uploads\/2024\/02\/Polish_20240211_185111777.png","contentUrl":"https:\/\/jucarii-lemn-online.ro\/wp-content\/uploads\/2024\/02\/Polish_20240211_185111777.png","width":1080,"height":719},{"@type":"BreadcrumbList","@id":"https:\/\/jucarii-lemn-online.ro\/produs\/baza-lemn-pentru-cusut-inima\/#breadcrumb","itemListElement":[{"@type":"ListItem","position":1,"name":"Prima pagin\u0103","item":"https:\/\/jucarii-lemn-online.ro\/hu\/"},{"@type":"ListItem","position":2,"name":"Shop","item":"https:\/\/jucarii-lemn-online.ro\/hu\/shop-2\/"},{"@type":"ListItem","position":3,"name":"Baza placaj pentru cusut &#8211; inim\u0103"}]},{"@type":"WebSite","@id":"https:\/\/jucarii-lemn-online.ro\/#website","url":"https:\/\/jucarii-lemn-online.ro\/","name":"Juc\u0103rii din lemn fabricate \u00een Rom\u00e2nia!","description":"Juc\u0103rii din lemn fabricate \u00een Rom\u00e2nia!","potentialAction":[{"@type":"SearchAction","target":{"@type":"EntryPoint","urlTemplate":"https:\/\/jucarii-lemn-online.ro\/?s={search_term_string}"},"query-input":{"@type":"PropertyValueSpecification","valueRequired":true,"valueName":"search_term_string"}}],"inLanguage":"hu"}]}},"_links":{"self":[{"href":"https:\/\/jucarii-lemn-online.ro\/hu\/wp-json\/wp\/v2\/product\/4545","targetHints":{"allow":["GET"]}}],"collection":[{"href":"https:\/\/jucarii-lemn-online.ro\/hu\/wp-json\/wp\/v2\/product"}],"about":[{"href":"https:\/\/jucarii-lemn-online.ro\/hu\/wp-json\/wp\/v2\/types\/product"}],"wp:featuredmedia":[{"embeddable":true,"href":"https:\/\/jucarii-lemn-online.ro\/hu\/wp-json\/wp\/v2\/media\/4568"}],"wp:attachment":[{"href":"https:\/\/jucarii-lemn-online.ro\/hu\/wp-json\/wp\/v2\/media?parent=4545"}],"wp:term":[{"taxonomy":"product_brand","embeddable":true,"href":"https:\/\/jucarii-lemn-online.ro\/hu\/wp-json\/wp\/v2\/product_brand?post=4545"},{"taxonomy":"product_cat","embeddable":true,"href":"https:\/\/jucarii-lemn-online.ro\/hu\/wp-json\/wp\/v2\/product_cat?post=4545"},{"taxonomy":"product_tag","embeddable":true,"href":"https:\/\/jucarii-lemn-online.ro\/hu\/wp-json\/wp\/v2\/product_tag?post=4545"}],"curies":[{"name":"wp","href":"https:\/\/api.w.org\/{rel}","templated":true}]}}