{"id":4512,"date":"2024-02-08T19:36:41","date_gmt":"2024-02-08T17:36:41","guid":{"rendered":"https:\/\/jucarii-lemn-online.ro\/?post_type=product&#038;p=4512"},"modified":"2026-04-09T15:09:58","modified_gmt":"2026-04-09T13:09:58","slug":"set-cuburi-lemn-cu-litere-31-bucati","status":"publish","type":"product","link":"https:\/\/jucarii-lemn-online.ro\/hu\/produs\/set-cuburi-lemn-cu-litere-31-bucati\/","title":{"rendered":"Set cuburi lemn cu litere &#8211; 31 bucati"},"content":{"rendered":"<p>Set cuburi lemn cu litere.<\/p>\n<p>Con\u0163ine 31 cuburi\u00a0 cu litere mari din alfabetul romanesc.<br \/>\nContine si semnele diacritice<br \/>\nMarime cubulete: 3 x 3 cm<br \/>\nSe livreaza in cutie de carton !<\/p>\n<p>Produs din lemn, personalizat cu gravura laser.<\/p>\n<p>Fabricat in Romania.<\/p>\n","protected":false},"excerpt":{"rendered":"<p>Set cuburi lemn cu litere.<\/p>\n<p>Con\u0163ine 31 cuburi\u00a0 cu litere mari din alfabetul romanesc.<br \/>\nContine si semnele diacritice<br \/>\nMarime cubulete: 3 x 3 cm<br \/>\nSe livreaza in cutie de carton !<\/p>\n<p>Produs din lemn, personalizat cu gravura laser.<\/p>\n<p>Fabricat in Romania.<\/p>\n","protected":false},"featured_media":4514,"template":"","meta":[],"product_brand":[],"product_cat":[117,253],"product_tag":[231,96,232],"class_list":{"0":"post-4512","1":"product","2":"type-product","3":"status-publish","4":"has-post-thumbnail","6":"product_cat-jucarii-woodentoys","7":"product_cat-minus-50","8":"product_tag-abecedar","9":"product_tag-cuburi","10":"product_tag-litere","12":"first","13":"instock","14":"sale","15":"shipping-taxable","16":"purchasable","17":"product-type-simple"},"yoast_head":"<!-- This site is optimized with the Yoast SEO plugin v24.5 - https:\/\/yoast.com\/wordpress\/plugins\/seo\/ -->\n<title>Set cuburi lemn cu litere - 31 bucati - Juc\u0103rii din lemn fabricate \u00een Rom\u00e2nia!<\/title>\n<meta name=\"description\" content=\"Set cuburi lemn cu litere.Con\u0163ine 31 cuburi\u00a0 cu litere mari din alfabetul romanesc. Contine si semnele diacritice Marime cubulete: 3 x 3 cm\" \/>\n<meta name=\"robots\" content=\"index, follow, max-snippet:-1, max-image-preview:large, max-video-preview:-1\" \/>\n<link rel=\"canonical\" href=\"https:\/\/jucarii-lemn-online.ro\/produs\/set-cuburi-lemn-cu-litere-31-bucati\/\" \/>\n<meta property=\"og:locale\" content=\"hu_HU\" \/>\n<meta property=\"og:type\" content=\"article\" \/>\n<meta property=\"og:title\" content=\"Set cuburi lemn cu litere - 31 bucati - Juc\u0103rii din lemn fabricate \u00een Rom\u00e2nia!\" \/>\n<meta property=\"og:description\" content=\"Set cuburi lemn cu litere.Con\u0163ine 31 cuburi\u00a0 cu litere mari din alfabetul romanesc. Contine si semnele diacritice Marime cubulete: 3 x 3 cm\" \/>\n<meta property=\"og:url\" content=\"https:\/\/jucarii-lemn-online.ro\/produs\/set-cuburi-lemn-cu-litere-31-bucati\/\" \/>\n<meta property=\"og:site_name\" content=\"Juc\u0103rii din lemn fabricate \u00een Rom\u00e2nia!\" \/>\n<meta property=\"article:modified_time\" content=\"2026-04-09T13:09:58+00:00\" \/>\n<meta property=\"og:image\" content=\"https:\/\/jucarii-lemn-online.ro\/wp-content\/uploads\/2024\/02\/Polish_20240208_191846072.png\" \/>\n\t<meta property=\"og:image:width\" content=\"1528\" \/>\n\t<meta property=\"og:image:height\" content=\"1146\" \/>\n\t<meta property=\"og:image:type\" content=\"image\/png\" \/>\n<meta name=\"twitter:card\" content=\"summary_large_image\" \/>\n<meta name=\"twitter:label1\" content=\"Becs\u00fclt olvas\u00e1si id\u0151\" \/>\n\t<meta name=\"twitter:data1\" content=\"1 perc\" \/>\n<script type=\"application\/ld+json\" class=\"yoast-schema-graph\">{\"@context\":\"https:\/\/schema.org\",\"@graph\":[{\"@type\":\"WebPage\",\"@id\":\"https:\/\/jucarii-lemn-online.ro\/produs\/set-cuburi-lemn-cu-litere-31-bucati\/\",\"url\":\"https:\/\/jucarii-lemn-online.ro\/produs\/set-cuburi-lemn-cu-litere-31-bucati\/\",\"name\":\"Set cuburi lemn cu litere - 31 bucati - Juc\u0103rii din lemn fabricate \u00een Rom\u00e2nia!\",\"isPartOf\":{\"@id\":\"https:\/\/jucarii-lemn-online.ro\/#website\"},\"primaryImageOfPage\":{\"@id\":\"https:\/\/jucarii-lemn-online.ro\/produs\/set-cuburi-lemn-cu-litere-31-bucati\/#primaryimage\"},\"image\":{\"@id\":\"https:\/\/jucarii-lemn-online.ro\/produs\/set-cuburi-lemn-cu-litere-31-bucati\/#primaryimage\"},\"thumbnailUrl\":\"https:\/\/jucarii-lemn-online.ro\/wp-content\/uploads\/2024\/02\/Polish_20240208_191846072.png\",\"datePublished\":\"2024-02-08T17:36:41+00:00\",\"dateModified\":\"2026-04-09T13:09:58+00:00\",\"description\":\"Set cuburi lemn cu litere.Con\u0163ine 31 cuburi\u00a0 cu litere mari din alfabetul romanesc. Contine si semnele diacritice Marime cubulete: 3 x 3 cm\",\"breadcrumb\":{\"@id\":\"https:\/\/jucarii-lemn-online.ro\/produs\/set-cuburi-lemn-cu-litere-31-bucati\/#breadcrumb\"},\"inLanguage\":\"hu\",\"potentialAction\":[{\"@type\":\"ReadAction\",\"target\":[\"https:\/\/jucarii-lemn-online.ro\/produs\/set-cuburi-lemn-cu-litere-31-bucati\/\"]}]},{\"@type\":\"ImageObject\",\"inLanguage\":\"hu\",\"@id\":\"https:\/\/jucarii-lemn-online.ro\/produs\/set-cuburi-lemn-cu-litere-31-bucati\/#primaryimage\",\"url\":\"https:\/\/jucarii-lemn-online.ro\/wp-content\/uploads\/2024\/02\/Polish_20240208_191846072.png\",\"contentUrl\":\"https:\/\/jucarii-lemn-online.ro\/wp-content\/uploads\/2024\/02\/Polish_20240208_191846072.png\",\"width\":1528,\"height\":1146},{\"@type\":\"BreadcrumbList\",\"@id\":\"https:\/\/jucarii-lemn-online.ro\/produs\/set-cuburi-lemn-cu-litere-31-bucati\/#breadcrumb\",\"itemListElement\":[{\"@type\":\"ListItem\",\"position\":1,\"name\":\"Prima pagin\u0103\",\"item\":\"https:\/\/jucarii-lemn-online.ro\/hu\/\"},{\"@type\":\"ListItem\",\"position\":2,\"name\":\"Shop\",\"item\":\"https:\/\/jucarii-lemn-online.ro\/hu\/shop-2\/\"},{\"@type\":\"ListItem\",\"position\":3,\"name\":\"Set cuburi lemn cu litere &#8211; 31 bucati\"}]},{\"@type\":\"WebSite\",\"@id\":\"https:\/\/jucarii-lemn-online.ro\/#website\",\"url\":\"https:\/\/jucarii-lemn-online.ro\/\",\"name\":\"Juc\u0103rii din lemn fabricate \u00een Rom\u00e2nia!\",\"description\":\"Juc\u0103rii din lemn fabricate \u00een Rom\u00e2nia!\",\"potentialAction\":[{\"@type\":\"SearchAction\",\"target\":{\"@type\":\"EntryPoint\",\"urlTemplate\":\"https:\/\/jucarii-lemn-online.ro\/?s={search_term_string}\"},\"query-input\":{\"@type\":\"PropertyValueSpecification\",\"valueRequired\":true,\"valueName\":\"search_term_string\"}}],\"inLanguage\":\"hu\"}]}<\/script>\n<!-- \/ Yoast SEO plugin. -->","yoast_head_json":{"title":"Set cuburi lemn cu litere - 31 bucati - Juc\u0103rii din lemn fabricate \u00een Rom\u00e2nia!","description":"Set cuburi lemn cu litere.Con\u0163ine 31 cuburi\u00a0 cu litere mari din alfabetul romanesc. Contine si semnele diacritice Marime cubulete: 3 x 3 cm","robots":{"index":"index","follow":"follow","max-snippet":"max-snippet:-1","max-image-preview":"max-image-preview:large","max-video-preview":"max-video-preview:-1"},"canonical":"https:\/\/jucarii-lemn-online.ro\/produs\/set-cuburi-lemn-cu-litere-31-bucati\/","og_locale":"hu_HU","og_type":"article","og_title":"Set cuburi lemn cu litere - 31 bucati - Juc\u0103rii din lemn fabricate \u00een Rom\u00e2nia!","og_description":"Set cuburi lemn cu litere.Con\u0163ine 31 cuburi\u00a0 cu litere mari din alfabetul romanesc. Contine si semnele diacritice Marime cubulete: 3 x 3 cm","og_url":"https:\/\/jucarii-lemn-online.ro\/produs\/set-cuburi-lemn-cu-litere-31-bucati\/","og_site_name":"Juc\u0103rii din lemn fabricate \u00een Rom\u00e2nia!","article_modified_time":"2026-04-09T13:09:58+00:00","og_image":[{"width":1528,"height":1146,"url":"https:\/\/jucarii-lemn-online.ro\/wp-content\/uploads\/2024\/02\/Polish_20240208_191846072.png","type":"image\/png"}],"twitter_card":"summary_large_image","twitter_misc":{"Becs\u00fclt olvas\u00e1si id\u0151":"1 perc"},"schema":{"@context":"https:\/\/schema.org","@graph":[{"@type":"WebPage","@id":"https:\/\/jucarii-lemn-online.ro\/produs\/set-cuburi-lemn-cu-litere-31-bucati\/","url":"https:\/\/jucarii-lemn-online.ro\/produs\/set-cuburi-lemn-cu-litere-31-bucati\/","name":"Set cuburi lemn cu litere - 31 bucati - Juc\u0103rii din lemn fabricate \u00een Rom\u00e2nia!","isPartOf":{"@id":"https:\/\/jucarii-lemn-online.ro\/#website"},"primaryImageOfPage":{"@id":"https:\/\/jucarii-lemn-online.ro\/produs\/set-cuburi-lemn-cu-litere-31-bucati\/#primaryimage"},"image":{"@id":"https:\/\/jucarii-lemn-online.ro\/produs\/set-cuburi-lemn-cu-litere-31-bucati\/#primaryimage"},"thumbnailUrl":"https:\/\/jucarii-lemn-online.ro\/wp-content\/uploads\/2024\/02\/Polish_20240208_191846072.png","datePublished":"2024-02-08T17:36:41+00:00","dateModified":"2026-04-09T13:09:58+00:00","description":"Set cuburi lemn cu litere.Con\u0163ine 31 cuburi\u00a0 cu litere mari din alfabetul romanesc. Contine si semnele diacritice Marime cubulete: 3 x 3 cm","breadcrumb":{"@id":"https:\/\/jucarii-lemn-online.ro\/produs\/set-cuburi-lemn-cu-litere-31-bucati\/#breadcrumb"},"inLanguage":"hu","potentialAction":[{"@type":"ReadAction","target":["https:\/\/jucarii-lemn-online.ro\/produs\/set-cuburi-lemn-cu-litere-31-bucati\/"]}]},{"@type":"ImageObject","inLanguage":"hu","@id":"https:\/\/jucarii-lemn-online.ro\/produs\/set-cuburi-lemn-cu-litere-31-bucati\/#primaryimage","url":"https:\/\/jucarii-lemn-online.ro\/wp-content\/uploads\/2024\/02\/Polish_20240208_191846072.png","contentUrl":"https:\/\/jucarii-lemn-online.ro\/wp-content\/uploads\/2024\/02\/Polish_20240208_191846072.png","width":1528,"height":1146},{"@type":"BreadcrumbList","@id":"https:\/\/jucarii-lemn-online.ro\/produs\/set-cuburi-lemn-cu-litere-31-bucati\/#breadcrumb","itemListElement":[{"@type":"ListItem","position":1,"name":"Prima pagin\u0103","item":"https:\/\/jucarii-lemn-online.ro\/hu\/"},{"@type":"ListItem","position":2,"name":"Shop","item":"https:\/\/jucarii-lemn-online.ro\/hu\/shop-2\/"},{"@type":"ListItem","position":3,"name":"Set cuburi lemn cu litere &#8211; 31 bucati"}]},{"@type":"WebSite","@id":"https:\/\/jucarii-lemn-online.ro\/#website","url":"https:\/\/jucarii-lemn-online.ro\/","name":"Juc\u0103rii din lemn fabricate \u00een Rom\u00e2nia!","description":"Juc\u0103rii din lemn fabricate \u00een Rom\u00e2nia!","potentialAction":[{"@type":"SearchAction","target":{"@type":"EntryPoint","urlTemplate":"https:\/\/jucarii-lemn-online.ro\/?s={search_term_string}"},"query-input":{"@type":"PropertyValueSpecification","valueRequired":true,"valueName":"search_term_string"}}],"inLanguage":"hu"}]}},"_links":{"self":[{"href":"https:\/\/jucarii-lemn-online.ro\/hu\/wp-json\/wp\/v2\/product\/4512","targetHints":{"allow":["GET"]}}],"collection":[{"href":"https:\/\/jucarii-lemn-online.ro\/hu\/wp-json\/wp\/v2\/product"}],"about":[{"href":"https:\/\/jucarii-lemn-online.ro\/hu\/wp-json\/wp\/v2\/types\/product"}],"wp:featuredmedia":[{"embeddable":true,"href":"https:\/\/jucarii-lemn-online.ro\/hu\/wp-json\/wp\/v2\/media\/4514"}],"wp:attachment":[{"href":"https:\/\/jucarii-lemn-online.ro\/hu\/wp-json\/wp\/v2\/media?parent=4512"}],"wp:term":[{"taxonomy":"product_brand","embeddable":true,"href":"https:\/\/jucarii-lemn-online.ro\/hu\/wp-json\/wp\/v2\/product_brand?post=4512"},{"taxonomy":"product_cat","embeddable":true,"href":"https:\/\/jucarii-lemn-online.ro\/hu\/wp-json\/wp\/v2\/product_cat?post=4512"},{"taxonomy":"product_tag","embeddable":true,"href":"https:\/\/jucarii-lemn-online.ro\/hu\/wp-json\/wp\/v2\/product_tag?post=4512"}],"curies":[{"name":"wp","href":"https:\/\/api.w.org\/{rel}","templated":true}]}}