{"id":4511,"date":"2024-02-08T19:32:58","date_gmt":"2024-02-08T17:32:58","guid":{"rendered":"https:\/\/jucarii-lemn-online.ro\/?post_type=product&#038;p=4511"},"modified":"2026-04-14T11:08:56","modified_gmt":"2026-04-14T09:08:56","slug":"jucarie-iq-tip-puzzle-3d-lacatul-diavolului","status":"publish","type":"product","link":"https:\/\/jucarii-lemn-online.ro\/hu\/produs\/jucarie-iq-tip-puzzle-3d-lacatul-diavolului\/","title":{"rendered":"Juc\u0103rie IQ tip puzzle 3d &#8211; &#8222;Lac\u0103tul Diavolului&#8221;"},"content":{"rendered":"<p>Un puzzle clasic din lemn, cunoscut \u0219i sub denumirea de \u201eLac\u0103tul Diavolului\u201d, creat pentru a testa logica \u0219i r\u0103bdarea.<\/p>\n<p>De\u0219i are un design simplu \u0219i natural, mecanismul s\u0103u ingenios \u00eel face surprinz\u0103tor de dificil de rezolvat, fiind ideal pentru iubitorii de jocuri de inteligen\u021b\u0103.<\/p>\n","protected":false},"excerpt":{"rendered":"<p>Un puzzle clasic din lemn, cunoscut sub numele de \u201eLac\u0103tul Diavolului\u201d, care \u00ee\u021bi va testa abilit\u0103\u021bile mentale. Nu te l\u0103sa p\u0103c\u0103lit de simplitatea lui \u2013 rezolvarea necesit\u0103 strategie, aten\u021bie la detalii \u0219i mult\u0103 perseveren\u021b\u0103.<\/p>\n","protected":false},"featured_media":5451,"template":"","meta":[],"product_brand":[],"product_cat":[117,253,174],"product_tag":[229,230,118],"class_list":{"0":"post-4511","1":"product","2":"type-product","3":"status-publish","4":"has-post-thumbnail","6":"product_cat-jucarii-woodentoys","7":"product_cat-minus-50","8":"product_cat-pagina-principala","9":"product_tag-iq","10":"product_tag-lacatul-diavolului","11":"product_tag-puzzle","13":"first","14":"instock","15":"sale","16":"shipping-taxable","17":"purchasable","18":"product-type-simple"},"yoast_head":"<!-- This site is optimized with the Yoast SEO plugin v24.5 - https:\/\/yoast.com\/wordpress\/plugins\/seo\/ -->\n<title>Juc\u0103rie IQ tip puzzle 3d - &quot;Lac\u0103tul Diavolului&quot; - Juc\u0103rii din lemn fabricate \u00een Rom\u00e2nia!<\/title>\n<meta name=\"description\" content=\"Un puzzle clasic din lemn, cunoscut sub numele de \u201eLac\u0103tul Diavolului\u201d, care \u00ee\u021bi va testa abilit\u0103\u021bile mentale. Nu te l\u0103sa p\u0103c\u0103lit de simplitatea lui \u2013 rezolvarea necesit\u0103 strategie, aten\u021bie la detalii \u0219i mult\u0103 perseveren\u021b\u0103.\" \/>\n<meta name=\"robots\" content=\"index, follow, max-snippet:-1, max-image-preview:large, max-video-preview:-1\" \/>\n<link rel=\"canonical\" href=\"https:\/\/jucarii-lemn-online.ro\/produs\/jucarie-iq-tip-puzzle-3d-lacatul-diavolului\/\" \/>\n<meta property=\"og:locale\" content=\"hu_HU\" \/>\n<meta property=\"og:type\" content=\"article\" \/>\n<meta property=\"og:title\" content=\"Juc\u0103rie IQ tip puzzle 3d - &quot;Lac\u0103tul Diavolului&quot; - Juc\u0103rii din lemn fabricate \u00een Rom\u00e2nia!\" \/>\n<meta property=\"og:description\" content=\"Un puzzle clasic din lemn, cunoscut sub numele de \u201eLac\u0103tul Diavolului\u201d, care \u00ee\u021bi va testa abilit\u0103\u021bile mentale. Nu te l\u0103sa p\u0103c\u0103lit de simplitatea lui \u2013 rezolvarea necesit\u0103 strategie, aten\u021bie la detalii \u0219i mult\u0103 perseveren\u021b\u0103.\" \/>\n<meta property=\"og:url\" content=\"https:\/\/jucarii-lemn-online.ro\/produs\/jucarie-iq-tip-puzzle-3d-lacatul-diavolului\/\" \/>\n<meta property=\"og:site_name\" content=\"Juc\u0103rii din lemn fabricate \u00een Rom\u00e2nia!\" \/>\n<meta property=\"article:modified_time\" content=\"2026-04-14T09:08:56+00:00\" \/>\n<meta property=\"og:image\" content=\"https:\/\/jucarii-lemn-online.ro\/wp-content\/uploads\/2026\/01\/file_0000000004047246a320a3ada8e40d9e.png\" \/>\n\t<meta property=\"og:image:width\" content=\"1024\" \/>\n\t<meta property=\"og:image:height\" content=\"1024\" \/>\n\t<meta property=\"og:image:type\" content=\"image\/png\" \/>\n<meta name=\"twitter:card\" content=\"summary_large_image\" \/>\n<meta name=\"twitter:label1\" content=\"Becs\u00fclt olvas\u00e1si id\u0151\" \/>\n\t<meta name=\"twitter:data1\" content=\"1 perc\" \/>\n<script type=\"application\/ld+json\" class=\"yoast-schema-graph\">{\"@context\":\"https:\/\/schema.org\",\"@graph\":[{\"@type\":\"WebPage\",\"@id\":\"https:\/\/jucarii-lemn-online.ro\/produs\/jucarie-iq-tip-puzzle-3d-lacatul-diavolului\/\",\"url\":\"https:\/\/jucarii-lemn-online.ro\/produs\/jucarie-iq-tip-puzzle-3d-lacatul-diavolului\/\",\"name\":\"Juc\u0103rie IQ tip puzzle 3d - \\\"Lac\u0103tul Diavolului\\\" - Juc\u0103rii din lemn fabricate \u00een Rom\u00e2nia!\",\"isPartOf\":{\"@id\":\"https:\/\/jucarii-lemn-online.ro\/#website\"},\"primaryImageOfPage\":{\"@id\":\"https:\/\/jucarii-lemn-online.ro\/produs\/jucarie-iq-tip-puzzle-3d-lacatul-diavolului\/#primaryimage\"},\"image\":{\"@id\":\"https:\/\/jucarii-lemn-online.ro\/produs\/jucarie-iq-tip-puzzle-3d-lacatul-diavolului\/#primaryimage\"},\"thumbnailUrl\":\"https:\/\/jucarii-lemn-online.ro\/wp-content\/uploads\/2026\/01\/file_0000000004047246a320a3ada8e40d9e.png\",\"datePublished\":\"2024-02-08T17:32:58+00:00\",\"dateModified\":\"2026-04-14T09:08:56+00:00\",\"description\":\"Un puzzle clasic din lemn, cunoscut sub numele de \u201eLac\u0103tul Diavolului\u201d, care \u00ee\u021bi va testa abilit\u0103\u021bile mentale. Nu te l\u0103sa p\u0103c\u0103lit de simplitatea lui \u2013 rezolvarea necesit\u0103 strategie, aten\u021bie la detalii \u0219i mult\u0103 perseveren\u021b\u0103.\",\"breadcrumb\":{\"@id\":\"https:\/\/jucarii-lemn-online.ro\/produs\/jucarie-iq-tip-puzzle-3d-lacatul-diavolului\/#breadcrumb\"},\"inLanguage\":\"hu\",\"potentialAction\":[{\"@type\":\"ReadAction\",\"target\":[\"https:\/\/jucarii-lemn-online.ro\/produs\/jucarie-iq-tip-puzzle-3d-lacatul-diavolului\/\"]}]},{\"@type\":\"ImageObject\",\"inLanguage\":\"hu\",\"@id\":\"https:\/\/jucarii-lemn-online.ro\/produs\/jucarie-iq-tip-puzzle-3d-lacatul-diavolului\/#primaryimage\",\"url\":\"https:\/\/jucarii-lemn-online.ro\/wp-content\/uploads\/2026\/01\/file_0000000004047246a320a3ada8e40d9e.png\",\"contentUrl\":\"https:\/\/jucarii-lemn-online.ro\/wp-content\/uploads\/2026\/01\/file_0000000004047246a320a3ada8e40d9e.png\",\"width\":1024,\"height\":1024},{\"@type\":\"BreadcrumbList\",\"@id\":\"https:\/\/jucarii-lemn-online.ro\/produs\/jucarie-iq-tip-puzzle-3d-lacatul-diavolului\/#breadcrumb\",\"itemListElement\":[{\"@type\":\"ListItem\",\"position\":1,\"name\":\"Prima pagin\u0103\",\"item\":\"https:\/\/jucarii-lemn-online.ro\/hu\/\"},{\"@type\":\"ListItem\",\"position\":2,\"name\":\"Shop\",\"item\":\"https:\/\/jucarii-lemn-online.ro\/hu\/shop-2\/\"},{\"@type\":\"ListItem\",\"position\":3,\"name\":\"Juc\u0103rie IQ tip puzzle 3d &#8211; &#8222;Lac\u0103tul Diavolului&#8221;\"}]},{\"@type\":\"WebSite\",\"@id\":\"https:\/\/jucarii-lemn-online.ro\/#website\",\"url\":\"https:\/\/jucarii-lemn-online.ro\/\",\"name\":\"Juc\u0103rii din lemn fabricate \u00een Rom\u00e2nia!\",\"description\":\"Juc\u0103rii din lemn fabricate \u00een Rom\u00e2nia!\",\"potentialAction\":[{\"@type\":\"SearchAction\",\"target\":{\"@type\":\"EntryPoint\",\"urlTemplate\":\"https:\/\/jucarii-lemn-online.ro\/?s={search_term_string}\"},\"query-input\":{\"@type\":\"PropertyValueSpecification\",\"valueRequired\":true,\"valueName\":\"search_term_string\"}}],\"inLanguage\":\"hu\"}]}<\/script>\n<!-- \/ Yoast SEO plugin. -->","yoast_head_json":{"title":"Juc\u0103rie IQ tip puzzle 3d - \"Lac\u0103tul Diavolului\" - Juc\u0103rii din lemn fabricate \u00een Rom\u00e2nia!","description":"Un puzzle clasic din lemn, cunoscut sub numele de \u201eLac\u0103tul Diavolului\u201d, care \u00ee\u021bi va testa abilit\u0103\u021bile mentale. Nu te l\u0103sa p\u0103c\u0103lit de simplitatea lui \u2013 rezolvarea necesit\u0103 strategie, aten\u021bie la detalii \u0219i mult\u0103 perseveren\u021b\u0103.","robots":{"index":"index","follow":"follow","max-snippet":"max-snippet:-1","max-image-preview":"max-image-preview:large","max-video-preview":"max-video-preview:-1"},"canonical":"https:\/\/jucarii-lemn-online.ro\/produs\/jucarie-iq-tip-puzzle-3d-lacatul-diavolului\/","og_locale":"hu_HU","og_type":"article","og_title":"Juc\u0103rie IQ tip puzzle 3d - \"Lac\u0103tul Diavolului\" - Juc\u0103rii din lemn fabricate \u00een Rom\u00e2nia!","og_description":"Un puzzle clasic din lemn, cunoscut sub numele de \u201eLac\u0103tul Diavolului\u201d, care \u00ee\u021bi va testa abilit\u0103\u021bile mentale. Nu te l\u0103sa p\u0103c\u0103lit de simplitatea lui \u2013 rezolvarea necesit\u0103 strategie, aten\u021bie la detalii \u0219i mult\u0103 perseveren\u021b\u0103.","og_url":"https:\/\/jucarii-lemn-online.ro\/produs\/jucarie-iq-tip-puzzle-3d-lacatul-diavolului\/","og_site_name":"Juc\u0103rii din lemn fabricate \u00een Rom\u00e2nia!","article_modified_time":"2026-04-14T09:08:56+00:00","og_image":[{"width":1024,"height":1024,"url":"https:\/\/jucarii-lemn-online.ro\/wp-content\/uploads\/2026\/01\/file_0000000004047246a320a3ada8e40d9e.png","type":"image\/png"}],"twitter_card":"summary_large_image","twitter_misc":{"Becs\u00fclt olvas\u00e1si id\u0151":"1 perc"},"schema":{"@context":"https:\/\/schema.org","@graph":[{"@type":"WebPage","@id":"https:\/\/jucarii-lemn-online.ro\/produs\/jucarie-iq-tip-puzzle-3d-lacatul-diavolului\/","url":"https:\/\/jucarii-lemn-online.ro\/produs\/jucarie-iq-tip-puzzle-3d-lacatul-diavolului\/","name":"Juc\u0103rie IQ tip puzzle 3d - \"Lac\u0103tul Diavolului\" - Juc\u0103rii din lemn fabricate \u00een Rom\u00e2nia!","isPartOf":{"@id":"https:\/\/jucarii-lemn-online.ro\/#website"},"primaryImageOfPage":{"@id":"https:\/\/jucarii-lemn-online.ro\/produs\/jucarie-iq-tip-puzzle-3d-lacatul-diavolului\/#primaryimage"},"image":{"@id":"https:\/\/jucarii-lemn-online.ro\/produs\/jucarie-iq-tip-puzzle-3d-lacatul-diavolului\/#primaryimage"},"thumbnailUrl":"https:\/\/jucarii-lemn-online.ro\/wp-content\/uploads\/2026\/01\/file_0000000004047246a320a3ada8e40d9e.png","datePublished":"2024-02-08T17:32:58+00:00","dateModified":"2026-04-14T09:08:56+00:00","description":"Un puzzle clasic din lemn, cunoscut sub numele de \u201eLac\u0103tul Diavolului\u201d, care \u00ee\u021bi va testa abilit\u0103\u021bile mentale. Nu te l\u0103sa p\u0103c\u0103lit de simplitatea lui \u2013 rezolvarea necesit\u0103 strategie, aten\u021bie la detalii \u0219i mult\u0103 perseveren\u021b\u0103.","breadcrumb":{"@id":"https:\/\/jucarii-lemn-online.ro\/produs\/jucarie-iq-tip-puzzle-3d-lacatul-diavolului\/#breadcrumb"},"inLanguage":"hu","potentialAction":[{"@type":"ReadAction","target":["https:\/\/jucarii-lemn-online.ro\/produs\/jucarie-iq-tip-puzzle-3d-lacatul-diavolului\/"]}]},{"@type":"ImageObject","inLanguage":"hu","@id":"https:\/\/jucarii-lemn-online.ro\/produs\/jucarie-iq-tip-puzzle-3d-lacatul-diavolului\/#primaryimage","url":"https:\/\/jucarii-lemn-online.ro\/wp-content\/uploads\/2026\/01\/file_0000000004047246a320a3ada8e40d9e.png","contentUrl":"https:\/\/jucarii-lemn-online.ro\/wp-content\/uploads\/2026\/01\/file_0000000004047246a320a3ada8e40d9e.png","width":1024,"height":1024},{"@type":"BreadcrumbList","@id":"https:\/\/jucarii-lemn-online.ro\/produs\/jucarie-iq-tip-puzzle-3d-lacatul-diavolului\/#breadcrumb","itemListElement":[{"@type":"ListItem","position":1,"name":"Prima pagin\u0103","item":"https:\/\/jucarii-lemn-online.ro\/hu\/"},{"@type":"ListItem","position":2,"name":"Shop","item":"https:\/\/jucarii-lemn-online.ro\/hu\/shop-2\/"},{"@type":"ListItem","position":3,"name":"Juc\u0103rie IQ tip puzzle 3d &#8211; &#8222;Lac\u0103tul Diavolului&#8221;"}]},{"@type":"WebSite","@id":"https:\/\/jucarii-lemn-online.ro\/#website","url":"https:\/\/jucarii-lemn-online.ro\/","name":"Juc\u0103rii din lemn fabricate \u00een Rom\u00e2nia!","description":"Juc\u0103rii din lemn fabricate \u00een Rom\u00e2nia!","potentialAction":[{"@type":"SearchAction","target":{"@type":"EntryPoint","urlTemplate":"https:\/\/jucarii-lemn-online.ro\/?s={search_term_string}"},"query-input":{"@type":"PropertyValueSpecification","valueRequired":true,"valueName":"search_term_string"}}],"inLanguage":"hu"}]}},"_links":{"self":[{"href":"https:\/\/jucarii-lemn-online.ro\/hu\/wp-json\/wp\/v2\/product\/4511","targetHints":{"allow":["GET"]}}],"collection":[{"href":"https:\/\/jucarii-lemn-online.ro\/hu\/wp-json\/wp\/v2\/product"}],"about":[{"href":"https:\/\/jucarii-lemn-online.ro\/hu\/wp-json\/wp\/v2\/types\/product"}],"wp:featuredmedia":[{"embeddable":true,"href":"https:\/\/jucarii-lemn-online.ro\/hu\/wp-json\/wp\/v2\/media\/5451"}],"wp:attachment":[{"href":"https:\/\/jucarii-lemn-online.ro\/hu\/wp-json\/wp\/v2\/media?parent=4511"}],"wp:term":[{"taxonomy":"product_brand","embeddable":true,"href":"https:\/\/jucarii-lemn-online.ro\/hu\/wp-json\/wp\/v2\/product_brand?post=4511"},{"taxonomy":"product_cat","embeddable":true,"href":"https:\/\/jucarii-lemn-online.ro\/hu\/wp-json\/wp\/v2\/product_cat?post=4511"},{"taxonomy":"product_tag","embeddable":true,"href":"https:\/\/jucarii-lemn-online.ro\/hu\/wp-json\/wp\/v2\/product_tag?post=4511"}],"curies":[{"name":"wp","href":"https:\/\/api.w.org\/{rel}","templated":true}]}}