{"id":4417,"date":"2023-11-15T13:11:39","date_gmt":"2023-11-15T11:11:39","guid":{"rendered":"https:\/\/jucarii-lemn-online.ro\/?post_type=product&#038;p=4417"},"modified":"2025-11-23T20:59:00","modified_gmt":"2025-11-23T18:59:00","slug":"figurina-din-lemn-bradut-kuc","status":"publish","type":"product","link":"https:\/\/jucarii-lemn-online.ro\/hu\/produs\/figurina-din-lemn-bradut-kuc\/","title":{"rendered":"Br\u0103du\u021b &#8211; figurin\u0103 lemn Kuck\u00f3m"},"content":{"rendered":"<div class=\"std\">\n<p>Fiecare figurin\u0103 \u201eKuck\u00f3m\u201d este creat\u0103 manual cu grij\u0103, din materiale naturale \u0219i biodegradabile, garant\u00e2nd siguran\u021ba copiilor. Sunt pictate cu vopsea pe baz\u0103 de cret\u0103 Annie Sloan, non-toxic\u0103, \u0219i protejate cu cear\u0103 natural\u0103 de albine. Se integreaz\u0103 minunat \u00een metodele de educa\u021bie Montessori sau Waldorf.<\/p>\n<p>M\u0103rime figurin\u0103 : 7 x 5 x 1.7 cm<\/p>\n<p>Made in RO!<\/p>\n<\/div>\n","protected":false},"excerpt":{"rendered":"<div class=\"std\">\n<p>\u201eKuck\u00f3m\u201d aduce \u00een colec\u021bia ta figurine realizate manual, confec\u021bionate exclusiv din materiale naturale, biodegradabile \u0219i sigure pentru copii. Pentru colorare se utilizeaz\u0103 vopsea cu cret\u0103 Annie Sloan, non-toxic\u0103, \u00een combina\u021bie cu cear\u0103 de albine natural\u0103.<\/p>\n<\/div>\n","protected":false},"featured_media":4022,"template":"","meta":[],"product_brand":[],"product_cat":[87],"product_tag":[214,163],"class_list":{"0":"post-4417","1":"product","2":"type-product","3":"status-publish","4":"has-post-thumbnail","6":"product_cat-kuckom","7":"product_tag-brad","8":"product_tag-figurina","10":"first","11":"outofstock","12":"sale","13":"shipping-taxable","14":"purchasable","15":"product-type-simple"},"yoast_head":"<!-- This site is optimized with the Yoast SEO plugin v24.5 - https:\/\/yoast.com\/wordpress\/plugins\/seo\/ -->\n<title>Br\u0103du\u021b - figurin\u0103 lemn Kuck\u00f3m - Juc\u0103rii din lemn fabricate \u00een Rom\u00e2nia!<\/title>\n<meta name=\"description\" content=\"Figurinele &quot;Kuck\u00f3m&quot; sunt realizate manual, din materiale naturale, biodegradabile si sunt sigure pentru copii. Sunt colorate folosind vopsea cu creta non-toxica Annie Sloan, si ceara naturala de albine.Marime figurina bradut : 7 x 5 x 1.7 cm\" \/>\n<meta name=\"robots\" content=\"index, follow, max-snippet:-1, max-image-preview:large, max-video-preview:-1\" \/>\n<link rel=\"canonical\" href=\"https:\/\/jucarii-lemn-online.ro\/produs\/figurina-din-lemn-bradut-kuc\/\" \/>\n<meta property=\"og:locale\" content=\"hu_HU\" \/>\n<meta property=\"og:type\" content=\"article\" \/>\n<meta property=\"og:title\" content=\"Br\u0103du\u021b - figurin\u0103 lemn Kuck\u00f3m - Juc\u0103rii din lemn fabricate \u00een Rom\u00e2nia!\" \/>\n<meta property=\"og:description\" content=\"Figurinele &quot;Kuck\u00f3m&quot; sunt realizate manual, din materiale naturale, biodegradabile si sunt sigure pentru copii. Sunt colorate folosind vopsea cu creta non-toxica Annie Sloan, si ceara naturala de albine.Marime figurina bradut : 7 x 5 x 1.7 cm\" \/>\n<meta property=\"og:url\" content=\"https:\/\/jucarii-lemn-online.ro\/produs\/figurina-din-lemn-bradut-kuc\/\" \/>\n<meta property=\"og:site_name\" content=\"Juc\u0103rii din lemn fabricate \u00een Rom\u00e2nia!\" \/>\n<meta property=\"article:modified_time\" content=\"2025-11-23T18:59:00+00:00\" \/>\n<meta property=\"og:image\" content=\"https:\/\/jucarii-lemn-online.ro\/wp-content\/uploads\/2023\/10\/IMG_20230124_131647-scaled.jpg\" \/>\n\t<meta property=\"og:image:width\" content=\"1920\" \/>\n\t<meta property=\"og:image:height\" content=\"2560\" \/>\n\t<meta property=\"og:image:type\" content=\"image\/jpeg\" \/>\n<meta name=\"twitter:card\" content=\"summary_large_image\" \/>\n<meta name=\"twitter:label1\" content=\"Becs\u00fclt olvas\u00e1si id\u0151\" \/>\n\t<meta name=\"twitter:data1\" content=\"1 perc\" \/>\n<script type=\"application\/ld+json\" class=\"yoast-schema-graph\">{\"@context\":\"https:\/\/schema.org\",\"@graph\":[{\"@type\":\"WebPage\",\"@id\":\"https:\/\/jucarii-lemn-online.ro\/produs\/figurina-din-lemn-bradut-kuc\/\",\"url\":\"https:\/\/jucarii-lemn-online.ro\/produs\/figurina-din-lemn-bradut-kuc\/\",\"name\":\"Br\u0103du\u021b - figurin\u0103 lemn Kuck\u00f3m - Juc\u0103rii din lemn fabricate \u00een Rom\u00e2nia!\",\"isPartOf\":{\"@id\":\"https:\/\/jucarii-lemn-online.ro\/#website\"},\"primaryImageOfPage\":{\"@id\":\"https:\/\/jucarii-lemn-online.ro\/produs\/figurina-din-lemn-bradut-kuc\/#primaryimage\"},\"image\":{\"@id\":\"https:\/\/jucarii-lemn-online.ro\/produs\/figurina-din-lemn-bradut-kuc\/#primaryimage\"},\"thumbnailUrl\":\"https:\/\/jucarii-lemn-online.ro\/wp-content\/uploads\/2023\/10\/IMG_20230124_131647-scaled.jpg\",\"datePublished\":\"2023-11-15T11:11:39+00:00\",\"dateModified\":\"2025-11-23T18:59:00+00:00\",\"description\":\"Figurinele \\\"Kuck\u00f3m\\\" sunt realizate manual, din materiale naturale, biodegradabile si sunt sigure pentru copii. Sunt colorate folosind vopsea cu creta non-toxica Annie Sloan, si ceara naturala de albine.Marime figurina bradut : 7 x 5 x 1.7 cm\",\"breadcrumb\":{\"@id\":\"https:\/\/jucarii-lemn-online.ro\/produs\/figurina-din-lemn-bradut-kuc\/#breadcrumb\"},\"inLanguage\":\"hu\",\"potentialAction\":[{\"@type\":\"ReadAction\",\"target\":[\"https:\/\/jucarii-lemn-online.ro\/produs\/figurina-din-lemn-bradut-kuc\/\"]}]},{\"@type\":\"ImageObject\",\"inLanguage\":\"hu\",\"@id\":\"https:\/\/jucarii-lemn-online.ro\/produs\/figurina-din-lemn-bradut-kuc\/#primaryimage\",\"url\":\"https:\/\/jucarii-lemn-online.ro\/wp-content\/uploads\/2023\/10\/IMG_20230124_131647-scaled.jpg\",\"contentUrl\":\"https:\/\/jucarii-lemn-online.ro\/wp-content\/uploads\/2023\/10\/IMG_20230124_131647-scaled.jpg\",\"width\":1920,\"height\":2560},{\"@type\":\"BreadcrumbList\",\"@id\":\"https:\/\/jucarii-lemn-online.ro\/produs\/figurina-din-lemn-bradut-kuc\/#breadcrumb\",\"itemListElement\":[{\"@type\":\"ListItem\",\"position\":1,\"name\":\"Prima pagin\u0103\",\"item\":\"https:\/\/jucarii-lemn-online.ro\/hu\/\"},{\"@type\":\"ListItem\",\"position\":2,\"name\":\"Shop\",\"item\":\"https:\/\/jucarii-lemn-online.ro\/hu\/shop-2\/\"},{\"@type\":\"ListItem\",\"position\":3,\"name\":\"Br\u0103du\u021b &#8211; figurin\u0103 lemn Kuck\u00f3m\"}]},{\"@type\":\"WebSite\",\"@id\":\"https:\/\/jucarii-lemn-online.ro\/#website\",\"url\":\"https:\/\/jucarii-lemn-online.ro\/\",\"name\":\"Juc\u0103rii din lemn fabricate \u00een Rom\u00e2nia!\",\"description\":\"Juc\u0103rii din lemn fabricate \u00een Rom\u00e2nia!\",\"potentialAction\":[{\"@type\":\"SearchAction\",\"target\":{\"@type\":\"EntryPoint\",\"urlTemplate\":\"https:\/\/jucarii-lemn-online.ro\/?s={search_term_string}\"},\"query-input\":{\"@type\":\"PropertyValueSpecification\",\"valueRequired\":true,\"valueName\":\"search_term_string\"}}],\"inLanguage\":\"hu\"}]}<\/script>\n<!-- \/ Yoast SEO plugin. -->","yoast_head_json":{"title":"Br\u0103du\u021b - figurin\u0103 lemn Kuck\u00f3m - Juc\u0103rii din lemn fabricate \u00een Rom\u00e2nia!","description":"Figurinele \"Kuck\u00f3m\" sunt realizate manual, din materiale naturale, biodegradabile si sunt sigure pentru copii. Sunt colorate folosind vopsea cu creta non-toxica Annie Sloan, si ceara naturala de albine.Marime figurina bradut : 7 x 5 x 1.7 cm","robots":{"index":"index","follow":"follow","max-snippet":"max-snippet:-1","max-image-preview":"max-image-preview:large","max-video-preview":"max-video-preview:-1"},"canonical":"https:\/\/jucarii-lemn-online.ro\/produs\/figurina-din-lemn-bradut-kuc\/","og_locale":"hu_HU","og_type":"article","og_title":"Br\u0103du\u021b - figurin\u0103 lemn Kuck\u00f3m - Juc\u0103rii din lemn fabricate \u00een Rom\u00e2nia!","og_description":"Figurinele \"Kuck\u00f3m\" sunt realizate manual, din materiale naturale, biodegradabile si sunt sigure pentru copii. Sunt colorate folosind vopsea cu creta non-toxica Annie Sloan, si ceara naturala de albine.Marime figurina bradut : 7 x 5 x 1.7 cm","og_url":"https:\/\/jucarii-lemn-online.ro\/produs\/figurina-din-lemn-bradut-kuc\/","og_site_name":"Juc\u0103rii din lemn fabricate \u00een Rom\u00e2nia!","article_modified_time":"2025-11-23T18:59:00+00:00","og_image":[{"width":1920,"height":2560,"url":"https:\/\/jucarii-lemn-online.ro\/wp-content\/uploads\/2023\/10\/IMG_20230124_131647-scaled.jpg","type":"image\/jpeg"}],"twitter_card":"summary_large_image","twitter_misc":{"Becs\u00fclt olvas\u00e1si id\u0151":"1 perc"},"schema":{"@context":"https:\/\/schema.org","@graph":[{"@type":"WebPage","@id":"https:\/\/jucarii-lemn-online.ro\/produs\/figurina-din-lemn-bradut-kuc\/","url":"https:\/\/jucarii-lemn-online.ro\/produs\/figurina-din-lemn-bradut-kuc\/","name":"Br\u0103du\u021b - figurin\u0103 lemn Kuck\u00f3m - Juc\u0103rii din lemn fabricate \u00een Rom\u00e2nia!","isPartOf":{"@id":"https:\/\/jucarii-lemn-online.ro\/#website"},"primaryImageOfPage":{"@id":"https:\/\/jucarii-lemn-online.ro\/produs\/figurina-din-lemn-bradut-kuc\/#primaryimage"},"image":{"@id":"https:\/\/jucarii-lemn-online.ro\/produs\/figurina-din-lemn-bradut-kuc\/#primaryimage"},"thumbnailUrl":"https:\/\/jucarii-lemn-online.ro\/wp-content\/uploads\/2023\/10\/IMG_20230124_131647-scaled.jpg","datePublished":"2023-11-15T11:11:39+00:00","dateModified":"2025-11-23T18:59:00+00:00","description":"Figurinele \"Kuck\u00f3m\" sunt realizate manual, din materiale naturale, biodegradabile si sunt sigure pentru copii. Sunt colorate folosind vopsea cu creta non-toxica Annie Sloan, si ceara naturala de albine.Marime figurina bradut : 7 x 5 x 1.7 cm","breadcrumb":{"@id":"https:\/\/jucarii-lemn-online.ro\/produs\/figurina-din-lemn-bradut-kuc\/#breadcrumb"},"inLanguage":"hu","potentialAction":[{"@type":"ReadAction","target":["https:\/\/jucarii-lemn-online.ro\/produs\/figurina-din-lemn-bradut-kuc\/"]}]},{"@type":"ImageObject","inLanguage":"hu","@id":"https:\/\/jucarii-lemn-online.ro\/produs\/figurina-din-lemn-bradut-kuc\/#primaryimage","url":"https:\/\/jucarii-lemn-online.ro\/wp-content\/uploads\/2023\/10\/IMG_20230124_131647-scaled.jpg","contentUrl":"https:\/\/jucarii-lemn-online.ro\/wp-content\/uploads\/2023\/10\/IMG_20230124_131647-scaled.jpg","width":1920,"height":2560},{"@type":"BreadcrumbList","@id":"https:\/\/jucarii-lemn-online.ro\/produs\/figurina-din-lemn-bradut-kuc\/#breadcrumb","itemListElement":[{"@type":"ListItem","position":1,"name":"Prima pagin\u0103","item":"https:\/\/jucarii-lemn-online.ro\/hu\/"},{"@type":"ListItem","position":2,"name":"Shop","item":"https:\/\/jucarii-lemn-online.ro\/hu\/shop-2\/"},{"@type":"ListItem","position":3,"name":"Br\u0103du\u021b &#8211; figurin\u0103 lemn Kuck\u00f3m"}]},{"@type":"WebSite","@id":"https:\/\/jucarii-lemn-online.ro\/#website","url":"https:\/\/jucarii-lemn-online.ro\/","name":"Juc\u0103rii din lemn fabricate \u00een Rom\u00e2nia!","description":"Juc\u0103rii din lemn fabricate \u00een Rom\u00e2nia!","potentialAction":[{"@type":"SearchAction","target":{"@type":"EntryPoint","urlTemplate":"https:\/\/jucarii-lemn-online.ro\/?s={search_term_string}"},"query-input":{"@type":"PropertyValueSpecification","valueRequired":true,"valueName":"search_term_string"}}],"inLanguage":"hu"}]}},"_links":{"self":[{"href":"https:\/\/jucarii-lemn-online.ro\/hu\/wp-json\/wp\/v2\/product\/4417","targetHints":{"allow":["GET"]}}],"collection":[{"href":"https:\/\/jucarii-lemn-online.ro\/hu\/wp-json\/wp\/v2\/product"}],"about":[{"href":"https:\/\/jucarii-lemn-online.ro\/hu\/wp-json\/wp\/v2\/types\/product"}],"wp:featuredmedia":[{"embeddable":true,"href":"https:\/\/jucarii-lemn-online.ro\/hu\/wp-json\/wp\/v2\/media\/4022"}],"wp:attachment":[{"href":"https:\/\/jucarii-lemn-online.ro\/hu\/wp-json\/wp\/v2\/media?parent=4417"}],"wp:term":[{"taxonomy":"product_brand","embeddable":true,"href":"https:\/\/jucarii-lemn-online.ro\/hu\/wp-json\/wp\/v2\/product_brand?post=4417"},{"taxonomy":"product_cat","embeddable":true,"href":"https:\/\/jucarii-lemn-online.ro\/hu\/wp-json\/wp\/v2\/product_cat?post=4417"},{"taxonomy":"product_tag","embeddable":true,"href":"https:\/\/jucarii-lemn-online.ro\/hu\/wp-json\/wp\/v2\/product_tag?post=4417"}],"curies":[{"name":"wp","href":"https:\/\/api.w.org\/{rel}","templated":true}]}}