{"id":4397,"date":"2023-11-13T16:04:43","date_gmt":"2023-11-13T14:04:43","guid":{"rendered":"https:\/\/jucarii-lemn-online.ro\/?post_type=product&#038;p=4397"},"modified":"2026-04-15T09:12:31","modified_gmt":"2026-04-15T07:12:31","slug":"asszon","status":"publish","type":"product","link":"https:\/\/jucarii-lemn-online.ro\/hu\/produs\/asszon\/","title":{"rendered":"Femeie &#8211; figurin\u0103 decorativ\u0103 din lemn"},"content":{"rendered":"<div class=\"std\">\n<p>Aceast\u0103 figurin\u0103 din lemn, sculptat\u0103 \u0219i pictat\u0103 manual, poart\u0103 farmecul me\u0219te\u0219ugului autentic. Este un suvenir de colec\u021bie, creat cu aten\u021bie la detalii \u0219i respect pentru tradi\u021bie. Un obiect mic, dar cu suflet mare \u2013 perfect pentru a aduce o not\u0103 cald\u0103 \u0219i natural\u0103 \u00een orice cas\u0103.<\/p>\n<p>Contraindicat copiilor sub 3 ani, con\u021bine piese mici deta\u0219abile, care pot fi \u00eenghi\u021bite.<\/p>\n<\/div>\n","protected":false},"excerpt":{"rendered":"<div class=\"std\">\n<p>Figurin\u0103 din lemn realizat\u0103 manual, parte dintr-o serie de colec\u021bie. Fiecare pies\u0103 este unic\u0103, finisat\u0103 cu grij\u0103 \u0219i g\u00e2ndit\u0103 ca suvenir \u2013 o mic\u0103 oper\u0103 de art\u0103 care p\u0103streaz\u0103 frumuse\u021bea simplit\u0103\u021bii \u0219i a me\u0219te\u0219ugului tradi\u021bional.<\/p>\n<\/div>\n","protected":false},"featured_media":4105,"template":"","meta":[],"product_brand":[],"product_cat":[206],"product_tag":[208,163],"class_list":{"0":"post-4397","1":"product","2":"type-product","3":"status-publish","4":"has-post-thumbnail","6":"product_cat-pista-ba","7":"product_tag-asszon","8":"product_tag-figurina","10":"first","11":"instock","12":"sale","13":"shipping-taxable","14":"purchasable","15":"product-type-simple"},"yoast_head":"<!-- This site is optimized with the Yoast SEO plugin v24.5 - https:\/\/yoast.com\/wordpress\/plugins\/seo\/ -->\n<title>Femeie - figurin\u0103 decorativ\u0103 din lemn - Juc\u0103rii din lemn fabricate \u00een Rom\u00e2nia!<\/title>\n<meta name=\"description\" content=\"Figurin\u0103 din lemn realizat\u0103 manual, parte dintr-o serie de colec\u021bie. Fiecare pies\u0103 este unic\u0103, finisat\u0103 cu grij\u0103 \u0219i g\u00e2ndit\u0103 ca suvenir \u2013 o mic\u0103 oper\u0103 de art\u0103 care p\u0103streaz\u0103 frumuse\u021bea simplit\u0103\u021bii \u0219i a me\u0219te\u0219ugului tradi\u021bional.\" \/>\n<meta name=\"robots\" content=\"index, follow, max-snippet:-1, max-image-preview:large, max-video-preview:-1\" \/>\n<link rel=\"canonical\" href=\"https:\/\/jucarii-lemn-online.ro\/produs\/asszon\/\" \/>\n<meta property=\"og:locale\" content=\"hu_HU\" \/>\n<meta property=\"og:type\" content=\"article\" \/>\n<meta property=\"og:title\" content=\"Femeie - figurin\u0103 decorativ\u0103 din lemn - Juc\u0103rii din lemn fabricate \u00een Rom\u00e2nia!\" \/>\n<meta property=\"og:description\" content=\"Figurin\u0103 din lemn realizat\u0103 manual, parte dintr-o serie de colec\u021bie. Fiecare pies\u0103 este unic\u0103, finisat\u0103 cu grij\u0103 \u0219i g\u00e2ndit\u0103 ca suvenir \u2013 o mic\u0103 oper\u0103 de art\u0103 care p\u0103streaz\u0103 frumuse\u021bea simplit\u0103\u021bii \u0219i a me\u0219te\u0219ugului tradi\u021bional.\" \/>\n<meta property=\"og:url\" content=\"https:\/\/jucarii-lemn-online.ro\/produs\/asszon\/\" \/>\n<meta property=\"og:site_name\" content=\"Juc\u0103rii din lemn fabricate \u00een Rom\u00e2nia!\" \/>\n<meta property=\"article:modified_time\" content=\"2026-04-15T07:12:31+00:00\" \/>\n<meta property=\"og:image\" content=\"https:\/\/jucarii-lemn-online.ro\/wp-content\/uploads\/2023\/10\/IMG_20210427_181642-scaled.jpg\" \/>\n\t<meta property=\"og:image:width\" content=\"2240\" \/>\n\t<meta property=\"og:image:height\" content=\"2560\" \/>\n\t<meta property=\"og:image:type\" content=\"image\/jpeg\" \/>\n<meta name=\"twitter:card\" content=\"summary_large_image\" \/>\n<meta name=\"twitter:label1\" content=\"Becs\u00fclt olvas\u00e1si id\u0151\" \/>\n\t<meta name=\"twitter:data1\" content=\"1 perc\" \/>\n<script type=\"application\/ld+json\" class=\"yoast-schema-graph\">{\"@context\":\"https:\/\/schema.org\",\"@graph\":[{\"@type\":\"WebPage\",\"@id\":\"https:\/\/jucarii-lemn-online.ro\/produs\/asszon\/\",\"url\":\"https:\/\/jucarii-lemn-online.ro\/produs\/asszon\/\",\"name\":\"Femeie - figurin\u0103 decorativ\u0103 din lemn - Juc\u0103rii din lemn fabricate \u00een Rom\u00e2nia!\",\"isPartOf\":{\"@id\":\"https:\/\/jucarii-lemn-online.ro\/#website\"},\"primaryImageOfPage\":{\"@id\":\"https:\/\/jucarii-lemn-online.ro\/produs\/asszon\/#primaryimage\"},\"image\":{\"@id\":\"https:\/\/jucarii-lemn-online.ro\/produs\/asszon\/#primaryimage\"},\"thumbnailUrl\":\"https:\/\/jucarii-lemn-online.ro\/wp-content\/uploads\/2023\/10\/IMG_20210427_181642-scaled.jpg\",\"datePublished\":\"2023-11-13T14:04:43+00:00\",\"dateModified\":\"2026-04-15T07:12:31+00:00\",\"description\":\"Figurin\u0103 din lemn realizat\u0103 manual, parte dintr-o serie de colec\u021bie. Fiecare pies\u0103 este unic\u0103, finisat\u0103 cu grij\u0103 \u0219i g\u00e2ndit\u0103 ca suvenir \u2013 o mic\u0103 oper\u0103 de art\u0103 care p\u0103streaz\u0103 frumuse\u021bea simplit\u0103\u021bii \u0219i a me\u0219te\u0219ugului tradi\u021bional.\",\"breadcrumb\":{\"@id\":\"https:\/\/jucarii-lemn-online.ro\/produs\/asszon\/#breadcrumb\"},\"inLanguage\":\"hu\",\"potentialAction\":[{\"@type\":\"ReadAction\",\"target\":[\"https:\/\/jucarii-lemn-online.ro\/produs\/asszon\/\"]}]},{\"@type\":\"ImageObject\",\"inLanguage\":\"hu\",\"@id\":\"https:\/\/jucarii-lemn-online.ro\/produs\/asszon\/#primaryimage\",\"url\":\"https:\/\/jucarii-lemn-online.ro\/wp-content\/uploads\/2023\/10\/IMG_20210427_181642-scaled.jpg\",\"contentUrl\":\"https:\/\/jucarii-lemn-online.ro\/wp-content\/uploads\/2023\/10\/IMG_20210427_181642-scaled.jpg\",\"width\":2240,\"height\":2560,\"caption\":\"rbt\"},{\"@type\":\"BreadcrumbList\",\"@id\":\"https:\/\/jucarii-lemn-online.ro\/produs\/asszon\/#breadcrumb\",\"itemListElement\":[{\"@type\":\"ListItem\",\"position\":1,\"name\":\"Prima pagin\u0103\",\"item\":\"https:\/\/jucarii-lemn-online.ro\/hu\/\"},{\"@type\":\"ListItem\",\"position\":2,\"name\":\"Shop\",\"item\":\"https:\/\/jucarii-lemn-online.ro\/hu\/shop-2\/\"},{\"@type\":\"ListItem\",\"position\":3,\"name\":\"Femeie &#8211; figurin\u0103 decorativ\u0103 din lemn\"}]},{\"@type\":\"WebSite\",\"@id\":\"https:\/\/jucarii-lemn-online.ro\/#website\",\"url\":\"https:\/\/jucarii-lemn-online.ro\/\",\"name\":\"Juc\u0103rii din lemn fabricate \u00een Rom\u00e2nia!\",\"description\":\"Juc\u0103rii din lemn fabricate \u00een Rom\u00e2nia!\",\"potentialAction\":[{\"@type\":\"SearchAction\",\"target\":{\"@type\":\"EntryPoint\",\"urlTemplate\":\"https:\/\/jucarii-lemn-online.ro\/?s={search_term_string}\"},\"query-input\":{\"@type\":\"PropertyValueSpecification\",\"valueRequired\":true,\"valueName\":\"search_term_string\"}}],\"inLanguage\":\"hu\"}]}<\/script>\n<!-- \/ Yoast SEO plugin. -->","yoast_head_json":{"title":"Femeie - figurin\u0103 decorativ\u0103 din lemn - Juc\u0103rii din lemn fabricate \u00een Rom\u00e2nia!","description":"Figurin\u0103 din lemn realizat\u0103 manual, parte dintr-o serie de colec\u021bie. Fiecare pies\u0103 este unic\u0103, finisat\u0103 cu grij\u0103 \u0219i g\u00e2ndit\u0103 ca suvenir \u2013 o mic\u0103 oper\u0103 de art\u0103 care p\u0103streaz\u0103 frumuse\u021bea simplit\u0103\u021bii \u0219i a me\u0219te\u0219ugului tradi\u021bional.","robots":{"index":"index","follow":"follow","max-snippet":"max-snippet:-1","max-image-preview":"max-image-preview:large","max-video-preview":"max-video-preview:-1"},"canonical":"https:\/\/jucarii-lemn-online.ro\/produs\/asszon\/","og_locale":"hu_HU","og_type":"article","og_title":"Femeie - figurin\u0103 decorativ\u0103 din lemn - Juc\u0103rii din lemn fabricate \u00een Rom\u00e2nia!","og_description":"Figurin\u0103 din lemn realizat\u0103 manual, parte dintr-o serie de colec\u021bie. Fiecare pies\u0103 este unic\u0103, finisat\u0103 cu grij\u0103 \u0219i g\u00e2ndit\u0103 ca suvenir \u2013 o mic\u0103 oper\u0103 de art\u0103 care p\u0103streaz\u0103 frumuse\u021bea simplit\u0103\u021bii \u0219i a me\u0219te\u0219ugului tradi\u021bional.","og_url":"https:\/\/jucarii-lemn-online.ro\/produs\/asszon\/","og_site_name":"Juc\u0103rii din lemn fabricate \u00een Rom\u00e2nia!","article_modified_time":"2026-04-15T07:12:31+00:00","og_image":[{"width":2240,"height":2560,"url":"https:\/\/jucarii-lemn-online.ro\/wp-content\/uploads\/2023\/10\/IMG_20210427_181642-scaled.jpg","type":"image\/jpeg"}],"twitter_card":"summary_large_image","twitter_misc":{"Becs\u00fclt olvas\u00e1si id\u0151":"1 perc"},"schema":{"@context":"https:\/\/schema.org","@graph":[{"@type":"WebPage","@id":"https:\/\/jucarii-lemn-online.ro\/produs\/asszon\/","url":"https:\/\/jucarii-lemn-online.ro\/produs\/asszon\/","name":"Femeie - figurin\u0103 decorativ\u0103 din lemn - Juc\u0103rii din lemn fabricate \u00een Rom\u00e2nia!","isPartOf":{"@id":"https:\/\/jucarii-lemn-online.ro\/#website"},"primaryImageOfPage":{"@id":"https:\/\/jucarii-lemn-online.ro\/produs\/asszon\/#primaryimage"},"image":{"@id":"https:\/\/jucarii-lemn-online.ro\/produs\/asszon\/#primaryimage"},"thumbnailUrl":"https:\/\/jucarii-lemn-online.ro\/wp-content\/uploads\/2023\/10\/IMG_20210427_181642-scaled.jpg","datePublished":"2023-11-13T14:04:43+00:00","dateModified":"2026-04-15T07:12:31+00:00","description":"Figurin\u0103 din lemn realizat\u0103 manual, parte dintr-o serie de colec\u021bie. Fiecare pies\u0103 este unic\u0103, finisat\u0103 cu grij\u0103 \u0219i g\u00e2ndit\u0103 ca suvenir \u2013 o mic\u0103 oper\u0103 de art\u0103 care p\u0103streaz\u0103 frumuse\u021bea simplit\u0103\u021bii \u0219i a me\u0219te\u0219ugului tradi\u021bional.","breadcrumb":{"@id":"https:\/\/jucarii-lemn-online.ro\/produs\/asszon\/#breadcrumb"},"inLanguage":"hu","potentialAction":[{"@type":"ReadAction","target":["https:\/\/jucarii-lemn-online.ro\/produs\/asszon\/"]}]},{"@type":"ImageObject","inLanguage":"hu","@id":"https:\/\/jucarii-lemn-online.ro\/produs\/asszon\/#primaryimage","url":"https:\/\/jucarii-lemn-online.ro\/wp-content\/uploads\/2023\/10\/IMG_20210427_181642-scaled.jpg","contentUrl":"https:\/\/jucarii-lemn-online.ro\/wp-content\/uploads\/2023\/10\/IMG_20210427_181642-scaled.jpg","width":2240,"height":2560,"caption":"rbt"},{"@type":"BreadcrumbList","@id":"https:\/\/jucarii-lemn-online.ro\/produs\/asszon\/#breadcrumb","itemListElement":[{"@type":"ListItem","position":1,"name":"Prima pagin\u0103","item":"https:\/\/jucarii-lemn-online.ro\/hu\/"},{"@type":"ListItem","position":2,"name":"Shop","item":"https:\/\/jucarii-lemn-online.ro\/hu\/shop-2\/"},{"@type":"ListItem","position":3,"name":"Femeie &#8211; figurin\u0103 decorativ\u0103 din lemn"}]},{"@type":"WebSite","@id":"https:\/\/jucarii-lemn-online.ro\/#website","url":"https:\/\/jucarii-lemn-online.ro\/","name":"Juc\u0103rii din lemn fabricate \u00een Rom\u00e2nia!","description":"Juc\u0103rii din lemn fabricate \u00een Rom\u00e2nia!","potentialAction":[{"@type":"SearchAction","target":{"@type":"EntryPoint","urlTemplate":"https:\/\/jucarii-lemn-online.ro\/?s={search_term_string}"},"query-input":{"@type":"PropertyValueSpecification","valueRequired":true,"valueName":"search_term_string"}}],"inLanguage":"hu"}]}},"_links":{"self":[{"href":"https:\/\/jucarii-lemn-online.ro\/hu\/wp-json\/wp\/v2\/product\/4397","targetHints":{"allow":["GET"]}}],"collection":[{"href":"https:\/\/jucarii-lemn-online.ro\/hu\/wp-json\/wp\/v2\/product"}],"about":[{"href":"https:\/\/jucarii-lemn-online.ro\/hu\/wp-json\/wp\/v2\/types\/product"}],"wp:featuredmedia":[{"embeddable":true,"href":"https:\/\/jucarii-lemn-online.ro\/hu\/wp-json\/wp\/v2\/media\/4105"}],"wp:attachment":[{"href":"https:\/\/jucarii-lemn-online.ro\/hu\/wp-json\/wp\/v2\/media?parent=4397"}],"wp:term":[{"taxonomy":"product_brand","embeddable":true,"href":"https:\/\/jucarii-lemn-online.ro\/hu\/wp-json\/wp\/v2\/product_brand?post=4397"},{"taxonomy":"product_cat","embeddable":true,"href":"https:\/\/jucarii-lemn-online.ro\/hu\/wp-json\/wp\/v2\/product_cat?post=4397"},{"taxonomy":"product_tag","embeddable":true,"href":"https:\/\/jucarii-lemn-online.ro\/hu\/wp-json\/wp\/v2\/product_tag?post=4397"}],"curies":[{"name":"wp","href":"https:\/\/api.w.org\/{rel}","templated":true}]}}