{"id":4363,"date":"2023-11-10T12:10:13","date_gmt":"2023-11-10T10:10:13","guid":{"rendered":"https:\/\/jucarii-lemn-online.ro\/?post_type=product&#038;p=4363"},"modified":"2025-10-03T09:36:35","modified_gmt":"2025-10-03T07:36:35","slug":"tabla-caligrafica-din-lemn-litere-de-tipar","status":"publish","type":"product","link":"https:\/\/jucarii-lemn-online.ro\/hu\/produs\/tabla-caligrafica-din-lemn-litere-de-tipar\/","title":{"rendered":"Tabl\u0103 caligrafic\u0103 din lemn \u2013 litere de tipar"},"content":{"rendered":"<div class=\"woocommerce-product-details__short-description\">\n<p>Tabla caligrafic\u0103 din lemn este un instrument educativ ideal pentru exersarea \u0219i dezvoltarea abilit\u0103\u021bilor de scriere. Copiii pot \u00eenv\u0103\u021ba mai u\u0219or formarea literelor de tipar prin exerci\u021biu practic.<br data-start=\"344\" data-end=\"347\" \/>\u2714 Varianta fa\u021b\u0103\/verso pentru utilizare diversificat\u0103<br data-start=\"399\" data-end=\"402\" \/>\u2714 Dimensiuni: 30 x 40 cm, grosime 2 cm<\/p>\n<\/div>\n","protected":false},"excerpt":{"rendered":"<div class=\"woocommerce-product-details__short-description\">\n<p>Tabla caligrafic\u0103 din lemn este un instrument educativ ideal pentru exersarea \u0219i dezvoltarea abilit\u0103\u021bilor de scriere. Copiii pot \u00eenv\u0103\u021ba mai u\u0219or formarea literelor de tipar prin exerci\u021biu practic.<br data-start=\"344\" data-end=\"347\" \/>\u2714 Varianta fa\u021b\u0103\/verso pentru utilizare diversificat\u0103<br data-start=\"399\" data-end=\"402\" \/>\u2714 Dimensiuni: 30 x 40 cm, grosime 2 cm<\/p>\n<\/div>\n","protected":false},"featured_media":4357,"template":"","meta":[],"product_brand":[],"product_cat":[92],"product_tag":[201,200],"class_list":{"0":"post-4363","1":"product","2":"type-product","3":"status-publish","4":"has-post-thumbnail","6":"product_cat-ingenioplay","7":"product_tag-litere-de-tipar","8":"product_tag-tabla-caligrafica","10":"first","11":"outofstock","12":"shipping-taxable","13":"purchasable","14":"product-type-simple"},"yoast_head":"<!-- This site is optimized with the Yoast SEO plugin v24.5 - https:\/\/yoast.com\/wordpress\/plugins\/seo\/ -->\n<title>Tabl\u0103 caligrafic\u0103 din lemn \u2013 litere de tipar - Juc\u0103rii din lemn fabricate \u00een Rom\u00e2nia!<\/title>\n<meta name=\"description\" content=\"Acest model de tabla caligrafica ajuta la dezvoltarea abilitatilor de formare a literelor de tipar.Varianta fata \/ verso.\" \/>\n<meta name=\"robots\" content=\"index, follow, max-snippet:-1, max-image-preview:large, max-video-preview:-1\" \/>\n<link rel=\"canonical\" href=\"https:\/\/jucarii-lemn-online.ro\/produs\/tabla-caligrafica-din-lemn-litere-de-tipar\/\" \/>\n<meta property=\"og:locale\" content=\"hu_HU\" \/>\n<meta property=\"og:type\" content=\"article\" \/>\n<meta property=\"og:title\" content=\"Tabl\u0103 caligrafic\u0103 din lemn \u2013 litere de tipar - Juc\u0103rii din lemn fabricate \u00een Rom\u00e2nia!\" \/>\n<meta property=\"og:description\" content=\"Acest model de tabla caligrafica ajuta la dezvoltarea abilitatilor de formare a literelor de tipar.Varianta fata \/ verso.\" \/>\n<meta property=\"og:url\" content=\"https:\/\/jucarii-lemn-online.ro\/produs\/tabla-caligrafica-din-lemn-litere-de-tipar\/\" \/>\n<meta property=\"og:site_name\" content=\"Juc\u0103rii din lemn fabricate \u00een Rom\u00e2nia!\" \/>\n<meta property=\"article:modified_time\" content=\"2025-10-03T07:36:35+00:00\" \/>\n<meta property=\"og:image\" content=\"https:\/\/jucarii-lemn-online.ro\/wp-content\/uploads\/2023\/11\/IMG_20231110_090446-1024x749.png\" \/>\n\t<meta property=\"og:image:width\" content=\"1024\" \/>\n\t<meta property=\"og:image:height\" content=\"749\" \/>\n\t<meta property=\"og:image:type\" content=\"image\/png\" \/>\n<meta name=\"twitter:card\" content=\"summary_large_image\" \/>\n<meta name=\"twitter:label1\" content=\"Becs\u00fclt olvas\u00e1si id\u0151\" \/>\n\t<meta name=\"twitter:data1\" content=\"1 perc\" \/>\n<script type=\"application\/ld+json\" class=\"yoast-schema-graph\">{\"@context\":\"https:\/\/schema.org\",\"@graph\":[{\"@type\":\"WebPage\",\"@id\":\"https:\/\/jucarii-lemn-online.ro\/produs\/tabla-caligrafica-din-lemn-litere-de-tipar\/\",\"url\":\"https:\/\/jucarii-lemn-online.ro\/produs\/tabla-caligrafica-din-lemn-litere-de-tipar\/\",\"name\":\"Tabl\u0103 caligrafic\u0103 din lemn \u2013 litere de tipar - Juc\u0103rii din lemn fabricate \u00een Rom\u00e2nia!\",\"isPartOf\":{\"@id\":\"https:\/\/jucarii-lemn-online.ro\/#website\"},\"primaryImageOfPage\":{\"@id\":\"https:\/\/jucarii-lemn-online.ro\/produs\/tabla-caligrafica-din-lemn-litere-de-tipar\/#primaryimage\"},\"image\":{\"@id\":\"https:\/\/jucarii-lemn-online.ro\/produs\/tabla-caligrafica-din-lemn-litere-de-tipar\/#primaryimage\"},\"thumbnailUrl\":\"https:\/\/jucarii-lemn-online.ro\/wp-content\/uploads\/2023\/11\/IMG_20231110_090446.png\",\"datePublished\":\"2023-11-10T10:10:13+00:00\",\"dateModified\":\"2025-10-03T07:36:35+00:00\",\"description\":\"Acest model de tabla caligrafica ajuta la dezvoltarea abilitatilor de formare a literelor de tipar.Varianta fata \/ verso.\",\"breadcrumb\":{\"@id\":\"https:\/\/jucarii-lemn-online.ro\/produs\/tabla-caligrafica-din-lemn-litere-de-tipar\/#breadcrumb\"},\"inLanguage\":\"hu\",\"potentialAction\":[{\"@type\":\"ReadAction\",\"target\":[\"https:\/\/jucarii-lemn-online.ro\/produs\/tabla-caligrafica-din-lemn-litere-de-tipar\/\"]}]},{\"@type\":\"ImageObject\",\"inLanguage\":\"hu\",\"@id\":\"https:\/\/jucarii-lemn-online.ro\/produs\/tabla-caligrafica-din-lemn-litere-de-tipar\/#primaryimage\",\"url\":\"https:\/\/jucarii-lemn-online.ro\/wp-content\/uploads\/2023\/11\/IMG_20231110_090446.png\",\"contentUrl\":\"https:\/\/jucarii-lemn-online.ro\/wp-content\/uploads\/2023\/11\/IMG_20231110_090446.png\",\"width\":1455,\"height\":1064},{\"@type\":\"BreadcrumbList\",\"@id\":\"https:\/\/jucarii-lemn-online.ro\/produs\/tabla-caligrafica-din-lemn-litere-de-tipar\/#breadcrumb\",\"itemListElement\":[{\"@type\":\"ListItem\",\"position\":1,\"name\":\"Prima pagin\u0103\",\"item\":\"https:\/\/jucarii-lemn-online.ro\/hu\/\"},{\"@type\":\"ListItem\",\"position\":2,\"name\":\"Shop\",\"item\":\"https:\/\/jucarii-lemn-online.ro\/hu\/shop-2\/\"},{\"@type\":\"ListItem\",\"position\":3,\"name\":\"Tabl\u0103 caligrafic\u0103 din lemn \u2013 litere de tipar\"}]},{\"@type\":\"WebSite\",\"@id\":\"https:\/\/jucarii-lemn-online.ro\/#website\",\"url\":\"https:\/\/jucarii-lemn-online.ro\/\",\"name\":\"Juc\u0103rii din lemn fabricate \u00een Rom\u00e2nia!\",\"description\":\"Juc\u0103rii din lemn fabricate \u00een Rom\u00e2nia!\",\"potentialAction\":[{\"@type\":\"SearchAction\",\"target\":{\"@type\":\"EntryPoint\",\"urlTemplate\":\"https:\/\/jucarii-lemn-online.ro\/?s={search_term_string}\"},\"query-input\":{\"@type\":\"PropertyValueSpecification\",\"valueRequired\":true,\"valueName\":\"search_term_string\"}}],\"inLanguage\":\"hu\"}]}<\/script>\n<!-- \/ Yoast SEO plugin. -->","yoast_head_json":{"title":"Tabl\u0103 caligrafic\u0103 din lemn \u2013 litere de tipar - Juc\u0103rii din lemn fabricate \u00een Rom\u00e2nia!","description":"Acest model de tabla caligrafica ajuta la dezvoltarea abilitatilor de formare a literelor de tipar.Varianta fata \/ verso.","robots":{"index":"index","follow":"follow","max-snippet":"max-snippet:-1","max-image-preview":"max-image-preview:large","max-video-preview":"max-video-preview:-1"},"canonical":"https:\/\/jucarii-lemn-online.ro\/produs\/tabla-caligrafica-din-lemn-litere-de-tipar\/","og_locale":"hu_HU","og_type":"article","og_title":"Tabl\u0103 caligrafic\u0103 din lemn \u2013 litere de tipar - Juc\u0103rii din lemn fabricate \u00een Rom\u00e2nia!","og_description":"Acest model de tabla caligrafica ajuta la dezvoltarea abilitatilor de formare a literelor de tipar.Varianta fata \/ verso.","og_url":"https:\/\/jucarii-lemn-online.ro\/produs\/tabla-caligrafica-din-lemn-litere-de-tipar\/","og_site_name":"Juc\u0103rii din lemn fabricate \u00een Rom\u00e2nia!","article_modified_time":"2025-10-03T07:36:35+00:00","og_image":[{"width":1024,"height":749,"url":"https:\/\/jucarii-lemn-online.ro\/wp-content\/uploads\/2023\/11\/IMG_20231110_090446-1024x749.png","type":"image\/png"}],"twitter_card":"summary_large_image","twitter_misc":{"Becs\u00fclt olvas\u00e1si id\u0151":"1 perc"},"schema":{"@context":"https:\/\/schema.org","@graph":[{"@type":"WebPage","@id":"https:\/\/jucarii-lemn-online.ro\/produs\/tabla-caligrafica-din-lemn-litere-de-tipar\/","url":"https:\/\/jucarii-lemn-online.ro\/produs\/tabla-caligrafica-din-lemn-litere-de-tipar\/","name":"Tabl\u0103 caligrafic\u0103 din lemn \u2013 litere de tipar - Juc\u0103rii din lemn fabricate \u00een Rom\u00e2nia!","isPartOf":{"@id":"https:\/\/jucarii-lemn-online.ro\/#website"},"primaryImageOfPage":{"@id":"https:\/\/jucarii-lemn-online.ro\/produs\/tabla-caligrafica-din-lemn-litere-de-tipar\/#primaryimage"},"image":{"@id":"https:\/\/jucarii-lemn-online.ro\/produs\/tabla-caligrafica-din-lemn-litere-de-tipar\/#primaryimage"},"thumbnailUrl":"https:\/\/jucarii-lemn-online.ro\/wp-content\/uploads\/2023\/11\/IMG_20231110_090446.png","datePublished":"2023-11-10T10:10:13+00:00","dateModified":"2025-10-03T07:36:35+00:00","description":"Acest model de tabla caligrafica ajuta la dezvoltarea abilitatilor de formare a literelor de tipar.Varianta fata \/ verso.","breadcrumb":{"@id":"https:\/\/jucarii-lemn-online.ro\/produs\/tabla-caligrafica-din-lemn-litere-de-tipar\/#breadcrumb"},"inLanguage":"hu","potentialAction":[{"@type":"ReadAction","target":["https:\/\/jucarii-lemn-online.ro\/produs\/tabla-caligrafica-din-lemn-litere-de-tipar\/"]}]},{"@type":"ImageObject","inLanguage":"hu","@id":"https:\/\/jucarii-lemn-online.ro\/produs\/tabla-caligrafica-din-lemn-litere-de-tipar\/#primaryimage","url":"https:\/\/jucarii-lemn-online.ro\/wp-content\/uploads\/2023\/11\/IMG_20231110_090446.png","contentUrl":"https:\/\/jucarii-lemn-online.ro\/wp-content\/uploads\/2023\/11\/IMG_20231110_090446.png","width":1455,"height":1064},{"@type":"BreadcrumbList","@id":"https:\/\/jucarii-lemn-online.ro\/produs\/tabla-caligrafica-din-lemn-litere-de-tipar\/#breadcrumb","itemListElement":[{"@type":"ListItem","position":1,"name":"Prima pagin\u0103","item":"https:\/\/jucarii-lemn-online.ro\/hu\/"},{"@type":"ListItem","position":2,"name":"Shop","item":"https:\/\/jucarii-lemn-online.ro\/hu\/shop-2\/"},{"@type":"ListItem","position":3,"name":"Tabl\u0103 caligrafic\u0103 din lemn \u2013 litere de tipar"}]},{"@type":"WebSite","@id":"https:\/\/jucarii-lemn-online.ro\/#website","url":"https:\/\/jucarii-lemn-online.ro\/","name":"Juc\u0103rii din lemn fabricate \u00een Rom\u00e2nia!","description":"Juc\u0103rii din lemn fabricate \u00een Rom\u00e2nia!","potentialAction":[{"@type":"SearchAction","target":{"@type":"EntryPoint","urlTemplate":"https:\/\/jucarii-lemn-online.ro\/?s={search_term_string}"},"query-input":{"@type":"PropertyValueSpecification","valueRequired":true,"valueName":"search_term_string"}}],"inLanguage":"hu"}]}},"_links":{"self":[{"href":"https:\/\/jucarii-lemn-online.ro\/hu\/wp-json\/wp\/v2\/product\/4363","targetHints":{"allow":["GET"]}}],"collection":[{"href":"https:\/\/jucarii-lemn-online.ro\/hu\/wp-json\/wp\/v2\/product"}],"about":[{"href":"https:\/\/jucarii-lemn-online.ro\/hu\/wp-json\/wp\/v2\/types\/product"}],"wp:featuredmedia":[{"embeddable":true,"href":"https:\/\/jucarii-lemn-online.ro\/hu\/wp-json\/wp\/v2\/media\/4357"}],"wp:attachment":[{"href":"https:\/\/jucarii-lemn-online.ro\/hu\/wp-json\/wp\/v2\/media?parent=4363"}],"wp:term":[{"taxonomy":"product_brand","embeddable":true,"href":"https:\/\/jucarii-lemn-online.ro\/hu\/wp-json\/wp\/v2\/product_brand?post=4363"},{"taxonomy":"product_cat","embeddable":true,"href":"https:\/\/jucarii-lemn-online.ro\/hu\/wp-json\/wp\/v2\/product_cat?post=4363"},{"taxonomy":"product_tag","embeddable":true,"href":"https:\/\/jucarii-lemn-online.ro\/hu\/wp-json\/wp\/v2\/product_tag?post=4363"}],"curies":[{"name":"wp","href":"https:\/\/api.w.org\/{rel}","templated":true}]}}