{"id":4289,"date":"2023-11-03T13:09:34","date_gmt":"2023-11-03T11:09:34","guid":{"rendered":"https:\/\/jucarii-lemn-online.ro\/?post_type=product&#038;p=4289"},"modified":"2024-09-12T10:42:30","modified_gmt":"2024-09-12T08:42:30","slug":"masinuta-autobus-cu-6-animale","status":"publish","type":"product","link":"https:\/\/jucarii-lemn-online.ro\/hu\/produs\/masinuta-autobus-cu-6-animale\/","title":{"rendered":"Masinuta autobus cu 6 animale"},"content":{"rendered":"<p>Setul contine o masinuta autobus cu locuri pentru 3 figurine + 6 modele de figurine animale: soricel, pisicuta, miel, catel, arici si iepuras.<br \/>\nFiecare figurina este pictat manual.<\/p>\n<p>Marime masinuta: 24 x 16 x 5 cm<\/p>\n<p>Inaltime figurine: intre 7 si 8 cm.<\/p>\n<p>Made in Ro!<\/p>\n<p>&nbsp;<\/p>\n","protected":false},"excerpt":{"rendered":"<p>Setul contine o masinut autobus cu locuri pentru 3 figurine + 6 modele de figurine animale: soricel, pisicuta, miel, catel, arici si iepuras.<br \/>\nFiecare figurina este pictat manual.<\/p>\n<p>Marime masinuta: 24 x 16 x 5 cm<\/p>\n<p>Inaltime figurine: intre 7 si 8 cm.<\/p>\n<p>Made in Ro!<\/p>\n<p>&nbsp;<\/p>\n","protected":false},"featured_media":4272,"template":"","meta":[],"product_brand":[],"product_cat":[130,142],"product_tag":[163,170],"class_list":{"0":"post-4289","1":"product","2":"type-product","3":"status-publish","4":"has-post-thumbnail","6":"product_cat-kreativ-kucko","7":"product_cat-masinute","8":"product_tag-figurina","9":"product_tag-masinuta","11":"first","12":"instock","13":"shipping-taxable","14":"purchasable","15":"product-type-simple"},"yoast_head":"<!-- This site is optimized with the Yoast SEO plugin v24.5 - https:\/\/yoast.com\/wordpress\/plugins\/seo\/ -->\n<title>Masinuta autobus cu 6 animale - Juc\u0103rii din lemn fabricate \u00een Rom\u00e2nia!<\/title>\n<meta name=\"description\" content=\"Inaltime figurina: 10 cmLungime masinuta: 18 cmInaltime masinuta: 9 cmSetul contine o masinut autobus cu locuri pentru 3 figurine + 6 modele de figurine animale: soricel, pisicuta, miel, catel, arici si iepuras.Fiecare figurina este pictat manual.Marime masinuta: 24 x 16 x 5 cmInaltime figurine: intre 7 si 8 cm.\" \/>\n<meta name=\"robots\" content=\"index, follow, max-snippet:-1, max-image-preview:large, max-video-preview:-1\" \/>\n<link rel=\"canonical\" href=\"https:\/\/jucarii-lemn-online.ro\/produs\/masinuta-autobus-cu-6-animale\/\" \/>\n<meta property=\"og:locale\" content=\"hu_HU\" \/>\n<meta property=\"og:type\" content=\"article\" \/>\n<meta property=\"og:title\" content=\"Masinuta autobus cu 6 animale - Juc\u0103rii din lemn fabricate \u00een Rom\u00e2nia!\" \/>\n<meta property=\"og:description\" content=\"Inaltime figurina: 10 cmLungime masinuta: 18 cmInaltime masinuta: 9 cmSetul contine o masinut autobus cu locuri pentru 3 figurine + 6 modele de figurine animale: soricel, pisicuta, miel, catel, arici si iepuras.Fiecare figurina este pictat manual.Marime masinuta: 24 x 16 x 5 cmInaltime figurine: intre 7 si 8 cm.\" \/>\n<meta property=\"og:url\" content=\"https:\/\/jucarii-lemn-online.ro\/produs\/masinuta-autobus-cu-6-animale\/\" \/>\n<meta property=\"og:site_name\" content=\"Juc\u0103rii din lemn fabricate \u00een Rom\u00e2nia!\" \/>\n<meta property=\"article:modified_time\" content=\"2024-09-12T08:42:30+00:00\" \/>\n<meta property=\"og:image\" content=\"https:\/\/jucarii-lemn-online.ro\/wp-content\/uploads\/2023\/11\/IMG_20231102_151020_edit_1835570949922513-scaled.jpg\" \/>\n\t<meta property=\"og:image:width\" content=\"2560\" \/>\n\t<meta property=\"og:image:height\" content=\"1814\" \/>\n\t<meta property=\"og:image:type\" content=\"image\/jpeg\" \/>\n<meta name=\"twitter:card\" content=\"summary_large_image\" \/>\n<meta name=\"twitter:label1\" content=\"Becs\u00fclt olvas\u00e1si id\u0151\" \/>\n\t<meta name=\"twitter:data1\" content=\"1 perc\" \/>\n<script type=\"application\/ld+json\" class=\"yoast-schema-graph\">{\"@context\":\"https:\/\/schema.org\",\"@graph\":[{\"@type\":\"WebPage\",\"@id\":\"https:\/\/jucarii-lemn-online.ro\/produs\/masinuta-autobus-cu-6-animale\/\",\"url\":\"https:\/\/jucarii-lemn-online.ro\/produs\/masinuta-autobus-cu-6-animale\/\",\"name\":\"Masinuta autobus cu 6 animale - Juc\u0103rii din lemn fabricate \u00een Rom\u00e2nia!\",\"isPartOf\":{\"@id\":\"https:\/\/jucarii-lemn-online.ro\/#website\"},\"primaryImageOfPage\":{\"@id\":\"https:\/\/jucarii-lemn-online.ro\/produs\/masinuta-autobus-cu-6-animale\/#primaryimage\"},\"image\":{\"@id\":\"https:\/\/jucarii-lemn-online.ro\/produs\/masinuta-autobus-cu-6-animale\/#primaryimage\"},\"thumbnailUrl\":\"https:\/\/jucarii-lemn-online.ro\/wp-content\/uploads\/2023\/11\/IMG_20231102_151020_edit_1835570949922513-scaled.jpg\",\"datePublished\":\"2023-11-03T11:09:34+00:00\",\"dateModified\":\"2024-09-12T08:42:30+00:00\",\"description\":\"Inaltime figurina: 10 cmLungime masinuta: 18 cmInaltime masinuta: 9 cmSetul contine o masinut autobus cu locuri pentru 3 figurine + 6 modele de figurine animale: soricel, pisicuta, miel, catel, arici si iepuras.Fiecare figurina este pictat manual.Marime masinuta: 24 x 16 x 5 cmInaltime figurine: intre 7 si 8 cm.\",\"breadcrumb\":{\"@id\":\"https:\/\/jucarii-lemn-online.ro\/produs\/masinuta-autobus-cu-6-animale\/#breadcrumb\"},\"inLanguage\":\"hu\",\"potentialAction\":[{\"@type\":\"ReadAction\",\"target\":[\"https:\/\/jucarii-lemn-online.ro\/produs\/masinuta-autobus-cu-6-animale\/\"]}]},{\"@type\":\"ImageObject\",\"inLanguage\":\"hu\",\"@id\":\"https:\/\/jucarii-lemn-online.ro\/produs\/masinuta-autobus-cu-6-animale\/#primaryimage\",\"url\":\"https:\/\/jucarii-lemn-online.ro\/wp-content\/uploads\/2023\/11\/IMG_20231102_151020_edit_1835570949922513-scaled.jpg\",\"contentUrl\":\"https:\/\/jucarii-lemn-online.ro\/wp-content\/uploads\/2023\/11\/IMG_20231102_151020_edit_1835570949922513-scaled.jpg\",\"width\":2560,\"height\":1814},{\"@type\":\"BreadcrumbList\",\"@id\":\"https:\/\/jucarii-lemn-online.ro\/produs\/masinuta-autobus-cu-6-animale\/#breadcrumb\",\"itemListElement\":[{\"@type\":\"ListItem\",\"position\":1,\"name\":\"Prima pagin\u0103\",\"item\":\"https:\/\/jucarii-lemn-online.ro\/hu\/\"},{\"@type\":\"ListItem\",\"position\":2,\"name\":\"Shop\",\"item\":\"https:\/\/jucarii-lemn-online.ro\/hu\/shop-2\/\"},{\"@type\":\"ListItem\",\"position\":3,\"name\":\"Masinuta autobus cu 6 animale\"}]},{\"@type\":\"WebSite\",\"@id\":\"https:\/\/jucarii-lemn-online.ro\/#website\",\"url\":\"https:\/\/jucarii-lemn-online.ro\/\",\"name\":\"Juc\u0103rii din lemn fabricate \u00een Rom\u00e2nia!\",\"description\":\"Juc\u0103rii din lemn fabricate \u00een Rom\u00e2nia!\",\"potentialAction\":[{\"@type\":\"SearchAction\",\"target\":{\"@type\":\"EntryPoint\",\"urlTemplate\":\"https:\/\/jucarii-lemn-online.ro\/?s={search_term_string}\"},\"query-input\":{\"@type\":\"PropertyValueSpecification\",\"valueRequired\":true,\"valueName\":\"search_term_string\"}}],\"inLanguage\":\"hu\"}]}<\/script>\n<!-- \/ Yoast SEO plugin. -->","yoast_head_json":{"title":"Masinuta autobus cu 6 animale - Juc\u0103rii din lemn fabricate \u00een Rom\u00e2nia!","description":"Inaltime figurina: 10 cmLungime masinuta: 18 cmInaltime masinuta: 9 cmSetul contine o masinut autobus cu locuri pentru 3 figurine + 6 modele de figurine animale: soricel, pisicuta, miel, catel, arici si iepuras.Fiecare figurina este pictat manual.Marime masinuta: 24 x 16 x 5 cmInaltime figurine: intre 7 si 8 cm.","robots":{"index":"index","follow":"follow","max-snippet":"max-snippet:-1","max-image-preview":"max-image-preview:large","max-video-preview":"max-video-preview:-1"},"canonical":"https:\/\/jucarii-lemn-online.ro\/produs\/masinuta-autobus-cu-6-animale\/","og_locale":"hu_HU","og_type":"article","og_title":"Masinuta autobus cu 6 animale - Juc\u0103rii din lemn fabricate \u00een Rom\u00e2nia!","og_description":"Inaltime figurina: 10 cmLungime masinuta: 18 cmInaltime masinuta: 9 cmSetul contine o masinut autobus cu locuri pentru 3 figurine + 6 modele de figurine animale: soricel, pisicuta, miel, catel, arici si iepuras.Fiecare figurina este pictat manual.Marime masinuta: 24 x 16 x 5 cmInaltime figurine: intre 7 si 8 cm.","og_url":"https:\/\/jucarii-lemn-online.ro\/produs\/masinuta-autobus-cu-6-animale\/","og_site_name":"Juc\u0103rii din lemn fabricate \u00een Rom\u00e2nia!","article_modified_time":"2024-09-12T08:42:30+00:00","og_image":[{"width":2560,"height":1814,"url":"https:\/\/jucarii-lemn-online.ro\/wp-content\/uploads\/2023\/11\/IMG_20231102_151020_edit_1835570949922513-scaled.jpg","type":"image\/jpeg"}],"twitter_card":"summary_large_image","twitter_misc":{"Becs\u00fclt olvas\u00e1si id\u0151":"1 perc"},"schema":{"@context":"https:\/\/schema.org","@graph":[{"@type":"WebPage","@id":"https:\/\/jucarii-lemn-online.ro\/produs\/masinuta-autobus-cu-6-animale\/","url":"https:\/\/jucarii-lemn-online.ro\/produs\/masinuta-autobus-cu-6-animale\/","name":"Masinuta autobus cu 6 animale - Juc\u0103rii din lemn fabricate \u00een Rom\u00e2nia!","isPartOf":{"@id":"https:\/\/jucarii-lemn-online.ro\/#website"},"primaryImageOfPage":{"@id":"https:\/\/jucarii-lemn-online.ro\/produs\/masinuta-autobus-cu-6-animale\/#primaryimage"},"image":{"@id":"https:\/\/jucarii-lemn-online.ro\/produs\/masinuta-autobus-cu-6-animale\/#primaryimage"},"thumbnailUrl":"https:\/\/jucarii-lemn-online.ro\/wp-content\/uploads\/2023\/11\/IMG_20231102_151020_edit_1835570949922513-scaled.jpg","datePublished":"2023-11-03T11:09:34+00:00","dateModified":"2024-09-12T08:42:30+00:00","description":"Inaltime figurina: 10 cmLungime masinuta: 18 cmInaltime masinuta: 9 cmSetul contine o masinut autobus cu locuri pentru 3 figurine + 6 modele de figurine animale: soricel, pisicuta, miel, catel, arici si iepuras.Fiecare figurina este pictat manual.Marime masinuta: 24 x 16 x 5 cmInaltime figurine: intre 7 si 8 cm.","breadcrumb":{"@id":"https:\/\/jucarii-lemn-online.ro\/produs\/masinuta-autobus-cu-6-animale\/#breadcrumb"},"inLanguage":"hu","potentialAction":[{"@type":"ReadAction","target":["https:\/\/jucarii-lemn-online.ro\/produs\/masinuta-autobus-cu-6-animale\/"]}]},{"@type":"ImageObject","inLanguage":"hu","@id":"https:\/\/jucarii-lemn-online.ro\/produs\/masinuta-autobus-cu-6-animale\/#primaryimage","url":"https:\/\/jucarii-lemn-online.ro\/wp-content\/uploads\/2023\/11\/IMG_20231102_151020_edit_1835570949922513-scaled.jpg","contentUrl":"https:\/\/jucarii-lemn-online.ro\/wp-content\/uploads\/2023\/11\/IMG_20231102_151020_edit_1835570949922513-scaled.jpg","width":2560,"height":1814},{"@type":"BreadcrumbList","@id":"https:\/\/jucarii-lemn-online.ro\/produs\/masinuta-autobus-cu-6-animale\/#breadcrumb","itemListElement":[{"@type":"ListItem","position":1,"name":"Prima pagin\u0103","item":"https:\/\/jucarii-lemn-online.ro\/hu\/"},{"@type":"ListItem","position":2,"name":"Shop","item":"https:\/\/jucarii-lemn-online.ro\/hu\/shop-2\/"},{"@type":"ListItem","position":3,"name":"Masinuta autobus cu 6 animale"}]},{"@type":"WebSite","@id":"https:\/\/jucarii-lemn-online.ro\/#website","url":"https:\/\/jucarii-lemn-online.ro\/","name":"Juc\u0103rii din lemn fabricate \u00een Rom\u00e2nia!","description":"Juc\u0103rii din lemn fabricate \u00een Rom\u00e2nia!","potentialAction":[{"@type":"SearchAction","target":{"@type":"EntryPoint","urlTemplate":"https:\/\/jucarii-lemn-online.ro\/?s={search_term_string}"},"query-input":{"@type":"PropertyValueSpecification","valueRequired":true,"valueName":"search_term_string"}}],"inLanguage":"hu"}]}},"_links":{"self":[{"href":"https:\/\/jucarii-lemn-online.ro\/hu\/wp-json\/wp\/v2\/product\/4289","targetHints":{"allow":["GET"]}}],"collection":[{"href":"https:\/\/jucarii-lemn-online.ro\/hu\/wp-json\/wp\/v2\/product"}],"about":[{"href":"https:\/\/jucarii-lemn-online.ro\/hu\/wp-json\/wp\/v2\/types\/product"}],"wp:featuredmedia":[{"embeddable":true,"href":"https:\/\/jucarii-lemn-online.ro\/hu\/wp-json\/wp\/v2\/media\/4272"}],"wp:attachment":[{"href":"https:\/\/jucarii-lemn-online.ro\/hu\/wp-json\/wp\/v2\/media?parent=4289"}],"wp:term":[{"taxonomy":"product_brand","embeddable":true,"href":"https:\/\/jucarii-lemn-online.ro\/hu\/wp-json\/wp\/v2\/product_brand?post=4289"},{"taxonomy":"product_cat","embeddable":true,"href":"https:\/\/jucarii-lemn-online.ro\/hu\/wp-json\/wp\/v2\/product_cat?post=4289"},{"taxonomy":"product_tag","embeddable":true,"href":"https:\/\/jucarii-lemn-online.ro\/hu\/wp-json\/wp\/v2\/product_tag?post=4289"}],"curies":[{"name":"wp","href":"https:\/\/api.w.org\/{rel}","templated":true}]}}