{"id":4224,"date":"2023-11-01T15:49:42","date_gmt":"2023-11-01T13:49:42","guid":{"rendered":"https:\/\/jucarii-lemn-online.ro\/?post_type=product&#038;p=4224"},"modified":"2026-01-25T15:37:26","modified_gmt":"2026-01-25T13:37:26","slug":"jucarie-de-tras-car-cu-cal","status":"publish","type":"product","link":"https:\/\/jucarii-lemn-online.ro\/hu\/produs\/jucarie-de-tras-car-cu-cal\/","title":{"rendered":"Juc\u0103rie de tras \u2013 C\u0103ru\u021b\u0103 cu cal"},"content":{"rendered":"<p data-start=\"307\" data-end=\"543\">Descoper\u0103 farmecul juc\u0103riilor tradi\u021bionale din lemn cu aceast\u0103 c\u0103ru\u021b\u0103 tras\u0103 de un cal, perfect\u0103 pentru micii iubitori de aventuri! Realizat\u0103 manual din lemn natural, juc\u0103ria stimuleaz\u0103 imagina\u021bia, coordonarea \u0219i bucuria jocului liber.<\/p>\n<p data-start=\"545\" data-end=\"642\"><strong data-start=\"545\" data-end=\"560\">Dimensiuni:<\/strong> Lungime 38 cm \u00d7 L\u0103\u021bime 14 cm \u00d7 \u00cen\u0103l\u021bime 19 cm<br data-start=\"606\" data-end=\"609\" \/><strong data-start=\"609\" data-end=\"642\">Fabricat cu grij\u0103 \u00een Rom\u00e2nia.<\/strong><\/p>\n<p data-start=\"644\" data-end=\"660\"><strong data-start=\"644\" data-end=\"658\">Beneficii:<\/strong><\/p>\n<ul data-start=\"661\" data-end=\"854\">\n<li data-start=\"661\" data-end=\"709\">\n<p data-start=\"663\" data-end=\"709\">Dezvolt\u0103 motricitatea \u0219i echilibrul copiilor<\/p>\n<\/li>\n<li data-start=\"710\" data-end=\"749\">\n<p data-start=\"712\" data-end=\"749\">\u00cencurajeaz\u0103 jocul activ \u0219i mi\u0219carea<\/p>\n<\/li>\n<li data-start=\"750\" data-end=\"788\">\n<p data-start=\"752\" data-end=\"788\">Material natural, sigur \u0219i durabil<\/p>\n<\/li>\n<li data-start=\"789\" data-end=\"854\">\n<p data-start=\"791\" data-end=\"854\">Design tradi\u021bional rom\u00e2nesc, perfect pentru un cadou autentic<\/p>\n<\/li>\n<\/ul>\n","protected":false},"excerpt":{"rendered":"<p data-start=\"984\" data-end=\"1252\">Un strop de tradi\u021bie \u0219i bucurie din copil\u0103ria de alt\u0103dat\u0103! Aceast\u0103 juc\u0103rie din lemn, realizat\u0103 manual \u00een Rom\u00e2nia, aduce \u00een jocurile copiilor o lume plin\u0103 de pove\u0219ti. Fiecare detaliu este lucrat cu grij\u0103 pentru a oferi o experien\u021b\u0103 de joac\u0103 sigur\u0103 \u0219i plin\u0103 de farmec.<\/p>\n<p data-start=\"1254\" data-end=\"1333\"><strong data-start=\"1254\" data-end=\"1269\">Dimensiuni:<\/strong> 38 \u00d7 14 \u00d7 19 cm<br data-start=\"1285\" data-end=\"1288\" \/><strong data-start=\"1288\" data-end=\"1333\">Produs 100% rom\u00e2nesc, realizat artizanal.<\/strong><\/p>\n","protected":false},"featured_media":5317,"template":"","meta":[],"product_brand":[],"product_cat":[117,174],"product_tag":[191,192],"class_list":{"0":"post-4224","1":"product","2":"type-product","3":"status-publish","4":"has-post-thumbnail","6":"product_cat-jucarii-woodentoys","7":"product_cat-pagina-principala","8":"product_tag-car-cu-cal","9":"product_tag-de-tras","11":"first","12":"instock","13":"shipping-taxable","14":"purchasable","15":"product-type-simple"},"yoast_head":"<!-- This site is optimized with the Yoast SEO plugin v24.5 - https:\/\/yoast.com\/wordpress\/plugins\/seo\/ -->\n<title>Juc\u0103rie de tras \u2013 C\u0103ru\u021b\u0103 cu cal - Juc\u0103rii din lemn fabricate \u00een Rom\u00e2nia!<\/title>\n<meta name=\"description\" content=\"O juc\u0103rie clasic\u0103 reinterpretat\u0103 cu elegan\u021b\u0103! Fabricat\u0103 din lemn natural, aceast\u0103 c\u0103ru\u021b\u0103 cu cal este perfect\u0103 pentru copiii activi \u0219i curio\u0219i.Dimensiuni: 38 \u00d7 14 \u00d7 19 cm\" \/>\n<meta name=\"robots\" content=\"index, follow, max-snippet:-1, max-image-preview:large, max-video-preview:-1\" \/>\n<link rel=\"canonical\" href=\"https:\/\/jucarii-lemn-online.ro\/produs\/jucarie-de-tras-car-cu-cal\/\" \/>\n<meta property=\"og:locale\" content=\"hu_HU\" \/>\n<meta property=\"og:type\" content=\"article\" \/>\n<meta property=\"og:title\" content=\"Juc\u0103rie de tras \u2013 C\u0103ru\u021b\u0103 cu cal - Juc\u0103rii din lemn fabricate \u00een Rom\u00e2nia!\" \/>\n<meta property=\"og:description\" content=\"O juc\u0103rie clasic\u0103 reinterpretat\u0103 cu elegan\u021b\u0103! Fabricat\u0103 din lemn natural, aceast\u0103 c\u0103ru\u021b\u0103 cu cal este perfect\u0103 pentru copiii activi \u0219i curio\u0219i.Dimensiuni: 38 \u00d7 14 \u00d7 19 cm\" \/>\n<meta property=\"og:url\" content=\"https:\/\/jucarii-lemn-online.ro\/produs\/jucarie-de-tras-car-cu-cal\/\" \/>\n<meta property=\"og:site_name\" content=\"Juc\u0103rii din lemn fabricate \u00een Rom\u00e2nia!\" \/>\n<meta property=\"article:modified_time\" content=\"2026-01-25T13:37:26+00:00\" \/>\n<meta property=\"og:image\" content=\"https:\/\/jucarii-lemn-online.ro\/wp-content\/uploads\/2023\/11\/ChatGPT-Image-2025.-dec.-27.-16_08_04.png\" \/>\n\t<meta property=\"og:image:width\" content=\"1536\" \/>\n\t<meta property=\"og:image:height\" content=\"1024\" \/>\n\t<meta property=\"og:image:type\" content=\"image\/png\" \/>\n<meta name=\"twitter:card\" content=\"summary_large_image\" \/>\n<meta name=\"twitter:label1\" content=\"Becs\u00fclt olvas\u00e1si id\u0151\" \/>\n\t<meta name=\"twitter:data1\" content=\"1 perc\" \/>\n<script type=\"application\/ld+json\" class=\"yoast-schema-graph\">{\"@context\":\"https:\/\/schema.org\",\"@graph\":[{\"@type\":\"WebPage\",\"@id\":\"https:\/\/jucarii-lemn-online.ro\/produs\/jucarie-de-tras-car-cu-cal\/\",\"url\":\"https:\/\/jucarii-lemn-online.ro\/produs\/jucarie-de-tras-car-cu-cal\/\",\"name\":\"Juc\u0103rie de tras \u2013 C\u0103ru\u021b\u0103 cu cal - Juc\u0103rii din lemn fabricate \u00een Rom\u00e2nia!\",\"isPartOf\":{\"@id\":\"https:\/\/jucarii-lemn-online.ro\/#website\"},\"primaryImageOfPage\":{\"@id\":\"https:\/\/jucarii-lemn-online.ro\/produs\/jucarie-de-tras-car-cu-cal\/#primaryimage\"},\"image\":{\"@id\":\"https:\/\/jucarii-lemn-online.ro\/produs\/jucarie-de-tras-car-cu-cal\/#primaryimage\"},\"thumbnailUrl\":\"https:\/\/jucarii-lemn-online.ro\/wp-content\/uploads\/2023\/11\/ChatGPT-Image-2025.-dec.-27.-16_08_04.png\",\"datePublished\":\"2023-11-01T13:49:42+00:00\",\"dateModified\":\"2026-01-25T13:37:26+00:00\",\"description\":\"O juc\u0103rie clasic\u0103 reinterpretat\u0103 cu elegan\u021b\u0103! Fabricat\u0103 din lemn natural, aceast\u0103 c\u0103ru\u021b\u0103 cu cal este perfect\u0103 pentru copiii activi \u0219i curio\u0219i.Dimensiuni: 38 \u00d7 14 \u00d7 19 cm\",\"breadcrumb\":{\"@id\":\"https:\/\/jucarii-lemn-online.ro\/produs\/jucarie-de-tras-car-cu-cal\/#breadcrumb\"},\"inLanguage\":\"hu\",\"potentialAction\":[{\"@type\":\"ReadAction\",\"target\":[\"https:\/\/jucarii-lemn-online.ro\/produs\/jucarie-de-tras-car-cu-cal\/\"]}]},{\"@type\":\"ImageObject\",\"inLanguage\":\"hu\",\"@id\":\"https:\/\/jucarii-lemn-online.ro\/produs\/jucarie-de-tras-car-cu-cal\/#primaryimage\",\"url\":\"https:\/\/jucarii-lemn-online.ro\/wp-content\/uploads\/2023\/11\/ChatGPT-Image-2025.-dec.-27.-16_08_04.png\",\"contentUrl\":\"https:\/\/jucarii-lemn-online.ro\/wp-content\/uploads\/2023\/11\/ChatGPT-Image-2025.-dec.-27.-16_08_04.png\",\"width\":1536,\"height\":1024},{\"@type\":\"BreadcrumbList\",\"@id\":\"https:\/\/jucarii-lemn-online.ro\/produs\/jucarie-de-tras-car-cu-cal\/#breadcrumb\",\"itemListElement\":[{\"@type\":\"ListItem\",\"position\":1,\"name\":\"Prima pagin\u0103\",\"item\":\"https:\/\/jucarii-lemn-online.ro\/hu\/\"},{\"@type\":\"ListItem\",\"position\":2,\"name\":\"Shop\",\"item\":\"https:\/\/jucarii-lemn-online.ro\/hu\/shop-2\/\"},{\"@type\":\"ListItem\",\"position\":3,\"name\":\"Juc\u0103rie de tras \u2013 C\u0103ru\u021b\u0103 cu cal\"}]},{\"@type\":\"WebSite\",\"@id\":\"https:\/\/jucarii-lemn-online.ro\/#website\",\"url\":\"https:\/\/jucarii-lemn-online.ro\/\",\"name\":\"Juc\u0103rii din lemn fabricate \u00een Rom\u00e2nia!\",\"description\":\"Juc\u0103rii din lemn fabricate \u00een Rom\u00e2nia!\",\"potentialAction\":[{\"@type\":\"SearchAction\",\"target\":{\"@type\":\"EntryPoint\",\"urlTemplate\":\"https:\/\/jucarii-lemn-online.ro\/?s={search_term_string}\"},\"query-input\":{\"@type\":\"PropertyValueSpecification\",\"valueRequired\":true,\"valueName\":\"search_term_string\"}}],\"inLanguage\":\"hu\"}]}<\/script>\n<!-- \/ Yoast SEO plugin. -->","yoast_head_json":{"title":"Juc\u0103rie de tras \u2013 C\u0103ru\u021b\u0103 cu cal - Juc\u0103rii din lemn fabricate \u00een Rom\u00e2nia!","description":"O juc\u0103rie clasic\u0103 reinterpretat\u0103 cu elegan\u021b\u0103! Fabricat\u0103 din lemn natural, aceast\u0103 c\u0103ru\u021b\u0103 cu cal este perfect\u0103 pentru copiii activi \u0219i curio\u0219i.Dimensiuni: 38 \u00d7 14 \u00d7 19 cm","robots":{"index":"index","follow":"follow","max-snippet":"max-snippet:-1","max-image-preview":"max-image-preview:large","max-video-preview":"max-video-preview:-1"},"canonical":"https:\/\/jucarii-lemn-online.ro\/produs\/jucarie-de-tras-car-cu-cal\/","og_locale":"hu_HU","og_type":"article","og_title":"Juc\u0103rie de tras \u2013 C\u0103ru\u021b\u0103 cu cal - Juc\u0103rii din lemn fabricate \u00een Rom\u00e2nia!","og_description":"O juc\u0103rie clasic\u0103 reinterpretat\u0103 cu elegan\u021b\u0103! Fabricat\u0103 din lemn natural, aceast\u0103 c\u0103ru\u021b\u0103 cu cal este perfect\u0103 pentru copiii activi \u0219i curio\u0219i.Dimensiuni: 38 \u00d7 14 \u00d7 19 cm","og_url":"https:\/\/jucarii-lemn-online.ro\/produs\/jucarie-de-tras-car-cu-cal\/","og_site_name":"Juc\u0103rii din lemn fabricate \u00een Rom\u00e2nia!","article_modified_time":"2026-01-25T13:37:26+00:00","og_image":[{"width":1536,"height":1024,"url":"https:\/\/jucarii-lemn-online.ro\/wp-content\/uploads\/2023\/11\/ChatGPT-Image-2025.-dec.-27.-16_08_04.png","type":"image\/png"}],"twitter_card":"summary_large_image","twitter_misc":{"Becs\u00fclt olvas\u00e1si id\u0151":"1 perc"},"schema":{"@context":"https:\/\/schema.org","@graph":[{"@type":"WebPage","@id":"https:\/\/jucarii-lemn-online.ro\/produs\/jucarie-de-tras-car-cu-cal\/","url":"https:\/\/jucarii-lemn-online.ro\/produs\/jucarie-de-tras-car-cu-cal\/","name":"Juc\u0103rie de tras \u2013 C\u0103ru\u021b\u0103 cu cal - Juc\u0103rii din lemn fabricate \u00een Rom\u00e2nia!","isPartOf":{"@id":"https:\/\/jucarii-lemn-online.ro\/#website"},"primaryImageOfPage":{"@id":"https:\/\/jucarii-lemn-online.ro\/produs\/jucarie-de-tras-car-cu-cal\/#primaryimage"},"image":{"@id":"https:\/\/jucarii-lemn-online.ro\/produs\/jucarie-de-tras-car-cu-cal\/#primaryimage"},"thumbnailUrl":"https:\/\/jucarii-lemn-online.ro\/wp-content\/uploads\/2023\/11\/ChatGPT-Image-2025.-dec.-27.-16_08_04.png","datePublished":"2023-11-01T13:49:42+00:00","dateModified":"2026-01-25T13:37:26+00:00","description":"O juc\u0103rie clasic\u0103 reinterpretat\u0103 cu elegan\u021b\u0103! Fabricat\u0103 din lemn natural, aceast\u0103 c\u0103ru\u021b\u0103 cu cal este perfect\u0103 pentru copiii activi \u0219i curio\u0219i.Dimensiuni: 38 \u00d7 14 \u00d7 19 cm","breadcrumb":{"@id":"https:\/\/jucarii-lemn-online.ro\/produs\/jucarie-de-tras-car-cu-cal\/#breadcrumb"},"inLanguage":"hu","potentialAction":[{"@type":"ReadAction","target":["https:\/\/jucarii-lemn-online.ro\/produs\/jucarie-de-tras-car-cu-cal\/"]}]},{"@type":"ImageObject","inLanguage":"hu","@id":"https:\/\/jucarii-lemn-online.ro\/produs\/jucarie-de-tras-car-cu-cal\/#primaryimage","url":"https:\/\/jucarii-lemn-online.ro\/wp-content\/uploads\/2023\/11\/ChatGPT-Image-2025.-dec.-27.-16_08_04.png","contentUrl":"https:\/\/jucarii-lemn-online.ro\/wp-content\/uploads\/2023\/11\/ChatGPT-Image-2025.-dec.-27.-16_08_04.png","width":1536,"height":1024},{"@type":"BreadcrumbList","@id":"https:\/\/jucarii-lemn-online.ro\/produs\/jucarie-de-tras-car-cu-cal\/#breadcrumb","itemListElement":[{"@type":"ListItem","position":1,"name":"Prima pagin\u0103","item":"https:\/\/jucarii-lemn-online.ro\/hu\/"},{"@type":"ListItem","position":2,"name":"Shop","item":"https:\/\/jucarii-lemn-online.ro\/hu\/shop-2\/"},{"@type":"ListItem","position":3,"name":"Juc\u0103rie de tras \u2013 C\u0103ru\u021b\u0103 cu cal"}]},{"@type":"WebSite","@id":"https:\/\/jucarii-lemn-online.ro\/#website","url":"https:\/\/jucarii-lemn-online.ro\/","name":"Juc\u0103rii din lemn fabricate \u00een Rom\u00e2nia!","description":"Juc\u0103rii din lemn fabricate \u00een Rom\u00e2nia!","potentialAction":[{"@type":"SearchAction","target":{"@type":"EntryPoint","urlTemplate":"https:\/\/jucarii-lemn-online.ro\/?s={search_term_string}"},"query-input":{"@type":"PropertyValueSpecification","valueRequired":true,"valueName":"search_term_string"}}],"inLanguage":"hu"}]}},"_links":{"self":[{"href":"https:\/\/jucarii-lemn-online.ro\/hu\/wp-json\/wp\/v2\/product\/4224","targetHints":{"allow":["GET"]}}],"collection":[{"href":"https:\/\/jucarii-lemn-online.ro\/hu\/wp-json\/wp\/v2\/product"}],"about":[{"href":"https:\/\/jucarii-lemn-online.ro\/hu\/wp-json\/wp\/v2\/types\/product"}],"wp:featuredmedia":[{"embeddable":true,"href":"https:\/\/jucarii-lemn-online.ro\/hu\/wp-json\/wp\/v2\/media\/5317"}],"wp:attachment":[{"href":"https:\/\/jucarii-lemn-online.ro\/hu\/wp-json\/wp\/v2\/media?parent=4224"}],"wp:term":[{"taxonomy":"product_brand","embeddable":true,"href":"https:\/\/jucarii-lemn-online.ro\/hu\/wp-json\/wp\/v2\/product_brand?post=4224"},{"taxonomy":"product_cat","embeddable":true,"href":"https:\/\/jucarii-lemn-online.ro\/hu\/wp-json\/wp\/v2\/product_cat?post=4224"},{"taxonomy":"product_tag","embeddable":true,"href":"https:\/\/jucarii-lemn-online.ro\/hu\/wp-json\/wp\/v2\/product_tag?post=4224"}],"curies":[{"name":"wp","href":"https:\/\/api.w.org\/{rel}","templated":true}]}}