{"id":3976,"date":"2023-10-06T07:19:37","date_gmt":"2023-10-06T07:19:37","guid":{"rendered":"https:\/\/jucarii-lemn-online.ro\/?post_type=product&#038;p=3976"},"modified":"2026-01-30T15:26:58","modified_gmt":"2026-01-30T13:26:58","slug":"racheta-zen-albastru","status":"publish","type":"product","link":"https:\/\/jucarii-lemn-online.ro\/hu\/produs\/racheta-zen-albastru\/","title":{"rendered":"Racheta Zen albastru"},"content":{"rendered":"<p>Din lemn natural de tei.<\/p>\n<p>Marime:<\/p>\n<p>-inaltime 13 cm<\/p>\n<p>-latime 8.5 cm<\/p>\n<p>-grosime 1,8 cm<\/p>\n<p>Recomandat copiilor intre 1 si 3 ani!<\/p>\n<p>Made in RO!<\/p>\n","protected":false},"excerpt":{"rendered":"<p>Din lemn natural de tei.<\/p>\n<p>Marime:<\/p>\n<p>-inaltime 13 cm<\/p>\n<p>-latime 8.5 cm<\/p>\n<p>-grosime 1,8 cm<\/p>\n<p>Recomandat copiilor intre 1 si 3 ani!<\/p>\n<p>Made in RO!<\/p>\n","protected":false},"featured_media":3950,"template":"","meta":[],"product_brand":[],"product_cat":[253],"product_tag":[173,168],"class_list":{"0":"post-3976","1":"product","2":"type-product","3":"status-publish","4":"has-post-thumbnail","6":"product_cat-minus-50","7":"product_tag-racheta","8":"product_tag-zen","10":"first","11":"instock","12":"sale","13":"shipping-taxable","14":"purchasable","15":"product-type-simple"},"yoast_head":"<!-- This site is optimized with the Yoast SEO plugin v24.5 - https:\/\/yoast.com\/wordpress\/plugins\/seo\/ -->\n<title>Racheta Zen albastru - Juc\u0103rii din lemn fabricate \u00een Rom\u00e2nia!<\/title>\n<meta name=\"description\" content=\"Din lemn natural de tei.Marime:-inaltime 13 cm-latime 8.5 cm-grosime 1,8 cmRecomandat copiilor intre 1 si 3 ani!Made in RO!\" \/>\n<meta name=\"robots\" content=\"index, follow, max-snippet:-1, max-image-preview:large, max-video-preview:-1\" \/>\n<link rel=\"canonical\" href=\"https:\/\/jucarii-lemn-online.ro\/produs\/racheta-zen-albastru\/\" \/>\n<meta property=\"og:locale\" content=\"hu_HU\" \/>\n<meta property=\"og:type\" content=\"article\" \/>\n<meta property=\"og:title\" content=\"Racheta Zen albastru - Juc\u0103rii din lemn fabricate \u00een Rom\u00e2nia!\" \/>\n<meta property=\"og:description\" content=\"Din lemn natural de tei.Marime:-inaltime 13 cm-latime 8.5 cm-grosime 1,8 cmRecomandat copiilor intre 1 si 3 ani!Made in RO!\" \/>\n<meta property=\"og:url\" content=\"https:\/\/jucarii-lemn-online.ro\/produs\/racheta-zen-albastru\/\" \/>\n<meta property=\"og:site_name\" content=\"Juc\u0103rii din lemn fabricate \u00een Rom\u00e2nia!\" \/>\n<meta property=\"article:modified_time\" content=\"2026-01-30T13:26:58+00:00\" \/>\n<meta property=\"og:image\" content=\"https:\/\/jucarii-lemn-online.ro\/wp-content\/uploads\/2023\/10\/img_0500_1-scaled.jpg\" \/>\n\t<meta property=\"og:image:width\" content=\"2017\" \/>\n\t<meta property=\"og:image:height\" content=\"2560\" \/>\n\t<meta property=\"og:image:type\" content=\"image\/jpeg\" \/>\n<meta name=\"twitter:card\" content=\"summary_large_image\" \/>\n<meta name=\"twitter:label1\" content=\"Becs\u00fclt olvas\u00e1si id\u0151\" \/>\n\t<meta name=\"twitter:data1\" content=\"1 perc\" \/>\n<script type=\"application\/ld+json\" class=\"yoast-schema-graph\">{\"@context\":\"https:\/\/schema.org\",\"@graph\":[{\"@type\":\"WebPage\",\"@id\":\"https:\/\/jucarii-lemn-online.ro\/produs\/racheta-zen-albastru\/\",\"url\":\"https:\/\/jucarii-lemn-online.ro\/produs\/racheta-zen-albastru\/\",\"name\":\"Racheta Zen albastru - Juc\u0103rii din lemn fabricate \u00een Rom\u00e2nia!\",\"isPartOf\":{\"@id\":\"https:\/\/jucarii-lemn-online.ro\/#website\"},\"primaryImageOfPage\":{\"@id\":\"https:\/\/jucarii-lemn-online.ro\/produs\/racheta-zen-albastru\/#primaryimage\"},\"image\":{\"@id\":\"https:\/\/jucarii-lemn-online.ro\/produs\/racheta-zen-albastru\/#primaryimage\"},\"thumbnailUrl\":\"https:\/\/jucarii-lemn-online.ro\/wp-content\/uploads\/2023\/10\/img_0500_1-scaled.jpg\",\"datePublished\":\"2023-10-06T07:19:37+00:00\",\"dateModified\":\"2026-01-30T13:26:58+00:00\",\"description\":\"Din lemn natural de tei.Marime:-inaltime 13 cm-latime 8.5 cm-grosime 1,8 cmRecomandat copiilor intre 1 si 3 ani!Made in RO!\",\"breadcrumb\":{\"@id\":\"https:\/\/jucarii-lemn-online.ro\/produs\/racheta-zen-albastru\/#breadcrumb\"},\"inLanguage\":\"hu\",\"potentialAction\":[{\"@type\":\"ReadAction\",\"target\":[\"https:\/\/jucarii-lemn-online.ro\/produs\/racheta-zen-albastru\/\"]}]},{\"@type\":\"ImageObject\",\"inLanguage\":\"hu\",\"@id\":\"https:\/\/jucarii-lemn-online.ro\/produs\/racheta-zen-albastru\/#primaryimage\",\"url\":\"https:\/\/jucarii-lemn-online.ro\/wp-content\/uploads\/2023\/10\/img_0500_1-scaled.jpg\",\"contentUrl\":\"https:\/\/jucarii-lemn-online.ro\/wp-content\/uploads\/2023\/10\/img_0500_1-scaled.jpg\",\"width\":2017,\"height\":2560},{\"@type\":\"BreadcrumbList\",\"@id\":\"https:\/\/jucarii-lemn-online.ro\/produs\/racheta-zen-albastru\/#breadcrumb\",\"itemListElement\":[{\"@type\":\"ListItem\",\"position\":1,\"name\":\"Prima pagin\u0103\",\"item\":\"https:\/\/jucarii-lemn-online.ro\/hu\/\"},{\"@type\":\"ListItem\",\"position\":2,\"name\":\"Shop\",\"item\":\"https:\/\/jucarii-lemn-online.ro\/hu\/shop-2\/\"},{\"@type\":\"ListItem\",\"position\":3,\"name\":\"Racheta Zen albastru\"}]},{\"@type\":\"WebSite\",\"@id\":\"https:\/\/jucarii-lemn-online.ro\/#website\",\"url\":\"https:\/\/jucarii-lemn-online.ro\/\",\"name\":\"Juc\u0103rii din lemn fabricate \u00een Rom\u00e2nia!\",\"description\":\"Juc\u0103rii din lemn fabricate \u00een Rom\u00e2nia!\",\"potentialAction\":[{\"@type\":\"SearchAction\",\"target\":{\"@type\":\"EntryPoint\",\"urlTemplate\":\"https:\/\/jucarii-lemn-online.ro\/?s={search_term_string}\"},\"query-input\":{\"@type\":\"PropertyValueSpecification\",\"valueRequired\":true,\"valueName\":\"search_term_string\"}}],\"inLanguage\":\"hu\"}]}<\/script>\n<!-- \/ Yoast SEO plugin. -->","yoast_head_json":{"title":"Racheta Zen albastru - Juc\u0103rii din lemn fabricate \u00een Rom\u00e2nia!","description":"Din lemn natural de tei.Marime:-inaltime 13 cm-latime 8.5 cm-grosime 1,8 cmRecomandat copiilor intre 1 si 3 ani!Made in RO!","robots":{"index":"index","follow":"follow","max-snippet":"max-snippet:-1","max-image-preview":"max-image-preview:large","max-video-preview":"max-video-preview:-1"},"canonical":"https:\/\/jucarii-lemn-online.ro\/produs\/racheta-zen-albastru\/","og_locale":"hu_HU","og_type":"article","og_title":"Racheta Zen albastru - Juc\u0103rii din lemn fabricate \u00een Rom\u00e2nia!","og_description":"Din lemn natural de tei.Marime:-inaltime 13 cm-latime 8.5 cm-grosime 1,8 cmRecomandat copiilor intre 1 si 3 ani!Made in RO!","og_url":"https:\/\/jucarii-lemn-online.ro\/produs\/racheta-zen-albastru\/","og_site_name":"Juc\u0103rii din lemn fabricate \u00een Rom\u00e2nia!","article_modified_time":"2026-01-30T13:26:58+00:00","og_image":[{"width":2017,"height":2560,"url":"https:\/\/jucarii-lemn-online.ro\/wp-content\/uploads\/2023\/10\/img_0500_1-scaled.jpg","type":"image\/jpeg"}],"twitter_card":"summary_large_image","twitter_misc":{"Becs\u00fclt olvas\u00e1si id\u0151":"1 perc"},"schema":{"@context":"https:\/\/schema.org","@graph":[{"@type":"WebPage","@id":"https:\/\/jucarii-lemn-online.ro\/produs\/racheta-zen-albastru\/","url":"https:\/\/jucarii-lemn-online.ro\/produs\/racheta-zen-albastru\/","name":"Racheta Zen albastru - Juc\u0103rii din lemn fabricate \u00een Rom\u00e2nia!","isPartOf":{"@id":"https:\/\/jucarii-lemn-online.ro\/#website"},"primaryImageOfPage":{"@id":"https:\/\/jucarii-lemn-online.ro\/produs\/racheta-zen-albastru\/#primaryimage"},"image":{"@id":"https:\/\/jucarii-lemn-online.ro\/produs\/racheta-zen-albastru\/#primaryimage"},"thumbnailUrl":"https:\/\/jucarii-lemn-online.ro\/wp-content\/uploads\/2023\/10\/img_0500_1-scaled.jpg","datePublished":"2023-10-06T07:19:37+00:00","dateModified":"2026-01-30T13:26:58+00:00","description":"Din lemn natural de tei.Marime:-inaltime 13 cm-latime 8.5 cm-grosime 1,8 cmRecomandat copiilor intre 1 si 3 ani!Made in RO!","breadcrumb":{"@id":"https:\/\/jucarii-lemn-online.ro\/produs\/racheta-zen-albastru\/#breadcrumb"},"inLanguage":"hu","potentialAction":[{"@type":"ReadAction","target":["https:\/\/jucarii-lemn-online.ro\/produs\/racheta-zen-albastru\/"]}]},{"@type":"ImageObject","inLanguage":"hu","@id":"https:\/\/jucarii-lemn-online.ro\/produs\/racheta-zen-albastru\/#primaryimage","url":"https:\/\/jucarii-lemn-online.ro\/wp-content\/uploads\/2023\/10\/img_0500_1-scaled.jpg","contentUrl":"https:\/\/jucarii-lemn-online.ro\/wp-content\/uploads\/2023\/10\/img_0500_1-scaled.jpg","width":2017,"height":2560},{"@type":"BreadcrumbList","@id":"https:\/\/jucarii-lemn-online.ro\/produs\/racheta-zen-albastru\/#breadcrumb","itemListElement":[{"@type":"ListItem","position":1,"name":"Prima pagin\u0103","item":"https:\/\/jucarii-lemn-online.ro\/hu\/"},{"@type":"ListItem","position":2,"name":"Shop","item":"https:\/\/jucarii-lemn-online.ro\/hu\/shop-2\/"},{"@type":"ListItem","position":3,"name":"Racheta Zen albastru"}]},{"@type":"WebSite","@id":"https:\/\/jucarii-lemn-online.ro\/#website","url":"https:\/\/jucarii-lemn-online.ro\/","name":"Juc\u0103rii din lemn fabricate \u00een Rom\u00e2nia!","description":"Juc\u0103rii din lemn fabricate \u00een Rom\u00e2nia!","potentialAction":[{"@type":"SearchAction","target":{"@type":"EntryPoint","urlTemplate":"https:\/\/jucarii-lemn-online.ro\/?s={search_term_string}"},"query-input":{"@type":"PropertyValueSpecification","valueRequired":true,"valueName":"search_term_string"}}],"inLanguage":"hu"}]}},"_links":{"self":[{"href":"https:\/\/jucarii-lemn-online.ro\/hu\/wp-json\/wp\/v2\/product\/3976","targetHints":{"allow":["GET"]}}],"collection":[{"href":"https:\/\/jucarii-lemn-online.ro\/hu\/wp-json\/wp\/v2\/product"}],"about":[{"href":"https:\/\/jucarii-lemn-online.ro\/hu\/wp-json\/wp\/v2\/types\/product"}],"wp:featuredmedia":[{"embeddable":true,"href":"https:\/\/jucarii-lemn-online.ro\/hu\/wp-json\/wp\/v2\/media\/3950"}],"wp:attachment":[{"href":"https:\/\/jucarii-lemn-online.ro\/hu\/wp-json\/wp\/v2\/media?parent=3976"}],"wp:term":[{"taxonomy":"product_brand","embeddable":true,"href":"https:\/\/jucarii-lemn-online.ro\/hu\/wp-json\/wp\/v2\/product_brand?post=3976"},{"taxonomy":"product_cat","embeddable":true,"href":"https:\/\/jucarii-lemn-online.ro\/hu\/wp-json\/wp\/v2\/product_cat?post=3976"},{"taxonomy":"product_tag","embeddable":true,"href":"https:\/\/jucarii-lemn-online.ro\/hu\/wp-json\/wp\/v2\/product_tag?post=3976"}],"curies":[{"name":"wp","href":"https:\/\/api.w.org\/{rel}","templated":true}]}}