{"id":3831,"date":"2023-09-22T11:06:57","date_gmt":"2023-09-22T11:06:57","guid":{"rendered":"https:\/\/jucarii-lemn-online.ro\/?post_type=product&#038;p=3831"},"modified":"2025-12-30T15:08:08","modified_gmt":"2025-12-30T13:08:08","slug":"cub-casuta-set-de-constructie","status":"publish","type":"product","link":"https:\/\/jucarii-lemn-online.ro\/hu\/produs\/cub-casuta-set-de-constructie\/","title":{"rendered":"Cub c\u0103su\u021b\u0103 &#8211; set de construc\u021bie"},"content":{"rendered":"<div class=\"std\">\n<p>Setul Cub C\u0103su\u021b\u0103 con\u021bine cubule\u021be modelate sub forma unor c\u0103su\u021be, ideale pentru construc\u021bie creativ\u0103 \u0219i jocuri imaginative.<\/p>\n<p>Pachetul are 16 buc\u0103\u021bi.<\/p>\n<p>Dimensiunea fiec\u0103rui cub este de 6.5 \u00d7 3.6 \u00d7 3.6 cm.<\/p>\n<p>Fabricat din lemn natur.<\/p>\n<p>Realizat dup\u0103 un concept Woodentoys.<\/p>\n<p>Fabricat \u00een Rom\u00e2nia!<\/p>\n<\/div>\n","protected":false},"excerpt":{"rendered":"<div class=\"std\">\n<p>Cub C\u0103su\u021b\u0103 include 16 cubule\u021be cu form\u0103 de c\u0103su\u021b\u0103, perfecte pentru construc\u021bii \u0219i joc liber.<\/p>\n<p>Dimensiunile unui cub: 6.5 \u00d7 3.6 \u00d7 3.6 cm.<\/p>\n<p>Produs confec\u021bionat din lemn natur de calitate.<\/p>\n<\/div>\n","protected":false},"featured_media":5308,"template":"","meta":[],"product_brand":[],"product_cat":[259,117,174],"product_tag":[101,149,150,151],"class_list":{"0":"post-3831","1":"product","2":"type-product","3":"status-publish","4":"has-post-thumbnail","6":"product_cat-casute","7":"product_cat-jucarii-woodentoys","8":"product_cat-pagina-principala","9":"product_tag-casuta","10":"product_tag-cub-casuta","11":"product_tag-cub-lemn","12":"product_tag-set-constructie","14":"first","15":"instock","16":"shipping-taxable","17":"purchasable","18":"product-type-simple"},"yoast_head":"<!-- This site is optimized with the Yoast SEO plugin v24.5 - https:\/\/yoast.com\/wordpress\/plugins\/seo\/ -->\n<title>Cub c\u0103su\u021b\u0103 - set de construc\u021bie - Juc\u0103rii din lemn fabricate \u00een Rom\u00e2nia!<\/title>\n<meta name=\"description\" content=\"Cub C\u0103su\u021b\u0103 include 16 cubule\u021be cu form\u0103 de c\u0103su\u021b\u0103, perfecte pentru construc\u021bii \u0219i joc liber. Dimensiunile unui cub: 6.5 \u00d7 3.6 \u00d7 3.6 cm. Produs confec\u021bionat din lemn natur de calitate.\" \/>\n<meta name=\"robots\" content=\"index, follow, max-snippet:-1, max-image-preview:large, max-video-preview:-1\" \/>\n<link rel=\"canonical\" href=\"https:\/\/jucarii-lemn-online.ro\/produs\/cub-casuta-set-de-constructie\/\" \/>\n<meta property=\"og:locale\" content=\"hu_HU\" \/>\n<meta property=\"og:type\" content=\"article\" \/>\n<meta property=\"og:title\" content=\"Cub c\u0103su\u021b\u0103 - set de construc\u021bie - Juc\u0103rii din lemn fabricate \u00een Rom\u00e2nia!\" \/>\n<meta property=\"og:description\" content=\"Cub C\u0103su\u021b\u0103 include 16 cubule\u021be cu form\u0103 de c\u0103su\u021b\u0103, perfecte pentru construc\u021bii \u0219i joc liber. Dimensiunile unui cub: 6.5 \u00d7 3.6 \u00d7 3.6 cm. Produs confec\u021bionat din lemn natur de calitate.\" \/>\n<meta property=\"og:url\" content=\"https:\/\/jucarii-lemn-online.ro\/produs\/cub-casuta-set-de-constructie\/\" \/>\n<meta property=\"og:site_name\" content=\"Juc\u0103rii din lemn fabricate \u00een Rom\u00e2nia!\" \/>\n<meta property=\"article:modified_time\" content=\"2025-12-30T13:08:08+00:00\" \/>\n<meta property=\"og:image\" content=\"https:\/\/jucarii-lemn-online.ro\/wp-content\/uploads\/2025\/12\/ChatGPT-Image-2025.-dec.-28.-21_41_33.png\" \/>\n\t<meta property=\"og:image:width\" content=\"1536\" \/>\n\t<meta property=\"og:image:height\" content=\"1024\" \/>\n\t<meta property=\"og:image:type\" content=\"image\/png\" \/>\n<meta name=\"twitter:card\" content=\"summary_large_image\" \/>\n<meta name=\"twitter:label1\" content=\"Becs\u00fclt olvas\u00e1si id\u0151\" \/>\n\t<meta name=\"twitter:data1\" content=\"1 perc\" \/>\n<script type=\"application\/ld+json\" class=\"yoast-schema-graph\">{\"@context\":\"https:\/\/schema.org\",\"@graph\":[{\"@type\":\"WebPage\",\"@id\":\"https:\/\/jucarii-lemn-online.ro\/produs\/cub-casuta-set-de-constructie\/\",\"url\":\"https:\/\/jucarii-lemn-online.ro\/produs\/cub-casuta-set-de-constructie\/\",\"name\":\"Cub c\u0103su\u021b\u0103 - set de construc\u021bie - Juc\u0103rii din lemn fabricate \u00een Rom\u00e2nia!\",\"isPartOf\":{\"@id\":\"https:\/\/jucarii-lemn-online.ro\/#website\"},\"primaryImageOfPage\":{\"@id\":\"https:\/\/jucarii-lemn-online.ro\/produs\/cub-casuta-set-de-constructie\/#primaryimage\"},\"image\":{\"@id\":\"https:\/\/jucarii-lemn-online.ro\/produs\/cub-casuta-set-de-constructie\/#primaryimage\"},\"thumbnailUrl\":\"https:\/\/jucarii-lemn-online.ro\/wp-content\/uploads\/2025\/12\/ChatGPT-Image-2025.-dec.-28.-21_41_33.png\",\"datePublished\":\"2023-09-22T11:06:57+00:00\",\"dateModified\":\"2025-12-30T13:08:08+00:00\",\"description\":\"Cub C\u0103su\u021b\u0103 include 16 cubule\u021be cu form\u0103 de c\u0103su\u021b\u0103, perfecte pentru construc\u021bii \u0219i joc liber. Dimensiunile unui cub: 6.5 \u00d7 3.6 \u00d7 3.6 cm. Produs confec\u021bionat din lemn natur de calitate.\",\"breadcrumb\":{\"@id\":\"https:\/\/jucarii-lemn-online.ro\/produs\/cub-casuta-set-de-constructie\/#breadcrumb\"},\"inLanguage\":\"hu\",\"potentialAction\":[{\"@type\":\"ReadAction\",\"target\":[\"https:\/\/jucarii-lemn-online.ro\/produs\/cub-casuta-set-de-constructie\/\"]}]},{\"@type\":\"ImageObject\",\"inLanguage\":\"hu\",\"@id\":\"https:\/\/jucarii-lemn-online.ro\/produs\/cub-casuta-set-de-constructie\/#primaryimage\",\"url\":\"https:\/\/jucarii-lemn-online.ro\/wp-content\/uploads\/2025\/12\/ChatGPT-Image-2025.-dec.-28.-21_41_33.png\",\"contentUrl\":\"https:\/\/jucarii-lemn-online.ro\/wp-content\/uploads\/2025\/12\/ChatGPT-Image-2025.-dec.-28.-21_41_33.png\",\"width\":1536,\"height\":1024},{\"@type\":\"BreadcrumbList\",\"@id\":\"https:\/\/jucarii-lemn-online.ro\/produs\/cub-casuta-set-de-constructie\/#breadcrumb\",\"itemListElement\":[{\"@type\":\"ListItem\",\"position\":1,\"name\":\"Prima pagin\u0103\",\"item\":\"https:\/\/jucarii-lemn-online.ro\/hu\/\"},{\"@type\":\"ListItem\",\"position\":2,\"name\":\"Shop\",\"item\":\"https:\/\/jucarii-lemn-online.ro\/hu\/shop-2\/\"},{\"@type\":\"ListItem\",\"position\":3,\"name\":\"Cub c\u0103su\u021b\u0103 &#8211; set de construc\u021bie\"}]},{\"@type\":\"WebSite\",\"@id\":\"https:\/\/jucarii-lemn-online.ro\/#website\",\"url\":\"https:\/\/jucarii-lemn-online.ro\/\",\"name\":\"Juc\u0103rii din lemn fabricate \u00een Rom\u00e2nia!\",\"description\":\"Juc\u0103rii din lemn fabricate \u00een Rom\u00e2nia!\",\"potentialAction\":[{\"@type\":\"SearchAction\",\"target\":{\"@type\":\"EntryPoint\",\"urlTemplate\":\"https:\/\/jucarii-lemn-online.ro\/?s={search_term_string}\"},\"query-input\":{\"@type\":\"PropertyValueSpecification\",\"valueRequired\":true,\"valueName\":\"search_term_string\"}}],\"inLanguage\":\"hu\"}]}<\/script>\n<!-- \/ Yoast SEO plugin. -->","yoast_head_json":{"title":"Cub c\u0103su\u021b\u0103 - set de construc\u021bie - Juc\u0103rii din lemn fabricate \u00een Rom\u00e2nia!","description":"Cub C\u0103su\u021b\u0103 include 16 cubule\u021be cu form\u0103 de c\u0103su\u021b\u0103, perfecte pentru construc\u021bii \u0219i joc liber. Dimensiunile unui cub: 6.5 \u00d7 3.6 \u00d7 3.6 cm. Produs confec\u021bionat din lemn natur de calitate.","robots":{"index":"index","follow":"follow","max-snippet":"max-snippet:-1","max-image-preview":"max-image-preview:large","max-video-preview":"max-video-preview:-1"},"canonical":"https:\/\/jucarii-lemn-online.ro\/produs\/cub-casuta-set-de-constructie\/","og_locale":"hu_HU","og_type":"article","og_title":"Cub c\u0103su\u021b\u0103 - set de construc\u021bie - Juc\u0103rii din lemn fabricate \u00een Rom\u00e2nia!","og_description":"Cub C\u0103su\u021b\u0103 include 16 cubule\u021be cu form\u0103 de c\u0103su\u021b\u0103, perfecte pentru construc\u021bii \u0219i joc liber. Dimensiunile unui cub: 6.5 \u00d7 3.6 \u00d7 3.6 cm. Produs confec\u021bionat din lemn natur de calitate.","og_url":"https:\/\/jucarii-lemn-online.ro\/produs\/cub-casuta-set-de-constructie\/","og_site_name":"Juc\u0103rii din lemn fabricate \u00een Rom\u00e2nia!","article_modified_time":"2025-12-30T13:08:08+00:00","og_image":[{"width":1536,"height":1024,"url":"https:\/\/jucarii-lemn-online.ro\/wp-content\/uploads\/2025\/12\/ChatGPT-Image-2025.-dec.-28.-21_41_33.png","type":"image\/png"}],"twitter_card":"summary_large_image","twitter_misc":{"Becs\u00fclt olvas\u00e1si id\u0151":"1 perc"},"schema":{"@context":"https:\/\/schema.org","@graph":[{"@type":"WebPage","@id":"https:\/\/jucarii-lemn-online.ro\/produs\/cub-casuta-set-de-constructie\/","url":"https:\/\/jucarii-lemn-online.ro\/produs\/cub-casuta-set-de-constructie\/","name":"Cub c\u0103su\u021b\u0103 - set de construc\u021bie - Juc\u0103rii din lemn fabricate \u00een Rom\u00e2nia!","isPartOf":{"@id":"https:\/\/jucarii-lemn-online.ro\/#website"},"primaryImageOfPage":{"@id":"https:\/\/jucarii-lemn-online.ro\/produs\/cub-casuta-set-de-constructie\/#primaryimage"},"image":{"@id":"https:\/\/jucarii-lemn-online.ro\/produs\/cub-casuta-set-de-constructie\/#primaryimage"},"thumbnailUrl":"https:\/\/jucarii-lemn-online.ro\/wp-content\/uploads\/2025\/12\/ChatGPT-Image-2025.-dec.-28.-21_41_33.png","datePublished":"2023-09-22T11:06:57+00:00","dateModified":"2025-12-30T13:08:08+00:00","description":"Cub C\u0103su\u021b\u0103 include 16 cubule\u021be cu form\u0103 de c\u0103su\u021b\u0103, perfecte pentru construc\u021bii \u0219i joc liber. Dimensiunile unui cub: 6.5 \u00d7 3.6 \u00d7 3.6 cm. Produs confec\u021bionat din lemn natur de calitate.","breadcrumb":{"@id":"https:\/\/jucarii-lemn-online.ro\/produs\/cub-casuta-set-de-constructie\/#breadcrumb"},"inLanguage":"hu","potentialAction":[{"@type":"ReadAction","target":["https:\/\/jucarii-lemn-online.ro\/produs\/cub-casuta-set-de-constructie\/"]}]},{"@type":"ImageObject","inLanguage":"hu","@id":"https:\/\/jucarii-lemn-online.ro\/produs\/cub-casuta-set-de-constructie\/#primaryimage","url":"https:\/\/jucarii-lemn-online.ro\/wp-content\/uploads\/2025\/12\/ChatGPT-Image-2025.-dec.-28.-21_41_33.png","contentUrl":"https:\/\/jucarii-lemn-online.ro\/wp-content\/uploads\/2025\/12\/ChatGPT-Image-2025.-dec.-28.-21_41_33.png","width":1536,"height":1024},{"@type":"BreadcrumbList","@id":"https:\/\/jucarii-lemn-online.ro\/produs\/cub-casuta-set-de-constructie\/#breadcrumb","itemListElement":[{"@type":"ListItem","position":1,"name":"Prima pagin\u0103","item":"https:\/\/jucarii-lemn-online.ro\/hu\/"},{"@type":"ListItem","position":2,"name":"Shop","item":"https:\/\/jucarii-lemn-online.ro\/hu\/shop-2\/"},{"@type":"ListItem","position":3,"name":"Cub c\u0103su\u021b\u0103 &#8211; set de construc\u021bie"}]},{"@type":"WebSite","@id":"https:\/\/jucarii-lemn-online.ro\/#website","url":"https:\/\/jucarii-lemn-online.ro\/","name":"Juc\u0103rii din lemn fabricate \u00een Rom\u00e2nia!","description":"Juc\u0103rii din lemn fabricate \u00een Rom\u00e2nia!","potentialAction":[{"@type":"SearchAction","target":{"@type":"EntryPoint","urlTemplate":"https:\/\/jucarii-lemn-online.ro\/?s={search_term_string}"},"query-input":{"@type":"PropertyValueSpecification","valueRequired":true,"valueName":"search_term_string"}}],"inLanguage":"hu"}]}},"_links":{"self":[{"href":"https:\/\/jucarii-lemn-online.ro\/hu\/wp-json\/wp\/v2\/product\/3831","targetHints":{"allow":["GET"]}}],"collection":[{"href":"https:\/\/jucarii-lemn-online.ro\/hu\/wp-json\/wp\/v2\/product"}],"about":[{"href":"https:\/\/jucarii-lemn-online.ro\/hu\/wp-json\/wp\/v2\/types\/product"}],"wp:featuredmedia":[{"embeddable":true,"href":"https:\/\/jucarii-lemn-online.ro\/hu\/wp-json\/wp\/v2\/media\/5308"}],"wp:attachment":[{"href":"https:\/\/jucarii-lemn-online.ro\/hu\/wp-json\/wp\/v2\/media?parent=3831"}],"wp:term":[{"taxonomy":"product_brand","embeddable":true,"href":"https:\/\/jucarii-lemn-online.ro\/hu\/wp-json\/wp\/v2\/product_brand?post=3831"},{"taxonomy":"product_cat","embeddable":true,"href":"https:\/\/jucarii-lemn-online.ro\/hu\/wp-json\/wp\/v2\/product_cat?post=3831"},{"taxonomy":"product_tag","embeddable":true,"href":"https:\/\/jucarii-lemn-online.ro\/hu\/wp-json\/wp\/v2\/product_tag?post=3831"}],"curies":[{"name":"wp","href":"https:\/\/api.w.org\/{rel}","templated":true}]}}