{"id":3782,"date":"2023-09-13T09:48:49","date_gmt":"2023-09-13T09:48:49","guid":{"rendered":"https:\/\/jucarii-lemn-online.ro\/?post_type=product&#038;p=3782"},"modified":"2026-04-14T11:03:57","modified_gmt":"2026-04-14T09:03:57","slug":"joc-echilibru-din-lemn-cuib","status":"publish","type":"product","link":"https:\/\/jucarii-lemn-online.ro\/hu\/produs\/joc-echilibru-din-lemn-cuib\/","title":{"rendered":"Joc de echilibru \u0219i \u00eendem\u00e2nare &#8211; Cuib de la Lemnivor"},"content":{"rendered":"<div class=\"std\">\n<div class=\"std\">\n<p data-start=\"678\" data-end=\"925\">Creat cu grij\u0103 din lemn de esen\u021b\u0103 tare, fiecare pies\u0103 poart\u0103 unicitatea fibrei naturale (salcie argintie, meranti, ulm, dud, nuc \u0219i fag). Finisajul cu ulei de m\u0103sline \u0219i cear\u0103 de albine \u00eei ofer\u0103 un luciu discret \u0219i o textur\u0103 pl\u0103cut\u0103 la atingere.<\/p>\n<p data-start=\"927\" data-end=\"1087\">Setul aduce farmecul naturii \u00een m\u00e2inile tale \u0219i include: un cuib de 18 \u00d7 8 cm, patru p\u0103s\u0103ri delicate, trei ou\u0103 mari \u0219i trei ou\u0103 mici (3,8 \u00d7 3 cm \u0219i 5 \u00d7 4 cm).<\/p>\n<p data-start=\"1089\" data-end=\"1175\">Semnat cu dragoste de <strong data-start=\"1111\" data-end=\"1123\">Lemnivor<\/strong> \u2013 o pies\u0103 ce \u00eembin\u0103 jocul, natura \u0219i simplitatea.<\/p>\n<\/div>\n<\/div>\n","protected":false},"excerpt":{"rendered":"<div class=\"std\">\n<div class=\"std\">\n<p data-start=\"1220\" data-end=\"1380\">Set din lemn masiv lucrat manual, din esen\u021be variate (salcie argintie, meranti, ulm, dud, nuc \u0219i fag). Finisaj natural, cu ulei de m\u0103sline \u0219i cear\u0103 de albine.<\/p>\n<p data-start=\"1382\" data-end=\"1403\">Con\u021binutul setului:<\/p>\n<ul data-start=\"1404\" data-end=\"1496\">\n<li data-start=\"1404\" data-end=\"1427\">\n<p data-start=\"1406\" data-end=\"1427\">1 cuib (18 \u00d7 8 cm),<\/p>\n<\/li>\n<li data-start=\"1428\" data-end=\"1441\">\n<p data-start=\"1430\" data-end=\"1441\">4 p\u0103s\u0103ri,<\/p>\n<\/li>\n<li data-start=\"1442\" data-end=\"1496\">\n<p data-start=\"1444\" data-end=\"1496\">3 ou\u0103 mari \u0219i 3 ou\u0103 mici (3,8 \u00d7 3 cm \u0219i 5 \u00d7 4 cm).<\/p>\n<\/li>\n<\/ul>\n<p data-start=\"1498\" data-end=\"1568\">Un produs original <strong data-start=\"1517\" data-end=\"1529\">Lemnivor<\/strong>, durabil, natural \u0219i plin de farmec.<\/p>\n<\/div>\n<\/div>\n","protected":false},"featured_media":3783,"template":"","meta":[],"product_brand":[],"product_cat":[89],"product_tag":[134,135],"class_list":{"0":"post-3782","1":"product","2":"type-product","3":"status-publish","4":"has-post-thumbnail","6":"product_cat-lemnivor","7":"product_tag-cuib","8":"product_tag-joc-echilibru","10":"first","11":"instock","12":"shipping-taxable","13":"purchasable","14":"product-type-simple"},"yoast_head":"<!-- This site is optimized with the Yoast SEO plugin v24.5 - https:\/\/yoast.com\/wordpress\/plugins\/seo\/ -->\n<title>- Juc\u0103rii din lemn fabricate \u00een Rom\u00e2nia!<\/title>\n<meta name=\"description\" content=\"Set din lemn masiv lucrat manual, din esen\u021be variate (salcie argintie, meranti, ulm, dud, nuc \u0219i fag). Finisaj natural, cu ulei de m\u0103sline \u0219i cear\u0103 de albine.Con\u021binutul setului:1 cuib (18 \u00d7 8 cm),4 p\u0103s\u0103ri,3 ou\u0103 mari \u0219i 3 ou\u0103 mici (3,8 \u00d7 3 cm \u0219i 5 \u00d7 4 cm).Un produs original Lemnivor, durabil, natural \u0219i plin de farmec.\" \/>\n<meta name=\"robots\" content=\"index, follow, max-snippet:-1, max-image-preview:large, max-video-preview:-1\" \/>\n<link rel=\"canonical\" href=\"https:\/\/jucarii-lemn-online.ro\/produs\/joc-echilibru-din-lemn-cuib\/\" \/>\n<meta property=\"og:locale\" content=\"hu_HU\" \/>\n<meta property=\"og:type\" content=\"article\" \/>\n<meta property=\"og:title\" content=\"- Juc\u0103rii din lemn fabricate \u00een Rom\u00e2nia!\" \/>\n<meta property=\"og:description\" content=\"Set din lemn masiv lucrat manual, din esen\u021be variate (salcie argintie, meranti, ulm, dud, nuc \u0219i fag). Finisaj natural, cu ulei de m\u0103sline \u0219i cear\u0103 de albine.Con\u021binutul setului:1 cuib (18 \u00d7 8 cm),4 p\u0103s\u0103ri,3 ou\u0103 mari \u0219i 3 ou\u0103 mici (3,8 \u00d7 3 cm \u0219i 5 \u00d7 4 cm).Un produs original Lemnivor, durabil, natural \u0219i plin de farmec.\" \/>\n<meta property=\"og:url\" content=\"https:\/\/jucarii-lemn-online.ro\/produs\/joc-echilibru-din-lemn-cuib\/\" \/>\n<meta property=\"og:site_name\" content=\"Juc\u0103rii din lemn fabricate \u00een Rom\u00e2nia!\" \/>\n<meta property=\"article:modified_time\" content=\"2026-04-14T09:03:57+00:00\" \/>\n<meta property=\"og:image\" content=\"https:\/\/jucarii-lemn-online.ro\/wp-content\/uploads\/2023\/09\/cuib-in-echilibru-lemnivor1.webp\" \/>\n\t<meta property=\"og:image:width\" content=\"683\" \/>\n\t<meta property=\"og:image:height\" content=\"1025\" \/>\n\t<meta property=\"og:image:type\" content=\"image\/webp\" \/>\n<meta name=\"twitter:card\" content=\"summary_large_image\" \/>\n<meta name=\"twitter:label1\" content=\"Becs\u00fclt olvas\u00e1si id\u0151\" \/>\n\t<meta name=\"twitter:data1\" content=\"1 perc\" \/>\n<script type=\"application\/ld+json\" class=\"yoast-schema-graph\">{\"@context\":\"https:\/\/schema.org\",\"@graph\":[{\"@type\":\"WebPage\",\"@id\":\"https:\/\/jucarii-lemn-online.ro\/produs\/joc-echilibru-din-lemn-cuib\/\",\"url\":\"https:\/\/jucarii-lemn-online.ro\/produs\/joc-echilibru-din-lemn-cuib\/\",\"name\":\"- Juc\u0103rii din lemn fabricate \u00een Rom\u00e2nia!\",\"isPartOf\":{\"@id\":\"https:\/\/jucarii-lemn-online.ro\/#website\"},\"primaryImageOfPage\":{\"@id\":\"https:\/\/jucarii-lemn-online.ro\/produs\/joc-echilibru-din-lemn-cuib\/#primaryimage\"},\"image\":{\"@id\":\"https:\/\/jucarii-lemn-online.ro\/produs\/joc-echilibru-din-lemn-cuib\/#primaryimage\"},\"thumbnailUrl\":\"https:\/\/jucarii-lemn-online.ro\/wp-content\/uploads\/2023\/09\/cuib-in-echilibru-lemnivor1.webp\",\"datePublished\":\"2023-09-13T09:48:49+00:00\",\"dateModified\":\"2026-04-14T09:03:57+00:00\",\"description\":\"Set din lemn masiv lucrat manual, din esen\u021be variate (salcie argintie, meranti, ulm, dud, nuc \u0219i fag). Finisaj natural, cu ulei de m\u0103sline \u0219i cear\u0103 de albine.Con\u021binutul setului:1 cuib (18 \u00d7 8 cm),4 p\u0103s\u0103ri,3 ou\u0103 mari \u0219i 3 ou\u0103 mici (3,8 \u00d7 3 cm \u0219i 5 \u00d7 4 cm).Un produs original Lemnivor, durabil, natural \u0219i plin de farmec.\",\"breadcrumb\":{\"@id\":\"https:\/\/jucarii-lemn-online.ro\/produs\/joc-echilibru-din-lemn-cuib\/#breadcrumb\"},\"inLanguage\":\"hu\",\"potentialAction\":[{\"@type\":\"ReadAction\",\"target\":[\"https:\/\/jucarii-lemn-online.ro\/produs\/joc-echilibru-din-lemn-cuib\/\"]}]},{\"@type\":\"ImageObject\",\"inLanguage\":\"hu\",\"@id\":\"https:\/\/jucarii-lemn-online.ro\/produs\/joc-echilibru-din-lemn-cuib\/#primaryimage\",\"url\":\"https:\/\/jucarii-lemn-online.ro\/wp-content\/uploads\/2023\/09\/cuib-in-echilibru-lemnivor1.webp\",\"contentUrl\":\"https:\/\/jucarii-lemn-online.ro\/wp-content\/uploads\/2023\/09\/cuib-in-echilibru-lemnivor1.webp\",\"width\":683,\"height\":1025},{\"@type\":\"BreadcrumbList\",\"@id\":\"https:\/\/jucarii-lemn-online.ro\/produs\/joc-echilibru-din-lemn-cuib\/#breadcrumb\",\"itemListElement\":[{\"@type\":\"ListItem\",\"position\":1,\"name\":\"Prima pagin\u0103\",\"item\":\"https:\/\/jucarii-lemn-online.ro\/hu\/\"},{\"@type\":\"ListItem\",\"position\":2,\"name\":\"Shop\",\"item\":\"https:\/\/jucarii-lemn-online.ro\/hu\/shop-2\/\"},{\"@type\":\"ListItem\",\"position\":3,\"name\":\"Joc de echilibru \u0219i \u00eendem\u00e2nare &#8211; Cuib de la Lemnivor\"}]},{\"@type\":\"WebSite\",\"@id\":\"https:\/\/jucarii-lemn-online.ro\/#website\",\"url\":\"https:\/\/jucarii-lemn-online.ro\/\",\"name\":\"Juc\u0103rii din lemn fabricate \u00een Rom\u00e2nia!\",\"description\":\"Juc\u0103rii din lemn fabricate \u00een Rom\u00e2nia!\",\"potentialAction\":[{\"@type\":\"SearchAction\",\"target\":{\"@type\":\"EntryPoint\",\"urlTemplate\":\"https:\/\/jucarii-lemn-online.ro\/?s={search_term_string}\"},\"query-input\":{\"@type\":\"PropertyValueSpecification\",\"valueRequired\":true,\"valueName\":\"search_term_string\"}}],\"inLanguage\":\"hu\"}]}<\/script>\n<!-- \/ Yoast SEO plugin. -->","yoast_head_json":{"title":"- Juc\u0103rii din lemn fabricate \u00een Rom\u00e2nia!","description":"Set din lemn masiv lucrat manual, din esen\u021be variate (salcie argintie, meranti, ulm, dud, nuc \u0219i fag). Finisaj natural, cu ulei de m\u0103sline \u0219i cear\u0103 de albine.Con\u021binutul setului:1 cuib (18 \u00d7 8 cm),4 p\u0103s\u0103ri,3 ou\u0103 mari \u0219i 3 ou\u0103 mici (3,8 \u00d7 3 cm \u0219i 5 \u00d7 4 cm).Un produs original Lemnivor, durabil, natural \u0219i plin de farmec.","robots":{"index":"index","follow":"follow","max-snippet":"max-snippet:-1","max-image-preview":"max-image-preview:large","max-video-preview":"max-video-preview:-1"},"canonical":"https:\/\/jucarii-lemn-online.ro\/produs\/joc-echilibru-din-lemn-cuib\/","og_locale":"hu_HU","og_type":"article","og_title":"- Juc\u0103rii din lemn fabricate \u00een Rom\u00e2nia!","og_description":"Set din lemn masiv lucrat manual, din esen\u021be variate (salcie argintie, meranti, ulm, dud, nuc \u0219i fag). Finisaj natural, cu ulei de m\u0103sline \u0219i cear\u0103 de albine.Con\u021binutul setului:1 cuib (18 \u00d7 8 cm),4 p\u0103s\u0103ri,3 ou\u0103 mari \u0219i 3 ou\u0103 mici (3,8 \u00d7 3 cm \u0219i 5 \u00d7 4 cm).Un produs original Lemnivor, durabil, natural \u0219i plin de farmec.","og_url":"https:\/\/jucarii-lemn-online.ro\/produs\/joc-echilibru-din-lemn-cuib\/","og_site_name":"Juc\u0103rii din lemn fabricate \u00een Rom\u00e2nia!","article_modified_time":"2026-04-14T09:03:57+00:00","og_image":[{"width":683,"height":1025,"url":"https:\/\/jucarii-lemn-online.ro\/wp-content\/uploads\/2023\/09\/cuib-in-echilibru-lemnivor1.webp","type":"image\/webp"}],"twitter_card":"summary_large_image","twitter_misc":{"Becs\u00fclt olvas\u00e1si id\u0151":"1 perc"},"schema":{"@context":"https:\/\/schema.org","@graph":[{"@type":"WebPage","@id":"https:\/\/jucarii-lemn-online.ro\/produs\/joc-echilibru-din-lemn-cuib\/","url":"https:\/\/jucarii-lemn-online.ro\/produs\/joc-echilibru-din-lemn-cuib\/","name":"- Juc\u0103rii din lemn fabricate \u00een Rom\u00e2nia!","isPartOf":{"@id":"https:\/\/jucarii-lemn-online.ro\/#website"},"primaryImageOfPage":{"@id":"https:\/\/jucarii-lemn-online.ro\/produs\/joc-echilibru-din-lemn-cuib\/#primaryimage"},"image":{"@id":"https:\/\/jucarii-lemn-online.ro\/produs\/joc-echilibru-din-lemn-cuib\/#primaryimage"},"thumbnailUrl":"https:\/\/jucarii-lemn-online.ro\/wp-content\/uploads\/2023\/09\/cuib-in-echilibru-lemnivor1.webp","datePublished":"2023-09-13T09:48:49+00:00","dateModified":"2026-04-14T09:03:57+00:00","description":"Set din lemn masiv lucrat manual, din esen\u021be variate (salcie argintie, meranti, ulm, dud, nuc \u0219i fag). Finisaj natural, cu ulei de m\u0103sline \u0219i cear\u0103 de albine.Con\u021binutul setului:1 cuib (18 \u00d7 8 cm),4 p\u0103s\u0103ri,3 ou\u0103 mari \u0219i 3 ou\u0103 mici (3,8 \u00d7 3 cm \u0219i 5 \u00d7 4 cm).Un produs original Lemnivor, durabil, natural \u0219i plin de farmec.","breadcrumb":{"@id":"https:\/\/jucarii-lemn-online.ro\/produs\/joc-echilibru-din-lemn-cuib\/#breadcrumb"},"inLanguage":"hu","potentialAction":[{"@type":"ReadAction","target":["https:\/\/jucarii-lemn-online.ro\/produs\/joc-echilibru-din-lemn-cuib\/"]}]},{"@type":"ImageObject","inLanguage":"hu","@id":"https:\/\/jucarii-lemn-online.ro\/produs\/joc-echilibru-din-lemn-cuib\/#primaryimage","url":"https:\/\/jucarii-lemn-online.ro\/wp-content\/uploads\/2023\/09\/cuib-in-echilibru-lemnivor1.webp","contentUrl":"https:\/\/jucarii-lemn-online.ro\/wp-content\/uploads\/2023\/09\/cuib-in-echilibru-lemnivor1.webp","width":683,"height":1025},{"@type":"BreadcrumbList","@id":"https:\/\/jucarii-lemn-online.ro\/produs\/joc-echilibru-din-lemn-cuib\/#breadcrumb","itemListElement":[{"@type":"ListItem","position":1,"name":"Prima pagin\u0103","item":"https:\/\/jucarii-lemn-online.ro\/hu\/"},{"@type":"ListItem","position":2,"name":"Shop","item":"https:\/\/jucarii-lemn-online.ro\/hu\/shop-2\/"},{"@type":"ListItem","position":3,"name":"Joc de echilibru \u0219i \u00eendem\u00e2nare &#8211; Cuib de la Lemnivor"}]},{"@type":"WebSite","@id":"https:\/\/jucarii-lemn-online.ro\/#website","url":"https:\/\/jucarii-lemn-online.ro\/","name":"Juc\u0103rii din lemn fabricate \u00een Rom\u00e2nia!","description":"Juc\u0103rii din lemn fabricate \u00een Rom\u00e2nia!","potentialAction":[{"@type":"SearchAction","target":{"@type":"EntryPoint","urlTemplate":"https:\/\/jucarii-lemn-online.ro\/?s={search_term_string}"},"query-input":{"@type":"PropertyValueSpecification","valueRequired":true,"valueName":"search_term_string"}}],"inLanguage":"hu"}]}},"_links":{"self":[{"href":"https:\/\/jucarii-lemn-online.ro\/hu\/wp-json\/wp\/v2\/product\/3782","targetHints":{"allow":["GET"]}}],"collection":[{"href":"https:\/\/jucarii-lemn-online.ro\/hu\/wp-json\/wp\/v2\/product"}],"about":[{"href":"https:\/\/jucarii-lemn-online.ro\/hu\/wp-json\/wp\/v2\/types\/product"}],"wp:featuredmedia":[{"embeddable":true,"href":"https:\/\/jucarii-lemn-online.ro\/hu\/wp-json\/wp\/v2\/media\/3783"}],"wp:attachment":[{"href":"https:\/\/jucarii-lemn-online.ro\/hu\/wp-json\/wp\/v2\/media?parent=3782"}],"wp:term":[{"taxonomy":"product_brand","embeddable":true,"href":"https:\/\/jucarii-lemn-online.ro\/hu\/wp-json\/wp\/v2\/product_brand?post=3782"},{"taxonomy":"product_cat","embeddable":true,"href":"https:\/\/jucarii-lemn-online.ro\/hu\/wp-json\/wp\/v2\/product_cat?post=3782"},{"taxonomy":"product_tag","embeddable":true,"href":"https:\/\/jucarii-lemn-online.ro\/hu\/wp-json\/wp\/v2\/product_tag?post=3782"}],"curies":[{"name":"wp","href":"https:\/\/api.w.org\/{rel}","templated":true}]}}