{"id":3698,"date":"2023-06-25T10:42:09","date_gmt":"2023-06-25T10:42:09","guid":{"rendered":"https:\/\/jucarii-lemn-online.ro\/?post_type=product&#038;p=3698"},"modified":"2025-11-28T11:21:17","modified_gmt":"2025-11-28T09:21:17","slug":"ostomachion-puzzle-ul-lui-arhimede","status":"publish","type":"product","link":"https:\/\/jucarii-lemn-online.ro\/hu\/produs\/ostomachion-puzzle-ul-lui-arhimede\/","title":{"rendered":"Ostomachion: puzzle-ul lui Arhimede"},"content":{"rendered":"<p>Ostomachion este un puzzle cu 536 variante de rezolvari !<\/p>\n<p>Realizat din lemne de esenta tare: meranti, salcam, fag, dud, stejar, nuc, prun, tei, cires, mar, plop si dud.<\/p>\n<p>Finisat cu ulei si ceara de lustruit.<\/p>\n<p>Marime: ~14,5 x 14,5 x 1,8 cm<\/p>\n<p>Un produs Lemnivor.<\/p>\n<p>Fabricat in Romania!<\/p>\n","protected":false},"excerpt":{"rendered":"<p>Ostomachion este un puzzle cu 536 variante de rezolvari !<\/p>\n<p>Realizat din lemne de esenta tare: meranti, salcam, fag, dud, stejar, nuc, prun, tei, cires, mar, plop si dud.<\/p>\n<p>Finisat cu ulei si ceara de lustruit.<\/p>\n<p>Marime: ~14,5 x 14,5 x 1,8 cm<\/p>\n","protected":false},"featured_media":3699,"template":"","meta":[],"product_brand":[],"product_cat":[89],"product_tag":[128,127,118],"class_list":{"0":"post-3698","1":"product","2":"type-product","3":"status-publish","4":"has-post-thumbnail","6":"product_cat-lemnivor","7":"product_tag-arhimede","8":"product_tag-ostomachion","9":"product_tag-puzzle","11":"first","12":"instock","13":"shipping-taxable","14":"purchasable","15":"product-type-simple"},"yoast_head":"<!-- This site is optimized with the Yoast SEO plugin v24.5 - https:\/\/yoast.com\/wordpress\/plugins\/seo\/ -->\n<title>Ostomachion: puzzle-ul lui Arhimede - Juc\u0103rii din lemn fabricate \u00een Rom\u00e2nia!<\/title>\n<meta name=\"description\" content=\"Ostomachion este un puzzle cu 536 variante de rezolvari ! Din lemne de esenta tare: meranti, salcam, fag, dud, stejar, nuc, prun, tei, cires, mar, plop si dud.\" \/>\n<meta name=\"robots\" content=\"index, follow, max-snippet:-1, max-image-preview:large, max-video-preview:-1\" \/>\n<link rel=\"canonical\" href=\"https:\/\/jucarii-lemn-online.ro\/produs\/ostomachion-puzzle-ul-lui-arhimede\/\" \/>\n<meta property=\"og:locale\" content=\"hu_HU\" \/>\n<meta property=\"og:type\" content=\"article\" \/>\n<meta property=\"og:title\" content=\"Ostomachion: puzzle-ul lui Arhimede - Juc\u0103rii din lemn fabricate \u00een Rom\u00e2nia!\" \/>\n<meta property=\"og:description\" content=\"Ostomachion este un puzzle cu 536 variante de rezolvari ! Din lemne de esenta tare: meranti, salcam, fag, dud, stejar, nuc, prun, tei, cires, mar, plop si dud.\" \/>\n<meta property=\"og:url\" content=\"https:\/\/jucarii-lemn-online.ro\/produs\/ostomachion-puzzle-ul-lui-arhimede\/\" \/>\n<meta property=\"og:site_name\" content=\"Juc\u0103rii din lemn fabricate \u00een Rom\u00e2nia!\" \/>\n<meta property=\"article:modified_time\" content=\"2025-11-28T09:21:17+00:00\" \/>\n<meta property=\"og:image\" content=\"https:\/\/jucarii-lemn-online.ro\/wp-content\/uploads\/2023\/06\/puzzle-ostomachion-lemnivor-4.webp\" \/>\n\t<meta property=\"og:image:width\" content=\"1024\" \/>\n\t<meta property=\"og:image:height\" content=\"854\" \/>\n\t<meta property=\"og:image:type\" content=\"image\/webp\" \/>\n<meta name=\"twitter:card\" content=\"summary_large_image\" \/>\n<script type=\"application\/ld+json\" class=\"yoast-schema-graph\">{\"@context\":\"https:\/\/schema.org\",\"@graph\":[{\"@type\":\"WebPage\",\"@id\":\"https:\/\/jucarii-lemn-online.ro\/produs\/ostomachion-puzzle-ul-lui-arhimede\/\",\"url\":\"https:\/\/jucarii-lemn-online.ro\/produs\/ostomachion-puzzle-ul-lui-arhimede\/\",\"name\":\"Ostomachion: puzzle-ul lui Arhimede - Juc\u0103rii din lemn fabricate \u00een Rom\u00e2nia!\",\"isPartOf\":{\"@id\":\"https:\/\/jucarii-lemn-online.ro\/#website\"},\"primaryImageOfPage\":{\"@id\":\"https:\/\/jucarii-lemn-online.ro\/produs\/ostomachion-puzzle-ul-lui-arhimede\/#primaryimage\"},\"image\":{\"@id\":\"https:\/\/jucarii-lemn-online.ro\/produs\/ostomachion-puzzle-ul-lui-arhimede\/#primaryimage\"},\"thumbnailUrl\":\"https:\/\/jucarii-lemn-online.ro\/wp-content\/uploads\/2023\/06\/puzzle-ostomachion-lemnivor-4.webp\",\"datePublished\":\"2023-06-25T10:42:09+00:00\",\"dateModified\":\"2025-11-28T09:21:17+00:00\",\"description\":\"Ostomachion este un puzzle cu 536 variante de rezolvari ! Din lemne de esenta tare: meranti, salcam, fag, dud, stejar, nuc, prun, tei, cires, mar, plop si dud.\",\"breadcrumb\":{\"@id\":\"https:\/\/jucarii-lemn-online.ro\/produs\/ostomachion-puzzle-ul-lui-arhimede\/#breadcrumb\"},\"inLanguage\":\"hu\",\"potentialAction\":[{\"@type\":\"ReadAction\",\"target\":[\"https:\/\/jucarii-lemn-online.ro\/produs\/ostomachion-puzzle-ul-lui-arhimede\/\"]}]},{\"@type\":\"ImageObject\",\"inLanguage\":\"hu\",\"@id\":\"https:\/\/jucarii-lemn-online.ro\/produs\/ostomachion-puzzle-ul-lui-arhimede\/#primaryimage\",\"url\":\"https:\/\/jucarii-lemn-online.ro\/wp-content\/uploads\/2023\/06\/puzzle-ostomachion-lemnivor-4.webp\",\"contentUrl\":\"https:\/\/jucarii-lemn-online.ro\/wp-content\/uploads\/2023\/06\/puzzle-ostomachion-lemnivor-4.webp\",\"width\":1024,\"height\":854},{\"@type\":\"BreadcrumbList\",\"@id\":\"https:\/\/jucarii-lemn-online.ro\/produs\/ostomachion-puzzle-ul-lui-arhimede\/#breadcrumb\",\"itemListElement\":[{\"@type\":\"ListItem\",\"position\":1,\"name\":\"Prima pagin\u0103\",\"item\":\"https:\/\/jucarii-lemn-online.ro\/hu\/\"},{\"@type\":\"ListItem\",\"position\":2,\"name\":\"Shop\",\"item\":\"https:\/\/jucarii-lemn-online.ro\/hu\/shop-2\/\"},{\"@type\":\"ListItem\",\"position\":3,\"name\":\"Ostomachion: puzzle-ul lui Arhimede\"}]},{\"@type\":\"WebSite\",\"@id\":\"https:\/\/jucarii-lemn-online.ro\/#website\",\"url\":\"https:\/\/jucarii-lemn-online.ro\/\",\"name\":\"Juc\u0103rii din lemn fabricate \u00een Rom\u00e2nia!\",\"description\":\"Juc\u0103rii din lemn fabricate \u00een Rom\u00e2nia!\",\"potentialAction\":[{\"@type\":\"SearchAction\",\"target\":{\"@type\":\"EntryPoint\",\"urlTemplate\":\"https:\/\/jucarii-lemn-online.ro\/?s={search_term_string}\"},\"query-input\":{\"@type\":\"PropertyValueSpecification\",\"valueRequired\":true,\"valueName\":\"search_term_string\"}}],\"inLanguage\":\"hu\"}]}<\/script>\n<!-- \/ Yoast SEO plugin. -->","yoast_head_json":{"title":"Ostomachion: puzzle-ul lui Arhimede - Juc\u0103rii din lemn fabricate \u00een Rom\u00e2nia!","description":"Ostomachion este un puzzle cu 536 variante de rezolvari ! Din lemne de esenta tare: meranti, salcam, fag, dud, stejar, nuc, prun, tei, cires, mar, plop si dud.","robots":{"index":"index","follow":"follow","max-snippet":"max-snippet:-1","max-image-preview":"max-image-preview:large","max-video-preview":"max-video-preview:-1"},"canonical":"https:\/\/jucarii-lemn-online.ro\/produs\/ostomachion-puzzle-ul-lui-arhimede\/","og_locale":"hu_HU","og_type":"article","og_title":"Ostomachion: puzzle-ul lui Arhimede - Juc\u0103rii din lemn fabricate \u00een Rom\u00e2nia!","og_description":"Ostomachion este un puzzle cu 536 variante de rezolvari ! Din lemne de esenta tare: meranti, salcam, fag, dud, stejar, nuc, prun, tei, cires, mar, plop si dud.","og_url":"https:\/\/jucarii-lemn-online.ro\/produs\/ostomachion-puzzle-ul-lui-arhimede\/","og_site_name":"Juc\u0103rii din lemn fabricate \u00een Rom\u00e2nia!","article_modified_time":"2025-11-28T09:21:17+00:00","og_image":[{"width":1024,"height":854,"url":"https:\/\/jucarii-lemn-online.ro\/wp-content\/uploads\/2023\/06\/puzzle-ostomachion-lemnivor-4.webp","type":"image\/webp"}],"twitter_card":"summary_large_image","schema":{"@context":"https:\/\/schema.org","@graph":[{"@type":"WebPage","@id":"https:\/\/jucarii-lemn-online.ro\/produs\/ostomachion-puzzle-ul-lui-arhimede\/","url":"https:\/\/jucarii-lemn-online.ro\/produs\/ostomachion-puzzle-ul-lui-arhimede\/","name":"Ostomachion: puzzle-ul lui Arhimede - Juc\u0103rii din lemn fabricate \u00een Rom\u00e2nia!","isPartOf":{"@id":"https:\/\/jucarii-lemn-online.ro\/#website"},"primaryImageOfPage":{"@id":"https:\/\/jucarii-lemn-online.ro\/produs\/ostomachion-puzzle-ul-lui-arhimede\/#primaryimage"},"image":{"@id":"https:\/\/jucarii-lemn-online.ro\/produs\/ostomachion-puzzle-ul-lui-arhimede\/#primaryimage"},"thumbnailUrl":"https:\/\/jucarii-lemn-online.ro\/wp-content\/uploads\/2023\/06\/puzzle-ostomachion-lemnivor-4.webp","datePublished":"2023-06-25T10:42:09+00:00","dateModified":"2025-11-28T09:21:17+00:00","description":"Ostomachion este un puzzle cu 536 variante de rezolvari ! Din lemne de esenta tare: meranti, salcam, fag, dud, stejar, nuc, prun, tei, cires, mar, plop si dud.","breadcrumb":{"@id":"https:\/\/jucarii-lemn-online.ro\/produs\/ostomachion-puzzle-ul-lui-arhimede\/#breadcrumb"},"inLanguage":"hu","potentialAction":[{"@type":"ReadAction","target":["https:\/\/jucarii-lemn-online.ro\/produs\/ostomachion-puzzle-ul-lui-arhimede\/"]}]},{"@type":"ImageObject","inLanguage":"hu","@id":"https:\/\/jucarii-lemn-online.ro\/produs\/ostomachion-puzzle-ul-lui-arhimede\/#primaryimage","url":"https:\/\/jucarii-lemn-online.ro\/wp-content\/uploads\/2023\/06\/puzzle-ostomachion-lemnivor-4.webp","contentUrl":"https:\/\/jucarii-lemn-online.ro\/wp-content\/uploads\/2023\/06\/puzzle-ostomachion-lemnivor-4.webp","width":1024,"height":854},{"@type":"BreadcrumbList","@id":"https:\/\/jucarii-lemn-online.ro\/produs\/ostomachion-puzzle-ul-lui-arhimede\/#breadcrumb","itemListElement":[{"@type":"ListItem","position":1,"name":"Prima pagin\u0103","item":"https:\/\/jucarii-lemn-online.ro\/hu\/"},{"@type":"ListItem","position":2,"name":"Shop","item":"https:\/\/jucarii-lemn-online.ro\/hu\/shop-2\/"},{"@type":"ListItem","position":3,"name":"Ostomachion: puzzle-ul lui Arhimede"}]},{"@type":"WebSite","@id":"https:\/\/jucarii-lemn-online.ro\/#website","url":"https:\/\/jucarii-lemn-online.ro\/","name":"Juc\u0103rii din lemn fabricate \u00een Rom\u00e2nia!","description":"Juc\u0103rii din lemn fabricate \u00een Rom\u00e2nia!","potentialAction":[{"@type":"SearchAction","target":{"@type":"EntryPoint","urlTemplate":"https:\/\/jucarii-lemn-online.ro\/?s={search_term_string}"},"query-input":{"@type":"PropertyValueSpecification","valueRequired":true,"valueName":"search_term_string"}}],"inLanguage":"hu"}]}},"_links":{"self":[{"href":"https:\/\/jucarii-lemn-online.ro\/hu\/wp-json\/wp\/v2\/product\/3698","targetHints":{"allow":["GET"]}}],"collection":[{"href":"https:\/\/jucarii-lemn-online.ro\/hu\/wp-json\/wp\/v2\/product"}],"about":[{"href":"https:\/\/jucarii-lemn-online.ro\/hu\/wp-json\/wp\/v2\/types\/product"}],"wp:featuredmedia":[{"embeddable":true,"href":"https:\/\/jucarii-lemn-online.ro\/hu\/wp-json\/wp\/v2\/media\/3699"}],"wp:attachment":[{"href":"https:\/\/jucarii-lemn-online.ro\/hu\/wp-json\/wp\/v2\/media?parent=3698"}],"wp:term":[{"taxonomy":"product_brand","embeddable":true,"href":"https:\/\/jucarii-lemn-online.ro\/hu\/wp-json\/wp\/v2\/product_brand?post=3698"},{"taxonomy":"product_cat","embeddable":true,"href":"https:\/\/jucarii-lemn-online.ro\/hu\/wp-json\/wp\/v2\/product_cat?post=3698"},{"taxonomy":"product_tag","embeddable":true,"href":"https:\/\/jucarii-lemn-online.ro\/hu\/wp-json\/wp\/v2\/product_tag?post=3698"}],"curies":[{"name":"wp","href":"https:\/\/api.w.org\/{rel}","templated":true}]}}