{"id":3684,"date":"2023-06-25T10:28:10","date_gmt":"2023-06-25T10:28:10","guid":{"rendered":"https:\/\/jucarii-lemn-online.ro\/?post_type=product&#038;p=3684"},"modified":"2025-11-23T20:55:31","modified_gmt":"2025-11-23T18:55:31","slug":"puzzle-frunza-de-stejar","status":"publish","type":"product","link":"https:\/\/jucarii-lemn-online.ro\/hu\/produs\/puzzle-frunza-de-stejar\/","title":{"rendered":"Puzzle &#8222;Frunza de stejar&#8221;"},"content":{"rendered":"<p>Din tabla din lemn masiv si frunze din esente diferite.<\/p>\n<p>Este finisat cu ulei de masline si ceara de albine.<\/p>\n<p>Marime aproximativa: 18 x 13,5 x 1,5 cm<\/p>\n<p>Dimensiunea frunzelor variaza de la 1,5 cm la 8,5 cm.<\/p>\n<p>Un produs Lemnivor.<\/p>\n<p>Fabricat in Romania!<\/p>\n","protected":false},"excerpt":{"rendered":"<p>Din tabla din lemn masiv si frunze din esente diferite.<\/p>\n<p>Este finisat cu ulei de masline si ceara de albine.<\/p>\n<p>Marime aproximativa: 18 x 13,5 x 1,5 cm<\/p>\n<p>Dimensiunea frunzelor variaza de la 1,5 cm la 8,5 cm.<\/p>\n","protected":false},"featured_media":3685,"template":"","meta":[],"product_brand":[],"product_cat":[89],"product_tag":[119,118,126],"class_list":{"0":"post-3684","1":"product","2":"type-product","3":"status-publish","4":"has-post-thumbnail","6":"product_cat-lemnivor","7":"product_tag-frunza","8":"product_tag-puzzle","9":"product_tag-stejar","11":"first","12":"outofstock","13":"shipping-taxable","14":"purchasable","15":"product-type-simple"},"yoast_head":"<!-- This site is optimized with the Yoast SEO plugin v24.5 - https:\/\/yoast.com\/wordpress\/plugins\/seo\/ -->\n<title>Puzzle &quot;Frunza de stejar&quot; - Juc\u0103rii din lemn fabricate \u00een Rom\u00e2nia!<\/title>\n<meta name=\"description\" content=\"Din tabla din lemn masiv si frunze din esente diferite. Este finisat cu ulei de masline si ceara de albine. Marime aproximativa: 18 x 13,5 x 1,5 cm\" \/>\n<meta name=\"robots\" content=\"index, follow, max-snippet:-1, max-image-preview:large, max-video-preview:-1\" \/>\n<link rel=\"canonical\" href=\"https:\/\/jucarii-lemn-online.ro\/produs\/puzzle-frunza-de-stejar\/\" \/>\n<meta property=\"og:locale\" content=\"hu_HU\" \/>\n<meta property=\"og:type\" content=\"article\" \/>\n<meta property=\"og:title\" content=\"Puzzle &quot;Frunza de stejar&quot; - Juc\u0103rii din lemn fabricate \u00een Rom\u00e2nia!\" \/>\n<meta property=\"og:description\" content=\"Din tabla din lemn masiv si frunze din esente diferite. Este finisat cu ulei de masline si ceara de albine. Marime aproximativa: 18 x 13,5 x 1,5 cm\" \/>\n<meta property=\"og:url\" content=\"https:\/\/jucarii-lemn-online.ro\/produs\/puzzle-frunza-de-stejar\/\" \/>\n<meta property=\"og:site_name\" content=\"Juc\u0103rii din lemn fabricate \u00een Rom\u00e2nia!\" \/>\n<meta property=\"article:modified_time\" content=\"2025-11-23T18:55:31+00:00\" \/>\n<meta property=\"og:image\" content=\"https:\/\/jucarii-lemn-online.ro\/wp-content\/uploads\/2023\/06\/puzzle-frunza-stejar-6.webp\" \/>\n\t<meta property=\"og:image:width\" content=\"1024\" \/>\n\t<meta property=\"og:image:height\" content=\"788\" \/>\n\t<meta property=\"og:image:type\" content=\"image\/webp\" \/>\n<meta name=\"twitter:card\" content=\"summary_large_image\" \/>\n<meta name=\"twitter:label1\" content=\"Becs\u00fclt olvas\u00e1si id\u0151\" \/>\n\t<meta name=\"twitter:data1\" content=\"1 perc\" \/>\n<script type=\"application\/ld+json\" class=\"yoast-schema-graph\">{\"@context\":\"https:\/\/schema.org\",\"@graph\":[{\"@type\":\"WebPage\",\"@id\":\"https:\/\/jucarii-lemn-online.ro\/produs\/puzzle-frunza-de-stejar\/\",\"url\":\"https:\/\/jucarii-lemn-online.ro\/produs\/puzzle-frunza-de-stejar\/\",\"name\":\"Puzzle \\\"Frunza de stejar\\\" - Juc\u0103rii din lemn fabricate \u00een Rom\u00e2nia!\",\"isPartOf\":{\"@id\":\"https:\/\/jucarii-lemn-online.ro\/#website\"},\"primaryImageOfPage\":{\"@id\":\"https:\/\/jucarii-lemn-online.ro\/produs\/puzzle-frunza-de-stejar\/#primaryimage\"},\"image\":{\"@id\":\"https:\/\/jucarii-lemn-online.ro\/produs\/puzzle-frunza-de-stejar\/#primaryimage\"},\"thumbnailUrl\":\"https:\/\/jucarii-lemn-online.ro\/wp-content\/uploads\/2023\/06\/puzzle-frunza-stejar-6.webp\",\"datePublished\":\"2023-06-25T10:28:10+00:00\",\"dateModified\":\"2025-11-23T18:55:31+00:00\",\"description\":\"Din tabla din lemn masiv si frunze din esente diferite. Este finisat cu ulei de masline si ceara de albine. Marime aproximativa: 18 x 13,5 x 1,5 cm\",\"breadcrumb\":{\"@id\":\"https:\/\/jucarii-lemn-online.ro\/produs\/puzzle-frunza-de-stejar\/#breadcrumb\"},\"inLanguage\":\"hu\",\"potentialAction\":[{\"@type\":\"ReadAction\",\"target\":[\"https:\/\/jucarii-lemn-online.ro\/produs\/puzzle-frunza-de-stejar\/\"]}]},{\"@type\":\"ImageObject\",\"inLanguage\":\"hu\",\"@id\":\"https:\/\/jucarii-lemn-online.ro\/produs\/puzzle-frunza-de-stejar\/#primaryimage\",\"url\":\"https:\/\/jucarii-lemn-online.ro\/wp-content\/uploads\/2023\/06\/puzzle-frunza-stejar-6.webp\",\"contentUrl\":\"https:\/\/jucarii-lemn-online.ro\/wp-content\/uploads\/2023\/06\/puzzle-frunza-stejar-6.webp\",\"width\":1024,\"height\":788},{\"@type\":\"BreadcrumbList\",\"@id\":\"https:\/\/jucarii-lemn-online.ro\/produs\/puzzle-frunza-de-stejar\/#breadcrumb\",\"itemListElement\":[{\"@type\":\"ListItem\",\"position\":1,\"name\":\"Prima pagin\u0103\",\"item\":\"https:\/\/jucarii-lemn-online.ro\/hu\/\"},{\"@type\":\"ListItem\",\"position\":2,\"name\":\"Shop\",\"item\":\"https:\/\/jucarii-lemn-online.ro\/hu\/shop-2\/\"},{\"@type\":\"ListItem\",\"position\":3,\"name\":\"Puzzle &#8222;Frunza de stejar&#8221;\"}]},{\"@type\":\"WebSite\",\"@id\":\"https:\/\/jucarii-lemn-online.ro\/#website\",\"url\":\"https:\/\/jucarii-lemn-online.ro\/\",\"name\":\"Juc\u0103rii din lemn fabricate \u00een Rom\u00e2nia!\",\"description\":\"Juc\u0103rii din lemn fabricate \u00een Rom\u00e2nia!\",\"potentialAction\":[{\"@type\":\"SearchAction\",\"target\":{\"@type\":\"EntryPoint\",\"urlTemplate\":\"https:\/\/jucarii-lemn-online.ro\/?s={search_term_string}\"},\"query-input\":{\"@type\":\"PropertyValueSpecification\",\"valueRequired\":true,\"valueName\":\"search_term_string\"}}],\"inLanguage\":\"hu\"}]}<\/script>\n<!-- \/ Yoast SEO plugin. -->","yoast_head_json":{"title":"Puzzle \"Frunza de stejar\" - Juc\u0103rii din lemn fabricate \u00een Rom\u00e2nia!","description":"Din tabla din lemn masiv si frunze din esente diferite. Este finisat cu ulei de masline si ceara de albine. Marime aproximativa: 18 x 13,5 x 1,5 cm","robots":{"index":"index","follow":"follow","max-snippet":"max-snippet:-1","max-image-preview":"max-image-preview:large","max-video-preview":"max-video-preview:-1"},"canonical":"https:\/\/jucarii-lemn-online.ro\/produs\/puzzle-frunza-de-stejar\/","og_locale":"hu_HU","og_type":"article","og_title":"Puzzle \"Frunza de stejar\" - Juc\u0103rii din lemn fabricate \u00een Rom\u00e2nia!","og_description":"Din tabla din lemn masiv si frunze din esente diferite. Este finisat cu ulei de masline si ceara de albine. Marime aproximativa: 18 x 13,5 x 1,5 cm","og_url":"https:\/\/jucarii-lemn-online.ro\/produs\/puzzle-frunza-de-stejar\/","og_site_name":"Juc\u0103rii din lemn fabricate \u00een Rom\u00e2nia!","article_modified_time":"2025-11-23T18:55:31+00:00","og_image":[{"width":1024,"height":788,"url":"https:\/\/jucarii-lemn-online.ro\/wp-content\/uploads\/2023\/06\/puzzle-frunza-stejar-6.webp","type":"image\/webp"}],"twitter_card":"summary_large_image","twitter_misc":{"Becs\u00fclt olvas\u00e1si id\u0151":"1 perc"},"schema":{"@context":"https:\/\/schema.org","@graph":[{"@type":"WebPage","@id":"https:\/\/jucarii-lemn-online.ro\/produs\/puzzle-frunza-de-stejar\/","url":"https:\/\/jucarii-lemn-online.ro\/produs\/puzzle-frunza-de-stejar\/","name":"Puzzle \"Frunza de stejar\" - Juc\u0103rii din lemn fabricate \u00een Rom\u00e2nia!","isPartOf":{"@id":"https:\/\/jucarii-lemn-online.ro\/#website"},"primaryImageOfPage":{"@id":"https:\/\/jucarii-lemn-online.ro\/produs\/puzzle-frunza-de-stejar\/#primaryimage"},"image":{"@id":"https:\/\/jucarii-lemn-online.ro\/produs\/puzzle-frunza-de-stejar\/#primaryimage"},"thumbnailUrl":"https:\/\/jucarii-lemn-online.ro\/wp-content\/uploads\/2023\/06\/puzzle-frunza-stejar-6.webp","datePublished":"2023-06-25T10:28:10+00:00","dateModified":"2025-11-23T18:55:31+00:00","description":"Din tabla din lemn masiv si frunze din esente diferite. Este finisat cu ulei de masline si ceara de albine. Marime aproximativa: 18 x 13,5 x 1,5 cm","breadcrumb":{"@id":"https:\/\/jucarii-lemn-online.ro\/produs\/puzzle-frunza-de-stejar\/#breadcrumb"},"inLanguage":"hu","potentialAction":[{"@type":"ReadAction","target":["https:\/\/jucarii-lemn-online.ro\/produs\/puzzle-frunza-de-stejar\/"]}]},{"@type":"ImageObject","inLanguage":"hu","@id":"https:\/\/jucarii-lemn-online.ro\/produs\/puzzle-frunza-de-stejar\/#primaryimage","url":"https:\/\/jucarii-lemn-online.ro\/wp-content\/uploads\/2023\/06\/puzzle-frunza-stejar-6.webp","contentUrl":"https:\/\/jucarii-lemn-online.ro\/wp-content\/uploads\/2023\/06\/puzzle-frunza-stejar-6.webp","width":1024,"height":788},{"@type":"BreadcrumbList","@id":"https:\/\/jucarii-lemn-online.ro\/produs\/puzzle-frunza-de-stejar\/#breadcrumb","itemListElement":[{"@type":"ListItem","position":1,"name":"Prima pagin\u0103","item":"https:\/\/jucarii-lemn-online.ro\/hu\/"},{"@type":"ListItem","position":2,"name":"Shop","item":"https:\/\/jucarii-lemn-online.ro\/hu\/shop-2\/"},{"@type":"ListItem","position":3,"name":"Puzzle &#8222;Frunza de stejar&#8221;"}]},{"@type":"WebSite","@id":"https:\/\/jucarii-lemn-online.ro\/#website","url":"https:\/\/jucarii-lemn-online.ro\/","name":"Juc\u0103rii din lemn fabricate \u00een Rom\u00e2nia!","description":"Juc\u0103rii din lemn fabricate \u00een Rom\u00e2nia!","potentialAction":[{"@type":"SearchAction","target":{"@type":"EntryPoint","urlTemplate":"https:\/\/jucarii-lemn-online.ro\/?s={search_term_string}"},"query-input":{"@type":"PropertyValueSpecification","valueRequired":true,"valueName":"search_term_string"}}],"inLanguage":"hu"}]}},"_links":{"self":[{"href":"https:\/\/jucarii-lemn-online.ro\/hu\/wp-json\/wp\/v2\/product\/3684","targetHints":{"allow":["GET"]}}],"collection":[{"href":"https:\/\/jucarii-lemn-online.ro\/hu\/wp-json\/wp\/v2\/product"}],"about":[{"href":"https:\/\/jucarii-lemn-online.ro\/hu\/wp-json\/wp\/v2\/types\/product"}],"wp:featuredmedia":[{"embeddable":true,"href":"https:\/\/jucarii-lemn-online.ro\/hu\/wp-json\/wp\/v2\/media\/3685"}],"wp:attachment":[{"href":"https:\/\/jucarii-lemn-online.ro\/hu\/wp-json\/wp\/v2\/media?parent=3684"}],"wp:term":[{"taxonomy":"product_brand","embeddable":true,"href":"https:\/\/jucarii-lemn-online.ro\/hu\/wp-json\/wp\/v2\/product_brand?post=3684"},{"taxonomy":"product_cat","embeddable":true,"href":"https:\/\/jucarii-lemn-online.ro\/hu\/wp-json\/wp\/v2\/product_cat?post=3684"},{"taxonomy":"product_tag","embeddable":true,"href":"https:\/\/jucarii-lemn-online.ro\/hu\/wp-json\/wp\/v2\/product_tag?post=3684"}],"curies":[{"name":"wp","href":"https:\/\/api.w.org\/{rel}","templated":true}]}}