{"id":3679,"date":"2023-06-17T12:19:31","date_gmt":"2023-06-17T12:19:31","guid":{"rendered":"https:\/\/jucarii-lemn-online.ro\/?post_type=product&#038;p=3679"},"modified":"2026-04-20T11:44:47","modified_gmt":"2026-04-20T09:44:47","slug":"spiridusii-zilele-saptamanii","status":"publish","type":"product","link":"https:\/\/jucarii-lemn-online.ro\/hu\/produs\/spiridusii-zilele-saptamanii\/","title":{"rendered":"Spiridu\u0219ii Zilele S\u0103pt\u0103m\u00e2nii"},"content":{"rendered":"<p data-start=\"145\" data-end=\"368\"><strong data-start=\"145\" data-end=\"177\">Spiridu\u0219ii Zilele S\u0103pt\u0103m\u00e2nii<\/strong> sunt realiza\u021bi \u00een stil Waldorf \u0219i poart\u0103 h\u0103inu\u021be din fetru de l\u00e2n\u0103 colorat\u0103.<br data-start=\"254\" data-end=\"257\" \/>Setul con\u021bine <strong data-start=\"271\" data-end=\"285\">7 figurine<\/strong>, fiecare \u00eembr\u0103cat\u0103 \u00eentr-o culoare diferit\u0103, simboliz\u00e2nd fiecare zi a s\u0103pt\u0103m\u00e2nii.<\/p>\n<p data-start=\"370\" data-end=\"414\">\ud83d\udccf Dimensiuni: \u00een\u0103l\u021bime 8,5 cm | baz\u0103 3 cm<\/p>\n","protected":false},"excerpt":{"rendered":"<p data-start=\"438\" data-end=\"628\">Descoper\u0103 magia s\u0103pt\u0103m\u00e2nii al\u0103turi de <strong data-start=\"476\" data-end=\"498\">Spiridu\u0219ii Waldorf<\/strong>!<br data-start=\"499\" data-end=\"502\" \/>Fiecare dintre cei <strong data-start=\"521\" data-end=\"536\">7 spiridu\u0219i<\/strong> este \u00eembr\u0103cat \u00eentr-o nuan\u021b\u0103 aparte de fetru de l\u00e2n\u0103, pentru a reprezenta cele \u0219apte zile.<\/p>\n<p data-start=\"630\" data-end=\"682\">\ud83d\udcd0 M\u0103rime: 8,5 cm \u00een\u0103l\u021bime \u0219i 3 cm diametrul bazei<\/p>\n","protected":false},"featured_media":3680,"template":"","meta":[],"product_brand":[],"product_cat":[259,117],"product_tag":[125,124,123],"class_list":{"0":"post-3679","1":"product","2":"type-product","3":"status-publish","4":"has-post-thumbnail","6":"product_cat-casute","7":"product_cat-jucarii-woodentoys","8":"product_tag-spiridusi","9":"product_tag-waldorf","10":"product_tag-zilele-saptamanii","12":"first","13":"instock","14":"featured","15":"shipping-taxable","16":"purchasable","17":"product-type-simple"},"yoast_head":"<!-- This site is optimized with the Yoast SEO plugin v24.5 - https:\/\/yoast.com\/wordpress\/plugins\/seo\/ -->\n<title>Spiridu\u0219ii Zilele S\u0103pt\u0103m\u00e2nii - Juc\u0103rii din lemn fabricate \u00een Rom\u00e2nia!<\/title>\n<meta name=\"description\" content=\"Descoper\u0103 magia s\u0103pt\u0103m\u00e2nii al\u0103turi de Spiridu\u0219ii Waldorf!Fiecare dintre cei 7 spiridu\u0219i este \u00eembr\u0103cat \u00eentr-o nuan\u021b\u0103 aparte de fetru de l\u00e2n\u0103, pentru a reprezenta cele \u0219apte zile.\ud83d\udcd0 M\u0103rime: 8,5 cm \u00een\u0103l\u021bime \u0219i 3 cm diametrul bazei\" \/>\n<meta name=\"robots\" content=\"index, follow, max-snippet:-1, max-image-preview:large, max-video-preview:-1\" \/>\n<link rel=\"canonical\" href=\"https:\/\/jucarii-lemn-online.ro\/produs\/spiridusii-zilele-saptamanii\/\" \/>\n<meta property=\"og:locale\" content=\"hu_HU\" \/>\n<meta property=\"og:type\" content=\"article\" \/>\n<meta property=\"og:title\" content=\"Spiridu\u0219ii Zilele S\u0103pt\u0103m\u00e2nii - Juc\u0103rii din lemn fabricate \u00een Rom\u00e2nia!\" \/>\n<meta property=\"og:description\" content=\"Descoper\u0103 magia s\u0103pt\u0103m\u00e2nii al\u0103turi de Spiridu\u0219ii Waldorf!Fiecare dintre cei 7 spiridu\u0219i este \u00eembr\u0103cat \u00eentr-o nuan\u021b\u0103 aparte de fetru de l\u00e2n\u0103, pentru a reprezenta cele \u0219apte zile.\ud83d\udcd0 M\u0103rime: 8,5 cm \u00een\u0103l\u021bime \u0219i 3 cm diametrul bazei\" \/>\n<meta property=\"og:url\" content=\"https:\/\/jucarii-lemn-online.ro\/produs\/spiridusii-zilele-saptamanii\/\" \/>\n<meta property=\"og:site_name\" content=\"Juc\u0103rii din lemn fabricate \u00een Rom\u00e2nia!\" \/>\n<meta property=\"article:modified_time\" content=\"2026-04-20T09:44:47+00:00\" \/>\n<meta property=\"og:image\" content=\"https:\/\/jucarii-lemn-online.ro\/wp-content\/uploads\/2023\/06\/296151302_572439254576305_1837549824713356878_n.jpg\" \/>\n\t<meta property=\"og:image:width\" content=\"960\" \/>\n\t<meta property=\"og:image:height\" content=\"681\" \/>\n\t<meta property=\"og:image:type\" content=\"image\/jpeg\" \/>\n<meta name=\"twitter:card\" content=\"summary_large_image\" \/>\n<meta name=\"twitter:label1\" content=\"Becs\u00fclt olvas\u00e1si id\u0151\" \/>\n\t<meta name=\"twitter:data1\" content=\"1 perc\" \/>\n<script type=\"application\/ld+json\" class=\"yoast-schema-graph\">{\"@context\":\"https:\/\/schema.org\",\"@graph\":[{\"@type\":\"WebPage\",\"@id\":\"https:\/\/jucarii-lemn-online.ro\/produs\/spiridusii-zilele-saptamanii\/\",\"url\":\"https:\/\/jucarii-lemn-online.ro\/produs\/spiridusii-zilele-saptamanii\/\",\"name\":\"Spiridu\u0219ii Zilele S\u0103pt\u0103m\u00e2nii - Juc\u0103rii din lemn fabricate \u00een Rom\u00e2nia!\",\"isPartOf\":{\"@id\":\"https:\/\/jucarii-lemn-online.ro\/#website\"},\"primaryImageOfPage\":{\"@id\":\"https:\/\/jucarii-lemn-online.ro\/produs\/spiridusii-zilele-saptamanii\/#primaryimage\"},\"image\":{\"@id\":\"https:\/\/jucarii-lemn-online.ro\/produs\/spiridusii-zilele-saptamanii\/#primaryimage\"},\"thumbnailUrl\":\"https:\/\/jucarii-lemn-online.ro\/wp-content\/uploads\/2023\/06\/296151302_572439254576305_1837549824713356878_n.jpg\",\"datePublished\":\"2023-06-17T12:19:31+00:00\",\"dateModified\":\"2026-04-20T09:44:47+00:00\",\"description\":\"Descoper\u0103 magia s\u0103pt\u0103m\u00e2nii al\u0103turi de Spiridu\u0219ii Waldorf!Fiecare dintre cei 7 spiridu\u0219i este \u00eembr\u0103cat \u00eentr-o nuan\u021b\u0103 aparte de fetru de l\u00e2n\u0103, pentru a reprezenta cele \u0219apte zile.\ud83d\udcd0 M\u0103rime: 8,5 cm \u00een\u0103l\u021bime \u0219i 3 cm diametrul bazei\",\"breadcrumb\":{\"@id\":\"https:\/\/jucarii-lemn-online.ro\/produs\/spiridusii-zilele-saptamanii\/#breadcrumb\"},\"inLanguage\":\"hu\",\"potentialAction\":[{\"@type\":\"ReadAction\",\"target\":[\"https:\/\/jucarii-lemn-online.ro\/produs\/spiridusii-zilele-saptamanii\/\"]}]},{\"@type\":\"ImageObject\",\"inLanguage\":\"hu\",\"@id\":\"https:\/\/jucarii-lemn-online.ro\/produs\/spiridusii-zilele-saptamanii\/#primaryimage\",\"url\":\"https:\/\/jucarii-lemn-online.ro\/wp-content\/uploads\/2023\/06\/296151302_572439254576305_1837549824713356878_n.jpg\",\"contentUrl\":\"https:\/\/jucarii-lemn-online.ro\/wp-content\/uploads\/2023\/06\/296151302_572439254576305_1837549824713356878_n.jpg\",\"width\":960,\"height\":681},{\"@type\":\"BreadcrumbList\",\"@id\":\"https:\/\/jucarii-lemn-online.ro\/produs\/spiridusii-zilele-saptamanii\/#breadcrumb\",\"itemListElement\":[{\"@type\":\"ListItem\",\"position\":1,\"name\":\"Prima pagin\u0103\",\"item\":\"https:\/\/jucarii-lemn-online.ro\/hu\/\"},{\"@type\":\"ListItem\",\"position\":2,\"name\":\"Shop\",\"item\":\"https:\/\/jucarii-lemn-online.ro\/hu\/shop-2\/\"},{\"@type\":\"ListItem\",\"position\":3,\"name\":\"Spiridu\u0219ii Zilele S\u0103pt\u0103m\u00e2nii\"}]},{\"@type\":\"WebSite\",\"@id\":\"https:\/\/jucarii-lemn-online.ro\/#website\",\"url\":\"https:\/\/jucarii-lemn-online.ro\/\",\"name\":\"Juc\u0103rii din lemn fabricate \u00een Rom\u00e2nia!\",\"description\":\"Juc\u0103rii din lemn fabricate \u00een Rom\u00e2nia!\",\"potentialAction\":[{\"@type\":\"SearchAction\",\"target\":{\"@type\":\"EntryPoint\",\"urlTemplate\":\"https:\/\/jucarii-lemn-online.ro\/?s={search_term_string}\"},\"query-input\":{\"@type\":\"PropertyValueSpecification\",\"valueRequired\":true,\"valueName\":\"search_term_string\"}}],\"inLanguage\":\"hu\"}]}<\/script>\n<!-- \/ Yoast SEO plugin. -->","yoast_head_json":{"title":"Spiridu\u0219ii Zilele S\u0103pt\u0103m\u00e2nii - Juc\u0103rii din lemn fabricate \u00een Rom\u00e2nia!","description":"Descoper\u0103 magia s\u0103pt\u0103m\u00e2nii al\u0103turi de Spiridu\u0219ii Waldorf!Fiecare dintre cei 7 spiridu\u0219i este \u00eembr\u0103cat \u00eentr-o nuan\u021b\u0103 aparte de fetru de l\u00e2n\u0103, pentru a reprezenta cele \u0219apte zile.\ud83d\udcd0 M\u0103rime: 8,5 cm \u00een\u0103l\u021bime \u0219i 3 cm diametrul bazei","robots":{"index":"index","follow":"follow","max-snippet":"max-snippet:-1","max-image-preview":"max-image-preview:large","max-video-preview":"max-video-preview:-1"},"canonical":"https:\/\/jucarii-lemn-online.ro\/produs\/spiridusii-zilele-saptamanii\/","og_locale":"hu_HU","og_type":"article","og_title":"Spiridu\u0219ii Zilele S\u0103pt\u0103m\u00e2nii - Juc\u0103rii din lemn fabricate \u00een Rom\u00e2nia!","og_description":"Descoper\u0103 magia s\u0103pt\u0103m\u00e2nii al\u0103turi de Spiridu\u0219ii Waldorf!Fiecare dintre cei 7 spiridu\u0219i este \u00eembr\u0103cat \u00eentr-o nuan\u021b\u0103 aparte de fetru de l\u00e2n\u0103, pentru a reprezenta cele \u0219apte zile.\ud83d\udcd0 M\u0103rime: 8,5 cm \u00een\u0103l\u021bime \u0219i 3 cm diametrul bazei","og_url":"https:\/\/jucarii-lemn-online.ro\/produs\/spiridusii-zilele-saptamanii\/","og_site_name":"Juc\u0103rii din lemn fabricate \u00een Rom\u00e2nia!","article_modified_time":"2026-04-20T09:44:47+00:00","og_image":[{"width":960,"height":681,"url":"https:\/\/jucarii-lemn-online.ro\/wp-content\/uploads\/2023\/06\/296151302_572439254576305_1837549824713356878_n.jpg","type":"image\/jpeg"}],"twitter_card":"summary_large_image","twitter_misc":{"Becs\u00fclt olvas\u00e1si id\u0151":"1 perc"},"schema":{"@context":"https:\/\/schema.org","@graph":[{"@type":"WebPage","@id":"https:\/\/jucarii-lemn-online.ro\/produs\/spiridusii-zilele-saptamanii\/","url":"https:\/\/jucarii-lemn-online.ro\/produs\/spiridusii-zilele-saptamanii\/","name":"Spiridu\u0219ii Zilele S\u0103pt\u0103m\u00e2nii - Juc\u0103rii din lemn fabricate \u00een Rom\u00e2nia!","isPartOf":{"@id":"https:\/\/jucarii-lemn-online.ro\/#website"},"primaryImageOfPage":{"@id":"https:\/\/jucarii-lemn-online.ro\/produs\/spiridusii-zilele-saptamanii\/#primaryimage"},"image":{"@id":"https:\/\/jucarii-lemn-online.ro\/produs\/spiridusii-zilele-saptamanii\/#primaryimage"},"thumbnailUrl":"https:\/\/jucarii-lemn-online.ro\/wp-content\/uploads\/2023\/06\/296151302_572439254576305_1837549824713356878_n.jpg","datePublished":"2023-06-17T12:19:31+00:00","dateModified":"2026-04-20T09:44:47+00:00","description":"Descoper\u0103 magia s\u0103pt\u0103m\u00e2nii al\u0103turi de Spiridu\u0219ii Waldorf!Fiecare dintre cei 7 spiridu\u0219i este \u00eembr\u0103cat \u00eentr-o nuan\u021b\u0103 aparte de fetru de l\u00e2n\u0103, pentru a reprezenta cele \u0219apte zile.\ud83d\udcd0 M\u0103rime: 8,5 cm \u00een\u0103l\u021bime \u0219i 3 cm diametrul bazei","breadcrumb":{"@id":"https:\/\/jucarii-lemn-online.ro\/produs\/spiridusii-zilele-saptamanii\/#breadcrumb"},"inLanguage":"hu","potentialAction":[{"@type":"ReadAction","target":["https:\/\/jucarii-lemn-online.ro\/produs\/spiridusii-zilele-saptamanii\/"]}]},{"@type":"ImageObject","inLanguage":"hu","@id":"https:\/\/jucarii-lemn-online.ro\/produs\/spiridusii-zilele-saptamanii\/#primaryimage","url":"https:\/\/jucarii-lemn-online.ro\/wp-content\/uploads\/2023\/06\/296151302_572439254576305_1837549824713356878_n.jpg","contentUrl":"https:\/\/jucarii-lemn-online.ro\/wp-content\/uploads\/2023\/06\/296151302_572439254576305_1837549824713356878_n.jpg","width":960,"height":681},{"@type":"BreadcrumbList","@id":"https:\/\/jucarii-lemn-online.ro\/produs\/spiridusii-zilele-saptamanii\/#breadcrumb","itemListElement":[{"@type":"ListItem","position":1,"name":"Prima pagin\u0103","item":"https:\/\/jucarii-lemn-online.ro\/hu\/"},{"@type":"ListItem","position":2,"name":"Shop","item":"https:\/\/jucarii-lemn-online.ro\/hu\/shop-2\/"},{"@type":"ListItem","position":3,"name":"Spiridu\u0219ii Zilele S\u0103pt\u0103m\u00e2nii"}]},{"@type":"WebSite","@id":"https:\/\/jucarii-lemn-online.ro\/#website","url":"https:\/\/jucarii-lemn-online.ro\/","name":"Juc\u0103rii din lemn fabricate \u00een Rom\u00e2nia!","description":"Juc\u0103rii din lemn fabricate \u00een Rom\u00e2nia!","potentialAction":[{"@type":"SearchAction","target":{"@type":"EntryPoint","urlTemplate":"https:\/\/jucarii-lemn-online.ro\/?s={search_term_string}"},"query-input":{"@type":"PropertyValueSpecification","valueRequired":true,"valueName":"search_term_string"}}],"inLanguage":"hu"}]}},"_links":{"self":[{"href":"https:\/\/jucarii-lemn-online.ro\/hu\/wp-json\/wp\/v2\/product\/3679","targetHints":{"allow":["GET"]}}],"collection":[{"href":"https:\/\/jucarii-lemn-online.ro\/hu\/wp-json\/wp\/v2\/product"}],"about":[{"href":"https:\/\/jucarii-lemn-online.ro\/hu\/wp-json\/wp\/v2\/types\/product"}],"wp:featuredmedia":[{"embeddable":true,"href":"https:\/\/jucarii-lemn-online.ro\/hu\/wp-json\/wp\/v2\/media\/3680"}],"wp:attachment":[{"href":"https:\/\/jucarii-lemn-online.ro\/hu\/wp-json\/wp\/v2\/media?parent=3679"}],"wp:term":[{"taxonomy":"product_brand","embeddable":true,"href":"https:\/\/jucarii-lemn-online.ro\/hu\/wp-json\/wp\/v2\/product_brand?post=3679"},{"taxonomy":"product_cat","embeddable":true,"href":"https:\/\/jucarii-lemn-online.ro\/hu\/wp-json\/wp\/v2\/product_cat?post=3679"},{"taxonomy":"product_tag","embeddable":true,"href":"https:\/\/jucarii-lemn-online.ro\/hu\/wp-json\/wp\/v2\/product_tag?post=3679"}],"curies":[{"name":"wp","href":"https:\/\/api.w.org\/{rel}","templated":true}]}}