{"id":3659,"date":"2023-06-15T18:26:19","date_gmt":"2023-06-15T18:26:19","guid":{"rendered":"https:\/\/jucarii-lemn-online.ro\/?post_type=product&#038;p=3659"},"modified":"2026-03-06T10:57:15","modified_gmt":"2026-03-06T08:57:15","slug":"roata-dintata-forgasskerek","status":"publish","type":"product","link":"https:\/\/jucarii-lemn-online.ro\/hu\/produs\/roata-dintata-forgasskerek\/","title":{"rendered":"Roata dintata &#8222;forgassKEREK&#8221;"},"content":{"rendered":"<p>O jucarie pentru activitati de creatie si distractie pentru copii si adulti!<br \/>\nNumar bucati 6:<br \/>\nPentru a vedea posibilitatile, vizitati filmuletul de pe linkul urmator:<br \/>\n<iframe loading=\"lazy\" title=\"Wooden spiral gear toy (ForgassKer\u00e9k)\" width=\"1170\" height=\"658\" src=\"https:\/\/www.youtube.com\/embed\/kaKJjBOFj6g?feature=oembed\" frameborder=\"0\" allow=\"accelerometer; autoplay; clipboard-write; encrypted-media; gyroscope; picture-in-picture; web-share\" allowfullscreen><\/iframe><br \/>\nFabricat in Romania de Grafit Studio!<\/p>\n","protected":false},"excerpt":{"rendered":"<p>O jucarie pentru activitati de creatie si distractie pentru copii si adulti!<br \/>\nNumar bucati 6.<\/p>\n","protected":false},"featured_media":3660,"template":"","meta":[],"product_brand":[],"product_cat":[117],"product_tag":[121,122,120],"class_list":{"0":"post-3659","1":"product","2":"type-product","3":"status-publish","4":"has-post-thumbnail","6":"product_cat-jucarii-woodentoys","7":"product_tag-creativitate","8":"product_tag-desen","9":"product_tag-forgasskerek","11":"first","12":"instock","13":"shipping-taxable","14":"purchasable","15":"product-type-simple"},"yoast_head":"<!-- This site is optimized with the Yoast SEO plugin v24.5 - https:\/\/yoast.com\/wordpress\/plugins\/seo\/ -->\n<title>Roata dintata &quot;forgassKEREK&quot; - Juc\u0103rii din lemn fabricate \u00een Rom\u00e2nia!<\/title>\n<meta name=\"description\" content=\"O jucarie pentru activitati de creatie si distractie pentru copii si adulti! Creeaza desene unice pentru decorare, colorare sau pentru o coordonare mai buna a miscarirol senzoriale.\" \/>\n<meta name=\"robots\" content=\"index, follow, max-snippet:-1, max-image-preview:large, max-video-preview:-1\" \/>\n<link rel=\"canonical\" href=\"https:\/\/jucarii-lemn-online.ro\/produs\/roata-dintata-forgasskerek\/\" \/>\n<meta property=\"og:locale\" content=\"hu_HU\" \/>\n<meta property=\"og:type\" content=\"article\" \/>\n<meta property=\"og:title\" content=\"Roata dintata &quot;forgassKEREK&quot; - Juc\u0103rii din lemn fabricate \u00een Rom\u00e2nia!\" \/>\n<meta property=\"og:description\" content=\"O jucarie pentru activitati de creatie si distractie pentru copii si adulti! Creeaza desene unice pentru decorare, colorare sau pentru o coordonare mai buna a miscarirol senzoriale.\" \/>\n<meta property=\"og:url\" content=\"https:\/\/jucarii-lemn-online.ro\/produs\/roata-dintata-forgasskerek\/\" \/>\n<meta property=\"og:site_name\" content=\"Juc\u0103rii din lemn fabricate \u00een Rom\u00e2nia!\" \/>\n<meta property=\"article:modified_time\" content=\"2026-03-06T08:57:15+00:00\" \/>\n<meta property=\"og:image\" content=\"https:\/\/jucarii-lemn-online.ro\/wp-content\/uploads\/2023\/06\/IMG_20210614_200516-1.jpg\" \/>\n\t<meta property=\"og:image:width\" content=\"2364\" \/>\n\t<meta property=\"og:image:height\" content=\"1773\" \/>\n\t<meta property=\"og:image:type\" content=\"image\/jpeg\" \/>\n<meta name=\"twitter:card\" content=\"summary_large_image\" \/>\n<meta name=\"twitter:label1\" content=\"Becs\u00fclt olvas\u00e1si id\u0151\" \/>\n\t<meta name=\"twitter:data1\" content=\"1 perc\" \/>\n<script type=\"application\/ld+json\" class=\"yoast-schema-graph\">{\"@context\":\"https:\/\/schema.org\",\"@graph\":[{\"@type\":\"WebPage\",\"@id\":\"https:\/\/jucarii-lemn-online.ro\/produs\/roata-dintata-forgasskerek\/\",\"url\":\"https:\/\/jucarii-lemn-online.ro\/produs\/roata-dintata-forgasskerek\/\",\"name\":\"Roata dintata \\\"forgassKEREK\\\" - Juc\u0103rii din lemn fabricate \u00een Rom\u00e2nia!\",\"isPartOf\":{\"@id\":\"https:\/\/jucarii-lemn-online.ro\/#website\"},\"primaryImageOfPage\":{\"@id\":\"https:\/\/jucarii-lemn-online.ro\/produs\/roata-dintata-forgasskerek\/#primaryimage\"},\"image\":{\"@id\":\"https:\/\/jucarii-lemn-online.ro\/produs\/roata-dintata-forgasskerek\/#primaryimage\"},\"thumbnailUrl\":\"https:\/\/jucarii-lemn-online.ro\/wp-content\/uploads\/2023\/06\/IMG_20210614_200516-1.jpg\",\"datePublished\":\"2023-06-15T18:26:19+00:00\",\"dateModified\":\"2026-03-06T08:57:15+00:00\",\"description\":\"O jucarie pentru activitati de creatie si distractie pentru copii si adulti! Creeaza desene unice pentru decorare, colorare sau pentru o coordonare mai buna a miscarirol senzoriale.\",\"breadcrumb\":{\"@id\":\"https:\/\/jucarii-lemn-online.ro\/produs\/roata-dintata-forgasskerek\/#breadcrumb\"},\"inLanguage\":\"hu\",\"potentialAction\":[{\"@type\":\"ReadAction\",\"target\":[\"https:\/\/jucarii-lemn-online.ro\/produs\/roata-dintata-forgasskerek\/\"]}]},{\"@type\":\"ImageObject\",\"inLanguage\":\"hu\",\"@id\":\"https:\/\/jucarii-lemn-online.ro\/produs\/roata-dintata-forgasskerek\/#primaryimage\",\"url\":\"https:\/\/jucarii-lemn-online.ro\/wp-content\/uploads\/2023\/06\/IMG_20210614_200516-1.jpg\",\"contentUrl\":\"https:\/\/jucarii-lemn-online.ro\/wp-content\/uploads\/2023\/06\/IMG_20210614_200516-1.jpg\",\"width\":2364,\"height\":1773},{\"@type\":\"BreadcrumbList\",\"@id\":\"https:\/\/jucarii-lemn-online.ro\/produs\/roata-dintata-forgasskerek\/#breadcrumb\",\"itemListElement\":[{\"@type\":\"ListItem\",\"position\":1,\"name\":\"Prima pagin\u0103\",\"item\":\"https:\/\/jucarii-lemn-online.ro\/hu\/\"},{\"@type\":\"ListItem\",\"position\":2,\"name\":\"Shop\",\"item\":\"https:\/\/jucarii-lemn-online.ro\/hu\/shop-2\/\"},{\"@type\":\"ListItem\",\"position\":3,\"name\":\"Roata dintata &#8222;forgassKEREK&#8221;\"}]},{\"@type\":\"WebSite\",\"@id\":\"https:\/\/jucarii-lemn-online.ro\/#website\",\"url\":\"https:\/\/jucarii-lemn-online.ro\/\",\"name\":\"Juc\u0103rii din lemn fabricate \u00een Rom\u00e2nia!\",\"description\":\"Juc\u0103rii din lemn fabricate \u00een Rom\u00e2nia!\",\"potentialAction\":[{\"@type\":\"SearchAction\",\"target\":{\"@type\":\"EntryPoint\",\"urlTemplate\":\"https:\/\/jucarii-lemn-online.ro\/?s={search_term_string}\"},\"query-input\":{\"@type\":\"PropertyValueSpecification\",\"valueRequired\":true,\"valueName\":\"search_term_string\"}}],\"inLanguage\":\"hu\"}]}<\/script>\n<!-- \/ Yoast SEO plugin. -->","yoast_head_json":{"title":"Roata dintata \"forgassKEREK\" - Juc\u0103rii din lemn fabricate \u00een Rom\u00e2nia!","description":"O jucarie pentru activitati de creatie si distractie pentru copii si adulti! Creeaza desene unice pentru decorare, colorare sau pentru o coordonare mai buna a miscarirol senzoriale.","robots":{"index":"index","follow":"follow","max-snippet":"max-snippet:-1","max-image-preview":"max-image-preview:large","max-video-preview":"max-video-preview:-1"},"canonical":"https:\/\/jucarii-lemn-online.ro\/produs\/roata-dintata-forgasskerek\/","og_locale":"hu_HU","og_type":"article","og_title":"Roata dintata \"forgassKEREK\" - Juc\u0103rii din lemn fabricate \u00een Rom\u00e2nia!","og_description":"O jucarie pentru activitati de creatie si distractie pentru copii si adulti! Creeaza desene unice pentru decorare, colorare sau pentru o coordonare mai buna a miscarirol senzoriale.","og_url":"https:\/\/jucarii-lemn-online.ro\/produs\/roata-dintata-forgasskerek\/","og_site_name":"Juc\u0103rii din lemn fabricate \u00een Rom\u00e2nia!","article_modified_time":"2026-03-06T08:57:15+00:00","og_image":[{"width":2364,"height":1773,"url":"https:\/\/jucarii-lemn-online.ro\/wp-content\/uploads\/2023\/06\/IMG_20210614_200516-1.jpg","type":"image\/jpeg"}],"twitter_card":"summary_large_image","twitter_misc":{"Becs\u00fclt olvas\u00e1si id\u0151":"1 perc"},"schema":{"@context":"https:\/\/schema.org","@graph":[{"@type":"WebPage","@id":"https:\/\/jucarii-lemn-online.ro\/produs\/roata-dintata-forgasskerek\/","url":"https:\/\/jucarii-lemn-online.ro\/produs\/roata-dintata-forgasskerek\/","name":"Roata dintata \"forgassKEREK\" - Juc\u0103rii din lemn fabricate \u00een Rom\u00e2nia!","isPartOf":{"@id":"https:\/\/jucarii-lemn-online.ro\/#website"},"primaryImageOfPage":{"@id":"https:\/\/jucarii-lemn-online.ro\/produs\/roata-dintata-forgasskerek\/#primaryimage"},"image":{"@id":"https:\/\/jucarii-lemn-online.ro\/produs\/roata-dintata-forgasskerek\/#primaryimage"},"thumbnailUrl":"https:\/\/jucarii-lemn-online.ro\/wp-content\/uploads\/2023\/06\/IMG_20210614_200516-1.jpg","datePublished":"2023-06-15T18:26:19+00:00","dateModified":"2026-03-06T08:57:15+00:00","description":"O jucarie pentru activitati de creatie si distractie pentru copii si adulti! Creeaza desene unice pentru decorare, colorare sau pentru o coordonare mai buna a miscarirol senzoriale.","breadcrumb":{"@id":"https:\/\/jucarii-lemn-online.ro\/produs\/roata-dintata-forgasskerek\/#breadcrumb"},"inLanguage":"hu","potentialAction":[{"@type":"ReadAction","target":["https:\/\/jucarii-lemn-online.ro\/produs\/roata-dintata-forgasskerek\/"]}]},{"@type":"ImageObject","inLanguage":"hu","@id":"https:\/\/jucarii-lemn-online.ro\/produs\/roata-dintata-forgasskerek\/#primaryimage","url":"https:\/\/jucarii-lemn-online.ro\/wp-content\/uploads\/2023\/06\/IMG_20210614_200516-1.jpg","contentUrl":"https:\/\/jucarii-lemn-online.ro\/wp-content\/uploads\/2023\/06\/IMG_20210614_200516-1.jpg","width":2364,"height":1773},{"@type":"BreadcrumbList","@id":"https:\/\/jucarii-lemn-online.ro\/produs\/roata-dintata-forgasskerek\/#breadcrumb","itemListElement":[{"@type":"ListItem","position":1,"name":"Prima pagin\u0103","item":"https:\/\/jucarii-lemn-online.ro\/hu\/"},{"@type":"ListItem","position":2,"name":"Shop","item":"https:\/\/jucarii-lemn-online.ro\/hu\/shop-2\/"},{"@type":"ListItem","position":3,"name":"Roata dintata &#8222;forgassKEREK&#8221;"}]},{"@type":"WebSite","@id":"https:\/\/jucarii-lemn-online.ro\/#website","url":"https:\/\/jucarii-lemn-online.ro\/","name":"Juc\u0103rii din lemn fabricate \u00een Rom\u00e2nia!","description":"Juc\u0103rii din lemn fabricate \u00een Rom\u00e2nia!","potentialAction":[{"@type":"SearchAction","target":{"@type":"EntryPoint","urlTemplate":"https:\/\/jucarii-lemn-online.ro\/?s={search_term_string}"},"query-input":{"@type":"PropertyValueSpecification","valueRequired":true,"valueName":"search_term_string"}}],"inLanguage":"hu"}]}},"_links":{"self":[{"href":"https:\/\/jucarii-lemn-online.ro\/hu\/wp-json\/wp\/v2\/product\/3659","targetHints":{"allow":["GET"]}}],"collection":[{"href":"https:\/\/jucarii-lemn-online.ro\/hu\/wp-json\/wp\/v2\/product"}],"about":[{"href":"https:\/\/jucarii-lemn-online.ro\/hu\/wp-json\/wp\/v2\/types\/product"}],"wp:featuredmedia":[{"embeddable":true,"href":"https:\/\/jucarii-lemn-online.ro\/hu\/wp-json\/wp\/v2\/media\/3660"}],"wp:attachment":[{"href":"https:\/\/jucarii-lemn-online.ro\/hu\/wp-json\/wp\/v2\/media?parent=3659"}],"wp:term":[{"taxonomy":"product_brand","embeddable":true,"href":"https:\/\/jucarii-lemn-online.ro\/hu\/wp-json\/wp\/v2\/product_brand?post=3659"},{"taxonomy":"product_cat","embeddable":true,"href":"https:\/\/jucarii-lemn-online.ro\/hu\/wp-json\/wp\/v2\/product_cat?post=3659"},{"taxonomy":"product_tag","embeddable":true,"href":"https:\/\/jucarii-lemn-online.ro\/hu\/wp-json\/wp\/v2\/product_tag?post=3659"}],"curies":[{"name":"wp","href":"https:\/\/api.w.org\/{rel}","templated":true}]}}