{"id":3550,"date":"2023-05-11T07:13:28","date_gmt":"2023-05-11T05:13:28","guid":{"rendered":"https:\/\/jucarii-lemn-online.ro\/?post_type=product&#038;p=3550"},"modified":"2025-01-03T10:32:59","modified_gmt":"2025-01-03T08:32:59","slug":"figurina-din-lemn-vulpe-model-2-kuc","status":"publish","type":"product","link":"https:\/\/jucarii-lemn-online.ro\/hu\/produs\/figurina-din-lemn-vulpe-model-2-kuc\/","title":{"rendered":"Figurina din lemn &#8211; vulpe &#8211; model 2 &#8211; KUC"},"content":{"rendered":"<p>Figurinele &#8222;Kuck\u00f3m&#8221; sunt realizate manual, din materiale naturale, biodegradabile si sunt sigure pentru copii. Sunt colorate folosind vopsea cu creta non-toxica Annie Sloan, si ceara naturala de albine.<\/p>\n<p>Marime figurina vulpe model 2KUC: 10 x 6 x 2 cm<\/p>\n<p>Made in RO!<\/p>\n","protected":false},"excerpt":{"rendered":"<p>Figurinele &#8222;Kuck\u00f3m&#8221; sunt realizate manual, din materiale naturale, biodegradabile si sunt sigure pentru copii. Sunt colorate folosind vopsea cu creta non-toxica Annie Sloan, si ceara naturala de albine.<\/p>\n<p>Marime figurina vulpe model 2KUC: 10 x 6 x 2 cm<\/p>\n<p>Made in RO!<\/p>\n","protected":false},"featured_media":3551,"template":"","meta":[],"product_brand":[],"product_cat":[87],"product_tag":[102],"class_list":{"0":"post-3550","1":"product","2":"type-product","3":"status-publish","4":"has-post-thumbnail","6":"product_cat-kuckom","7":"product_tag-figurine","9":"first","10":"instock","11":"sale","12":"shipping-taxable","13":"purchasable","14":"product-type-simple"},"yoast_head":"<!-- This site is optimized with the Yoast SEO plugin v24.5 - https:\/\/yoast.com\/wordpress\/plugins\/seo\/ -->\n<title>Figurina din lemn - vulpe - model 2 - KUC - Juc\u0103rii din lemn fabricate \u00een Rom\u00e2nia!<\/title>\n<meta name=\"robots\" content=\"index, follow, max-snippet:-1, max-image-preview:large, max-video-preview:-1\" \/>\n<link rel=\"canonical\" href=\"https:\/\/jucarii-lemn-online.ro\/produs\/figurina-din-lemn-vulpe-model-2-kuc\/\" \/>\n<meta property=\"og:locale\" content=\"hu_HU\" \/>\n<meta property=\"og:type\" content=\"article\" \/>\n<meta property=\"og:title\" content=\"Figurina din lemn - vulpe - model 2 - KUC - Juc\u0103rii din lemn fabricate \u00een Rom\u00e2nia!\" \/>\n<meta property=\"og:description\" content=\"Figurinele &quot;Kuck\u00f3m&quot; sunt realizate manual, din materiale naturale, biodegradabile si sunt sigure pentru copii. Sunt colorate folosind vopsea cu creta non-toxica Annie Sloan, si ceara naturala de albine.  Marime figurina vulpe model 2KUC: 10 x 6 x 2 cm  Made in RO!\" \/>\n<meta property=\"og:url\" content=\"https:\/\/jucarii-lemn-online.ro\/produs\/figurina-din-lemn-vulpe-model-2-kuc\/\" \/>\n<meta property=\"og:site_name\" content=\"Juc\u0103rii din lemn fabricate \u00een Rom\u00e2nia!\" \/>\n<meta property=\"article:modified_time\" content=\"2025-01-03T08:32:59+00:00\" \/>\n<meta property=\"og:image\" content=\"https:\/\/jucarii-lemn-online.ro\/wp-content\/uploads\/2023\/05\/IMG_20230122_205654_edit_96251056210833.jpg\" \/>\n\t<meta property=\"og:image:width\" content=\"2051\" \/>\n\t<meta property=\"og:image:height\" content=\"1538\" \/>\n\t<meta property=\"og:image:type\" content=\"image\/jpeg\" \/>\n<meta name=\"twitter:card\" content=\"summary_large_image\" \/>\n<meta name=\"twitter:label1\" content=\"Becs\u00fclt olvas\u00e1si id\u0151\" \/>\n\t<meta name=\"twitter:data1\" content=\"1 perc\" \/>\n<script type=\"application\/ld+json\" class=\"yoast-schema-graph\">{\"@context\":\"https:\/\/schema.org\",\"@graph\":[{\"@type\":\"WebPage\",\"@id\":\"https:\/\/jucarii-lemn-online.ro\/produs\/figurina-din-lemn-vulpe-model-2-kuc\/\",\"url\":\"https:\/\/jucarii-lemn-online.ro\/produs\/figurina-din-lemn-vulpe-model-2-kuc\/\",\"name\":\"Figurina din lemn - vulpe - model 2 - KUC - Juc\u0103rii din lemn fabricate \u00een Rom\u00e2nia!\",\"isPartOf\":{\"@id\":\"https:\/\/jucarii-lemn-online.ro\/#website\"},\"primaryImageOfPage\":{\"@id\":\"https:\/\/jucarii-lemn-online.ro\/produs\/figurina-din-lemn-vulpe-model-2-kuc\/#primaryimage\"},\"image\":{\"@id\":\"https:\/\/jucarii-lemn-online.ro\/produs\/figurina-din-lemn-vulpe-model-2-kuc\/#primaryimage\"},\"thumbnailUrl\":\"https:\/\/jucarii-lemn-online.ro\/wp-content\/uploads\/2023\/05\/IMG_20230122_205654_edit_96251056210833.jpg\",\"datePublished\":\"2023-05-11T05:13:28+00:00\",\"dateModified\":\"2025-01-03T08:32:59+00:00\",\"breadcrumb\":{\"@id\":\"https:\/\/jucarii-lemn-online.ro\/produs\/figurina-din-lemn-vulpe-model-2-kuc\/#breadcrumb\"},\"inLanguage\":\"hu\",\"potentialAction\":[{\"@type\":\"ReadAction\",\"target\":[\"https:\/\/jucarii-lemn-online.ro\/produs\/figurina-din-lemn-vulpe-model-2-kuc\/\"]}]},{\"@type\":\"ImageObject\",\"inLanguage\":\"hu\",\"@id\":\"https:\/\/jucarii-lemn-online.ro\/produs\/figurina-din-lemn-vulpe-model-2-kuc\/#primaryimage\",\"url\":\"https:\/\/jucarii-lemn-online.ro\/wp-content\/uploads\/2023\/05\/IMG_20230122_205654_edit_96251056210833.jpg\",\"contentUrl\":\"https:\/\/jucarii-lemn-online.ro\/wp-content\/uploads\/2023\/05\/IMG_20230122_205654_edit_96251056210833.jpg\",\"width\":2051,\"height\":1538},{\"@type\":\"BreadcrumbList\",\"@id\":\"https:\/\/jucarii-lemn-online.ro\/produs\/figurina-din-lemn-vulpe-model-2-kuc\/#breadcrumb\",\"itemListElement\":[{\"@type\":\"ListItem\",\"position\":1,\"name\":\"Prima pagin\u0103\",\"item\":\"https:\/\/jucarii-lemn-online.ro\/hu\/\"},{\"@type\":\"ListItem\",\"position\":2,\"name\":\"Shop\",\"item\":\"https:\/\/jucarii-lemn-online.ro\/hu\/shop-2\/\"},{\"@type\":\"ListItem\",\"position\":3,\"name\":\"Figurina din lemn &#8211; vulpe &#8211; model 2 &#8211; KUC\"}]},{\"@type\":\"WebSite\",\"@id\":\"https:\/\/jucarii-lemn-online.ro\/#website\",\"url\":\"https:\/\/jucarii-lemn-online.ro\/\",\"name\":\"Juc\u0103rii din lemn fabricate \u00een Rom\u00e2nia!\",\"description\":\"Juc\u0103rii din lemn fabricate \u00een Rom\u00e2nia!\",\"potentialAction\":[{\"@type\":\"SearchAction\",\"target\":{\"@type\":\"EntryPoint\",\"urlTemplate\":\"https:\/\/jucarii-lemn-online.ro\/?s={search_term_string}\"},\"query-input\":{\"@type\":\"PropertyValueSpecification\",\"valueRequired\":true,\"valueName\":\"search_term_string\"}}],\"inLanguage\":\"hu\"}]}<\/script>\n<!-- \/ Yoast SEO plugin. -->","yoast_head_json":{"title":"Figurina din lemn - vulpe - model 2 - KUC - Juc\u0103rii din lemn fabricate \u00een Rom\u00e2nia!","robots":{"index":"index","follow":"follow","max-snippet":"max-snippet:-1","max-image-preview":"max-image-preview:large","max-video-preview":"max-video-preview:-1"},"canonical":"https:\/\/jucarii-lemn-online.ro\/produs\/figurina-din-lemn-vulpe-model-2-kuc\/","og_locale":"hu_HU","og_type":"article","og_title":"Figurina din lemn - vulpe - model 2 - KUC - Juc\u0103rii din lemn fabricate \u00een Rom\u00e2nia!","og_description":"Figurinele \"Kuck\u00f3m\" sunt realizate manual, din materiale naturale, biodegradabile si sunt sigure pentru copii. Sunt colorate folosind vopsea cu creta non-toxica Annie Sloan, si ceara naturala de albine.  Marime figurina vulpe model 2KUC: 10 x 6 x 2 cm  Made in RO!","og_url":"https:\/\/jucarii-lemn-online.ro\/produs\/figurina-din-lemn-vulpe-model-2-kuc\/","og_site_name":"Juc\u0103rii din lemn fabricate \u00een Rom\u00e2nia!","article_modified_time":"2025-01-03T08:32:59+00:00","og_image":[{"width":2051,"height":1538,"url":"https:\/\/jucarii-lemn-online.ro\/wp-content\/uploads\/2023\/05\/IMG_20230122_205654_edit_96251056210833.jpg","type":"image\/jpeg"}],"twitter_card":"summary_large_image","twitter_misc":{"Becs\u00fclt olvas\u00e1si id\u0151":"1 perc"},"schema":{"@context":"https:\/\/schema.org","@graph":[{"@type":"WebPage","@id":"https:\/\/jucarii-lemn-online.ro\/produs\/figurina-din-lemn-vulpe-model-2-kuc\/","url":"https:\/\/jucarii-lemn-online.ro\/produs\/figurina-din-lemn-vulpe-model-2-kuc\/","name":"Figurina din lemn - vulpe - model 2 - KUC - Juc\u0103rii din lemn fabricate \u00een Rom\u00e2nia!","isPartOf":{"@id":"https:\/\/jucarii-lemn-online.ro\/#website"},"primaryImageOfPage":{"@id":"https:\/\/jucarii-lemn-online.ro\/produs\/figurina-din-lemn-vulpe-model-2-kuc\/#primaryimage"},"image":{"@id":"https:\/\/jucarii-lemn-online.ro\/produs\/figurina-din-lemn-vulpe-model-2-kuc\/#primaryimage"},"thumbnailUrl":"https:\/\/jucarii-lemn-online.ro\/wp-content\/uploads\/2023\/05\/IMG_20230122_205654_edit_96251056210833.jpg","datePublished":"2023-05-11T05:13:28+00:00","dateModified":"2025-01-03T08:32:59+00:00","breadcrumb":{"@id":"https:\/\/jucarii-lemn-online.ro\/produs\/figurina-din-lemn-vulpe-model-2-kuc\/#breadcrumb"},"inLanguage":"hu","potentialAction":[{"@type":"ReadAction","target":["https:\/\/jucarii-lemn-online.ro\/produs\/figurina-din-lemn-vulpe-model-2-kuc\/"]}]},{"@type":"ImageObject","inLanguage":"hu","@id":"https:\/\/jucarii-lemn-online.ro\/produs\/figurina-din-lemn-vulpe-model-2-kuc\/#primaryimage","url":"https:\/\/jucarii-lemn-online.ro\/wp-content\/uploads\/2023\/05\/IMG_20230122_205654_edit_96251056210833.jpg","contentUrl":"https:\/\/jucarii-lemn-online.ro\/wp-content\/uploads\/2023\/05\/IMG_20230122_205654_edit_96251056210833.jpg","width":2051,"height":1538},{"@type":"BreadcrumbList","@id":"https:\/\/jucarii-lemn-online.ro\/produs\/figurina-din-lemn-vulpe-model-2-kuc\/#breadcrumb","itemListElement":[{"@type":"ListItem","position":1,"name":"Prima pagin\u0103","item":"https:\/\/jucarii-lemn-online.ro\/hu\/"},{"@type":"ListItem","position":2,"name":"Shop","item":"https:\/\/jucarii-lemn-online.ro\/hu\/shop-2\/"},{"@type":"ListItem","position":3,"name":"Figurina din lemn &#8211; vulpe &#8211; model 2 &#8211; KUC"}]},{"@type":"WebSite","@id":"https:\/\/jucarii-lemn-online.ro\/#website","url":"https:\/\/jucarii-lemn-online.ro\/","name":"Juc\u0103rii din lemn fabricate \u00een Rom\u00e2nia!","description":"Juc\u0103rii din lemn fabricate \u00een Rom\u00e2nia!","potentialAction":[{"@type":"SearchAction","target":{"@type":"EntryPoint","urlTemplate":"https:\/\/jucarii-lemn-online.ro\/?s={search_term_string}"},"query-input":{"@type":"PropertyValueSpecification","valueRequired":true,"valueName":"search_term_string"}}],"inLanguage":"hu"}]}},"_links":{"self":[{"href":"https:\/\/jucarii-lemn-online.ro\/hu\/wp-json\/wp\/v2\/product\/3550","targetHints":{"allow":["GET"]}}],"collection":[{"href":"https:\/\/jucarii-lemn-online.ro\/hu\/wp-json\/wp\/v2\/product"}],"about":[{"href":"https:\/\/jucarii-lemn-online.ro\/hu\/wp-json\/wp\/v2\/types\/product"}],"wp:featuredmedia":[{"embeddable":true,"href":"https:\/\/jucarii-lemn-online.ro\/hu\/wp-json\/wp\/v2\/media\/3551"}],"wp:attachment":[{"href":"https:\/\/jucarii-lemn-online.ro\/hu\/wp-json\/wp\/v2\/media?parent=3550"}],"wp:term":[{"taxonomy":"product_brand","embeddable":true,"href":"https:\/\/jucarii-lemn-online.ro\/hu\/wp-json\/wp\/v2\/product_brand?post=3550"},{"taxonomy":"product_cat","embeddable":true,"href":"https:\/\/jucarii-lemn-online.ro\/hu\/wp-json\/wp\/v2\/product_cat?post=3550"},{"taxonomy":"product_tag","embeddable":true,"href":"https:\/\/jucarii-lemn-online.ro\/hu\/wp-json\/wp\/v2\/product_tag?post=3550"}],"curies":[{"name":"wp","href":"https:\/\/api.w.org\/{rel}","templated":true}]}}