{"id":5499,"date":"2026-02-05T16:19:25","date_gmt":"2026-02-05T14:19:25","guid":{"rendered":"https:\/\/jucarii-lemn-online.ro\/?post_type=product&#038;p=5499"},"modified":"2026-04-14T11:04:38","modified_gmt":"2026-04-14T09:04:38","slug":"trenuletul-anotimpuri-cu-12-figurine-colorate","status":"publish","type":"product","link":"https:\/\/jucarii-lemn-online.ro\/en\/produs\/trenuletul-anotimpuri-cu-12-figurine-colorate\/","title":{"rendered":"Trenule\u021bul Anotimpuri cu 12 figurine colorate"},"content":{"rendered":"<p>Trenule\u021bul <strong data-start=\"140\" data-end=\"154\">Anotimpuri<\/strong> este o juc\u0103rie din lemn realizat\u0103 artizanal, g\u00e2ndit\u0103 s\u0103 aduc\u0103 bucurie \u0219i joac\u0103 creativ\u0103 celor mici. Setul con\u021bine o locomotiv\u0103 \u0219i <strong data-start=\"285\" data-end=\"309\">4 vagoane deta\u0219abile<\/strong>, fiecare vopsit \u00eentr-o culoare diferit\u0103, inspirat\u0103 de diversitatea anotimpurilor.<br data-start=\"391\" data-end=\"394\" \/>Fiecare vagon are <strong data-start=\"412\" data-end=\"440\">3 compartimente speciale<\/strong> pentru figurine, iar trenule\u021bul este \u00eenso\u021bit de <strong data-start=\"489\" data-end=\"512\">12 omule\u021bi din lemn<\/strong>, fiecare cu <strong data-start=\"525\" data-end=\"562\">\u0219apc\u0103 din l\u00e2n\u0103 \u00een culori diferite<\/strong>. O juc\u0103rie educativ\u0103, durabil\u0103 \u0219i plin\u0103 de farmec, perfect\u0103 pentru jocuri de imagina\u021bie.<\/p>\n","protected":false},"excerpt":{"rendered":"<p><strong data-start=\"2137\" data-end=\"2160\">Trenule\u021b Anotimpuri<\/strong> \u2013 juc\u0103rie din lemn realizat\u0103 artizanal, cu <strong data-start=\"2204\" data-end=\"2228\">4 vagoane deta\u0219abile<\/strong> \u0219i <strong data-start=\"2232\" data-end=\"2256\">12 figurine din lemn<\/strong>.<br data-start=\"2257\" data-end=\"2260\" \/>Vagoanele sunt vopsite \u00een culori diferite \u0219i au <strong data-start=\"2308\" data-end=\"2332\">c\u00e2te 3 compartimente<\/strong> pentru omule\u021bi. Figurinele sunt prev\u0103zute cu <strong data-start=\"2378\" data-end=\"2415\">\u0219epci din l\u00e2n\u0103, \u00een culori variate<\/strong>, stimul\u00e2nd joaca creativ\u0103 \u0219i \u00eenv\u0103\u021barea prin asociere. Ideal pentru copii \u0219i iubitorii de juc\u0103rii naturale.<\/p>\n","protected":false},"featured_media":5500,"template":"","meta":[],"product_brand":[],"product_cat":[130],"product_tag":[163,143],"class_list":{"0":"post-5499","1":"product","2":"type-product","3":"status-publish","4":"has-post-thumbnail","6":"product_cat-kreativ-kucko","7":"product_tag-figurina","8":"product_tag-masinuta-lemn","10":"first","11":"instock","12":"shipping-taxable","13":"purchasable","14":"product-type-simple"},"yoast_head":"<!-- This site is optimized with the Yoast SEO plugin v24.5 - https:\/\/yoast.com\/wordpress\/plugins\/seo\/ -->\n<title>Trenule\u021bul Anotimpuri cu 12 figurine colorate - Juc\u0103rii din lemn fabricate \u00een Rom\u00e2nia!<\/title>\n<meta name=\"description\" content=\"Trenule\u021b Anotimpuri \u2013 juc\u0103rie din lemn realizat\u0103 artizanal, cu 4 vagoane deta\u0219abile \u0219i 12 figurine din lemn.Vagoanele sunt vopsite \u00een culori diferite \u0219i au c\u00e2te 3 compartimente pentru omule\u021bi. Figurinele sunt prev\u0103zute cu \u0219epci din l\u00e2n\u0103, \u00een culori variate, stimul\u00e2nd joaca creativ\u0103 \u0219i \u00eenv\u0103\u021barea prin asociere. Ideal pentru copii \u0219i iubitorii de juc\u0103rii naturale.\" \/>\n<meta name=\"robots\" content=\"index, follow, max-snippet:-1, max-image-preview:large, max-video-preview:-1\" \/>\n<link rel=\"canonical\" href=\"https:\/\/jucarii-lemn-online.ro\/produs\/trenuletul-anotimpuri-cu-12-figurine-colorate\/\" \/>\n<meta property=\"og:locale\" content=\"en_US\" \/>\n<meta property=\"og:type\" content=\"article\" \/>\n<meta property=\"og:title\" content=\"Trenule\u021bul Anotimpuri cu 12 figurine colorate - Juc\u0103rii din lemn fabricate \u00een Rom\u00e2nia!\" \/>\n<meta property=\"og:description\" content=\"Trenule\u021b Anotimpuri \u2013 juc\u0103rie din lemn realizat\u0103 artizanal, cu 4 vagoane deta\u0219abile \u0219i 12 figurine din lemn.Vagoanele sunt vopsite \u00een culori diferite \u0219i au c\u00e2te 3 compartimente pentru omule\u021bi. Figurinele sunt prev\u0103zute cu \u0219epci din l\u00e2n\u0103, \u00een culori variate, stimul\u00e2nd joaca creativ\u0103 \u0219i \u00eenv\u0103\u021barea prin asociere. Ideal pentru copii \u0219i iubitorii de juc\u0103rii naturale.\" \/>\n<meta property=\"og:url\" content=\"https:\/\/jucarii-lemn-online.ro\/produs\/trenuletul-anotimpuri-cu-12-figurine-colorate\/\" \/>\n<meta property=\"og:site_name\" content=\"Juc\u0103rii din lemn fabricate \u00een Rom\u00e2nia!\" \/>\n<meta property=\"article:modified_time\" content=\"2026-04-14T09:04:38+00:00\" \/>\n<meta property=\"og:image\" content=\"https:\/\/jucarii-lemn-online.ro\/wp-content\/uploads\/2026\/02\/file_00000000de6871f49ac5a0d4949507e9.png\" \/>\n\t<meta property=\"og:image:width\" content=\"1536\" \/>\n\t<meta property=\"og:image:height\" content=\"1024\" \/>\n\t<meta property=\"og:image:type\" content=\"image\/png\" \/>\n<meta name=\"twitter:card\" content=\"summary_large_image\" \/>\n<meta name=\"twitter:label1\" content=\"Est. reading time\" \/>\n\t<meta name=\"twitter:data1\" content=\"1 minute\" \/>\n<script type=\"application\/ld+json\" class=\"yoast-schema-graph\">{\"@context\":\"https:\/\/schema.org\",\"@graph\":[{\"@type\":\"WebPage\",\"@id\":\"https:\/\/jucarii-lemn-online.ro\/produs\/trenuletul-anotimpuri-cu-12-figurine-colorate\/\",\"url\":\"https:\/\/jucarii-lemn-online.ro\/produs\/trenuletul-anotimpuri-cu-12-figurine-colorate\/\",\"name\":\"Trenule\u021bul Anotimpuri cu 12 figurine colorate - Juc\u0103rii din lemn fabricate \u00een Rom\u00e2nia!\",\"isPartOf\":{\"@id\":\"https:\/\/jucarii-lemn-online.ro\/#website\"},\"primaryImageOfPage\":{\"@id\":\"https:\/\/jucarii-lemn-online.ro\/produs\/trenuletul-anotimpuri-cu-12-figurine-colorate\/#primaryimage\"},\"image\":{\"@id\":\"https:\/\/jucarii-lemn-online.ro\/produs\/trenuletul-anotimpuri-cu-12-figurine-colorate\/#primaryimage\"},\"thumbnailUrl\":\"https:\/\/jucarii-lemn-online.ro\/wp-content\/uploads\/2026\/02\/file_00000000de6871f49ac5a0d4949507e9.png\",\"datePublished\":\"2026-02-05T14:19:25+00:00\",\"dateModified\":\"2026-04-14T09:04:38+00:00\",\"description\":\"Trenule\u021b Anotimpuri \u2013 juc\u0103rie din lemn realizat\u0103 artizanal, cu 4 vagoane deta\u0219abile \u0219i 12 figurine din lemn.Vagoanele sunt vopsite \u00een culori diferite \u0219i au c\u00e2te 3 compartimente pentru omule\u021bi. Figurinele sunt prev\u0103zute cu \u0219epci din l\u00e2n\u0103, \u00een culori variate, stimul\u00e2nd joaca creativ\u0103 \u0219i \u00eenv\u0103\u021barea prin asociere. Ideal pentru copii \u0219i iubitorii de juc\u0103rii naturale.\",\"breadcrumb\":{\"@id\":\"https:\/\/jucarii-lemn-online.ro\/produs\/trenuletul-anotimpuri-cu-12-figurine-colorate\/#breadcrumb\"},\"inLanguage\":\"en-US\",\"potentialAction\":[{\"@type\":\"ReadAction\",\"target\":[\"https:\/\/jucarii-lemn-online.ro\/produs\/trenuletul-anotimpuri-cu-12-figurine-colorate\/\"]}]},{\"@type\":\"ImageObject\",\"inLanguage\":\"en-US\",\"@id\":\"https:\/\/jucarii-lemn-online.ro\/produs\/trenuletul-anotimpuri-cu-12-figurine-colorate\/#primaryimage\",\"url\":\"https:\/\/jucarii-lemn-online.ro\/wp-content\/uploads\/2026\/02\/file_00000000de6871f49ac5a0d4949507e9.png\",\"contentUrl\":\"https:\/\/jucarii-lemn-online.ro\/wp-content\/uploads\/2026\/02\/file_00000000de6871f49ac5a0d4949507e9.png\",\"width\":1536,\"height\":1024},{\"@type\":\"BreadcrumbList\",\"@id\":\"https:\/\/jucarii-lemn-online.ro\/produs\/trenuletul-anotimpuri-cu-12-figurine-colorate\/#breadcrumb\",\"itemListElement\":[{\"@type\":\"ListItem\",\"position\":1,\"name\":\"Prima pagin\u0103\",\"item\":\"https:\/\/jucarii-lemn-online.ro\/en\/\"},{\"@type\":\"ListItem\",\"position\":2,\"name\":\"Shop\",\"item\":\"https:\/\/jucarii-lemn-online.ro\/en\/shop-2\/\"},{\"@type\":\"ListItem\",\"position\":3,\"name\":\"Trenule\u021bul Anotimpuri cu 12 figurine colorate\"}]},{\"@type\":\"WebSite\",\"@id\":\"https:\/\/jucarii-lemn-online.ro\/#website\",\"url\":\"https:\/\/jucarii-lemn-online.ro\/\",\"name\":\"Juc\u0103rii din lemn fabricate \u00een Rom\u00e2nia!\",\"description\":\"Juc\u0103rii din lemn fabricate \u00een Rom\u00e2nia!\",\"potentialAction\":[{\"@type\":\"SearchAction\",\"target\":{\"@type\":\"EntryPoint\",\"urlTemplate\":\"https:\/\/jucarii-lemn-online.ro\/?s={search_term_string}\"},\"query-input\":{\"@type\":\"PropertyValueSpecification\",\"valueRequired\":true,\"valueName\":\"search_term_string\"}}],\"inLanguage\":\"en-US\"}]}<\/script>\n<!-- \/ Yoast SEO plugin. -->","yoast_head_json":{"title":"Trenule\u021bul Anotimpuri cu 12 figurine colorate - Juc\u0103rii din lemn fabricate \u00een Rom\u00e2nia!","description":"Trenule\u021b Anotimpuri \u2013 juc\u0103rie din lemn realizat\u0103 artizanal, cu 4 vagoane deta\u0219abile \u0219i 12 figurine din lemn.Vagoanele sunt vopsite \u00een culori diferite \u0219i au c\u00e2te 3 compartimente pentru omule\u021bi. Figurinele sunt prev\u0103zute cu \u0219epci din l\u00e2n\u0103, \u00een culori variate, stimul\u00e2nd joaca creativ\u0103 \u0219i \u00eenv\u0103\u021barea prin asociere. Ideal pentru copii \u0219i iubitorii de juc\u0103rii naturale.","robots":{"index":"index","follow":"follow","max-snippet":"max-snippet:-1","max-image-preview":"max-image-preview:large","max-video-preview":"max-video-preview:-1"},"canonical":"https:\/\/jucarii-lemn-online.ro\/produs\/trenuletul-anotimpuri-cu-12-figurine-colorate\/","og_locale":"en_US","og_type":"article","og_title":"Trenule\u021bul Anotimpuri cu 12 figurine colorate - Juc\u0103rii din lemn fabricate \u00een Rom\u00e2nia!","og_description":"Trenule\u021b Anotimpuri \u2013 juc\u0103rie din lemn realizat\u0103 artizanal, cu 4 vagoane deta\u0219abile \u0219i 12 figurine din lemn.Vagoanele sunt vopsite \u00een culori diferite \u0219i au c\u00e2te 3 compartimente pentru omule\u021bi. Figurinele sunt prev\u0103zute cu \u0219epci din l\u00e2n\u0103, \u00een culori variate, stimul\u00e2nd joaca creativ\u0103 \u0219i \u00eenv\u0103\u021barea prin asociere. Ideal pentru copii \u0219i iubitorii de juc\u0103rii naturale.","og_url":"https:\/\/jucarii-lemn-online.ro\/produs\/trenuletul-anotimpuri-cu-12-figurine-colorate\/","og_site_name":"Juc\u0103rii din lemn fabricate \u00een Rom\u00e2nia!","article_modified_time":"2026-04-14T09:04:38+00:00","og_image":[{"width":1536,"height":1024,"url":"https:\/\/jucarii-lemn-online.ro\/wp-content\/uploads\/2026\/02\/file_00000000de6871f49ac5a0d4949507e9.png","type":"image\/png"}],"twitter_card":"summary_large_image","twitter_misc":{"Est. reading time":"1 minute"},"schema":{"@context":"https:\/\/schema.org","@graph":[{"@type":"WebPage","@id":"https:\/\/jucarii-lemn-online.ro\/produs\/trenuletul-anotimpuri-cu-12-figurine-colorate\/","url":"https:\/\/jucarii-lemn-online.ro\/produs\/trenuletul-anotimpuri-cu-12-figurine-colorate\/","name":"Trenule\u021bul Anotimpuri cu 12 figurine colorate - Juc\u0103rii din lemn fabricate \u00een Rom\u00e2nia!","isPartOf":{"@id":"https:\/\/jucarii-lemn-online.ro\/#website"},"primaryImageOfPage":{"@id":"https:\/\/jucarii-lemn-online.ro\/produs\/trenuletul-anotimpuri-cu-12-figurine-colorate\/#primaryimage"},"image":{"@id":"https:\/\/jucarii-lemn-online.ro\/produs\/trenuletul-anotimpuri-cu-12-figurine-colorate\/#primaryimage"},"thumbnailUrl":"https:\/\/jucarii-lemn-online.ro\/wp-content\/uploads\/2026\/02\/file_00000000de6871f49ac5a0d4949507e9.png","datePublished":"2026-02-05T14:19:25+00:00","dateModified":"2026-04-14T09:04:38+00:00","description":"Trenule\u021b Anotimpuri \u2013 juc\u0103rie din lemn realizat\u0103 artizanal, cu 4 vagoane deta\u0219abile \u0219i 12 figurine din lemn.Vagoanele sunt vopsite \u00een culori diferite \u0219i au c\u00e2te 3 compartimente pentru omule\u021bi. Figurinele sunt prev\u0103zute cu \u0219epci din l\u00e2n\u0103, \u00een culori variate, stimul\u00e2nd joaca creativ\u0103 \u0219i \u00eenv\u0103\u021barea prin asociere. Ideal pentru copii \u0219i iubitorii de juc\u0103rii naturale.","breadcrumb":{"@id":"https:\/\/jucarii-lemn-online.ro\/produs\/trenuletul-anotimpuri-cu-12-figurine-colorate\/#breadcrumb"},"inLanguage":"en-US","potentialAction":[{"@type":"ReadAction","target":["https:\/\/jucarii-lemn-online.ro\/produs\/trenuletul-anotimpuri-cu-12-figurine-colorate\/"]}]},{"@type":"ImageObject","inLanguage":"en-US","@id":"https:\/\/jucarii-lemn-online.ro\/produs\/trenuletul-anotimpuri-cu-12-figurine-colorate\/#primaryimage","url":"https:\/\/jucarii-lemn-online.ro\/wp-content\/uploads\/2026\/02\/file_00000000de6871f49ac5a0d4949507e9.png","contentUrl":"https:\/\/jucarii-lemn-online.ro\/wp-content\/uploads\/2026\/02\/file_00000000de6871f49ac5a0d4949507e9.png","width":1536,"height":1024},{"@type":"BreadcrumbList","@id":"https:\/\/jucarii-lemn-online.ro\/produs\/trenuletul-anotimpuri-cu-12-figurine-colorate\/#breadcrumb","itemListElement":[{"@type":"ListItem","position":1,"name":"Prima pagin\u0103","item":"https:\/\/jucarii-lemn-online.ro\/en\/"},{"@type":"ListItem","position":2,"name":"Shop","item":"https:\/\/jucarii-lemn-online.ro\/en\/shop-2\/"},{"@type":"ListItem","position":3,"name":"Trenule\u021bul Anotimpuri cu 12 figurine colorate"}]},{"@type":"WebSite","@id":"https:\/\/jucarii-lemn-online.ro\/#website","url":"https:\/\/jucarii-lemn-online.ro\/","name":"Juc\u0103rii din lemn fabricate \u00een Rom\u00e2nia!","description":"Juc\u0103rii din lemn fabricate \u00een Rom\u00e2nia!","potentialAction":[{"@type":"SearchAction","target":{"@type":"EntryPoint","urlTemplate":"https:\/\/jucarii-lemn-online.ro\/?s={search_term_string}"},"query-input":{"@type":"PropertyValueSpecification","valueRequired":true,"valueName":"search_term_string"}}],"inLanguage":"en-US"}]}},"_links":{"self":[{"href":"https:\/\/jucarii-lemn-online.ro\/en\/wp-json\/wp\/v2\/product\/5499","targetHints":{"allow":["GET"]}}],"collection":[{"href":"https:\/\/jucarii-lemn-online.ro\/en\/wp-json\/wp\/v2\/product"}],"about":[{"href":"https:\/\/jucarii-lemn-online.ro\/en\/wp-json\/wp\/v2\/types\/product"}],"wp:featuredmedia":[{"embeddable":true,"href":"https:\/\/jucarii-lemn-online.ro\/en\/wp-json\/wp\/v2\/media\/5500"}],"wp:attachment":[{"href":"https:\/\/jucarii-lemn-online.ro\/en\/wp-json\/wp\/v2\/media?parent=5499"}],"wp:term":[{"taxonomy":"product_brand","embeddable":true,"href":"https:\/\/jucarii-lemn-online.ro\/en\/wp-json\/wp\/v2\/product_brand?post=5499"},{"taxonomy":"product_cat","embeddable":true,"href":"https:\/\/jucarii-lemn-online.ro\/en\/wp-json\/wp\/v2\/product_cat?post=5499"},{"taxonomy":"product_tag","embeddable":true,"href":"https:\/\/jucarii-lemn-online.ro\/en\/wp-json\/wp\/v2\/product_tag?post=5499"}],"curies":[{"name":"wp","href":"https:\/\/api.w.org\/{rel}","templated":true}]}}