{"id":5490,"date":"2026-02-03T19:27:03","date_gmt":"2026-02-03T17:27:03","guid":{"rendered":"https:\/\/jucarii-lemn-online.ro\/?post_type=product&#038;p=5490"},"modified":"2026-02-03T19:37:49","modified_gmt":"2026-02-03T17:37:49","slug":"ferma-lui-dabiko","status":"publish","type":"product","link":"https:\/\/jucarii-lemn-online.ro\/en\/produs\/ferma-lui-dabiko\/","title":{"rendered":"Ferma lui D\u00e1bik\u00f3"},"content":{"rendered":"<p>Ferma este din placaj de fag 4 mm, fiecare element fiind vopsit cu vopsea de tabl\u0103, ceea ce permite desenarea pe ele \u0219i \u0219tersul cu un burete umed.<\/p>\n<p>Setul con\u021bine 5 elemente, acestea permit\u00e2nd construirea diferitelor modele.<\/p>\n","protected":false},"excerpt":{"rendered":"<p>Ferma este din placaj de fag 4 mm, fiecare element fiind vopsit cu vopsea de tabl\u0103, ceea ce permite desenarea pe ele \u0219i \u0219tersul cu un burete umed.<\/p>\n<p>Setul con\u021bine 5 elemente, acestea permit\u00e2nd construirea diferitelor modele.<\/p>\n","protected":false},"featured_media":5491,"template":"","meta":[],"product_brand":[],"product_cat":[253],"product_tag":[243,236,239,256],"class_list":{"0":"post-5490","1":"product","2":"type-product","3":"status-publish","4":"has-post-thumbnail","6":"product_cat-minus-50","7":"product_tag-decoratiune","8":"product_tag-oua","9":"product_tag-paste","10":"product_tag-sfoara","12":"first","13":"instock","14":"sale","15":"shipping-taxable","16":"purchasable","17":"product-type-simple"},"yoast_head":"<!-- This site is optimized with the Yoast SEO plugin v24.5 - https:\/\/yoast.com\/wordpress\/plugins\/seo\/ -->\n<title>Ferma lui D\u00e1bik\u00f3 - Juc\u0103rii din lemn fabricate \u00een Rom\u00e2nia!<\/title>\n<meta name=\"description\" content=\"Ferma este din placaj de fag 4 mm, fiecare element fiind vopsit cu vopsea de tabl\u0103, ceea ce permite desenarea pe ele \u0219i \u0219tersul cu un burete umed.Setul con\u021bine 5 elemente, acestea permit\u00e2nd construirea diferitelor modele.\" \/>\n<meta name=\"robots\" content=\"index, follow, max-snippet:-1, max-image-preview:large, max-video-preview:-1\" \/>\n<link rel=\"canonical\" href=\"https:\/\/jucarii-lemn-online.ro\/produs\/ferma-lui-dabiko\/\" \/>\n<meta property=\"og:locale\" content=\"en_US\" \/>\n<meta property=\"og:type\" content=\"article\" \/>\n<meta property=\"og:title\" content=\"Ferma lui D\u00e1bik\u00f3 - Juc\u0103rii din lemn fabricate \u00een Rom\u00e2nia!\" \/>\n<meta property=\"og:description\" content=\"Ferma este din placaj de fag 4 mm, fiecare element fiind vopsit cu vopsea de tabl\u0103, ceea ce permite desenarea pe ele \u0219i \u0219tersul cu un burete umed.Setul con\u021bine 5 elemente, acestea permit\u00e2nd construirea diferitelor modele.\" \/>\n<meta property=\"og:url\" content=\"https:\/\/jucarii-lemn-online.ro\/produs\/ferma-lui-dabiko\/\" \/>\n<meta property=\"og:site_name\" content=\"Juc\u0103rii din lemn fabricate \u00een Rom\u00e2nia!\" \/>\n<meta property=\"article:modified_time\" content=\"2026-02-03T17:37:49+00:00\" \/>\n<meta property=\"og:image\" content=\"https:\/\/jucarii-lemn-online.ro\/wp-content\/uploads\/2026\/02\/DABIK.jpg\" \/>\n\t<meta property=\"og:image:width\" content=\"2048\" \/>\n\t<meta property=\"og:image:height\" content=\"1640\" \/>\n\t<meta property=\"og:image:type\" content=\"image\/jpeg\" \/>\n<meta name=\"twitter:card\" content=\"summary_large_image\" \/>\n<meta name=\"twitter:label1\" content=\"Est. reading time\" \/>\n\t<meta name=\"twitter:data1\" content=\"1 minute\" \/>\n<script type=\"application\/ld+json\" class=\"yoast-schema-graph\">{\"@context\":\"https:\/\/schema.org\",\"@graph\":[{\"@type\":\"WebPage\",\"@id\":\"https:\/\/jucarii-lemn-online.ro\/produs\/ferma-lui-dabiko\/\",\"url\":\"https:\/\/jucarii-lemn-online.ro\/produs\/ferma-lui-dabiko\/\",\"name\":\"Ferma lui D\u00e1bik\u00f3 - Juc\u0103rii din lemn fabricate \u00een Rom\u00e2nia!\",\"isPartOf\":{\"@id\":\"https:\/\/jucarii-lemn-online.ro\/#website\"},\"primaryImageOfPage\":{\"@id\":\"https:\/\/jucarii-lemn-online.ro\/produs\/ferma-lui-dabiko\/#primaryimage\"},\"image\":{\"@id\":\"https:\/\/jucarii-lemn-online.ro\/produs\/ferma-lui-dabiko\/#primaryimage\"},\"thumbnailUrl\":\"https:\/\/jucarii-lemn-online.ro\/wp-content\/uploads\/2026\/02\/DABIK.jpg\",\"datePublished\":\"2026-02-03T17:27:03+00:00\",\"dateModified\":\"2026-02-03T17:37:49+00:00\",\"description\":\"Ferma este din placaj de fag 4 mm, fiecare element fiind vopsit cu vopsea de tabl\u0103, ceea ce permite desenarea pe ele \u0219i \u0219tersul cu un burete umed.Setul con\u021bine 5 elemente, acestea permit\u00e2nd construirea diferitelor modele.\",\"breadcrumb\":{\"@id\":\"https:\/\/jucarii-lemn-online.ro\/produs\/ferma-lui-dabiko\/#breadcrumb\"},\"inLanguage\":\"en-US\",\"potentialAction\":[{\"@type\":\"ReadAction\",\"target\":[\"https:\/\/jucarii-lemn-online.ro\/produs\/ferma-lui-dabiko\/\"]}]},{\"@type\":\"ImageObject\",\"inLanguage\":\"en-US\",\"@id\":\"https:\/\/jucarii-lemn-online.ro\/produs\/ferma-lui-dabiko\/#primaryimage\",\"url\":\"https:\/\/jucarii-lemn-online.ro\/wp-content\/uploads\/2026\/02\/DABIK.jpg\",\"contentUrl\":\"https:\/\/jucarii-lemn-online.ro\/wp-content\/uploads\/2026\/02\/DABIK.jpg\",\"width\":2048,\"height\":1640,\"caption\":\"mde\"},{\"@type\":\"BreadcrumbList\",\"@id\":\"https:\/\/jucarii-lemn-online.ro\/produs\/ferma-lui-dabiko\/#breadcrumb\",\"itemListElement\":[{\"@type\":\"ListItem\",\"position\":1,\"name\":\"Prima pagin\u0103\",\"item\":\"https:\/\/jucarii-lemn-online.ro\/en\/\"},{\"@type\":\"ListItem\",\"position\":2,\"name\":\"Shop\",\"item\":\"https:\/\/jucarii-lemn-online.ro\/en\/shop-2\/\"},{\"@type\":\"ListItem\",\"position\":3,\"name\":\"Ferma lui D\u00e1bik\u00f3\"}]},{\"@type\":\"WebSite\",\"@id\":\"https:\/\/jucarii-lemn-online.ro\/#website\",\"url\":\"https:\/\/jucarii-lemn-online.ro\/\",\"name\":\"Juc\u0103rii din lemn fabricate \u00een Rom\u00e2nia!\",\"description\":\"Juc\u0103rii din lemn fabricate \u00een Rom\u00e2nia!\",\"potentialAction\":[{\"@type\":\"SearchAction\",\"target\":{\"@type\":\"EntryPoint\",\"urlTemplate\":\"https:\/\/jucarii-lemn-online.ro\/?s={search_term_string}\"},\"query-input\":{\"@type\":\"PropertyValueSpecification\",\"valueRequired\":true,\"valueName\":\"search_term_string\"}}],\"inLanguage\":\"en-US\"}]}<\/script>\n<!-- \/ Yoast SEO plugin. -->","yoast_head_json":{"title":"Ferma lui D\u00e1bik\u00f3 - Juc\u0103rii din lemn fabricate \u00een Rom\u00e2nia!","description":"Ferma este din placaj de fag 4 mm, fiecare element fiind vopsit cu vopsea de tabl\u0103, ceea ce permite desenarea pe ele \u0219i \u0219tersul cu un burete umed.Setul con\u021bine 5 elemente, acestea permit\u00e2nd construirea diferitelor modele.","robots":{"index":"index","follow":"follow","max-snippet":"max-snippet:-1","max-image-preview":"max-image-preview:large","max-video-preview":"max-video-preview:-1"},"canonical":"https:\/\/jucarii-lemn-online.ro\/produs\/ferma-lui-dabiko\/","og_locale":"en_US","og_type":"article","og_title":"Ferma lui D\u00e1bik\u00f3 - Juc\u0103rii din lemn fabricate \u00een Rom\u00e2nia!","og_description":"Ferma este din placaj de fag 4 mm, fiecare element fiind vopsit cu vopsea de tabl\u0103, ceea ce permite desenarea pe ele \u0219i \u0219tersul cu un burete umed.Setul con\u021bine 5 elemente, acestea permit\u00e2nd construirea diferitelor modele.","og_url":"https:\/\/jucarii-lemn-online.ro\/produs\/ferma-lui-dabiko\/","og_site_name":"Juc\u0103rii din lemn fabricate \u00een Rom\u00e2nia!","article_modified_time":"2026-02-03T17:37:49+00:00","og_image":[{"width":2048,"height":1640,"url":"https:\/\/jucarii-lemn-online.ro\/wp-content\/uploads\/2026\/02\/DABIK.jpg","type":"image\/jpeg"}],"twitter_card":"summary_large_image","twitter_misc":{"Est. reading time":"1 minute"},"schema":{"@context":"https:\/\/schema.org","@graph":[{"@type":"WebPage","@id":"https:\/\/jucarii-lemn-online.ro\/produs\/ferma-lui-dabiko\/","url":"https:\/\/jucarii-lemn-online.ro\/produs\/ferma-lui-dabiko\/","name":"Ferma lui D\u00e1bik\u00f3 - Juc\u0103rii din lemn fabricate \u00een Rom\u00e2nia!","isPartOf":{"@id":"https:\/\/jucarii-lemn-online.ro\/#website"},"primaryImageOfPage":{"@id":"https:\/\/jucarii-lemn-online.ro\/produs\/ferma-lui-dabiko\/#primaryimage"},"image":{"@id":"https:\/\/jucarii-lemn-online.ro\/produs\/ferma-lui-dabiko\/#primaryimage"},"thumbnailUrl":"https:\/\/jucarii-lemn-online.ro\/wp-content\/uploads\/2026\/02\/DABIK.jpg","datePublished":"2026-02-03T17:27:03+00:00","dateModified":"2026-02-03T17:37:49+00:00","description":"Ferma este din placaj de fag 4 mm, fiecare element fiind vopsit cu vopsea de tabl\u0103, ceea ce permite desenarea pe ele \u0219i \u0219tersul cu un burete umed.Setul con\u021bine 5 elemente, acestea permit\u00e2nd construirea diferitelor modele.","breadcrumb":{"@id":"https:\/\/jucarii-lemn-online.ro\/produs\/ferma-lui-dabiko\/#breadcrumb"},"inLanguage":"en-US","potentialAction":[{"@type":"ReadAction","target":["https:\/\/jucarii-lemn-online.ro\/produs\/ferma-lui-dabiko\/"]}]},{"@type":"ImageObject","inLanguage":"en-US","@id":"https:\/\/jucarii-lemn-online.ro\/produs\/ferma-lui-dabiko\/#primaryimage","url":"https:\/\/jucarii-lemn-online.ro\/wp-content\/uploads\/2026\/02\/DABIK.jpg","contentUrl":"https:\/\/jucarii-lemn-online.ro\/wp-content\/uploads\/2026\/02\/DABIK.jpg","width":2048,"height":1640,"caption":"mde"},{"@type":"BreadcrumbList","@id":"https:\/\/jucarii-lemn-online.ro\/produs\/ferma-lui-dabiko\/#breadcrumb","itemListElement":[{"@type":"ListItem","position":1,"name":"Prima pagin\u0103","item":"https:\/\/jucarii-lemn-online.ro\/en\/"},{"@type":"ListItem","position":2,"name":"Shop","item":"https:\/\/jucarii-lemn-online.ro\/en\/shop-2\/"},{"@type":"ListItem","position":3,"name":"Ferma lui D\u00e1bik\u00f3"}]},{"@type":"WebSite","@id":"https:\/\/jucarii-lemn-online.ro\/#website","url":"https:\/\/jucarii-lemn-online.ro\/","name":"Juc\u0103rii din lemn fabricate \u00een Rom\u00e2nia!","description":"Juc\u0103rii din lemn fabricate \u00een Rom\u00e2nia!","potentialAction":[{"@type":"SearchAction","target":{"@type":"EntryPoint","urlTemplate":"https:\/\/jucarii-lemn-online.ro\/?s={search_term_string}"},"query-input":{"@type":"PropertyValueSpecification","valueRequired":true,"valueName":"search_term_string"}}],"inLanguage":"en-US"}]}},"_links":{"self":[{"href":"https:\/\/jucarii-lemn-online.ro\/en\/wp-json\/wp\/v2\/product\/5490","targetHints":{"allow":["GET"]}}],"collection":[{"href":"https:\/\/jucarii-lemn-online.ro\/en\/wp-json\/wp\/v2\/product"}],"about":[{"href":"https:\/\/jucarii-lemn-online.ro\/en\/wp-json\/wp\/v2\/types\/product"}],"wp:featuredmedia":[{"embeddable":true,"href":"https:\/\/jucarii-lemn-online.ro\/en\/wp-json\/wp\/v2\/media\/5491"}],"wp:attachment":[{"href":"https:\/\/jucarii-lemn-online.ro\/en\/wp-json\/wp\/v2\/media?parent=5490"}],"wp:term":[{"taxonomy":"product_brand","embeddable":true,"href":"https:\/\/jucarii-lemn-online.ro\/en\/wp-json\/wp\/v2\/product_brand?post=5490"},{"taxonomy":"product_cat","embeddable":true,"href":"https:\/\/jucarii-lemn-online.ro\/en\/wp-json\/wp\/v2\/product_cat?post=5490"},{"taxonomy":"product_tag","embeddable":true,"href":"https:\/\/jucarii-lemn-online.ro\/en\/wp-json\/wp\/v2\/product_tag?post=5490"}],"curies":[{"name":"wp","href":"https:\/\/api.w.org\/{rel}","templated":true}]}}