{"id":5472,"date":"2026-01-27T16:45:02","date_gmt":"2026-01-27T14:45:02","guid":{"rendered":"https:\/\/jucarii-lemn-online.ro\/?post_type=product&#038;p=5472"},"modified":"2026-01-27T16:47:10","modified_gmt":"2026-01-27T14:47:10","slug":"figurine-din-lemn-natur-280-cm","status":"publish","type":"product","link":"https:\/\/jucarii-lemn-online.ro\/en\/produs\/figurine-din-lemn-natur-280-cm\/","title":{"rendered":"Figurine din lemn natur (2,80 cm)"},"content":{"rendered":"<div class=\"std\">\n<p>Set de figurine din lemn natur, potrivite pentru multiple tehnici de decorare \u0219i personalizare.<\/p>\n<p>Con\u021bine 5 buc\u0103\u021bi, cu dimensiuni compacte: baz\u0103 de 1,9 cm \u0219i \u00een\u0103l\u021bime de 2,8 cm.<\/p>\n<\/div>\n","protected":false},"excerpt":{"rendered":"<div class=\"std\">\n<p>Figurine decorative din lemn natur, ideale pentru personalizare \u0219i crea\u021bii artistice. Pachetul include 5 buc\u0103\u021bi, fiecare av\u00e2nd baza de 1,9 cm \u0219i \u00een\u0103l\u021bimea de 2,8 cm.<\/p>\n<\/div>\n","protected":false},"featured_media":5445,"template":"","meta":[],"product_brand":[],"product_cat":[259],"product_tag":[],"class_list":{"0":"post-5472","1":"product","2":"type-product","3":"status-publish","4":"has-post-thumbnail","6":"product_cat-casute","8":"first","9":"instock","10":"shipping-taxable","11":"purchasable","12":"product-type-simple"},"yoast_head":"<!-- This site is optimized with the Yoast SEO plugin v24.5 - https:\/\/yoast.com\/wordpress\/plugins\/seo\/ -->\n<title>Figurine din lemn natur (2,80 cm) - Juc\u0103rii din lemn fabricate \u00een Rom\u00e2nia!<\/title>\n<meta name=\"description\" content=\"Figurine decorative din lemn natur, ideale pentru personalizare \u0219i crea\u021bii artistice. Pachetul include 5 buc\u0103\u021bi, fiecare av\u00e2nd baza de 1,9 cm \u0219i \u00een\u0103l\u021bimea de 2,8 cm.\" \/>\n<meta name=\"robots\" content=\"index, follow, max-snippet:-1, max-image-preview:large, max-video-preview:-1\" \/>\n<link rel=\"canonical\" href=\"https:\/\/jucarii-lemn-online.ro\/produs\/figurine-din-lemn-natur-280-cm\/\" \/>\n<meta property=\"og:locale\" content=\"en_US\" \/>\n<meta property=\"og:type\" content=\"article\" \/>\n<meta property=\"og:title\" content=\"Figurine din lemn natur (2,80 cm) - Juc\u0103rii din lemn fabricate \u00een Rom\u00e2nia!\" \/>\n<meta property=\"og:description\" content=\"Figurine decorative din lemn natur, ideale pentru personalizare \u0219i crea\u021bii artistice. Pachetul include 5 buc\u0103\u021bi, fiecare av\u00e2nd baza de 1,9 cm \u0219i \u00een\u0103l\u021bimea de 2,8 cm.\" \/>\n<meta property=\"og:url\" content=\"https:\/\/jucarii-lemn-online.ro\/produs\/figurine-din-lemn-natur-280-cm\/\" \/>\n<meta property=\"og:site_name\" content=\"Juc\u0103rii din lemn fabricate \u00een Rom\u00e2nia!\" \/>\n<meta property=\"article:modified_time\" content=\"2026-01-27T14:47:10+00:00\" \/>\n<meta property=\"og:image\" content=\"https:\/\/jucarii-lemn-online.ro\/wp-content\/uploads\/2026\/01\/file_00000000572c71f48cd643aa81466478.png\" \/>\n\t<meta property=\"og:image:width\" content=\"1536\" \/>\n\t<meta property=\"og:image:height\" content=\"1024\" \/>\n\t<meta property=\"og:image:type\" content=\"image\/png\" \/>\n<meta name=\"twitter:card\" content=\"summary_large_image\" \/>\n<meta name=\"twitter:label1\" content=\"Est. reading time\" \/>\n\t<meta name=\"twitter:data1\" content=\"1 minute\" \/>\n<script type=\"application\/ld+json\" class=\"yoast-schema-graph\">{\"@context\":\"https:\/\/schema.org\",\"@graph\":[{\"@type\":\"WebPage\",\"@id\":\"https:\/\/jucarii-lemn-online.ro\/produs\/figurine-din-lemn-natur-280-cm\/\",\"url\":\"https:\/\/jucarii-lemn-online.ro\/produs\/figurine-din-lemn-natur-280-cm\/\",\"name\":\"Figurine din lemn natur (2,80 cm) - Juc\u0103rii din lemn fabricate \u00een Rom\u00e2nia!\",\"isPartOf\":{\"@id\":\"https:\/\/jucarii-lemn-online.ro\/#website\"},\"primaryImageOfPage\":{\"@id\":\"https:\/\/jucarii-lemn-online.ro\/produs\/figurine-din-lemn-natur-280-cm\/#primaryimage\"},\"image\":{\"@id\":\"https:\/\/jucarii-lemn-online.ro\/produs\/figurine-din-lemn-natur-280-cm\/#primaryimage\"},\"thumbnailUrl\":\"https:\/\/jucarii-lemn-online.ro\/wp-content\/uploads\/2026\/01\/file_00000000572c71f48cd643aa81466478.png\",\"datePublished\":\"2026-01-27T14:45:02+00:00\",\"dateModified\":\"2026-01-27T14:47:10+00:00\",\"description\":\"Figurine decorative din lemn natur, ideale pentru personalizare \u0219i crea\u021bii artistice. Pachetul include 5 buc\u0103\u021bi, fiecare av\u00e2nd baza de 1,9 cm \u0219i \u00een\u0103l\u021bimea de 2,8 cm.\",\"breadcrumb\":{\"@id\":\"https:\/\/jucarii-lemn-online.ro\/produs\/figurine-din-lemn-natur-280-cm\/#breadcrumb\"},\"inLanguage\":\"en-US\",\"potentialAction\":[{\"@type\":\"ReadAction\",\"target\":[\"https:\/\/jucarii-lemn-online.ro\/produs\/figurine-din-lemn-natur-280-cm\/\"]}]},{\"@type\":\"ImageObject\",\"inLanguage\":\"en-US\",\"@id\":\"https:\/\/jucarii-lemn-online.ro\/produs\/figurine-din-lemn-natur-280-cm\/#primaryimage\",\"url\":\"https:\/\/jucarii-lemn-online.ro\/wp-content\/uploads\/2026\/01\/file_00000000572c71f48cd643aa81466478.png\",\"contentUrl\":\"https:\/\/jucarii-lemn-online.ro\/wp-content\/uploads\/2026\/01\/file_00000000572c71f48cd643aa81466478.png\",\"width\":1536,\"height\":1024},{\"@type\":\"BreadcrumbList\",\"@id\":\"https:\/\/jucarii-lemn-online.ro\/produs\/figurine-din-lemn-natur-280-cm\/#breadcrumb\",\"itemListElement\":[{\"@type\":\"ListItem\",\"position\":1,\"name\":\"Prima pagin\u0103\",\"item\":\"https:\/\/jucarii-lemn-online.ro\/en\/\"},{\"@type\":\"ListItem\",\"position\":2,\"name\":\"Shop\",\"item\":\"https:\/\/jucarii-lemn-online.ro\/en\/shop-2\/\"},{\"@type\":\"ListItem\",\"position\":3,\"name\":\"Figurine din lemn natur (2,80 cm)\"}]},{\"@type\":\"WebSite\",\"@id\":\"https:\/\/jucarii-lemn-online.ro\/#website\",\"url\":\"https:\/\/jucarii-lemn-online.ro\/\",\"name\":\"Juc\u0103rii din lemn fabricate \u00een Rom\u00e2nia!\",\"description\":\"Juc\u0103rii din lemn fabricate \u00een Rom\u00e2nia!\",\"potentialAction\":[{\"@type\":\"SearchAction\",\"target\":{\"@type\":\"EntryPoint\",\"urlTemplate\":\"https:\/\/jucarii-lemn-online.ro\/?s={search_term_string}\"},\"query-input\":{\"@type\":\"PropertyValueSpecification\",\"valueRequired\":true,\"valueName\":\"search_term_string\"}}],\"inLanguage\":\"en-US\"}]}<\/script>\n<!-- \/ Yoast SEO plugin. -->","yoast_head_json":{"title":"Figurine din lemn natur (2,80 cm) - Juc\u0103rii din lemn fabricate \u00een Rom\u00e2nia!","description":"Figurine decorative din lemn natur, ideale pentru personalizare \u0219i crea\u021bii artistice. Pachetul include 5 buc\u0103\u021bi, fiecare av\u00e2nd baza de 1,9 cm \u0219i \u00een\u0103l\u021bimea de 2,8 cm.","robots":{"index":"index","follow":"follow","max-snippet":"max-snippet:-1","max-image-preview":"max-image-preview:large","max-video-preview":"max-video-preview:-1"},"canonical":"https:\/\/jucarii-lemn-online.ro\/produs\/figurine-din-lemn-natur-280-cm\/","og_locale":"en_US","og_type":"article","og_title":"Figurine din lemn natur (2,80 cm) - Juc\u0103rii din lemn fabricate \u00een Rom\u00e2nia!","og_description":"Figurine decorative din lemn natur, ideale pentru personalizare \u0219i crea\u021bii artistice. Pachetul include 5 buc\u0103\u021bi, fiecare av\u00e2nd baza de 1,9 cm \u0219i \u00een\u0103l\u021bimea de 2,8 cm.","og_url":"https:\/\/jucarii-lemn-online.ro\/produs\/figurine-din-lemn-natur-280-cm\/","og_site_name":"Juc\u0103rii din lemn fabricate \u00een Rom\u00e2nia!","article_modified_time":"2026-01-27T14:47:10+00:00","og_image":[{"width":1536,"height":1024,"url":"https:\/\/jucarii-lemn-online.ro\/wp-content\/uploads\/2026\/01\/file_00000000572c71f48cd643aa81466478.png","type":"image\/png"}],"twitter_card":"summary_large_image","twitter_misc":{"Est. reading time":"1 minute"},"schema":{"@context":"https:\/\/schema.org","@graph":[{"@type":"WebPage","@id":"https:\/\/jucarii-lemn-online.ro\/produs\/figurine-din-lemn-natur-280-cm\/","url":"https:\/\/jucarii-lemn-online.ro\/produs\/figurine-din-lemn-natur-280-cm\/","name":"Figurine din lemn natur (2,80 cm) - Juc\u0103rii din lemn fabricate \u00een Rom\u00e2nia!","isPartOf":{"@id":"https:\/\/jucarii-lemn-online.ro\/#website"},"primaryImageOfPage":{"@id":"https:\/\/jucarii-lemn-online.ro\/produs\/figurine-din-lemn-natur-280-cm\/#primaryimage"},"image":{"@id":"https:\/\/jucarii-lemn-online.ro\/produs\/figurine-din-lemn-natur-280-cm\/#primaryimage"},"thumbnailUrl":"https:\/\/jucarii-lemn-online.ro\/wp-content\/uploads\/2026\/01\/file_00000000572c71f48cd643aa81466478.png","datePublished":"2026-01-27T14:45:02+00:00","dateModified":"2026-01-27T14:47:10+00:00","description":"Figurine decorative din lemn natur, ideale pentru personalizare \u0219i crea\u021bii artistice. Pachetul include 5 buc\u0103\u021bi, fiecare av\u00e2nd baza de 1,9 cm \u0219i \u00een\u0103l\u021bimea de 2,8 cm.","breadcrumb":{"@id":"https:\/\/jucarii-lemn-online.ro\/produs\/figurine-din-lemn-natur-280-cm\/#breadcrumb"},"inLanguage":"en-US","potentialAction":[{"@type":"ReadAction","target":["https:\/\/jucarii-lemn-online.ro\/produs\/figurine-din-lemn-natur-280-cm\/"]}]},{"@type":"ImageObject","inLanguage":"en-US","@id":"https:\/\/jucarii-lemn-online.ro\/produs\/figurine-din-lemn-natur-280-cm\/#primaryimage","url":"https:\/\/jucarii-lemn-online.ro\/wp-content\/uploads\/2026\/01\/file_00000000572c71f48cd643aa81466478.png","contentUrl":"https:\/\/jucarii-lemn-online.ro\/wp-content\/uploads\/2026\/01\/file_00000000572c71f48cd643aa81466478.png","width":1536,"height":1024},{"@type":"BreadcrumbList","@id":"https:\/\/jucarii-lemn-online.ro\/produs\/figurine-din-lemn-natur-280-cm\/#breadcrumb","itemListElement":[{"@type":"ListItem","position":1,"name":"Prima pagin\u0103","item":"https:\/\/jucarii-lemn-online.ro\/en\/"},{"@type":"ListItem","position":2,"name":"Shop","item":"https:\/\/jucarii-lemn-online.ro\/en\/shop-2\/"},{"@type":"ListItem","position":3,"name":"Figurine din lemn natur (2,80 cm)"}]},{"@type":"WebSite","@id":"https:\/\/jucarii-lemn-online.ro\/#website","url":"https:\/\/jucarii-lemn-online.ro\/","name":"Juc\u0103rii din lemn fabricate \u00een Rom\u00e2nia!","description":"Juc\u0103rii din lemn fabricate \u00een Rom\u00e2nia!","potentialAction":[{"@type":"SearchAction","target":{"@type":"EntryPoint","urlTemplate":"https:\/\/jucarii-lemn-online.ro\/?s={search_term_string}"},"query-input":{"@type":"PropertyValueSpecification","valueRequired":true,"valueName":"search_term_string"}}],"inLanguage":"en-US"}]}},"_links":{"self":[{"href":"https:\/\/jucarii-lemn-online.ro\/en\/wp-json\/wp\/v2\/product\/5472","targetHints":{"allow":["GET"]}}],"collection":[{"href":"https:\/\/jucarii-lemn-online.ro\/en\/wp-json\/wp\/v2\/product"}],"about":[{"href":"https:\/\/jucarii-lemn-online.ro\/en\/wp-json\/wp\/v2\/types\/product"}],"wp:featuredmedia":[{"embeddable":true,"href":"https:\/\/jucarii-lemn-online.ro\/en\/wp-json\/wp\/v2\/media\/5445"}],"wp:attachment":[{"href":"https:\/\/jucarii-lemn-online.ro\/en\/wp-json\/wp\/v2\/media?parent=5472"}],"wp:term":[{"taxonomy":"product_brand","embeddable":true,"href":"https:\/\/jucarii-lemn-online.ro\/en\/wp-json\/wp\/v2\/product_brand?post=5472"},{"taxonomy":"product_cat","embeddable":true,"href":"https:\/\/jucarii-lemn-online.ro\/en\/wp-json\/wp\/v2\/product_cat?post=5472"},{"taxonomy":"product_tag","embeddable":true,"href":"https:\/\/jucarii-lemn-online.ro\/en\/wp-json\/wp\/v2\/product_tag?post=5472"}],"curies":[{"name":"wp","href":"https:\/\/api.w.org\/{rel}","templated":true}]}}