{"id":5281,"date":"2025-12-07T18:20:32","date_gmt":"2025-12-07T16:20:32","guid":{"rendered":"https:\/\/jucarii-lemn-online.ro\/?post_type=product&#038;p=5281"},"modified":"2026-01-16T13:26:10","modified_gmt":"2026-01-16T11:26:10","slug":"set-2-casute-2-figurine","status":"publish","type":"product","link":"https:\/\/jucarii-lemn-online.ro\/en\/produs\/set-2-casute-2-figurine\/","title":{"rendered":"Set 2 cub c\u0103su\u021b\u0103 + 2 omule\u021be natur"},"content":{"rendered":"<div class=\"std\">\n<p>Setul Cub C\u0103su\u021b\u0103 con\u021bine cubule\u021be modelate sub forma unor c\u0103su\u021be \u0219i omule\u021be, ideale pentru construc\u021bie creativ\u0103 \u0219i jocuri imaginative.<\/p>\n<p>Pachetul are 2 buc\u0103\u021bi c\u0103su\u021be \u0219i 2 buc\u0103\u021bi figurine.<\/p>\n<p>Dimensiunea fiec\u0103rui cub este de 6.5 \u00d7 3.6 \u00d7 3.6 cm.<\/p>\n<p>Dimensiune figurin\u0103 2,3 cm baza \u0219i 4 cm \u00een\u0103l\u021bime.<\/p>\n<p>Fabricat din lemn natur.<\/p>\n<p>Realizat dup\u0103 un concept Woodentoys.<\/p>\n<p>Fabricat \u00een Rom\u00e2nia!<\/p>\n<\/div>\n","protected":false},"excerpt":{"rendered":"<div class=\"std\">\n<p>Setul Cub C\u0103su\u021b\u0103 con\u021bine cubule\u021be modelate sub forma unor c\u0103su\u021be \u0219i omule\u021be, ideale pentru construc\u021bie creativ\u0103 \u0219i jocuri imaginative.<\/p>\n<p>Pachetul are 2 buc\u0103\u021bi c\u0103su\u021be \u0219i 2 buc\u0103\u021bi figurine.<\/p>\n<p>Dimensiunea fiec\u0103rui cub este de 6.5 \u00d7 3.6 \u00d7 3.6 cm.<\/p>\n<p>Dimensiune figurin\u0103 2,3 cm baza \u0219i 4 cm \u00een\u0103l\u021bime.<\/p>\n<p>Fabricat din lemn natur.<\/p>\n<p>Realizat dup\u0103 un concept Woodentoys.<\/p>\n<p>Fabricat \u00een Rom\u00e2nia!<\/p>\n<\/div>\n","protected":false},"featured_media":5290,"template":"","meta":[],"product_brand":[],"product_cat":[259,117],"product_tag":[101,149,150,151],"class_list":{"0":"post-5281","1":"product","2":"type-product","3":"status-publish","4":"has-post-thumbnail","6":"product_cat-casute","7":"product_cat-jucarii-woodentoys","8":"product_tag-casuta","9":"product_tag-cub-casuta","10":"product_tag-cub-lemn","11":"product_tag-set-constructie","13":"first","14":"instock","15":"shipping-taxable","16":"purchasable","17":"product-type-simple"},"yoast_head":"<!-- This site is optimized with the Yoast SEO plugin v24.5 - https:\/\/yoast.com\/wordpress\/plugins\/seo\/ -->\n<title>Set 2 cub c\u0103su\u021b\u0103 + 2 omule\u021be natur - Juc\u0103rii din lemn fabricate \u00een Rom\u00e2nia!<\/title>\n<meta name=\"description\" content=\"Setul Cub C\u0103su\u021b\u0103 con\u021bine cubule\u021be modelate sub forma unor c\u0103su\u021be \u0219i omule\u021be, ideale pentru construc\u021bie creativ\u0103 \u0219i jocuri imaginative.Pachetul are 2 buc\u0103\u021bi c\u0103su\u021be \u0219i 2 buc\u0103\u021bi figurine.Dimensiunea fiec\u0103rui cub este de 6.5 \u00d7 3.6 \u00d7 3.6 cm.Dimensiune figurin\u0103 2,3 cm baza \u0219i 4 cm \u00een\u0103l\u021bime.Fabricat din lemn natur.Realizat dup\u0103 un concept Woodentoys.Fabricat \u00een Rom\u00e2nia!\" \/>\n<meta name=\"robots\" content=\"index, follow, max-snippet:-1, max-image-preview:large, max-video-preview:-1\" \/>\n<link rel=\"canonical\" href=\"https:\/\/jucarii-lemn-online.ro\/produs\/set-2-casute-2-figurine\/\" \/>\n<meta property=\"og:locale\" content=\"en_US\" \/>\n<meta property=\"og:type\" content=\"article\" \/>\n<meta property=\"og:title\" content=\"Set 2 cub c\u0103su\u021b\u0103 + 2 omule\u021be natur - Juc\u0103rii din lemn fabricate \u00een Rom\u00e2nia!\" \/>\n<meta property=\"og:description\" content=\"Setul Cub C\u0103su\u021b\u0103 con\u021bine cubule\u021be modelate sub forma unor c\u0103su\u021be \u0219i omule\u021be, ideale pentru construc\u021bie creativ\u0103 \u0219i jocuri imaginative.Pachetul are 2 buc\u0103\u021bi c\u0103su\u021be \u0219i 2 buc\u0103\u021bi figurine.Dimensiunea fiec\u0103rui cub este de 6.5 \u00d7 3.6 \u00d7 3.6 cm.Dimensiune figurin\u0103 2,3 cm baza \u0219i 4 cm \u00een\u0103l\u021bime.Fabricat din lemn natur.Realizat dup\u0103 un concept Woodentoys.Fabricat \u00een Rom\u00e2nia!\" \/>\n<meta property=\"og:url\" content=\"https:\/\/jucarii-lemn-online.ro\/produs\/set-2-casute-2-figurine\/\" \/>\n<meta property=\"og:site_name\" content=\"Juc\u0103rii din lemn fabricate \u00een Rom\u00e2nia!\" \/>\n<meta property=\"article:modified_time\" content=\"2026-01-16T11:26:10+00:00\" \/>\n<meta property=\"og:image\" content=\"https:\/\/jucarii-lemn-online.ro\/wp-content\/uploads\/2025\/12\/IMG_20251222_215547.png\" \/>\n\t<meta property=\"og:image:width\" content=\"1365\" \/>\n\t<meta property=\"og:image:height\" content=\"1024\" \/>\n\t<meta property=\"og:image:type\" content=\"image\/png\" \/>\n<meta name=\"twitter:card\" content=\"summary_large_image\" \/>\n<meta name=\"twitter:label1\" content=\"Est. reading time\" \/>\n\t<meta name=\"twitter:data1\" content=\"1 minute\" \/>\n<script type=\"application\/ld+json\" class=\"yoast-schema-graph\">{\"@context\":\"https:\/\/schema.org\",\"@graph\":[{\"@type\":\"WebPage\",\"@id\":\"https:\/\/jucarii-lemn-online.ro\/produs\/set-2-casute-2-figurine\/\",\"url\":\"https:\/\/jucarii-lemn-online.ro\/produs\/set-2-casute-2-figurine\/\",\"name\":\"Set 2 cub c\u0103su\u021b\u0103 + 2 omule\u021be natur - Juc\u0103rii din lemn fabricate \u00een Rom\u00e2nia!\",\"isPartOf\":{\"@id\":\"https:\/\/jucarii-lemn-online.ro\/#website\"},\"primaryImageOfPage\":{\"@id\":\"https:\/\/jucarii-lemn-online.ro\/produs\/set-2-casute-2-figurine\/#primaryimage\"},\"image\":{\"@id\":\"https:\/\/jucarii-lemn-online.ro\/produs\/set-2-casute-2-figurine\/#primaryimage\"},\"thumbnailUrl\":\"https:\/\/jucarii-lemn-online.ro\/wp-content\/uploads\/2025\/12\/IMG_20251222_215547.png\",\"datePublished\":\"2025-12-07T16:20:32+00:00\",\"dateModified\":\"2026-01-16T11:26:10+00:00\",\"description\":\"Setul Cub C\u0103su\u021b\u0103 con\u021bine cubule\u021be modelate sub forma unor c\u0103su\u021be \u0219i omule\u021be, ideale pentru construc\u021bie creativ\u0103 \u0219i jocuri imaginative.Pachetul are 2 buc\u0103\u021bi c\u0103su\u021be \u0219i 2 buc\u0103\u021bi figurine.Dimensiunea fiec\u0103rui cub este de 6.5 \u00d7 3.6 \u00d7 3.6 cm.Dimensiune figurin\u0103 2,3 cm baza \u0219i 4 cm \u00een\u0103l\u021bime.Fabricat din lemn natur.Realizat dup\u0103 un concept Woodentoys.Fabricat \u00een Rom\u00e2nia!\",\"breadcrumb\":{\"@id\":\"https:\/\/jucarii-lemn-online.ro\/produs\/set-2-casute-2-figurine\/#breadcrumb\"},\"inLanguage\":\"en-US\",\"potentialAction\":[{\"@type\":\"ReadAction\",\"target\":[\"https:\/\/jucarii-lemn-online.ro\/produs\/set-2-casute-2-figurine\/\"]}]},{\"@type\":\"ImageObject\",\"inLanguage\":\"en-US\",\"@id\":\"https:\/\/jucarii-lemn-online.ro\/produs\/set-2-casute-2-figurine\/#primaryimage\",\"url\":\"https:\/\/jucarii-lemn-online.ro\/wp-content\/uploads\/2025\/12\/IMG_20251222_215547.png\",\"contentUrl\":\"https:\/\/jucarii-lemn-online.ro\/wp-content\/uploads\/2025\/12\/IMG_20251222_215547.png\",\"width\":1365,\"height\":1024},{\"@type\":\"BreadcrumbList\",\"@id\":\"https:\/\/jucarii-lemn-online.ro\/produs\/set-2-casute-2-figurine\/#breadcrumb\",\"itemListElement\":[{\"@type\":\"ListItem\",\"position\":1,\"name\":\"Prima pagin\u0103\",\"item\":\"https:\/\/jucarii-lemn-online.ro\/en\/\"},{\"@type\":\"ListItem\",\"position\":2,\"name\":\"Shop\",\"item\":\"https:\/\/jucarii-lemn-online.ro\/en\/shop-2\/\"},{\"@type\":\"ListItem\",\"position\":3,\"name\":\"Set 2 cub c\u0103su\u021b\u0103 + 2 omule\u021be natur\"}]},{\"@type\":\"WebSite\",\"@id\":\"https:\/\/jucarii-lemn-online.ro\/#website\",\"url\":\"https:\/\/jucarii-lemn-online.ro\/\",\"name\":\"Juc\u0103rii din lemn fabricate \u00een Rom\u00e2nia!\",\"description\":\"Juc\u0103rii din lemn fabricate \u00een Rom\u00e2nia!\",\"potentialAction\":[{\"@type\":\"SearchAction\",\"target\":{\"@type\":\"EntryPoint\",\"urlTemplate\":\"https:\/\/jucarii-lemn-online.ro\/?s={search_term_string}\"},\"query-input\":{\"@type\":\"PropertyValueSpecification\",\"valueRequired\":true,\"valueName\":\"search_term_string\"}}],\"inLanguage\":\"en-US\"}]}<\/script>\n<!-- \/ Yoast SEO plugin. -->","yoast_head_json":{"title":"Set 2 cub c\u0103su\u021b\u0103 + 2 omule\u021be natur - Juc\u0103rii din lemn fabricate \u00een Rom\u00e2nia!","description":"Setul Cub C\u0103su\u021b\u0103 con\u021bine cubule\u021be modelate sub forma unor c\u0103su\u021be \u0219i omule\u021be, ideale pentru construc\u021bie creativ\u0103 \u0219i jocuri imaginative.Pachetul are 2 buc\u0103\u021bi c\u0103su\u021be \u0219i 2 buc\u0103\u021bi figurine.Dimensiunea fiec\u0103rui cub este de 6.5 \u00d7 3.6 \u00d7 3.6 cm.Dimensiune figurin\u0103 2,3 cm baza \u0219i 4 cm \u00een\u0103l\u021bime.Fabricat din lemn natur.Realizat dup\u0103 un concept Woodentoys.Fabricat \u00een Rom\u00e2nia!","robots":{"index":"index","follow":"follow","max-snippet":"max-snippet:-1","max-image-preview":"max-image-preview:large","max-video-preview":"max-video-preview:-1"},"canonical":"https:\/\/jucarii-lemn-online.ro\/produs\/set-2-casute-2-figurine\/","og_locale":"en_US","og_type":"article","og_title":"Set 2 cub c\u0103su\u021b\u0103 + 2 omule\u021be natur - Juc\u0103rii din lemn fabricate \u00een Rom\u00e2nia!","og_description":"Setul Cub C\u0103su\u021b\u0103 con\u021bine cubule\u021be modelate sub forma unor c\u0103su\u021be \u0219i omule\u021be, ideale pentru construc\u021bie creativ\u0103 \u0219i jocuri imaginative.Pachetul are 2 buc\u0103\u021bi c\u0103su\u021be \u0219i 2 buc\u0103\u021bi figurine.Dimensiunea fiec\u0103rui cub este de 6.5 \u00d7 3.6 \u00d7 3.6 cm.Dimensiune figurin\u0103 2,3 cm baza \u0219i 4 cm \u00een\u0103l\u021bime.Fabricat din lemn natur.Realizat dup\u0103 un concept Woodentoys.Fabricat \u00een Rom\u00e2nia!","og_url":"https:\/\/jucarii-lemn-online.ro\/produs\/set-2-casute-2-figurine\/","og_site_name":"Juc\u0103rii din lemn fabricate \u00een Rom\u00e2nia!","article_modified_time":"2026-01-16T11:26:10+00:00","og_image":[{"width":1365,"height":1024,"url":"https:\/\/jucarii-lemn-online.ro\/wp-content\/uploads\/2025\/12\/IMG_20251222_215547.png","type":"image\/png"}],"twitter_card":"summary_large_image","twitter_misc":{"Est. reading time":"1 minute"},"schema":{"@context":"https:\/\/schema.org","@graph":[{"@type":"WebPage","@id":"https:\/\/jucarii-lemn-online.ro\/produs\/set-2-casute-2-figurine\/","url":"https:\/\/jucarii-lemn-online.ro\/produs\/set-2-casute-2-figurine\/","name":"Set 2 cub c\u0103su\u021b\u0103 + 2 omule\u021be natur - Juc\u0103rii din lemn fabricate \u00een Rom\u00e2nia!","isPartOf":{"@id":"https:\/\/jucarii-lemn-online.ro\/#website"},"primaryImageOfPage":{"@id":"https:\/\/jucarii-lemn-online.ro\/produs\/set-2-casute-2-figurine\/#primaryimage"},"image":{"@id":"https:\/\/jucarii-lemn-online.ro\/produs\/set-2-casute-2-figurine\/#primaryimage"},"thumbnailUrl":"https:\/\/jucarii-lemn-online.ro\/wp-content\/uploads\/2025\/12\/IMG_20251222_215547.png","datePublished":"2025-12-07T16:20:32+00:00","dateModified":"2026-01-16T11:26:10+00:00","description":"Setul Cub C\u0103su\u021b\u0103 con\u021bine cubule\u021be modelate sub forma unor c\u0103su\u021be \u0219i omule\u021be, ideale pentru construc\u021bie creativ\u0103 \u0219i jocuri imaginative.Pachetul are 2 buc\u0103\u021bi c\u0103su\u021be \u0219i 2 buc\u0103\u021bi figurine.Dimensiunea fiec\u0103rui cub este de 6.5 \u00d7 3.6 \u00d7 3.6 cm.Dimensiune figurin\u0103 2,3 cm baza \u0219i 4 cm \u00een\u0103l\u021bime.Fabricat din lemn natur.Realizat dup\u0103 un concept Woodentoys.Fabricat \u00een Rom\u00e2nia!","breadcrumb":{"@id":"https:\/\/jucarii-lemn-online.ro\/produs\/set-2-casute-2-figurine\/#breadcrumb"},"inLanguage":"en-US","potentialAction":[{"@type":"ReadAction","target":["https:\/\/jucarii-lemn-online.ro\/produs\/set-2-casute-2-figurine\/"]}]},{"@type":"ImageObject","inLanguage":"en-US","@id":"https:\/\/jucarii-lemn-online.ro\/produs\/set-2-casute-2-figurine\/#primaryimage","url":"https:\/\/jucarii-lemn-online.ro\/wp-content\/uploads\/2025\/12\/IMG_20251222_215547.png","contentUrl":"https:\/\/jucarii-lemn-online.ro\/wp-content\/uploads\/2025\/12\/IMG_20251222_215547.png","width":1365,"height":1024},{"@type":"BreadcrumbList","@id":"https:\/\/jucarii-lemn-online.ro\/produs\/set-2-casute-2-figurine\/#breadcrumb","itemListElement":[{"@type":"ListItem","position":1,"name":"Prima pagin\u0103","item":"https:\/\/jucarii-lemn-online.ro\/en\/"},{"@type":"ListItem","position":2,"name":"Shop","item":"https:\/\/jucarii-lemn-online.ro\/en\/shop-2\/"},{"@type":"ListItem","position":3,"name":"Set 2 cub c\u0103su\u021b\u0103 + 2 omule\u021be natur"}]},{"@type":"WebSite","@id":"https:\/\/jucarii-lemn-online.ro\/#website","url":"https:\/\/jucarii-lemn-online.ro\/","name":"Juc\u0103rii din lemn fabricate \u00een Rom\u00e2nia!","description":"Juc\u0103rii din lemn fabricate \u00een Rom\u00e2nia!","potentialAction":[{"@type":"SearchAction","target":{"@type":"EntryPoint","urlTemplate":"https:\/\/jucarii-lemn-online.ro\/?s={search_term_string}"},"query-input":{"@type":"PropertyValueSpecification","valueRequired":true,"valueName":"search_term_string"}}],"inLanguage":"en-US"}]}},"_links":{"self":[{"href":"https:\/\/jucarii-lemn-online.ro\/en\/wp-json\/wp\/v2\/product\/5281","targetHints":{"allow":["GET"]}}],"collection":[{"href":"https:\/\/jucarii-lemn-online.ro\/en\/wp-json\/wp\/v2\/product"}],"about":[{"href":"https:\/\/jucarii-lemn-online.ro\/en\/wp-json\/wp\/v2\/types\/product"}],"wp:featuredmedia":[{"embeddable":true,"href":"https:\/\/jucarii-lemn-online.ro\/en\/wp-json\/wp\/v2\/media\/5290"}],"wp:attachment":[{"href":"https:\/\/jucarii-lemn-online.ro\/en\/wp-json\/wp\/v2\/media?parent=5281"}],"wp:term":[{"taxonomy":"product_brand","embeddable":true,"href":"https:\/\/jucarii-lemn-online.ro\/en\/wp-json\/wp\/v2\/product_brand?post=5281"},{"taxonomy":"product_cat","embeddable":true,"href":"https:\/\/jucarii-lemn-online.ro\/en\/wp-json\/wp\/v2\/product_cat?post=5281"},{"taxonomy":"product_tag","embeddable":true,"href":"https:\/\/jucarii-lemn-online.ro\/en\/wp-json\/wp\/v2\/product_tag?post=5281"}],"curies":[{"name":"wp","href":"https:\/\/api.w.org\/{rel}","templated":true}]}}