{"id":5267,"date":"2025-12-06T18:36:48","date_gmt":"2025-12-06T16:36:48","guid":{"rendered":"https:\/\/jucarii-lemn-online.ro\/?post_type=product&#038;p=5267"},"modified":"2026-01-09T15:36:31","modified_gmt":"2026-01-09T13:36:31","slug":"hipopotam-lemnivor","status":"publish","type":"product","link":"https:\/\/jucarii-lemn-online.ro\/en\/produs\/hipopotam-lemnivor\/","title":{"rendered":"Hipopotam Lemnivor"},"content":{"rendered":"<p>Hipopotam\u00a0 Waldorf realizat manual din lemn de esenta tare.<\/p>\n<p>Este tratat doar cu ulei mineral &#8211;\u00a0 culoarea este naturala, nu este baituit, vopsit sau lacuit.<\/p>\n<p>Deoarece este realizat din esente diferite de lemn, culoarea jucariilor poate fi diferita de cea vizibila in fotografii. Imaginile afisate sunt doar cu titlu de prezentare.<\/p>\n<p>Lungimea: 15 cm<\/p>\n<p>Imaltime: 7 cm<\/p>\n","protected":false},"excerpt":{"rendered":"<p>Hipopotam Waldorf realizat manual din lemn de esenta tare.<\/p>\n<p>Este tratat doar cu ulei mineral &#8211;\u00a0 culoarea este naturala, nu este baituit, vopsit sau lacuit.<\/p>\n<p>Deoarece este realizat din esente diferite de lemn, culoarea jucariilor poate fi diferita de cea vizibila in fotografii. Imaginile afisate sunt doar cu titlu de prezentare.<\/p>\n","protected":false},"featured_media":5359,"template":"","meta":[],"product_brand":[],"product_cat":[253,89],"product_tag":[250],"class_list":{"0":"post-5267","1":"product","2":"type-product","3":"status-publish","4":"has-post-thumbnail","6":"product_cat-minus-50","7":"product_cat-lemnivor","8":"product_tag-lemnivor","10":"first","11":"instock","12":"sale","13":"shipping-taxable","14":"purchasable","15":"product-type-simple"},"yoast_head":"<!-- This site is optimized with the Yoast SEO plugin v24.5 - https:\/\/yoast.com\/wordpress\/plugins\/seo\/ -->\n<title>Hipopotam Lemnivor - Juc\u0103rii din lemn fabricate \u00een Rom\u00e2nia!<\/title>\n<meta name=\"description\" content=\"Pui de elefant Waldorf realizat manual din lemn de esenta tare.Este tratat doar cu ulei mineral -\u00a0 culoarea este naturala, nu este baituit, vopsit sau lacuit.Deoarece este realizat din esente diferite de lemn, culoarea jucariilor poate fi diferita de cea vizibila in fotografii. Imaginile afisate sunt doar cu titlu de prezentare.Lungimea jucariei: 8 cm\" \/>\n<meta name=\"robots\" content=\"index, follow, max-snippet:-1, max-image-preview:large, max-video-preview:-1\" \/>\n<link rel=\"canonical\" href=\"https:\/\/jucarii-lemn-online.ro\/produs\/hipopotam-lemnivor\/\" \/>\n<meta property=\"og:locale\" content=\"en_US\" \/>\n<meta property=\"og:type\" content=\"article\" \/>\n<meta property=\"og:title\" content=\"Hipopotam Lemnivor - Juc\u0103rii din lemn fabricate \u00een Rom\u00e2nia!\" \/>\n<meta property=\"og:description\" content=\"Pui de elefant Waldorf realizat manual din lemn de esenta tare.Este tratat doar cu ulei mineral -\u00a0 culoarea este naturala, nu este baituit, vopsit sau lacuit.Deoarece este realizat din esente diferite de lemn, culoarea jucariilor poate fi diferita de cea vizibila in fotografii. Imaginile afisate sunt doar cu titlu de prezentare.Lungimea jucariei: 8 cm\" \/>\n<meta property=\"og:url\" content=\"https:\/\/jucarii-lemn-online.ro\/produs\/hipopotam-lemnivor\/\" \/>\n<meta property=\"og:site_name\" content=\"Juc\u0103rii din lemn fabricate \u00een Rom\u00e2nia!\" \/>\n<meta property=\"article:modified_time\" content=\"2026-01-09T13:36:31+00:00\" \/>\n<meta property=\"og:image\" content=\"https:\/\/jucarii-lemn-online.ro\/wp-content\/uploads\/2026\/01\/ChatGPT-Image-2026.-jan.-9.-15_33_53.png\" \/>\n\t<meta property=\"og:image:width\" content=\"1024\" \/>\n\t<meta property=\"og:image:height\" content=\"1024\" \/>\n\t<meta property=\"og:image:type\" content=\"image\/png\" \/>\n<meta name=\"twitter:card\" content=\"summary_large_image\" \/>\n<meta name=\"twitter:label1\" content=\"Est. reading time\" \/>\n\t<meta name=\"twitter:data1\" content=\"1 minute\" \/>\n<script type=\"application\/ld+json\" class=\"yoast-schema-graph\">{\"@context\":\"https:\/\/schema.org\",\"@graph\":[{\"@type\":\"WebPage\",\"@id\":\"https:\/\/jucarii-lemn-online.ro\/produs\/hipopotam-lemnivor\/\",\"url\":\"https:\/\/jucarii-lemn-online.ro\/produs\/hipopotam-lemnivor\/\",\"name\":\"Hipopotam Lemnivor - Juc\u0103rii din lemn fabricate \u00een Rom\u00e2nia!\",\"isPartOf\":{\"@id\":\"https:\/\/jucarii-lemn-online.ro\/#website\"},\"primaryImageOfPage\":{\"@id\":\"https:\/\/jucarii-lemn-online.ro\/produs\/hipopotam-lemnivor\/#primaryimage\"},\"image\":{\"@id\":\"https:\/\/jucarii-lemn-online.ro\/produs\/hipopotam-lemnivor\/#primaryimage\"},\"thumbnailUrl\":\"https:\/\/jucarii-lemn-online.ro\/wp-content\/uploads\/2026\/01\/ChatGPT-Image-2026.-jan.-9.-15_33_53.png\",\"datePublished\":\"2025-12-06T16:36:48+00:00\",\"dateModified\":\"2026-01-09T13:36:31+00:00\",\"description\":\"Pui de elefant Waldorf realizat manual din lemn de esenta tare.Este tratat doar cu ulei mineral -\u00a0 culoarea este naturala, nu este baituit, vopsit sau lacuit.Deoarece este realizat din esente diferite de lemn, culoarea jucariilor poate fi diferita de cea vizibila in fotografii. Imaginile afisate sunt doar cu titlu de prezentare.Lungimea jucariei: 8 cm\",\"breadcrumb\":{\"@id\":\"https:\/\/jucarii-lemn-online.ro\/produs\/hipopotam-lemnivor\/#breadcrumb\"},\"inLanguage\":\"en-US\",\"potentialAction\":[{\"@type\":\"ReadAction\",\"target\":[\"https:\/\/jucarii-lemn-online.ro\/produs\/hipopotam-lemnivor\/\"]}]},{\"@type\":\"ImageObject\",\"inLanguage\":\"en-US\",\"@id\":\"https:\/\/jucarii-lemn-online.ro\/produs\/hipopotam-lemnivor\/#primaryimage\",\"url\":\"https:\/\/jucarii-lemn-online.ro\/wp-content\/uploads\/2026\/01\/ChatGPT-Image-2026.-jan.-9.-15_33_53.png\",\"contentUrl\":\"https:\/\/jucarii-lemn-online.ro\/wp-content\/uploads\/2026\/01\/ChatGPT-Image-2026.-jan.-9.-15_33_53.png\",\"width\":1024,\"height\":1024},{\"@type\":\"BreadcrumbList\",\"@id\":\"https:\/\/jucarii-lemn-online.ro\/produs\/hipopotam-lemnivor\/#breadcrumb\",\"itemListElement\":[{\"@type\":\"ListItem\",\"position\":1,\"name\":\"Prima pagin\u0103\",\"item\":\"https:\/\/jucarii-lemn-online.ro\/en\/\"},{\"@type\":\"ListItem\",\"position\":2,\"name\":\"Shop\",\"item\":\"https:\/\/jucarii-lemn-online.ro\/en\/shop-2\/\"},{\"@type\":\"ListItem\",\"position\":3,\"name\":\"Hipopotam Lemnivor\"}]},{\"@type\":\"WebSite\",\"@id\":\"https:\/\/jucarii-lemn-online.ro\/#website\",\"url\":\"https:\/\/jucarii-lemn-online.ro\/\",\"name\":\"Juc\u0103rii din lemn fabricate \u00een Rom\u00e2nia!\",\"description\":\"Juc\u0103rii din lemn fabricate \u00een Rom\u00e2nia!\",\"potentialAction\":[{\"@type\":\"SearchAction\",\"target\":{\"@type\":\"EntryPoint\",\"urlTemplate\":\"https:\/\/jucarii-lemn-online.ro\/?s={search_term_string}\"},\"query-input\":{\"@type\":\"PropertyValueSpecification\",\"valueRequired\":true,\"valueName\":\"search_term_string\"}}],\"inLanguage\":\"en-US\"}]}<\/script>\n<!-- \/ Yoast SEO plugin. -->","yoast_head_json":{"title":"Hipopotam Lemnivor - Juc\u0103rii din lemn fabricate \u00een Rom\u00e2nia!","description":"Pui de elefant Waldorf realizat manual din lemn de esenta tare.Este tratat doar cu ulei mineral -\u00a0 culoarea este naturala, nu este baituit, vopsit sau lacuit.Deoarece este realizat din esente diferite de lemn, culoarea jucariilor poate fi diferita de cea vizibila in fotografii. Imaginile afisate sunt doar cu titlu de prezentare.Lungimea jucariei: 8 cm","robots":{"index":"index","follow":"follow","max-snippet":"max-snippet:-1","max-image-preview":"max-image-preview:large","max-video-preview":"max-video-preview:-1"},"canonical":"https:\/\/jucarii-lemn-online.ro\/produs\/hipopotam-lemnivor\/","og_locale":"en_US","og_type":"article","og_title":"Hipopotam Lemnivor - Juc\u0103rii din lemn fabricate \u00een Rom\u00e2nia!","og_description":"Pui de elefant Waldorf realizat manual din lemn de esenta tare.Este tratat doar cu ulei mineral -\u00a0 culoarea este naturala, nu este baituit, vopsit sau lacuit.Deoarece este realizat din esente diferite de lemn, culoarea jucariilor poate fi diferita de cea vizibila in fotografii. Imaginile afisate sunt doar cu titlu de prezentare.Lungimea jucariei: 8 cm","og_url":"https:\/\/jucarii-lemn-online.ro\/produs\/hipopotam-lemnivor\/","og_site_name":"Juc\u0103rii din lemn fabricate \u00een Rom\u00e2nia!","article_modified_time":"2026-01-09T13:36:31+00:00","og_image":[{"width":1024,"height":1024,"url":"https:\/\/jucarii-lemn-online.ro\/wp-content\/uploads\/2026\/01\/ChatGPT-Image-2026.-jan.-9.-15_33_53.png","type":"image\/png"}],"twitter_card":"summary_large_image","twitter_misc":{"Est. reading time":"1 minute"},"schema":{"@context":"https:\/\/schema.org","@graph":[{"@type":"WebPage","@id":"https:\/\/jucarii-lemn-online.ro\/produs\/hipopotam-lemnivor\/","url":"https:\/\/jucarii-lemn-online.ro\/produs\/hipopotam-lemnivor\/","name":"Hipopotam Lemnivor - Juc\u0103rii din lemn fabricate \u00een Rom\u00e2nia!","isPartOf":{"@id":"https:\/\/jucarii-lemn-online.ro\/#website"},"primaryImageOfPage":{"@id":"https:\/\/jucarii-lemn-online.ro\/produs\/hipopotam-lemnivor\/#primaryimage"},"image":{"@id":"https:\/\/jucarii-lemn-online.ro\/produs\/hipopotam-lemnivor\/#primaryimage"},"thumbnailUrl":"https:\/\/jucarii-lemn-online.ro\/wp-content\/uploads\/2026\/01\/ChatGPT-Image-2026.-jan.-9.-15_33_53.png","datePublished":"2025-12-06T16:36:48+00:00","dateModified":"2026-01-09T13:36:31+00:00","description":"Pui de elefant Waldorf realizat manual din lemn de esenta tare.Este tratat doar cu ulei mineral -\u00a0 culoarea este naturala, nu este baituit, vopsit sau lacuit.Deoarece este realizat din esente diferite de lemn, culoarea jucariilor poate fi diferita de cea vizibila in fotografii. Imaginile afisate sunt doar cu titlu de prezentare.Lungimea jucariei: 8 cm","breadcrumb":{"@id":"https:\/\/jucarii-lemn-online.ro\/produs\/hipopotam-lemnivor\/#breadcrumb"},"inLanguage":"en-US","potentialAction":[{"@type":"ReadAction","target":["https:\/\/jucarii-lemn-online.ro\/produs\/hipopotam-lemnivor\/"]}]},{"@type":"ImageObject","inLanguage":"en-US","@id":"https:\/\/jucarii-lemn-online.ro\/produs\/hipopotam-lemnivor\/#primaryimage","url":"https:\/\/jucarii-lemn-online.ro\/wp-content\/uploads\/2026\/01\/ChatGPT-Image-2026.-jan.-9.-15_33_53.png","contentUrl":"https:\/\/jucarii-lemn-online.ro\/wp-content\/uploads\/2026\/01\/ChatGPT-Image-2026.-jan.-9.-15_33_53.png","width":1024,"height":1024},{"@type":"BreadcrumbList","@id":"https:\/\/jucarii-lemn-online.ro\/produs\/hipopotam-lemnivor\/#breadcrumb","itemListElement":[{"@type":"ListItem","position":1,"name":"Prima pagin\u0103","item":"https:\/\/jucarii-lemn-online.ro\/en\/"},{"@type":"ListItem","position":2,"name":"Shop","item":"https:\/\/jucarii-lemn-online.ro\/en\/shop-2\/"},{"@type":"ListItem","position":3,"name":"Hipopotam Lemnivor"}]},{"@type":"WebSite","@id":"https:\/\/jucarii-lemn-online.ro\/#website","url":"https:\/\/jucarii-lemn-online.ro\/","name":"Juc\u0103rii din lemn fabricate \u00een Rom\u00e2nia!","description":"Juc\u0103rii din lemn fabricate \u00een Rom\u00e2nia!","potentialAction":[{"@type":"SearchAction","target":{"@type":"EntryPoint","urlTemplate":"https:\/\/jucarii-lemn-online.ro\/?s={search_term_string}"},"query-input":{"@type":"PropertyValueSpecification","valueRequired":true,"valueName":"search_term_string"}}],"inLanguage":"en-US"}]}},"_links":{"self":[{"href":"https:\/\/jucarii-lemn-online.ro\/en\/wp-json\/wp\/v2\/product\/5267","targetHints":{"allow":["GET"]}}],"collection":[{"href":"https:\/\/jucarii-lemn-online.ro\/en\/wp-json\/wp\/v2\/product"}],"about":[{"href":"https:\/\/jucarii-lemn-online.ro\/en\/wp-json\/wp\/v2\/types\/product"}],"wp:featuredmedia":[{"embeddable":true,"href":"https:\/\/jucarii-lemn-online.ro\/en\/wp-json\/wp\/v2\/media\/5359"}],"wp:attachment":[{"href":"https:\/\/jucarii-lemn-online.ro\/en\/wp-json\/wp\/v2\/media?parent=5267"}],"wp:term":[{"taxonomy":"product_brand","embeddable":true,"href":"https:\/\/jucarii-lemn-online.ro\/en\/wp-json\/wp\/v2\/product_brand?post=5267"},{"taxonomy":"product_cat","embeddable":true,"href":"https:\/\/jucarii-lemn-online.ro\/en\/wp-json\/wp\/v2\/product_cat?post=5267"},{"taxonomy":"product_tag","embeddable":true,"href":"https:\/\/jucarii-lemn-online.ro\/en\/wp-json\/wp\/v2\/product_tag?post=5267"}],"curies":[{"name":"wp","href":"https:\/\/api.w.org\/{rel}","templated":true}]}}