{"id":5182,"date":"2025-10-20T14:08:02","date_gmt":"2025-10-20T12:08:02","guid":{"rendered":"https:\/\/jucarii-lemn-online.ro\/?post_type=product&#038;p=5182"},"modified":"2026-01-13T11:55:39","modified_gmt":"2026-01-13T09:55:39","slug":"rata-de-impins","status":"publish","type":"product","link":"https:\/\/jucarii-lemn-online.ro\/en\/produs\/rata-de-impins\/","title":{"rendered":"Ra\u021ba de \u00eempins"},"content":{"rendered":"<p data-start=\"642\" data-end=\"1022\">Descoper\u0103 farmecul juc\u0103riilor din lemn cu <strong data-start=\"684\" data-end=\"702\">Ra\u021ba de \u00eempins<\/strong>, realizat\u0103 manual din fag, p\u0103r \u0219i brad natural.<br data-start=\"750\" data-end=\"753\" \/>T\u0103lpile sale din piele reciclat\u0103 imit\u0103 pa\u0219ii unei ra\u021be adev\u0103rate, aduc\u00e2nd z\u00e2mbete fiec\u0103rui copil.<br data-start=\"850\" data-end=\"853\" \/>Fiecare pies\u0103 este unic\u0103, datorit\u0103 texturii naturale a lemnului. Lemnul de p\u0103r este disponibil doar \u00een cantit\u0103\u021bi limitate \u2013 edi\u021biile viitoare vor fi create din stejar.<\/p>\n<p data-start=\"1024\" data-end=\"1094\">Perfect\u0103 pentru joac\u0103 activ\u0103, dezvolt\u0103 echilibrul \u0219i bucuria mi\u0219c\u0103rii!<\/p>\n","protected":false},"excerpt":{"rendered":"<p data-start=\"1652\" data-end=\"1966\">C\u00e2nd micu\u021bul t\u0103u face primii pa\u0219i, <strong data-start=\"1687\" data-end=\"1714\">Ra\u021ba de \u00eempins din lemn<\/strong> devine cel mai bun tovar\u0103\u0219 de aventur\u0103!<br data-start=\"1754\" data-end=\"1757\" \/>Realizat\u0103 manual din lemn natural (fag, p\u0103r \u0219i brad) \u0219i prev\u0103zut\u0103 cu t\u0103lpi din piele reciclat\u0103, ra\u021ba \u00ee\u0219i mi\u0219c\u0103 picioarele ca o ra\u021b\u0103 adev\u0103rat\u0103 \u2013 o mic\u0103 minune care treze\u0219te curiozitatea \u0219i bucuria copil\u0103riei.<\/p>\n<p data-start=\"1968\" data-end=\"2124\">Lemnul de p\u0103r este rar \u0219i pre\u021bios, iar edi\u021biile viitoare vor fi realizate din stejar.<\/p>\n","protected":false},"featured_media":5368,"template":"","meta":[],"product_brand":[],"product_cat":[266],"product_tag":[277,276],"class_list":{"0":"post-5182","1":"product","2":"type-product","3":"status-publish","4":"has-post-thumbnail","6":"product_cat-knb-toys","7":"product_tag-de-impins","8":"product_tag-rata","10":"first","11":"instock","12":"shipping-taxable","13":"purchasable","14":"product-type-simple"},"yoast_head":"<!-- This site is optimized with the Yoast SEO plugin v24.5 - https:\/\/yoast.com\/wordpress\/plugins\/seo\/ -->\n<title>Ra\u021ba de \u00eempins - Juc\u0103rii din lemn fabricate \u00een Rom\u00e2nia!<\/title>\n<meta name=\"description\" content=\"O juc\u0103rie clasic\u0103 reinterpretat\u0103 \u00een stil modern, sigur\u0103 \u0219i prietenoas\u0103 cu mediul. Lemnul de p\u0103r ofer\u0103 o nuan\u021b\u0103 cald\u0103 \u0219i un miros natural deosebit, dar este disponibil \u00een cantit\u0103\u021bi limitate. Versiunile viitoare vor fi realizate din stejar.\" \/>\n<meta name=\"robots\" content=\"index, follow, max-snippet:-1, max-image-preview:large, max-video-preview:-1\" \/>\n<link rel=\"canonical\" href=\"https:\/\/jucarii-lemn-online.ro\/produs\/rata-de-impins\/\" \/>\n<meta property=\"og:locale\" content=\"en_US\" \/>\n<meta property=\"og:type\" content=\"article\" \/>\n<meta property=\"og:title\" content=\"Ra\u021ba de \u00eempins - Juc\u0103rii din lemn fabricate \u00een Rom\u00e2nia!\" \/>\n<meta property=\"og:description\" content=\"O juc\u0103rie clasic\u0103 reinterpretat\u0103 \u00een stil modern, sigur\u0103 \u0219i prietenoas\u0103 cu mediul. Lemnul de p\u0103r ofer\u0103 o nuan\u021b\u0103 cald\u0103 \u0219i un miros natural deosebit, dar este disponibil \u00een cantit\u0103\u021bi limitate. Versiunile viitoare vor fi realizate din stejar.\" \/>\n<meta property=\"og:url\" content=\"https:\/\/jucarii-lemn-online.ro\/produs\/rata-de-impins\/\" \/>\n<meta property=\"og:site_name\" content=\"Juc\u0103rii din lemn fabricate \u00een Rom\u00e2nia!\" \/>\n<meta property=\"article:modified_time\" content=\"2026-01-13T09:55:39+00:00\" \/>\n<meta property=\"og:image\" content=\"https:\/\/jucarii-lemn-online.ro\/wp-content\/uploads\/2026\/01\/ChatGPT-Image-2026.-jan.-9.-16_20_06.png\" \/>\n\t<meta property=\"og:image:width\" content=\"1024\" \/>\n\t<meta property=\"og:image:height\" content=\"1536\" \/>\n\t<meta property=\"og:image:type\" content=\"image\/png\" \/>\n<meta name=\"twitter:card\" content=\"summary_large_image\" \/>\n<meta name=\"twitter:label1\" content=\"Est. reading time\" \/>\n\t<meta name=\"twitter:data1\" content=\"1 minute\" \/>\n<script type=\"application\/ld+json\" class=\"yoast-schema-graph\">{\"@context\":\"https:\/\/schema.org\",\"@graph\":[{\"@type\":\"WebPage\",\"@id\":\"https:\/\/jucarii-lemn-online.ro\/produs\/rata-de-impins\/\",\"url\":\"https:\/\/jucarii-lemn-online.ro\/produs\/rata-de-impins\/\",\"name\":\"Ra\u021ba de \u00eempins - Juc\u0103rii din lemn fabricate \u00een Rom\u00e2nia!\",\"isPartOf\":{\"@id\":\"https:\/\/jucarii-lemn-online.ro\/#website\"},\"primaryImageOfPage\":{\"@id\":\"https:\/\/jucarii-lemn-online.ro\/produs\/rata-de-impins\/#primaryimage\"},\"image\":{\"@id\":\"https:\/\/jucarii-lemn-online.ro\/produs\/rata-de-impins\/#primaryimage\"},\"thumbnailUrl\":\"https:\/\/jucarii-lemn-online.ro\/wp-content\/uploads\/2026\/01\/ChatGPT-Image-2026.-jan.-9.-16_20_06.png\",\"datePublished\":\"2025-10-20T12:08:02+00:00\",\"dateModified\":\"2026-01-13T09:55:39+00:00\",\"description\":\"O juc\u0103rie clasic\u0103 reinterpretat\u0103 \u00een stil modern, sigur\u0103 \u0219i prietenoas\u0103 cu mediul. Lemnul de p\u0103r ofer\u0103 o nuan\u021b\u0103 cald\u0103 \u0219i un miros natural deosebit, dar este disponibil \u00een cantit\u0103\u021bi limitate. Versiunile viitoare vor fi realizate din stejar.\",\"breadcrumb\":{\"@id\":\"https:\/\/jucarii-lemn-online.ro\/produs\/rata-de-impins\/#breadcrumb\"},\"inLanguage\":\"en-US\",\"potentialAction\":[{\"@type\":\"ReadAction\",\"target\":[\"https:\/\/jucarii-lemn-online.ro\/produs\/rata-de-impins\/\"]}]},{\"@type\":\"ImageObject\",\"inLanguage\":\"en-US\",\"@id\":\"https:\/\/jucarii-lemn-online.ro\/produs\/rata-de-impins\/#primaryimage\",\"url\":\"https:\/\/jucarii-lemn-online.ro\/wp-content\/uploads\/2026\/01\/ChatGPT-Image-2026.-jan.-9.-16_20_06.png\",\"contentUrl\":\"https:\/\/jucarii-lemn-online.ro\/wp-content\/uploads\/2026\/01\/ChatGPT-Image-2026.-jan.-9.-16_20_06.png\",\"width\":1024,\"height\":1536},{\"@type\":\"BreadcrumbList\",\"@id\":\"https:\/\/jucarii-lemn-online.ro\/produs\/rata-de-impins\/#breadcrumb\",\"itemListElement\":[{\"@type\":\"ListItem\",\"position\":1,\"name\":\"Prima pagin\u0103\",\"item\":\"https:\/\/jucarii-lemn-online.ro\/en\/\"},{\"@type\":\"ListItem\",\"position\":2,\"name\":\"Shop\",\"item\":\"https:\/\/jucarii-lemn-online.ro\/en\/shop-2\/\"},{\"@type\":\"ListItem\",\"position\":3,\"name\":\"Ra\u021ba de \u00eempins\"}]},{\"@type\":\"WebSite\",\"@id\":\"https:\/\/jucarii-lemn-online.ro\/#website\",\"url\":\"https:\/\/jucarii-lemn-online.ro\/\",\"name\":\"Juc\u0103rii din lemn fabricate \u00een Rom\u00e2nia!\",\"description\":\"Juc\u0103rii din lemn fabricate \u00een Rom\u00e2nia!\",\"potentialAction\":[{\"@type\":\"SearchAction\",\"target\":{\"@type\":\"EntryPoint\",\"urlTemplate\":\"https:\/\/jucarii-lemn-online.ro\/?s={search_term_string}\"},\"query-input\":{\"@type\":\"PropertyValueSpecification\",\"valueRequired\":true,\"valueName\":\"search_term_string\"}}],\"inLanguage\":\"en-US\"}]}<\/script>\n<!-- \/ Yoast SEO plugin. -->","yoast_head_json":{"title":"Ra\u021ba de \u00eempins - Juc\u0103rii din lemn fabricate \u00een Rom\u00e2nia!","description":"O juc\u0103rie clasic\u0103 reinterpretat\u0103 \u00een stil modern, sigur\u0103 \u0219i prietenoas\u0103 cu mediul. Lemnul de p\u0103r ofer\u0103 o nuan\u021b\u0103 cald\u0103 \u0219i un miros natural deosebit, dar este disponibil \u00een cantit\u0103\u021bi limitate. Versiunile viitoare vor fi realizate din stejar.","robots":{"index":"index","follow":"follow","max-snippet":"max-snippet:-1","max-image-preview":"max-image-preview:large","max-video-preview":"max-video-preview:-1"},"canonical":"https:\/\/jucarii-lemn-online.ro\/produs\/rata-de-impins\/","og_locale":"en_US","og_type":"article","og_title":"Ra\u021ba de \u00eempins - Juc\u0103rii din lemn fabricate \u00een Rom\u00e2nia!","og_description":"O juc\u0103rie clasic\u0103 reinterpretat\u0103 \u00een stil modern, sigur\u0103 \u0219i prietenoas\u0103 cu mediul. Lemnul de p\u0103r ofer\u0103 o nuan\u021b\u0103 cald\u0103 \u0219i un miros natural deosebit, dar este disponibil \u00een cantit\u0103\u021bi limitate. Versiunile viitoare vor fi realizate din stejar.","og_url":"https:\/\/jucarii-lemn-online.ro\/produs\/rata-de-impins\/","og_site_name":"Juc\u0103rii din lemn fabricate \u00een Rom\u00e2nia!","article_modified_time":"2026-01-13T09:55:39+00:00","og_image":[{"width":1024,"height":1536,"url":"https:\/\/jucarii-lemn-online.ro\/wp-content\/uploads\/2026\/01\/ChatGPT-Image-2026.-jan.-9.-16_20_06.png","type":"image\/png"}],"twitter_card":"summary_large_image","twitter_misc":{"Est. reading time":"1 minute"},"schema":{"@context":"https:\/\/schema.org","@graph":[{"@type":"WebPage","@id":"https:\/\/jucarii-lemn-online.ro\/produs\/rata-de-impins\/","url":"https:\/\/jucarii-lemn-online.ro\/produs\/rata-de-impins\/","name":"Ra\u021ba de \u00eempins - Juc\u0103rii din lemn fabricate \u00een Rom\u00e2nia!","isPartOf":{"@id":"https:\/\/jucarii-lemn-online.ro\/#website"},"primaryImageOfPage":{"@id":"https:\/\/jucarii-lemn-online.ro\/produs\/rata-de-impins\/#primaryimage"},"image":{"@id":"https:\/\/jucarii-lemn-online.ro\/produs\/rata-de-impins\/#primaryimage"},"thumbnailUrl":"https:\/\/jucarii-lemn-online.ro\/wp-content\/uploads\/2026\/01\/ChatGPT-Image-2026.-jan.-9.-16_20_06.png","datePublished":"2025-10-20T12:08:02+00:00","dateModified":"2026-01-13T09:55:39+00:00","description":"O juc\u0103rie clasic\u0103 reinterpretat\u0103 \u00een stil modern, sigur\u0103 \u0219i prietenoas\u0103 cu mediul. Lemnul de p\u0103r ofer\u0103 o nuan\u021b\u0103 cald\u0103 \u0219i un miros natural deosebit, dar este disponibil \u00een cantit\u0103\u021bi limitate. Versiunile viitoare vor fi realizate din stejar.","breadcrumb":{"@id":"https:\/\/jucarii-lemn-online.ro\/produs\/rata-de-impins\/#breadcrumb"},"inLanguage":"en-US","potentialAction":[{"@type":"ReadAction","target":["https:\/\/jucarii-lemn-online.ro\/produs\/rata-de-impins\/"]}]},{"@type":"ImageObject","inLanguage":"en-US","@id":"https:\/\/jucarii-lemn-online.ro\/produs\/rata-de-impins\/#primaryimage","url":"https:\/\/jucarii-lemn-online.ro\/wp-content\/uploads\/2026\/01\/ChatGPT-Image-2026.-jan.-9.-16_20_06.png","contentUrl":"https:\/\/jucarii-lemn-online.ro\/wp-content\/uploads\/2026\/01\/ChatGPT-Image-2026.-jan.-9.-16_20_06.png","width":1024,"height":1536},{"@type":"BreadcrumbList","@id":"https:\/\/jucarii-lemn-online.ro\/produs\/rata-de-impins\/#breadcrumb","itemListElement":[{"@type":"ListItem","position":1,"name":"Prima pagin\u0103","item":"https:\/\/jucarii-lemn-online.ro\/en\/"},{"@type":"ListItem","position":2,"name":"Shop","item":"https:\/\/jucarii-lemn-online.ro\/en\/shop-2\/"},{"@type":"ListItem","position":3,"name":"Ra\u021ba de \u00eempins"}]},{"@type":"WebSite","@id":"https:\/\/jucarii-lemn-online.ro\/#website","url":"https:\/\/jucarii-lemn-online.ro\/","name":"Juc\u0103rii din lemn fabricate \u00een Rom\u00e2nia!","description":"Juc\u0103rii din lemn fabricate \u00een Rom\u00e2nia!","potentialAction":[{"@type":"SearchAction","target":{"@type":"EntryPoint","urlTemplate":"https:\/\/jucarii-lemn-online.ro\/?s={search_term_string}"},"query-input":{"@type":"PropertyValueSpecification","valueRequired":true,"valueName":"search_term_string"}}],"inLanguage":"en-US"}]}},"_links":{"self":[{"href":"https:\/\/jucarii-lemn-online.ro\/en\/wp-json\/wp\/v2\/product\/5182","targetHints":{"allow":["GET"]}}],"collection":[{"href":"https:\/\/jucarii-lemn-online.ro\/en\/wp-json\/wp\/v2\/product"}],"about":[{"href":"https:\/\/jucarii-lemn-online.ro\/en\/wp-json\/wp\/v2\/types\/product"}],"wp:featuredmedia":[{"embeddable":true,"href":"https:\/\/jucarii-lemn-online.ro\/en\/wp-json\/wp\/v2\/media\/5368"}],"wp:attachment":[{"href":"https:\/\/jucarii-lemn-online.ro\/en\/wp-json\/wp\/v2\/media?parent=5182"}],"wp:term":[{"taxonomy":"product_brand","embeddable":true,"href":"https:\/\/jucarii-lemn-online.ro\/en\/wp-json\/wp\/v2\/product_brand?post=5182"},{"taxonomy":"product_cat","embeddable":true,"href":"https:\/\/jucarii-lemn-online.ro\/en\/wp-json\/wp\/v2\/product_cat?post=5182"},{"taxonomy":"product_tag","embeddable":true,"href":"https:\/\/jucarii-lemn-online.ro\/en\/wp-json\/wp\/v2\/product_tag?post=5182"}],"curies":[{"name":"wp","href":"https:\/\/api.w.org\/{rel}","templated":true}]}}