{"id":5165,"date":"2025-10-20T13:49:21","date_gmt":"2025-10-20T11:49:21","guid":{"rendered":"https:\/\/jucarii-lemn-online.ro\/?post_type=product&#038;p=5165"},"modified":"2026-01-16T13:56:20","modified_gmt":"2026-01-16T11:56:20","slug":"trenulet-din-lemn-cu-doua-vagoane-knb","status":"publish","type":"product","link":"https:\/\/jucarii-lemn-online.ro\/en\/produs\/trenulet-din-lemn-cu-doua-vagoane-knb\/","title":{"rendered":"Trenule\u021b din lemn, cu dou\u0103 vagoane KNB"},"content":{"rendered":"<p>Trenule\u021b clasic din lemn, format din locomotiv\u0103 \u0219i dou\u0103 vagoane, confec\u021bionat manual din lemn de stejar \u0219i fag.<br data-start=\"1352\" data-end=\"1355\" \/>Dimensiuni: aproximativ 50 \u00d7 10 \u00d7 5 cm.<br data-start=\"1394\" data-end=\"1397\" \/>Suprafe\u021bele netede \u0219i forma rotunjit\u0103 \u00eel fac sigur pentru joaca zilnic\u0103, iar designul natural \u0219i cald adaug\u0103 un farmec aparte oric\u0103rei camere de copil.<br data-start=\"1548\" data-end=\"1551\" \/>Ideal pentru colec\u021bionari, pentru joac\u0103 sau ca decor \u00een stil natural \u0219i minimalist.<\/p>\n","protected":false},"excerpt":{"rendered":"<p>Descoper\u0103 magia unui trenule\u021b din lemn cu dou\u0103 vagoane, lucrat manual din stejar \u0219i fag de cea mai bun\u0103 calitate.<br data-start=\"983\" data-end=\"986\" \/>Aceast\u0103 juc\u0103rie simpl\u0103, dar plin\u0103 de farmec, aduce bucurie \u0219i imagina\u021bie \u00een jocul copiilor.<br data-start=\"1077\" data-end=\"1080\" \/>Este un cadou minunat pentru orice v\u00e2rst\u0103 \u0219i o pies\u0103 care va r\u0103m\u00e2ne mereu drag\u0103 \u00een camera copilului.<\/p>\n","protected":false},"featured_media":5371,"template":"","meta":[],"product_brand":[],"product_cat":[266,174],"product_tag":[274,273,275],"class_list":{"0":"post-5165","1":"product","2":"type-product","3":"status-publish","4":"has-post-thumbnail","6":"product_cat-knb-toys","7":"product_cat-pagina-principala","8":"product_tag-tren","9":"product_tag-trenulet","10":"product_tag-vagoane","12":"first","13":"instock","14":"shipping-taxable","15":"purchasable","16":"product-type-simple"},"yoast_head":"<!-- This site is optimized with the Yoast SEO plugin v24.5 - https:\/\/yoast.com\/wordpress\/plugins\/seo\/ -->\n<title>Trenule\u021b din lemn, cu dou\u0103 vagoane KNB - Juc\u0103rii din lemn fabricate \u00een Rom\u00e2nia!<\/title>\n<meta name=\"description\" content=\"Trenule\u021b din lemn cu dou\u0103 vagoane \u2013 o juc\u0103rie atemporal\u0103 realizat\u0103 manual din stejar \u0219i fag natural.Fiecare detaliu este atent finisat pentru a oferi o textur\u0103 pl\u0103cut\u0103 la atingere \u0219i siguran\u021b\u0103 deplin\u0103 pentru cei mici.\" \/>\n<meta name=\"robots\" content=\"index, follow, max-snippet:-1, max-image-preview:large, max-video-preview:-1\" \/>\n<link rel=\"canonical\" href=\"https:\/\/jucarii-lemn-online.ro\/produs\/trenulet-din-lemn-cu-doua-vagoane-knb\/\" \/>\n<meta property=\"og:locale\" content=\"en_US\" \/>\n<meta property=\"og:type\" content=\"article\" \/>\n<meta property=\"og:title\" content=\"Trenule\u021b din lemn, cu dou\u0103 vagoane KNB - Juc\u0103rii din lemn fabricate \u00een Rom\u00e2nia!\" \/>\n<meta property=\"og:description\" content=\"Trenule\u021b din lemn cu dou\u0103 vagoane \u2013 o juc\u0103rie atemporal\u0103 realizat\u0103 manual din stejar \u0219i fag natural.Fiecare detaliu este atent finisat pentru a oferi o textur\u0103 pl\u0103cut\u0103 la atingere \u0219i siguran\u021b\u0103 deplin\u0103 pentru cei mici.\" \/>\n<meta property=\"og:url\" content=\"https:\/\/jucarii-lemn-online.ro\/produs\/trenulet-din-lemn-cu-doua-vagoane-knb\/\" \/>\n<meta property=\"og:site_name\" content=\"Juc\u0103rii din lemn fabricate \u00een Rom\u00e2nia!\" \/>\n<meta property=\"article:modified_time\" content=\"2026-01-16T11:56:20+00:00\" \/>\n<meta property=\"og:image\" content=\"https:\/\/jucarii-lemn-online.ro\/wp-content\/uploads\/2026\/01\/ChatGPT-Image-2026.-jan.-9.-15_39_48.png\" \/>\n\t<meta property=\"og:image:width\" content=\"1536\" \/>\n\t<meta property=\"og:image:height\" content=\"1024\" \/>\n\t<meta property=\"og:image:type\" content=\"image\/png\" \/>\n<meta name=\"twitter:card\" content=\"summary_large_image\" \/>\n<meta name=\"twitter:label1\" content=\"Est. reading time\" \/>\n\t<meta name=\"twitter:data1\" content=\"1 minute\" \/>\n<script type=\"application\/ld+json\" class=\"yoast-schema-graph\">{\"@context\":\"https:\/\/schema.org\",\"@graph\":[{\"@type\":\"WebPage\",\"@id\":\"https:\/\/jucarii-lemn-online.ro\/produs\/trenulet-din-lemn-cu-doua-vagoane-knb\/\",\"url\":\"https:\/\/jucarii-lemn-online.ro\/produs\/trenulet-din-lemn-cu-doua-vagoane-knb\/\",\"name\":\"Trenule\u021b din lemn, cu dou\u0103 vagoane KNB - Juc\u0103rii din lemn fabricate \u00een Rom\u00e2nia!\",\"isPartOf\":{\"@id\":\"https:\/\/jucarii-lemn-online.ro\/#website\"},\"primaryImageOfPage\":{\"@id\":\"https:\/\/jucarii-lemn-online.ro\/produs\/trenulet-din-lemn-cu-doua-vagoane-knb\/#primaryimage\"},\"image\":{\"@id\":\"https:\/\/jucarii-lemn-online.ro\/produs\/trenulet-din-lemn-cu-doua-vagoane-knb\/#primaryimage\"},\"thumbnailUrl\":\"https:\/\/jucarii-lemn-online.ro\/wp-content\/uploads\/2026\/01\/ChatGPT-Image-2026.-jan.-9.-15_39_48.png\",\"datePublished\":\"2025-10-20T11:49:21+00:00\",\"dateModified\":\"2026-01-16T11:56:20+00:00\",\"description\":\"Trenule\u021b din lemn cu dou\u0103 vagoane \u2013 o juc\u0103rie atemporal\u0103 realizat\u0103 manual din stejar \u0219i fag natural.Fiecare detaliu este atent finisat pentru a oferi o textur\u0103 pl\u0103cut\u0103 la atingere \u0219i siguran\u021b\u0103 deplin\u0103 pentru cei mici.\",\"breadcrumb\":{\"@id\":\"https:\/\/jucarii-lemn-online.ro\/produs\/trenulet-din-lemn-cu-doua-vagoane-knb\/#breadcrumb\"},\"inLanguage\":\"en-US\",\"potentialAction\":[{\"@type\":\"ReadAction\",\"target\":[\"https:\/\/jucarii-lemn-online.ro\/produs\/trenulet-din-lemn-cu-doua-vagoane-knb\/\"]}]},{\"@type\":\"ImageObject\",\"inLanguage\":\"en-US\",\"@id\":\"https:\/\/jucarii-lemn-online.ro\/produs\/trenulet-din-lemn-cu-doua-vagoane-knb\/#primaryimage\",\"url\":\"https:\/\/jucarii-lemn-online.ro\/wp-content\/uploads\/2026\/01\/ChatGPT-Image-2026.-jan.-9.-15_39_48.png\",\"contentUrl\":\"https:\/\/jucarii-lemn-online.ro\/wp-content\/uploads\/2026\/01\/ChatGPT-Image-2026.-jan.-9.-15_39_48.png\",\"width\":1536,\"height\":1024},{\"@type\":\"BreadcrumbList\",\"@id\":\"https:\/\/jucarii-lemn-online.ro\/produs\/trenulet-din-lemn-cu-doua-vagoane-knb\/#breadcrumb\",\"itemListElement\":[{\"@type\":\"ListItem\",\"position\":1,\"name\":\"Prima pagin\u0103\",\"item\":\"https:\/\/jucarii-lemn-online.ro\/en\/\"},{\"@type\":\"ListItem\",\"position\":2,\"name\":\"Shop\",\"item\":\"https:\/\/jucarii-lemn-online.ro\/en\/shop-2\/\"},{\"@type\":\"ListItem\",\"position\":3,\"name\":\"Trenule\u021b din lemn, cu dou\u0103 vagoane KNB\"}]},{\"@type\":\"WebSite\",\"@id\":\"https:\/\/jucarii-lemn-online.ro\/#website\",\"url\":\"https:\/\/jucarii-lemn-online.ro\/\",\"name\":\"Juc\u0103rii din lemn fabricate \u00een Rom\u00e2nia!\",\"description\":\"Juc\u0103rii din lemn fabricate \u00een Rom\u00e2nia!\",\"potentialAction\":[{\"@type\":\"SearchAction\",\"target\":{\"@type\":\"EntryPoint\",\"urlTemplate\":\"https:\/\/jucarii-lemn-online.ro\/?s={search_term_string}\"},\"query-input\":{\"@type\":\"PropertyValueSpecification\",\"valueRequired\":true,\"valueName\":\"search_term_string\"}}],\"inLanguage\":\"en-US\"}]}<\/script>\n<!-- \/ Yoast SEO plugin. -->","yoast_head_json":{"title":"Trenule\u021b din lemn, cu dou\u0103 vagoane KNB - Juc\u0103rii din lemn fabricate \u00een Rom\u00e2nia!","description":"Trenule\u021b din lemn cu dou\u0103 vagoane \u2013 o juc\u0103rie atemporal\u0103 realizat\u0103 manual din stejar \u0219i fag natural.Fiecare detaliu este atent finisat pentru a oferi o textur\u0103 pl\u0103cut\u0103 la atingere \u0219i siguran\u021b\u0103 deplin\u0103 pentru cei mici.","robots":{"index":"index","follow":"follow","max-snippet":"max-snippet:-1","max-image-preview":"max-image-preview:large","max-video-preview":"max-video-preview:-1"},"canonical":"https:\/\/jucarii-lemn-online.ro\/produs\/trenulet-din-lemn-cu-doua-vagoane-knb\/","og_locale":"en_US","og_type":"article","og_title":"Trenule\u021b din lemn, cu dou\u0103 vagoane KNB - Juc\u0103rii din lemn fabricate \u00een Rom\u00e2nia!","og_description":"Trenule\u021b din lemn cu dou\u0103 vagoane \u2013 o juc\u0103rie atemporal\u0103 realizat\u0103 manual din stejar \u0219i fag natural.Fiecare detaliu este atent finisat pentru a oferi o textur\u0103 pl\u0103cut\u0103 la atingere \u0219i siguran\u021b\u0103 deplin\u0103 pentru cei mici.","og_url":"https:\/\/jucarii-lemn-online.ro\/produs\/trenulet-din-lemn-cu-doua-vagoane-knb\/","og_site_name":"Juc\u0103rii din lemn fabricate \u00een Rom\u00e2nia!","article_modified_time":"2026-01-16T11:56:20+00:00","og_image":[{"width":1536,"height":1024,"url":"https:\/\/jucarii-lemn-online.ro\/wp-content\/uploads\/2026\/01\/ChatGPT-Image-2026.-jan.-9.-15_39_48.png","type":"image\/png"}],"twitter_card":"summary_large_image","twitter_misc":{"Est. reading time":"1 minute"},"schema":{"@context":"https:\/\/schema.org","@graph":[{"@type":"WebPage","@id":"https:\/\/jucarii-lemn-online.ro\/produs\/trenulet-din-lemn-cu-doua-vagoane-knb\/","url":"https:\/\/jucarii-lemn-online.ro\/produs\/trenulet-din-lemn-cu-doua-vagoane-knb\/","name":"Trenule\u021b din lemn, cu dou\u0103 vagoane KNB - Juc\u0103rii din lemn fabricate \u00een Rom\u00e2nia!","isPartOf":{"@id":"https:\/\/jucarii-lemn-online.ro\/#website"},"primaryImageOfPage":{"@id":"https:\/\/jucarii-lemn-online.ro\/produs\/trenulet-din-lemn-cu-doua-vagoane-knb\/#primaryimage"},"image":{"@id":"https:\/\/jucarii-lemn-online.ro\/produs\/trenulet-din-lemn-cu-doua-vagoane-knb\/#primaryimage"},"thumbnailUrl":"https:\/\/jucarii-lemn-online.ro\/wp-content\/uploads\/2026\/01\/ChatGPT-Image-2026.-jan.-9.-15_39_48.png","datePublished":"2025-10-20T11:49:21+00:00","dateModified":"2026-01-16T11:56:20+00:00","description":"Trenule\u021b din lemn cu dou\u0103 vagoane \u2013 o juc\u0103rie atemporal\u0103 realizat\u0103 manual din stejar \u0219i fag natural.Fiecare detaliu este atent finisat pentru a oferi o textur\u0103 pl\u0103cut\u0103 la atingere \u0219i siguran\u021b\u0103 deplin\u0103 pentru cei mici.","breadcrumb":{"@id":"https:\/\/jucarii-lemn-online.ro\/produs\/trenulet-din-lemn-cu-doua-vagoane-knb\/#breadcrumb"},"inLanguage":"en-US","potentialAction":[{"@type":"ReadAction","target":["https:\/\/jucarii-lemn-online.ro\/produs\/trenulet-din-lemn-cu-doua-vagoane-knb\/"]}]},{"@type":"ImageObject","inLanguage":"en-US","@id":"https:\/\/jucarii-lemn-online.ro\/produs\/trenulet-din-lemn-cu-doua-vagoane-knb\/#primaryimage","url":"https:\/\/jucarii-lemn-online.ro\/wp-content\/uploads\/2026\/01\/ChatGPT-Image-2026.-jan.-9.-15_39_48.png","contentUrl":"https:\/\/jucarii-lemn-online.ro\/wp-content\/uploads\/2026\/01\/ChatGPT-Image-2026.-jan.-9.-15_39_48.png","width":1536,"height":1024},{"@type":"BreadcrumbList","@id":"https:\/\/jucarii-lemn-online.ro\/produs\/trenulet-din-lemn-cu-doua-vagoane-knb\/#breadcrumb","itemListElement":[{"@type":"ListItem","position":1,"name":"Prima pagin\u0103","item":"https:\/\/jucarii-lemn-online.ro\/en\/"},{"@type":"ListItem","position":2,"name":"Shop","item":"https:\/\/jucarii-lemn-online.ro\/en\/shop-2\/"},{"@type":"ListItem","position":3,"name":"Trenule\u021b din lemn, cu dou\u0103 vagoane KNB"}]},{"@type":"WebSite","@id":"https:\/\/jucarii-lemn-online.ro\/#website","url":"https:\/\/jucarii-lemn-online.ro\/","name":"Juc\u0103rii din lemn fabricate \u00een Rom\u00e2nia!","description":"Juc\u0103rii din lemn fabricate \u00een Rom\u00e2nia!","potentialAction":[{"@type":"SearchAction","target":{"@type":"EntryPoint","urlTemplate":"https:\/\/jucarii-lemn-online.ro\/?s={search_term_string}"},"query-input":{"@type":"PropertyValueSpecification","valueRequired":true,"valueName":"search_term_string"}}],"inLanguage":"en-US"}]}},"_links":{"self":[{"href":"https:\/\/jucarii-lemn-online.ro\/en\/wp-json\/wp\/v2\/product\/5165","targetHints":{"allow":["GET"]}}],"collection":[{"href":"https:\/\/jucarii-lemn-online.ro\/en\/wp-json\/wp\/v2\/product"}],"about":[{"href":"https:\/\/jucarii-lemn-online.ro\/en\/wp-json\/wp\/v2\/types\/product"}],"wp:featuredmedia":[{"embeddable":true,"href":"https:\/\/jucarii-lemn-online.ro\/en\/wp-json\/wp\/v2\/media\/5371"}],"wp:attachment":[{"href":"https:\/\/jucarii-lemn-online.ro\/en\/wp-json\/wp\/v2\/media?parent=5165"}],"wp:term":[{"taxonomy":"product_brand","embeddable":true,"href":"https:\/\/jucarii-lemn-online.ro\/en\/wp-json\/wp\/v2\/product_brand?post=5165"},{"taxonomy":"product_cat","embeddable":true,"href":"https:\/\/jucarii-lemn-online.ro\/en\/wp-json\/wp\/v2\/product_cat?post=5165"},{"taxonomy":"product_tag","embeddable":true,"href":"https:\/\/jucarii-lemn-online.ro\/en\/wp-json\/wp\/v2\/product_tag?post=5165"}],"curies":[{"name":"wp","href":"https:\/\/api.w.org\/{rel}","templated":true}]}}