{"id":5161,"date":"2025-10-20T13:36:43","date_gmt":"2025-10-20T11:36:43","guid":{"rendered":"https:\/\/jucarii-lemn-online.ro\/?post_type=product&#038;p=5161"},"modified":"2025-10-20T14:03:56","modified_gmt":"2025-10-20T12:03:56","slug":"barza-decoratiune","status":"publish","type":"product","link":"https:\/\/jucarii-lemn-online.ro\/en\/produs\/barza-decoratiune\/","title":{"rendered":"Barz\u0103 (decora\u021biune)"},"content":{"rendered":"<p data-start=\"140\" data-end=\"155\">Material: pin<\/p>\n<p data-start=\"157\" data-end=\"547\">Dimensiuni: aproximativ 55 cm \u00een\u0103l\u021bime, 28 cm lungime, 44 cm l\u0103\u021bime.<br data-start=\"225\" data-end=\"228\" \/>Barza este mai degrab\u0103 o decora\u021biune dec\u00e2t o juc\u0103rie. Are o structur\u0103 mai fragil\u0103, de aceea se recomand\u0103 amplasarea ei \u00eentr-un loc inaccesibil copiilor \u2013 de exemplu deasupra mesei de \u00eenf\u0103\u0219at sau a p\u0103tu\u021bului.<br data-start=\"435\" data-end=\"438\" \/>Mi\u0219carea sa natural\u0103 \u0219i dinamica delicat\u0103 atrag imediat aten\u021bia celor mici, oferind o imagine lini\u0219titoare.<\/p>\n","protected":false},"excerpt":{"rendered":"<p data-start=\"637\" data-end=\"929\">Descoper\u0103 farmecul natural al berzei noastre din lemn de pin!<br data-start=\"698\" data-end=\"701\" \/>Aceast\u0103 decora\u021biune delicat\u0103 aduce un strop de lini\u0219te \u00een camera bebelu\u0219ului.<br data-start=\"778\" data-end=\"781\" \/>Mi\u0219carea ei u\u0219oar\u0103 \u0219i gra\u021bioas\u0103 captiveaz\u0103 privirea celor mici \u0219i ofer\u0103 o atmosfer\u0103 calm\u0103 \u0219i pl\u0103cut\u0103.<br data-start=\"882\" data-end=\"885\" \/><em data-start=\"885\" data-end=\"927\">Recomandat\u0103 pentru decor, nu ca juc\u0103rie.<\/em><\/p>\n","protected":false},"featured_media":5169,"template":"","meta":[],"product_brand":[],"product_cat":[266],"product_tag":[267,243,115],"class_list":{"0":"post-5161","1":"product","2":"type-product","3":"status-publish","4":"has-post-thumbnail","6":"product_cat-knb-toys","7":"product_tag-barza","8":"product_tag-decoratiune","9":"product_tag-pasare","11":"first","12":"instock","13":"shipping-taxable","14":"purchasable","15":"product-type-simple"},"yoast_head":"<!-- This site is optimized with the Yoast SEO plugin v24.5 - https:\/\/yoast.com\/wordpress\/plugins\/seo\/ -->\n<title>Barz\u0103 (decora\u021biune) - Juc\u0103rii din lemn fabricate \u00een Rom\u00e2nia!<\/title>\n<meta name=\"description\" content=\"Barz\u0103 decorativ\u0103 din lemn \u2013 un detaliu plin de gra\u021bie pentru camera bebelu\u0219ului!Mi\u0219carea sa natural\u0103 atrage aten\u021bia \u0219i ofer\u0103 o senza\u021bie de lini\u0219te.Perfect\u0103 ca decor suspendat.\" \/>\n<meta name=\"robots\" content=\"index, follow, max-snippet:-1, max-image-preview:large, max-video-preview:-1\" \/>\n<link rel=\"canonical\" href=\"https:\/\/jucarii-lemn-online.ro\/produs\/barza-decoratiune\/\" \/>\n<meta property=\"og:locale\" content=\"en_US\" \/>\n<meta property=\"og:type\" content=\"article\" \/>\n<meta property=\"og:title\" content=\"Barz\u0103 (decora\u021biune) - Juc\u0103rii din lemn fabricate \u00een Rom\u00e2nia!\" \/>\n<meta property=\"og:description\" content=\"Barz\u0103 decorativ\u0103 din lemn \u2013 un detaliu plin de gra\u021bie pentru camera bebelu\u0219ului!Mi\u0219carea sa natural\u0103 atrage aten\u021bia \u0219i ofer\u0103 o senza\u021bie de lini\u0219te.Perfect\u0103 ca decor suspendat.\" \/>\n<meta property=\"og:url\" content=\"https:\/\/jucarii-lemn-online.ro\/produs\/barza-decoratiune\/\" \/>\n<meta property=\"og:site_name\" content=\"Juc\u0103rii din lemn fabricate \u00een Rom\u00e2nia!\" \/>\n<meta property=\"article:modified_time\" content=\"2025-10-20T12:03:56+00:00\" \/>\n<meta property=\"og:image\" content=\"https:\/\/jucarii-lemn-online.ro\/wp-content\/uploads\/2025\/10\/WhatsApp-Image-2025-10-19-at-15.27.06-1.jpeg\" \/>\n\t<meta property=\"og:image:width\" content=\"1362\" \/>\n\t<meta property=\"og:image:height\" content=\"2048\" \/>\n\t<meta property=\"og:image:type\" content=\"image\/jpeg\" \/>\n<meta name=\"twitter:card\" content=\"summary_large_image\" \/>\n<meta name=\"twitter:label1\" content=\"Est. reading time\" \/>\n\t<meta name=\"twitter:data1\" content=\"1 minute\" \/>\n<script type=\"application\/ld+json\" class=\"yoast-schema-graph\">{\"@context\":\"https:\/\/schema.org\",\"@graph\":[{\"@type\":\"WebPage\",\"@id\":\"https:\/\/jucarii-lemn-online.ro\/produs\/barza-decoratiune\/\",\"url\":\"https:\/\/jucarii-lemn-online.ro\/produs\/barza-decoratiune\/\",\"name\":\"Barz\u0103 (decora\u021biune) - Juc\u0103rii din lemn fabricate \u00een Rom\u00e2nia!\",\"isPartOf\":{\"@id\":\"https:\/\/jucarii-lemn-online.ro\/#website\"},\"primaryImageOfPage\":{\"@id\":\"https:\/\/jucarii-lemn-online.ro\/produs\/barza-decoratiune\/#primaryimage\"},\"image\":{\"@id\":\"https:\/\/jucarii-lemn-online.ro\/produs\/barza-decoratiune\/#primaryimage\"},\"thumbnailUrl\":\"https:\/\/jucarii-lemn-online.ro\/wp-content\/uploads\/2025\/10\/WhatsApp-Image-2025-10-19-at-15.27.06-1.jpeg\",\"datePublished\":\"2025-10-20T11:36:43+00:00\",\"dateModified\":\"2025-10-20T12:03:56+00:00\",\"description\":\"Barz\u0103 decorativ\u0103 din lemn \u2013 un detaliu plin de gra\u021bie pentru camera bebelu\u0219ului!Mi\u0219carea sa natural\u0103 atrage aten\u021bia \u0219i ofer\u0103 o senza\u021bie de lini\u0219te.Perfect\u0103 ca decor suspendat.\",\"breadcrumb\":{\"@id\":\"https:\/\/jucarii-lemn-online.ro\/produs\/barza-decoratiune\/#breadcrumb\"},\"inLanguage\":\"en-US\",\"potentialAction\":[{\"@type\":\"ReadAction\",\"target\":[\"https:\/\/jucarii-lemn-online.ro\/produs\/barza-decoratiune\/\"]}]},{\"@type\":\"ImageObject\",\"inLanguage\":\"en-US\",\"@id\":\"https:\/\/jucarii-lemn-online.ro\/produs\/barza-decoratiune\/#primaryimage\",\"url\":\"https:\/\/jucarii-lemn-online.ro\/wp-content\/uploads\/2025\/10\/WhatsApp-Image-2025-10-19-at-15.27.06-1.jpeg\",\"contentUrl\":\"https:\/\/jucarii-lemn-online.ro\/wp-content\/uploads\/2025\/10\/WhatsApp-Image-2025-10-19-at-15.27.06-1.jpeg\",\"width\":1362,\"height\":2048},{\"@type\":\"BreadcrumbList\",\"@id\":\"https:\/\/jucarii-lemn-online.ro\/produs\/barza-decoratiune\/#breadcrumb\",\"itemListElement\":[{\"@type\":\"ListItem\",\"position\":1,\"name\":\"Prima pagin\u0103\",\"item\":\"https:\/\/jucarii-lemn-online.ro\/en\/\"},{\"@type\":\"ListItem\",\"position\":2,\"name\":\"Shop\",\"item\":\"https:\/\/jucarii-lemn-online.ro\/en\/shop-2\/\"},{\"@type\":\"ListItem\",\"position\":3,\"name\":\"Barz\u0103 (decora\u021biune)\"}]},{\"@type\":\"WebSite\",\"@id\":\"https:\/\/jucarii-lemn-online.ro\/#website\",\"url\":\"https:\/\/jucarii-lemn-online.ro\/\",\"name\":\"Juc\u0103rii din lemn fabricate \u00een Rom\u00e2nia!\",\"description\":\"Juc\u0103rii din lemn fabricate \u00een Rom\u00e2nia!\",\"potentialAction\":[{\"@type\":\"SearchAction\",\"target\":{\"@type\":\"EntryPoint\",\"urlTemplate\":\"https:\/\/jucarii-lemn-online.ro\/?s={search_term_string}\"},\"query-input\":{\"@type\":\"PropertyValueSpecification\",\"valueRequired\":true,\"valueName\":\"search_term_string\"}}],\"inLanguage\":\"en-US\"}]}<\/script>\n<!-- \/ Yoast SEO plugin. -->","yoast_head_json":{"title":"Barz\u0103 (decora\u021biune) - Juc\u0103rii din lemn fabricate \u00een Rom\u00e2nia!","description":"Barz\u0103 decorativ\u0103 din lemn \u2013 un detaliu plin de gra\u021bie pentru camera bebelu\u0219ului!Mi\u0219carea sa natural\u0103 atrage aten\u021bia \u0219i ofer\u0103 o senza\u021bie de lini\u0219te.Perfect\u0103 ca decor suspendat.","robots":{"index":"index","follow":"follow","max-snippet":"max-snippet:-1","max-image-preview":"max-image-preview:large","max-video-preview":"max-video-preview:-1"},"canonical":"https:\/\/jucarii-lemn-online.ro\/produs\/barza-decoratiune\/","og_locale":"en_US","og_type":"article","og_title":"Barz\u0103 (decora\u021biune) - Juc\u0103rii din lemn fabricate \u00een Rom\u00e2nia!","og_description":"Barz\u0103 decorativ\u0103 din lemn \u2013 un detaliu plin de gra\u021bie pentru camera bebelu\u0219ului!Mi\u0219carea sa natural\u0103 atrage aten\u021bia \u0219i ofer\u0103 o senza\u021bie de lini\u0219te.Perfect\u0103 ca decor suspendat.","og_url":"https:\/\/jucarii-lemn-online.ro\/produs\/barza-decoratiune\/","og_site_name":"Juc\u0103rii din lemn fabricate \u00een Rom\u00e2nia!","article_modified_time":"2025-10-20T12:03:56+00:00","og_image":[{"width":1362,"height":2048,"url":"https:\/\/jucarii-lemn-online.ro\/wp-content\/uploads\/2025\/10\/WhatsApp-Image-2025-10-19-at-15.27.06-1.jpeg","type":"image\/jpeg"}],"twitter_card":"summary_large_image","twitter_misc":{"Est. reading time":"1 minute"},"schema":{"@context":"https:\/\/schema.org","@graph":[{"@type":"WebPage","@id":"https:\/\/jucarii-lemn-online.ro\/produs\/barza-decoratiune\/","url":"https:\/\/jucarii-lemn-online.ro\/produs\/barza-decoratiune\/","name":"Barz\u0103 (decora\u021biune) - Juc\u0103rii din lemn fabricate \u00een Rom\u00e2nia!","isPartOf":{"@id":"https:\/\/jucarii-lemn-online.ro\/#website"},"primaryImageOfPage":{"@id":"https:\/\/jucarii-lemn-online.ro\/produs\/barza-decoratiune\/#primaryimage"},"image":{"@id":"https:\/\/jucarii-lemn-online.ro\/produs\/barza-decoratiune\/#primaryimage"},"thumbnailUrl":"https:\/\/jucarii-lemn-online.ro\/wp-content\/uploads\/2025\/10\/WhatsApp-Image-2025-10-19-at-15.27.06-1.jpeg","datePublished":"2025-10-20T11:36:43+00:00","dateModified":"2025-10-20T12:03:56+00:00","description":"Barz\u0103 decorativ\u0103 din lemn \u2013 un detaliu plin de gra\u021bie pentru camera bebelu\u0219ului!Mi\u0219carea sa natural\u0103 atrage aten\u021bia \u0219i ofer\u0103 o senza\u021bie de lini\u0219te.Perfect\u0103 ca decor suspendat.","breadcrumb":{"@id":"https:\/\/jucarii-lemn-online.ro\/produs\/barza-decoratiune\/#breadcrumb"},"inLanguage":"en-US","potentialAction":[{"@type":"ReadAction","target":["https:\/\/jucarii-lemn-online.ro\/produs\/barza-decoratiune\/"]}]},{"@type":"ImageObject","inLanguage":"en-US","@id":"https:\/\/jucarii-lemn-online.ro\/produs\/barza-decoratiune\/#primaryimage","url":"https:\/\/jucarii-lemn-online.ro\/wp-content\/uploads\/2025\/10\/WhatsApp-Image-2025-10-19-at-15.27.06-1.jpeg","contentUrl":"https:\/\/jucarii-lemn-online.ro\/wp-content\/uploads\/2025\/10\/WhatsApp-Image-2025-10-19-at-15.27.06-1.jpeg","width":1362,"height":2048},{"@type":"BreadcrumbList","@id":"https:\/\/jucarii-lemn-online.ro\/produs\/barza-decoratiune\/#breadcrumb","itemListElement":[{"@type":"ListItem","position":1,"name":"Prima pagin\u0103","item":"https:\/\/jucarii-lemn-online.ro\/en\/"},{"@type":"ListItem","position":2,"name":"Shop","item":"https:\/\/jucarii-lemn-online.ro\/en\/shop-2\/"},{"@type":"ListItem","position":3,"name":"Barz\u0103 (decora\u021biune)"}]},{"@type":"WebSite","@id":"https:\/\/jucarii-lemn-online.ro\/#website","url":"https:\/\/jucarii-lemn-online.ro\/","name":"Juc\u0103rii din lemn fabricate \u00een Rom\u00e2nia!","description":"Juc\u0103rii din lemn fabricate \u00een Rom\u00e2nia!","potentialAction":[{"@type":"SearchAction","target":{"@type":"EntryPoint","urlTemplate":"https:\/\/jucarii-lemn-online.ro\/?s={search_term_string}"},"query-input":{"@type":"PropertyValueSpecification","valueRequired":true,"valueName":"search_term_string"}}],"inLanguage":"en-US"}]}},"_links":{"self":[{"href":"https:\/\/jucarii-lemn-online.ro\/en\/wp-json\/wp\/v2\/product\/5161","targetHints":{"allow":["GET"]}}],"collection":[{"href":"https:\/\/jucarii-lemn-online.ro\/en\/wp-json\/wp\/v2\/product"}],"about":[{"href":"https:\/\/jucarii-lemn-online.ro\/en\/wp-json\/wp\/v2\/types\/product"}],"wp:featuredmedia":[{"embeddable":true,"href":"https:\/\/jucarii-lemn-online.ro\/en\/wp-json\/wp\/v2\/media\/5169"}],"wp:attachment":[{"href":"https:\/\/jucarii-lemn-online.ro\/en\/wp-json\/wp\/v2\/media?parent=5161"}],"wp:term":[{"taxonomy":"product_brand","embeddable":true,"href":"https:\/\/jucarii-lemn-online.ro\/en\/wp-json\/wp\/v2\/product_brand?post=5161"},{"taxonomy":"product_cat","embeddable":true,"href":"https:\/\/jucarii-lemn-online.ro\/en\/wp-json\/wp\/v2\/product_cat?post=5161"},{"taxonomy":"product_tag","embeddable":true,"href":"https:\/\/jucarii-lemn-online.ro\/en\/wp-json\/wp\/v2\/product_tag?post=5161"}],"curies":[{"name":"wp","href":"https:\/\/api.w.org\/{rel}","templated":true}]}}