{"id":5145,"date":"2025-10-08T20:15:58","date_gmt":"2025-10-08T18:15:58","guid":{"rendered":"https:\/\/jucarii-lemn-online.ro\/?post_type=product&#038;p=5145"},"modified":"2026-04-14T20:20:36","modified_gmt":"2026-04-14T18:20:36","slug":"pescar-figurina-decorativa-din-lemn","status":"publish","type":"product","link":"https:\/\/jucarii-lemn-online.ro\/en\/produs\/pescar-figurina-decorativa-din-lemn\/","title":{"rendered":"Pescar &#8211; figurin\u0103 decorativ\u0103 din lemn"},"content":{"rendered":"<div class=\"std\">\n<p data-start=\"475\" data-end=\"760\">Aceast\u0103 figurin\u0103 din lemn face parte dintr-o serie de colec\u021bie, creat\u0103 manual \u00een ateliere locale. Designul s\u0103u minimalist \u0219i finisajul natural o transform\u0103 \u00eentr-un suvenir autentic \u2013 o mic\u0103 bucurie pentru cei care iubesc obiectele artizanale.<\/p>\n<p data-start=\"475\" data-end=\"760\">Contraindicat copiilor sub 3 ani, con\u021bine piese mici deta\u0219abile, care pot fi \u00eenghi\u021bite.<\/p>\n<p>Made in RO!<\/p>\n<\/div>\n","protected":false},"excerpt":{"rendered":"<div class=\"std\">\n<p data-start=\"905\" data-end=\"1130\">Fiecare figurin\u0103 este lucrat\u0103 manual, din lemn natural, cu aten\u021bie la cele mai mici detalii. O pies\u0103 de colec\u021bie care poart\u0103 amprenta me\u0219terului \u0219i farmecul lucrului autentic. Perfect\u0103 ca dar special sau suvenir cu poveste.<\/p>\n<\/div>\n","protected":false},"featured_media":5153,"template":"","meta":[],"product_brand":[],"product_cat":[206],"product_tag":[163,264,265],"class_list":{"0":"post-5145","1":"product","2":"type-product","3":"status-publish","4":"has-post-thumbnail","6":"product_cat-pista-ba","7":"product_tag-figurina","8":"product_tag-pescar","9":"product_tag-pista-ba","11":"first","12":"instock","13":"sale","14":"shipping-taxable","15":"purchasable","16":"product-type-simple"},"yoast_head":"<!-- This site is optimized with the Yoast SEO plugin v24.5 - https:\/\/yoast.com\/wordpress\/plugins\/seo\/ -->\n<title>Pescar - figurin\u0103 decorativ\u0103 din lemn - Juc\u0103rii din lemn fabricate \u00een Rom\u00e2nia!<\/title>\n<meta name=\"description\" content=\"Figurin\u0103 din lemn realizat\u0103 manual, cu grij\u0103 \u0219i pasiune. Fiecare pies\u0103 este unic\u0103, cu detalii fine care pun \u00een valoare frumuse\u021bea natural\u0103 a lemnului. Mai mult dec\u00e2t o juc\u0103rie, este un suvenir de colec\u021bie ce aduce un strop de c\u0103ldur\u0103 \u0219i tradi\u021bie \u00een orice cas\u0103.\" \/>\n<meta name=\"robots\" content=\"index, follow, max-snippet:-1, max-image-preview:large, max-video-preview:-1\" \/>\n<link rel=\"canonical\" href=\"https:\/\/jucarii-lemn-online.ro\/produs\/pescar-figurina-decorativa-din-lemn\/\" \/>\n<meta property=\"og:locale\" content=\"en_US\" \/>\n<meta property=\"og:type\" content=\"article\" \/>\n<meta property=\"og:title\" content=\"Pescar - figurin\u0103 decorativ\u0103 din lemn - Juc\u0103rii din lemn fabricate \u00een Rom\u00e2nia!\" \/>\n<meta property=\"og:description\" content=\"Figurin\u0103 din lemn realizat\u0103 manual, cu grij\u0103 \u0219i pasiune. Fiecare pies\u0103 este unic\u0103, cu detalii fine care pun \u00een valoare frumuse\u021bea natural\u0103 a lemnului. Mai mult dec\u00e2t o juc\u0103rie, este un suvenir de colec\u021bie ce aduce un strop de c\u0103ldur\u0103 \u0219i tradi\u021bie \u00een orice cas\u0103.\" \/>\n<meta property=\"og:url\" content=\"https:\/\/jucarii-lemn-online.ro\/produs\/pescar-figurina-decorativa-din-lemn\/\" \/>\n<meta property=\"og:site_name\" content=\"Juc\u0103rii din lemn fabricate \u00een Rom\u00e2nia!\" \/>\n<meta property=\"article:modified_time\" content=\"2026-04-14T18:20:36+00:00\" \/>\n<meta property=\"og:image\" content=\"https:\/\/jucarii-lemn-online.ro\/wp-content\/uploads\/2025\/10\/FB_IMG_1759987802830.jpg\" \/>\n\t<meta property=\"og:image:width\" content=\"960\" \/>\n\t<meta property=\"og:image:height\" content=\"960\" \/>\n\t<meta property=\"og:image:type\" content=\"image\/jpeg\" \/>\n<meta name=\"twitter:card\" content=\"summary_large_image\" \/>\n<meta name=\"twitter:label1\" content=\"Est. reading time\" \/>\n\t<meta name=\"twitter:data1\" content=\"1 minute\" \/>\n<script type=\"application\/ld+json\" class=\"yoast-schema-graph\">{\"@context\":\"https:\/\/schema.org\",\"@graph\":[{\"@type\":\"WebPage\",\"@id\":\"https:\/\/jucarii-lemn-online.ro\/produs\/pescar-figurina-decorativa-din-lemn\/\",\"url\":\"https:\/\/jucarii-lemn-online.ro\/produs\/pescar-figurina-decorativa-din-lemn\/\",\"name\":\"Pescar - figurin\u0103 decorativ\u0103 din lemn - Juc\u0103rii din lemn fabricate \u00een Rom\u00e2nia!\",\"isPartOf\":{\"@id\":\"https:\/\/jucarii-lemn-online.ro\/#website\"},\"primaryImageOfPage\":{\"@id\":\"https:\/\/jucarii-lemn-online.ro\/produs\/pescar-figurina-decorativa-din-lemn\/#primaryimage\"},\"image\":{\"@id\":\"https:\/\/jucarii-lemn-online.ro\/produs\/pescar-figurina-decorativa-din-lemn\/#primaryimage\"},\"thumbnailUrl\":\"https:\/\/jucarii-lemn-online.ro\/wp-content\/uploads\/2025\/10\/FB_IMG_1759987802830.jpg\",\"datePublished\":\"2025-10-08T18:15:58+00:00\",\"dateModified\":\"2026-04-14T18:20:36+00:00\",\"description\":\"Figurin\u0103 din lemn realizat\u0103 manual, cu grij\u0103 \u0219i pasiune. Fiecare pies\u0103 este unic\u0103, cu detalii fine care pun \u00een valoare frumuse\u021bea natural\u0103 a lemnului. Mai mult dec\u00e2t o juc\u0103rie, este un suvenir de colec\u021bie ce aduce un strop de c\u0103ldur\u0103 \u0219i tradi\u021bie \u00een orice cas\u0103.\",\"breadcrumb\":{\"@id\":\"https:\/\/jucarii-lemn-online.ro\/produs\/pescar-figurina-decorativa-din-lemn\/#breadcrumb\"},\"inLanguage\":\"en-US\",\"potentialAction\":[{\"@type\":\"ReadAction\",\"target\":[\"https:\/\/jucarii-lemn-online.ro\/produs\/pescar-figurina-decorativa-din-lemn\/\"]}]},{\"@type\":\"ImageObject\",\"inLanguage\":\"en-US\",\"@id\":\"https:\/\/jucarii-lemn-online.ro\/produs\/pescar-figurina-decorativa-din-lemn\/#primaryimage\",\"url\":\"https:\/\/jucarii-lemn-online.ro\/wp-content\/uploads\/2025\/10\/FB_IMG_1759987802830.jpg\",\"contentUrl\":\"https:\/\/jucarii-lemn-online.ro\/wp-content\/uploads\/2025\/10\/FB_IMG_1759987802830.jpg\",\"width\":960,\"height\":960},{\"@type\":\"BreadcrumbList\",\"@id\":\"https:\/\/jucarii-lemn-online.ro\/produs\/pescar-figurina-decorativa-din-lemn\/#breadcrumb\",\"itemListElement\":[{\"@type\":\"ListItem\",\"position\":1,\"name\":\"Prima pagin\u0103\",\"item\":\"https:\/\/jucarii-lemn-online.ro\/en\/\"},{\"@type\":\"ListItem\",\"position\":2,\"name\":\"Shop\",\"item\":\"https:\/\/jucarii-lemn-online.ro\/en\/shop-2\/\"},{\"@type\":\"ListItem\",\"position\":3,\"name\":\"Pescar &#8211; figurin\u0103 decorativ\u0103 din lemn\"}]},{\"@type\":\"WebSite\",\"@id\":\"https:\/\/jucarii-lemn-online.ro\/#website\",\"url\":\"https:\/\/jucarii-lemn-online.ro\/\",\"name\":\"Juc\u0103rii din lemn fabricate \u00een Rom\u00e2nia!\",\"description\":\"Juc\u0103rii din lemn fabricate \u00een Rom\u00e2nia!\",\"potentialAction\":[{\"@type\":\"SearchAction\",\"target\":{\"@type\":\"EntryPoint\",\"urlTemplate\":\"https:\/\/jucarii-lemn-online.ro\/?s={search_term_string}\"},\"query-input\":{\"@type\":\"PropertyValueSpecification\",\"valueRequired\":true,\"valueName\":\"search_term_string\"}}],\"inLanguage\":\"en-US\"}]}<\/script>\n<!-- \/ Yoast SEO plugin. -->","yoast_head_json":{"title":"Pescar - figurin\u0103 decorativ\u0103 din lemn - Juc\u0103rii din lemn fabricate \u00een Rom\u00e2nia!","description":"Figurin\u0103 din lemn realizat\u0103 manual, cu grij\u0103 \u0219i pasiune. Fiecare pies\u0103 este unic\u0103, cu detalii fine care pun \u00een valoare frumuse\u021bea natural\u0103 a lemnului. Mai mult dec\u00e2t o juc\u0103rie, este un suvenir de colec\u021bie ce aduce un strop de c\u0103ldur\u0103 \u0219i tradi\u021bie \u00een orice cas\u0103.","robots":{"index":"index","follow":"follow","max-snippet":"max-snippet:-1","max-image-preview":"max-image-preview:large","max-video-preview":"max-video-preview:-1"},"canonical":"https:\/\/jucarii-lemn-online.ro\/produs\/pescar-figurina-decorativa-din-lemn\/","og_locale":"en_US","og_type":"article","og_title":"Pescar - figurin\u0103 decorativ\u0103 din lemn - Juc\u0103rii din lemn fabricate \u00een Rom\u00e2nia!","og_description":"Figurin\u0103 din lemn realizat\u0103 manual, cu grij\u0103 \u0219i pasiune. Fiecare pies\u0103 este unic\u0103, cu detalii fine care pun \u00een valoare frumuse\u021bea natural\u0103 a lemnului. Mai mult dec\u00e2t o juc\u0103rie, este un suvenir de colec\u021bie ce aduce un strop de c\u0103ldur\u0103 \u0219i tradi\u021bie \u00een orice cas\u0103.","og_url":"https:\/\/jucarii-lemn-online.ro\/produs\/pescar-figurina-decorativa-din-lemn\/","og_site_name":"Juc\u0103rii din lemn fabricate \u00een Rom\u00e2nia!","article_modified_time":"2026-04-14T18:20:36+00:00","og_image":[{"width":960,"height":960,"url":"https:\/\/jucarii-lemn-online.ro\/wp-content\/uploads\/2025\/10\/FB_IMG_1759987802830.jpg","type":"image\/jpeg"}],"twitter_card":"summary_large_image","twitter_misc":{"Est. reading time":"1 minute"},"schema":{"@context":"https:\/\/schema.org","@graph":[{"@type":"WebPage","@id":"https:\/\/jucarii-lemn-online.ro\/produs\/pescar-figurina-decorativa-din-lemn\/","url":"https:\/\/jucarii-lemn-online.ro\/produs\/pescar-figurina-decorativa-din-lemn\/","name":"Pescar - figurin\u0103 decorativ\u0103 din lemn - Juc\u0103rii din lemn fabricate \u00een Rom\u00e2nia!","isPartOf":{"@id":"https:\/\/jucarii-lemn-online.ro\/#website"},"primaryImageOfPage":{"@id":"https:\/\/jucarii-lemn-online.ro\/produs\/pescar-figurina-decorativa-din-lemn\/#primaryimage"},"image":{"@id":"https:\/\/jucarii-lemn-online.ro\/produs\/pescar-figurina-decorativa-din-lemn\/#primaryimage"},"thumbnailUrl":"https:\/\/jucarii-lemn-online.ro\/wp-content\/uploads\/2025\/10\/FB_IMG_1759987802830.jpg","datePublished":"2025-10-08T18:15:58+00:00","dateModified":"2026-04-14T18:20:36+00:00","description":"Figurin\u0103 din lemn realizat\u0103 manual, cu grij\u0103 \u0219i pasiune. Fiecare pies\u0103 este unic\u0103, cu detalii fine care pun \u00een valoare frumuse\u021bea natural\u0103 a lemnului. Mai mult dec\u00e2t o juc\u0103rie, este un suvenir de colec\u021bie ce aduce un strop de c\u0103ldur\u0103 \u0219i tradi\u021bie \u00een orice cas\u0103.","breadcrumb":{"@id":"https:\/\/jucarii-lemn-online.ro\/produs\/pescar-figurina-decorativa-din-lemn\/#breadcrumb"},"inLanguage":"en-US","potentialAction":[{"@type":"ReadAction","target":["https:\/\/jucarii-lemn-online.ro\/produs\/pescar-figurina-decorativa-din-lemn\/"]}]},{"@type":"ImageObject","inLanguage":"en-US","@id":"https:\/\/jucarii-lemn-online.ro\/produs\/pescar-figurina-decorativa-din-lemn\/#primaryimage","url":"https:\/\/jucarii-lemn-online.ro\/wp-content\/uploads\/2025\/10\/FB_IMG_1759987802830.jpg","contentUrl":"https:\/\/jucarii-lemn-online.ro\/wp-content\/uploads\/2025\/10\/FB_IMG_1759987802830.jpg","width":960,"height":960},{"@type":"BreadcrumbList","@id":"https:\/\/jucarii-lemn-online.ro\/produs\/pescar-figurina-decorativa-din-lemn\/#breadcrumb","itemListElement":[{"@type":"ListItem","position":1,"name":"Prima pagin\u0103","item":"https:\/\/jucarii-lemn-online.ro\/en\/"},{"@type":"ListItem","position":2,"name":"Shop","item":"https:\/\/jucarii-lemn-online.ro\/en\/shop-2\/"},{"@type":"ListItem","position":3,"name":"Pescar &#8211; figurin\u0103 decorativ\u0103 din lemn"}]},{"@type":"WebSite","@id":"https:\/\/jucarii-lemn-online.ro\/#website","url":"https:\/\/jucarii-lemn-online.ro\/","name":"Juc\u0103rii din lemn fabricate \u00een Rom\u00e2nia!","description":"Juc\u0103rii din lemn fabricate \u00een Rom\u00e2nia!","potentialAction":[{"@type":"SearchAction","target":{"@type":"EntryPoint","urlTemplate":"https:\/\/jucarii-lemn-online.ro\/?s={search_term_string}"},"query-input":{"@type":"PropertyValueSpecification","valueRequired":true,"valueName":"search_term_string"}}],"inLanguage":"en-US"}]}},"_links":{"self":[{"href":"https:\/\/jucarii-lemn-online.ro\/en\/wp-json\/wp\/v2\/product\/5145","targetHints":{"allow":["GET"]}}],"collection":[{"href":"https:\/\/jucarii-lemn-online.ro\/en\/wp-json\/wp\/v2\/product"}],"about":[{"href":"https:\/\/jucarii-lemn-online.ro\/en\/wp-json\/wp\/v2\/types\/product"}],"wp:featuredmedia":[{"embeddable":true,"href":"https:\/\/jucarii-lemn-online.ro\/en\/wp-json\/wp\/v2\/media\/5153"}],"wp:attachment":[{"href":"https:\/\/jucarii-lemn-online.ro\/en\/wp-json\/wp\/v2\/media?parent=5145"}],"wp:term":[{"taxonomy":"product_brand","embeddable":true,"href":"https:\/\/jucarii-lemn-online.ro\/en\/wp-json\/wp\/v2\/product_brand?post=5145"},{"taxonomy":"product_cat","embeddable":true,"href":"https:\/\/jucarii-lemn-online.ro\/en\/wp-json\/wp\/v2\/product_cat?post=5145"},{"taxonomy":"product_tag","embeddable":true,"href":"https:\/\/jucarii-lemn-online.ro\/en\/wp-json\/wp\/v2\/product_tag?post=5145"}],"curies":[{"name":"wp","href":"https:\/\/api.w.org\/{rel}","templated":true}]}}