{"id":5115,"date":"2025-09-24T12:34:06","date_gmt":"2025-09-24T10:34:06","guid":{"rendered":"https:\/\/jucarii-lemn-online.ro\/?post_type=product&#038;p=5115"},"modified":"2025-09-24T12:34:07","modified_gmt":"2025-09-24T10:34:07","slug":"smartphone-din-lemn","status":"publish","type":"product","link":"https:\/\/jucarii-lemn-online.ro\/en\/produs\/smartphone-din-lemn\/","title":{"rendered":"Smartphone din lemn"},"content":{"rendered":"<p>Smartphone din lemn \u2013 o juc\u0103rie educativ\u0103 \u0219i sigur\u0103 pentru cei mici! Realizat din lemn natural \u0219i durabil, acest telefon de juc\u0103rie are simboluri gravate cu precizie laser, pentru un aspect realist \u0219i pl\u0103cut la atingere. Ideal pentru jocuri de rol \u0219i dezvoltarea creativit\u0103\u021bii.<\/p>\n<p>M\u0103rime:<\/p>\n<p>-grosime 0.80 cm<\/p>\n<p>-m\u0103rime suprafa\u021b\u0103 6 x 12 cm<\/p>\n","protected":false},"excerpt":{"rendered":"<p>Smartphone din lemn \u2013 o juc\u0103rie educativ\u0103 \u0219i sigur\u0103 pentru cei mici! Realizat din lemn natural \u0219i durabil, acest telefon de juc\u0103rie are simboluri gravate cu precizie laser, pentru un aspect realist \u0219i pl\u0103cut la atingere. Ideal pentru jocuri de rol \u0219i dezvoltarea creativit\u0103\u021bii.<\/p>\n","protected":false},"featured_media":5125,"template":"","meta":[],"product_brand":[],"product_cat":[117],"product_tag":[],"class_list":{"0":"post-5115","1":"product","2":"type-product","3":"status-publish","4":"has-post-thumbnail","6":"product_cat-jucarii-woodentoys","8":"first","9":"instock","10":"shipping-taxable","11":"purchasable","12":"product-type-simple"},"yoast_head":"<!-- This site is optimized with the Yoast SEO plugin v24.5 - https:\/\/yoast.com\/wordpress\/plugins\/seo\/ -->\n<title>Smartphone din lemn - Juc\u0103rii din lemn fabricate \u00een Rom\u00e2nia!<\/title>\n<meta name=\"description\" content=\"Smartphone din lemn \u2013 o juc\u0103rie educativ\u0103 \u0219i sigur\u0103 pentru cei mici! Realizat din lemn natural \u0219i durabil, acest telefon de juc\u0103rie are simboluri gravate cu precizie laser, pentru un aspect realist \u0219i pl\u0103cut la atingere. Ideal pentru jocuri de rol \u0219i dezvoltarea creativit\u0103\u021bii.\" \/>\n<meta name=\"robots\" content=\"index, follow, max-snippet:-1, max-image-preview:large, max-video-preview:-1\" \/>\n<link rel=\"canonical\" href=\"https:\/\/jucarii-lemn-online.ro\/produs\/smartphone-din-lemn\/\" \/>\n<meta property=\"og:locale\" content=\"en_US\" \/>\n<meta property=\"og:type\" content=\"article\" \/>\n<meta property=\"og:title\" content=\"Smartphone din lemn - Juc\u0103rii din lemn fabricate \u00een Rom\u00e2nia!\" \/>\n<meta property=\"og:description\" content=\"Smartphone din lemn \u2013 o juc\u0103rie educativ\u0103 \u0219i sigur\u0103 pentru cei mici! Realizat din lemn natural \u0219i durabil, acest telefon de juc\u0103rie are simboluri gravate cu precizie laser, pentru un aspect realist \u0219i pl\u0103cut la atingere. Ideal pentru jocuri de rol \u0219i dezvoltarea creativit\u0103\u021bii.\" \/>\n<meta property=\"og:url\" content=\"https:\/\/jucarii-lemn-online.ro\/produs\/smartphone-din-lemn\/\" \/>\n<meta property=\"og:site_name\" content=\"Juc\u0103rii din lemn fabricate \u00een Rom\u00e2nia!\" \/>\n<meta property=\"article:modified_time\" content=\"2025-09-24T10:34:07+00:00\" \/>\n<meta property=\"og:image\" content=\"https:\/\/jucarii-lemn-online.ro\/wp-content\/uploads\/2025\/09\/img_20200115_143933.jpg\" \/>\n\t<meta property=\"og:image:width\" content=\"900\" \/>\n\t<meta property=\"og:image:height\" content=\"675\" \/>\n\t<meta property=\"og:image:type\" content=\"image\/jpeg\" \/>\n<meta name=\"twitter:card\" content=\"summary_large_image\" \/>\n<meta name=\"twitter:label1\" content=\"Est. reading time\" \/>\n\t<meta name=\"twitter:data1\" content=\"1 minute\" \/>\n<script type=\"application\/ld+json\" class=\"yoast-schema-graph\">{\"@context\":\"https:\/\/schema.org\",\"@graph\":[{\"@type\":\"WebPage\",\"@id\":\"https:\/\/jucarii-lemn-online.ro\/produs\/smartphone-din-lemn\/\",\"url\":\"https:\/\/jucarii-lemn-online.ro\/produs\/smartphone-din-lemn\/\",\"name\":\"Smartphone din lemn - Juc\u0103rii din lemn fabricate \u00een Rom\u00e2nia!\",\"isPartOf\":{\"@id\":\"https:\/\/jucarii-lemn-online.ro\/#website\"},\"primaryImageOfPage\":{\"@id\":\"https:\/\/jucarii-lemn-online.ro\/produs\/smartphone-din-lemn\/#primaryimage\"},\"image\":{\"@id\":\"https:\/\/jucarii-lemn-online.ro\/produs\/smartphone-din-lemn\/#primaryimage\"},\"thumbnailUrl\":\"https:\/\/jucarii-lemn-online.ro\/wp-content\/uploads\/2025\/09\/img_20200115_143933.jpg\",\"datePublished\":\"2025-09-24T10:34:06+00:00\",\"dateModified\":\"2025-09-24T10:34:07+00:00\",\"description\":\"Smartphone din lemn \u2013 o juc\u0103rie educativ\u0103 \u0219i sigur\u0103 pentru cei mici! Realizat din lemn natural \u0219i durabil, acest telefon de juc\u0103rie are simboluri gravate cu precizie laser, pentru un aspect realist \u0219i pl\u0103cut la atingere. Ideal pentru jocuri de rol \u0219i dezvoltarea creativit\u0103\u021bii.\",\"breadcrumb\":{\"@id\":\"https:\/\/jucarii-lemn-online.ro\/produs\/smartphone-din-lemn\/#breadcrumb\"},\"inLanguage\":\"en-US\",\"potentialAction\":[{\"@type\":\"ReadAction\",\"target\":[\"https:\/\/jucarii-lemn-online.ro\/produs\/smartphone-din-lemn\/\"]}]},{\"@type\":\"ImageObject\",\"inLanguage\":\"en-US\",\"@id\":\"https:\/\/jucarii-lemn-online.ro\/produs\/smartphone-din-lemn\/#primaryimage\",\"url\":\"https:\/\/jucarii-lemn-online.ro\/wp-content\/uploads\/2025\/09\/img_20200115_143933.jpg\",\"contentUrl\":\"https:\/\/jucarii-lemn-online.ro\/wp-content\/uploads\/2025\/09\/img_20200115_143933.jpg\",\"width\":900,\"height\":675},{\"@type\":\"BreadcrumbList\",\"@id\":\"https:\/\/jucarii-lemn-online.ro\/produs\/smartphone-din-lemn\/#breadcrumb\",\"itemListElement\":[{\"@type\":\"ListItem\",\"position\":1,\"name\":\"Prima pagin\u0103\",\"item\":\"https:\/\/jucarii-lemn-online.ro\/en\/\"},{\"@type\":\"ListItem\",\"position\":2,\"name\":\"Shop\",\"item\":\"https:\/\/jucarii-lemn-online.ro\/en\/shop-2\/\"},{\"@type\":\"ListItem\",\"position\":3,\"name\":\"Smartphone din lemn\"}]},{\"@type\":\"WebSite\",\"@id\":\"https:\/\/jucarii-lemn-online.ro\/#website\",\"url\":\"https:\/\/jucarii-lemn-online.ro\/\",\"name\":\"Juc\u0103rii din lemn fabricate \u00een Rom\u00e2nia!\",\"description\":\"Juc\u0103rii din lemn fabricate \u00een Rom\u00e2nia!\",\"potentialAction\":[{\"@type\":\"SearchAction\",\"target\":{\"@type\":\"EntryPoint\",\"urlTemplate\":\"https:\/\/jucarii-lemn-online.ro\/?s={search_term_string}\"},\"query-input\":{\"@type\":\"PropertyValueSpecification\",\"valueRequired\":true,\"valueName\":\"search_term_string\"}}],\"inLanguage\":\"en-US\"}]}<\/script>\n<!-- \/ Yoast SEO plugin. -->","yoast_head_json":{"title":"Smartphone din lemn - Juc\u0103rii din lemn fabricate \u00een Rom\u00e2nia!","description":"Smartphone din lemn \u2013 o juc\u0103rie educativ\u0103 \u0219i sigur\u0103 pentru cei mici! Realizat din lemn natural \u0219i durabil, acest telefon de juc\u0103rie are simboluri gravate cu precizie laser, pentru un aspect realist \u0219i pl\u0103cut la atingere. Ideal pentru jocuri de rol \u0219i dezvoltarea creativit\u0103\u021bii.","robots":{"index":"index","follow":"follow","max-snippet":"max-snippet:-1","max-image-preview":"max-image-preview:large","max-video-preview":"max-video-preview:-1"},"canonical":"https:\/\/jucarii-lemn-online.ro\/produs\/smartphone-din-lemn\/","og_locale":"en_US","og_type":"article","og_title":"Smartphone din lemn - Juc\u0103rii din lemn fabricate \u00een Rom\u00e2nia!","og_description":"Smartphone din lemn \u2013 o juc\u0103rie educativ\u0103 \u0219i sigur\u0103 pentru cei mici! Realizat din lemn natural \u0219i durabil, acest telefon de juc\u0103rie are simboluri gravate cu precizie laser, pentru un aspect realist \u0219i pl\u0103cut la atingere. Ideal pentru jocuri de rol \u0219i dezvoltarea creativit\u0103\u021bii.","og_url":"https:\/\/jucarii-lemn-online.ro\/produs\/smartphone-din-lemn\/","og_site_name":"Juc\u0103rii din lemn fabricate \u00een Rom\u00e2nia!","article_modified_time":"2025-09-24T10:34:07+00:00","og_image":[{"width":900,"height":675,"url":"https:\/\/jucarii-lemn-online.ro\/wp-content\/uploads\/2025\/09\/img_20200115_143933.jpg","type":"image\/jpeg"}],"twitter_card":"summary_large_image","twitter_misc":{"Est. reading time":"1 minute"},"schema":{"@context":"https:\/\/schema.org","@graph":[{"@type":"WebPage","@id":"https:\/\/jucarii-lemn-online.ro\/produs\/smartphone-din-lemn\/","url":"https:\/\/jucarii-lemn-online.ro\/produs\/smartphone-din-lemn\/","name":"Smartphone din lemn - Juc\u0103rii din lemn fabricate \u00een Rom\u00e2nia!","isPartOf":{"@id":"https:\/\/jucarii-lemn-online.ro\/#website"},"primaryImageOfPage":{"@id":"https:\/\/jucarii-lemn-online.ro\/produs\/smartphone-din-lemn\/#primaryimage"},"image":{"@id":"https:\/\/jucarii-lemn-online.ro\/produs\/smartphone-din-lemn\/#primaryimage"},"thumbnailUrl":"https:\/\/jucarii-lemn-online.ro\/wp-content\/uploads\/2025\/09\/img_20200115_143933.jpg","datePublished":"2025-09-24T10:34:06+00:00","dateModified":"2025-09-24T10:34:07+00:00","description":"Smartphone din lemn \u2013 o juc\u0103rie educativ\u0103 \u0219i sigur\u0103 pentru cei mici! Realizat din lemn natural \u0219i durabil, acest telefon de juc\u0103rie are simboluri gravate cu precizie laser, pentru un aspect realist \u0219i pl\u0103cut la atingere. Ideal pentru jocuri de rol \u0219i dezvoltarea creativit\u0103\u021bii.","breadcrumb":{"@id":"https:\/\/jucarii-lemn-online.ro\/produs\/smartphone-din-lemn\/#breadcrumb"},"inLanguage":"en-US","potentialAction":[{"@type":"ReadAction","target":["https:\/\/jucarii-lemn-online.ro\/produs\/smartphone-din-lemn\/"]}]},{"@type":"ImageObject","inLanguage":"en-US","@id":"https:\/\/jucarii-lemn-online.ro\/produs\/smartphone-din-lemn\/#primaryimage","url":"https:\/\/jucarii-lemn-online.ro\/wp-content\/uploads\/2025\/09\/img_20200115_143933.jpg","contentUrl":"https:\/\/jucarii-lemn-online.ro\/wp-content\/uploads\/2025\/09\/img_20200115_143933.jpg","width":900,"height":675},{"@type":"BreadcrumbList","@id":"https:\/\/jucarii-lemn-online.ro\/produs\/smartphone-din-lemn\/#breadcrumb","itemListElement":[{"@type":"ListItem","position":1,"name":"Prima pagin\u0103","item":"https:\/\/jucarii-lemn-online.ro\/en\/"},{"@type":"ListItem","position":2,"name":"Shop","item":"https:\/\/jucarii-lemn-online.ro\/en\/shop-2\/"},{"@type":"ListItem","position":3,"name":"Smartphone din lemn"}]},{"@type":"WebSite","@id":"https:\/\/jucarii-lemn-online.ro\/#website","url":"https:\/\/jucarii-lemn-online.ro\/","name":"Juc\u0103rii din lemn fabricate \u00een Rom\u00e2nia!","description":"Juc\u0103rii din lemn fabricate \u00een Rom\u00e2nia!","potentialAction":[{"@type":"SearchAction","target":{"@type":"EntryPoint","urlTemplate":"https:\/\/jucarii-lemn-online.ro\/?s={search_term_string}"},"query-input":{"@type":"PropertyValueSpecification","valueRequired":true,"valueName":"search_term_string"}}],"inLanguage":"en-US"}]}},"_links":{"self":[{"href":"https:\/\/jucarii-lemn-online.ro\/en\/wp-json\/wp\/v2\/product\/5115","targetHints":{"allow":["GET"]}}],"collection":[{"href":"https:\/\/jucarii-lemn-online.ro\/en\/wp-json\/wp\/v2\/product"}],"about":[{"href":"https:\/\/jucarii-lemn-online.ro\/en\/wp-json\/wp\/v2\/types\/product"}],"wp:featuredmedia":[{"embeddable":true,"href":"https:\/\/jucarii-lemn-online.ro\/en\/wp-json\/wp\/v2\/media\/5125"}],"wp:attachment":[{"href":"https:\/\/jucarii-lemn-online.ro\/en\/wp-json\/wp\/v2\/media?parent=5115"}],"wp:term":[{"taxonomy":"product_brand","embeddable":true,"href":"https:\/\/jucarii-lemn-online.ro\/en\/wp-json\/wp\/v2\/product_brand?post=5115"},{"taxonomy":"product_cat","embeddable":true,"href":"https:\/\/jucarii-lemn-online.ro\/en\/wp-json\/wp\/v2\/product_cat?post=5115"},{"taxonomy":"product_tag","embeddable":true,"href":"https:\/\/jucarii-lemn-online.ro\/en\/wp-json\/wp\/v2\/product_tag?post=5115"}],"curies":[{"name":"wp","href":"https:\/\/api.w.org\/{rel}","templated":true}]}}