{"id":4982,"date":"2025-07-19T18:22:26","date_gmt":"2025-07-19T16:22:26","guid":{"rendered":"https:\/\/jucarii-lemn-online.ro\/?post_type=product&#038;p=4982"},"modified":"2025-07-19T19:04:01","modified_gmt":"2025-07-19T17:04:01","slug":"masinuta-teren-verde","status":"publish","type":"product","link":"https:\/\/jucarii-lemn-online.ro\/en\/produs\/masinuta-teren-verde\/","title":{"rendered":"Ma\u0219inu\u021b\u0103 teren verde"},"content":{"rendered":"<p data-start=\"73\" data-end=\"391\">Aceast\u0103 ma\u0219inu\u021b\u0103 din lemn este o juc\u0103rie clasic\u0103, realizat\u0103 cu aten\u021bie la detalii, perfect\u0103 pentru micii exploratori ai lumii. Fabricat\u0103 din lemn de calitate, neted \u0219i pl\u0103cut la atingere, ma\u0219inu\u021ba este vopsit\u0103 \u00eentr-o singur\u0103 culoare vibrant\u0103, oferind un aspect simplu, dar elegant, care stimuleaz\u0103 imagina\u021bia copiilor.<\/p>\n<p data-start=\"393\" data-end=\"412\"><strong data-start=\"393\" data-end=\"412\">Caracteristici:<\/strong><\/p>\n<ul data-start=\"413\" data-end=\"663\">\n<li data-start=\"413\" data-end=\"453\">\n<p data-start=\"415\" data-end=\"453\">Material natural, sigur pentru copii<\/p>\n<\/li>\n<li data-start=\"454\" data-end=\"491\">\n<p data-start=\"456\" data-end=\"491\">Vopsea pe baz\u0103 de ap\u0103, non-toxic\u0103<\/p>\n<\/li>\n<li data-start=\"492\" data-end=\"526\">\n<p data-start=\"494\" data-end=\"526\">Design minimalist \u0219i rezistent<\/p>\n<\/li>\n<li data-start=\"527\" data-end=\"588\">\n<p data-start=\"529\" data-end=\"588\">Dimensiune u\u0219or de manevrat de m\u00e2inile mici ale copilului<\/p>\n<\/li>\n<li data-start=\"589\" data-end=\"663\">\n<p data-start=\"591\" data-end=\"663\">Ideal\u0103 pentru jocuri de rol, dezvoltarea motricit\u0103\u021bii \u0219i a imagina\u021biei<\/p>\n<\/li>\n<\/ul>\n","protected":false},"excerpt":{"rendered":"<p data-start=\"73\" data-end=\"391\">Aceast\u0103 ma\u0219inu\u021b\u0103 din lemn este o juc\u0103rie clasic\u0103, realizat\u0103 cu aten\u021bie la detalii, perfect\u0103 pentru micii exploratori ai lumii. Fabricat\u0103 din lemn de calitate, neted \u0219i pl\u0103cut la atingere, ma\u0219inu\u021ba este vopsit\u0103 \u00eentr-o singur\u0103 culoare vibrant\u0103, oferind un aspect simplu, dar elegant, care stimuleaz\u0103 imagina\u021bia copiilor.<\/p>\n<p data-start=\"393\" data-end=\"412\"><strong data-start=\"393\" data-end=\"412\">Caracteristici:<\/strong><\/p>\n<ul data-start=\"413\" data-end=\"663\">\n<li data-start=\"413\" data-end=\"453\">\n<p data-start=\"415\" data-end=\"453\">Material natural, sigur pentru copii<\/p>\n<\/li>\n<li data-start=\"454\" data-end=\"491\">\n<p data-start=\"456\" data-end=\"491\">Vopsea pe baz\u0103 de ap\u0103, non-toxic\u0103<\/p>\n<\/li>\n<li data-start=\"492\" data-end=\"526\">\n<p data-start=\"494\" data-end=\"526\">Design minimalist \u0219i rezistent<\/p>\n<\/li>\n<li data-start=\"527\" data-end=\"588\">\n<p data-start=\"529\" data-end=\"588\">Dimensiune u\u0219or de manevrat de m\u00e2inile mici ale copilului<\/p>\n<\/li>\n<li data-start=\"589\" data-end=\"663\">\n<p data-start=\"591\" data-end=\"663\">Ideal\u0103 pentru jocuri de rol, dezvoltarea motricit\u0103\u021bii \u0219i a imagina\u021biei<\/p>\n<\/li>\n<\/ul>\n","protected":false},"featured_media":4986,"template":"","meta":[],"product_brand":[],"product_cat":[142],"product_tag":[170,143],"class_list":{"0":"post-4982","1":"product","2":"type-product","3":"status-publish","4":"has-post-thumbnail","6":"product_cat-masinute","7":"product_tag-masinuta","8":"product_tag-masinuta-lemn","10":"first","11":"instock","12":"shipping-taxable","13":"purchasable","14":"product-type-simple"},"yoast_head":"<!-- This site is optimized with the Yoast SEO plugin v24.5 - https:\/\/yoast.com\/wordpress\/plugins\/seo\/ -->\n<title>Ma\u0219inu\u021b\u0103 teren verde - Juc\u0103rii din lemn fabricate \u00een Rom\u00e2nia!<\/title>\n<meta name=\"description\" content=\"Aceast\u0103 ma\u0219inu\u021b\u0103 din lemn este o juc\u0103rie clasic\u0103, realizat\u0103 cu aten\u021bie la detalii, perfect\u0103 pentru micii exploratori ai lumii. Fabricat\u0103 din lemn de calitate, neted \u0219i pl\u0103cut la atingere, ma\u0219inu\u021ba este vopsit\u0103 \u00eentr-o singur\u0103 culoare vibrant\u0103, oferind un aspect simplu, dar elegant, care stimuleaz\u0103 imagina\u021bia copiilor.\" \/>\n<meta name=\"robots\" content=\"index, follow, max-snippet:-1, max-image-preview:large, max-video-preview:-1\" \/>\n<link rel=\"canonical\" href=\"https:\/\/jucarii-lemn-online.ro\/produs\/masinuta-teren-verde\/\" \/>\n<meta property=\"og:locale\" content=\"en_US\" \/>\n<meta property=\"og:type\" content=\"article\" \/>\n<meta property=\"og:title\" content=\"Ma\u0219inu\u021b\u0103 teren verde - Juc\u0103rii din lemn fabricate \u00een Rom\u00e2nia!\" \/>\n<meta property=\"og:description\" content=\"Aceast\u0103 ma\u0219inu\u021b\u0103 din lemn este o juc\u0103rie clasic\u0103, realizat\u0103 cu aten\u021bie la detalii, perfect\u0103 pentru micii exploratori ai lumii. Fabricat\u0103 din lemn de calitate, neted \u0219i pl\u0103cut la atingere, ma\u0219inu\u021ba este vopsit\u0103 \u00eentr-o singur\u0103 culoare vibrant\u0103, oferind un aspect simplu, dar elegant, care stimuleaz\u0103 imagina\u021bia copiilor.\" \/>\n<meta property=\"og:url\" content=\"https:\/\/jucarii-lemn-online.ro\/produs\/masinuta-teren-verde\/\" \/>\n<meta property=\"og:site_name\" content=\"Juc\u0103rii din lemn fabricate \u00een Rom\u00e2nia!\" \/>\n<meta property=\"article:modified_time\" content=\"2025-07-19T17:04:01+00:00\" \/>\n<meta property=\"og:image\" content=\"https:\/\/jucarii-lemn-online.ro\/wp-content\/uploads\/2025\/07\/IMG_20191111_080636-scaled.jpg\" \/>\n\t<meta property=\"og:image:width\" content=\"2560\" \/>\n\t<meta property=\"og:image:height\" content=\"1920\" \/>\n\t<meta property=\"og:image:type\" content=\"image\/jpeg\" \/>\n<meta name=\"twitter:card\" content=\"summary_large_image\" \/>\n<meta name=\"twitter:label1\" content=\"Est. reading time\" \/>\n\t<meta name=\"twitter:data1\" content=\"1 minute\" \/>\n<script type=\"application\/ld+json\" class=\"yoast-schema-graph\">{\"@context\":\"https:\/\/schema.org\",\"@graph\":[{\"@type\":\"WebPage\",\"@id\":\"https:\/\/jucarii-lemn-online.ro\/produs\/masinuta-teren-verde\/\",\"url\":\"https:\/\/jucarii-lemn-online.ro\/produs\/masinuta-teren-verde\/\",\"name\":\"Ma\u0219inu\u021b\u0103 teren verde - Juc\u0103rii din lemn fabricate \u00een Rom\u00e2nia!\",\"isPartOf\":{\"@id\":\"https:\/\/jucarii-lemn-online.ro\/#website\"},\"primaryImageOfPage\":{\"@id\":\"https:\/\/jucarii-lemn-online.ro\/produs\/masinuta-teren-verde\/#primaryimage\"},\"image\":{\"@id\":\"https:\/\/jucarii-lemn-online.ro\/produs\/masinuta-teren-verde\/#primaryimage\"},\"thumbnailUrl\":\"https:\/\/jucarii-lemn-online.ro\/wp-content\/uploads\/2025\/07\/IMG_20191111_080636-scaled.jpg\",\"datePublished\":\"2025-07-19T16:22:26+00:00\",\"dateModified\":\"2025-07-19T17:04:01+00:00\",\"description\":\"Aceast\u0103 ma\u0219inu\u021b\u0103 din lemn este o juc\u0103rie clasic\u0103, realizat\u0103 cu aten\u021bie la detalii, perfect\u0103 pentru micii exploratori ai lumii. Fabricat\u0103 din lemn de calitate, neted \u0219i pl\u0103cut la atingere, ma\u0219inu\u021ba este vopsit\u0103 \u00eentr-o singur\u0103 culoare vibrant\u0103, oferind un aspect simplu, dar elegant, care stimuleaz\u0103 imagina\u021bia copiilor.\",\"breadcrumb\":{\"@id\":\"https:\/\/jucarii-lemn-online.ro\/produs\/masinuta-teren-verde\/#breadcrumb\"},\"inLanguage\":\"en-US\",\"potentialAction\":[{\"@type\":\"ReadAction\",\"target\":[\"https:\/\/jucarii-lemn-online.ro\/produs\/masinuta-teren-verde\/\"]}]},{\"@type\":\"ImageObject\",\"inLanguage\":\"en-US\",\"@id\":\"https:\/\/jucarii-lemn-online.ro\/produs\/masinuta-teren-verde\/#primaryimage\",\"url\":\"https:\/\/jucarii-lemn-online.ro\/wp-content\/uploads\/2025\/07\/IMG_20191111_080636-scaled.jpg\",\"contentUrl\":\"https:\/\/jucarii-lemn-online.ro\/wp-content\/uploads\/2025\/07\/IMG_20191111_080636-scaled.jpg\",\"width\":2560,\"height\":1920},{\"@type\":\"BreadcrumbList\",\"@id\":\"https:\/\/jucarii-lemn-online.ro\/produs\/masinuta-teren-verde\/#breadcrumb\",\"itemListElement\":[{\"@type\":\"ListItem\",\"position\":1,\"name\":\"Prima pagin\u0103\",\"item\":\"https:\/\/jucarii-lemn-online.ro\/en\/\"},{\"@type\":\"ListItem\",\"position\":2,\"name\":\"Shop\",\"item\":\"https:\/\/jucarii-lemn-online.ro\/en\/shop-2\/\"},{\"@type\":\"ListItem\",\"position\":3,\"name\":\"Ma\u0219inu\u021b\u0103 teren verde\"}]},{\"@type\":\"WebSite\",\"@id\":\"https:\/\/jucarii-lemn-online.ro\/#website\",\"url\":\"https:\/\/jucarii-lemn-online.ro\/\",\"name\":\"Juc\u0103rii din lemn fabricate \u00een Rom\u00e2nia!\",\"description\":\"Juc\u0103rii din lemn fabricate \u00een Rom\u00e2nia!\",\"potentialAction\":[{\"@type\":\"SearchAction\",\"target\":{\"@type\":\"EntryPoint\",\"urlTemplate\":\"https:\/\/jucarii-lemn-online.ro\/?s={search_term_string}\"},\"query-input\":{\"@type\":\"PropertyValueSpecification\",\"valueRequired\":true,\"valueName\":\"search_term_string\"}}],\"inLanguage\":\"en-US\"}]}<\/script>\n<!-- \/ Yoast SEO plugin. -->","yoast_head_json":{"title":"Ma\u0219inu\u021b\u0103 teren verde - Juc\u0103rii din lemn fabricate \u00een Rom\u00e2nia!","description":"Aceast\u0103 ma\u0219inu\u021b\u0103 din lemn este o juc\u0103rie clasic\u0103, realizat\u0103 cu aten\u021bie la detalii, perfect\u0103 pentru micii exploratori ai lumii. Fabricat\u0103 din lemn de calitate, neted \u0219i pl\u0103cut la atingere, ma\u0219inu\u021ba este vopsit\u0103 \u00eentr-o singur\u0103 culoare vibrant\u0103, oferind un aspect simplu, dar elegant, care stimuleaz\u0103 imagina\u021bia copiilor.","robots":{"index":"index","follow":"follow","max-snippet":"max-snippet:-1","max-image-preview":"max-image-preview:large","max-video-preview":"max-video-preview:-1"},"canonical":"https:\/\/jucarii-lemn-online.ro\/produs\/masinuta-teren-verde\/","og_locale":"en_US","og_type":"article","og_title":"Ma\u0219inu\u021b\u0103 teren verde - Juc\u0103rii din lemn fabricate \u00een Rom\u00e2nia!","og_description":"Aceast\u0103 ma\u0219inu\u021b\u0103 din lemn este o juc\u0103rie clasic\u0103, realizat\u0103 cu aten\u021bie la detalii, perfect\u0103 pentru micii exploratori ai lumii. Fabricat\u0103 din lemn de calitate, neted \u0219i pl\u0103cut la atingere, ma\u0219inu\u021ba este vopsit\u0103 \u00eentr-o singur\u0103 culoare vibrant\u0103, oferind un aspect simplu, dar elegant, care stimuleaz\u0103 imagina\u021bia copiilor.","og_url":"https:\/\/jucarii-lemn-online.ro\/produs\/masinuta-teren-verde\/","og_site_name":"Juc\u0103rii din lemn fabricate \u00een Rom\u00e2nia!","article_modified_time":"2025-07-19T17:04:01+00:00","og_image":[{"width":2560,"height":1920,"url":"https:\/\/jucarii-lemn-online.ro\/wp-content\/uploads\/2025\/07\/IMG_20191111_080636-scaled.jpg","type":"image\/jpeg"}],"twitter_card":"summary_large_image","twitter_misc":{"Est. reading time":"1 minute"},"schema":{"@context":"https:\/\/schema.org","@graph":[{"@type":"WebPage","@id":"https:\/\/jucarii-lemn-online.ro\/produs\/masinuta-teren-verde\/","url":"https:\/\/jucarii-lemn-online.ro\/produs\/masinuta-teren-verde\/","name":"Ma\u0219inu\u021b\u0103 teren verde - Juc\u0103rii din lemn fabricate \u00een Rom\u00e2nia!","isPartOf":{"@id":"https:\/\/jucarii-lemn-online.ro\/#website"},"primaryImageOfPage":{"@id":"https:\/\/jucarii-lemn-online.ro\/produs\/masinuta-teren-verde\/#primaryimage"},"image":{"@id":"https:\/\/jucarii-lemn-online.ro\/produs\/masinuta-teren-verde\/#primaryimage"},"thumbnailUrl":"https:\/\/jucarii-lemn-online.ro\/wp-content\/uploads\/2025\/07\/IMG_20191111_080636-scaled.jpg","datePublished":"2025-07-19T16:22:26+00:00","dateModified":"2025-07-19T17:04:01+00:00","description":"Aceast\u0103 ma\u0219inu\u021b\u0103 din lemn este o juc\u0103rie clasic\u0103, realizat\u0103 cu aten\u021bie la detalii, perfect\u0103 pentru micii exploratori ai lumii. Fabricat\u0103 din lemn de calitate, neted \u0219i pl\u0103cut la atingere, ma\u0219inu\u021ba este vopsit\u0103 \u00eentr-o singur\u0103 culoare vibrant\u0103, oferind un aspect simplu, dar elegant, care stimuleaz\u0103 imagina\u021bia copiilor.","breadcrumb":{"@id":"https:\/\/jucarii-lemn-online.ro\/produs\/masinuta-teren-verde\/#breadcrumb"},"inLanguage":"en-US","potentialAction":[{"@type":"ReadAction","target":["https:\/\/jucarii-lemn-online.ro\/produs\/masinuta-teren-verde\/"]}]},{"@type":"ImageObject","inLanguage":"en-US","@id":"https:\/\/jucarii-lemn-online.ro\/produs\/masinuta-teren-verde\/#primaryimage","url":"https:\/\/jucarii-lemn-online.ro\/wp-content\/uploads\/2025\/07\/IMG_20191111_080636-scaled.jpg","contentUrl":"https:\/\/jucarii-lemn-online.ro\/wp-content\/uploads\/2025\/07\/IMG_20191111_080636-scaled.jpg","width":2560,"height":1920},{"@type":"BreadcrumbList","@id":"https:\/\/jucarii-lemn-online.ro\/produs\/masinuta-teren-verde\/#breadcrumb","itemListElement":[{"@type":"ListItem","position":1,"name":"Prima pagin\u0103","item":"https:\/\/jucarii-lemn-online.ro\/en\/"},{"@type":"ListItem","position":2,"name":"Shop","item":"https:\/\/jucarii-lemn-online.ro\/en\/shop-2\/"},{"@type":"ListItem","position":3,"name":"Ma\u0219inu\u021b\u0103 teren verde"}]},{"@type":"WebSite","@id":"https:\/\/jucarii-lemn-online.ro\/#website","url":"https:\/\/jucarii-lemn-online.ro\/","name":"Juc\u0103rii din lemn fabricate \u00een Rom\u00e2nia!","description":"Juc\u0103rii din lemn fabricate \u00een Rom\u00e2nia!","potentialAction":[{"@type":"SearchAction","target":{"@type":"EntryPoint","urlTemplate":"https:\/\/jucarii-lemn-online.ro\/?s={search_term_string}"},"query-input":{"@type":"PropertyValueSpecification","valueRequired":true,"valueName":"search_term_string"}}],"inLanguage":"en-US"}]}},"_links":{"self":[{"href":"https:\/\/jucarii-lemn-online.ro\/en\/wp-json\/wp\/v2\/product\/4982","targetHints":{"allow":["GET"]}}],"collection":[{"href":"https:\/\/jucarii-lemn-online.ro\/en\/wp-json\/wp\/v2\/product"}],"about":[{"href":"https:\/\/jucarii-lemn-online.ro\/en\/wp-json\/wp\/v2\/types\/product"}],"wp:featuredmedia":[{"embeddable":true,"href":"https:\/\/jucarii-lemn-online.ro\/en\/wp-json\/wp\/v2\/media\/4986"}],"wp:attachment":[{"href":"https:\/\/jucarii-lemn-online.ro\/en\/wp-json\/wp\/v2\/media?parent=4982"}],"wp:term":[{"taxonomy":"product_brand","embeddable":true,"href":"https:\/\/jucarii-lemn-online.ro\/en\/wp-json\/wp\/v2\/product_brand?post=4982"},{"taxonomy":"product_cat","embeddable":true,"href":"https:\/\/jucarii-lemn-online.ro\/en\/wp-json\/wp\/v2\/product_cat?post=4982"},{"taxonomy":"product_tag","embeddable":true,"href":"https:\/\/jucarii-lemn-online.ro\/en\/wp-json\/wp\/v2\/product_tag?post=4982"}],"curies":[{"name":"wp","href":"https:\/\/api.w.org\/{rel}","templated":true}]}}