{"id":4979,"date":"2025-07-19T11:47:28","date_gmt":"2025-07-19T09:47:28","guid":{"rendered":"https:\/\/jucarii-lemn-online.ro\/?post_type=product&#038;p=4979"},"modified":"2026-01-16T11:45:49","modified_gmt":"2026-01-16T09:45:49","slug":"casuta-pictata-manual-cu-mandala-orange","status":"publish","type":"product","link":"https:\/\/jucarii-lemn-online.ro\/en\/produs\/casuta-pictata-manual-cu-mandala-orange\/","title":{"rendered":"C\u0103su\u021b\u0103 pictat\u0103 manual cu mandala &#8211; orange"},"content":{"rendered":"<p class=\"\" data-start=\"135\" data-end=\"401\">C\u0103su\u021b\u0103 mic\u0103 din lemn, pictat\u0103 manual \u0219i decorat\u0103 cu model mandala, care este \u00een acela\u0219i timp o decora\u021biune elegant\u0103 \u0219i o juc\u0103rie din lemn sigur\u0103.<\/p>\n<p class=\"\" data-start=\"135\" data-end=\"401\">Fabricat\u0103 din lemn natural, cu suprafa\u021b\u0103 atent \u0219lefuit\u0103 \u0219i vopsele vii, prietenoase cu copiii.<\/p>\n<p class=\"\" data-start=\"135\" data-end=\"401\">Alegerea perfect\u0103 pentru joac\u0103 creativ\u0103, jocuri de rol sau ca decora\u021biune plin\u0103 de farmec \u00een casa ta.<\/p>\n","protected":false},"excerpt":{"rendered":"<p class=\"\" data-start=\"135\" data-end=\"401\">C\u0103su\u021b\u0103 mic\u0103 din lemn, pictat\u0103 manual \u0219i decorat\u0103 cu model mandala, care este \u00een acela\u0219i timp o decora\u021biune elegant\u0103 \u0219i o juc\u0103rie din lemn sigur\u0103.<\/p>\n<p class=\"\" data-start=\"135\" data-end=\"401\">Fabricat\u0103 din lemn natural, cu suprafa\u021b\u0103 atent \u0219lefuit\u0103 \u0219i vopsele vii, prietenoase cu copiii.<\/p>\n<p class=\"\" data-start=\"135\" data-end=\"401\">Alegerea perfect\u0103 pentru joac\u0103 creativ\u0103, jocuri de rol sau ca decora\u021biune plin\u0103 de farmec \u00een casa ta.<\/p>\n","protected":false},"featured_media":5386,"template":"","meta":[],"product_brand":[],"product_cat":[259],"product_tag":[101,149,260],"class_list":{"0":"post-4979","1":"product","2":"type-product","3":"status-publish","4":"has-post-thumbnail","6":"product_cat-casute","7":"product_tag-casuta","8":"product_tag-cub-casuta","9":"product_tag-mandala","11":"first","12":"instock","13":"shipping-taxable","14":"purchasable","15":"product-type-simple"},"yoast_head":"<!-- This site is optimized with the Yoast SEO plugin v24.5 - https:\/\/yoast.com\/wordpress\/plugins\/seo\/ -->\n<title>C\u0103su\u021b\u0103 pictat\u0103 manual cu mandala - orange - Juc\u0103rii din lemn fabricate \u00een Rom\u00e2nia!<\/title>\n<meta name=\"description\" content=\"Adaug\u0103 un strop de magie \u0219i culoare \u00een spa\u021biul t\u0103u cu aceste c\u0103su\u021be din lemn pictate manual \u00een stil mandala!\" \/>\n<meta name=\"robots\" content=\"index, follow, max-snippet:-1, max-image-preview:large, max-video-preview:-1\" \/>\n<link rel=\"canonical\" href=\"https:\/\/jucarii-lemn-online.ro\/produs\/casuta-pictata-manual-cu-mandala-orange\/\" \/>\n<meta property=\"og:locale\" content=\"en_US\" \/>\n<meta property=\"og:type\" content=\"article\" \/>\n<meta property=\"og:title\" content=\"C\u0103su\u021b\u0103 pictat\u0103 manual cu mandala - orange - Juc\u0103rii din lemn fabricate \u00een Rom\u00e2nia!\" \/>\n<meta property=\"og:description\" content=\"Adaug\u0103 un strop de magie \u0219i culoare \u00een spa\u021biul t\u0103u cu aceste c\u0103su\u021be din lemn pictate manual \u00een stil mandala!\" \/>\n<meta property=\"og:url\" content=\"https:\/\/jucarii-lemn-online.ro\/produs\/casuta-pictata-manual-cu-mandala-orange\/\" \/>\n<meta property=\"og:site_name\" content=\"Juc\u0103rii din lemn fabricate \u00een Rom\u00e2nia!\" \/>\n<meta property=\"article:modified_time\" content=\"2026-01-16T09:45:49+00:00\" \/>\n<meta property=\"og:image\" content=\"https:\/\/jucarii-lemn-online.ro\/wp-content\/uploads\/2026\/01\/file_00000000f6cc71f4b985bda426515959.png\" \/>\n\t<meta property=\"og:image:width\" content=\"1024\" \/>\n\t<meta property=\"og:image:height\" content=\"1536\" \/>\n\t<meta property=\"og:image:type\" content=\"image\/png\" \/>\n<meta name=\"twitter:card\" content=\"summary_large_image\" \/>\n<meta name=\"twitter:label1\" content=\"Est. reading time\" \/>\n\t<meta name=\"twitter:data1\" content=\"1 minute\" \/>\n<script type=\"application\/ld+json\" class=\"yoast-schema-graph\">{\"@context\":\"https:\/\/schema.org\",\"@graph\":[{\"@type\":\"WebPage\",\"@id\":\"https:\/\/jucarii-lemn-online.ro\/produs\/casuta-pictata-manual-cu-mandala-orange\/\",\"url\":\"https:\/\/jucarii-lemn-online.ro\/produs\/casuta-pictata-manual-cu-mandala-orange\/\",\"name\":\"C\u0103su\u021b\u0103 pictat\u0103 manual cu mandala - orange - Juc\u0103rii din lemn fabricate \u00een Rom\u00e2nia!\",\"isPartOf\":{\"@id\":\"https:\/\/jucarii-lemn-online.ro\/#website\"},\"primaryImageOfPage\":{\"@id\":\"https:\/\/jucarii-lemn-online.ro\/produs\/casuta-pictata-manual-cu-mandala-orange\/#primaryimage\"},\"image\":{\"@id\":\"https:\/\/jucarii-lemn-online.ro\/produs\/casuta-pictata-manual-cu-mandala-orange\/#primaryimage\"},\"thumbnailUrl\":\"https:\/\/jucarii-lemn-online.ro\/wp-content\/uploads\/2026\/01\/file_00000000f6cc71f4b985bda426515959.png\",\"datePublished\":\"2025-07-19T09:47:28+00:00\",\"dateModified\":\"2026-01-16T09:45:49+00:00\",\"description\":\"Adaug\u0103 un strop de magie \u0219i culoare \u00een spa\u021biul t\u0103u cu aceste c\u0103su\u021be din lemn pictate manual \u00een stil mandala!\",\"breadcrumb\":{\"@id\":\"https:\/\/jucarii-lemn-online.ro\/produs\/casuta-pictata-manual-cu-mandala-orange\/#breadcrumb\"},\"inLanguage\":\"en-US\",\"potentialAction\":[{\"@type\":\"ReadAction\",\"target\":[\"https:\/\/jucarii-lemn-online.ro\/produs\/casuta-pictata-manual-cu-mandala-orange\/\"]}]},{\"@type\":\"ImageObject\",\"inLanguage\":\"en-US\",\"@id\":\"https:\/\/jucarii-lemn-online.ro\/produs\/casuta-pictata-manual-cu-mandala-orange\/#primaryimage\",\"url\":\"https:\/\/jucarii-lemn-online.ro\/wp-content\/uploads\/2026\/01\/file_00000000f6cc71f4b985bda426515959.png\",\"contentUrl\":\"https:\/\/jucarii-lemn-online.ro\/wp-content\/uploads\/2026\/01\/file_00000000f6cc71f4b985bda426515959.png\",\"width\":1024,\"height\":1536},{\"@type\":\"BreadcrumbList\",\"@id\":\"https:\/\/jucarii-lemn-online.ro\/produs\/casuta-pictata-manual-cu-mandala-orange\/#breadcrumb\",\"itemListElement\":[{\"@type\":\"ListItem\",\"position\":1,\"name\":\"Prima pagin\u0103\",\"item\":\"https:\/\/jucarii-lemn-online.ro\/en\/\"},{\"@type\":\"ListItem\",\"position\":2,\"name\":\"Shop\",\"item\":\"https:\/\/jucarii-lemn-online.ro\/en\/shop-2\/\"},{\"@type\":\"ListItem\",\"position\":3,\"name\":\"C\u0103su\u021b\u0103 pictat\u0103 manual cu mandala &#8211; orange\"}]},{\"@type\":\"WebSite\",\"@id\":\"https:\/\/jucarii-lemn-online.ro\/#website\",\"url\":\"https:\/\/jucarii-lemn-online.ro\/\",\"name\":\"Juc\u0103rii din lemn fabricate \u00een Rom\u00e2nia!\",\"description\":\"Juc\u0103rii din lemn fabricate \u00een Rom\u00e2nia!\",\"potentialAction\":[{\"@type\":\"SearchAction\",\"target\":{\"@type\":\"EntryPoint\",\"urlTemplate\":\"https:\/\/jucarii-lemn-online.ro\/?s={search_term_string}\"},\"query-input\":{\"@type\":\"PropertyValueSpecification\",\"valueRequired\":true,\"valueName\":\"search_term_string\"}}],\"inLanguage\":\"en-US\"}]}<\/script>\n<!-- \/ Yoast SEO plugin. -->","yoast_head_json":{"title":"C\u0103su\u021b\u0103 pictat\u0103 manual cu mandala - orange - Juc\u0103rii din lemn fabricate \u00een Rom\u00e2nia!","description":"Adaug\u0103 un strop de magie \u0219i culoare \u00een spa\u021biul t\u0103u cu aceste c\u0103su\u021be din lemn pictate manual \u00een stil mandala!","robots":{"index":"index","follow":"follow","max-snippet":"max-snippet:-1","max-image-preview":"max-image-preview:large","max-video-preview":"max-video-preview:-1"},"canonical":"https:\/\/jucarii-lemn-online.ro\/produs\/casuta-pictata-manual-cu-mandala-orange\/","og_locale":"en_US","og_type":"article","og_title":"C\u0103su\u021b\u0103 pictat\u0103 manual cu mandala - orange - Juc\u0103rii din lemn fabricate \u00een Rom\u00e2nia!","og_description":"Adaug\u0103 un strop de magie \u0219i culoare \u00een spa\u021biul t\u0103u cu aceste c\u0103su\u021be din lemn pictate manual \u00een stil mandala!","og_url":"https:\/\/jucarii-lemn-online.ro\/produs\/casuta-pictata-manual-cu-mandala-orange\/","og_site_name":"Juc\u0103rii din lemn fabricate \u00een Rom\u00e2nia!","article_modified_time":"2026-01-16T09:45:49+00:00","og_image":[{"width":1024,"height":1536,"url":"https:\/\/jucarii-lemn-online.ro\/wp-content\/uploads\/2026\/01\/file_00000000f6cc71f4b985bda426515959.png","type":"image\/png"}],"twitter_card":"summary_large_image","twitter_misc":{"Est. reading time":"1 minute"},"schema":{"@context":"https:\/\/schema.org","@graph":[{"@type":"WebPage","@id":"https:\/\/jucarii-lemn-online.ro\/produs\/casuta-pictata-manual-cu-mandala-orange\/","url":"https:\/\/jucarii-lemn-online.ro\/produs\/casuta-pictata-manual-cu-mandala-orange\/","name":"C\u0103su\u021b\u0103 pictat\u0103 manual cu mandala - orange - Juc\u0103rii din lemn fabricate \u00een Rom\u00e2nia!","isPartOf":{"@id":"https:\/\/jucarii-lemn-online.ro\/#website"},"primaryImageOfPage":{"@id":"https:\/\/jucarii-lemn-online.ro\/produs\/casuta-pictata-manual-cu-mandala-orange\/#primaryimage"},"image":{"@id":"https:\/\/jucarii-lemn-online.ro\/produs\/casuta-pictata-manual-cu-mandala-orange\/#primaryimage"},"thumbnailUrl":"https:\/\/jucarii-lemn-online.ro\/wp-content\/uploads\/2026\/01\/file_00000000f6cc71f4b985bda426515959.png","datePublished":"2025-07-19T09:47:28+00:00","dateModified":"2026-01-16T09:45:49+00:00","description":"Adaug\u0103 un strop de magie \u0219i culoare \u00een spa\u021biul t\u0103u cu aceste c\u0103su\u021be din lemn pictate manual \u00een stil mandala!","breadcrumb":{"@id":"https:\/\/jucarii-lemn-online.ro\/produs\/casuta-pictata-manual-cu-mandala-orange\/#breadcrumb"},"inLanguage":"en-US","potentialAction":[{"@type":"ReadAction","target":["https:\/\/jucarii-lemn-online.ro\/produs\/casuta-pictata-manual-cu-mandala-orange\/"]}]},{"@type":"ImageObject","inLanguage":"en-US","@id":"https:\/\/jucarii-lemn-online.ro\/produs\/casuta-pictata-manual-cu-mandala-orange\/#primaryimage","url":"https:\/\/jucarii-lemn-online.ro\/wp-content\/uploads\/2026\/01\/file_00000000f6cc71f4b985bda426515959.png","contentUrl":"https:\/\/jucarii-lemn-online.ro\/wp-content\/uploads\/2026\/01\/file_00000000f6cc71f4b985bda426515959.png","width":1024,"height":1536},{"@type":"BreadcrumbList","@id":"https:\/\/jucarii-lemn-online.ro\/produs\/casuta-pictata-manual-cu-mandala-orange\/#breadcrumb","itemListElement":[{"@type":"ListItem","position":1,"name":"Prima pagin\u0103","item":"https:\/\/jucarii-lemn-online.ro\/en\/"},{"@type":"ListItem","position":2,"name":"Shop","item":"https:\/\/jucarii-lemn-online.ro\/en\/shop-2\/"},{"@type":"ListItem","position":3,"name":"C\u0103su\u021b\u0103 pictat\u0103 manual cu mandala &#8211; orange"}]},{"@type":"WebSite","@id":"https:\/\/jucarii-lemn-online.ro\/#website","url":"https:\/\/jucarii-lemn-online.ro\/","name":"Juc\u0103rii din lemn fabricate \u00een Rom\u00e2nia!","description":"Juc\u0103rii din lemn fabricate \u00een Rom\u00e2nia!","potentialAction":[{"@type":"SearchAction","target":{"@type":"EntryPoint","urlTemplate":"https:\/\/jucarii-lemn-online.ro\/?s={search_term_string}"},"query-input":{"@type":"PropertyValueSpecification","valueRequired":true,"valueName":"search_term_string"}}],"inLanguage":"en-US"}]}},"_links":{"self":[{"href":"https:\/\/jucarii-lemn-online.ro\/en\/wp-json\/wp\/v2\/product\/4979","targetHints":{"allow":["GET"]}}],"collection":[{"href":"https:\/\/jucarii-lemn-online.ro\/en\/wp-json\/wp\/v2\/product"}],"about":[{"href":"https:\/\/jucarii-lemn-online.ro\/en\/wp-json\/wp\/v2\/types\/product"}],"wp:featuredmedia":[{"embeddable":true,"href":"https:\/\/jucarii-lemn-online.ro\/en\/wp-json\/wp\/v2\/media\/5386"}],"wp:attachment":[{"href":"https:\/\/jucarii-lemn-online.ro\/en\/wp-json\/wp\/v2\/media?parent=4979"}],"wp:term":[{"taxonomy":"product_brand","embeddable":true,"href":"https:\/\/jucarii-lemn-online.ro\/en\/wp-json\/wp\/v2\/product_brand?post=4979"},{"taxonomy":"product_cat","embeddable":true,"href":"https:\/\/jucarii-lemn-online.ro\/en\/wp-json\/wp\/v2\/product_cat?post=4979"},{"taxonomy":"product_tag","embeddable":true,"href":"https:\/\/jucarii-lemn-online.ro\/en\/wp-json\/wp\/v2\/product_tag?post=4979"}],"curies":[{"name":"wp","href":"https:\/\/api.w.org\/{rel}","templated":true}]}}