{"id":4956,"date":"2025-06-04T09:40:34","date_gmt":"2025-06-04T07:40:34","guid":{"rendered":"https:\/\/jucarii-lemn-online.ro\/?post_type=product&#038;p=4956"},"modified":"2025-10-06T17:09:48","modified_gmt":"2025-10-06T15:09:48","slug":"bibo-az-erzelmi-intelligencia-fejleszto-fajatek","status":"publish","type":"product","link":"https:\/\/jucarii-lemn-online.ro\/en\/produs\/bibo-az-erzelmi-intelligencia-fejleszto-fajatek\/","title":{"rendered":"Bib\u00f3 \u2013 Az \u00e9rzelmi intelligencia fejleszt\u0151 faj\u00e1t\u00e9k"},"content":{"rendered":"<p>A Bib\u00f3 egy k\u00fcl\u00f6nleges, k\u00e9zzel k\u00e9sz\u00edtett faj\u00e1t\u00e9k, amely seg\u00edt a gyermekek \u00e9rzelmi intelligenci\u00e1j\u00e1nak fejleszt\u00e9s\u00e9ben. A j\u00e1t\u00e9k c\u00e9lja, hogy megtan\u00edtsa a kicsiket saj\u00e1t \u00e9s m\u00e1sok \u00e9rz\u00e9seinek felismer\u00e9s\u00e9re, kifejez\u00e8s\u00e8re, mik\u00f6zben t\u00e1mogatja a sz\u00f3kincs, besz\u00e9dk\u00e9szs\u00e9g, sz\u00f6veg\u00e8rt\u00e8s, figyelem, mem\u00f3ria \u00e9s finommotorika fejl\u0151d\u00e9s\u00e9t.<br class=\"html-br\" \/><br class=\"html-br\" \/>A szett tartalma:<br class=\"html-br\" \/><span class=\"html-span xexx8yu x4uap5 x18d9i69 xkhd6sd x1hl2dhg x16tdsg8 x1vvkbs x3nfvp2 x1j61x8r x1fcty0u xdj266r xat24cr xgzva0m xhhsvwb xxymvpz xlup9mm x1kky2od\"><img loading=\"lazy\" decoding=\"async\" class=\"xz74otr x168nmei x13lgxp2 x5pf9jr xo71vjh\" src=\"https:\/\/static.xx.fbcdn.net\/images\/emoji.php\/v9\/t33\/1\/16\/2705.png\" alt=\"\u2705\" width=\"16\" height=\"16\" \/><\/span>\u00a05 db fa figura \u2013 \u00d6r\u00f6m, b\u00e1nat, d\u00fch, meglep\u0151d\u00e9s, f\u00e9lelem<br class=\"html-br\" \/><span class=\"html-span xexx8yu x4uap5 x18d9i69 xkhd6sd x1hl2dhg x16tdsg8 x1vvkbs x3nfvp2 x1j61x8r x1fcty0u xdj266r xat24cr xgzva0m xhhsvwb xxymvpz xlup9mm x1kky2od\"><img loading=\"lazy\" decoding=\"async\" class=\"xz74otr x168nmei x13lgxp2 x5pf9jr xo71vjh\" src=\"https:\/\/static.xx.fbcdn.net\/images\/emoji.php\/v9\/t33\/1\/16\/2705.png\" alt=\"\u2705\" width=\"16\" height=\"16\" \/><\/span>\u00a07 j\u00e1t\u00e9k\u00f6tlet a sz\u00fcl\u0151knek<br class=\"html-br\" \/><span class=\"html-span xexx8yu x4uap5 x18d9i69 xkhd6sd x1hl2dhg x16tdsg8 x1vvkbs x3nfvp2 x1j61x8r x1fcty0u xdj266r xat24cr xgzva0m xhhsvwb xxymvpz xlup9mm x1kky2od\"><img loading=\"lazy\" decoding=\"async\" class=\"xz74otr x168nmei x13lgxp2 x5pf9jr xo71vjh\" src=\"https:\/\/static.xx.fbcdn.net\/images\/emoji.php\/v9\/t33\/1\/16\/2705.png\" alt=\"\u2705\" width=\"16\" height=\"16\" \/><\/span>\u00a0Praktikus t\u00e1rol\u00f3zs\u00e1k<br class=\"html-br\" \/><br class=\"html-br\" \/>\u00a0Term\u00e9szetes, gyermekbar\u00e1t anyagok \u2013 t\u00f6k\u00e9letes a kis kezek sz\u00e1m\u00e1ra!<\/p>\n","protected":false},"excerpt":{"rendered":"<p>A Bib\u00f3 egy k\u00fcl\u00f6nleges, k\u00e9zzel k\u00e9sz\u00edtett faj\u00e1t\u00e9k, amely seg\u00edt a gyermekek \u00e9rzelmi intelligenci\u00e1j\u00e1nak fejleszt\u00e9s\u00e9ben. A j\u00e1t\u00e9k c\u00e9lja, hogy megtan\u00edtsa a kicsiket saj\u00e1t \u00e9s m\u00e1sok \u00e9rz\u00e9seinek felismer\u00e9s\u00e9re, kifejez\u00e8s\u00e8re, mik\u00f6zben t\u00e1mogatja a sz\u00f3kincs, besz\u00e9dk\u00e9szs\u00e9g, sz\u00f6veg\u00e8rt\u00e8s, figyelem, mem\u00f3ria \u00e9s finommotorika fejl\u0151d\u00e9s\u00e9t.<br class=\"html-br\" \/><br class=\"html-br\" \/>A szett tartalma:<br class=\"html-br\" \/><span class=\"html-span xexx8yu x4uap5 x18d9i69 xkhd6sd x1hl2dhg x16tdsg8 x1vvkbs x3nfvp2 x1j61x8r x1fcty0u xdj266r xat24cr xgzva0m xhhsvwb xxymvpz xlup9mm x1kky2od\"><img loading=\"lazy\" decoding=\"async\" class=\"xz74otr x168nmei x13lgxp2 x5pf9jr xo71vjh\" src=\"https:\/\/static.xx.fbcdn.net\/images\/emoji.php\/v9\/t33\/1\/16\/2705.png\" alt=\"\u2705\" width=\"16\" height=\"16\" \/><\/span>\u00a05 db fa figura \u2013 \u00d6r\u00f6m, b\u00e1nat, d\u00fch, meglep\u0151d\u00e9s, f\u00e9lelem<br class=\"html-br\" \/><span class=\"html-span xexx8yu x4uap5 x18d9i69 xkhd6sd x1hl2dhg x16tdsg8 x1vvkbs x3nfvp2 x1j61x8r x1fcty0u xdj266r xat24cr xgzva0m xhhsvwb xxymvpz xlup9mm x1kky2od\"><img loading=\"lazy\" decoding=\"async\" class=\"xz74otr x168nmei x13lgxp2 x5pf9jr xo71vjh\" src=\"https:\/\/static.xx.fbcdn.net\/images\/emoji.php\/v9\/t33\/1\/16\/2705.png\" alt=\"\u2705\" width=\"16\" height=\"16\" \/><\/span>\u00a07 j\u00e1t\u00e9k\u00f6tlet a sz\u00fcl\u0151knek<br class=\"html-br\" \/><span class=\"html-span xexx8yu x4uap5 x18d9i69 xkhd6sd x1hl2dhg x16tdsg8 x1vvkbs x3nfvp2 x1j61x8r x1fcty0u xdj266r xat24cr xgzva0m xhhsvwb xxymvpz xlup9mm x1kky2od\"><img loading=\"lazy\" decoding=\"async\" class=\"xz74otr x168nmei x13lgxp2 x5pf9jr xo71vjh\" src=\"https:\/\/static.xx.fbcdn.net\/images\/emoji.php\/v9\/t33\/1\/16\/2705.png\" alt=\"\u2705\" width=\"16\" height=\"16\" \/><\/span>\u00a0Praktikus t\u00e1rol\u00f3zs\u00e1k<br class=\"html-br\" \/><br class=\"html-br\" \/>\u00a0Term\u00e9szetes, gyermekbar\u00e1t anyagok \u2013 t\u00f6k\u00e9letes a kis kezek sz\u00e1m\u00e1ra!<\/p>\n","protected":false},"featured_media":4957,"template":"","meta":[],"product_brand":[],"product_cat":[117],"product_tag":[261],"class_list":{"0":"post-4956","1":"product","2":"type-product","3":"status-publish","4":"has-post-thumbnail","6":"product_cat-jucarii-woodentoys","7":"product_tag-bibo","9":"first","10":"instock","11":"shipping-taxable","12":"purchasable","13":"product-type-simple"},"yoast_head":"<!-- This site is optimized with the Yoast SEO plugin v24.5 - https:\/\/yoast.com\/wordpress\/plugins\/seo\/ -->\n<title>Bib\u00f3 \u2013 Az \u00e9rzelmi intelligencia fejleszt\u0151 faj\u00e1t\u00e9k - Juc\u0103rii din lemn fabricate \u00een Rom\u00e2nia!<\/title>\n<meta name=\"description\" content=\"A Bib\u00f3 egy k\u00fcl\u00f6nleges, k\u00e9zzel k\u00e9sz\u00edtett faj\u00e1t\u00e9k, amely seg\u00edt a gyermekek \u00e9rzelmi intelligenci\u00e1j\u00e1nak fejleszt\u00e9s\u00e9ben. A j\u00e1t\u00e9k c\u00e9lja, hogy megtan\u00edtsa a kicsiket saj\u00e1t \u00e9s m\u00e1sok \u00e9rz\u00e9seinek felismer\u00e9s\u00e9re, kifejez\u00e8s\u00e8re, mik\u00f6zben t\u00e1mogatja a sz\u00f3kincs, besz\u00e9dk\u00e9szs\u00e9g, sz\u00f6veg\u00e8rt\u00e8s, figyelem, mem\u00f3ria \u00e9s finommotorika fejl\u0151d\u00e9s\u00e9t.A szett tartalma:\u00a05 db fa figura \u2013 \u00d6r\u00f6m, b\u00e1nat, d\u00fch, meglep\u0151d\u00e9s, f\u00e9lelem\u00a07 j\u00e1t\u00e9k\u00f6tlet a sz\u00fcl\u0151knek\u00a0Praktikus t\u00e1rol\u00f3zs\u00e1k\u00a0Term\u00e9szetes, gyermekbar\u00e1t anyagok \u2013 t\u00f6k\u00e9letes a kis kezek sz\u00e1m\u00e1ra!\" \/>\n<meta name=\"robots\" content=\"index, follow, max-snippet:-1, max-image-preview:large, max-video-preview:-1\" \/>\n<link rel=\"canonical\" href=\"https:\/\/jucarii-lemn-online.ro\/produs\/bibo-az-erzelmi-intelligencia-fejleszto-fajatek\/\" \/>\n<meta property=\"og:locale\" content=\"en_US\" \/>\n<meta property=\"og:type\" content=\"article\" \/>\n<meta property=\"og:title\" content=\"Bib\u00f3 \u2013 Az \u00e9rzelmi intelligencia fejleszt\u0151 faj\u00e1t\u00e9k - Juc\u0103rii din lemn fabricate \u00een Rom\u00e2nia!\" \/>\n<meta property=\"og:description\" content=\"A Bib\u00f3 egy k\u00fcl\u00f6nleges, k\u00e9zzel k\u00e9sz\u00edtett faj\u00e1t\u00e9k, amely seg\u00edt a gyermekek \u00e9rzelmi intelligenci\u00e1j\u00e1nak fejleszt\u00e9s\u00e9ben. A j\u00e1t\u00e9k c\u00e9lja, hogy megtan\u00edtsa a kicsiket saj\u00e1t \u00e9s m\u00e1sok \u00e9rz\u00e9seinek felismer\u00e9s\u00e9re, kifejez\u00e8s\u00e8re, mik\u00f6zben t\u00e1mogatja a sz\u00f3kincs, besz\u00e9dk\u00e9szs\u00e9g, sz\u00f6veg\u00e8rt\u00e8s, figyelem, mem\u00f3ria \u00e9s finommotorika fejl\u0151d\u00e9s\u00e9t.A szett tartalma:\u00a05 db fa figura \u2013 \u00d6r\u00f6m, b\u00e1nat, d\u00fch, meglep\u0151d\u00e9s, f\u00e9lelem\u00a07 j\u00e1t\u00e9k\u00f6tlet a sz\u00fcl\u0151knek\u00a0Praktikus t\u00e1rol\u00f3zs\u00e1k\u00a0Term\u00e9szetes, gyermekbar\u00e1t anyagok \u2013 t\u00f6k\u00e9letes a kis kezek sz\u00e1m\u00e1ra!\" \/>\n<meta property=\"og:url\" content=\"https:\/\/jucarii-lemn-online.ro\/produs\/bibo-az-erzelmi-intelligencia-fejleszto-fajatek\/\" \/>\n<meta property=\"og:site_name\" content=\"Juc\u0103rii din lemn fabricate \u00een Rom\u00e2nia!\" \/>\n<meta property=\"article:modified_time\" content=\"2025-10-06T15:09:48+00:00\" \/>\n<meta property=\"og:image\" content=\"https:\/\/jucarii-lemn-online.ro\/wp-content\/uploads\/2025\/06\/bibo.jpg\" \/>\n\t<meta property=\"og:image:width\" content=\"2048\" \/>\n\t<meta property=\"og:image:height\" content=\"2048\" \/>\n\t<meta property=\"og:image:type\" content=\"image\/jpeg\" \/>\n<meta name=\"twitter:card\" content=\"summary_large_image\" \/>\n<meta name=\"twitter:label1\" content=\"Est. reading time\" \/>\n\t<meta name=\"twitter:data1\" content=\"2 minutes\" \/>\n<script type=\"application\/ld+json\" class=\"yoast-schema-graph\">{\"@context\":\"https:\/\/schema.org\",\"@graph\":[{\"@type\":\"WebPage\",\"@id\":\"https:\/\/jucarii-lemn-online.ro\/produs\/bibo-az-erzelmi-intelligencia-fejleszto-fajatek\/\",\"url\":\"https:\/\/jucarii-lemn-online.ro\/produs\/bibo-az-erzelmi-intelligencia-fejleszto-fajatek\/\",\"name\":\"Bib\u00f3 \u2013 Az \u00e9rzelmi intelligencia fejleszt\u0151 faj\u00e1t\u00e9k - Juc\u0103rii din lemn fabricate \u00een Rom\u00e2nia!\",\"isPartOf\":{\"@id\":\"https:\/\/jucarii-lemn-online.ro\/#website\"},\"primaryImageOfPage\":{\"@id\":\"https:\/\/jucarii-lemn-online.ro\/produs\/bibo-az-erzelmi-intelligencia-fejleszto-fajatek\/#primaryimage\"},\"image\":{\"@id\":\"https:\/\/jucarii-lemn-online.ro\/produs\/bibo-az-erzelmi-intelligencia-fejleszto-fajatek\/#primaryimage\"},\"thumbnailUrl\":\"https:\/\/jucarii-lemn-online.ro\/wp-content\/uploads\/2025\/06\/bibo.jpg\",\"datePublished\":\"2025-06-04T07:40:34+00:00\",\"dateModified\":\"2025-10-06T15:09:48+00:00\",\"description\":\"A Bib\u00f3 egy k\u00fcl\u00f6nleges, k\u00e9zzel k\u00e9sz\u00edtett faj\u00e1t\u00e9k, amely seg\u00edt a gyermekek \u00e9rzelmi intelligenci\u00e1j\u00e1nak fejleszt\u00e9s\u00e9ben. A j\u00e1t\u00e9k c\u00e9lja, hogy megtan\u00edtsa a kicsiket saj\u00e1t \u00e9s m\u00e1sok \u00e9rz\u00e9seinek felismer\u00e9s\u00e9re, kifejez\u00e8s\u00e8re, mik\u00f6zben t\u00e1mogatja a sz\u00f3kincs, besz\u00e9dk\u00e9szs\u00e9g, sz\u00f6veg\u00e8rt\u00e8s, figyelem, mem\u00f3ria \u00e9s finommotorika fejl\u0151d\u00e9s\u00e9t.A szett tartalma:\u00a05 db fa figura \u2013 \u00d6r\u00f6m, b\u00e1nat, d\u00fch, meglep\u0151d\u00e9s, f\u00e9lelem\u00a07 j\u00e1t\u00e9k\u00f6tlet a sz\u00fcl\u0151knek\u00a0Praktikus t\u00e1rol\u00f3zs\u00e1k\u00a0Term\u00e9szetes, gyermekbar\u00e1t anyagok \u2013 t\u00f6k\u00e9letes a kis kezek sz\u00e1m\u00e1ra!\",\"breadcrumb\":{\"@id\":\"https:\/\/jucarii-lemn-online.ro\/produs\/bibo-az-erzelmi-intelligencia-fejleszto-fajatek\/#breadcrumb\"},\"inLanguage\":\"en-US\",\"potentialAction\":[{\"@type\":\"ReadAction\",\"target\":[\"https:\/\/jucarii-lemn-online.ro\/produs\/bibo-az-erzelmi-intelligencia-fejleszto-fajatek\/\"]}]},{\"@type\":\"ImageObject\",\"inLanguage\":\"en-US\",\"@id\":\"https:\/\/jucarii-lemn-online.ro\/produs\/bibo-az-erzelmi-intelligencia-fejleszto-fajatek\/#primaryimage\",\"url\":\"https:\/\/jucarii-lemn-online.ro\/wp-content\/uploads\/2025\/06\/bibo.jpg\",\"contentUrl\":\"https:\/\/jucarii-lemn-online.ro\/wp-content\/uploads\/2025\/06\/bibo.jpg\",\"width\":2048,\"height\":2048},{\"@type\":\"BreadcrumbList\",\"@id\":\"https:\/\/jucarii-lemn-online.ro\/produs\/bibo-az-erzelmi-intelligencia-fejleszto-fajatek\/#breadcrumb\",\"itemListElement\":[{\"@type\":\"ListItem\",\"position\":1,\"name\":\"Prima pagin\u0103\",\"item\":\"https:\/\/jucarii-lemn-online.ro\/en\/\"},{\"@type\":\"ListItem\",\"position\":2,\"name\":\"Shop\",\"item\":\"https:\/\/jucarii-lemn-online.ro\/en\/shop-2\/\"},{\"@type\":\"ListItem\",\"position\":3,\"name\":\"Bib\u00f3 \u2013 Az \u00e9rzelmi intelligencia fejleszt\u0151 faj\u00e1t\u00e9k\"}]},{\"@type\":\"WebSite\",\"@id\":\"https:\/\/jucarii-lemn-online.ro\/#website\",\"url\":\"https:\/\/jucarii-lemn-online.ro\/\",\"name\":\"Juc\u0103rii din lemn fabricate \u00een Rom\u00e2nia!\",\"description\":\"Juc\u0103rii din lemn fabricate \u00een Rom\u00e2nia!\",\"potentialAction\":[{\"@type\":\"SearchAction\",\"target\":{\"@type\":\"EntryPoint\",\"urlTemplate\":\"https:\/\/jucarii-lemn-online.ro\/?s={search_term_string}\"},\"query-input\":{\"@type\":\"PropertyValueSpecification\",\"valueRequired\":true,\"valueName\":\"search_term_string\"}}],\"inLanguage\":\"en-US\"}]}<\/script>\n<!-- \/ Yoast SEO plugin. -->","yoast_head_json":{"title":"Bib\u00f3 \u2013 Az \u00e9rzelmi intelligencia fejleszt\u0151 faj\u00e1t\u00e9k - Juc\u0103rii din lemn fabricate \u00een Rom\u00e2nia!","description":"A Bib\u00f3 egy k\u00fcl\u00f6nleges, k\u00e9zzel k\u00e9sz\u00edtett faj\u00e1t\u00e9k, amely seg\u00edt a gyermekek \u00e9rzelmi intelligenci\u00e1j\u00e1nak fejleszt\u00e9s\u00e9ben. A j\u00e1t\u00e9k c\u00e9lja, hogy megtan\u00edtsa a kicsiket saj\u00e1t \u00e9s m\u00e1sok \u00e9rz\u00e9seinek felismer\u00e9s\u00e9re, kifejez\u00e8s\u00e8re, mik\u00f6zben t\u00e1mogatja a sz\u00f3kincs, besz\u00e9dk\u00e9szs\u00e9g, sz\u00f6veg\u00e8rt\u00e8s, figyelem, mem\u00f3ria \u00e9s finommotorika fejl\u0151d\u00e9s\u00e9t.A szett tartalma:\u00a05 db fa figura \u2013 \u00d6r\u00f6m, b\u00e1nat, d\u00fch, meglep\u0151d\u00e9s, f\u00e9lelem\u00a07 j\u00e1t\u00e9k\u00f6tlet a sz\u00fcl\u0151knek\u00a0Praktikus t\u00e1rol\u00f3zs\u00e1k\u00a0Term\u00e9szetes, gyermekbar\u00e1t anyagok \u2013 t\u00f6k\u00e9letes a kis kezek sz\u00e1m\u00e1ra!","robots":{"index":"index","follow":"follow","max-snippet":"max-snippet:-1","max-image-preview":"max-image-preview:large","max-video-preview":"max-video-preview:-1"},"canonical":"https:\/\/jucarii-lemn-online.ro\/produs\/bibo-az-erzelmi-intelligencia-fejleszto-fajatek\/","og_locale":"en_US","og_type":"article","og_title":"Bib\u00f3 \u2013 Az \u00e9rzelmi intelligencia fejleszt\u0151 faj\u00e1t\u00e9k - Juc\u0103rii din lemn fabricate \u00een Rom\u00e2nia!","og_description":"A Bib\u00f3 egy k\u00fcl\u00f6nleges, k\u00e9zzel k\u00e9sz\u00edtett faj\u00e1t\u00e9k, amely seg\u00edt a gyermekek \u00e9rzelmi intelligenci\u00e1j\u00e1nak fejleszt\u00e9s\u00e9ben. A j\u00e1t\u00e9k c\u00e9lja, hogy megtan\u00edtsa a kicsiket saj\u00e1t \u00e9s m\u00e1sok \u00e9rz\u00e9seinek felismer\u00e9s\u00e9re, kifejez\u00e8s\u00e8re, mik\u00f6zben t\u00e1mogatja a sz\u00f3kincs, besz\u00e9dk\u00e9szs\u00e9g, sz\u00f6veg\u00e8rt\u00e8s, figyelem, mem\u00f3ria \u00e9s finommotorika fejl\u0151d\u00e9s\u00e9t.A szett tartalma:\u00a05 db fa figura \u2013 \u00d6r\u00f6m, b\u00e1nat, d\u00fch, meglep\u0151d\u00e9s, f\u00e9lelem\u00a07 j\u00e1t\u00e9k\u00f6tlet a sz\u00fcl\u0151knek\u00a0Praktikus t\u00e1rol\u00f3zs\u00e1k\u00a0Term\u00e9szetes, gyermekbar\u00e1t anyagok \u2013 t\u00f6k\u00e9letes a kis kezek sz\u00e1m\u00e1ra!","og_url":"https:\/\/jucarii-lemn-online.ro\/produs\/bibo-az-erzelmi-intelligencia-fejleszto-fajatek\/","og_site_name":"Juc\u0103rii din lemn fabricate \u00een Rom\u00e2nia!","article_modified_time":"2025-10-06T15:09:48+00:00","og_image":[{"width":2048,"height":2048,"url":"https:\/\/jucarii-lemn-online.ro\/wp-content\/uploads\/2025\/06\/bibo.jpg","type":"image\/jpeg"}],"twitter_card":"summary_large_image","twitter_misc":{"Est. reading time":"2 minutes"},"schema":{"@context":"https:\/\/schema.org","@graph":[{"@type":"WebPage","@id":"https:\/\/jucarii-lemn-online.ro\/produs\/bibo-az-erzelmi-intelligencia-fejleszto-fajatek\/","url":"https:\/\/jucarii-lemn-online.ro\/produs\/bibo-az-erzelmi-intelligencia-fejleszto-fajatek\/","name":"Bib\u00f3 \u2013 Az \u00e9rzelmi intelligencia fejleszt\u0151 faj\u00e1t\u00e9k - Juc\u0103rii din lemn fabricate \u00een Rom\u00e2nia!","isPartOf":{"@id":"https:\/\/jucarii-lemn-online.ro\/#website"},"primaryImageOfPage":{"@id":"https:\/\/jucarii-lemn-online.ro\/produs\/bibo-az-erzelmi-intelligencia-fejleszto-fajatek\/#primaryimage"},"image":{"@id":"https:\/\/jucarii-lemn-online.ro\/produs\/bibo-az-erzelmi-intelligencia-fejleszto-fajatek\/#primaryimage"},"thumbnailUrl":"https:\/\/jucarii-lemn-online.ro\/wp-content\/uploads\/2025\/06\/bibo.jpg","datePublished":"2025-06-04T07:40:34+00:00","dateModified":"2025-10-06T15:09:48+00:00","description":"A Bib\u00f3 egy k\u00fcl\u00f6nleges, k\u00e9zzel k\u00e9sz\u00edtett faj\u00e1t\u00e9k, amely seg\u00edt a gyermekek \u00e9rzelmi intelligenci\u00e1j\u00e1nak fejleszt\u00e9s\u00e9ben. A j\u00e1t\u00e9k c\u00e9lja, hogy megtan\u00edtsa a kicsiket saj\u00e1t \u00e9s m\u00e1sok \u00e9rz\u00e9seinek felismer\u00e9s\u00e9re, kifejez\u00e8s\u00e8re, mik\u00f6zben t\u00e1mogatja a sz\u00f3kincs, besz\u00e9dk\u00e9szs\u00e9g, sz\u00f6veg\u00e8rt\u00e8s, figyelem, mem\u00f3ria \u00e9s finommotorika fejl\u0151d\u00e9s\u00e9t.A szett tartalma:\u00a05 db fa figura \u2013 \u00d6r\u00f6m, b\u00e1nat, d\u00fch, meglep\u0151d\u00e9s, f\u00e9lelem\u00a07 j\u00e1t\u00e9k\u00f6tlet a sz\u00fcl\u0151knek\u00a0Praktikus t\u00e1rol\u00f3zs\u00e1k\u00a0Term\u00e9szetes, gyermekbar\u00e1t anyagok \u2013 t\u00f6k\u00e9letes a kis kezek sz\u00e1m\u00e1ra!","breadcrumb":{"@id":"https:\/\/jucarii-lemn-online.ro\/produs\/bibo-az-erzelmi-intelligencia-fejleszto-fajatek\/#breadcrumb"},"inLanguage":"en-US","potentialAction":[{"@type":"ReadAction","target":["https:\/\/jucarii-lemn-online.ro\/produs\/bibo-az-erzelmi-intelligencia-fejleszto-fajatek\/"]}]},{"@type":"ImageObject","inLanguage":"en-US","@id":"https:\/\/jucarii-lemn-online.ro\/produs\/bibo-az-erzelmi-intelligencia-fejleszto-fajatek\/#primaryimage","url":"https:\/\/jucarii-lemn-online.ro\/wp-content\/uploads\/2025\/06\/bibo.jpg","contentUrl":"https:\/\/jucarii-lemn-online.ro\/wp-content\/uploads\/2025\/06\/bibo.jpg","width":2048,"height":2048},{"@type":"BreadcrumbList","@id":"https:\/\/jucarii-lemn-online.ro\/produs\/bibo-az-erzelmi-intelligencia-fejleszto-fajatek\/#breadcrumb","itemListElement":[{"@type":"ListItem","position":1,"name":"Prima pagin\u0103","item":"https:\/\/jucarii-lemn-online.ro\/en\/"},{"@type":"ListItem","position":2,"name":"Shop","item":"https:\/\/jucarii-lemn-online.ro\/en\/shop-2\/"},{"@type":"ListItem","position":3,"name":"Bib\u00f3 \u2013 Az \u00e9rzelmi intelligencia fejleszt\u0151 faj\u00e1t\u00e9k"}]},{"@type":"WebSite","@id":"https:\/\/jucarii-lemn-online.ro\/#website","url":"https:\/\/jucarii-lemn-online.ro\/","name":"Juc\u0103rii din lemn fabricate \u00een Rom\u00e2nia!","description":"Juc\u0103rii din lemn fabricate \u00een Rom\u00e2nia!","potentialAction":[{"@type":"SearchAction","target":{"@type":"EntryPoint","urlTemplate":"https:\/\/jucarii-lemn-online.ro\/?s={search_term_string}"},"query-input":{"@type":"PropertyValueSpecification","valueRequired":true,"valueName":"search_term_string"}}],"inLanguage":"en-US"}]}},"_links":{"self":[{"href":"https:\/\/jucarii-lemn-online.ro\/en\/wp-json\/wp\/v2\/product\/4956","targetHints":{"allow":["GET"]}}],"collection":[{"href":"https:\/\/jucarii-lemn-online.ro\/en\/wp-json\/wp\/v2\/product"}],"about":[{"href":"https:\/\/jucarii-lemn-online.ro\/en\/wp-json\/wp\/v2\/types\/product"}],"wp:featuredmedia":[{"embeddable":true,"href":"https:\/\/jucarii-lemn-online.ro\/en\/wp-json\/wp\/v2\/media\/4957"}],"wp:attachment":[{"href":"https:\/\/jucarii-lemn-online.ro\/en\/wp-json\/wp\/v2\/media?parent=4956"}],"wp:term":[{"taxonomy":"product_brand","embeddable":true,"href":"https:\/\/jucarii-lemn-online.ro\/en\/wp-json\/wp\/v2\/product_brand?post=4956"},{"taxonomy":"product_cat","embeddable":true,"href":"https:\/\/jucarii-lemn-online.ro\/en\/wp-json\/wp\/v2\/product_cat?post=4956"},{"taxonomy":"product_tag","embeddable":true,"href":"https:\/\/jucarii-lemn-online.ro\/en\/wp-json\/wp\/v2\/product_tag?post=4956"}],"curies":[{"name":"wp","href":"https:\/\/api.w.org\/{rel}","templated":true}]}}