{"id":4864,"date":"2025-02-22T11:52:57","date_gmt":"2025-02-22T09:52:57","guid":{"rendered":"https:\/\/jucarii-lemn-online.ro\/?post_type=product&#038;p=4864"},"modified":"2025-06-04T09:47:27","modified_gmt":"2025-06-04T07:47:27","slug":"set-2-decoratiune-de-masa-sau-de-agatat-oua-iepuras","status":"publish","type":"product","link":"https:\/\/jucarii-lemn-online.ro\/en\/produs\/set-2-decoratiune-de-masa-sau-de-agatat-oua-iepuras\/","title":{"rendered":"Set 2 decoratiune de masa sau de agatat oua\/iepuras"},"content":{"rendered":"<p>Un set de decoratiuni simpatice , forma de iepuras si ou, gravata si vopsita.<\/p>\n<p>Culori rosu, verde.<\/p>\n<p>Marime 10 x 5 x 0,8 cm<\/p>\n","protected":false},"excerpt":{"rendered":"<p>Un set de decoratiuni simpatice , forma de iepuras si ou, gravata si vopsita.<\/p>\n<p>Culori rosu, verde.<\/p>\n<p>Marime 10 x 5 x 0,8 cm<\/p>\n","protected":false},"featured_media":4856,"template":"","meta":[],"product_brand":[],"product_cat":[15],"product_tag":[255,243,193,236,239],"class_list":{"0":"post-4864","1":"product","2":"type-product","3":"status-publish","4":"has-post-thumbnail","6":"product_cat-fara-categorie","7":"product_tag-255","8":"product_tag-decoratiune","9":"product_tag-iepuras","10":"product_tag-oua","11":"product_tag-paste","13":"first","14":"instock","15":"shipping-taxable","16":"purchasable","17":"product-type-simple"},"yoast_head":"<!-- This site is optimized with the Yoast SEO plugin v24.5 - https:\/\/yoast.com\/wordpress\/plugins\/seo\/ -->\n<title>Set 2 decoratiune de masa sau de agatat oua\/iepuras - Juc\u0103rii din lemn fabricate \u00een Rom\u00e2nia!<\/title>\n<meta name=\"description\" content=\"Un set de decoratiuni simpatice , forma de iepuras si ou, gravata si vopsita.Culori rosu, verde.Marime 10 x 5 x 0,8 cm\" \/>\n<meta name=\"robots\" content=\"index, follow, max-snippet:-1, max-image-preview:large, max-video-preview:-1\" \/>\n<link rel=\"canonical\" href=\"https:\/\/jucarii-lemn-online.ro\/produs\/set-2-decoratiune-de-masa-sau-de-agatat-oua-iepuras\/\" \/>\n<meta property=\"og:locale\" content=\"en_US\" \/>\n<meta property=\"og:type\" content=\"article\" \/>\n<meta property=\"og:title\" content=\"Set 2 decoratiune de masa sau de agatat oua\/iepuras - Juc\u0103rii din lemn fabricate \u00een Rom\u00e2nia!\" \/>\n<meta property=\"og:description\" content=\"Un set de decoratiuni simpatice , forma de iepuras si ou, gravata si vopsita.Culori rosu, verde.Marime 10 x 5 x 0,8 cm\" \/>\n<meta property=\"og:url\" content=\"https:\/\/jucarii-lemn-online.ro\/produs\/set-2-decoratiune-de-masa-sau-de-agatat-oua-iepuras\/\" \/>\n<meta property=\"og:site_name\" content=\"Juc\u0103rii din lemn fabricate \u00een Rom\u00e2nia!\" \/>\n<meta property=\"article:modified_time\" content=\"2025-06-04T07:47:27+00:00\" \/>\n<meta property=\"og:image\" content=\"https:\/\/jucarii-lemn-online.ro\/wp-content\/uploads\/2025\/02\/Polish_20250222_113338004-1024x683.png\" \/>\n\t<meta property=\"og:image:width\" content=\"1024\" \/>\n\t<meta property=\"og:image:height\" content=\"683\" \/>\n\t<meta property=\"og:image:type\" content=\"image\/png\" \/>\n<meta name=\"twitter:card\" content=\"summary_large_image\" \/>\n<meta name=\"twitter:label1\" content=\"Est. reading time\" \/>\n\t<meta name=\"twitter:data1\" content=\"1 minute\" \/>\n<script type=\"application\/ld+json\" class=\"yoast-schema-graph\">{\"@context\":\"https:\/\/schema.org\",\"@graph\":[{\"@type\":\"WebPage\",\"@id\":\"https:\/\/jucarii-lemn-online.ro\/produs\/set-2-decoratiune-de-masa-sau-de-agatat-oua-iepuras\/\",\"url\":\"https:\/\/jucarii-lemn-online.ro\/produs\/set-2-decoratiune-de-masa-sau-de-agatat-oua-iepuras\/\",\"name\":\"Set 2 decoratiune de masa sau de agatat oua\/iepuras - Juc\u0103rii din lemn fabricate \u00een Rom\u00e2nia!\",\"isPartOf\":{\"@id\":\"https:\/\/jucarii-lemn-online.ro\/#website\"},\"primaryImageOfPage\":{\"@id\":\"https:\/\/jucarii-lemn-online.ro\/produs\/set-2-decoratiune-de-masa-sau-de-agatat-oua-iepuras\/#primaryimage\"},\"image\":{\"@id\":\"https:\/\/jucarii-lemn-online.ro\/produs\/set-2-decoratiune-de-masa-sau-de-agatat-oua-iepuras\/#primaryimage\"},\"thumbnailUrl\":\"https:\/\/jucarii-lemn-online.ro\/wp-content\/uploads\/2025\/02\/Polish_20250222_113338004.png\",\"datePublished\":\"2025-02-22T09:52:57+00:00\",\"dateModified\":\"2025-06-04T07:47:27+00:00\",\"description\":\"Un set de decoratiuni simpatice , forma de iepuras si ou, gravata si vopsita.Culori rosu, verde.Marime 10 x 5 x 0,8 cm\",\"breadcrumb\":{\"@id\":\"https:\/\/jucarii-lemn-online.ro\/produs\/set-2-decoratiune-de-masa-sau-de-agatat-oua-iepuras\/#breadcrumb\"},\"inLanguage\":\"en-US\",\"potentialAction\":[{\"@type\":\"ReadAction\",\"target\":[\"https:\/\/jucarii-lemn-online.ro\/produs\/set-2-decoratiune-de-masa-sau-de-agatat-oua-iepuras\/\"]}]},{\"@type\":\"ImageObject\",\"inLanguage\":\"en-US\",\"@id\":\"https:\/\/jucarii-lemn-online.ro\/produs\/set-2-decoratiune-de-masa-sau-de-agatat-oua-iepuras\/#primaryimage\",\"url\":\"https:\/\/jucarii-lemn-online.ro\/wp-content\/uploads\/2025\/02\/Polish_20250222_113338004.png\",\"contentUrl\":\"https:\/\/jucarii-lemn-online.ro\/wp-content\/uploads\/2025\/02\/Polish_20250222_113338004.png\",\"width\":4096,\"height\":2731},{\"@type\":\"BreadcrumbList\",\"@id\":\"https:\/\/jucarii-lemn-online.ro\/produs\/set-2-decoratiune-de-masa-sau-de-agatat-oua-iepuras\/#breadcrumb\",\"itemListElement\":[{\"@type\":\"ListItem\",\"position\":1,\"name\":\"Prima pagin\u0103\",\"item\":\"https:\/\/jucarii-lemn-online.ro\/en\/\"},{\"@type\":\"ListItem\",\"position\":2,\"name\":\"Shop\",\"item\":\"https:\/\/jucarii-lemn-online.ro\/en\/shop-2\/\"},{\"@type\":\"ListItem\",\"position\":3,\"name\":\"Set 2 decoratiune de masa sau de agatat oua\/iepuras\"}]},{\"@type\":\"WebSite\",\"@id\":\"https:\/\/jucarii-lemn-online.ro\/#website\",\"url\":\"https:\/\/jucarii-lemn-online.ro\/\",\"name\":\"Juc\u0103rii din lemn fabricate \u00een Rom\u00e2nia!\",\"description\":\"Juc\u0103rii din lemn fabricate \u00een Rom\u00e2nia!\",\"potentialAction\":[{\"@type\":\"SearchAction\",\"target\":{\"@type\":\"EntryPoint\",\"urlTemplate\":\"https:\/\/jucarii-lemn-online.ro\/?s={search_term_string}\"},\"query-input\":{\"@type\":\"PropertyValueSpecification\",\"valueRequired\":true,\"valueName\":\"search_term_string\"}}],\"inLanguage\":\"en-US\"}]}<\/script>\n<!-- \/ Yoast SEO plugin. -->","yoast_head_json":{"title":"Set 2 decoratiune de masa sau de agatat oua\/iepuras - Juc\u0103rii din lemn fabricate \u00een Rom\u00e2nia!","description":"Un set de decoratiuni simpatice , forma de iepuras si ou, gravata si vopsita.Culori rosu, verde.Marime 10 x 5 x 0,8 cm","robots":{"index":"index","follow":"follow","max-snippet":"max-snippet:-1","max-image-preview":"max-image-preview:large","max-video-preview":"max-video-preview:-1"},"canonical":"https:\/\/jucarii-lemn-online.ro\/produs\/set-2-decoratiune-de-masa-sau-de-agatat-oua-iepuras\/","og_locale":"en_US","og_type":"article","og_title":"Set 2 decoratiune de masa sau de agatat oua\/iepuras - Juc\u0103rii din lemn fabricate \u00een Rom\u00e2nia!","og_description":"Un set de decoratiuni simpatice , forma de iepuras si ou, gravata si vopsita.Culori rosu, verde.Marime 10 x 5 x 0,8 cm","og_url":"https:\/\/jucarii-lemn-online.ro\/produs\/set-2-decoratiune-de-masa-sau-de-agatat-oua-iepuras\/","og_site_name":"Juc\u0103rii din lemn fabricate \u00een Rom\u00e2nia!","article_modified_time":"2025-06-04T07:47:27+00:00","og_image":[{"width":1024,"height":683,"url":"https:\/\/jucarii-lemn-online.ro\/wp-content\/uploads\/2025\/02\/Polish_20250222_113338004-1024x683.png","type":"image\/png"}],"twitter_card":"summary_large_image","twitter_misc":{"Est. reading time":"1 minute"},"schema":{"@context":"https:\/\/schema.org","@graph":[{"@type":"WebPage","@id":"https:\/\/jucarii-lemn-online.ro\/produs\/set-2-decoratiune-de-masa-sau-de-agatat-oua-iepuras\/","url":"https:\/\/jucarii-lemn-online.ro\/produs\/set-2-decoratiune-de-masa-sau-de-agatat-oua-iepuras\/","name":"Set 2 decoratiune de masa sau de agatat oua\/iepuras - Juc\u0103rii din lemn fabricate \u00een Rom\u00e2nia!","isPartOf":{"@id":"https:\/\/jucarii-lemn-online.ro\/#website"},"primaryImageOfPage":{"@id":"https:\/\/jucarii-lemn-online.ro\/produs\/set-2-decoratiune-de-masa-sau-de-agatat-oua-iepuras\/#primaryimage"},"image":{"@id":"https:\/\/jucarii-lemn-online.ro\/produs\/set-2-decoratiune-de-masa-sau-de-agatat-oua-iepuras\/#primaryimage"},"thumbnailUrl":"https:\/\/jucarii-lemn-online.ro\/wp-content\/uploads\/2025\/02\/Polish_20250222_113338004.png","datePublished":"2025-02-22T09:52:57+00:00","dateModified":"2025-06-04T07:47:27+00:00","description":"Un set de decoratiuni simpatice , forma de iepuras si ou, gravata si vopsita.Culori rosu, verde.Marime 10 x 5 x 0,8 cm","breadcrumb":{"@id":"https:\/\/jucarii-lemn-online.ro\/produs\/set-2-decoratiune-de-masa-sau-de-agatat-oua-iepuras\/#breadcrumb"},"inLanguage":"en-US","potentialAction":[{"@type":"ReadAction","target":["https:\/\/jucarii-lemn-online.ro\/produs\/set-2-decoratiune-de-masa-sau-de-agatat-oua-iepuras\/"]}]},{"@type":"ImageObject","inLanguage":"en-US","@id":"https:\/\/jucarii-lemn-online.ro\/produs\/set-2-decoratiune-de-masa-sau-de-agatat-oua-iepuras\/#primaryimage","url":"https:\/\/jucarii-lemn-online.ro\/wp-content\/uploads\/2025\/02\/Polish_20250222_113338004.png","contentUrl":"https:\/\/jucarii-lemn-online.ro\/wp-content\/uploads\/2025\/02\/Polish_20250222_113338004.png","width":4096,"height":2731},{"@type":"BreadcrumbList","@id":"https:\/\/jucarii-lemn-online.ro\/produs\/set-2-decoratiune-de-masa-sau-de-agatat-oua-iepuras\/#breadcrumb","itemListElement":[{"@type":"ListItem","position":1,"name":"Prima pagin\u0103","item":"https:\/\/jucarii-lemn-online.ro\/en\/"},{"@type":"ListItem","position":2,"name":"Shop","item":"https:\/\/jucarii-lemn-online.ro\/en\/shop-2\/"},{"@type":"ListItem","position":3,"name":"Set 2 decoratiune de masa sau de agatat oua\/iepuras"}]},{"@type":"WebSite","@id":"https:\/\/jucarii-lemn-online.ro\/#website","url":"https:\/\/jucarii-lemn-online.ro\/","name":"Juc\u0103rii din lemn fabricate \u00een Rom\u00e2nia!","description":"Juc\u0103rii din lemn fabricate \u00een Rom\u00e2nia!","potentialAction":[{"@type":"SearchAction","target":{"@type":"EntryPoint","urlTemplate":"https:\/\/jucarii-lemn-online.ro\/?s={search_term_string}"},"query-input":{"@type":"PropertyValueSpecification","valueRequired":true,"valueName":"search_term_string"}}],"inLanguage":"en-US"}]}},"_links":{"self":[{"href":"https:\/\/jucarii-lemn-online.ro\/en\/wp-json\/wp\/v2\/product\/4864","targetHints":{"allow":["GET"]}}],"collection":[{"href":"https:\/\/jucarii-lemn-online.ro\/en\/wp-json\/wp\/v2\/product"}],"about":[{"href":"https:\/\/jucarii-lemn-online.ro\/en\/wp-json\/wp\/v2\/types\/product"}],"wp:featuredmedia":[{"embeddable":true,"href":"https:\/\/jucarii-lemn-online.ro\/en\/wp-json\/wp\/v2\/media\/4856"}],"wp:attachment":[{"href":"https:\/\/jucarii-lemn-online.ro\/en\/wp-json\/wp\/v2\/media?parent=4864"}],"wp:term":[{"taxonomy":"product_brand","embeddable":true,"href":"https:\/\/jucarii-lemn-online.ro\/en\/wp-json\/wp\/v2\/product_brand?post=4864"},{"taxonomy":"product_cat","embeddable":true,"href":"https:\/\/jucarii-lemn-online.ro\/en\/wp-json\/wp\/v2\/product_cat?post=4864"},{"taxonomy":"product_tag","embeddable":true,"href":"https:\/\/jucarii-lemn-online.ro\/en\/wp-json\/wp\/v2\/product_tag?post=4864"}],"curies":[{"name":"wp","href":"https:\/\/api.w.org\/{rel}","templated":true}]}}