{"id":4815,"date":"2025-01-29T13:35:51","date_gmt":"2025-01-29T11:35:51","guid":{"rendered":"https:\/\/jucarii-lemn-online.ro\/?post_type=product&#038;p=4815"},"modified":"2025-01-29T13:46:23","modified_gmt":"2025-01-29T11:46:23","slug":"jucarie-cu-siret-frunza","status":"publish","type":"product","link":"https:\/\/jucarii-lemn-online.ro\/en\/produs\/jucarie-cu-siret-frunza\/","title":{"rendered":"Jucarie cu siret &#8211; frunza"},"content":{"rendered":"<p>Frunza de artar realizate manual din diverse esentele de lemn ( dud, stejar, fag, cires, meranti, nuc, tei, artar).<br \/>\nFinisat cu ulei mineral.<br \/>\nMarime aproximativa 11x9x1,5 cm.<br \/>\nFiecare jucarie vine impreuna cu un ac din lemn cu fir de lana cu acril.<\/p>\n<p>Un produs Lemnivor.<\/p>\n<p>Fabricat in Romania!-<\/p>\n","protected":false},"excerpt":{"rendered":"<p>Frunza de artar realizate manual din diverse esentele de lemn ( dud, stejar, fag, cires, meranti, nuc, tei, artar).<br \/>\nFinisat cu ulei mineral.<br \/>\nMarime aproximativa 11x9x1,5 cm.<br \/>\nFiecare jucarie vine impreuna cu un ac din lemn cu fir de lana cu acril.<\/p>\n<p>Un produs Lemnivor.<\/p>\n<p>Fabricat in Romania!<\/p>\n","protected":false},"featured_media":4821,"template":"","meta":[],"product_brand":[],"product_cat":[89],"product_tag":[],"class_list":{"0":"post-4815","1":"product","2":"type-product","3":"status-publish","4":"has-post-thumbnail","6":"product_cat-lemnivor","8":"first","9":"instock","10":"shipping-taxable","11":"purchasable","12":"product-type-simple"},"yoast_head":"<!-- This site is optimized with the Yoast SEO plugin v24.5 - https:\/\/yoast.com\/wordpress\/plugins\/seo\/ -->\n<title>Jucarie cu siret - frunza - Juc\u0103rii din lemn fabricate \u00een Rom\u00e2nia!<\/title>\n<meta name=\"robots\" content=\"index, follow, max-snippet:-1, max-image-preview:large, max-video-preview:-1\" \/>\n<link rel=\"canonical\" href=\"https:\/\/jucarii-lemn-online.ro\/produs\/jucarie-cu-siret-frunza\/\" \/>\n<meta property=\"og:locale\" content=\"en_US\" \/>\n<meta property=\"og:type\" content=\"article\" \/>\n<meta property=\"og:title\" content=\"Jucarie cu siret - frunza - Juc\u0103rii din lemn fabricate \u00een Rom\u00e2nia!\" \/>\n<meta property=\"og:description\" content=\"Frunza de artar realizate manual din diverse esentele de lemn ( dud, stejar, fag, cires, meranti, nuc, tei, artar). Finisat cu ulei mineral. Marime aproximativa 11x9x1,5 cm. Fiecare jucarie vine impreuna cu un ac din lemn cu fir de lana cu acril.  Un produs Lemnivor.  Fabricat in Romania!\" \/>\n<meta property=\"og:url\" content=\"https:\/\/jucarii-lemn-online.ro\/produs\/jucarie-cu-siret-frunza\/\" \/>\n<meta property=\"og:site_name\" content=\"Juc\u0103rii din lemn fabricate \u00een Rom\u00e2nia!\" \/>\n<meta property=\"article:modified_time\" content=\"2025-01-29T11:46:23+00:00\" \/>\n<meta property=\"og:image\" content=\"https:\/\/jucarii-lemn-online.ro\/wp-content\/uploads\/2025\/01\/Polish_20250128_175301206-1024x683.png\" \/>\n\t<meta property=\"og:image:width\" content=\"1024\" \/>\n\t<meta property=\"og:image:height\" content=\"683\" \/>\n\t<meta property=\"og:image:type\" content=\"image\/png\" \/>\n<meta name=\"twitter:card\" content=\"summary_large_image\" \/>\n<meta name=\"twitter:label1\" content=\"Est. reading time\" \/>\n\t<meta name=\"twitter:data1\" content=\"1 minute\" \/>\n<script type=\"application\/ld+json\" class=\"yoast-schema-graph\">{\"@context\":\"https:\/\/schema.org\",\"@graph\":[{\"@type\":\"WebPage\",\"@id\":\"https:\/\/jucarii-lemn-online.ro\/produs\/jucarie-cu-siret-frunza\/\",\"url\":\"https:\/\/jucarii-lemn-online.ro\/produs\/jucarie-cu-siret-frunza\/\",\"name\":\"Jucarie cu siret - frunza - Juc\u0103rii din lemn fabricate \u00een Rom\u00e2nia!\",\"isPartOf\":{\"@id\":\"https:\/\/jucarii-lemn-online.ro\/#website\"},\"primaryImageOfPage\":{\"@id\":\"https:\/\/jucarii-lemn-online.ro\/produs\/jucarie-cu-siret-frunza\/#primaryimage\"},\"image\":{\"@id\":\"https:\/\/jucarii-lemn-online.ro\/produs\/jucarie-cu-siret-frunza\/#primaryimage\"},\"thumbnailUrl\":\"https:\/\/jucarii-lemn-online.ro\/wp-content\/uploads\/2025\/01\/Polish_20250128_175301206.png\",\"datePublished\":\"2025-01-29T11:35:51+00:00\",\"dateModified\":\"2025-01-29T11:46:23+00:00\",\"breadcrumb\":{\"@id\":\"https:\/\/jucarii-lemn-online.ro\/produs\/jucarie-cu-siret-frunza\/#breadcrumb\"},\"inLanguage\":\"en-US\",\"potentialAction\":[{\"@type\":\"ReadAction\",\"target\":[\"https:\/\/jucarii-lemn-online.ro\/produs\/jucarie-cu-siret-frunza\/\"]}]},{\"@type\":\"ImageObject\",\"inLanguage\":\"en-US\",\"@id\":\"https:\/\/jucarii-lemn-online.ro\/produs\/jucarie-cu-siret-frunza\/#primaryimage\",\"url\":\"https:\/\/jucarii-lemn-online.ro\/wp-content\/uploads\/2025\/01\/Polish_20250128_175301206.png\",\"contentUrl\":\"https:\/\/jucarii-lemn-online.ro\/wp-content\/uploads\/2025\/01\/Polish_20250128_175301206.png\",\"width\":4096,\"height\":2731},{\"@type\":\"BreadcrumbList\",\"@id\":\"https:\/\/jucarii-lemn-online.ro\/produs\/jucarie-cu-siret-frunza\/#breadcrumb\",\"itemListElement\":[{\"@type\":\"ListItem\",\"position\":1,\"name\":\"Prima pagin\u0103\",\"item\":\"https:\/\/jucarii-lemn-online.ro\/en\/\"},{\"@type\":\"ListItem\",\"position\":2,\"name\":\"Shop\",\"item\":\"https:\/\/jucarii-lemn-online.ro\/en\/shop-2\/\"},{\"@type\":\"ListItem\",\"position\":3,\"name\":\"Jucarie cu siret &#8211; frunza\"}]},{\"@type\":\"WebSite\",\"@id\":\"https:\/\/jucarii-lemn-online.ro\/#website\",\"url\":\"https:\/\/jucarii-lemn-online.ro\/\",\"name\":\"Juc\u0103rii din lemn fabricate \u00een Rom\u00e2nia!\",\"description\":\"Juc\u0103rii din lemn fabricate \u00een Rom\u00e2nia!\",\"potentialAction\":[{\"@type\":\"SearchAction\",\"target\":{\"@type\":\"EntryPoint\",\"urlTemplate\":\"https:\/\/jucarii-lemn-online.ro\/?s={search_term_string}\"},\"query-input\":{\"@type\":\"PropertyValueSpecification\",\"valueRequired\":true,\"valueName\":\"search_term_string\"}}],\"inLanguage\":\"en-US\"}]}<\/script>\n<!-- \/ Yoast SEO plugin. -->","yoast_head_json":{"title":"Jucarie cu siret - frunza - Juc\u0103rii din lemn fabricate \u00een Rom\u00e2nia!","robots":{"index":"index","follow":"follow","max-snippet":"max-snippet:-1","max-image-preview":"max-image-preview:large","max-video-preview":"max-video-preview:-1"},"canonical":"https:\/\/jucarii-lemn-online.ro\/produs\/jucarie-cu-siret-frunza\/","og_locale":"en_US","og_type":"article","og_title":"Jucarie cu siret - frunza - Juc\u0103rii din lemn fabricate \u00een Rom\u00e2nia!","og_description":"Frunza de artar realizate manual din diverse esentele de lemn ( dud, stejar, fag, cires, meranti, nuc, tei, artar). Finisat cu ulei mineral. Marime aproximativa 11x9x1,5 cm. Fiecare jucarie vine impreuna cu un ac din lemn cu fir de lana cu acril.  Un produs Lemnivor.  Fabricat in Romania!","og_url":"https:\/\/jucarii-lemn-online.ro\/produs\/jucarie-cu-siret-frunza\/","og_site_name":"Juc\u0103rii din lemn fabricate \u00een Rom\u00e2nia!","article_modified_time":"2025-01-29T11:46:23+00:00","og_image":[{"width":1024,"height":683,"url":"https:\/\/jucarii-lemn-online.ro\/wp-content\/uploads\/2025\/01\/Polish_20250128_175301206-1024x683.png","type":"image\/png"}],"twitter_card":"summary_large_image","twitter_misc":{"Est. reading time":"1 minute"},"schema":{"@context":"https:\/\/schema.org","@graph":[{"@type":"WebPage","@id":"https:\/\/jucarii-lemn-online.ro\/produs\/jucarie-cu-siret-frunza\/","url":"https:\/\/jucarii-lemn-online.ro\/produs\/jucarie-cu-siret-frunza\/","name":"Jucarie cu siret - frunza - Juc\u0103rii din lemn fabricate \u00een Rom\u00e2nia!","isPartOf":{"@id":"https:\/\/jucarii-lemn-online.ro\/#website"},"primaryImageOfPage":{"@id":"https:\/\/jucarii-lemn-online.ro\/produs\/jucarie-cu-siret-frunza\/#primaryimage"},"image":{"@id":"https:\/\/jucarii-lemn-online.ro\/produs\/jucarie-cu-siret-frunza\/#primaryimage"},"thumbnailUrl":"https:\/\/jucarii-lemn-online.ro\/wp-content\/uploads\/2025\/01\/Polish_20250128_175301206.png","datePublished":"2025-01-29T11:35:51+00:00","dateModified":"2025-01-29T11:46:23+00:00","breadcrumb":{"@id":"https:\/\/jucarii-lemn-online.ro\/produs\/jucarie-cu-siret-frunza\/#breadcrumb"},"inLanguage":"en-US","potentialAction":[{"@type":"ReadAction","target":["https:\/\/jucarii-lemn-online.ro\/produs\/jucarie-cu-siret-frunza\/"]}]},{"@type":"ImageObject","inLanguage":"en-US","@id":"https:\/\/jucarii-lemn-online.ro\/produs\/jucarie-cu-siret-frunza\/#primaryimage","url":"https:\/\/jucarii-lemn-online.ro\/wp-content\/uploads\/2025\/01\/Polish_20250128_175301206.png","contentUrl":"https:\/\/jucarii-lemn-online.ro\/wp-content\/uploads\/2025\/01\/Polish_20250128_175301206.png","width":4096,"height":2731},{"@type":"BreadcrumbList","@id":"https:\/\/jucarii-lemn-online.ro\/produs\/jucarie-cu-siret-frunza\/#breadcrumb","itemListElement":[{"@type":"ListItem","position":1,"name":"Prima pagin\u0103","item":"https:\/\/jucarii-lemn-online.ro\/en\/"},{"@type":"ListItem","position":2,"name":"Shop","item":"https:\/\/jucarii-lemn-online.ro\/en\/shop-2\/"},{"@type":"ListItem","position":3,"name":"Jucarie cu siret &#8211; frunza"}]},{"@type":"WebSite","@id":"https:\/\/jucarii-lemn-online.ro\/#website","url":"https:\/\/jucarii-lemn-online.ro\/","name":"Juc\u0103rii din lemn fabricate \u00een Rom\u00e2nia!","description":"Juc\u0103rii din lemn fabricate \u00een Rom\u00e2nia!","potentialAction":[{"@type":"SearchAction","target":{"@type":"EntryPoint","urlTemplate":"https:\/\/jucarii-lemn-online.ro\/?s={search_term_string}"},"query-input":{"@type":"PropertyValueSpecification","valueRequired":true,"valueName":"search_term_string"}}],"inLanguage":"en-US"}]}},"_links":{"self":[{"href":"https:\/\/jucarii-lemn-online.ro\/en\/wp-json\/wp\/v2\/product\/4815","targetHints":{"allow":["GET"]}}],"collection":[{"href":"https:\/\/jucarii-lemn-online.ro\/en\/wp-json\/wp\/v2\/product"}],"about":[{"href":"https:\/\/jucarii-lemn-online.ro\/en\/wp-json\/wp\/v2\/types\/product"}],"wp:featuredmedia":[{"embeddable":true,"href":"https:\/\/jucarii-lemn-online.ro\/en\/wp-json\/wp\/v2\/media\/4821"}],"wp:attachment":[{"href":"https:\/\/jucarii-lemn-online.ro\/en\/wp-json\/wp\/v2\/media?parent=4815"}],"wp:term":[{"taxonomy":"product_brand","embeddable":true,"href":"https:\/\/jucarii-lemn-online.ro\/en\/wp-json\/wp\/v2\/product_brand?post=4815"},{"taxonomy":"product_cat","embeddable":true,"href":"https:\/\/jucarii-lemn-online.ro\/en\/wp-json\/wp\/v2\/product_cat?post=4815"},{"taxonomy":"product_tag","embeddable":true,"href":"https:\/\/jucarii-lemn-online.ro\/en\/wp-json\/wp\/v2\/product_tag?post=4815"}],"curies":[{"name":"wp","href":"https:\/\/api.w.org\/{rel}","templated":true}]}}