{"id":4784,"date":"2025-01-03T12:28:28","date_gmt":"2025-01-03T10:28:28","guid":{"rendered":"https:\/\/jucarii-lemn-online.ro\/?post_type=product&#038;p=4784"},"modified":"2026-01-09T15:35:33","modified_gmt":"2026-01-09T13:35:33","slug":"leu-lemnivor","status":"publish","type":"product","link":"https:\/\/jucarii-lemn-online.ro\/en\/produs\/leu-lemnivor\/","title":{"rendered":"Leu Lemnivor"},"content":{"rendered":"<p>Leu Waldorf realizat manual din lemn de esenta tare.<\/p>\n<p>Este tratat doar cu ulei mineral &#8211;\u00a0 culoarea este naturala, nu este baituit, vopsit sau lacuit.<\/p>\n<p>Deoarece este realizat din esente diferite de lemn, culoarea jucariilor poate fi diferita de cea vizibila in fotografii. Imaginile afisate sunt doar cu titlu de prezentare.<\/p>\n<p>Lungimea jucariei: 10 cm<\/p>\n","protected":false},"excerpt":{"rendered":"<p>Leu Waldorf realizat manual din lemn de esenta tare.<\/p>\n<p>Este tratat doar cu ulei mineral &#8211;\u00a0 culoarea este naturala, nu este baituit, vopsit sau lacuit.<\/p>\n<p>Deoarece este realizat din esente diferite de lemn, culoarea jucariilor poate fi diferita de cea vizibila in fotografii. Imaginile afisate sunt doar cu titlu de prezentare.<\/p>\n<p>Lungimea jucariei: 10 cm<\/p>\n","protected":false},"featured_media":5365,"template":"","meta":[],"product_brand":[],"product_cat":[253,89],"product_tag":[250,252],"class_list":{"0":"post-4784","1":"product","2":"type-product","3":"status-publish","4":"has-post-thumbnail","6":"product_cat-minus-50","7":"product_cat-lemnivor","8":"product_tag-lemnivor","9":"product_tag-leu","11":"first","12":"instock","13":"sale","14":"shipping-taxable","15":"purchasable","16":"product-type-simple"},"yoast_head":"<!-- This site is optimized with the Yoast SEO plugin v24.5 - https:\/\/yoast.com\/wordpress\/plugins\/seo\/ -->\n<title>Leu Lemnivor - Juc\u0103rii din lemn fabricate \u00een Rom\u00e2nia!<\/title>\n<meta name=\"description\" content=\"Leu Waldorf realizat manual din lemn de esenta tare.Este tratat doar cu ulei mineral -\u00a0 culoarea este naturala, nu este baituit, vopsit sau lacuit.Deoarece este realizat din esente diferite de lemn, culoarea jucariilor poate fi diferita de cea vizibila in fotografii. Imaginile afisate sunt doar cu titlu de prezentare.Lungimea jucariei: 10 cm\" \/>\n<meta name=\"robots\" content=\"index, follow, max-snippet:-1, max-image-preview:large, max-video-preview:-1\" \/>\n<link rel=\"canonical\" href=\"https:\/\/jucarii-lemn-online.ro\/produs\/leu-lemnivor\/\" \/>\n<meta property=\"og:locale\" content=\"en_US\" \/>\n<meta property=\"og:type\" content=\"article\" \/>\n<meta property=\"og:title\" content=\"Leu Lemnivor - Juc\u0103rii din lemn fabricate \u00een Rom\u00e2nia!\" \/>\n<meta property=\"og:description\" content=\"Leu Waldorf realizat manual din lemn de esenta tare.Este tratat doar cu ulei mineral -\u00a0 culoarea este naturala, nu este baituit, vopsit sau lacuit.Deoarece este realizat din esente diferite de lemn, culoarea jucariilor poate fi diferita de cea vizibila in fotografii. Imaginile afisate sunt doar cu titlu de prezentare.Lungimea jucariei: 10 cm\" \/>\n<meta property=\"og:url\" content=\"https:\/\/jucarii-lemn-online.ro\/produs\/leu-lemnivor\/\" \/>\n<meta property=\"og:site_name\" content=\"Juc\u0103rii din lemn fabricate \u00een Rom\u00e2nia!\" \/>\n<meta property=\"article:modified_time\" content=\"2026-01-09T13:35:33+00:00\" \/>\n<meta property=\"og:image\" content=\"https:\/\/jucarii-lemn-online.ro\/wp-content\/uploads\/2026\/01\/ChatGPT-Image-2026.-jan.-9.-15_12_23.png\" \/>\n\t<meta property=\"og:image:width\" content=\"1024\" \/>\n\t<meta property=\"og:image:height\" content=\"1024\" \/>\n\t<meta property=\"og:image:type\" content=\"image\/png\" \/>\n<meta name=\"twitter:card\" content=\"summary_large_image\" \/>\n<meta name=\"twitter:label1\" content=\"Est. reading time\" \/>\n\t<meta name=\"twitter:data1\" content=\"1 minute\" \/>\n<script type=\"application\/ld+json\" class=\"yoast-schema-graph\">{\"@context\":\"https:\/\/schema.org\",\"@graph\":[{\"@type\":\"WebPage\",\"@id\":\"https:\/\/jucarii-lemn-online.ro\/produs\/leu-lemnivor\/\",\"url\":\"https:\/\/jucarii-lemn-online.ro\/produs\/leu-lemnivor\/\",\"name\":\"Leu Lemnivor - Juc\u0103rii din lemn fabricate \u00een Rom\u00e2nia!\",\"isPartOf\":{\"@id\":\"https:\/\/jucarii-lemn-online.ro\/#website\"},\"primaryImageOfPage\":{\"@id\":\"https:\/\/jucarii-lemn-online.ro\/produs\/leu-lemnivor\/#primaryimage\"},\"image\":{\"@id\":\"https:\/\/jucarii-lemn-online.ro\/produs\/leu-lemnivor\/#primaryimage\"},\"thumbnailUrl\":\"https:\/\/jucarii-lemn-online.ro\/wp-content\/uploads\/2026\/01\/ChatGPT-Image-2026.-jan.-9.-15_12_23.png\",\"datePublished\":\"2025-01-03T10:28:28+00:00\",\"dateModified\":\"2026-01-09T13:35:33+00:00\",\"description\":\"Leu Waldorf realizat manual din lemn de esenta tare.Este tratat doar cu ulei mineral -\u00a0 culoarea este naturala, nu este baituit, vopsit sau lacuit.Deoarece este realizat din esente diferite de lemn, culoarea jucariilor poate fi diferita de cea vizibila in fotografii. Imaginile afisate sunt doar cu titlu de prezentare.Lungimea jucariei: 10 cm\",\"breadcrumb\":{\"@id\":\"https:\/\/jucarii-lemn-online.ro\/produs\/leu-lemnivor\/#breadcrumb\"},\"inLanguage\":\"en-US\",\"potentialAction\":[{\"@type\":\"ReadAction\",\"target\":[\"https:\/\/jucarii-lemn-online.ro\/produs\/leu-lemnivor\/\"]}]},{\"@type\":\"ImageObject\",\"inLanguage\":\"en-US\",\"@id\":\"https:\/\/jucarii-lemn-online.ro\/produs\/leu-lemnivor\/#primaryimage\",\"url\":\"https:\/\/jucarii-lemn-online.ro\/wp-content\/uploads\/2026\/01\/ChatGPT-Image-2026.-jan.-9.-15_12_23.png\",\"contentUrl\":\"https:\/\/jucarii-lemn-online.ro\/wp-content\/uploads\/2026\/01\/ChatGPT-Image-2026.-jan.-9.-15_12_23.png\",\"width\":1024,\"height\":1024},{\"@type\":\"BreadcrumbList\",\"@id\":\"https:\/\/jucarii-lemn-online.ro\/produs\/leu-lemnivor\/#breadcrumb\",\"itemListElement\":[{\"@type\":\"ListItem\",\"position\":1,\"name\":\"Prima pagin\u0103\",\"item\":\"https:\/\/jucarii-lemn-online.ro\/en\/\"},{\"@type\":\"ListItem\",\"position\":2,\"name\":\"Shop\",\"item\":\"https:\/\/jucarii-lemn-online.ro\/en\/shop-2\/\"},{\"@type\":\"ListItem\",\"position\":3,\"name\":\"Leu Lemnivor\"}]},{\"@type\":\"WebSite\",\"@id\":\"https:\/\/jucarii-lemn-online.ro\/#website\",\"url\":\"https:\/\/jucarii-lemn-online.ro\/\",\"name\":\"Juc\u0103rii din lemn fabricate \u00een Rom\u00e2nia!\",\"description\":\"Juc\u0103rii din lemn fabricate \u00een Rom\u00e2nia!\",\"potentialAction\":[{\"@type\":\"SearchAction\",\"target\":{\"@type\":\"EntryPoint\",\"urlTemplate\":\"https:\/\/jucarii-lemn-online.ro\/?s={search_term_string}\"},\"query-input\":{\"@type\":\"PropertyValueSpecification\",\"valueRequired\":true,\"valueName\":\"search_term_string\"}}],\"inLanguage\":\"en-US\"}]}<\/script>\n<!-- \/ Yoast SEO plugin. -->","yoast_head_json":{"title":"Leu Lemnivor - Juc\u0103rii din lemn fabricate \u00een Rom\u00e2nia!","description":"Leu Waldorf realizat manual din lemn de esenta tare.Este tratat doar cu ulei mineral -\u00a0 culoarea este naturala, nu este baituit, vopsit sau lacuit.Deoarece este realizat din esente diferite de lemn, culoarea jucariilor poate fi diferita de cea vizibila in fotografii. Imaginile afisate sunt doar cu titlu de prezentare.Lungimea jucariei: 10 cm","robots":{"index":"index","follow":"follow","max-snippet":"max-snippet:-1","max-image-preview":"max-image-preview:large","max-video-preview":"max-video-preview:-1"},"canonical":"https:\/\/jucarii-lemn-online.ro\/produs\/leu-lemnivor\/","og_locale":"en_US","og_type":"article","og_title":"Leu Lemnivor - Juc\u0103rii din lemn fabricate \u00een Rom\u00e2nia!","og_description":"Leu Waldorf realizat manual din lemn de esenta tare.Este tratat doar cu ulei mineral -\u00a0 culoarea este naturala, nu este baituit, vopsit sau lacuit.Deoarece este realizat din esente diferite de lemn, culoarea jucariilor poate fi diferita de cea vizibila in fotografii. Imaginile afisate sunt doar cu titlu de prezentare.Lungimea jucariei: 10 cm","og_url":"https:\/\/jucarii-lemn-online.ro\/produs\/leu-lemnivor\/","og_site_name":"Juc\u0103rii din lemn fabricate \u00een Rom\u00e2nia!","article_modified_time":"2026-01-09T13:35:33+00:00","og_image":[{"width":1024,"height":1024,"url":"https:\/\/jucarii-lemn-online.ro\/wp-content\/uploads\/2026\/01\/ChatGPT-Image-2026.-jan.-9.-15_12_23.png","type":"image\/png"}],"twitter_card":"summary_large_image","twitter_misc":{"Est. reading time":"1 minute"},"schema":{"@context":"https:\/\/schema.org","@graph":[{"@type":"WebPage","@id":"https:\/\/jucarii-lemn-online.ro\/produs\/leu-lemnivor\/","url":"https:\/\/jucarii-lemn-online.ro\/produs\/leu-lemnivor\/","name":"Leu Lemnivor - Juc\u0103rii din lemn fabricate \u00een Rom\u00e2nia!","isPartOf":{"@id":"https:\/\/jucarii-lemn-online.ro\/#website"},"primaryImageOfPage":{"@id":"https:\/\/jucarii-lemn-online.ro\/produs\/leu-lemnivor\/#primaryimage"},"image":{"@id":"https:\/\/jucarii-lemn-online.ro\/produs\/leu-lemnivor\/#primaryimage"},"thumbnailUrl":"https:\/\/jucarii-lemn-online.ro\/wp-content\/uploads\/2026\/01\/ChatGPT-Image-2026.-jan.-9.-15_12_23.png","datePublished":"2025-01-03T10:28:28+00:00","dateModified":"2026-01-09T13:35:33+00:00","description":"Leu Waldorf realizat manual din lemn de esenta tare.Este tratat doar cu ulei mineral -\u00a0 culoarea este naturala, nu este baituit, vopsit sau lacuit.Deoarece este realizat din esente diferite de lemn, culoarea jucariilor poate fi diferita de cea vizibila in fotografii. Imaginile afisate sunt doar cu titlu de prezentare.Lungimea jucariei: 10 cm","breadcrumb":{"@id":"https:\/\/jucarii-lemn-online.ro\/produs\/leu-lemnivor\/#breadcrumb"},"inLanguage":"en-US","potentialAction":[{"@type":"ReadAction","target":["https:\/\/jucarii-lemn-online.ro\/produs\/leu-lemnivor\/"]}]},{"@type":"ImageObject","inLanguage":"en-US","@id":"https:\/\/jucarii-lemn-online.ro\/produs\/leu-lemnivor\/#primaryimage","url":"https:\/\/jucarii-lemn-online.ro\/wp-content\/uploads\/2026\/01\/ChatGPT-Image-2026.-jan.-9.-15_12_23.png","contentUrl":"https:\/\/jucarii-lemn-online.ro\/wp-content\/uploads\/2026\/01\/ChatGPT-Image-2026.-jan.-9.-15_12_23.png","width":1024,"height":1024},{"@type":"BreadcrumbList","@id":"https:\/\/jucarii-lemn-online.ro\/produs\/leu-lemnivor\/#breadcrumb","itemListElement":[{"@type":"ListItem","position":1,"name":"Prima pagin\u0103","item":"https:\/\/jucarii-lemn-online.ro\/en\/"},{"@type":"ListItem","position":2,"name":"Shop","item":"https:\/\/jucarii-lemn-online.ro\/en\/shop-2\/"},{"@type":"ListItem","position":3,"name":"Leu Lemnivor"}]},{"@type":"WebSite","@id":"https:\/\/jucarii-lemn-online.ro\/#website","url":"https:\/\/jucarii-lemn-online.ro\/","name":"Juc\u0103rii din lemn fabricate \u00een Rom\u00e2nia!","description":"Juc\u0103rii din lemn fabricate \u00een Rom\u00e2nia!","potentialAction":[{"@type":"SearchAction","target":{"@type":"EntryPoint","urlTemplate":"https:\/\/jucarii-lemn-online.ro\/?s={search_term_string}"},"query-input":{"@type":"PropertyValueSpecification","valueRequired":true,"valueName":"search_term_string"}}],"inLanguage":"en-US"}]}},"_links":{"self":[{"href":"https:\/\/jucarii-lemn-online.ro\/en\/wp-json\/wp\/v2\/product\/4784","targetHints":{"allow":["GET"]}}],"collection":[{"href":"https:\/\/jucarii-lemn-online.ro\/en\/wp-json\/wp\/v2\/product"}],"about":[{"href":"https:\/\/jucarii-lemn-online.ro\/en\/wp-json\/wp\/v2\/types\/product"}],"wp:featuredmedia":[{"embeddable":true,"href":"https:\/\/jucarii-lemn-online.ro\/en\/wp-json\/wp\/v2\/media\/5365"}],"wp:attachment":[{"href":"https:\/\/jucarii-lemn-online.ro\/en\/wp-json\/wp\/v2\/media?parent=4784"}],"wp:term":[{"taxonomy":"product_brand","embeddable":true,"href":"https:\/\/jucarii-lemn-online.ro\/en\/wp-json\/wp\/v2\/product_brand?post=4784"},{"taxonomy":"product_cat","embeddable":true,"href":"https:\/\/jucarii-lemn-online.ro\/en\/wp-json\/wp\/v2\/product_cat?post=4784"},{"taxonomy":"product_tag","embeddable":true,"href":"https:\/\/jucarii-lemn-online.ro\/en\/wp-json\/wp\/v2\/product_tag?post=4784"}],"curies":[{"name":"wp","href":"https:\/\/api.w.org\/{rel}","templated":true}]}}