{"id":4745,"date":"2024-11-13T20:34:14","date_gmt":"2024-11-13T18:34:14","guid":{"rendered":"https:\/\/jucarii-lemn-online.ro\/?post_type=product&#038;p=4745"},"modified":"2026-04-15T13:26:05","modified_gmt":"2026-04-15T11:26:05","slug":"spiridusii-anotimpuri","status":"publish","type":"product","link":"https:\/\/jucarii-lemn-online.ro\/en\/produs\/spiridusii-anotimpuri\/","title":{"rendered":"Spiridu\u0219ii Anotimpuri"},"content":{"rendered":"<p>Spiridu\u0219ii Anotimpuri aduc magia naturii \u00een jocul copiilor.<br data-start=\"835\" data-end=\"838\" \/>Confec\u021biona\u021bi \u00een stil Waldorf \u0219i \u00eembr\u0103ca\u021bi \u00een fetru de l\u00e2n\u0103, cei 4 spiridu\u0219i ai setului sunt colora\u021bi diferit, pentru a reprezenta cele patru anotimpuri.<br data-start=\"991\" data-end=\"994\" \/>Cus\u0103turile manuale redau simboluri specifice fiec\u0103rui anotimp, astfel \u00eenc\u00e2t fiecare set este irepetabil.<br data-start=\"1098\" data-end=\"1101\" \/>M\u0103rime: 8,5 cm \u00een\u0103l\u021bime, 3 cm baz\u0103.<\/p>\n","protected":false},"excerpt":{"rendered":"<p>Spiridusii Anotimpuri sunt spiridusi Waldorf imbracati in fetru de lana.<\/p>\n<p>Contine 4 figurine \u201eimbracate\u201d in culori diferite, reprezentand anotimpurile.<\/p>\n<p>Marime figurina: inaltime 8.50 cm , baza 3 cm.<\/p>\n","protected":false},"featured_media":5454,"template":"","meta":[],"product_brand":[],"product_cat":[259,117],"product_tag":[],"class_list":{"0":"post-4745","1":"product","2":"type-product","3":"status-publish","4":"has-post-thumbnail","6":"product_cat-casute","7":"product_cat-jucarii-woodentoys","9":"first","10":"instock","11":"shipping-taxable","12":"purchasable","13":"product-type-simple"},"yoast_head":"<!-- This site is optimized with the Yoast SEO plugin v24.5 - https:\/\/yoast.com\/wordpress\/plugins\/seo\/ -->\n<title>Spiridu\u0219ii Anotimpuri - Juc\u0103rii din lemn fabricate \u00een Rom\u00e2nia!<\/title>\n<meta name=\"description\" content=\"Spiridusii Anotimpuri sunt spiridusi Waldorf imbracati in fetru de lana.Contine 4 figurine \u201eimbracate\u201d in culori diferite, reprezentand anotimpurile.Marime figurina: inaltime 8.50 cm , baza 3 cm.\" \/>\n<meta name=\"robots\" content=\"index, follow, max-snippet:-1, max-image-preview:large, max-video-preview:-1\" \/>\n<link rel=\"canonical\" href=\"https:\/\/jucarii-lemn-online.ro\/produs\/spiridusii-anotimpuri\/\" \/>\n<meta property=\"og:locale\" content=\"en_US\" \/>\n<meta property=\"og:type\" content=\"article\" \/>\n<meta property=\"og:title\" content=\"Spiridu\u0219ii Anotimpuri - Juc\u0103rii din lemn fabricate \u00een Rom\u00e2nia!\" \/>\n<meta property=\"og:description\" content=\"Spiridusii Anotimpuri sunt spiridusi Waldorf imbracati in fetru de lana.Contine 4 figurine \u201eimbracate\u201d in culori diferite, reprezentand anotimpurile.Marime figurina: inaltime 8.50 cm , baza 3 cm.\" \/>\n<meta property=\"og:url\" content=\"https:\/\/jucarii-lemn-online.ro\/produs\/spiridusii-anotimpuri\/\" \/>\n<meta property=\"og:site_name\" content=\"Juc\u0103rii din lemn fabricate \u00een Rom\u00e2nia!\" \/>\n<meta property=\"article:modified_time\" content=\"2026-04-15T11:26:05+00:00\" \/>\n<meta property=\"og:image\" content=\"https:\/\/jucarii-lemn-online.ro\/wp-content\/uploads\/2026\/01\/file_000000004ff472468c5a57dcc6b81e3b.png\" \/>\n\t<meta property=\"og:image:width\" content=\"1024\" \/>\n\t<meta property=\"og:image:height\" content=\"1024\" \/>\n\t<meta property=\"og:image:type\" content=\"image\/png\" \/>\n<meta name=\"twitter:card\" content=\"summary_large_image\" \/>\n<meta name=\"twitter:label1\" content=\"Est. reading time\" \/>\n\t<meta name=\"twitter:data1\" content=\"1 minute\" \/>\n<script type=\"application\/ld+json\" class=\"yoast-schema-graph\">{\"@context\":\"https:\/\/schema.org\",\"@graph\":[{\"@type\":\"WebPage\",\"@id\":\"https:\/\/jucarii-lemn-online.ro\/produs\/spiridusii-anotimpuri\/\",\"url\":\"https:\/\/jucarii-lemn-online.ro\/produs\/spiridusii-anotimpuri\/\",\"name\":\"Spiridu\u0219ii Anotimpuri - Juc\u0103rii din lemn fabricate \u00een Rom\u00e2nia!\",\"isPartOf\":{\"@id\":\"https:\/\/jucarii-lemn-online.ro\/#website\"},\"primaryImageOfPage\":{\"@id\":\"https:\/\/jucarii-lemn-online.ro\/produs\/spiridusii-anotimpuri\/#primaryimage\"},\"image\":{\"@id\":\"https:\/\/jucarii-lemn-online.ro\/produs\/spiridusii-anotimpuri\/#primaryimage\"},\"thumbnailUrl\":\"https:\/\/jucarii-lemn-online.ro\/wp-content\/uploads\/2026\/01\/file_000000004ff472468c5a57dcc6b81e3b.png\",\"datePublished\":\"2024-11-13T18:34:14+00:00\",\"dateModified\":\"2026-04-15T11:26:05+00:00\",\"description\":\"Spiridusii Anotimpuri sunt spiridusi Waldorf imbracati in fetru de lana.Contine 4 figurine \u201eimbracate\u201d in culori diferite, reprezentand anotimpurile.Marime figurina: inaltime 8.50 cm , baza 3 cm.\",\"breadcrumb\":{\"@id\":\"https:\/\/jucarii-lemn-online.ro\/produs\/spiridusii-anotimpuri\/#breadcrumb\"},\"inLanguage\":\"en-US\",\"potentialAction\":[{\"@type\":\"ReadAction\",\"target\":[\"https:\/\/jucarii-lemn-online.ro\/produs\/spiridusii-anotimpuri\/\"]}]},{\"@type\":\"ImageObject\",\"inLanguage\":\"en-US\",\"@id\":\"https:\/\/jucarii-lemn-online.ro\/produs\/spiridusii-anotimpuri\/#primaryimage\",\"url\":\"https:\/\/jucarii-lemn-online.ro\/wp-content\/uploads\/2026\/01\/file_000000004ff472468c5a57dcc6b81e3b.png\",\"contentUrl\":\"https:\/\/jucarii-lemn-online.ro\/wp-content\/uploads\/2026\/01\/file_000000004ff472468c5a57dcc6b81e3b.png\",\"width\":1024,\"height\":1024},{\"@type\":\"BreadcrumbList\",\"@id\":\"https:\/\/jucarii-lemn-online.ro\/produs\/spiridusii-anotimpuri\/#breadcrumb\",\"itemListElement\":[{\"@type\":\"ListItem\",\"position\":1,\"name\":\"Prima pagin\u0103\",\"item\":\"https:\/\/jucarii-lemn-online.ro\/en\/\"},{\"@type\":\"ListItem\",\"position\":2,\"name\":\"Shop\",\"item\":\"https:\/\/jucarii-lemn-online.ro\/en\/shop-2\/\"},{\"@type\":\"ListItem\",\"position\":3,\"name\":\"Spiridu\u0219ii Anotimpuri\"}]},{\"@type\":\"WebSite\",\"@id\":\"https:\/\/jucarii-lemn-online.ro\/#website\",\"url\":\"https:\/\/jucarii-lemn-online.ro\/\",\"name\":\"Juc\u0103rii din lemn fabricate \u00een Rom\u00e2nia!\",\"description\":\"Juc\u0103rii din lemn fabricate \u00een Rom\u00e2nia!\",\"potentialAction\":[{\"@type\":\"SearchAction\",\"target\":{\"@type\":\"EntryPoint\",\"urlTemplate\":\"https:\/\/jucarii-lemn-online.ro\/?s={search_term_string}\"},\"query-input\":{\"@type\":\"PropertyValueSpecification\",\"valueRequired\":true,\"valueName\":\"search_term_string\"}}],\"inLanguage\":\"en-US\"}]}<\/script>\n<!-- \/ Yoast SEO plugin. -->","yoast_head_json":{"title":"Spiridu\u0219ii Anotimpuri - Juc\u0103rii din lemn fabricate \u00een Rom\u00e2nia!","description":"Spiridusii Anotimpuri sunt spiridusi Waldorf imbracati in fetru de lana.Contine 4 figurine \u201eimbracate\u201d in culori diferite, reprezentand anotimpurile.Marime figurina: inaltime 8.50 cm , baza 3 cm.","robots":{"index":"index","follow":"follow","max-snippet":"max-snippet:-1","max-image-preview":"max-image-preview:large","max-video-preview":"max-video-preview:-1"},"canonical":"https:\/\/jucarii-lemn-online.ro\/produs\/spiridusii-anotimpuri\/","og_locale":"en_US","og_type":"article","og_title":"Spiridu\u0219ii Anotimpuri - Juc\u0103rii din lemn fabricate \u00een Rom\u00e2nia!","og_description":"Spiridusii Anotimpuri sunt spiridusi Waldorf imbracati in fetru de lana.Contine 4 figurine \u201eimbracate\u201d in culori diferite, reprezentand anotimpurile.Marime figurina: inaltime 8.50 cm , baza 3 cm.","og_url":"https:\/\/jucarii-lemn-online.ro\/produs\/spiridusii-anotimpuri\/","og_site_name":"Juc\u0103rii din lemn fabricate \u00een Rom\u00e2nia!","article_modified_time":"2026-04-15T11:26:05+00:00","og_image":[{"width":1024,"height":1024,"url":"https:\/\/jucarii-lemn-online.ro\/wp-content\/uploads\/2026\/01\/file_000000004ff472468c5a57dcc6b81e3b.png","type":"image\/png"}],"twitter_card":"summary_large_image","twitter_misc":{"Est. reading time":"1 minute"},"schema":{"@context":"https:\/\/schema.org","@graph":[{"@type":"WebPage","@id":"https:\/\/jucarii-lemn-online.ro\/produs\/spiridusii-anotimpuri\/","url":"https:\/\/jucarii-lemn-online.ro\/produs\/spiridusii-anotimpuri\/","name":"Spiridu\u0219ii Anotimpuri - Juc\u0103rii din lemn fabricate \u00een Rom\u00e2nia!","isPartOf":{"@id":"https:\/\/jucarii-lemn-online.ro\/#website"},"primaryImageOfPage":{"@id":"https:\/\/jucarii-lemn-online.ro\/produs\/spiridusii-anotimpuri\/#primaryimage"},"image":{"@id":"https:\/\/jucarii-lemn-online.ro\/produs\/spiridusii-anotimpuri\/#primaryimage"},"thumbnailUrl":"https:\/\/jucarii-lemn-online.ro\/wp-content\/uploads\/2026\/01\/file_000000004ff472468c5a57dcc6b81e3b.png","datePublished":"2024-11-13T18:34:14+00:00","dateModified":"2026-04-15T11:26:05+00:00","description":"Spiridusii Anotimpuri sunt spiridusi Waldorf imbracati in fetru de lana.Contine 4 figurine \u201eimbracate\u201d in culori diferite, reprezentand anotimpurile.Marime figurina: inaltime 8.50 cm , baza 3 cm.","breadcrumb":{"@id":"https:\/\/jucarii-lemn-online.ro\/produs\/spiridusii-anotimpuri\/#breadcrumb"},"inLanguage":"en-US","potentialAction":[{"@type":"ReadAction","target":["https:\/\/jucarii-lemn-online.ro\/produs\/spiridusii-anotimpuri\/"]}]},{"@type":"ImageObject","inLanguage":"en-US","@id":"https:\/\/jucarii-lemn-online.ro\/produs\/spiridusii-anotimpuri\/#primaryimage","url":"https:\/\/jucarii-lemn-online.ro\/wp-content\/uploads\/2026\/01\/file_000000004ff472468c5a57dcc6b81e3b.png","contentUrl":"https:\/\/jucarii-lemn-online.ro\/wp-content\/uploads\/2026\/01\/file_000000004ff472468c5a57dcc6b81e3b.png","width":1024,"height":1024},{"@type":"BreadcrumbList","@id":"https:\/\/jucarii-lemn-online.ro\/produs\/spiridusii-anotimpuri\/#breadcrumb","itemListElement":[{"@type":"ListItem","position":1,"name":"Prima pagin\u0103","item":"https:\/\/jucarii-lemn-online.ro\/en\/"},{"@type":"ListItem","position":2,"name":"Shop","item":"https:\/\/jucarii-lemn-online.ro\/en\/shop-2\/"},{"@type":"ListItem","position":3,"name":"Spiridu\u0219ii Anotimpuri"}]},{"@type":"WebSite","@id":"https:\/\/jucarii-lemn-online.ro\/#website","url":"https:\/\/jucarii-lemn-online.ro\/","name":"Juc\u0103rii din lemn fabricate \u00een Rom\u00e2nia!","description":"Juc\u0103rii din lemn fabricate \u00een Rom\u00e2nia!","potentialAction":[{"@type":"SearchAction","target":{"@type":"EntryPoint","urlTemplate":"https:\/\/jucarii-lemn-online.ro\/?s={search_term_string}"},"query-input":{"@type":"PropertyValueSpecification","valueRequired":true,"valueName":"search_term_string"}}],"inLanguage":"en-US"}]}},"_links":{"self":[{"href":"https:\/\/jucarii-lemn-online.ro\/en\/wp-json\/wp\/v2\/product\/4745","targetHints":{"allow":["GET"]}}],"collection":[{"href":"https:\/\/jucarii-lemn-online.ro\/en\/wp-json\/wp\/v2\/product"}],"about":[{"href":"https:\/\/jucarii-lemn-online.ro\/en\/wp-json\/wp\/v2\/types\/product"}],"wp:featuredmedia":[{"embeddable":true,"href":"https:\/\/jucarii-lemn-online.ro\/en\/wp-json\/wp\/v2\/media\/5454"}],"wp:attachment":[{"href":"https:\/\/jucarii-lemn-online.ro\/en\/wp-json\/wp\/v2\/media?parent=4745"}],"wp:term":[{"taxonomy":"product_brand","embeddable":true,"href":"https:\/\/jucarii-lemn-online.ro\/en\/wp-json\/wp\/v2\/product_brand?post=4745"},{"taxonomy":"product_cat","embeddable":true,"href":"https:\/\/jucarii-lemn-online.ro\/en\/wp-json\/wp\/v2\/product_cat?post=4745"},{"taxonomy":"product_tag","embeddable":true,"href":"https:\/\/jucarii-lemn-online.ro\/en\/wp-json\/wp\/v2\/product_tag?post=4745"}],"curies":[{"name":"wp","href":"https:\/\/api.w.org\/{rel}","templated":true}]}}