{"id":4738,"date":"2024-11-11T14:18:45","date_gmt":"2024-11-11T12:18:45","guid":{"rendered":"https:\/\/jucarii-lemn-online.ro\/?post_type=product&#038;p=4738"},"modified":"2025-09-17T11:21:48","modified_gmt":"2025-09-17T09:21:48","slug":"camion-mic-mov-ppr","status":"publish","type":"product","link":"https:\/\/jucarii-lemn-online.ro\/en\/produs\/camion-mic-mov-ppr\/","title":{"rendered":"Camion mic mov PPR"},"content":{"rendered":"<div class=\"std\">\n<div class=\"std\">\n<p>Mic\u0103, practic\u0103 \u0219i plin\u0103 de culoare \u2013 aceast\u0103 ma\u0219inu\u021b\u0103 din lemn este juc\u0103ria perfect\u0103 pentru cei mici. Realizat\u0103 manual, din lemn natural, \u0219i pictat\u0103 cu vopsea non-toxic\u0103, este sigur\u0103 pentru joac\u0103 \u0219i prietenoas\u0103 cu mediul. Dimensiunea redus\u0103 o face u\u0219or de \u021binut \u00een m\u00e2n\u0103 de c\u0103tre copii \u0219i ideal\u0103 pentru a fi luat\u0103 peste tot.<\/p>\n<p>F\u0103cut\u0103 din tei \u0219i stejar, este vopsit\u0103 manual cu vopsea de juc\u0103rii Hornbach E 71.3<\/p>\n<p>Recomandat copiilor peste 3 ani!<\/p>\n<p>M\u0103rime: lungime 9 cm * \u00een\u0103l\u021bime 5 cm.<\/p>\n<\/div>\n<\/div>\n","protected":false},"excerpt":{"rendered":"<div class=\"std\">\n<div class=\"std\">\n<p>F\u0103cut\u0103 din tei \u0219i stejar, este vopsit\u0103 manual cu vopsea de juc\u0103rii Hornbach E 71.3<\/p>\n<p>Recomandat copiilor peste 3 ani!<\/p>\n<p>M\u0103rime: lungime 9 cm * \u00een\u0103l\u021bime 5 cm.<\/p>\n<\/div>\n<\/div>\n","protected":false},"featured_media":5104,"template":"","meta":[],"product_brand":[],"product_cat":[142],"product_tag":[],"class_list":{"0":"post-4738","1":"product","2":"type-product","3":"status-publish","4":"has-post-thumbnail","6":"product_cat-masinute","8":"first","9":"instock","10":"sale","11":"shipping-taxable","12":"purchasable","13":"product-type-simple"},"yoast_head":"<!-- This site is optimized with the Yoast SEO plugin v24.5 - https:\/\/yoast.com\/wordpress\/plugins\/seo\/ -->\n<title>Camion mic mov PPR - Juc\u0103rii din lemn fabricate \u00een Rom\u00e2nia!<\/title>\n<meta name=\"description\" content=\"F\u0103cut\u0103 din tei \u0219i stejar, este vopsit\u0103 manual cu vopsea de juc\u0103rii Hornbach E 71.3Recomandat copiilor peste 3 ani!M\u0103rime: lungime 9 cm * \u00een\u0103l\u021bime 5 cm.\" \/>\n<meta name=\"robots\" content=\"index, follow, max-snippet:-1, max-image-preview:large, max-video-preview:-1\" \/>\n<link rel=\"canonical\" href=\"https:\/\/jucarii-lemn-online.ro\/produs\/camion-mic-mov-ppr\/\" \/>\n<meta property=\"og:locale\" content=\"en_US\" \/>\n<meta property=\"og:type\" content=\"article\" \/>\n<meta property=\"og:title\" content=\"Camion mic mov PPR - Juc\u0103rii din lemn fabricate \u00een Rom\u00e2nia!\" \/>\n<meta property=\"og:description\" content=\"F\u0103cut\u0103 din tei \u0219i stejar, este vopsit\u0103 manual cu vopsea de juc\u0103rii Hornbach E 71.3Recomandat copiilor peste 3 ani!M\u0103rime: lungime 9 cm * \u00een\u0103l\u021bime 5 cm.\" \/>\n<meta property=\"og:url\" content=\"https:\/\/jucarii-lemn-online.ro\/produs\/camion-mic-mov-ppr\/\" \/>\n<meta property=\"og:site_name\" content=\"Juc\u0103rii din lemn fabricate \u00een Rom\u00e2nia!\" \/>\n<meta property=\"article:modified_time\" content=\"2025-09-17T09:21:48+00:00\" \/>\n<meta property=\"og:image\" content=\"https:\/\/jucarii-lemn-online.ro\/wp-content\/uploads\/2024\/11\/IMG_20250917_065814-scaled.jpg\" \/>\n\t<meta property=\"og:image:width\" content=\"2560\" \/>\n\t<meta property=\"og:image:height\" content=\"1920\" \/>\n\t<meta property=\"og:image:type\" content=\"image\/jpeg\" \/>\n<meta name=\"twitter:card\" content=\"summary_large_image\" \/>\n<meta name=\"twitter:label1\" content=\"Est. reading time\" \/>\n\t<meta name=\"twitter:data1\" content=\"1 minute\" \/>\n<script type=\"application\/ld+json\" class=\"yoast-schema-graph\">{\"@context\":\"https:\/\/schema.org\",\"@graph\":[{\"@type\":\"WebPage\",\"@id\":\"https:\/\/jucarii-lemn-online.ro\/produs\/camion-mic-mov-ppr\/\",\"url\":\"https:\/\/jucarii-lemn-online.ro\/produs\/camion-mic-mov-ppr\/\",\"name\":\"Camion mic mov PPR - Juc\u0103rii din lemn fabricate \u00een Rom\u00e2nia!\",\"isPartOf\":{\"@id\":\"https:\/\/jucarii-lemn-online.ro\/#website\"},\"primaryImageOfPage\":{\"@id\":\"https:\/\/jucarii-lemn-online.ro\/produs\/camion-mic-mov-ppr\/#primaryimage\"},\"image\":{\"@id\":\"https:\/\/jucarii-lemn-online.ro\/produs\/camion-mic-mov-ppr\/#primaryimage\"},\"thumbnailUrl\":\"https:\/\/jucarii-lemn-online.ro\/wp-content\/uploads\/2024\/11\/IMG_20250917_065814-scaled.jpg\",\"datePublished\":\"2024-11-11T12:18:45+00:00\",\"dateModified\":\"2025-09-17T09:21:48+00:00\",\"description\":\"F\u0103cut\u0103 din tei \u0219i stejar, este vopsit\u0103 manual cu vopsea de juc\u0103rii Hornbach E 71.3Recomandat copiilor peste 3 ani!M\u0103rime: lungime 9 cm * \u00een\u0103l\u021bime 5 cm.\",\"breadcrumb\":{\"@id\":\"https:\/\/jucarii-lemn-online.ro\/produs\/camion-mic-mov-ppr\/#breadcrumb\"},\"inLanguage\":\"en-US\",\"potentialAction\":[{\"@type\":\"ReadAction\",\"target\":[\"https:\/\/jucarii-lemn-online.ro\/produs\/camion-mic-mov-ppr\/\"]}]},{\"@type\":\"ImageObject\",\"inLanguage\":\"en-US\",\"@id\":\"https:\/\/jucarii-lemn-online.ro\/produs\/camion-mic-mov-ppr\/#primaryimage\",\"url\":\"https:\/\/jucarii-lemn-online.ro\/wp-content\/uploads\/2024\/11\/IMG_20250917_065814-scaled.jpg\",\"contentUrl\":\"https:\/\/jucarii-lemn-online.ro\/wp-content\/uploads\/2024\/11\/IMG_20250917_065814-scaled.jpg\",\"width\":2560,\"height\":1920,\"caption\":\"Oplus_16908288\"},{\"@type\":\"BreadcrumbList\",\"@id\":\"https:\/\/jucarii-lemn-online.ro\/produs\/camion-mic-mov-ppr\/#breadcrumb\",\"itemListElement\":[{\"@type\":\"ListItem\",\"position\":1,\"name\":\"Prima pagin\u0103\",\"item\":\"https:\/\/jucarii-lemn-online.ro\/en\/\"},{\"@type\":\"ListItem\",\"position\":2,\"name\":\"Shop\",\"item\":\"https:\/\/jucarii-lemn-online.ro\/en\/shop-2\/\"},{\"@type\":\"ListItem\",\"position\":3,\"name\":\"Camion mic mov PPR\"}]},{\"@type\":\"WebSite\",\"@id\":\"https:\/\/jucarii-lemn-online.ro\/#website\",\"url\":\"https:\/\/jucarii-lemn-online.ro\/\",\"name\":\"Juc\u0103rii din lemn fabricate \u00een Rom\u00e2nia!\",\"description\":\"Juc\u0103rii din lemn fabricate \u00een Rom\u00e2nia!\",\"potentialAction\":[{\"@type\":\"SearchAction\",\"target\":{\"@type\":\"EntryPoint\",\"urlTemplate\":\"https:\/\/jucarii-lemn-online.ro\/?s={search_term_string}\"},\"query-input\":{\"@type\":\"PropertyValueSpecification\",\"valueRequired\":true,\"valueName\":\"search_term_string\"}}],\"inLanguage\":\"en-US\"}]}<\/script>\n<!-- \/ Yoast SEO plugin. -->","yoast_head_json":{"title":"Camion mic mov PPR - Juc\u0103rii din lemn fabricate \u00een Rom\u00e2nia!","description":"F\u0103cut\u0103 din tei \u0219i stejar, este vopsit\u0103 manual cu vopsea de juc\u0103rii Hornbach E 71.3Recomandat copiilor peste 3 ani!M\u0103rime: lungime 9 cm * \u00een\u0103l\u021bime 5 cm.","robots":{"index":"index","follow":"follow","max-snippet":"max-snippet:-1","max-image-preview":"max-image-preview:large","max-video-preview":"max-video-preview:-1"},"canonical":"https:\/\/jucarii-lemn-online.ro\/produs\/camion-mic-mov-ppr\/","og_locale":"en_US","og_type":"article","og_title":"Camion mic mov PPR - Juc\u0103rii din lemn fabricate \u00een Rom\u00e2nia!","og_description":"F\u0103cut\u0103 din tei \u0219i stejar, este vopsit\u0103 manual cu vopsea de juc\u0103rii Hornbach E 71.3Recomandat copiilor peste 3 ani!M\u0103rime: lungime 9 cm * \u00een\u0103l\u021bime 5 cm.","og_url":"https:\/\/jucarii-lemn-online.ro\/produs\/camion-mic-mov-ppr\/","og_site_name":"Juc\u0103rii din lemn fabricate \u00een Rom\u00e2nia!","article_modified_time":"2025-09-17T09:21:48+00:00","og_image":[{"width":2560,"height":1920,"url":"https:\/\/jucarii-lemn-online.ro\/wp-content\/uploads\/2024\/11\/IMG_20250917_065814-scaled.jpg","type":"image\/jpeg"}],"twitter_card":"summary_large_image","twitter_misc":{"Est. reading time":"1 minute"},"schema":{"@context":"https:\/\/schema.org","@graph":[{"@type":"WebPage","@id":"https:\/\/jucarii-lemn-online.ro\/produs\/camion-mic-mov-ppr\/","url":"https:\/\/jucarii-lemn-online.ro\/produs\/camion-mic-mov-ppr\/","name":"Camion mic mov PPR - Juc\u0103rii din lemn fabricate \u00een Rom\u00e2nia!","isPartOf":{"@id":"https:\/\/jucarii-lemn-online.ro\/#website"},"primaryImageOfPage":{"@id":"https:\/\/jucarii-lemn-online.ro\/produs\/camion-mic-mov-ppr\/#primaryimage"},"image":{"@id":"https:\/\/jucarii-lemn-online.ro\/produs\/camion-mic-mov-ppr\/#primaryimage"},"thumbnailUrl":"https:\/\/jucarii-lemn-online.ro\/wp-content\/uploads\/2024\/11\/IMG_20250917_065814-scaled.jpg","datePublished":"2024-11-11T12:18:45+00:00","dateModified":"2025-09-17T09:21:48+00:00","description":"F\u0103cut\u0103 din tei \u0219i stejar, este vopsit\u0103 manual cu vopsea de juc\u0103rii Hornbach E 71.3Recomandat copiilor peste 3 ani!M\u0103rime: lungime 9 cm * \u00een\u0103l\u021bime 5 cm.","breadcrumb":{"@id":"https:\/\/jucarii-lemn-online.ro\/produs\/camion-mic-mov-ppr\/#breadcrumb"},"inLanguage":"en-US","potentialAction":[{"@type":"ReadAction","target":["https:\/\/jucarii-lemn-online.ro\/produs\/camion-mic-mov-ppr\/"]}]},{"@type":"ImageObject","inLanguage":"en-US","@id":"https:\/\/jucarii-lemn-online.ro\/produs\/camion-mic-mov-ppr\/#primaryimage","url":"https:\/\/jucarii-lemn-online.ro\/wp-content\/uploads\/2024\/11\/IMG_20250917_065814-scaled.jpg","contentUrl":"https:\/\/jucarii-lemn-online.ro\/wp-content\/uploads\/2024\/11\/IMG_20250917_065814-scaled.jpg","width":2560,"height":1920,"caption":"Oplus_16908288"},{"@type":"BreadcrumbList","@id":"https:\/\/jucarii-lemn-online.ro\/produs\/camion-mic-mov-ppr\/#breadcrumb","itemListElement":[{"@type":"ListItem","position":1,"name":"Prima pagin\u0103","item":"https:\/\/jucarii-lemn-online.ro\/en\/"},{"@type":"ListItem","position":2,"name":"Shop","item":"https:\/\/jucarii-lemn-online.ro\/en\/shop-2\/"},{"@type":"ListItem","position":3,"name":"Camion mic mov PPR"}]},{"@type":"WebSite","@id":"https:\/\/jucarii-lemn-online.ro\/#website","url":"https:\/\/jucarii-lemn-online.ro\/","name":"Juc\u0103rii din lemn fabricate \u00een Rom\u00e2nia!","description":"Juc\u0103rii din lemn fabricate \u00een Rom\u00e2nia!","potentialAction":[{"@type":"SearchAction","target":{"@type":"EntryPoint","urlTemplate":"https:\/\/jucarii-lemn-online.ro\/?s={search_term_string}"},"query-input":{"@type":"PropertyValueSpecification","valueRequired":true,"valueName":"search_term_string"}}],"inLanguage":"en-US"}]}},"_links":{"self":[{"href":"https:\/\/jucarii-lemn-online.ro\/en\/wp-json\/wp\/v2\/product\/4738","targetHints":{"allow":["GET"]}}],"collection":[{"href":"https:\/\/jucarii-lemn-online.ro\/en\/wp-json\/wp\/v2\/product"}],"about":[{"href":"https:\/\/jucarii-lemn-online.ro\/en\/wp-json\/wp\/v2\/types\/product"}],"wp:featuredmedia":[{"embeddable":true,"href":"https:\/\/jucarii-lemn-online.ro\/en\/wp-json\/wp\/v2\/media\/5104"}],"wp:attachment":[{"href":"https:\/\/jucarii-lemn-online.ro\/en\/wp-json\/wp\/v2\/media?parent=4738"}],"wp:term":[{"taxonomy":"product_brand","embeddable":true,"href":"https:\/\/jucarii-lemn-online.ro\/en\/wp-json\/wp\/v2\/product_brand?post=4738"},{"taxonomy":"product_cat","embeddable":true,"href":"https:\/\/jucarii-lemn-online.ro\/en\/wp-json\/wp\/v2\/product_cat?post=4738"},{"taxonomy":"product_tag","embeddable":true,"href":"https:\/\/jucarii-lemn-online.ro\/en\/wp-json\/wp\/v2\/product_tag?post=4738"}],"curies":[{"name":"wp","href":"https:\/\/api.w.org\/{rel}","templated":true}]}}