{"id":4736,"date":"2024-11-11T14:17:16","date_gmt":"2024-11-11T12:17:16","guid":{"rendered":"https:\/\/jucarii-lemn-online.ro\/?post_type=product&#038;p=4736"},"modified":"2026-01-19T15:09:56","modified_gmt":"2026-01-19T13:09:56","slug":"elefant-ppr","status":"publish","type":"product","link":"https:\/\/jucarii-lemn-online.ro\/en\/produs\/elefant-ppr\/","title":{"rendered":"Elefant galben PPR"},"content":{"rendered":"<div class=\"std\">\n<p>Descoper\u0103 farmecul unei juc\u0103rii simple, dar pline de via\u021b\u0103! Ma\u0219inu\u021ba noastr\u0103 mic\u0103 din lemn, pictat\u0103 manual cu grij\u0103 \u0219i culori vesele, aduce z\u00e2mbete \u0219i ore nesf\u00e2r\u0219ite de joac\u0103. Este u\u0219oar\u0103, sigur\u0103 datorit\u0103 vopselei non-toxice \u0219i perfect\u0103 pentru m\u00e2inile curioase ale celor mici. Un cadou minunat pentru copil\u0103rie autentic\u0103!<\/p>\n<p>&nbsp;<\/p>\n<p>F\u0103cut\u0103 din tei \u0219i stejar, este vopsit\u0103 manual cu vopsea de juc\u0103rii Hornbach E 71.3<\/p>\n<p>Recomandat copiilor peste 3 ani!<\/p>\n<p>Made in RO!<\/p>\n<\/div>\n","protected":false},"excerpt":{"rendered":"<div class=\"std\">\n<p>F\u0103cut\u0103 din tei \u0219i stejar, este vopsit\u0103 manual cu vopsea de juc\u0103rii Hornbach E 71.3<\/p>\n<p>Recomandat copiilor peste 3 ani!<\/p>\n<p>Made in RO!<\/p>\n<\/div>\n","protected":false},"featured_media":5432,"template":"","meta":[],"product_brand":[],"product_cat":[142],"product_tag":[170],"class_list":{"0":"post-4736","1":"product","2":"type-product","3":"status-publish","4":"has-post-thumbnail","6":"product_cat-masinute","7":"product_tag-masinuta","9":"first","10":"instock","11":"shipping-taxable","12":"purchasable","13":"product-type-simple"},"yoast_head":"<!-- This site is optimized with the Yoast SEO plugin v24.5 - https:\/\/yoast.com\/wordpress\/plugins\/seo\/ -->\n<title>Elefant galben PPR - Juc\u0103rii din lemn fabricate \u00een Rom\u00e2nia!<\/title>\n<meta name=\"description\" content=\"F\u0103cut\u0103 din tei \u0219i stejar, este vopsit\u0103 manual cu vopsea de juc\u0103rii Hornbach E 71.3Recomandat copiilor peste 3 ani!\" \/>\n<meta name=\"robots\" content=\"index, follow, max-snippet:-1, max-image-preview:large, max-video-preview:-1\" \/>\n<link rel=\"canonical\" href=\"https:\/\/jucarii-lemn-online.ro\/produs\/elefant-ppr\/\" \/>\n<meta property=\"og:locale\" content=\"en_US\" \/>\n<meta property=\"og:type\" content=\"article\" \/>\n<meta property=\"og:title\" content=\"Elefant galben PPR - Juc\u0103rii din lemn fabricate \u00een Rom\u00e2nia!\" \/>\n<meta property=\"og:description\" content=\"F\u0103cut\u0103 din tei \u0219i stejar, este vopsit\u0103 manual cu vopsea de juc\u0103rii Hornbach E 71.3Recomandat copiilor peste 3 ani!\" \/>\n<meta property=\"og:url\" content=\"https:\/\/jucarii-lemn-online.ro\/produs\/elefant-ppr\/\" \/>\n<meta property=\"og:site_name\" content=\"Juc\u0103rii din lemn fabricate \u00een Rom\u00e2nia!\" \/>\n<meta property=\"article:modified_time\" content=\"2026-01-19T13:09:56+00:00\" \/>\n<meta property=\"og:image\" content=\"https:\/\/jucarii-lemn-online.ro\/wp-content\/uploads\/2026\/01\/ChatGPT-Image-2026.-jan.-19.-15_06_33.png\" \/>\n\t<meta property=\"og:image:width\" content=\"1536\" \/>\n\t<meta property=\"og:image:height\" content=\"1024\" \/>\n\t<meta property=\"og:image:type\" content=\"image\/png\" \/>\n<meta name=\"twitter:card\" content=\"summary_large_image\" \/>\n<meta name=\"twitter:label1\" content=\"Est. reading time\" \/>\n\t<meta name=\"twitter:data1\" content=\"1 minute\" \/>\n<script type=\"application\/ld+json\" class=\"yoast-schema-graph\">{\"@context\":\"https:\/\/schema.org\",\"@graph\":[{\"@type\":\"WebPage\",\"@id\":\"https:\/\/jucarii-lemn-online.ro\/produs\/elefant-ppr\/\",\"url\":\"https:\/\/jucarii-lemn-online.ro\/produs\/elefant-ppr\/\",\"name\":\"Elefant galben PPR - Juc\u0103rii din lemn fabricate \u00een Rom\u00e2nia!\",\"isPartOf\":{\"@id\":\"https:\/\/jucarii-lemn-online.ro\/#website\"},\"primaryImageOfPage\":{\"@id\":\"https:\/\/jucarii-lemn-online.ro\/produs\/elefant-ppr\/#primaryimage\"},\"image\":{\"@id\":\"https:\/\/jucarii-lemn-online.ro\/produs\/elefant-ppr\/#primaryimage\"},\"thumbnailUrl\":\"https:\/\/jucarii-lemn-online.ro\/wp-content\/uploads\/2026\/01\/ChatGPT-Image-2026.-jan.-19.-15_06_33.png\",\"datePublished\":\"2024-11-11T12:17:16+00:00\",\"dateModified\":\"2026-01-19T13:09:56+00:00\",\"description\":\"F\u0103cut\u0103 din tei \u0219i stejar, este vopsit\u0103 manual cu vopsea de juc\u0103rii Hornbach E 71.3Recomandat copiilor peste 3 ani!\",\"breadcrumb\":{\"@id\":\"https:\/\/jucarii-lemn-online.ro\/produs\/elefant-ppr\/#breadcrumb\"},\"inLanguage\":\"en-US\",\"potentialAction\":[{\"@type\":\"ReadAction\",\"target\":[\"https:\/\/jucarii-lemn-online.ro\/produs\/elefant-ppr\/\"]}]},{\"@type\":\"ImageObject\",\"inLanguage\":\"en-US\",\"@id\":\"https:\/\/jucarii-lemn-online.ro\/produs\/elefant-ppr\/#primaryimage\",\"url\":\"https:\/\/jucarii-lemn-online.ro\/wp-content\/uploads\/2026\/01\/ChatGPT-Image-2026.-jan.-19.-15_06_33.png\",\"contentUrl\":\"https:\/\/jucarii-lemn-online.ro\/wp-content\/uploads\/2026\/01\/ChatGPT-Image-2026.-jan.-19.-15_06_33.png\",\"width\":1536,\"height\":1024},{\"@type\":\"BreadcrumbList\",\"@id\":\"https:\/\/jucarii-lemn-online.ro\/produs\/elefant-ppr\/#breadcrumb\",\"itemListElement\":[{\"@type\":\"ListItem\",\"position\":1,\"name\":\"Prima pagin\u0103\",\"item\":\"https:\/\/jucarii-lemn-online.ro\/en\/\"},{\"@type\":\"ListItem\",\"position\":2,\"name\":\"Shop\",\"item\":\"https:\/\/jucarii-lemn-online.ro\/en\/shop-2\/\"},{\"@type\":\"ListItem\",\"position\":3,\"name\":\"Elefant galben PPR\"}]},{\"@type\":\"WebSite\",\"@id\":\"https:\/\/jucarii-lemn-online.ro\/#website\",\"url\":\"https:\/\/jucarii-lemn-online.ro\/\",\"name\":\"Juc\u0103rii din lemn fabricate \u00een Rom\u00e2nia!\",\"description\":\"Juc\u0103rii din lemn fabricate \u00een Rom\u00e2nia!\",\"potentialAction\":[{\"@type\":\"SearchAction\",\"target\":{\"@type\":\"EntryPoint\",\"urlTemplate\":\"https:\/\/jucarii-lemn-online.ro\/?s={search_term_string}\"},\"query-input\":{\"@type\":\"PropertyValueSpecification\",\"valueRequired\":true,\"valueName\":\"search_term_string\"}}],\"inLanguage\":\"en-US\"}]}<\/script>\n<!-- \/ Yoast SEO plugin. -->","yoast_head_json":{"title":"Elefant galben PPR - Juc\u0103rii din lemn fabricate \u00een Rom\u00e2nia!","description":"F\u0103cut\u0103 din tei \u0219i stejar, este vopsit\u0103 manual cu vopsea de juc\u0103rii Hornbach E 71.3Recomandat copiilor peste 3 ani!","robots":{"index":"index","follow":"follow","max-snippet":"max-snippet:-1","max-image-preview":"max-image-preview:large","max-video-preview":"max-video-preview:-1"},"canonical":"https:\/\/jucarii-lemn-online.ro\/produs\/elefant-ppr\/","og_locale":"en_US","og_type":"article","og_title":"Elefant galben PPR - Juc\u0103rii din lemn fabricate \u00een Rom\u00e2nia!","og_description":"F\u0103cut\u0103 din tei \u0219i stejar, este vopsit\u0103 manual cu vopsea de juc\u0103rii Hornbach E 71.3Recomandat copiilor peste 3 ani!","og_url":"https:\/\/jucarii-lemn-online.ro\/produs\/elefant-ppr\/","og_site_name":"Juc\u0103rii din lemn fabricate \u00een Rom\u00e2nia!","article_modified_time":"2026-01-19T13:09:56+00:00","og_image":[{"width":1536,"height":1024,"url":"https:\/\/jucarii-lemn-online.ro\/wp-content\/uploads\/2026\/01\/ChatGPT-Image-2026.-jan.-19.-15_06_33.png","type":"image\/png"}],"twitter_card":"summary_large_image","twitter_misc":{"Est. reading time":"1 minute"},"schema":{"@context":"https:\/\/schema.org","@graph":[{"@type":"WebPage","@id":"https:\/\/jucarii-lemn-online.ro\/produs\/elefant-ppr\/","url":"https:\/\/jucarii-lemn-online.ro\/produs\/elefant-ppr\/","name":"Elefant galben PPR - Juc\u0103rii din lemn fabricate \u00een Rom\u00e2nia!","isPartOf":{"@id":"https:\/\/jucarii-lemn-online.ro\/#website"},"primaryImageOfPage":{"@id":"https:\/\/jucarii-lemn-online.ro\/produs\/elefant-ppr\/#primaryimage"},"image":{"@id":"https:\/\/jucarii-lemn-online.ro\/produs\/elefant-ppr\/#primaryimage"},"thumbnailUrl":"https:\/\/jucarii-lemn-online.ro\/wp-content\/uploads\/2026\/01\/ChatGPT-Image-2026.-jan.-19.-15_06_33.png","datePublished":"2024-11-11T12:17:16+00:00","dateModified":"2026-01-19T13:09:56+00:00","description":"F\u0103cut\u0103 din tei \u0219i stejar, este vopsit\u0103 manual cu vopsea de juc\u0103rii Hornbach E 71.3Recomandat copiilor peste 3 ani!","breadcrumb":{"@id":"https:\/\/jucarii-lemn-online.ro\/produs\/elefant-ppr\/#breadcrumb"},"inLanguage":"en-US","potentialAction":[{"@type":"ReadAction","target":["https:\/\/jucarii-lemn-online.ro\/produs\/elefant-ppr\/"]}]},{"@type":"ImageObject","inLanguage":"en-US","@id":"https:\/\/jucarii-lemn-online.ro\/produs\/elefant-ppr\/#primaryimage","url":"https:\/\/jucarii-lemn-online.ro\/wp-content\/uploads\/2026\/01\/ChatGPT-Image-2026.-jan.-19.-15_06_33.png","contentUrl":"https:\/\/jucarii-lemn-online.ro\/wp-content\/uploads\/2026\/01\/ChatGPT-Image-2026.-jan.-19.-15_06_33.png","width":1536,"height":1024},{"@type":"BreadcrumbList","@id":"https:\/\/jucarii-lemn-online.ro\/produs\/elefant-ppr\/#breadcrumb","itemListElement":[{"@type":"ListItem","position":1,"name":"Prima pagin\u0103","item":"https:\/\/jucarii-lemn-online.ro\/en\/"},{"@type":"ListItem","position":2,"name":"Shop","item":"https:\/\/jucarii-lemn-online.ro\/en\/shop-2\/"},{"@type":"ListItem","position":3,"name":"Elefant galben PPR"}]},{"@type":"WebSite","@id":"https:\/\/jucarii-lemn-online.ro\/#website","url":"https:\/\/jucarii-lemn-online.ro\/","name":"Juc\u0103rii din lemn fabricate \u00een Rom\u00e2nia!","description":"Juc\u0103rii din lemn fabricate \u00een Rom\u00e2nia!","potentialAction":[{"@type":"SearchAction","target":{"@type":"EntryPoint","urlTemplate":"https:\/\/jucarii-lemn-online.ro\/?s={search_term_string}"},"query-input":{"@type":"PropertyValueSpecification","valueRequired":true,"valueName":"search_term_string"}}],"inLanguage":"en-US"}]}},"_links":{"self":[{"href":"https:\/\/jucarii-lemn-online.ro\/en\/wp-json\/wp\/v2\/product\/4736","targetHints":{"allow":["GET"]}}],"collection":[{"href":"https:\/\/jucarii-lemn-online.ro\/en\/wp-json\/wp\/v2\/product"}],"about":[{"href":"https:\/\/jucarii-lemn-online.ro\/en\/wp-json\/wp\/v2\/types\/product"}],"wp:featuredmedia":[{"embeddable":true,"href":"https:\/\/jucarii-lemn-online.ro\/en\/wp-json\/wp\/v2\/media\/5432"}],"wp:attachment":[{"href":"https:\/\/jucarii-lemn-online.ro\/en\/wp-json\/wp\/v2\/media?parent=4736"}],"wp:term":[{"taxonomy":"product_brand","embeddable":true,"href":"https:\/\/jucarii-lemn-online.ro\/en\/wp-json\/wp\/v2\/product_brand?post=4736"},{"taxonomy":"product_cat","embeddable":true,"href":"https:\/\/jucarii-lemn-online.ro\/en\/wp-json\/wp\/v2\/product_cat?post=4736"},{"taxonomy":"product_tag","embeddable":true,"href":"https:\/\/jucarii-lemn-online.ro\/en\/wp-json\/wp\/v2\/product_tag?post=4736"}],"curies":[{"name":"wp","href":"https:\/\/api.w.org\/{rel}","templated":true}]}}