{"id":4663,"date":"2024-06-22T10:27:56","date_gmt":"2024-06-22T08:27:56","guid":{"rendered":"https:\/\/jucarii-lemn-online.ro\/?post_type=product&#038;p=4663"},"modified":"2024-11-26T16:24:43","modified_gmt":"2024-11-26T14:24:43","slug":"acrobatii","status":"publish","type":"product","link":"https:\/\/jucarii-lemn-online.ro\/en\/produs\/acrobatii\/","title":{"rendered":"Acroba\u021bii"},"content":{"rendered":"<p><strong>ACROBA\u021aII<\/strong>\u00a0este un joc de echilibru alc\u0103tuit din omule\u021bi diferi\u021bi, fiecare cu personalitatea sa. \u00cempreun\u0103 cu accesoriile, ace\u0219tia dau diversitate \u0219i complexitate jocului, dar mai ales dau un sens configura\u021biilor spa\u021biale amuzante ale omule\u021bilor.<\/p>\n","protected":false},"excerpt":{"rendered":"<p><strong>ACROBA\u021aII<\/strong>\u00a0este un joc de echilibru alc\u0103tuit din omule\u021bi diferi\u021bi, fiecare cu personalitatea sa. \u00cempreun\u0103 cu accesoriile, ace\u0219tia dau diversitate \u0219i complexitate jocului, dar mai ales dau un sens configura\u021biilor spa\u021biale amuzante ale omule\u021bilor.<\/p>\n","protected":false},"featured_media":4664,"template":"","meta":[],"product_brand":[],"product_cat":[15],"product_tag":[247,246],"class_list":{"0":"post-4663","1":"product","2":"type-product","3":"status-publish","4":"has-post-thumbnail","6":"product_cat-fara-categorie","7":"product_tag-acrobatii","8":"product_tag-mormi","10":"first","11":"instock","12":"shipping-taxable","13":"purchasable","14":"product-type-simple"},"yoast_head":"<!-- This site is optimized with the Yoast SEO plugin v24.5 - https:\/\/yoast.com\/wordpress\/plugins\/seo\/ -->\n<title>Acroba\u021bii - Juc\u0103rii din lemn fabricate \u00een Rom\u00e2nia!<\/title>\n<meta name=\"description\" content=\"ACROBA\u021aII este un joc de echilibru alc\u0103tuit din omule\u021bi diferi\u021bi, fiecare cu personalitatea sa. \u00cempreun\u0103 cu accesoriile, ace\u0219tia dau diversitate \u0219i complexitate jocului, dar mai ales dau un sens configura\u021biilor spa\u021biale amuzante ale omule\u021bilor.\" \/>\n<meta name=\"robots\" content=\"index, follow, max-snippet:-1, max-image-preview:large, max-video-preview:-1\" \/>\n<link rel=\"canonical\" href=\"https:\/\/jucarii-lemn-online.ro\/produs\/acrobatii\/\" \/>\n<meta property=\"og:locale\" content=\"en_US\" \/>\n<meta property=\"og:type\" content=\"article\" \/>\n<meta property=\"og:title\" content=\"Acroba\u021bii - Juc\u0103rii din lemn fabricate \u00een Rom\u00e2nia!\" \/>\n<meta property=\"og:description\" content=\"ACROBA\u021aII este un joc de echilibru alc\u0103tuit din omule\u021bi diferi\u021bi, fiecare cu personalitatea sa. \u00cempreun\u0103 cu accesoriile, ace\u0219tia dau diversitate \u0219i complexitate jocului, dar mai ales dau un sens configura\u021biilor spa\u021biale amuzante ale omule\u021bilor.\" \/>\n<meta property=\"og:url\" content=\"https:\/\/jucarii-lemn-online.ro\/produs\/acrobatii\/\" \/>\n<meta property=\"og:site_name\" content=\"Juc\u0103rii din lemn fabricate \u00een Rom\u00e2nia!\" \/>\n<meta property=\"article:modified_time\" content=\"2024-11-26T14:24:43+00:00\" \/>\n<meta property=\"og:image\" content=\"https:\/\/jucarii-lemn-online.ro\/wp-content\/uploads\/2024\/06\/MORMI_Acrobati_01.jpg\" \/>\n\t<meta property=\"og:image:width\" content=\"1200\" \/>\n\t<meta property=\"og:image:height\" content=\"1200\" \/>\n\t<meta property=\"og:image:type\" content=\"image\/jpeg\" \/>\n<meta name=\"twitter:card\" content=\"summary_large_image\" \/>\n<meta name=\"twitter:label1\" content=\"Est. reading time\" \/>\n\t<meta name=\"twitter:data1\" content=\"1 minute\" \/>\n<script type=\"application\/ld+json\" class=\"yoast-schema-graph\">{\"@context\":\"https:\/\/schema.org\",\"@graph\":[{\"@type\":\"WebPage\",\"@id\":\"https:\/\/jucarii-lemn-online.ro\/produs\/acrobatii\/\",\"url\":\"https:\/\/jucarii-lemn-online.ro\/produs\/acrobatii\/\",\"name\":\"Acroba\u021bii - Juc\u0103rii din lemn fabricate \u00een Rom\u00e2nia!\",\"isPartOf\":{\"@id\":\"https:\/\/jucarii-lemn-online.ro\/#website\"},\"primaryImageOfPage\":{\"@id\":\"https:\/\/jucarii-lemn-online.ro\/produs\/acrobatii\/#primaryimage\"},\"image\":{\"@id\":\"https:\/\/jucarii-lemn-online.ro\/produs\/acrobatii\/#primaryimage\"},\"thumbnailUrl\":\"https:\/\/jucarii-lemn-online.ro\/wp-content\/uploads\/2024\/06\/MORMI_Acrobati_01.jpg\",\"datePublished\":\"2024-06-22T08:27:56+00:00\",\"dateModified\":\"2024-11-26T14:24:43+00:00\",\"description\":\"ACROBA\u021aII este un joc de echilibru alc\u0103tuit din omule\u021bi diferi\u021bi, fiecare cu personalitatea sa. \u00cempreun\u0103 cu accesoriile, ace\u0219tia dau diversitate \u0219i complexitate jocului, dar mai ales dau un sens configura\u021biilor spa\u021biale amuzante ale omule\u021bilor.\",\"breadcrumb\":{\"@id\":\"https:\/\/jucarii-lemn-online.ro\/produs\/acrobatii\/#breadcrumb\"},\"inLanguage\":\"en-US\",\"potentialAction\":[{\"@type\":\"ReadAction\",\"target\":[\"https:\/\/jucarii-lemn-online.ro\/produs\/acrobatii\/\"]}]},{\"@type\":\"ImageObject\",\"inLanguage\":\"en-US\",\"@id\":\"https:\/\/jucarii-lemn-online.ro\/produs\/acrobatii\/#primaryimage\",\"url\":\"https:\/\/jucarii-lemn-online.ro\/wp-content\/uploads\/2024\/06\/MORMI_Acrobati_01.jpg\",\"contentUrl\":\"https:\/\/jucarii-lemn-online.ro\/wp-content\/uploads\/2024\/06\/MORMI_Acrobati_01.jpg\",\"width\":1200,\"height\":1200},{\"@type\":\"BreadcrumbList\",\"@id\":\"https:\/\/jucarii-lemn-online.ro\/produs\/acrobatii\/#breadcrumb\",\"itemListElement\":[{\"@type\":\"ListItem\",\"position\":1,\"name\":\"Prima pagin\u0103\",\"item\":\"https:\/\/jucarii-lemn-online.ro\/en\/\"},{\"@type\":\"ListItem\",\"position\":2,\"name\":\"Shop\",\"item\":\"https:\/\/jucarii-lemn-online.ro\/en\/shop-2\/\"},{\"@type\":\"ListItem\",\"position\":3,\"name\":\"Acroba\u021bii\"}]},{\"@type\":\"WebSite\",\"@id\":\"https:\/\/jucarii-lemn-online.ro\/#website\",\"url\":\"https:\/\/jucarii-lemn-online.ro\/\",\"name\":\"Juc\u0103rii din lemn fabricate \u00een Rom\u00e2nia!\",\"description\":\"Juc\u0103rii din lemn fabricate \u00een Rom\u00e2nia!\",\"potentialAction\":[{\"@type\":\"SearchAction\",\"target\":{\"@type\":\"EntryPoint\",\"urlTemplate\":\"https:\/\/jucarii-lemn-online.ro\/?s={search_term_string}\"},\"query-input\":{\"@type\":\"PropertyValueSpecification\",\"valueRequired\":true,\"valueName\":\"search_term_string\"}}],\"inLanguage\":\"en-US\"}]}<\/script>\n<!-- \/ Yoast SEO plugin. -->","yoast_head_json":{"title":"Acroba\u021bii - Juc\u0103rii din lemn fabricate \u00een Rom\u00e2nia!","description":"ACROBA\u021aII este un joc de echilibru alc\u0103tuit din omule\u021bi diferi\u021bi, fiecare cu personalitatea sa. \u00cempreun\u0103 cu accesoriile, ace\u0219tia dau diversitate \u0219i complexitate jocului, dar mai ales dau un sens configura\u021biilor spa\u021biale amuzante ale omule\u021bilor.","robots":{"index":"index","follow":"follow","max-snippet":"max-snippet:-1","max-image-preview":"max-image-preview:large","max-video-preview":"max-video-preview:-1"},"canonical":"https:\/\/jucarii-lemn-online.ro\/produs\/acrobatii\/","og_locale":"en_US","og_type":"article","og_title":"Acroba\u021bii - Juc\u0103rii din lemn fabricate \u00een Rom\u00e2nia!","og_description":"ACROBA\u021aII este un joc de echilibru alc\u0103tuit din omule\u021bi diferi\u021bi, fiecare cu personalitatea sa. \u00cempreun\u0103 cu accesoriile, ace\u0219tia dau diversitate \u0219i complexitate jocului, dar mai ales dau un sens configura\u021biilor spa\u021biale amuzante ale omule\u021bilor.","og_url":"https:\/\/jucarii-lemn-online.ro\/produs\/acrobatii\/","og_site_name":"Juc\u0103rii din lemn fabricate \u00een Rom\u00e2nia!","article_modified_time":"2024-11-26T14:24:43+00:00","og_image":[{"width":1200,"height":1200,"url":"https:\/\/jucarii-lemn-online.ro\/wp-content\/uploads\/2024\/06\/MORMI_Acrobati_01.jpg","type":"image\/jpeg"}],"twitter_card":"summary_large_image","twitter_misc":{"Est. reading time":"1 minute"},"schema":{"@context":"https:\/\/schema.org","@graph":[{"@type":"WebPage","@id":"https:\/\/jucarii-lemn-online.ro\/produs\/acrobatii\/","url":"https:\/\/jucarii-lemn-online.ro\/produs\/acrobatii\/","name":"Acroba\u021bii - Juc\u0103rii din lemn fabricate \u00een Rom\u00e2nia!","isPartOf":{"@id":"https:\/\/jucarii-lemn-online.ro\/#website"},"primaryImageOfPage":{"@id":"https:\/\/jucarii-lemn-online.ro\/produs\/acrobatii\/#primaryimage"},"image":{"@id":"https:\/\/jucarii-lemn-online.ro\/produs\/acrobatii\/#primaryimage"},"thumbnailUrl":"https:\/\/jucarii-lemn-online.ro\/wp-content\/uploads\/2024\/06\/MORMI_Acrobati_01.jpg","datePublished":"2024-06-22T08:27:56+00:00","dateModified":"2024-11-26T14:24:43+00:00","description":"ACROBA\u021aII este un joc de echilibru alc\u0103tuit din omule\u021bi diferi\u021bi, fiecare cu personalitatea sa. \u00cempreun\u0103 cu accesoriile, ace\u0219tia dau diversitate \u0219i complexitate jocului, dar mai ales dau un sens configura\u021biilor spa\u021biale amuzante ale omule\u021bilor.","breadcrumb":{"@id":"https:\/\/jucarii-lemn-online.ro\/produs\/acrobatii\/#breadcrumb"},"inLanguage":"en-US","potentialAction":[{"@type":"ReadAction","target":["https:\/\/jucarii-lemn-online.ro\/produs\/acrobatii\/"]}]},{"@type":"ImageObject","inLanguage":"en-US","@id":"https:\/\/jucarii-lemn-online.ro\/produs\/acrobatii\/#primaryimage","url":"https:\/\/jucarii-lemn-online.ro\/wp-content\/uploads\/2024\/06\/MORMI_Acrobati_01.jpg","contentUrl":"https:\/\/jucarii-lemn-online.ro\/wp-content\/uploads\/2024\/06\/MORMI_Acrobati_01.jpg","width":1200,"height":1200},{"@type":"BreadcrumbList","@id":"https:\/\/jucarii-lemn-online.ro\/produs\/acrobatii\/#breadcrumb","itemListElement":[{"@type":"ListItem","position":1,"name":"Prima pagin\u0103","item":"https:\/\/jucarii-lemn-online.ro\/en\/"},{"@type":"ListItem","position":2,"name":"Shop","item":"https:\/\/jucarii-lemn-online.ro\/en\/shop-2\/"},{"@type":"ListItem","position":3,"name":"Acroba\u021bii"}]},{"@type":"WebSite","@id":"https:\/\/jucarii-lemn-online.ro\/#website","url":"https:\/\/jucarii-lemn-online.ro\/","name":"Juc\u0103rii din lemn fabricate \u00een Rom\u00e2nia!","description":"Juc\u0103rii din lemn fabricate \u00een Rom\u00e2nia!","potentialAction":[{"@type":"SearchAction","target":{"@type":"EntryPoint","urlTemplate":"https:\/\/jucarii-lemn-online.ro\/?s={search_term_string}"},"query-input":{"@type":"PropertyValueSpecification","valueRequired":true,"valueName":"search_term_string"}}],"inLanguage":"en-US"}]}},"_links":{"self":[{"href":"https:\/\/jucarii-lemn-online.ro\/en\/wp-json\/wp\/v2\/product\/4663","targetHints":{"allow":["GET"]}}],"collection":[{"href":"https:\/\/jucarii-lemn-online.ro\/en\/wp-json\/wp\/v2\/product"}],"about":[{"href":"https:\/\/jucarii-lemn-online.ro\/en\/wp-json\/wp\/v2\/types\/product"}],"wp:featuredmedia":[{"embeddable":true,"href":"https:\/\/jucarii-lemn-online.ro\/en\/wp-json\/wp\/v2\/media\/4664"}],"wp:attachment":[{"href":"https:\/\/jucarii-lemn-online.ro\/en\/wp-json\/wp\/v2\/media?parent=4663"}],"wp:term":[{"taxonomy":"product_brand","embeddable":true,"href":"https:\/\/jucarii-lemn-online.ro\/en\/wp-json\/wp\/v2\/product_brand?post=4663"},{"taxonomy":"product_cat","embeddable":true,"href":"https:\/\/jucarii-lemn-online.ro\/en\/wp-json\/wp\/v2\/product_cat?post=4663"},{"taxonomy":"product_tag","embeddable":true,"href":"https:\/\/jucarii-lemn-online.ro\/en\/wp-json\/wp\/v2\/product_tag?post=4663"}],"curies":[{"name":"wp","href":"https:\/\/api.w.org\/{rel}","templated":true}]}}