{"id":4606,"date":"2024-03-10T19:00:36","date_gmt":"2024-03-10T17:00:36","guid":{"rendered":"https:\/\/jucarii-lemn-online.ro\/?post_type=product&#038;p=4606"},"modified":"2026-03-30T09:19:30","modified_gmt":"2026-03-30T07:19:30","slug":"set-15-oua-natur-din-lemn-cu-imperfectiuni","status":"publish","type":"product","link":"https:\/\/jucarii-lemn-online.ro\/en\/produs\/set-15-oua-natur-din-lemn-cu-imperfectiuni\/","title":{"rendered":"15 ou\u0103 natur din lemn (cu varia\u021bii de culoare \u0219i fibr\u0103 vizibil\u0103 pe suprafa\u021b\u0103)"},"content":{"rendered":"<ul>\n<li>Set de ou\u0103 din lemn natur, cu mici imperfec\u021biuni naturale (dungi sau pete \u00eenchise), ideale pentru proiecte creative care implic\u0103 culori intense sau tehnica decoupage.<br data-start=\"183\" data-end=\"186\" \/>Setul con\u021bine 15 buc\u0103\u021bi.<br data-start=\"210\" data-end=\"213\" \/>Dimensiune: aproximativ 6,5 cm \u00een\u0103l\u021bime.<br data-start=\"253\" data-end=\"256\" \/>Produs fabricat \u00een Rom\u00e2nia.<\/li>\n<\/ul>\n","protected":false},"excerpt":{"rendered":"<p>Ou\u0103 din lemn natur cu imperfec\u021biuni naturale specifice materialului (varia\u021bii de culoare, dungi sau pete). Ideale pentru personalizare creativ\u0103 \u2013 vopsire \u00een culori mai \u00eenchise sau decorare prin decupaj.<\/p>\n","protected":false},"featured_media":5545,"template":"","meta":[],"product_brand":[],"product_cat":[280,117],"product_tag":[236,152],"class_list":{"0":"post-4606","1":"product","2":"type-product","3":"status-publish","4":"has-post-thumbnail","6":"product_cat-decoratiuni-de-paste","7":"product_cat-jucarii-woodentoys","8":"product_tag-oua","9":"product_tag-oua-lemn","11":"first","12":"instock","13":"shipping-taxable","14":"purchasable","15":"product-type-simple"},"yoast_head":"<!-- This site is optimized with the Yoast SEO plugin v24.5 - https:\/\/yoast.com\/wordpress\/plugins\/seo\/ -->\n<title>15 ou\u0103 natur din lemn (cu varia\u021bii de culoare \u0219i fibr\u0103 vizibil\u0103 pe suprafa\u021b\u0103) - Juc\u0103rii din lemn fabricate \u00een Rom\u00e2nia!<\/title>\n<meta name=\"description\" content=\"Ou\u0103 din lemn natur cu imperfec\u021biuni naturale specifice materialului (varia\u021bii de culoare, dungi sau pete). Ideale pentru personalizare creativ\u0103 \u2013 vopsire \u00een culori mai \u00eenchise sau decorare prin decupaj.\" \/>\n<meta name=\"robots\" content=\"index, follow, max-snippet:-1, max-image-preview:large, max-video-preview:-1\" \/>\n<link rel=\"canonical\" href=\"https:\/\/jucarii-lemn-online.ro\/produs\/set-15-oua-natur-din-lemn-cu-imperfectiuni\/\" \/>\n<meta property=\"og:locale\" content=\"en_US\" \/>\n<meta property=\"og:type\" content=\"article\" \/>\n<meta property=\"og:title\" content=\"15 ou\u0103 natur din lemn (cu varia\u021bii de culoare \u0219i fibr\u0103 vizibil\u0103 pe suprafa\u021b\u0103) - Juc\u0103rii din lemn fabricate \u00een Rom\u00e2nia!\" \/>\n<meta property=\"og:description\" content=\"Ou\u0103 din lemn natur cu imperfec\u021biuni naturale specifice materialului (varia\u021bii de culoare, dungi sau pete). Ideale pentru personalizare creativ\u0103 \u2013 vopsire \u00een culori mai \u00eenchise sau decorare prin decupaj.\" \/>\n<meta property=\"og:url\" content=\"https:\/\/jucarii-lemn-online.ro\/produs\/set-15-oua-natur-din-lemn-cu-imperfectiuni\/\" \/>\n<meta property=\"og:site_name\" content=\"Juc\u0103rii din lemn fabricate \u00een Rom\u00e2nia!\" \/>\n<meta property=\"article:modified_time\" content=\"2026-03-30T07:19:30+00:00\" \/>\n<meta property=\"og:image\" content=\"https:\/\/jucarii-lemn-online.ro\/wp-content\/uploads\/2026\/02\/file_00000000410c720aaa2869b2ac4c0698.png\" \/>\n\t<meta property=\"og:image:width\" content=\"1536\" \/>\n\t<meta property=\"og:image:height\" content=\"1024\" \/>\n\t<meta property=\"og:image:type\" content=\"image\/png\" \/>\n<meta name=\"twitter:card\" content=\"summary_large_image\" \/>\n<meta name=\"twitter:label1\" content=\"Est. reading time\" \/>\n\t<meta name=\"twitter:data1\" content=\"1 minute\" \/>\n<script type=\"application\/ld+json\" class=\"yoast-schema-graph\">{\"@context\":\"https:\/\/schema.org\",\"@graph\":[{\"@type\":\"WebPage\",\"@id\":\"https:\/\/jucarii-lemn-online.ro\/produs\/set-15-oua-natur-din-lemn-cu-imperfectiuni\/\",\"url\":\"https:\/\/jucarii-lemn-online.ro\/produs\/set-15-oua-natur-din-lemn-cu-imperfectiuni\/\",\"name\":\"15 ou\u0103 natur din lemn (cu varia\u021bii de culoare \u0219i fibr\u0103 vizibil\u0103 pe suprafa\u021b\u0103) - Juc\u0103rii din lemn fabricate \u00een Rom\u00e2nia!\",\"isPartOf\":{\"@id\":\"https:\/\/jucarii-lemn-online.ro\/#website\"},\"primaryImageOfPage\":{\"@id\":\"https:\/\/jucarii-lemn-online.ro\/produs\/set-15-oua-natur-din-lemn-cu-imperfectiuni\/#primaryimage\"},\"image\":{\"@id\":\"https:\/\/jucarii-lemn-online.ro\/produs\/set-15-oua-natur-din-lemn-cu-imperfectiuni\/#primaryimage\"},\"thumbnailUrl\":\"https:\/\/jucarii-lemn-online.ro\/wp-content\/uploads\/2026\/02\/file_00000000410c720aaa2869b2ac4c0698.png\",\"datePublished\":\"2024-03-10T17:00:36+00:00\",\"dateModified\":\"2026-03-30T07:19:30+00:00\",\"description\":\"Ou\u0103 din lemn natur cu imperfec\u021biuni naturale specifice materialului (varia\u021bii de culoare, dungi sau pete). Ideale pentru personalizare creativ\u0103 \u2013 vopsire \u00een culori mai \u00eenchise sau decorare prin decupaj.\",\"breadcrumb\":{\"@id\":\"https:\/\/jucarii-lemn-online.ro\/produs\/set-15-oua-natur-din-lemn-cu-imperfectiuni\/#breadcrumb\"},\"inLanguage\":\"en-US\",\"potentialAction\":[{\"@type\":\"ReadAction\",\"target\":[\"https:\/\/jucarii-lemn-online.ro\/produs\/set-15-oua-natur-din-lemn-cu-imperfectiuni\/\"]}]},{\"@type\":\"ImageObject\",\"inLanguage\":\"en-US\",\"@id\":\"https:\/\/jucarii-lemn-online.ro\/produs\/set-15-oua-natur-din-lemn-cu-imperfectiuni\/#primaryimage\",\"url\":\"https:\/\/jucarii-lemn-online.ro\/wp-content\/uploads\/2026\/02\/file_00000000410c720aaa2869b2ac4c0698.png\",\"contentUrl\":\"https:\/\/jucarii-lemn-online.ro\/wp-content\/uploads\/2026\/02\/file_00000000410c720aaa2869b2ac4c0698.png\",\"width\":1536,\"height\":1024},{\"@type\":\"BreadcrumbList\",\"@id\":\"https:\/\/jucarii-lemn-online.ro\/produs\/set-15-oua-natur-din-lemn-cu-imperfectiuni\/#breadcrumb\",\"itemListElement\":[{\"@type\":\"ListItem\",\"position\":1,\"name\":\"Prima pagin\u0103\",\"item\":\"https:\/\/jucarii-lemn-online.ro\/en\/\"},{\"@type\":\"ListItem\",\"position\":2,\"name\":\"Shop\",\"item\":\"https:\/\/jucarii-lemn-online.ro\/en\/shop-2\/\"},{\"@type\":\"ListItem\",\"position\":3,\"name\":\"15 ou\u0103 natur din lemn (cu varia\u021bii de culoare \u0219i fibr\u0103 vizibil\u0103 pe suprafa\u021b\u0103)\"}]},{\"@type\":\"WebSite\",\"@id\":\"https:\/\/jucarii-lemn-online.ro\/#website\",\"url\":\"https:\/\/jucarii-lemn-online.ro\/\",\"name\":\"Juc\u0103rii din lemn fabricate \u00een Rom\u00e2nia!\",\"description\":\"Juc\u0103rii din lemn fabricate \u00een Rom\u00e2nia!\",\"potentialAction\":[{\"@type\":\"SearchAction\",\"target\":{\"@type\":\"EntryPoint\",\"urlTemplate\":\"https:\/\/jucarii-lemn-online.ro\/?s={search_term_string}\"},\"query-input\":{\"@type\":\"PropertyValueSpecification\",\"valueRequired\":true,\"valueName\":\"search_term_string\"}}],\"inLanguage\":\"en-US\"}]}<\/script>\n<!-- \/ Yoast SEO plugin. -->","yoast_head_json":{"title":"15 ou\u0103 natur din lemn (cu varia\u021bii de culoare \u0219i fibr\u0103 vizibil\u0103 pe suprafa\u021b\u0103) - Juc\u0103rii din lemn fabricate \u00een Rom\u00e2nia!","description":"Ou\u0103 din lemn natur cu imperfec\u021biuni naturale specifice materialului (varia\u021bii de culoare, dungi sau pete). Ideale pentru personalizare creativ\u0103 \u2013 vopsire \u00een culori mai \u00eenchise sau decorare prin decupaj.","robots":{"index":"index","follow":"follow","max-snippet":"max-snippet:-1","max-image-preview":"max-image-preview:large","max-video-preview":"max-video-preview:-1"},"canonical":"https:\/\/jucarii-lemn-online.ro\/produs\/set-15-oua-natur-din-lemn-cu-imperfectiuni\/","og_locale":"en_US","og_type":"article","og_title":"15 ou\u0103 natur din lemn (cu varia\u021bii de culoare \u0219i fibr\u0103 vizibil\u0103 pe suprafa\u021b\u0103) - Juc\u0103rii din lemn fabricate \u00een Rom\u00e2nia!","og_description":"Ou\u0103 din lemn natur cu imperfec\u021biuni naturale specifice materialului (varia\u021bii de culoare, dungi sau pete). Ideale pentru personalizare creativ\u0103 \u2013 vopsire \u00een culori mai \u00eenchise sau decorare prin decupaj.","og_url":"https:\/\/jucarii-lemn-online.ro\/produs\/set-15-oua-natur-din-lemn-cu-imperfectiuni\/","og_site_name":"Juc\u0103rii din lemn fabricate \u00een Rom\u00e2nia!","article_modified_time":"2026-03-30T07:19:30+00:00","og_image":[{"width":1536,"height":1024,"url":"https:\/\/jucarii-lemn-online.ro\/wp-content\/uploads\/2026\/02\/file_00000000410c720aaa2869b2ac4c0698.png","type":"image\/png"}],"twitter_card":"summary_large_image","twitter_misc":{"Est. reading time":"1 minute"},"schema":{"@context":"https:\/\/schema.org","@graph":[{"@type":"WebPage","@id":"https:\/\/jucarii-lemn-online.ro\/produs\/set-15-oua-natur-din-lemn-cu-imperfectiuni\/","url":"https:\/\/jucarii-lemn-online.ro\/produs\/set-15-oua-natur-din-lemn-cu-imperfectiuni\/","name":"15 ou\u0103 natur din lemn (cu varia\u021bii de culoare \u0219i fibr\u0103 vizibil\u0103 pe suprafa\u021b\u0103) - Juc\u0103rii din lemn fabricate \u00een Rom\u00e2nia!","isPartOf":{"@id":"https:\/\/jucarii-lemn-online.ro\/#website"},"primaryImageOfPage":{"@id":"https:\/\/jucarii-lemn-online.ro\/produs\/set-15-oua-natur-din-lemn-cu-imperfectiuni\/#primaryimage"},"image":{"@id":"https:\/\/jucarii-lemn-online.ro\/produs\/set-15-oua-natur-din-lemn-cu-imperfectiuni\/#primaryimage"},"thumbnailUrl":"https:\/\/jucarii-lemn-online.ro\/wp-content\/uploads\/2026\/02\/file_00000000410c720aaa2869b2ac4c0698.png","datePublished":"2024-03-10T17:00:36+00:00","dateModified":"2026-03-30T07:19:30+00:00","description":"Ou\u0103 din lemn natur cu imperfec\u021biuni naturale specifice materialului (varia\u021bii de culoare, dungi sau pete). Ideale pentru personalizare creativ\u0103 \u2013 vopsire \u00een culori mai \u00eenchise sau decorare prin decupaj.","breadcrumb":{"@id":"https:\/\/jucarii-lemn-online.ro\/produs\/set-15-oua-natur-din-lemn-cu-imperfectiuni\/#breadcrumb"},"inLanguage":"en-US","potentialAction":[{"@type":"ReadAction","target":["https:\/\/jucarii-lemn-online.ro\/produs\/set-15-oua-natur-din-lemn-cu-imperfectiuni\/"]}]},{"@type":"ImageObject","inLanguage":"en-US","@id":"https:\/\/jucarii-lemn-online.ro\/produs\/set-15-oua-natur-din-lemn-cu-imperfectiuni\/#primaryimage","url":"https:\/\/jucarii-lemn-online.ro\/wp-content\/uploads\/2026\/02\/file_00000000410c720aaa2869b2ac4c0698.png","contentUrl":"https:\/\/jucarii-lemn-online.ro\/wp-content\/uploads\/2026\/02\/file_00000000410c720aaa2869b2ac4c0698.png","width":1536,"height":1024},{"@type":"BreadcrumbList","@id":"https:\/\/jucarii-lemn-online.ro\/produs\/set-15-oua-natur-din-lemn-cu-imperfectiuni\/#breadcrumb","itemListElement":[{"@type":"ListItem","position":1,"name":"Prima pagin\u0103","item":"https:\/\/jucarii-lemn-online.ro\/en\/"},{"@type":"ListItem","position":2,"name":"Shop","item":"https:\/\/jucarii-lemn-online.ro\/en\/shop-2\/"},{"@type":"ListItem","position":3,"name":"15 ou\u0103 natur din lemn (cu varia\u021bii de culoare \u0219i fibr\u0103 vizibil\u0103 pe suprafa\u021b\u0103)"}]},{"@type":"WebSite","@id":"https:\/\/jucarii-lemn-online.ro\/#website","url":"https:\/\/jucarii-lemn-online.ro\/","name":"Juc\u0103rii din lemn fabricate \u00een Rom\u00e2nia!","description":"Juc\u0103rii din lemn fabricate \u00een Rom\u00e2nia!","potentialAction":[{"@type":"SearchAction","target":{"@type":"EntryPoint","urlTemplate":"https:\/\/jucarii-lemn-online.ro\/?s={search_term_string}"},"query-input":{"@type":"PropertyValueSpecification","valueRequired":true,"valueName":"search_term_string"}}],"inLanguage":"en-US"}]}},"_links":{"self":[{"href":"https:\/\/jucarii-lemn-online.ro\/en\/wp-json\/wp\/v2\/product\/4606","targetHints":{"allow":["GET"]}}],"collection":[{"href":"https:\/\/jucarii-lemn-online.ro\/en\/wp-json\/wp\/v2\/product"}],"about":[{"href":"https:\/\/jucarii-lemn-online.ro\/en\/wp-json\/wp\/v2\/types\/product"}],"wp:featuredmedia":[{"embeddable":true,"href":"https:\/\/jucarii-lemn-online.ro\/en\/wp-json\/wp\/v2\/media\/5545"}],"wp:attachment":[{"href":"https:\/\/jucarii-lemn-online.ro\/en\/wp-json\/wp\/v2\/media?parent=4606"}],"wp:term":[{"taxonomy":"product_brand","embeddable":true,"href":"https:\/\/jucarii-lemn-online.ro\/en\/wp-json\/wp\/v2\/product_brand?post=4606"},{"taxonomy":"product_cat","embeddable":true,"href":"https:\/\/jucarii-lemn-online.ro\/en\/wp-json\/wp\/v2\/product_cat?post=4606"},{"taxonomy":"product_tag","embeddable":true,"href":"https:\/\/jucarii-lemn-online.ro\/en\/wp-json\/wp\/v2\/product_tag?post=4606"}],"curies":[{"name":"wp","href":"https:\/\/api.w.org\/{rel}","templated":true}]}}