{"id":4599,"date":"2024-02-28T12:05:06","date_gmt":"2024-02-28T10:05:06","guid":{"rendered":"https:\/\/jucarii-lemn-online.ro\/?post_type=product&#038;p=4599"},"modified":"2025-10-30T19:30:02","modified_gmt":"2025-10-30T17:30:02","slug":"animalute-cu-roti-pisicuta","status":"publish","type":"product","link":"https:\/\/jucarii-lemn-online.ro\/en\/produs\/animalute-cu-roti-pisicuta\/","title":{"rendered":"Animalute cu roti &#8211; Pisicuta"},"content":{"rendered":"<p>Marime: 10 x 5 x 11.5 cm<\/p>\n<p>O simpatica jucarie din lemn, cu roti, ce ofera copilului posibilitatea sa isi experimenteze creativitatea colorand jucaria in mod propriu, original.<\/p>\n<p>Fabricat\u0103 \u00een Rom\u00e2nia.<\/p>\n","protected":false},"excerpt":{"rendered":"<p><strong>Marime: 10 x 5 x 11.5 cm O simpatica jucarie din lemn, cu roti, ce ofera copilului posibilitatea sa isi experimenteze creativitatea colorand jucaria in mod propriu, original. Fabricat\u0103 \u00een Rom\u00e2nia.\u00a0<\/strong><\/p>\n","protected":false},"featured_media":4586,"template":"","meta":[],"product_brand":[],"product_cat":[117],"product_tag":[147,194],"class_list":{"0":"post-4599","1":"product","2":"type-product","3":"status-publish","4":"has-post-thumbnail","6":"product_cat-jucarii-woodentoys","7":"product_tag-animalute-roti","8":"product_tag-pisica","10":"first","11":"instock","12":"shipping-taxable","13":"purchasable","14":"product-type-simple"},"yoast_head":"<!-- This site is optimized with the Yoast SEO plugin v24.5 - https:\/\/yoast.com\/wordpress\/plugins\/seo\/ -->\n<title>Animalute cu roti - Pisicuta - Juc\u0103rii din lemn fabricate \u00een Rom\u00e2nia!<\/title>\n<meta name=\"description\" content=\"Marime: 10 x 5 x 11.5 cm O simpatica jucarie din lemn, cu roti, ce ofera copilului posibilitatea sa isi experimenteze creativitatea colorand jucaria in mod propriu, original. Fabricat\u0103 \u00een Rom\u00e2nia.\" \/>\n<meta name=\"robots\" content=\"index, follow, max-snippet:-1, max-image-preview:large, max-video-preview:-1\" \/>\n<link rel=\"canonical\" href=\"https:\/\/jucarii-lemn-online.ro\/produs\/animalute-cu-roti-pisicuta\/\" \/>\n<meta property=\"og:locale\" content=\"en_US\" \/>\n<meta property=\"og:type\" content=\"article\" \/>\n<meta property=\"og:title\" content=\"Animalute cu roti - Pisicuta - Juc\u0103rii din lemn fabricate \u00een Rom\u00e2nia!\" \/>\n<meta property=\"og:description\" content=\"Marime: 10 x 5 x 11.5 cm O simpatica jucarie din lemn, cu roti, ce ofera copilului posibilitatea sa isi experimenteze creativitatea colorand jucaria in mod propriu, original. Fabricat\u0103 \u00een Rom\u00e2nia.\" \/>\n<meta property=\"og:url\" content=\"https:\/\/jucarii-lemn-online.ro\/produs\/animalute-cu-roti-pisicuta\/\" \/>\n<meta property=\"og:site_name\" content=\"Juc\u0103rii din lemn fabricate \u00een Rom\u00e2nia!\" \/>\n<meta property=\"article:modified_time\" content=\"2025-10-30T17:30:02+00:00\" \/>\n<meta property=\"og:image\" content=\"https:\/\/jucarii-lemn-online.ro\/wp-content\/uploads\/2024\/02\/92_fa1d7845_2.jpg\" \/>\n\t<meta property=\"og:image:width\" content=\"600\" \/>\n\t<meta property=\"og:image:height\" content=\"450\" \/>\n\t<meta property=\"og:image:type\" content=\"image\/jpeg\" \/>\n<meta name=\"twitter:card\" content=\"summary_large_image\" \/>\n<meta name=\"twitter:label1\" content=\"Est. reading time\" \/>\n\t<meta name=\"twitter:data1\" content=\"1 minute\" \/>\n<script type=\"application\/ld+json\" class=\"yoast-schema-graph\">{\"@context\":\"https:\/\/schema.org\",\"@graph\":[{\"@type\":\"WebPage\",\"@id\":\"https:\/\/jucarii-lemn-online.ro\/produs\/animalute-cu-roti-pisicuta\/\",\"url\":\"https:\/\/jucarii-lemn-online.ro\/produs\/animalute-cu-roti-pisicuta\/\",\"name\":\"Animalute cu roti - Pisicuta - Juc\u0103rii din lemn fabricate \u00een Rom\u00e2nia!\",\"isPartOf\":{\"@id\":\"https:\/\/jucarii-lemn-online.ro\/#website\"},\"primaryImageOfPage\":{\"@id\":\"https:\/\/jucarii-lemn-online.ro\/produs\/animalute-cu-roti-pisicuta\/#primaryimage\"},\"image\":{\"@id\":\"https:\/\/jucarii-lemn-online.ro\/produs\/animalute-cu-roti-pisicuta\/#primaryimage\"},\"thumbnailUrl\":\"https:\/\/jucarii-lemn-online.ro\/wp-content\/uploads\/2024\/02\/92_fa1d7845_2.jpg\",\"datePublished\":\"2024-02-28T10:05:06+00:00\",\"dateModified\":\"2025-10-30T17:30:02+00:00\",\"description\":\"Marime: 10 x 5 x 11.5 cm O simpatica jucarie din lemn, cu roti, ce ofera copilului posibilitatea sa isi experimenteze creativitatea colorand jucaria in mod propriu, original. Fabricat\u0103 \u00een Rom\u00e2nia.\",\"breadcrumb\":{\"@id\":\"https:\/\/jucarii-lemn-online.ro\/produs\/animalute-cu-roti-pisicuta\/#breadcrumb\"},\"inLanguage\":\"en-US\",\"potentialAction\":[{\"@type\":\"ReadAction\",\"target\":[\"https:\/\/jucarii-lemn-online.ro\/produs\/animalute-cu-roti-pisicuta\/\"]}]},{\"@type\":\"ImageObject\",\"inLanguage\":\"en-US\",\"@id\":\"https:\/\/jucarii-lemn-online.ro\/produs\/animalute-cu-roti-pisicuta\/#primaryimage\",\"url\":\"https:\/\/jucarii-lemn-online.ro\/wp-content\/uploads\/2024\/02\/92_fa1d7845_2.jpg\",\"contentUrl\":\"https:\/\/jucarii-lemn-online.ro\/wp-content\/uploads\/2024\/02\/92_fa1d7845_2.jpg\",\"width\":600,\"height\":450},{\"@type\":\"BreadcrumbList\",\"@id\":\"https:\/\/jucarii-lemn-online.ro\/produs\/animalute-cu-roti-pisicuta\/#breadcrumb\",\"itemListElement\":[{\"@type\":\"ListItem\",\"position\":1,\"name\":\"Prima pagin\u0103\",\"item\":\"https:\/\/jucarii-lemn-online.ro\/en\/\"},{\"@type\":\"ListItem\",\"position\":2,\"name\":\"Shop\",\"item\":\"https:\/\/jucarii-lemn-online.ro\/en\/shop-2\/\"},{\"@type\":\"ListItem\",\"position\":3,\"name\":\"Animalute cu roti &#8211; Pisicuta\"}]},{\"@type\":\"WebSite\",\"@id\":\"https:\/\/jucarii-lemn-online.ro\/#website\",\"url\":\"https:\/\/jucarii-lemn-online.ro\/\",\"name\":\"Juc\u0103rii din lemn fabricate \u00een Rom\u00e2nia!\",\"description\":\"Juc\u0103rii din lemn fabricate \u00een Rom\u00e2nia!\",\"potentialAction\":[{\"@type\":\"SearchAction\",\"target\":{\"@type\":\"EntryPoint\",\"urlTemplate\":\"https:\/\/jucarii-lemn-online.ro\/?s={search_term_string}\"},\"query-input\":{\"@type\":\"PropertyValueSpecification\",\"valueRequired\":true,\"valueName\":\"search_term_string\"}}],\"inLanguage\":\"en-US\"}]}<\/script>\n<!-- \/ Yoast SEO plugin. -->","yoast_head_json":{"title":"Animalute cu roti - Pisicuta - Juc\u0103rii din lemn fabricate \u00een Rom\u00e2nia!","description":"Marime: 10 x 5 x 11.5 cm O simpatica jucarie din lemn, cu roti, ce ofera copilului posibilitatea sa isi experimenteze creativitatea colorand jucaria in mod propriu, original. Fabricat\u0103 \u00een Rom\u00e2nia.","robots":{"index":"index","follow":"follow","max-snippet":"max-snippet:-1","max-image-preview":"max-image-preview:large","max-video-preview":"max-video-preview:-1"},"canonical":"https:\/\/jucarii-lemn-online.ro\/produs\/animalute-cu-roti-pisicuta\/","og_locale":"en_US","og_type":"article","og_title":"Animalute cu roti - Pisicuta - Juc\u0103rii din lemn fabricate \u00een Rom\u00e2nia!","og_description":"Marime: 10 x 5 x 11.5 cm O simpatica jucarie din lemn, cu roti, ce ofera copilului posibilitatea sa isi experimenteze creativitatea colorand jucaria in mod propriu, original. Fabricat\u0103 \u00een Rom\u00e2nia.","og_url":"https:\/\/jucarii-lemn-online.ro\/produs\/animalute-cu-roti-pisicuta\/","og_site_name":"Juc\u0103rii din lemn fabricate \u00een Rom\u00e2nia!","article_modified_time":"2025-10-30T17:30:02+00:00","og_image":[{"width":600,"height":450,"url":"https:\/\/jucarii-lemn-online.ro\/wp-content\/uploads\/2024\/02\/92_fa1d7845_2.jpg","type":"image\/jpeg"}],"twitter_card":"summary_large_image","twitter_misc":{"Est. reading time":"1 minute"},"schema":{"@context":"https:\/\/schema.org","@graph":[{"@type":"WebPage","@id":"https:\/\/jucarii-lemn-online.ro\/produs\/animalute-cu-roti-pisicuta\/","url":"https:\/\/jucarii-lemn-online.ro\/produs\/animalute-cu-roti-pisicuta\/","name":"Animalute cu roti - Pisicuta - Juc\u0103rii din lemn fabricate \u00een Rom\u00e2nia!","isPartOf":{"@id":"https:\/\/jucarii-lemn-online.ro\/#website"},"primaryImageOfPage":{"@id":"https:\/\/jucarii-lemn-online.ro\/produs\/animalute-cu-roti-pisicuta\/#primaryimage"},"image":{"@id":"https:\/\/jucarii-lemn-online.ro\/produs\/animalute-cu-roti-pisicuta\/#primaryimage"},"thumbnailUrl":"https:\/\/jucarii-lemn-online.ro\/wp-content\/uploads\/2024\/02\/92_fa1d7845_2.jpg","datePublished":"2024-02-28T10:05:06+00:00","dateModified":"2025-10-30T17:30:02+00:00","description":"Marime: 10 x 5 x 11.5 cm O simpatica jucarie din lemn, cu roti, ce ofera copilului posibilitatea sa isi experimenteze creativitatea colorand jucaria in mod propriu, original. Fabricat\u0103 \u00een Rom\u00e2nia.","breadcrumb":{"@id":"https:\/\/jucarii-lemn-online.ro\/produs\/animalute-cu-roti-pisicuta\/#breadcrumb"},"inLanguage":"en-US","potentialAction":[{"@type":"ReadAction","target":["https:\/\/jucarii-lemn-online.ro\/produs\/animalute-cu-roti-pisicuta\/"]}]},{"@type":"ImageObject","inLanguage":"en-US","@id":"https:\/\/jucarii-lemn-online.ro\/produs\/animalute-cu-roti-pisicuta\/#primaryimage","url":"https:\/\/jucarii-lemn-online.ro\/wp-content\/uploads\/2024\/02\/92_fa1d7845_2.jpg","contentUrl":"https:\/\/jucarii-lemn-online.ro\/wp-content\/uploads\/2024\/02\/92_fa1d7845_2.jpg","width":600,"height":450},{"@type":"BreadcrumbList","@id":"https:\/\/jucarii-lemn-online.ro\/produs\/animalute-cu-roti-pisicuta\/#breadcrumb","itemListElement":[{"@type":"ListItem","position":1,"name":"Prima pagin\u0103","item":"https:\/\/jucarii-lemn-online.ro\/en\/"},{"@type":"ListItem","position":2,"name":"Shop","item":"https:\/\/jucarii-lemn-online.ro\/en\/shop-2\/"},{"@type":"ListItem","position":3,"name":"Animalute cu roti &#8211; Pisicuta"}]},{"@type":"WebSite","@id":"https:\/\/jucarii-lemn-online.ro\/#website","url":"https:\/\/jucarii-lemn-online.ro\/","name":"Juc\u0103rii din lemn fabricate \u00een Rom\u00e2nia!","description":"Juc\u0103rii din lemn fabricate \u00een Rom\u00e2nia!","potentialAction":[{"@type":"SearchAction","target":{"@type":"EntryPoint","urlTemplate":"https:\/\/jucarii-lemn-online.ro\/?s={search_term_string}"},"query-input":{"@type":"PropertyValueSpecification","valueRequired":true,"valueName":"search_term_string"}}],"inLanguage":"en-US"}]}},"_links":{"self":[{"href":"https:\/\/jucarii-lemn-online.ro\/en\/wp-json\/wp\/v2\/product\/4599","targetHints":{"allow":["GET"]}}],"collection":[{"href":"https:\/\/jucarii-lemn-online.ro\/en\/wp-json\/wp\/v2\/product"}],"about":[{"href":"https:\/\/jucarii-lemn-online.ro\/en\/wp-json\/wp\/v2\/types\/product"}],"wp:featuredmedia":[{"embeddable":true,"href":"https:\/\/jucarii-lemn-online.ro\/en\/wp-json\/wp\/v2\/media\/4586"}],"wp:attachment":[{"href":"https:\/\/jucarii-lemn-online.ro\/en\/wp-json\/wp\/v2\/media?parent=4599"}],"wp:term":[{"taxonomy":"product_brand","embeddable":true,"href":"https:\/\/jucarii-lemn-online.ro\/en\/wp-json\/wp\/v2\/product_brand?post=4599"},{"taxonomy":"product_cat","embeddable":true,"href":"https:\/\/jucarii-lemn-online.ro\/en\/wp-json\/wp\/v2\/product_cat?post=4599"},{"taxonomy":"product_tag","embeddable":true,"href":"https:\/\/jucarii-lemn-online.ro\/en\/wp-json\/wp\/v2\/product_tag?post=4599"}],"curies":[{"name":"wp","href":"https:\/\/api.w.org\/{rel}","templated":true}]}}