{"id":4577,"date":"2024-02-25T20:45:20","date_gmt":"2024-02-25T18:45:20","guid":{"rendered":"https:\/\/jucarii-lemn-online.ro\/?post_type=product&#038;p=4577"},"modified":"2026-05-01T11:48:05","modified_gmt":"2026-05-01T09:48:05","slug":"ciuperca-rosie-spargator-de-nuci","status":"publish","type":"product","link":"https:\/\/jucarii-lemn-online.ro\/en\/produs\/ciuperca-rosie-spargator-de-nuci\/","title":{"rendered":"Spargator de nuci &#8211; ciuperca rosie"},"content":{"rendered":"<p>Marime:<\/p>\n<p>Inaltime: aprox 9 cm<\/p>\n<p>Diametru 6 cm<\/p>\n<p>Pentru educatia si activitati montessori, decor sau in bucatarie.<\/p>\n","protected":false},"excerpt":{"rendered":"<p>Marime:<\/p>\n<p>Inaltime: aprox 9 cm<\/p>\n<p>Diametru 6 cm<\/p>\n<p>Pentru educatia si activitati montessori, decor sau in bucatarie.<\/p>\n","protected":false},"featured_media":4579,"template":"","meta":[],"product_brand":[],"product_cat":[117,253],"product_tag":[95,242],"class_list":{"0":"post-4577","1":"product","2":"type-product","3":"status-publish","4":"has-post-thumbnail","6":"product_cat-jucarii-woodentoys","7":"product_cat-minus-50","8":"product_tag-montessori","9":"product_tag-spargator-nuci","11":"first","12":"instock","13":"sale","14":"shipping-taxable","15":"purchasable","16":"product-type-simple"},"yoast_head":"<!-- This site is optimized with the Yoast SEO plugin v24.5 - https:\/\/yoast.com\/wordpress\/plugins\/seo\/ -->\n<title>Spargator de nuci - ciuperca rosie - Juc\u0103rii din lemn fabricate \u00een Rom\u00e2nia!<\/title>\n<meta name=\"description\" content=\"Marime:Inaltime: aprox 9 cmDiametru 6 cmPentru educatia si activitati montessori, decor sau in bucatarie.\" \/>\n<meta name=\"robots\" content=\"index, follow, max-snippet:-1, max-image-preview:large, max-video-preview:-1\" \/>\n<link rel=\"canonical\" href=\"https:\/\/jucarii-lemn-online.ro\/produs\/ciuperca-rosie-spargator-de-nuci\/\" \/>\n<meta property=\"og:locale\" content=\"en_US\" \/>\n<meta property=\"og:type\" content=\"article\" \/>\n<meta property=\"og:title\" content=\"Spargator de nuci - ciuperca rosie - Juc\u0103rii din lemn fabricate \u00een Rom\u00e2nia!\" \/>\n<meta property=\"og:description\" content=\"Marime:Inaltime: aprox 9 cmDiametru 6 cmPentru educatia si activitati montessori, decor sau in bucatarie.\" \/>\n<meta property=\"og:url\" content=\"https:\/\/jucarii-lemn-online.ro\/produs\/ciuperca-rosie-spargator-de-nuci\/\" \/>\n<meta property=\"og:site_name\" content=\"Juc\u0103rii din lemn fabricate \u00een Rom\u00e2nia!\" \/>\n<meta property=\"article:modified_time\" content=\"2026-05-01T09:48:05+00:00\" \/>\n<meta property=\"og:image\" content=\"https:\/\/jucarii-lemn-online.ro\/wp-content\/uploads\/2024\/02\/IMG_20240225_205711.png\" \/>\n\t<meta property=\"og:image:width\" content=\"1102\" \/>\n\t<meta property=\"og:image:height\" content=\"827\" \/>\n\t<meta property=\"og:image:type\" content=\"image\/png\" \/>\n<meta name=\"twitter:card\" content=\"summary_large_image\" \/>\n<meta name=\"twitter:label1\" content=\"Est. reading time\" \/>\n\t<meta name=\"twitter:data1\" content=\"1 minute\" \/>\n<script type=\"application\/ld+json\" class=\"yoast-schema-graph\">{\"@context\":\"https:\/\/schema.org\",\"@graph\":[{\"@type\":\"WebPage\",\"@id\":\"https:\/\/jucarii-lemn-online.ro\/produs\/ciuperca-rosie-spargator-de-nuci\/\",\"url\":\"https:\/\/jucarii-lemn-online.ro\/produs\/ciuperca-rosie-spargator-de-nuci\/\",\"name\":\"Spargator de nuci - ciuperca rosie - Juc\u0103rii din lemn fabricate \u00een Rom\u00e2nia!\",\"isPartOf\":{\"@id\":\"https:\/\/jucarii-lemn-online.ro\/#website\"},\"primaryImageOfPage\":{\"@id\":\"https:\/\/jucarii-lemn-online.ro\/produs\/ciuperca-rosie-spargator-de-nuci\/#primaryimage\"},\"image\":{\"@id\":\"https:\/\/jucarii-lemn-online.ro\/produs\/ciuperca-rosie-spargator-de-nuci\/#primaryimage\"},\"thumbnailUrl\":\"https:\/\/jucarii-lemn-online.ro\/wp-content\/uploads\/2024\/02\/IMG_20240225_205711.png\",\"datePublished\":\"2024-02-25T18:45:20+00:00\",\"dateModified\":\"2026-05-01T09:48:05+00:00\",\"description\":\"Marime:Inaltime: aprox 9 cmDiametru 6 cmPentru educatia si activitati montessori, decor sau in bucatarie.\",\"breadcrumb\":{\"@id\":\"https:\/\/jucarii-lemn-online.ro\/produs\/ciuperca-rosie-spargator-de-nuci\/#breadcrumb\"},\"inLanguage\":\"en-US\",\"potentialAction\":[{\"@type\":\"ReadAction\",\"target\":[\"https:\/\/jucarii-lemn-online.ro\/produs\/ciuperca-rosie-spargator-de-nuci\/\"]}]},{\"@type\":\"ImageObject\",\"inLanguage\":\"en-US\",\"@id\":\"https:\/\/jucarii-lemn-online.ro\/produs\/ciuperca-rosie-spargator-de-nuci\/#primaryimage\",\"url\":\"https:\/\/jucarii-lemn-online.ro\/wp-content\/uploads\/2024\/02\/IMG_20240225_205711.png\",\"contentUrl\":\"https:\/\/jucarii-lemn-online.ro\/wp-content\/uploads\/2024\/02\/IMG_20240225_205711.png\",\"width\":1102,\"height\":827},{\"@type\":\"BreadcrumbList\",\"@id\":\"https:\/\/jucarii-lemn-online.ro\/produs\/ciuperca-rosie-spargator-de-nuci\/#breadcrumb\",\"itemListElement\":[{\"@type\":\"ListItem\",\"position\":1,\"name\":\"Prima pagin\u0103\",\"item\":\"https:\/\/jucarii-lemn-online.ro\/en\/\"},{\"@type\":\"ListItem\",\"position\":2,\"name\":\"Shop\",\"item\":\"https:\/\/jucarii-lemn-online.ro\/en\/shop-2\/\"},{\"@type\":\"ListItem\",\"position\":3,\"name\":\"Spargator de nuci &#8211; ciuperca rosie\"}]},{\"@type\":\"WebSite\",\"@id\":\"https:\/\/jucarii-lemn-online.ro\/#website\",\"url\":\"https:\/\/jucarii-lemn-online.ro\/\",\"name\":\"Juc\u0103rii din lemn fabricate \u00een Rom\u00e2nia!\",\"description\":\"Juc\u0103rii din lemn fabricate \u00een Rom\u00e2nia!\",\"potentialAction\":[{\"@type\":\"SearchAction\",\"target\":{\"@type\":\"EntryPoint\",\"urlTemplate\":\"https:\/\/jucarii-lemn-online.ro\/?s={search_term_string}\"},\"query-input\":{\"@type\":\"PropertyValueSpecification\",\"valueRequired\":true,\"valueName\":\"search_term_string\"}}],\"inLanguage\":\"en-US\"}]}<\/script>\n<!-- \/ Yoast SEO plugin. -->","yoast_head_json":{"title":"Spargator de nuci - ciuperca rosie - Juc\u0103rii din lemn fabricate \u00een Rom\u00e2nia!","description":"Marime:Inaltime: aprox 9 cmDiametru 6 cmPentru educatia si activitati montessori, decor sau in bucatarie.","robots":{"index":"index","follow":"follow","max-snippet":"max-snippet:-1","max-image-preview":"max-image-preview:large","max-video-preview":"max-video-preview:-1"},"canonical":"https:\/\/jucarii-lemn-online.ro\/produs\/ciuperca-rosie-spargator-de-nuci\/","og_locale":"en_US","og_type":"article","og_title":"Spargator de nuci - ciuperca rosie - Juc\u0103rii din lemn fabricate \u00een Rom\u00e2nia!","og_description":"Marime:Inaltime: aprox 9 cmDiametru 6 cmPentru educatia si activitati montessori, decor sau in bucatarie.","og_url":"https:\/\/jucarii-lemn-online.ro\/produs\/ciuperca-rosie-spargator-de-nuci\/","og_site_name":"Juc\u0103rii din lemn fabricate \u00een Rom\u00e2nia!","article_modified_time":"2026-05-01T09:48:05+00:00","og_image":[{"width":1102,"height":827,"url":"https:\/\/jucarii-lemn-online.ro\/wp-content\/uploads\/2024\/02\/IMG_20240225_205711.png","type":"image\/png"}],"twitter_card":"summary_large_image","twitter_misc":{"Est. reading time":"1 minute"},"schema":{"@context":"https:\/\/schema.org","@graph":[{"@type":"WebPage","@id":"https:\/\/jucarii-lemn-online.ro\/produs\/ciuperca-rosie-spargator-de-nuci\/","url":"https:\/\/jucarii-lemn-online.ro\/produs\/ciuperca-rosie-spargator-de-nuci\/","name":"Spargator de nuci - ciuperca rosie - Juc\u0103rii din lemn fabricate \u00een Rom\u00e2nia!","isPartOf":{"@id":"https:\/\/jucarii-lemn-online.ro\/#website"},"primaryImageOfPage":{"@id":"https:\/\/jucarii-lemn-online.ro\/produs\/ciuperca-rosie-spargator-de-nuci\/#primaryimage"},"image":{"@id":"https:\/\/jucarii-lemn-online.ro\/produs\/ciuperca-rosie-spargator-de-nuci\/#primaryimage"},"thumbnailUrl":"https:\/\/jucarii-lemn-online.ro\/wp-content\/uploads\/2024\/02\/IMG_20240225_205711.png","datePublished":"2024-02-25T18:45:20+00:00","dateModified":"2026-05-01T09:48:05+00:00","description":"Marime:Inaltime: aprox 9 cmDiametru 6 cmPentru educatia si activitati montessori, decor sau in bucatarie.","breadcrumb":{"@id":"https:\/\/jucarii-lemn-online.ro\/produs\/ciuperca-rosie-spargator-de-nuci\/#breadcrumb"},"inLanguage":"en-US","potentialAction":[{"@type":"ReadAction","target":["https:\/\/jucarii-lemn-online.ro\/produs\/ciuperca-rosie-spargator-de-nuci\/"]}]},{"@type":"ImageObject","inLanguage":"en-US","@id":"https:\/\/jucarii-lemn-online.ro\/produs\/ciuperca-rosie-spargator-de-nuci\/#primaryimage","url":"https:\/\/jucarii-lemn-online.ro\/wp-content\/uploads\/2024\/02\/IMG_20240225_205711.png","contentUrl":"https:\/\/jucarii-lemn-online.ro\/wp-content\/uploads\/2024\/02\/IMG_20240225_205711.png","width":1102,"height":827},{"@type":"BreadcrumbList","@id":"https:\/\/jucarii-lemn-online.ro\/produs\/ciuperca-rosie-spargator-de-nuci\/#breadcrumb","itemListElement":[{"@type":"ListItem","position":1,"name":"Prima pagin\u0103","item":"https:\/\/jucarii-lemn-online.ro\/en\/"},{"@type":"ListItem","position":2,"name":"Shop","item":"https:\/\/jucarii-lemn-online.ro\/en\/shop-2\/"},{"@type":"ListItem","position":3,"name":"Spargator de nuci &#8211; ciuperca rosie"}]},{"@type":"WebSite","@id":"https:\/\/jucarii-lemn-online.ro\/#website","url":"https:\/\/jucarii-lemn-online.ro\/","name":"Juc\u0103rii din lemn fabricate \u00een Rom\u00e2nia!","description":"Juc\u0103rii din lemn fabricate \u00een Rom\u00e2nia!","potentialAction":[{"@type":"SearchAction","target":{"@type":"EntryPoint","urlTemplate":"https:\/\/jucarii-lemn-online.ro\/?s={search_term_string}"},"query-input":{"@type":"PropertyValueSpecification","valueRequired":true,"valueName":"search_term_string"}}],"inLanguage":"en-US"}]}},"_links":{"self":[{"href":"https:\/\/jucarii-lemn-online.ro\/en\/wp-json\/wp\/v2\/product\/4577","targetHints":{"allow":["GET"]}}],"collection":[{"href":"https:\/\/jucarii-lemn-online.ro\/en\/wp-json\/wp\/v2\/product"}],"about":[{"href":"https:\/\/jucarii-lemn-online.ro\/en\/wp-json\/wp\/v2\/types\/product"}],"wp:featuredmedia":[{"embeddable":true,"href":"https:\/\/jucarii-lemn-online.ro\/en\/wp-json\/wp\/v2\/media\/4579"}],"wp:attachment":[{"href":"https:\/\/jucarii-lemn-online.ro\/en\/wp-json\/wp\/v2\/media?parent=4577"}],"wp:term":[{"taxonomy":"product_brand","embeddable":true,"href":"https:\/\/jucarii-lemn-online.ro\/en\/wp-json\/wp\/v2\/product_brand?post=4577"},{"taxonomy":"product_cat","embeddable":true,"href":"https:\/\/jucarii-lemn-online.ro\/en\/wp-json\/wp\/v2\/product_cat?post=4577"},{"taxonomy":"product_tag","embeddable":true,"href":"https:\/\/jucarii-lemn-online.ro\/en\/wp-json\/wp\/v2\/product_tag?post=4577"}],"curies":[{"name":"wp","href":"https:\/\/api.w.org\/{rel}","templated":true}]}}