{"id":4541,"date":"2024-02-11T15:37:07","date_gmt":"2024-02-11T13:37:07","guid":{"rendered":"https:\/\/jucarii-lemn-online.ro\/?post_type=product&#038;p=4541"},"modified":"2025-12-07T13:07:27","modified_gmt":"2025-12-07T11:07:27","slug":"baza-lemn-pentru-cusut-fluture","status":"publish","type":"product","link":"https:\/\/jucarii-lemn-online.ro\/en\/produs\/baza-lemn-pentru-cusut-fluture\/","title":{"rendered":"Baz\u0103 lemn pentru brodat &#8211; fluture"},"content":{"rendered":"<p data-start=\"106\" data-end=\"152\"><strong data-start=\"106\" data-end=\"150\">Baz\u0103 perforat\u0103 pentru cusut \u2013 din placaj<\/strong><\/p>\n<p data-start=\"154\" data-end=\"348\">Aceast\u0103 pies\u0103 simpl\u0103 \u0219i versatil\u0103 poate fi folosit\u0103 ca suport pentru crea\u021bii handmade. O po\u021bi transforma cu u\u0219urin\u021b\u0103 \u00een bijuterii unicat, brelocuri sau chiar magne\u021bi de frigider personaliza\u021bi.<\/p>\n<p data-start=\"350\" data-end=\"463\">Produsul este livrat ca blank, f\u0103r\u0103 accesorii suplimentare, nel\u0103cuit \u2013 gata s\u0103 devin\u0103 p\u00e2nza creativit\u0103\u021bii tale.<\/p>\n<p data-start=\"465\" data-end=\"494\">\ud83d\udcd0 <strong data-start=\"468\" data-end=\"483\">Dimensiuni:<\/strong> 5 \u00d7 4 cm<\/p>\n<p>Grosime 3 mm.<\/p>\n","protected":false},"excerpt":{"rendered":"<p data-start=\"106\" data-end=\"152\"><strong data-start=\"106\" data-end=\"150\">Baz\u0103 perforat\u0103 pentru cusut \u2013 din placaj<\/strong><\/p>\n<p data-start=\"154\" data-end=\"348\">Aceast\u0103 pies\u0103 simpl\u0103 \u0219i versatil\u0103 poate fi folosit\u0103 ca suport pentru crea\u021bii handmade. O po\u021bi transforma cu u\u0219urin\u021b\u0103 \u00een bijuterii unicat, brelocuri sau chiar magne\u021bi de frigider personaliza\u021bi.<\/p>\n<p data-start=\"350\" data-end=\"463\">Produsul este livrat ca blank, f\u0103r\u0103 accesorii suplimentare, nel\u0103cuit \u2013 gata s\u0103 devin\u0103 p\u00e2nza creativit\u0103\u021bii tale.<\/p>\n<p data-start=\"465\" data-end=\"494\">\ud83d\udcd0 <strong data-start=\"468\" data-end=\"483\">Dimensiuni:<\/strong> 5 \u00d7 4 cm<\/p>\n","protected":false},"featured_media":4565,"template":"","meta":[],"product_brand":[],"product_cat":[117],"product_tag":[234,235],"class_list":{"0":"post-4541","1":"product","2":"type-product","3":"status-publish","4":"has-post-thumbnail","6":"product_cat-jucarii-woodentoys","7":"product_tag-baza-cusut","8":"product_tag-fluture","10":"first","11":"instock","12":"shipping-taxable","13":"purchasable","14":"product-type-simple"},"yoast_head":"<!-- This site is optimized with the Yoast SEO plugin v24.5 - https:\/\/yoast.com\/wordpress\/plugins\/seo\/ -->\n<title>Baz\u0103 lemn pentru brodat - fluture - Juc\u0103rii din lemn fabricate \u00een Rom\u00e2nia!<\/title>\n<meta name=\"description\" content=\"Baza perforata pentru cusut din placaj .Poate fi transformat in diferite bijuterii, magnet de frigider sau breloc.Blank-ul vine simplu, fara alte componente, nelacuit.\" \/>\n<meta name=\"robots\" content=\"index, follow, max-snippet:-1, max-image-preview:large, max-video-preview:-1\" \/>\n<link rel=\"canonical\" href=\"https:\/\/jucarii-lemn-online.ro\/produs\/baza-lemn-pentru-cusut-fluture\/\" \/>\n<meta property=\"og:locale\" content=\"en_US\" \/>\n<meta property=\"og:type\" content=\"article\" \/>\n<meta property=\"og:title\" content=\"Baz\u0103 lemn pentru brodat - fluture - Juc\u0103rii din lemn fabricate \u00een Rom\u00e2nia!\" \/>\n<meta property=\"og:description\" content=\"Baza perforata pentru cusut din placaj .Poate fi transformat in diferite bijuterii, magnet de frigider sau breloc.Blank-ul vine simplu, fara alte componente, nelacuit.\" \/>\n<meta property=\"og:url\" content=\"https:\/\/jucarii-lemn-online.ro\/produs\/baza-lemn-pentru-cusut-fluture\/\" \/>\n<meta property=\"og:site_name\" content=\"Juc\u0103rii din lemn fabricate \u00een Rom\u00e2nia!\" \/>\n<meta property=\"article:modified_time\" content=\"2025-12-07T11:07:27+00:00\" \/>\n<meta property=\"og:image\" content=\"https:\/\/jucarii-lemn-online.ro\/wp-content\/uploads\/2024\/02\/Polish_20240211_185136929.png\" \/>\n\t<meta property=\"og:image:width\" content=\"1080\" \/>\n\t<meta property=\"og:image:height\" content=\"719\" \/>\n\t<meta property=\"og:image:type\" content=\"image\/png\" \/>\n<meta name=\"twitter:card\" content=\"summary_large_image\" \/>\n<meta name=\"twitter:label1\" content=\"Est. reading time\" \/>\n\t<meta name=\"twitter:data1\" content=\"1 minute\" \/>\n<script type=\"application\/ld+json\" class=\"yoast-schema-graph\">{\"@context\":\"https:\/\/schema.org\",\"@graph\":[{\"@type\":\"WebPage\",\"@id\":\"https:\/\/jucarii-lemn-online.ro\/produs\/baza-lemn-pentru-cusut-fluture\/\",\"url\":\"https:\/\/jucarii-lemn-online.ro\/produs\/baza-lemn-pentru-cusut-fluture\/\",\"name\":\"Baz\u0103 lemn pentru brodat - fluture - Juc\u0103rii din lemn fabricate \u00een Rom\u00e2nia!\",\"isPartOf\":{\"@id\":\"https:\/\/jucarii-lemn-online.ro\/#website\"},\"primaryImageOfPage\":{\"@id\":\"https:\/\/jucarii-lemn-online.ro\/produs\/baza-lemn-pentru-cusut-fluture\/#primaryimage\"},\"image\":{\"@id\":\"https:\/\/jucarii-lemn-online.ro\/produs\/baza-lemn-pentru-cusut-fluture\/#primaryimage\"},\"thumbnailUrl\":\"https:\/\/jucarii-lemn-online.ro\/wp-content\/uploads\/2024\/02\/Polish_20240211_185136929.png\",\"datePublished\":\"2024-02-11T13:37:07+00:00\",\"dateModified\":\"2025-12-07T11:07:27+00:00\",\"description\":\"Baza perforata pentru cusut din placaj .Poate fi transformat in diferite bijuterii, magnet de frigider sau breloc.Blank-ul vine simplu, fara alte componente, nelacuit.\",\"breadcrumb\":{\"@id\":\"https:\/\/jucarii-lemn-online.ro\/produs\/baza-lemn-pentru-cusut-fluture\/#breadcrumb\"},\"inLanguage\":\"en-US\",\"potentialAction\":[{\"@type\":\"ReadAction\",\"target\":[\"https:\/\/jucarii-lemn-online.ro\/produs\/baza-lemn-pentru-cusut-fluture\/\"]}]},{\"@type\":\"ImageObject\",\"inLanguage\":\"en-US\",\"@id\":\"https:\/\/jucarii-lemn-online.ro\/produs\/baza-lemn-pentru-cusut-fluture\/#primaryimage\",\"url\":\"https:\/\/jucarii-lemn-online.ro\/wp-content\/uploads\/2024\/02\/Polish_20240211_185136929.png\",\"contentUrl\":\"https:\/\/jucarii-lemn-online.ro\/wp-content\/uploads\/2024\/02\/Polish_20240211_185136929.png\",\"width\":1080,\"height\":719},{\"@type\":\"BreadcrumbList\",\"@id\":\"https:\/\/jucarii-lemn-online.ro\/produs\/baza-lemn-pentru-cusut-fluture\/#breadcrumb\",\"itemListElement\":[{\"@type\":\"ListItem\",\"position\":1,\"name\":\"Prima pagin\u0103\",\"item\":\"https:\/\/jucarii-lemn-online.ro\/en\/\"},{\"@type\":\"ListItem\",\"position\":2,\"name\":\"Shop\",\"item\":\"https:\/\/jucarii-lemn-online.ro\/en\/shop-2\/\"},{\"@type\":\"ListItem\",\"position\":3,\"name\":\"Baz\u0103 lemn pentru brodat &#8211; fluture\"}]},{\"@type\":\"WebSite\",\"@id\":\"https:\/\/jucarii-lemn-online.ro\/#website\",\"url\":\"https:\/\/jucarii-lemn-online.ro\/\",\"name\":\"Juc\u0103rii din lemn fabricate \u00een Rom\u00e2nia!\",\"description\":\"Juc\u0103rii din lemn fabricate \u00een Rom\u00e2nia!\",\"potentialAction\":[{\"@type\":\"SearchAction\",\"target\":{\"@type\":\"EntryPoint\",\"urlTemplate\":\"https:\/\/jucarii-lemn-online.ro\/?s={search_term_string}\"},\"query-input\":{\"@type\":\"PropertyValueSpecification\",\"valueRequired\":true,\"valueName\":\"search_term_string\"}}],\"inLanguage\":\"en-US\"}]}<\/script>\n<!-- \/ Yoast SEO plugin. -->","yoast_head_json":{"title":"Baz\u0103 lemn pentru brodat - fluture - Juc\u0103rii din lemn fabricate \u00een Rom\u00e2nia!","description":"Baza perforata pentru cusut din placaj .Poate fi transformat in diferite bijuterii, magnet de frigider sau breloc.Blank-ul vine simplu, fara alte componente, nelacuit.","robots":{"index":"index","follow":"follow","max-snippet":"max-snippet:-1","max-image-preview":"max-image-preview:large","max-video-preview":"max-video-preview:-1"},"canonical":"https:\/\/jucarii-lemn-online.ro\/produs\/baza-lemn-pentru-cusut-fluture\/","og_locale":"en_US","og_type":"article","og_title":"Baz\u0103 lemn pentru brodat - fluture - Juc\u0103rii din lemn fabricate \u00een Rom\u00e2nia!","og_description":"Baza perforata pentru cusut din placaj .Poate fi transformat in diferite bijuterii, magnet de frigider sau breloc.Blank-ul vine simplu, fara alte componente, nelacuit.","og_url":"https:\/\/jucarii-lemn-online.ro\/produs\/baza-lemn-pentru-cusut-fluture\/","og_site_name":"Juc\u0103rii din lemn fabricate \u00een Rom\u00e2nia!","article_modified_time":"2025-12-07T11:07:27+00:00","og_image":[{"width":1080,"height":719,"url":"https:\/\/jucarii-lemn-online.ro\/wp-content\/uploads\/2024\/02\/Polish_20240211_185136929.png","type":"image\/png"}],"twitter_card":"summary_large_image","twitter_misc":{"Est. reading time":"1 minute"},"schema":{"@context":"https:\/\/schema.org","@graph":[{"@type":"WebPage","@id":"https:\/\/jucarii-lemn-online.ro\/produs\/baza-lemn-pentru-cusut-fluture\/","url":"https:\/\/jucarii-lemn-online.ro\/produs\/baza-lemn-pentru-cusut-fluture\/","name":"Baz\u0103 lemn pentru brodat - fluture - Juc\u0103rii din lemn fabricate \u00een Rom\u00e2nia!","isPartOf":{"@id":"https:\/\/jucarii-lemn-online.ro\/#website"},"primaryImageOfPage":{"@id":"https:\/\/jucarii-lemn-online.ro\/produs\/baza-lemn-pentru-cusut-fluture\/#primaryimage"},"image":{"@id":"https:\/\/jucarii-lemn-online.ro\/produs\/baza-lemn-pentru-cusut-fluture\/#primaryimage"},"thumbnailUrl":"https:\/\/jucarii-lemn-online.ro\/wp-content\/uploads\/2024\/02\/Polish_20240211_185136929.png","datePublished":"2024-02-11T13:37:07+00:00","dateModified":"2025-12-07T11:07:27+00:00","description":"Baza perforata pentru cusut din placaj .Poate fi transformat in diferite bijuterii, magnet de frigider sau breloc.Blank-ul vine simplu, fara alte componente, nelacuit.","breadcrumb":{"@id":"https:\/\/jucarii-lemn-online.ro\/produs\/baza-lemn-pentru-cusut-fluture\/#breadcrumb"},"inLanguage":"en-US","potentialAction":[{"@type":"ReadAction","target":["https:\/\/jucarii-lemn-online.ro\/produs\/baza-lemn-pentru-cusut-fluture\/"]}]},{"@type":"ImageObject","inLanguage":"en-US","@id":"https:\/\/jucarii-lemn-online.ro\/produs\/baza-lemn-pentru-cusut-fluture\/#primaryimage","url":"https:\/\/jucarii-lemn-online.ro\/wp-content\/uploads\/2024\/02\/Polish_20240211_185136929.png","contentUrl":"https:\/\/jucarii-lemn-online.ro\/wp-content\/uploads\/2024\/02\/Polish_20240211_185136929.png","width":1080,"height":719},{"@type":"BreadcrumbList","@id":"https:\/\/jucarii-lemn-online.ro\/produs\/baza-lemn-pentru-cusut-fluture\/#breadcrumb","itemListElement":[{"@type":"ListItem","position":1,"name":"Prima pagin\u0103","item":"https:\/\/jucarii-lemn-online.ro\/en\/"},{"@type":"ListItem","position":2,"name":"Shop","item":"https:\/\/jucarii-lemn-online.ro\/en\/shop-2\/"},{"@type":"ListItem","position":3,"name":"Baz\u0103 lemn pentru brodat &#8211; fluture"}]},{"@type":"WebSite","@id":"https:\/\/jucarii-lemn-online.ro\/#website","url":"https:\/\/jucarii-lemn-online.ro\/","name":"Juc\u0103rii din lemn fabricate \u00een Rom\u00e2nia!","description":"Juc\u0103rii din lemn fabricate \u00een Rom\u00e2nia!","potentialAction":[{"@type":"SearchAction","target":{"@type":"EntryPoint","urlTemplate":"https:\/\/jucarii-lemn-online.ro\/?s={search_term_string}"},"query-input":{"@type":"PropertyValueSpecification","valueRequired":true,"valueName":"search_term_string"}}],"inLanguage":"en-US"}]}},"_links":{"self":[{"href":"https:\/\/jucarii-lemn-online.ro\/en\/wp-json\/wp\/v2\/product\/4541","targetHints":{"allow":["GET"]}}],"collection":[{"href":"https:\/\/jucarii-lemn-online.ro\/en\/wp-json\/wp\/v2\/product"}],"about":[{"href":"https:\/\/jucarii-lemn-online.ro\/en\/wp-json\/wp\/v2\/types\/product"}],"wp:featuredmedia":[{"embeddable":true,"href":"https:\/\/jucarii-lemn-online.ro\/en\/wp-json\/wp\/v2\/media\/4565"}],"wp:attachment":[{"href":"https:\/\/jucarii-lemn-online.ro\/en\/wp-json\/wp\/v2\/media?parent=4541"}],"wp:term":[{"taxonomy":"product_brand","embeddable":true,"href":"https:\/\/jucarii-lemn-online.ro\/en\/wp-json\/wp\/v2\/product_brand?post=4541"},{"taxonomy":"product_cat","embeddable":true,"href":"https:\/\/jucarii-lemn-online.ro\/en\/wp-json\/wp\/v2\/product_cat?post=4541"},{"taxonomy":"product_tag","embeddable":true,"href":"https:\/\/jucarii-lemn-online.ro\/en\/wp-json\/wp\/v2\/product_tag?post=4541"}],"curies":[{"name":"wp","href":"https:\/\/api.w.org\/{rel}","templated":true}]}}